{"id":1810,"date":"2025-04-11T08:51:09","date_gmt":"2025-04-11T00:51:09","guid":{"rendered":"https:\/\/www.cosmepak.com\/?post_type=product&#038;p=1810"},"modified":"2025-12-30T16:36:17","modified_gmt":"2025-12-30T08:36:17","slug":"soins-de-la-peau-ensemble-bouteille-quartet-essence-pot-jaune","status":"publish","type":"product","link":"https:\/\/www.cosmepak.com\/fr\/product\/skincare-set-bottle-quartet-essence-jar-jaunce\/","title":{"rendered":"Set de soins de la peau Bouteille Quartet Essence Jar\/Jaunce"},"content":{"rendered":"<table style=\"border-collapse: collapse; width: 100%; height: 216px;\">\n<tbody>\n<tr style=\"height: 24px;\">\n<td style=\"width: 40.6929%; height: 216px;\" rowspan=\"9\"><img fetchpriority=\"high\" decoding=\"async\" class=\"alignnone size-full wp-image-1775\" src=\"https:\/\/www.cosmepak.com\/wp-content\/uploads\/2025\/04\/2-5.jpg\" alt=\"flacon de soin\" width=\"1000\" height=\"1000\" srcset=\"https:\/\/www.cosmepak.com\/wp-content\/uploads\/2025\/04\/2-5.jpg 1000w, https:\/\/www.cosmepak.com\/wp-content\/uploads\/2025\/04\/2-5-300x300.jpg 300w, https:\/\/www.cosmepak.com\/wp-content\/uploads\/2025\/04\/2-5-150x150.jpg 150w, https:\/\/www.cosmepak.com\/wp-content\/uploads\/2025\/04\/2-5-768x768.jpg 768w, https:\/\/www.cosmepak.com\/wp-content\/uploads\/2025\/04\/2-5-600x600.jpg 600w, https:\/\/www.cosmepak.com\/wp-content\/uploads\/2025\/04\/2-5-100x100.jpg 100w\" sizes=\"(max-width: 1000px) 100vw, 1000px\" \/><\/td>\n<td style=\"width: 23.5109%; height: 24px; text-align: center;\">Marque<\/td>\n<td style=\"width: 35.7961%; height: 24px; text-align: center;\">\u00a0Jaunce<\/td>\n<\/tr>\n<tr style=\"height: 24px;\">\n<td style=\"width: 23.5109%; height: 24px; text-align: center;\">Capacit\u00e9<\/td>\n<td style=\"width: 35.7961%; height: 24px; text-align: center;\">30ml \/ 50ml \/ 100ml \/ 120ml \/ 50g<\/td>\n<\/tr>\n<tr style=\"height: 24px;\">\n<td style=\"width: 23.5109%; height: 24px; text-align: center;\">Forme<\/td>\n<td style=\"width: 35.7961%; height: 24px; text-align: center;\">Carr\u00e9<\/td>\n<\/tr>\n<tr style=\"height: 24px;\">\n<td style=\"width: 23.5109%; height: 24px; text-align: center;\">Mat\u00e9riel<\/td>\n<td style=\"width: 35.7961%; height: 24px; text-align: center;\">Verre<\/td>\n<\/tr>\n<tr style=\"height: 24px;\">\n<td style=\"width: 23.5109%; height: 24px; text-align: center;\">Mod\u00e8le<\/td>\n<td style=\"width: 35.7961%; height: 24px; text-align: center;\">JH-my50<\/td>\n<\/tr>\n<tr style=\"height: 24px;\">\n<td style=\"width: 23.5109%; height: 24px; text-align: center;\">OEM \/ ODM<\/td>\n<td style=\"width: 35.7961%; height: 24px; text-align: center;\">Accepter<\/td>\n<\/tr>\n<tr style=\"height: 24px;\">\n<td style=\"width: 23.5109%; height: 24px; text-align: center;\">Couleur<\/td>\n<td style=\"width: 35.7961%; height: 24px; text-align: center;\">Toute couleur Parton personnalis\u00e9e<\/td>\n<\/tr>\n<tr style=\"height: 24px;\">\n<td style=\"width: 23.5109%; height: 24px; text-align: center;\">Usage<\/td>\n<td style=\"width: 35.7961%; height: 24px; text-align: center;\">Lotion\/Fondation\/cr\u00e8me etc.<\/td>\n<\/tr>\n<tr style=\"height: 24px;\">\n<td style=\"width: 23.5109%; height: 24px; text-align: center;\">MOQ<\/td>\n<td style=\"width: 35.7961%; height: 24px; text-align: center;\">1000 pc;<\/td>\n<\/tr>\n<\/tbody>\n<\/table>\n<table style=\"border-collapse: collapse; width: 100%; height: 192px;\">\n<tbody>\n<tr style=\"height: 24px;\">\n<td style=\"width: 12.7434%; text-align: center; height: 24px;\"><strong>Capacit\u00e9<\/strong><\/td>\n<td style=\"width: 12.5142%; text-align: center; height: 24px;\"><strong>Hauteur totale<\/strong><\/td>\n<td style=\"width: 12.5002%; text-align: center; height: 24px;\"><strong>Diam\u00e8tre inf\u00e9rieur<\/strong><\/td>\n<td style=\"width: 13.1192%; text-align: center; height: 24px;\"><strong>Hauteur imprimable<\/strong><\/td>\n<\/tr>\n<tr style=\"height: 24px;\">\n<td style=\"width: 12.7434%; text-align: center; height: 24px;\">50g<\/td>\n<td style=\"width: 12.5142%; text-align: center; height: 24px;\">51 mm<\/td>\n<td style=\"width: 12.5002%; text-align: center; height: 24px;\">63 mm<\/td>\n<td style=\"width: 13.1192%; text-align: center; height: 24px;\">22 mm<\/td>\n<\/tr>\n<tr style=\"height: 24px;\">\n<td style=\"width: 12.7434%; text-align: center; height: 24px;\">30 ml<\/td>\n<td style=\"width: 12.5142%; text-align: center; height: 24px;\">81 mm<\/td>\n<td style=\"width: 12.5002%; text-align: center; height: 24px;\">46 mm<\/td>\n<td style=\"width: 13.1192%; text-align: center; height: 24px;\">28 mm<\/td>\n<\/tr>\n<tr style=\"height: 24px;\">\n<td style=\"width: 12.7434%; text-align: center; height: 24px;\">50 ml<\/td>\n<td style=\"width: 12.5142%; text-align: center; height: 24px;\">100 mm<\/td>\n<td style=\"width: 12.5002%; text-align: center; height: 24px;\">46 mm<\/td>\n<td style=\"width: 13.1192%; text-align: center; height: 24px;\">47 mm<\/td>\n<\/tr>\n<tr style=\"height: 24px;\">\n<td style=\"width: 12.7434%; text-align: center; height: 24px;\">100 ml<\/td>\n<td style=\"width: 12.5142%; text-align: center; height: 24px;\">146 mm<\/td>\n<td style=\"width: 12.5002%; text-align: center; height: 24px;\">47 mm<\/td>\n<td style=\"width: 13.1192%; text-align: center; height: 24px;\">94 mm<\/td>\n<\/tr>\n<tr style=\"height: 24px;\">\n<td style=\"width: 12.7434%; text-align: center; height: 24px;\">120 ml<\/td>\n<td style=\"width: 12.5142%; text-align: center; height: 24px;\">155 mm<\/td>\n<td style=\"width: 12.5002%; text-align: center; height: 24px;\">47 mm<\/td>\n<td style=\"width: 13.1192%; text-align: center; height: 24px;\">102 mm<\/td>\n<\/tr>\n<\/tbody>\n<\/table>\n<p>Il s'agit d'un ensemble de bouteilles de cosm\u00e9tique en angle carr\u00e9, sp\u00e9cialement con\u00e7u pour l'emballage de soins de la peau et de maquillage. Le corps de bouteille en verre pr\u00e9sente une couleur jaune d\u00e9grad\u00e9e \u00e9l\u00e9gante, compl\u00e9t\u00e9e par des accessoires blancs et dor\u00e9s (capuchon \/ t\u00eate de pompe), cr\u00e9ant un effet visuel haut de gamme et moderne.<\/p>\n<p>Le jeu de bouteilles carr\u00e9es et arrondies est disponible en diff\u00e9rentes tailles, y compris des bocaux de cr\u00e8me de 50g, des bouteilles de lotion de 30ml, 50ml, 100ml et 120ml. La bouteille est con\u00e7ue avec une forme plate et ronde, et est peinte dans une couleur jaune gradient. La s\u00e9rigraphie personnalis\u00e9e, l'estampage en or et d'autres processus peuvent \u00e9galement \u00eatre appliqu\u00e9s au corps de la bouteille.<\/p>\n<p>La pompe CD interne dor\u00e9e est associ\u00e9e \u00e0 un couvercle ext\u00e9rieur \u00e9lectro-aluminium dor\u00e9. La couleur est lumineuse et plus harmonieuse avec le sch\u00e9ma de couleurs jaune de la bouteille. La bouche filet\u00e9e rend le processus de remplissage plus pratique. La t\u00eate de pompe peut aspirar le liquide avec pr\u00e9cision. Vous pouvez prendre exactement la quantit\u00e9 dont vous avez besoin, sans aucune pollution.<\/p>\n<p class=\"ai-center-markdown-p\">Ce genre de serise Skincare Set, pr\u00e9sentant \u00e9l\u00e9gante bouteille de verre d'angle arrondi carr\u00e9 allant de 30ml \u00e0 120ml, pot 50g. Ces bouteilles sont con\u00e7ues avec une base \u00e9paissie pour une durabilit\u00e9 accrue et une esth\u00e9tique moderne. Le corps de la bouteille pr\u00e9sente une couleur jaune gradient, ajoutant une touche d'\u00e9l\u00e9gance \u00e0 vos produits de soins de la peau.  . Les accessoires sont disponibles en blanc et en or, parfaits pour les lotions, les fondements liquides et les cr\u00e8mes. Cet ensemble offre une application polyvalente pour vos besoins de soins de la peau.<\/p>\n<p class=\"ai-center-markdown-p\" data-spm-anchor-id=\"a2747.product_manager.0.i25.b13471d25n1Drz\">Nous proposons \u00e9galement diverses options de personnalisation : s\u00e9rigraphie, estampage \u00e0 chaud, gla\u00e7age, pulv\u00e9risation et galvanoplastie. Des styles de produits similaires sont disponibles en stock, parfaits pour les lotions, les fondations liquides et les cr\u00e8mes. Cet ensemble offre une application polyvalente pour vos besoins de soins de la peau.<\/p>\n<table style=\"border-collapse: collapse; width: 100%;\">\n<tbody>\n<tr>\n<td style=\"width: 33.3333%;\"><img decoding=\"async\" class=\"alignnone size-full wp-image-3854\" src=\"https:\/\/www.cosmepak.com\/wp-content\/uploads\/2025\/04\/9-4.jpg\" alt=\"\" width=\"1000\" height=\"1000\" srcset=\"https:\/\/www.cosmepak.com\/wp-content\/uploads\/2025\/04\/9-4.jpg 1000w, https:\/\/www.cosmepak.com\/wp-content\/uploads\/2025\/04\/9-4-300x300.jpg 300w, https:\/\/www.cosmepak.com\/wp-content\/uploads\/2025\/04\/9-4-150x150.jpg 150w, https:\/\/www.cosmepak.com\/wp-content\/uploads\/2025\/04\/9-4-768x768.jpg 768w, https:\/\/www.cosmepak.com\/wp-content\/uploads\/2025\/04\/9-4-12x12.jpg 12w, https:\/\/www.cosmepak.com\/wp-content\/uploads\/2025\/04\/9-4-600x600.jpg 600w, https:\/\/www.cosmepak.com\/wp-content\/uploads\/2025\/04\/9-4-100x100.jpg 100w\" sizes=\"(max-width: 1000px) 100vw, 1000px\" \/><\/td>\n<td style=\"width: 33.3333%;\"><img decoding=\"async\" class=\"alignnone size-full wp-image-3855\" src=\"https:\/\/www.cosmepak.com\/wp-content\/uploads\/2025\/04\/8-5.jpg\" alt=\"\" width=\"800\" height=\"800\" srcset=\"https:\/\/www.cosmepak.com\/wp-content\/uploads\/2025\/04\/8-5.jpg 800w, https:\/\/www.cosmepak.com\/wp-content\/uploads\/2025\/04\/8-5-300x300.jpg 300w, https:\/\/www.cosmepak.com\/wp-content\/uploads\/2025\/04\/8-5-150x150.jpg 150w, https:\/\/www.cosmepak.com\/wp-content\/uploads\/2025\/04\/8-5-768x768.jpg 768w, https:\/\/www.cosmepak.com\/wp-content\/uploads\/2025\/04\/8-5-12x12.jpg 12w, https:\/\/www.cosmepak.com\/wp-content\/uploads\/2025\/04\/8-5-600x600.jpg 600w, https:\/\/www.cosmepak.com\/wp-content\/uploads\/2025\/04\/8-5-100x100.jpg 100w\" sizes=\"(max-width: 800px) 100vw, 800px\" \/><\/td>\n<td style=\"width: 33.3333%;\"><img loading=\"lazy\" decoding=\"async\" class=\"alignnone size-full wp-image-3856\" src=\"https:\/\/www.cosmepak.com\/wp-content\/uploads\/2025\/04\/10-4.jpg\" alt=\"\" width=\"800\" height=\"800\" srcset=\"https:\/\/www.cosmepak.com\/wp-content\/uploads\/2025\/04\/10-4.jpg 800w, https:\/\/www.cosmepak.com\/wp-content\/uploads\/2025\/04\/10-4-300x300.jpg 300w, https:\/\/www.cosmepak.com\/wp-content\/uploads\/2025\/04\/10-4-150x150.jpg 150w, https:\/\/www.cosmepak.com\/wp-content\/uploads\/2025\/04\/10-4-768x768.jpg 768w, https:\/\/www.cosmepak.com\/wp-content\/uploads\/2025\/04\/10-4-12x12.jpg 12w, https:\/\/www.cosmepak.com\/wp-content\/uploads\/2025\/04\/10-4-600x600.jpg 600w, https:\/\/www.cosmepak.com\/wp-content\/uploads\/2025\/04\/10-4-100x100.jpg 100w\" sizes=\"(max-width: 800px) 100vw, 800px\" \/><\/td>\n<\/tr>\n<\/tbody>\n<\/table>\n<table style=\"border-collapse: collapse; width: 100%;\">\n<tbody>\n<tr>\n<td style=\"width: 50%;\"><img loading=\"lazy\" decoding=\"async\" class=\"alignnone size-full wp-image-3857\" src=\"https:\/\/www.cosmepak.com\/wp-content\/uploads\/2025\/04\/3-11.jpg\" alt=\"\" width=\"614\" height=\"613\" srcset=\"https:\/\/www.cosmepak.com\/wp-content\/uploads\/2025\/04\/3-11.jpg 614w, https:\/\/www.cosmepak.com\/wp-content\/uploads\/2025\/04\/3-11-300x300.jpg 300w, https:\/\/www.cosmepak.com\/wp-content\/uploads\/2025\/04\/3-11-150x150.jpg 150w, https:\/\/www.cosmepak.com\/wp-content\/uploads\/2025\/04\/3-11-12x12.jpg 12w, https:\/\/www.cosmepak.com\/wp-content\/uploads\/2025\/04\/3-11-600x599.jpg 600w, https:\/\/www.cosmepak.com\/wp-content\/uploads\/2025\/04\/3-11-100x100.jpg 100w\" sizes=\"(max-width: 614px) 100vw, 614px\" \/><\/td>\n<td style=\"width: 50%;\"><img loading=\"lazy\" decoding=\"async\" class=\"alignnone size-full wp-image-3858\" src=\"https:\/\/www.cosmepak.com\/wp-content\/uploads\/2025\/04\/6-8.jpg\" alt=\"\" width=\"1000\" height=\"1000\" srcset=\"https:\/\/www.cosmepak.com\/wp-content\/uploads\/2025\/04\/6-8.jpg 1000w, https:\/\/www.cosmepak.com\/wp-content\/uploads\/2025\/04\/6-8-300x300.jpg 300w, https:\/\/www.cosmepak.com\/wp-content\/uploads\/2025\/04\/6-8-150x150.jpg 150w, https:\/\/www.cosmepak.com\/wp-content\/uploads\/2025\/04\/6-8-768x768.jpg 768w, https:\/\/www.cosmepak.com\/wp-content\/uploads\/2025\/04\/6-8-12x12.jpg 12w, https:\/\/www.cosmepak.com\/wp-content\/uploads\/2025\/04\/6-8-600x600.jpg 600w, https:\/\/www.cosmepak.com\/wp-content\/uploads\/2025\/04\/6-8-100x100.jpg 100w\" sizes=\"(max-width: 1000px) 100vw, 1000px\" \/><\/td>\n<\/tr>\n<\/tbody>\n<\/table>","protected":false},"excerpt":{"rendered":"<p>Mat\u00e9riau: verre<\/p>\n<p>Capacit\u00e9: 30ml\/50ml\/100ml\/120ml\/50g<\/p>\n<p>Couleur: accepter personnalis\u00e9 (toute couleur Pantone disponible)<\/p>\n<p>Finition de surface: impression d'\u00e9cran, estampage chaud, gradient de pulv\u00e9risation, finition mate, etc.<\/p>\n<p>MOQ: 1000pcs \/ 10000pcs personnalis\u00e9<\/p>\n<p>\u00c9chantillon: \u00e9chantillons gratuits disponibles<\/p>\n<p>&nbsp;<\/p>\n<p>&nbsp;<\/p>","protected":false},"featured_media":1782,"comment_status":"closed","ping_status":"closed","template":"","meta":{"_acf_changed":false},"product_brand":[],"product_cat":[19,46],"product_tag":[61],"class_list":{"0":"post-1810","1":"product","2":"type-product","3":"status-publish","4":"has-post-thumbnail","6":"product_cat-skincare-glass-bottle","7":"product_cat-skincare-product-set-package","8":"product_tag-skincare-product-set","10":"first","11":"instock","12":"shipping-taxable","13":"product-type-simple"},"acf":[],"_links":{"self":[{"href":"https:\/\/www.cosmepak.com\/fr\/wp-json\/wp\/v2\/product\/1810","targetHints":{"allow":["GET"]}}],"collection":[{"href":"https:\/\/www.cosmepak.com\/fr\/wp-json\/wp\/v2\/product"}],"about":[{"href":"https:\/\/www.cosmepak.com\/fr\/wp-json\/wp\/v2\/types\/product"}],"replies":[{"embeddable":true,"href":"https:\/\/www.cosmepak.com\/fr\/wp-json\/wp\/v2\/comments?post=1810"}],"wp:featuredmedia":[{"embeddable":true,"href":"https:\/\/www.cosmepak.com\/fr\/wp-json\/wp\/v2\/media\/1782"}],"wp:attachment":[{"href":"https:\/\/www.cosmepak.com\/fr\/wp-json\/wp\/v2\/media?parent=1810"}],"wp:term":[{"taxonomy":"product_brand","embeddable":true,"href":"https:\/\/www.cosmepak.com\/fr\/wp-json\/wp\/v2\/product_brand?post=1810"},{"taxonomy":"product_cat","embeddable":true,"href":"https:\/\/www.cosmepak.com\/fr\/wp-json\/wp\/v2\/product_cat?post=1810"},{"taxonomy":"product_tag","embeddable":true,"href":"https:\/\/www.cosmepak.com\/fr\/wp-json\/wp\/v2\/product_tag?post=1810"}],"curies":[{"name":"WP","href":"https:\/\/api.w.org\/{rel}","templated":true}]}}