{"id":1848,"date":"2025-04-14T15:20:43","date_gmt":"2025-04-14T07:20:43","guid":{"rendered":"https:\/\/www.cosmepak.com\/?post_type=product&#038;p=1848"},"modified":"2025-11-27T13:20:35","modified_gmt":"2025-11-27T05:20:35","slug":"5ml-10ml-15ml-30ml-emulsion-epaulee-bouteille-sans-air-jaune","status":"publish","type":"product","link":"https:\/\/www.cosmepak.com\/fr\/product\/5ml-10ml-15ml-30ml-shouldered-emulsion-airless-bottle-jaunce\/","title":{"rendered":"5ml 10ml 15ml 30ml \u00c9mulsion \u00e9paul\u00e9e Bouteille sans air \/ Jaunce"},"content":{"rendered":"<table style=\"border-collapse: collapse; width: 100%; height: 216px;\">\n<tbody>\n<tr style=\"height: 24px;\">\n<td style=\"width: 40.6929%; height: 216px;\" rowspan=\"8\"><img fetchpriority=\"high\" decoding=\"async\" class=\"alignnone size-full wp-image-1849\" src=\"https:\/\/www.cosmepak.com\/wp-content\/uploads\/2025\/04\/13565955228_624076099.jpg\" alt=\"Bouteilles sans air\u00a0\" width=\"1000\" height=\"1000\" srcset=\"https:\/\/www.cosmepak.com\/wp-content\/uploads\/2025\/04\/13565955228_624076099.jpg 1000w, https:\/\/www.cosmepak.com\/wp-content\/uploads\/2025\/04\/13565955228_624076099-300x300.jpg 300w, https:\/\/www.cosmepak.com\/wp-content\/uploads\/2025\/04\/13565955228_624076099-150x150.jpg 150w, https:\/\/www.cosmepak.com\/wp-content\/uploads\/2025\/04\/13565955228_624076099-768x768.jpg 768w, https:\/\/www.cosmepak.com\/wp-content\/uploads\/2025\/04\/13565955228_624076099-12x12.jpg 12w, https:\/\/www.cosmepak.com\/wp-content\/uploads\/2025\/04\/13565955228_624076099-600x600.jpg 600w, https:\/\/www.cosmepak.com\/wp-content\/uploads\/2025\/04\/13565955228_624076099-100x100.jpg 100w\" sizes=\"(max-width: 1000px) 100vw, 1000px\" \/><\/td>\n<td style=\"width: 23.5109%; height: 24px; text-align: center;\">Marque<\/td>\n<td style=\"width: 35.7961%; height: 24px; text-align: center;\">\u00a0Jaunce<\/td>\n<\/tr>\n<tr style=\"height: 24px;\">\n<td style=\"width: 23.5109%; height: 24px; text-align: center;\">Capacit\u00e9<\/td>\n<td style=\"width: 35.7961%; height: 24px; text-align: center;\">5 ml \/ 10 ml \/ 15 ml \/ 30 ml<\/td>\n<\/tr>\n<tr style=\"height: 24px;\">\n<td style=\"width: 23.5109%; height: 24px; text-align: center;\">Forme<\/td>\n<td style=\"width: 35.7961%; height: 24px; text-align: center;\">Rond<\/td>\n<\/tr>\n<tr style=\"height: 24px;\">\n<td style=\"width: 23.5109%; height: 24px; text-align: center;\">Mat\u00e9riel<\/td>\n<td style=\"width: 35.7961%; height: 24px; text-align: center;\">Comme \u3001 pp<\/td>\n<\/tr>\n<tr style=\"height: 24px;\">\n<td style=\"width: 23.5109%; height: 24px; text-align: center;\">Mod\u00e8le<\/td>\n<td style=\"width: 35.7961%; height: 24px; text-align: center;\">JH-LWA09<\/td>\n<\/tr>\n<tr style=\"height: 24px;\">\n<td style=\"width: 23.5109%; height: 24px; text-align: center;\">OEM \/ ODM<\/td>\n<td style=\"width: 35.7961%; height: 24px; text-align: center;\">Accepter<\/td>\n<\/tr>\n<tr style=\"height: 24px;\">\n<td style=\"width: 23.5109%; height: 24px; text-align: center;\">Usage<\/td>\n<td style=\"width: 35.7961%; height: 24px; text-align: center;\">Lotion\/Fondation\/cr\u00e8me etc.<\/td>\n<\/tr>\n<tr style=\"height: 24px;\">\n<td style=\"width: 23.5109%; height: 24px; text-align: center;\">MOQ<\/td>\n<td style=\"width: 35.7961%; height: 24px; text-align: center;\">10000pcs<\/td>\n<\/tr>\n<\/tbody>\n<\/table>\n<p>&nbsp;<\/p>\n<table style=\"border-collapse: collapse; width: 100%; height: 120px;\">\n<tbody>\n<tr style=\"height: 24px;\">\n<td style=\"width: 16.6667%; text-align: center; height: 24px;\"><strong>Capacit\u00e9<\/strong><\/td>\n<td style=\"width: 16.6667%; text-align: center; height: 24px;\"><strong>Hauteur totale<\/strong><\/td>\n<td style=\"width: 16.6667%; text-align: center; height: 24px;\"><strong>Hauteur de bouteille<\/strong><\/td>\n<td style=\"width: 16.6667%; text-align: center; height: 24px;\"><strong>Hauteur imprimable<\/strong><\/td>\n<td style=\"width: 16.6667%; text-align: center; height: 24px;\"><strong>Diam\u00e8tre inf\u00e9rieur<\/strong><\/td>\n<td style=\"width: 16.6667%; text-align: center; height: 24px;\"><strong>Poids<\/strong><\/td>\n<\/tr>\n<tr style=\"height: 24px;\">\n<td style=\"width: 16.6667%; text-align: center; height: 24px;\">5 ml<\/td>\n<td style=\"width: 16.6667%; text-align: center; height: 24px;\">82 mm<\/td>\n<td style=\"width: 16.6667%; text-align: center; height: 24px;\">51.5mm<\/td>\n<td style=\"width: 16.6667%; text-align: center; height: 24px;\">26 mm<\/td>\n<td style=\"width: 16.6667%; text-align: center; height: 24px;\">22.8mm<\/td>\n<td style=\"width: 16.6667%; text-align: center; height: 24px;\">13G<\/td>\n<\/tr>\n<tr style=\"height: 24px;\">\n<td style=\"width: 16.6667%; text-align: center; height: 24px;\">10 ml<\/td>\n<td style=\"width: 16.6667%; text-align: center; height: 24px;\">97 mm<\/td>\n<td style=\"width: 16.6667%; text-align: center; height: 24px;\">70.5mm<\/td>\n<td style=\"width: 16.6667%; text-align: center; height: 24px;\">40 mm<\/td>\n<td style=\"width: 16.6667%; text-align: center; height: 24px;\">22.8mm<\/td>\n<td style=\"width: 16.6667%; text-align: center; height: 24px;\">14.8g<\/td>\n<\/tr>\n<tr style=\"height: 24px;\">\n<td style=\"width: 16.6667%; text-align: center; height: 24px;\">15 ml<\/td>\n<td style=\"width: 16.6667%; text-align: center; height: 24px;\">112 mm<\/td>\n<td style=\"width: 16.6667%; text-align: center; height: 24px;\">106.5mm<\/td>\n<td style=\"width: 16.6667%; text-align: center; height: 24px;\">34 mm<\/td>\n<td style=\"width: 16.6667%; text-align: center; height: 24px;\">28.5mm<\/td>\n<td style=\"width: 16.6667%; text-align: center; height: 24px;\">26.8g<\/td>\n<\/tr>\n<tr style=\"height: 24px;\">\n<td style=\"width: 16.6667%; text-align: center; height: 24px;\">30 ml<\/td>\n<td style=\"width: 16.6667%; text-align: center; height: 24px;\">130 mm<\/td>\n<td style=\"width: 16.6667%; text-align: center; height: 24px;\">162 mm<\/td>\n<td style=\"width: 16.6667%; text-align: center; height: 24px;\">83 mm<\/td>\n<td style=\"width: 16.6667%; text-align: center; height: 24px;\">28.5mm<\/td>\n<td style=\"width: 16.6667%; text-align: center; height: 24px;\">36.7g<\/td>\n<\/tr>\n<\/tbody>\n<\/table>\n<p>Cette bouteille \u00e0 \u00e9paule scell\u00e9e sans bulles d'air est disponible en quatre capacit\u00e9s pratiques: 5 ml, 10 ml, 15 ml et 30 ml. Sa conception est compl\u00e8te, tenant compte \u00e0 la fois de la fonctionnalit\u00e9 et de la portabilit\u00e9, et convient \u00e0 diff\u00e9rents sc\u00e9narios d'application. Que ce soit pour les soins quotidiens de la peau \u00e0 la maison, les retouches pendant les trajets, ou pendant de longs voyages, ces conteneurs peuvent satisfaire efficacement les consommateurs&#8217; exige une utilisation pratique et portable des lotions, assurant la stabilit\u00e9 de l'approvisionnement en produits et l'effet nutritionnel sur la peau. Que ce soit pour les soins quotidiens de la peau \u00e0 la maison, les retouches pendant les trajets, ou pendant de longs voyages, ces conteneurs peuvent satisfaire efficacement les consommateurs&#8217; exige une utilisation pratique et portable des lotions, assurant la stabilit\u00e9 de l'approvisionnement en produits et l'effet nutritionnel sur la peau.<\/p>\n<p>La conception du col \u00e0 vis est facile \u00e0 remplir avec le s\u00e9rum \/ liquide.<\/p>\n<p>La t\u00eate de pompe est \u00e9quip\u00e9e d'une sortie de liquide circulaire con\u00e7ue avec pr\u00e9cision, permettant un contr\u00f4le pr\u00e9cis du dosage &#8211; chaque op\u00e9ration peut fournir une quantit\u00e9 constante d'\u00e9mulsion, r\u00e9duisant ainsi les d\u00e9chets caus\u00e9s par la pulv\u00e9risation excessive. Le corps est fabriqu\u00e9 en polyester transparent ou gel\u00e9 de haute qualit\u00e9, avec une paroi \u00e9paisse et robuste, pr\u00e9sentant une r\u00e9sistance aux chocs et \u00e0 la d\u00e9formation. Son fond plat fournit un support stable, assurant que la bouteille reste debout et ne se renverse sur aucune surface. La structure globale est \u00e0 la fois simple et robuste, permettant le meilleur \u00e9quilibre entre fonctionnalit\u00e9 et design visuel exquis.<\/p>\n<p>&nbsp;<\/p>\n<table style=\"border-collapse: collapse; width: 100%;\">\n<tbody>\n<tr>\n<td style=\"width: 50%;\"><img decoding=\"async\" class=\"alignnone wp-image-3507\" src=\"https:\/\/www.cosmepak.com\/wp-content\/uploads\/2025\/04\/13565928376_624076099-1.jpg\" alt=\"\" width=\"800\" height=\"800\" srcset=\"https:\/\/www.cosmepak.com\/wp-content\/uploads\/2025\/04\/13565928376_624076099-1.jpg 759w, https:\/\/www.cosmepak.com\/wp-content\/uploads\/2025\/04\/13565928376_624076099-1-300x300.jpg 300w, https:\/\/www.cosmepak.com\/wp-content\/uploads\/2025\/04\/13565928376_624076099-1-150x150.jpg 150w, https:\/\/www.cosmepak.com\/wp-content\/uploads\/2025\/04\/13565928376_624076099-1-12x12.jpg 12w, https:\/\/www.cosmepak.com\/wp-content\/uploads\/2025\/04\/13565928376_624076099-1-600x600.jpg 600w, https:\/\/www.cosmepak.com\/wp-content\/uploads\/2025\/04\/13565928376_624076099-1-100x100.jpg 100w\" sizes=\"(max-width: 800px) 100vw, 800px\" \/><\/td>\n<td style=\"width: 50%;\"><img decoding=\"async\" class=\"alignnone size-full wp-image-3510\" src=\"https:\/\/www.cosmepak.com\/wp-content\/uploads\/2025\/04\/13649501404_624076099.jpg\" alt=\"\" width=\"790\" height=\"790\" srcset=\"https:\/\/www.cosmepak.com\/wp-content\/uploads\/2025\/04\/13649501404_624076099.jpg 790w, https:\/\/www.cosmepak.com\/wp-content\/uploads\/2025\/04\/13649501404_624076099-300x300.jpg 300w, https:\/\/www.cosmepak.com\/wp-content\/uploads\/2025\/04\/13649501404_624076099-150x150.jpg 150w, https:\/\/www.cosmepak.com\/wp-content\/uploads\/2025\/04\/13649501404_624076099-768x768.jpg 768w, https:\/\/www.cosmepak.com\/wp-content\/uploads\/2025\/04\/13649501404_624076099-12x12.jpg 12w, https:\/\/www.cosmepak.com\/wp-content\/uploads\/2025\/04\/13649501404_624076099-600x600.jpg 600w, https:\/\/www.cosmepak.com\/wp-content\/uploads\/2025\/04\/13649501404_624076099-100x100.jpg 100w\" sizes=\"(max-width: 790px) 100vw, 790px\" \/><\/td>\n<\/tr>\n<tr>\n<td style=\"width: 50%;\"><img loading=\"lazy\" decoding=\"async\" class=\"alignnone size-full wp-image-3509\" src=\"https:\/\/www.cosmepak.com\/wp-content\/uploads\/2025\/04\/13603708236_624076099-1.jpg\" alt=\"\" width=\"790\" height=\"790\" srcset=\"https:\/\/www.cosmepak.com\/wp-content\/uploads\/2025\/04\/13603708236_624076099-1.jpg 790w, https:\/\/www.cosmepak.com\/wp-content\/uploads\/2025\/04\/13603708236_624076099-1-300x300.jpg 300w, https:\/\/www.cosmepak.com\/wp-content\/uploads\/2025\/04\/13603708236_624076099-1-150x150.jpg 150w, https:\/\/www.cosmepak.com\/wp-content\/uploads\/2025\/04\/13603708236_624076099-1-768x768.jpg 768w, https:\/\/www.cosmepak.com\/wp-content\/uploads\/2025\/04\/13603708236_624076099-1-12x12.jpg 12w, https:\/\/www.cosmepak.com\/wp-content\/uploads\/2025\/04\/13603708236_624076099-1-600x600.jpg 600w, https:\/\/www.cosmepak.com\/wp-content\/uploads\/2025\/04\/13603708236_624076099-1-100x100.jpg 100w\" sizes=\"(max-width: 790px) 100vw, 790px\" \/><\/td>\n<td style=\"width: 50%;\"><img loading=\"lazy\" decoding=\"async\" class=\"alignnone size-full wp-image-3508\" src=\"https:\/\/www.cosmepak.com\/wp-content\/uploads\/2025\/04\/13565913785_624076099-1.jpg\" alt=\"\" width=\"790\" height=\"790\" srcset=\"https:\/\/www.cosmepak.com\/wp-content\/uploads\/2025\/04\/13565913785_624076099-1.jpg 790w, https:\/\/www.cosmepak.com\/wp-content\/uploads\/2025\/04\/13565913785_624076099-1-300x300.jpg 300w, https:\/\/www.cosmepak.com\/wp-content\/uploads\/2025\/04\/13565913785_624076099-1-150x150.jpg 150w, https:\/\/www.cosmepak.com\/wp-content\/uploads\/2025\/04\/13565913785_624076099-1-768x768.jpg 768w, https:\/\/www.cosmepak.com\/wp-content\/uploads\/2025\/04\/13565913785_624076099-1-12x12.jpg 12w, https:\/\/www.cosmepak.com\/wp-content\/uploads\/2025\/04\/13565913785_624076099-1-600x600.jpg 600w, https:\/\/www.cosmepak.com\/wp-content\/uploads\/2025\/04\/13565913785_624076099-1-100x100.jpg 100w\" sizes=\"(max-width: 790px) 100vw, 790px\" \/><\/td>\n<\/tr>\n<\/tbody>\n<\/table>\n<p>&nbsp;<\/p>\n<p>&nbsp;<\/p>","protected":false},"excerpt":{"rendered":"<p>Bouteilles sans air sans air<\/p>\n<p>Mod\u00e8le: JH-LWA09<\/p>\n<p>Mat\u00e9riel produit: comme \u3001 pp<\/p>\n<p>Capacit\u00e9: 5ml\/10ml\/15ml\/30ml pour choisir<\/p>\n<p>Bottle Single Weight: 13g\/14.8g\/26.8g\/36.7g<\/p>\n<p>Sortie : 0.2ML\/T<\/p>\n<p>Couleur: Couleur transparente transparente;<\/p>\n<p>Accepter personnalis\u00e9 (toute couleur Pantone disponible)<\/p>\n<p>Finition de surface: impression d'\u00e9cran, estampage chaud, gradient de pulv\u00e9risation, finition mate, etc.<\/p>\n<p>MOQ: 10000pcs<\/p>\n<p>\u00c9chantillon: \u00e9chantillons gratuits disponibles<\/p>\n<p>&nbsp;<\/p>\n<p>&nbsp;<\/p>","protected":false},"featured_media":1857,"comment_status":"closed","ping_status":"closed","template":"","meta":{"_acf_changed":false},"product_brand":[],"product_cat":[35],"product_tag":[40],"class_list":{"0":"post-1848","1":"product","2":"type-product","3":"status-publish","4":"has-post-thumbnail","6":"product_cat-airless-bottle","7":"product_tag-essential-oil-bottle","9":"first","10":"instock","11":"shipping-taxable","12":"product-type-simple"},"acf":[],"_links":{"self":[{"href":"https:\/\/www.cosmepak.com\/fr\/wp-json\/wp\/v2\/product\/1848","targetHints":{"allow":["GET"]}}],"collection":[{"href":"https:\/\/www.cosmepak.com\/fr\/wp-json\/wp\/v2\/product"}],"about":[{"href":"https:\/\/www.cosmepak.com\/fr\/wp-json\/wp\/v2\/types\/product"}],"replies":[{"embeddable":true,"href":"https:\/\/www.cosmepak.com\/fr\/wp-json\/wp\/v2\/comments?post=1848"}],"wp:featuredmedia":[{"embeddable":true,"href":"https:\/\/www.cosmepak.com\/fr\/wp-json\/wp\/v2\/media\/1857"}],"wp:attachment":[{"href":"https:\/\/www.cosmepak.com\/fr\/wp-json\/wp\/v2\/media?parent=1848"}],"wp:term":[{"taxonomy":"product_brand","embeddable":true,"href":"https:\/\/www.cosmepak.com\/fr\/wp-json\/wp\/v2\/product_brand?post=1848"},{"taxonomy":"product_cat","embeddable":true,"href":"https:\/\/www.cosmepak.com\/fr\/wp-json\/wp\/v2\/product_cat?post=1848"},{"taxonomy":"product_tag","embeddable":true,"href":"https:\/\/www.cosmepak.com\/fr\/wp-json\/wp\/v2\/product_tag?post=1848"}],"curies":[{"name":"WP","href":"https:\/\/api.w.org\/{rel}","templated":true}]}}