{"id":2036,"date":"2025-05-30T13:28:07","date_gmt":"2025-05-30T05:28:07","guid":{"rendered":"https:\/\/www.cosmepak.com\/?post_type=product&#038;p=2036"},"modified":"2025-12-30T13:33:22","modified_gmt":"2025-12-30T05:33:22","slug":"new-design-spherical-glass-bottle-with-dropper-jaunce","status":"publish","type":"product","link":"https:\/\/www.cosmepak.com\/fr\/product\/new-design-spherical-glass-bottle-with-dropper-jaunce\/","title":{"rendered":"Bouteille sph\u00e9rique en verre avec compte-gouttes\/Jaunce"},"content":{"rendered":"<table style=\"border-collapse: collapse; width: 100%; height: 216px;\">\n<tbody>\n<tr style=\"height: 24px;\">\n<td style=\"width: 40.6929%; height: 216px;\" rowspan=\"9\"><img fetchpriority=\"high\" decoding=\"async\" class=\"alignnone size-full wp-image-2039\" src=\"https:\/\/www.cosmepak.com\/wp-content\/uploads\/2025\/05\/258.jpg\" alt=\"\" width=\"800\" height=\"800\" srcset=\"https:\/\/www.cosmepak.com\/wp-content\/uploads\/2025\/05\/258.jpg 800w, https:\/\/www.cosmepak.com\/wp-content\/uploads\/2025\/05\/258-300x300.jpg 300w, https:\/\/www.cosmepak.com\/wp-content\/uploads\/2025\/05\/258-150x150.jpg 150w, https:\/\/www.cosmepak.com\/wp-content\/uploads\/2025\/05\/258-768x768.jpg 768w, https:\/\/www.cosmepak.com\/wp-content\/uploads\/2025\/05\/258-12x12.jpg 12w, https:\/\/www.cosmepak.com\/wp-content\/uploads\/2025\/05\/258-600x600.jpg 600w, https:\/\/www.cosmepak.com\/wp-content\/uploads\/2025\/05\/258-100x100.jpg 100w\" sizes=\"(max-width: 800px) 100vw, 800px\" \/><\/td>\n<td style=\"width: 23.5109%; height: 24px; text-align: center;\">Marque<\/td>\n<td style=\"width: 35.7961%; height: 24px; text-align: center;\">\u00a0Jaunce<\/td>\n<\/tr>\n<tr style=\"height: 24px;\">\n<td style=\"width: 23.5109%; height: 24px; text-align: center;\">Capacit\u00e9<\/td>\n<td style=\"width: 35.7961%; height: 24px; text-align: center;\">30ml \/ 50ml<\/td>\n<\/tr>\n<tr style=\"height: 24px;\">\n<td style=\"width: 23.5109%; height: 24px; text-align: center;\">Forme<\/td>\n<td style=\"width: 35.7961%; height: 24px; text-align: center;\">sph\u00e9rique<\/td>\n<\/tr>\n<tr style=\"height: 24px;\">\n<td style=\"width: 23.5109%; height: 24px; text-align: center;\">Mat\u00e9riel<\/td>\n<td style=\"width: 35.7961%; height: 24px; text-align: center;\">Verre<\/td>\n<\/tr>\n<tr style=\"height: 24px;\">\n<td style=\"width: 23.5109%; height: 24px; text-align: center;\">Mod\u00e8le<\/td>\n<td style=\"width: 35.7961%; height: 24px; text-align: center;\">JH-my30<\/td>\n<\/tr>\n<tr style=\"height: 24px;\">\n<td style=\"width: 23.5109%; height: 24px; text-align: center;\">OEM \/ ODM<\/td>\n<td style=\"width: 35.7961%; height: 24px; text-align: center;\">Accepter<\/td>\n<\/tr>\n<tr style=\"height: 24px;\">\n<td style=\"width: 23.5109%; height: 24px; text-align: center;\">Couleur<\/td>\n<td style=\"width: 35.7961%; height: 24px; text-align: center;\">Toute couleur Parton personnalis\u00e9e<\/td>\n<\/tr>\n<tr style=\"height: 24px;\">\n<td style=\"width: 23.5109%; height: 24px; text-align: center;\">Usage<\/td>\n<td style=\"width: 35.7961%; height: 24px; text-align: center;\">Lotion\/Fondation\/cr\u00e8me etc.<\/td>\n<\/tr>\n<tr style=\"height: 24px;\">\n<td style=\"width: 23.5109%; height: 24px; text-align: center;\">MOQ<\/td>\n<td style=\"width: 35.7961%; height: 24px; text-align: center;\">10000pcs<\/td>\n<\/tr>\n<\/tbody>\n<\/table>\n<table style=\"border-collapse: collapse; width: 100%; height: 192px;\">\n<tbody>\n<tr style=\"height: 24px;\">\n<td style=\"width: 12.7434%; text-align: center; height: 24px;\"><strong>Capacit\u00e9<\/strong><\/td>\n<td style=\"width: 12.5142%; text-align: center; height: 24px;\"><strong>Hauteur totale<\/strong><\/td>\n<td style=\"width: 12.5002%; text-align: center; height: 24px;\"><strong>Diam\u00e8tre inf\u00e9rieur<\/strong><\/td>\n<td style=\"width: 13.1192%; text-align: center; height: 24px;\"><b>Poids<\/b><\/td>\n<\/tr>\n<tr style=\"height: 24px;\">\n<td style=\"width: 12.7434%; text-align: center; height: 24px;\">30 ml<\/td>\n<td style=\"width: 12.5142%; text-align: center; height: 24px;\">91.5mm<\/td>\n<td style=\"width: 12.5002%; text-align: center; height: 24px;\">56 mm<\/td>\n<td style=\"width: 13.1192%; text-align: center; height: 24px;\">123g<\/td>\n<\/tr>\n<tr style=\"height: 24px;\">\n<td style=\"width: 12.7434%; text-align: center; height: 24px;\">50 ml<\/td>\n<td style=\"width: 12.5142%; text-align: center; height: 24px;\">94 mm<\/td>\n<td style=\"width: 12.5002%; text-align: center; height: 24px;\">57 mm<\/td>\n<td style=\"width: 13.1192%; text-align: center; height: 24px;\">126.4g<\/td>\n<\/tr>\n<\/tbody>\n<\/table>\n<p>Nous avons le plaisir de vous pr\u00e9senter deux contenants de grande taille de voyage de haute qualit\u00e9 : une bouteille goutteuse sph\u00e9rique rouge de 30 millilitres et une bouteille en verre liquide essence luxueuse de 50 millilitres. Ces contenants sont sp\u00e9cialement con\u00e7us pour prot\u00e9ger vos pr\u00e9cieux produits de soins de la peau et les huiles essentielles pendant vos voyages, tout en maintenant leur attrait esth\u00e9tique.<\/p>\n<p>La forme sph\u00e9rique et la couleur rouge vif exudent luxe et \u00e9l\u00e9gance. 30ml petite capacit\u00e9 sont parfaits pour les voyages, s'adapte facilement dans votre sac \u00e0 main ou bagage.it est fait de verre durable qui prot\u00e8ge le contenu de la lumi\u00e8re UV, assurant la long\u00e9vit\u00e9 de vos produits. et un volume de 50ml id\u00e9al pour transporter vos s\u00e9rums ou produits de soins de la peau pr\u00e9f\u00e9r\u00e9s.<\/p>\n<p>si vous utilisez la bouteille goutteuse de 30ml pour vos huiles essentielles pr\u00e9f\u00e9r\u00e9es. Le goutteur de pr\u00e9cision assure que vous utilisez juste la bonne quantit\u00e9. mais la bouteille de 50ml est parfaite pour stocker et distribuer vos s\u00e9rums de soins de la peau, les gardant frais et efficaces.<\/p>\n<p>La finition mat rouge lui donne un aspect tr\u00e8s festif. De loin, il ressemble \u00e0 une lanterne rouge, et lorsqu'il est plac\u00e9 sur votre dressing, il se d\u00e9marque imm\u00e9diatement par son charme unique.<br \/>\nNous offrons \u00e9galement une vari\u00e9t\u00e9 de diff\u00e9rents types de tubes de goutteuse pour vous permettre de choisir pour correspondre \u00e0 ce produit.<\/p>\n<p>Bien s\u00fbr, les services personnalis\u00e9s sont notre offre de base. Nous pouvons personnaliser la couleur et l'artisanat de cette bouteille en verre pour correspondre exactement \u00e0 votre marque.<\/p>\n<table style=\"border-collapse: collapse; width: 100%;\">\n<tbody>\n<tr>\n<td style=\"width: 33.3333%;\"><img decoding=\"async\" class=\"alignnone size-full wp-image-3824\" src=\"https:\/\/www.cosmepak.com\/wp-content\/uploads\/2025\/05\/11.jpg\" alt=\"\" width=\"1000\" height=\"1000\" srcset=\"https:\/\/www.cosmepak.com\/wp-content\/uploads\/2025\/05\/11.jpg 1000w, https:\/\/www.cosmepak.com\/wp-content\/uploads\/2025\/05\/11-300x300.jpg 300w, https:\/\/www.cosmepak.com\/wp-content\/uploads\/2025\/05\/11-150x150.jpg 150w, https:\/\/www.cosmepak.com\/wp-content\/uploads\/2025\/05\/11-768x768.jpg 768w, https:\/\/www.cosmepak.com\/wp-content\/uploads\/2025\/05\/11-12x12.jpg 12w, https:\/\/www.cosmepak.com\/wp-content\/uploads\/2025\/05\/11-600x600.jpg 600w, https:\/\/www.cosmepak.com\/wp-content\/uploads\/2025\/05\/11-100x100.jpg 100w\" sizes=\"(max-width: 1000px) 100vw, 1000px\" \/><\/td>\n<td style=\"width: 33.3333%;\"><img decoding=\"async\" class=\"alignnone size-full wp-image-3825\" src=\"https:\/\/www.cosmepak.com\/wp-content\/uploads\/2025\/05\/21.jpg\" alt=\"\" width=\"1000\" height=\"1000\" srcset=\"https:\/\/www.cosmepak.com\/wp-content\/uploads\/2025\/05\/21.jpg 1000w, https:\/\/www.cosmepak.com\/wp-content\/uploads\/2025\/05\/21-300x300.jpg 300w, https:\/\/www.cosmepak.com\/wp-content\/uploads\/2025\/05\/21-150x150.jpg 150w, https:\/\/www.cosmepak.com\/wp-content\/uploads\/2025\/05\/21-768x768.jpg 768w, https:\/\/www.cosmepak.com\/wp-content\/uploads\/2025\/05\/21-12x12.jpg 12w, https:\/\/www.cosmepak.com\/wp-content\/uploads\/2025\/05\/21-600x600.jpg 600w, https:\/\/www.cosmepak.com\/wp-content\/uploads\/2025\/05\/21-100x100.jpg 100w\" sizes=\"(max-width: 1000px) 100vw, 1000px\" \/><\/td>\n<td style=\"width: 33.3333%;\"><img loading=\"lazy\" decoding=\"async\" class=\"alignnone size-full wp-image-3826\" src=\"https:\/\/www.cosmepak.com\/wp-content\/uploads\/2025\/05\/31.jpg\" alt=\"\" width=\"1000\" height=\"1000\" srcset=\"https:\/\/www.cosmepak.com\/wp-content\/uploads\/2025\/05\/31.jpg 1000w, https:\/\/www.cosmepak.com\/wp-content\/uploads\/2025\/05\/31-300x300.jpg 300w, https:\/\/www.cosmepak.com\/wp-content\/uploads\/2025\/05\/31-150x150.jpg 150w, https:\/\/www.cosmepak.com\/wp-content\/uploads\/2025\/05\/31-768x768.jpg 768w, https:\/\/www.cosmepak.com\/wp-content\/uploads\/2025\/05\/31-12x12.jpg 12w, https:\/\/www.cosmepak.com\/wp-content\/uploads\/2025\/05\/31-600x600.jpg 600w, https:\/\/www.cosmepak.com\/wp-content\/uploads\/2025\/05\/31-100x100.jpg 100w\" sizes=\"(max-width: 1000px) 100vw, 1000px\" \/><\/td>\n<\/tr>\n<\/tbody>\n<\/table>\n<table style=\"border-collapse: collapse; width: 100%;\">\n<tbody>\n<tr>\n<td style=\"width: 50%;\"><img loading=\"lazy\" decoding=\"async\" class=\"alignnone size-full wp-image-3827\" src=\"https:\/\/www.cosmepak.com\/wp-content\/uploads\/2025\/05\/51.jpg\" alt=\"\" width=\"1000\" height=\"1000\" srcset=\"https:\/\/www.cosmepak.com\/wp-content\/uploads\/2025\/05\/51.jpg 1000w, https:\/\/www.cosmepak.com\/wp-content\/uploads\/2025\/05\/51-300x300.jpg 300w, https:\/\/www.cosmepak.com\/wp-content\/uploads\/2025\/05\/51-150x150.jpg 150w, https:\/\/www.cosmepak.com\/wp-content\/uploads\/2025\/05\/51-768x768.jpg 768w, https:\/\/www.cosmepak.com\/wp-content\/uploads\/2025\/05\/51-12x12.jpg 12w, https:\/\/www.cosmepak.com\/wp-content\/uploads\/2025\/05\/51-600x600.jpg 600w, https:\/\/www.cosmepak.com\/wp-content\/uploads\/2025\/05\/51-100x100.jpg 100w\" sizes=\"(max-width: 1000px) 100vw, 1000px\" \/><\/td>\n<td style=\"width: 50%;\"><img loading=\"lazy\" decoding=\"async\" class=\"alignnone size-full wp-image-3828\" src=\"https:\/\/www.cosmepak.com\/wp-content\/uploads\/2025\/05\/101.jpg\" alt=\"\" width=\"1000\" height=\"1000\" srcset=\"https:\/\/www.cosmepak.com\/wp-content\/uploads\/2025\/05\/101.jpg 1000w, https:\/\/www.cosmepak.com\/wp-content\/uploads\/2025\/05\/101-300x300.jpg 300w, https:\/\/www.cosmepak.com\/wp-content\/uploads\/2025\/05\/101-150x150.jpg 150w, https:\/\/www.cosmepak.com\/wp-content\/uploads\/2025\/05\/101-768x768.jpg 768w, https:\/\/www.cosmepak.com\/wp-content\/uploads\/2025\/05\/101-12x12.jpg 12w, https:\/\/www.cosmepak.com\/wp-content\/uploads\/2025\/05\/101-600x600.jpg 600w, https:\/\/www.cosmepak.com\/wp-content\/uploads\/2025\/05\/101-100x100.jpg 100w\" sizes=\"(max-width: 1000px) 100vw, 1000px\" \/><\/td>\n<\/tr>\n<\/tbody>\n<\/table>\n<p>&nbsp;<\/p>\n<p>&nbsp;<\/p>","protected":false},"excerpt":{"rendered":"<p>Mat\u00e9riau: verre<\/p>\n<p>Capacit\u00e9 : 30ml\/50ml<\/p>\n<p>Couleur: accepter personnalis\u00e9 (toute couleur Pantone disponible)<\/p>\n<p>Finition de surface: impression d'\u00e9cran, estampage chaud, gradient de pulv\u00e9risation, finition mate, etc.<\/p>\n<p>MOQ: 1000pcs \/ 10000pcs personnalis\u00e9<\/p>\n<p>\u00c9chantillon: \u00e9chantillons gratuits disponibles<\/p>\n<p>&nbsp;<\/p>\n<p>&nbsp;<\/p>","protected":false},"featured_media":3829,"comment_status":"closed","ping_status":"closed","template":"","meta":{"_acf_changed":false},"product_brand":[],"product_cat":[45,19],"product_tag":[40],"class_list":{"0":"post-2036","1":"product","2":"type-product","3":"status-publish","4":"has-post-thumbnail","6":"product_cat-serum-pump-bottle","7":"product_cat-skincare-glass-bottle","8":"product_tag-essential-oil-bottle","10":"first","11":"instock","12":"shipping-taxable","13":"product-type-simple"},"acf":[],"_links":{"self":[{"href":"https:\/\/www.cosmepak.com\/fr\/wp-json\/wp\/v2\/product\/2036","targetHints":{"allow":["GET"]}}],"collection":[{"href":"https:\/\/www.cosmepak.com\/fr\/wp-json\/wp\/v2\/product"}],"about":[{"href":"https:\/\/www.cosmepak.com\/fr\/wp-json\/wp\/v2\/types\/product"}],"replies":[{"embeddable":true,"href":"https:\/\/www.cosmepak.com\/fr\/wp-json\/wp\/v2\/comments?post=2036"}],"wp:featuredmedia":[{"embeddable":true,"href":"https:\/\/www.cosmepak.com\/fr\/wp-json\/wp\/v2\/media\/3829"}],"wp:attachment":[{"href":"https:\/\/www.cosmepak.com\/fr\/wp-json\/wp\/v2\/media?parent=2036"}],"wp:term":[{"taxonomy":"product_brand","embeddable":true,"href":"https:\/\/www.cosmepak.com\/fr\/wp-json\/wp\/v2\/product_brand?post=2036"},{"taxonomy":"product_cat","embeddable":true,"href":"https:\/\/www.cosmepak.com\/fr\/wp-json\/wp\/v2\/product_cat?post=2036"},{"taxonomy":"product_tag","embeddable":true,"href":"https:\/\/www.cosmepak.com\/fr\/wp-json\/wp\/v2\/product_tag?post=2036"}],"curies":[{"name":"WP","href":"https:\/\/api.w.org\/{rel}","templated":true}]}}