{"id":2054,"date":"2025-06-05T09:13:03","date_gmt":"2025-06-05T01:13:03","guid":{"rendered":"https:\/\/www.cosmepak.com\/?post_type=product&#038;p=2054"},"modified":"2025-12-30T15:53:55","modified_gmt":"2025-12-30T07:53:55","slug":"soins-de-la-peau-30ml-bouteille-de-verre-capuchon-de-pompe-inverse","status":"publish","type":"product","link":"https:\/\/www.cosmepak.com\/fr\/product\/skincare-30ml-glass-bottle-inverted-pump-cap\/","title":{"rendered":"Bouteille en verre 30ml Capuchon \u00e0 pompe invers\u00e9e\/Jaunce"},"content":{"rendered":"<table style=\"border-collapse: collapse; width: 100%; height: 216px;\">\n<tbody>\n<tr style=\"height: 24px;\">\n<td style=\"width: 40.6929%; height: 216px;\" rowspan=\"9\"><img fetchpriority=\"high\" decoding=\"async\" class=\"alignnone size-full wp-image-2056\" src=\"https:\/\/www.cosmepak.com\/wp-content\/uploads\/2025\/06\/234.jpg\" alt=\"\" width=\"800\" height=\"800\" srcset=\"https:\/\/www.cosmepak.com\/wp-content\/uploads\/2025\/06\/234.jpg 800w, https:\/\/www.cosmepak.com\/wp-content\/uploads\/2025\/06\/234-300x300.jpg 300w, https:\/\/www.cosmepak.com\/wp-content\/uploads\/2025\/06\/234-150x150.jpg 150w, https:\/\/www.cosmepak.com\/wp-content\/uploads\/2025\/06\/234-768x768.jpg 768w, https:\/\/www.cosmepak.com\/wp-content\/uploads\/2025\/06\/234-12x12.jpg 12w, https:\/\/www.cosmepak.com\/wp-content\/uploads\/2025\/06\/234-600x600.jpg 600w, https:\/\/www.cosmepak.com\/wp-content\/uploads\/2025\/06\/234-100x100.jpg 100w\" sizes=\"(max-width: 800px) 100vw, 800px\" \/><\/td>\n<td style=\"width: 23.5109%; height: 24px; text-align: center;\">Marque<\/td>\n<td style=\"width: 35.7961%; height: 24px; text-align: center;\">\u00a0Jaunce<\/td>\n<\/tr>\n<tr style=\"height: 24px;\">\n<td style=\"width: 23.5109%; height: 24px; text-align: center;\">Capacit\u00e9<\/td>\n<td style=\"width: 35.7961%; height: 24px; text-align: center;\">30 ml<\/td>\n<\/tr>\n<tr style=\"height: 24px;\">\n<td style=\"width: 23.5109%; height: 24px; text-align: center;\">Forme<\/td>\n<td style=\"width: 35.7961%; height: 24px; text-align: center;\">Rond<\/td>\n<\/tr>\n<tr style=\"height: 24px;\">\n<td style=\"width: 23.5109%; height: 24px; text-align: center;\">Mat\u00e9riel<\/td>\n<td style=\"width: 35.7961%; height: 24px; text-align: center;\">Verre<\/td>\n<\/tr>\n<tr style=\"height: 24px;\">\n<td style=\"width: 23.5109%; height: 24px; text-align: center;\">Mod\u00e8le<\/td>\n<td style=\"width: 35.7961%; height: 24px; text-align: center;\">JH-YM-30<\/td>\n<\/tr>\n<tr style=\"height: 24px;\">\n<td style=\"width: 23.5109%; height: 24px; text-align: center;\">OEM \/ ODM<\/td>\n<td style=\"width: 35.7961%; height: 24px; text-align: center;\">Accepter<\/td>\n<\/tr>\n<tr style=\"height: 24px;\">\n<td style=\"width: 23.5109%; height: 24px; text-align: center;\">Couleur<\/td>\n<td style=\"width: 35.7961%; height: 24px; text-align: center;\">Toute couleur Parton personnalis\u00e9e<\/td>\n<\/tr>\n<tr style=\"height: 24px;\">\n<td style=\"width: 23.5109%; height: 24px; text-align: center;\">Usage<\/td>\n<td style=\"width: 35.7961%; height: 24px; text-align: center;\">Lotion\/Fondation\/cr\u00e8me etc.<\/td>\n<\/tr>\n<tr style=\"height: 24px;\">\n<td style=\"width: 23.5109%; height: 24px; text-align: center;\">MOQ<\/td>\n<td style=\"width: 35.7961%; height: 24px; text-align: center;\">10000<\/td>\n<\/tr>\n<\/tbody>\n<\/table>\n<table style=\"border-collapse: collapse; width: 99.7527%; height: 144px;\">\n<tbody>\n<tr style=\"height: 24px;\">\n<td style=\"width: 11.9555%; text-align: center; height: 24px;\"><strong>Capacit\u00e9<\/strong><\/td>\n<td style=\"width: 12.0048%; text-align: center; height: 24px;\"><strong>Hauteur totale<\/strong><\/td>\n<td style=\"width: 12.4616%; text-align: center; height: 24px;\"><strong>Diam\u00e8tre inf\u00e9rieur<\/strong><\/td>\n<td style=\"width: 12.1913%; text-align: center; height: 24px;\"><strong>Hauteur imprimable bouteille<\/strong><\/td>\n<td style=\"width: 11.7295%; text-align: center;\"><strong>Hauteur imprimable Cap<\/strong><\/td>\n<td style=\"width: 11.7528%; text-align: center;\"><strong>Poids de bouteille<\/strong><\/td>\n<\/tr>\n<tr style=\"height: 24px;\">\n<td style=\"width: 11.9555%; text-align: center; height: 24px;\">30 ml<\/td>\n<td style=\"width: 12.0048%; text-align: center; height: 24px;\">96 mm<\/td>\n<td style=\"width: 12.4616%; text-align: center; height: 24px;\">46.5mm<\/td>\n<td style=\"width: 12.1913%; text-align: center; height: 24px;\">13 mm<\/td>\n<td style=\"width: 11.7295%; text-align: center;\">70 mm<\/td>\n<td style=\"width: 11.7528%; text-align: center;\">131.3g<\/td>\n<\/tr>\n<\/tbody>\n<\/table>\n<p>Cette bouteille de lotion \u00e0 bouchon invers\u00e9 de 30ML est fabriqu\u00e9e en verre de haute qualit\u00e9, con\u00e7ue pour stocker des lotions, des fondations et d'autres cosm\u00e9tiques liquides. Son corps en verre \u00e9cologique est r\u00e9utilisable, tandis que la base \u00e9paissie assure la durabilit\u00e9 et la r\u00e9sistance aux brisages.<\/p>\n<p>La capacit\u00e9 de cette bouteille est de 30ml. Le haut est plus \u00e9troit tandis que le bas est plus large. Le fond \u00e9paissi rend la bouteille plus stable. Le corps en verre transparent ou gel\u00e9 est associ\u00e9 \u00e0 une t\u00eate de pompe liquide filet\u00e9e blanche, ce qui est pratique pour le remplissage (le corps de la bouteille peut \u00eatre personnalis\u00e9 pour \u00eatre transparent ou dans sa couleur originale, et le bouchon de la bouteille peut \u00e9galement \u00eatre moul\u00e9 par injection dans la couleur souhait\u00e9e selon les exigences). Ce capuchon anti-poussi\u00e8re invers\u00e9 est \u00e0 la fois beau et anti-poussi\u00e8re.<\/p>\n<p>Cette bouteille de lotion de 30ml a un diam\u00e8tre de 46,5 mm et une hauteur totale de 96 mm. La hauteur maximale imprim\u00e9e est de 13 mm et la bouteille p\u00e8se 131,3 g. La hauteur imprim\u00e9e du bouchon de bouteille est de 70 mm. Nous pouvons fournir divers services de personnalisation pour ce produit, tels que la s\u00e9rigraphie, l'impression en or, le sablage, la galvanoplastie, l'\u00e9tiquetage, etc.<\/p>\n<p>La conception de la t\u00eate de pompe permet de distribuer la quantit\u00e9 exacte, sans provoquer aucune contamination secondaire du contenu.<\/p>\n<p>Notre produit offre une gamme d'options de personnalisation pour r\u00e9pondre \u00e0 vos besoins de marque uniques et \u00e9lever la pr\u00e9sentation de vos cosm\u00e9tiques.<\/p>\n<p>Si vous \u00eates int\u00e9ress\u00e9 par ce type de bouteille, veuillez nous envoyer vos exigences de personnalisation. Nous disposons d'une \u00e9quipe professionnelle qui vous fournira un service individuel.<\/p>\n<table style=\"border-collapse: collapse; width: 100%;\">\n<tbody>\n<tr>\n<td style=\"width: 50%;\"><img decoding=\"async\" class=\"alignnone size-full wp-image-3774\" src=\"https:\/\/www.cosmepak.com\/wp-content\/uploads\/2025\/06\/O1CN01RvufTh1TbFfb9FUhG_2506382400-0-cib1.jpg\" alt=\"\" width=\"1000\" height=\"1000\" srcset=\"https:\/\/www.cosmepak.com\/wp-content\/uploads\/2025\/06\/O1CN01RvufTh1TbFfb9FUhG_2506382400-0-cib1.jpg 1000w, https:\/\/www.cosmepak.com\/wp-content\/uploads\/2025\/06\/O1CN01RvufTh1TbFfb9FUhG_2506382400-0-cib1-300x300.jpg 300w, https:\/\/www.cosmepak.com\/wp-content\/uploads\/2025\/06\/O1CN01RvufTh1TbFfb9FUhG_2506382400-0-cib1-150x150.jpg 150w, https:\/\/www.cosmepak.com\/wp-content\/uploads\/2025\/06\/O1CN01RvufTh1TbFfb9FUhG_2506382400-0-cib1-768x768.jpg 768w, https:\/\/www.cosmepak.com\/wp-content\/uploads\/2025\/06\/O1CN01RvufTh1TbFfb9FUhG_2506382400-0-cib1-12x12.jpg 12w, https:\/\/www.cosmepak.com\/wp-content\/uploads\/2025\/06\/O1CN01RvufTh1TbFfb9FUhG_2506382400-0-cib1-600x600.jpg 600w, https:\/\/www.cosmepak.com\/wp-content\/uploads\/2025\/06\/O1CN01RvufTh1TbFfb9FUhG_2506382400-0-cib1-100x100.jpg 100w\" sizes=\"(max-width: 1000px) 100vw, 1000px\" \/><\/td>\n<td style=\"width: 50%;\"><img decoding=\"async\" class=\"alignnone size-full wp-image-3775\" src=\"https:\/\/www.cosmepak.com\/wp-content\/uploads\/2025\/06\/111.jpg\" alt=\"\" width=\"1000\" height=\"1000\" srcset=\"https:\/\/www.cosmepak.com\/wp-content\/uploads\/2025\/06\/111.jpg 1000w, https:\/\/www.cosmepak.com\/wp-content\/uploads\/2025\/06\/111-300x300.jpg 300w, https:\/\/www.cosmepak.com\/wp-content\/uploads\/2025\/06\/111-150x150.jpg 150w, https:\/\/www.cosmepak.com\/wp-content\/uploads\/2025\/06\/111-768x768.jpg 768w, https:\/\/www.cosmepak.com\/wp-content\/uploads\/2025\/06\/111-12x12.jpg 12w, https:\/\/www.cosmepak.com\/wp-content\/uploads\/2025\/06\/111-600x600.jpg 600w, https:\/\/www.cosmepak.com\/wp-content\/uploads\/2025\/06\/111-100x100.jpg 100w\" sizes=\"(max-width: 1000px) 100vw, 1000px\" \/><\/td>\n<\/tr>\n<\/tbody>\n<\/table>\n<table style=\"border-collapse: collapse; width: 100%;\">\n<tbody>\n<tr>\n<td style=\"width: 33.3333%;\"><img loading=\"lazy\" decoding=\"async\" class=\"alignnone size-full wp-image-3773\" src=\"https:\/\/www.cosmepak.com\/wp-content\/uploads\/2025\/06\/O1CN01JGjPXL1TbFfaU9RaW_2506382400-0-cib1.jpg\" alt=\"\" width=\"1000\" height=\"1000\" srcset=\"https:\/\/www.cosmepak.com\/wp-content\/uploads\/2025\/06\/O1CN01JGjPXL1TbFfaU9RaW_2506382400-0-cib1.jpg 1000w, https:\/\/www.cosmepak.com\/wp-content\/uploads\/2025\/06\/O1CN01JGjPXL1TbFfaU9RaW_2506382400-0-cib1-300x300.jpg 300w, https:\/\/www.cosmepak.com\/wp-content\/uploads\/2025\/06\/O1CN01JGjPXL1TbFfaU9RaW_2506382400-0-cib1-150x150.jpg 150w, https:\/\/www.cosmepak.com\/wp-content\/uploads\/2025\/06\/O1CN01JGjPXL1TbFfaU9RaW_2506382400-0-cib1-768x768.jpg 768w, https:\/\/www.cosmepak.com\/wp-content\/uploads\/2025\/06\/O1CN01JGjPXL1TbFfaU9RaW_2506382400-0-cib1-12x12.jpg 12w, https:\/\/www.cosmepak.com\/wp-content\/uploads\/2025\/06\/O1CN01JGjPXL1TbFfaU9RaW_2506382400-0-cib1-600x600.jpg 600w, https:\/\/www.cosmepak.com\/wp-content\/uploads\/2025\/06\/O1CN01JGjPXL1TbFfaU9RaW_2506382400-0-cib1-100x100.jpg 100w\" sizes=\"(max-width: 1000px) 100vw, 1000px\" \/><\/td>\n<td style=\"width: 33.3333%;\"><img loading=\"lazy\" decoding=\"async\" class=\"alignnone size-full wp-image-3772\" src=\"https:\/\/www.cosmepak.com\/wp-content\/uploads\/2025\/06\/181.jpg\" alt=\"\" width=\"1000\" height=\"1000\" srcset=\"https:\/\/www.cosmepak.com\/wp-content\/uploads\/2025\/06\/181.jpg 1000w, https:\/\/www.cosmepak.com\/wp-content\/uploads\/2025\/06\/181-300x300.jpg 300w, https:\/\/www.cosmepak.com\/wp-content\/uploads\/2025\/06\/181-150x150.jpg 150w, https:\/\/www.cosmepak.com\/wp-content\/uploads\/2025\/06\/181-768x768.jpg 768w, https:\/\/www.cosmepak.com\/wp-content\/uploads\/2025\/06\/181-12x12.jpg 12w, https:\/\/www.cosmepak.com\/wp-content\/uploads\/2025\/06\/181-600x600.jpg 600w, https:\/\/www.cosmepak.com\/wp-content\/uploads\/2025\/06\/181-100x100.jpg 100w\" sizes=\"(max-width: 1000px) 100vw, 1000px\" \/><\/td>\n<td style=\"width: 33.3333%;\"><img loading=\"lazy\" decoding=\"async\" class=\"alignnone size-full wp-image-3776\" src=\"https:\/\/www.cosmepak.com\/wp-content\/uploads\/2025\/06\/O1CN01WmuLNx1TbFfbYlZsx_2506382400-0-cib1.jpg\" alt=\"\" width=\"1000\" height=\"1000\" srcset=\"https:\/\/www.cosmepak.com\/wp-content\/uploads\/2025\/06\/O1CN01WmuLNx1TbFfbYlZsx_2506382400-0-cib1.jpg 1000w, https:\/\/www.cosmepak.com\/wp-content\/uploads\/2025\/06\/O1CN01WmuLNx1TbFfbYlZsx_2506382400-0-cib1-300x300.jpg 300w, https:\/\/www.cosmepak.com\/wp-content\/uploads\/2025\/06\/O1CN01WmuLNx1TbFfbYlZsx_2506382400-0-cib1-150x150.jpg 150w, https:\/\/www.cosmepak.com\/wp-content\/uploads\/2025\/06\/O1CN01WmuLNx1TbFfbYlZsx_2506382400-0-cib1-768x768.jpg 768w, https:\/\/www.cosmepak.com\/wp-content\/uploads\/2025\/06\/O1CN01WmuLNx1TbFfbYlZsx_2506382400-0-cib1-12x12.jpg 12w, https:\/\/www.cosmepak.com\/wp-content\/uploads\/2025\/06\/O1CN01WmuLNx1TbFfbYlZsx_2506382400-0-cib1-600x600.jpg 600w, https:\/\/www.cosmepak.com\/wp-content\/uploads\/2025\/06\/O1CN01WmuLNx1TbFfbYlZsx_2506382400-0-cib1-100x100.jpg 100w\" sizes=\"(max-width: 1000px) 100vw, 1000px\" \/><\/td>\n<\/tr>\n<\/tbody>\n<\/table>\n<table style=\"border-collapse: collapse; width: 100%;\">\n<tbody>\n<tr>\n<td style=\"width: 50%;\"><img loading=\"lazy\" decoding=\"async\" class=\"alignnone size-full wp-image-3777\" src=\"https:\/\/www.cosmepak.com\/wp-content\/uploads\/2025\/06\/161.jpg\" alt=\"\" width=\"1000\" height=\"1000\" srcset=\"https:\/\/www.cosmepak.com\/wp-content\/uploads\/2025\/06\/161.jpg 1000w, https:\/\/www.cosmepak.com\/wp-content\/uploads\/2025\/06\/161-300x300.jpg 300w, https:\/\/www.cosmepak.com\/wp-content\/uploads\/2025\/06\/161-150x150.jpg 150w, https:\/\/www.cosmepak.com\/wp-content\/uploads\/2025\/06\/161-768x768.jpg 768w, https:\/\/www.cosmepak.com\/wp-content\/uploads\/2025\/06\/161-12x12.jpg 12w, https:\/\/www.cosmepak.com\/wp-content\/uploads\/2025\/06\/161-600x600.jpg 600w, https:\/\/www.cosmepak.com\/wp-content\/uploads\/2025\/06\/161-100x100.jpg 100w\" sizes=\"(max-width: 1000px) 100vw, 1000px\" \/><\/td>\n<td style=\"width: 50%;\"><img loading=\"lazy\" decoding=\"async\" class=\"alignnone size-full wp-image-3778\" src=\"https:\/\/www.cosmepak.com\/wp-content\/uploads\/2025\/06\/171.jpg\" alt=\"\" width=\"1000\" height=\"1000\" srcset=\"https:\/\/www.cosmepak.com\/wp-content\/uploads\/2025\/06\/171.jpg 1000w, https:\/\/www.cosmepak.com\/wp-content\/uploads\/2025\/06\/171-300x300.jpg 300w, https:\/\/www.cosmepak.com\/wp-content\/uploads\/2025\/06\/171-150x150.jpg 150w, https:\/\/www.cosmepak.com\/wp-content\/uploads\/2025\/06\/171-768x768.jpg 768w, https:\/\/www.cosmepak.com\/wp-content\/uploads\/2025\/06\/171-12x12.jpg 12w, https:\/\/www.cosmepak.com\/wp-content\/uploads\/2025\/06\/171-600x600.jpg 600w, https:\/\/www.cosmepak.com\/wp-content\/uploads\/2025\/06\/171-100x100.jpg 100w\" sizes=\"(max-width: 1000px) 100vw, 1000px\" \/><\/td>\n<\/tr>\n<\/tbody>\n<\/table>\n<p>&nbsp;<\/p>","protected":false},"excerpt":{"rendered":"<p>Mat\u00e9riau: verre<\/p>\n<p>Capacit\u00e9: 30 ml<\/p>\n<p>Couleur: accepter personnalis\u00e9 (toute couleur Pantone disponible)<\/p>\n<p>Finition de surface: impression d'\u00e9cran, estampage chaud, gradient de pulv\u00e9risation, finition mate, etc.<\/p>\n<p>MOQ : 10000<\/p>\n<p>\u00c9chantillon: \u00e9chantillons gratuits disponibles<\/p>\n<p>&nbsp;<\/p>\n<p>&nbsp;<\/p>","protected":false},"featured_media":3779,"comment_status":"closed","ping_status":"closed","template":"","meta":{"_acf_changed":false},"product_brand":[],"product_cat":[45,19],"product_tag":[62],"class_list":{"0":"post-2054","1":"product","2":"type-product","3":"status-publish","4":"has-post-thumbnail","6":"product_cat-serum-pump-bottle","7":"product_cat-skincare-glass-bottle","8":"product_tag-serum-bottle","10":"first","11":"instock","12":"shipping-taxable","13":"product-type-simple"},"acf":[],"_links":{"self":[{"href":"https:\/\/www.cosmepak.com\/fr\/wp-json\/wp\/v2\/product\/2054","targetHints":{"allow":["GET"]}}],"collection":[{"href":"https:\/\/www.cosmepak.com\/fr\/wp-json\/wp\/v2\/product"}],"about":[{"href":"https:\/\/www.cosmepak.com\/fr\/wp-json\/wp\/v2\/types\/product"}],"replies":[{"embeddable":true,"href":"https:\/\/www.cosmepak.com\/fr\/wp-json\/wp\/v2\/comments?post=2054"}],"wp:featuredmedia":[{"embeddable":true,"href":"https:\/\/www.cosmepak.com\/fr\/wp-json\/wp\/v2\/media\/3779"}],"wp:attachment":[{"href":"https:\/\/www.cosmepak.com\/fr\/wp-json\/wp\/v2\/media?parent=2054"}],"wp:term":[{"taxonomy":"product_brand","embeddable":true,"href":"https:\/\/www.cosmepak.com\/fr\/wp-json\/wp\/v2\/product_brand?post=2054"},{"taxonomy":"product_cat","embeddable":true,"href":"https:\/\/www.cosmepak.com\/fr\/wp-json\/wp\/v2\/product_cat?post=2054"},{"taxonomy":"product_tag","embeddable":true,"href":"https:\/\/www.cosmepak.com\/fr\/wp-json\/wp\/v2\/product_tag?post=2054"}],"curies":[{"name":"WP","href":"https:\/\/api.w.org\/{rel}","templated":true}]}}