{"id":2088,"date":"2025-06-06T17:30:22","date_gmt":"2025-06-06T09:30:22","guid":{"rendered":"https:\/\/www.cosmepak.com\/?post_type=product&#038;p=2088"},"modified":"2025-12-30T14:50:22","modified_gmt":"2025-12-30T06:50:22","slug":"30ml-40ml-100ml-120ml-carre-epaisseur-fond-produit-de-soins-de-la-peau-bouteilles-en-verre-en-stock","status":"publish","type":"product","link":"https:\/\/www.cosmepak.com\/fr\/product\/30ml-40ml-100ml-120ml-square-thick-bottomed-skin-care-product-glass-bottles-in-stock\/","title":{"rendered":"30ml 40ml 100ml 120ml Bouteilles en verre de produits de soins de la peau \u00e0 fond \u00e9pais carr\u00e9s en stock \/Jaunce"},"content":{"rendered":"<table style=\"border-collapse: collapse; width: 100%; height: 216px;\">\n<tbody>\n<tr style=\"height: 24px;\">\n<td style=\"width: 40.6929%; height: 216px;\" rowspan=\"9\"><img fetchpriority=\"high\" decoding=\"async\" class=\"alignnone size-full wp-image-2568\" src=\"https:\/\/www.cosmepak.com\/wp-content\/uploads\/2025\/06\/\u4e3b\u56fe-7.jpg\" alt=\"bouteilles de cr\u00e8me\" width=\"1000\" height=\"1000\" srcset=\"https:\/\/www.cosmepak.com\/wp-content\/uploads\/2025\/06\/\u4e3b\u56fe-7.jpg 1000w, https:\/\/www.cosmepak.com\/wp-content\/uploads\/2025\/06\/\u4e3b\u56fe-7-300x300.jpg 300w, https:\/\/www.cosmepak.com\/wp-content\/uploads\/2025\/06\/\u4e3b\u56fe-7-150x150.jpg 150w, https:\/\/www.cosmepak.com\/wp-content\/uploads\/2025\/06\/\u4e3b\u56fe-7-768x768.jpg 768w, https:\/\/www.cosmepak.com\/wp-content\/uploads\/2025\/06\/\u4e3b\u56fe-7-12x12.jpg 12w, https:\/\/www.cosmepak.com\/wp-content\/uploads\/2025\/06\/\u4e3b\u56fe-7-600x600.jpg 600w, https:\/\/www.cosmepak.com\/wp-content\/uploads\/2025\/06\/\u4e3b\u56fe-7-100x100.jpg 100w\" sizes=\"(max-width: 1000px) 100vw, 1000px\" \/><\/td>\n<td style=\"width: 23.5109%; height: 24px; text-align: center;\">Marque<\/td>\n<td style=\"width: 35.7961%; height: 24px; text-align: center;\">\u00a0Jaunce<\/td>\n<\/tr>\n<tr style=\"height: 24px;\">\n<td style=\"width: 23.5109%; height: 24px; text-align: center;\">Capacit\u00e9<\/td>\n<td style=\"width: 35.7961%; height: 24px; text-align: center;\">30ml \/ 40ml \/ 100ml \/ 120ml \/ 30g \/ 50g<\/td>\n<\/tr>\n<tr style=\"height: 24px;\">\n<td style=\"width: 23.5109%; height: 24px; text-align: center;\">Forme<\/td>\n<td style=\"width: 35.7961%; height: 24px; text-align: center;\">Carr\u00e9<\/td>\n<\/tr>\n<tr style=\"height: 24px;\">\n<td style=\"width: 23.5109%; height: 24px; text-align: center;\">Mat\u00e9riel<\/td>\n<td style=\"width: 35.7961%; height: 24px; text-align: center;\">Verre<\/td>\n<\/tr>\n<tr style=\"height: 24px;\">\n<td style=\"width: 23.5109%; height: 24px; text-align: center;\">Mod\u00e8le<\/td>\n<td style=\"width: 35.7961%; height: 24px; text-align: center;\">JH-YJY230<\/td>\n<\/tr>\n<tr style=\"height: 24px;\">\n<td style=\"width: 23.5109%; height: 24px; text-align: center;\">OEM \/ ODM<\/td>\n<td style=\"width: 35.7961%; height: 24px; text-align: center;\">Accepter<\/td>\n<\/tr>\n<tr style=\"height: 24px;\">\n<td style=\"width: 23.5109%; height: 24px; text-align: center;\">Couleur<\/td>\n<td style=\"width: 35.7961%; height: 24px; text-align: center;\">Toute couleur Parton personnalis\u00e9e<\/td>\n<\/tr>\n<tr style=\"height: 24px;\">\n<td style=\"width: 23.5109%; height: 24px; text-align: center;\">Usage<\/td>\n<td style=\"width: 35.7961%; height: 24px; text-align: center;\">Lotion\/Fondation\/cr\u00e8me etc.<\/td>\n<\/tr>\n<tr style=\"height: 24px;\">\n<td style=\"width: 23.5109%; height: 24px; text-align: center;\">MOQ<\/td>\n<td style=\"width: 35.7961%; height: 24px; text-align: center;\">3000pcs transparents, 10000pcs personnalis\u00e9s<\/td>\n<\/tr>\n<\/tbody>\n<\/table>\n<table style=\"border-collapse: collapse; width: 100%; height: 168px;\">\n<tbody>\n<tr style=\"height: 24px;\">\n<td style=\"width: 11.8491%; text-align: center; height: 24px;\"><strong>Article<\/strong><\/td>\n<td style=\"width: 13.1117%; text-align: center; height: 24px;\"><strong>Capacit\u00e9<\/strong><\/td>\n<td style=\"width: 14.6772%; text-align: center; height: 24px;\"><strong>Diam\u00e8tre<\/strong><\/td>\n<td style=\"width: 12.8016%; text-align: center; height: 24px;\"><strong>Hauteur d'\u00e9paule<\/strong><\/td>\n<td style=\"width: 12.6561%; text-align: center; height: 24px;\"><strong>Hauteur totale<\/strong><\/td>\n<\/tr>\n<tr style=\"height: 24px;\">\n<td style=\"width: 11.8491%; text-align: center; height: 24px;\">JH-YJY230-SH1003<\/td>\n<td style=\"width: 13.1117%; text-align: center; height: 24px;\">20g<\/td>\n<td style=\"width: 14.6772%; text-align: center; height: 24px;\">51 mm<\/td>\n<td style=\"width: 12.8016%; text-align: center; height: 24px;\">15 mm<\/td>\n<td style=\"width: 12.6561%; text-align: center; height: 24px;\">39 mm<\/td>\n<\/tr>\n<tr style=\"height: 24px;\">\n<td style=\"width: 11.8491%; text-align: center; height: 24px;\">JH-YJY230-SH1002<\/td>\n<td style=\"width: 13.1117%; text-align: center; height: 24px;\">50g<\/td>\n<td style=\"width: 14.6772%; text-align: center; height: 24px;\">68 mm<\/td>\n<td style=\"width: 12.8016%; text-align: center; height: 24px;\">20 mm<\/td>\n<td style=\"width: 12.6561%; text-align: center; height: 24px;\">47 mm<\/td>\n<\/tr>\n<tr style=\"height: 24px;\">\n<td style=\"width: 11.8491%; text-align: center; height: 24px;\">JH-YJY230-SH2019<\/td>\n<td style=\"width: 13.1117%; text-align: center; height: 24px;\">30 ml<\/td>\n<td style=\"width: 14.6772%; text-align: center; height: 24px;\">35 mm<\/td>\n<td style=\"width: 12.8016%; text-align: center; height: 24px;\">55 mm<\/td>\n<td style=\"width: 12.6561%; text-align: center; height: 24px;\">109mm<\/td>\n<\/tr>\n<tr style=\"height: 24px;\">\n<td style=\"width: 11.8491%; text-align: center; height: 24px;\">JH-YJY230-SH2018<\/td>\n<td style=\"width: 13.1117%; text-align: center; height: 24px;\">40 ml<\/td>\n<td style=\"width: 14.6772%; text-align: center; height: 24px;\">35 mm<\/td>\n<td style=\"width: 12.8016%; text-align: center; height: 24px;\">65 mm<\/td>\n<td style=\"width: 12.6561%; text-align: center; height: 24px;\">122mm<\/td>\n<\/tr>\n<tr style=\"height: 24px;\">\n<td style=\"width: 11.8491%; text-align: center; height: 24px;\">JH-YJY230-SH2017<\/td>\n<td style=\"width: 13.1117%; text-align: center; height: 24px;\">100 ml<\/td>\n<td style=\"width: 14.6772%; text-align: center; height: 24px;\">40 mm<\/td>\n<td style=\"width: 12.8016%; text-align: center; height: 24px;\">110 mm<\/td>\n<td style=\"width: 12.6561%; text-align: center; height: 24px;\">170 mm<\/td>\n<\/tr>\n<tr style=\"height: 24px;\">\n<td style=\"width: 11.8491%; text-align: center; height: 24px;\">JH-YJY230-SH2016<\/td>\n<td style=\"width: 13.1117%; text-align: center; height: 24px;\">120 ml<\/td>\n<td style=\"width: 14.6772%; text-align: center; height: 24px;\">40 mm<\/td>\n<td style=\"width: 12.8016%; text-align: center; height: 24px;\">130 mm<\/td>\n<td style=\"width: 12.6561%; text-align: center; height: 24px;\">191mm<\/td>\n<\/tr>\n<\/tbody>\n<\/table>\n<p>Cet ensemble de bouteilles en verre de soins de la peau carr\u00e9. Cet ensemble polyvalent comprend diff\u00e9rentes tailles de bouteilles vides adapt\u00e9es aux lotions, aux cr\u00e8mes et aux s\u00e9rums. Fabriqu\u00e9es en verre de haute qualit\u00e9, ces bouteilles assurent que vos produits de soins de la peau sont stock\u00e9s en toute s\u00e9curit\u00e9 et avec \u00e9l\u00e9gance.<\/p>\n<p style=\"text-align: left;\">Conception de fond \u00e9pais carr\u00e9 pour un look moderne et robuste, et sp\u00e9cifications multiples pour r\u00e9pondre \u00e0 diff\u00e9rents besoins de soins de la peau. nous soutenons \u00e9galement l'artisanat personnalis\u00e9 et la personnalisation de l'\u00e9chantillon.<\/p>\n<p style=\"text-align: left;\">Am\u00e9liorez votre gamme de soins de la peau avec ces bouteilles en verre \u00e9l\u00e9gantes et durables. Parfait pour un usage personnel et un emballage professionnel.<\/p>\n<p style=\"text-align: center;\"><img decoding=\"async\" class=\"alignnone size-full wp-image-2572\" src=\"https:\/\/www.cosmepak.com\/wp-content\/uploads\/2025\/06\/\u8be6\u60c5-3.jpg\" alt=\"\" width=\"1000\" height=\"1000\" srcset=\"https:\/\/www.cosmepak.com\/wp-content\/uploads\/2025\/06\/\u8be6\u60c5-3.jpg 1000w, https:\/\/www.cosmepak.com\/wp-content\/uploads\/2025\/06\/\u8be6\u60c5-3-300x300.jpg 300w, https:\/\/www.cosmepak.com\/wp-content\/uploads\/2025\/06\/\u8be6\u60c5-3-150x150.jpg 150w, https:\/\/www.cosmepak.com\/wp-content\/uploads\/2025\/06\/\u8be6\u60c5-3-768x768.jpg 768w, https:\/\/www.cosmepak.com\/wp-content\/uploads\/2025\/06\/\u8be6\u60c5-3-12x12.jpg 12w, https:\/\/www.cosmepak.com\/wp-content\/uploads\/2025\/06\/\u8be6\u60c5-3-600x600.jpg 600w, https:\/\/www.cosmepak.com\/wp-content\/uploads\/2025\/06\/\u8be6\u60c5-3-100x100.jpg 100w\" sizes=\"(max-width: 1000px) 100vw, 1000px\" \/><\/p>\n<p>Pour cette bouteille de verre de produit de soin de la peau \u00e0 fond \u00e9pais carr\u00e9, nous fournissons des services de personnalisation professionnels pour les bouteilles d'emballage cosm\u00e9tiques pour r\u00e9pondre aux besoins de diff\u00e9rents produits cosm\u00e9tiques. Nous pouvons personnaliser \u00e9tape par \u00e9tape en fonction des diff\u00e9rents besoins de nos clients, de la quantit\u00e9 minimale de commande \u00e0 la conception de l'apparence et l'impression des marques de commerce.<\/p>\n<p>Nous avons s\u00e9rigraphie, gla\u00e7age, pulv\u00e9risation de motif sticker.rock d'\u00e9tiquette, pulv\u00e9risation de fissure de glace, impression 3D, impression de transfert d'eau, couleur transparente, couleur solide, pulv\u00e9risation de gradient, placage, galvanoplating iridescent, bronzage et estampage \u00e0 chaud etc.<\/p>\n<p>Nous sommes sp\u00e9cialis\u00e9s dans l'emballage et l'exp\u00e9dition d'emballages en verre et en plastique. Nous avons adopt\u00e9 des techniques avanc\u00e9es pour nous assurer que nos emballages sont s\u00fbrs et que les produits sont livr\u00e9s intacts. Nous garantissons que si des dommages surviennent pendant le transport, nous indemniserons les pertes subies. Avec des ann\u00e9es d'exp\u00e9rience dans l'industrie, nous avons acquis une r\u00e9putation pour fournir d'excellents services d'emballage et de transport \u00e0 nos clients. Faites-nous confiance pour r\u00e9pondre \u00e0 vos besoins d'emballage et de transport et livrer vos produits en toute s\u00e9curit\u00e9 et intacte.<\/p>\n<p><img decoding=\"async\" class=\"size-full wp-image-2569 aligncenter\" src=\"https:\/\/www.cosmepak.com\/wp-content\/uploads\/2025\/06\/\u8be6\u60c5-4.jpg\" alt=\"\" width=\"1000\" height=\"1489\" srcset=\"https:\/\/www.cosmepak.com\/wp-content\/uploads\/2025\/06\/\u8be6\u60c5-4.jpg 1000w, https:\/\/www.cosmepak.com\/wp-content\/uploads\/2025\/06\/\u8be6\u60c5-4-201x300.jpg 201w, https:\/\/www.cosmepak.com\/wp-content\/uploads\/2025\/06\/\u8be6\u60c5-4-688x1024.jpg 688w, https:\/\/www.cosmepak.com\/wp-content\/uploads\/2025\/06\/\u8be6\u60c5-4-768x1144.jpg 768w, https:\/\/www.cosmepak.com\/wp-content\/uploads\/2025\/06\/\u8be6\u60c5-4-8x12.jpg 8w, https:\/\/www.cosmepak.com\/wp-content\/uploads\/2025\/06\/\u8be6\u60c5-4-600x893.jpg 600w\" sizes=\"(max-width: 1000px) 100vw, 1000px\" \/><\/p>\n<p><img loading=\"lazy\" decoding=\"async\" class=\"size-full wp-image-2570 aligncenter\" src=\"https:\/\/www.cosmepak.com\/wp-content\/uploads\/2025\/06\/\u8be6\u60c5-5.jpg\" alt=\"\" width=\"1000\" height=\"943\" srcset=\"https:\/\/www.cosmepak.com\/wp-content\/uploads\/2025\/06\/\u8be6\u60c5-5.jpg 1000w, https:\/\/www.cosmepak.com\/wp-content\/uploads\/2025\/06\/\u8be6\u60c5-5-300x283.jpg 300w, https:\/\/www.cosmepak.com\/wp-content\/uploads\/2025\/06\/\u8be6\u60c5-5-768x724.jpg 768w, https:\/\/www.cosmepak.com\/wp-content\/uploads\/2025\/06\/\u8be6\u60c5-5-13x12.jpg 13w, https:\/\/www.cosmepak.com\/wp-content\/uploads\/2025\/06\/\u8be6\u60c5-5-600x566.jpg 600w\" sizes=\"(max-width: 1000px) 100vw, 1000px\" \/><\/p>\n<p><img loading=\"lazy\" decoding=\"async\" class=\"size-full wp-image-2571 aligncenter\" src=\"https:\/\/www.cosmepak.com\/wp-content\/uploads\/2025\/06\/\u8be6\u60c5-6.jpg\" alt=\"\" width=\"1000\" height=\"981\" srcset=\"https:\/\/www.cosmepak.com\/wp-content\/uploads\/2025\/06\/\u8be6\u60c5-6.jpg 1000w, https:\/\/www.cosmepak.com\/wp-content\/uploads\/2025\/06\/\u8be6\u60c5-6-300x294.jpg 300w, https:\/\/www.cosmepak.com\/wp-content\/uploads\/2025\/06\/\u8be6\u60c5-6-768x753.jpg 768w, https:\/\/www.cosmepak.com\/wp-content\/uploads\/2025\/06\/\u8be6\u60c5-6-12x12.jpg 12w, https:\/\/www.cosmepak.com\/wp-content\/uploads\/2025\/06\/\u8be6\u60c5-6-600x589.jpg 600w\" sizes=\"(max-width: 1000px) 100vw, 1000px\" \/><\/p>\n<table style=\"border-collapse: collapse; width: 100%;\">\n<tbody>\n<tr>\n<td style=\"width: 50%;\"><img loading=\"lazy\" decoding=\"async\" class=\"alignnone size-full wp-image-3841\" src=\"https:\/\/www.cosmepak.com\/wp-content\/uploads\/2025\/06\/9-1.jpg\" alt=\"\" width=\"1000\" height=\"1000\" srcset=\"https:\/\/www.cosmepak.com\/wp-content\/uploads\/2025\/06\/9-1.jpg 1000w, https:\/\/www.cosmepak.com\/wp-content\/uploads\/2025\/06\/9-1-300x300.jpg 300w, https:\/\/www.cosmepak.com\/wp-content\/uploads\/2025\/06\/9-1-150x150.jpg 150w, https:\/\/www.cosmepak.com\/wp-content\/uploads\/2025\/06\/9-1-768x768.jpg 768w, https:\/\/www.cosmepak.com\/wp-content\/uploads\/2025\/06\/9-1-12x12.jpg 12w, https:\/\/www.cosmepak.com\/wp-content\/uploads\/2025\/06\/9-1-600x600.jpg 600w, https:\/\/www.cosmepak.com\/wp-content\/uploads\/2025\/06\/9-1-100x100.jpg 100w\" sizes=\"(max-width: 1000px) 100vw, 1000px\" \/><\/td>\n<td style=\"width: 50%;\"><img loading=\"lazy\" decoding=\"async\" class=\"alignnone size-full wp-image-3842\" src=\"https:\/\/www.cosmepak.com\/wp-content\/uploads\/2025\/06\/10-1.jpg\" alt=\"\" width=\"1000\" height=\"1000\" srcset=\"https:\/\/www.cosmepak.com\/wp-content\/uploads\/2025\/06\/10-1.jpg 1000w, https:\/\/www.cosmepak.com\/wp-content\/uploads\/2025\/06\/10-1-300x300.jpg 300w, https:\/\/www.cosmepak.com\/wp-content\/uploads\/2025\/06\/10-1-150x150.jpg 150w, https:\/\/www.cosmepak.com\/wp-content\/uploads\/2025\/06\/10-1-768x768.jpg 768w, https:\/\/www.cosmepak.com\/wp-content\/uploads\/2025\/06\/10-1-12x12.jpg 12w, https:\/\/www.cosmepak.com\/wp-content\/uploads\/2025\/06\/10-1-600x600.jpg 600w, https:\/\/www.cosmepak.com\/wp-content\/uploads\/2025\/06\/10-1-100x100.jpg 100w\" sizes=\"(max-width: 1000px) 100vw, 1000px\" \/><\/td>\n<\/tr>\n<\/tbody>\n<\/table>\n<table style=\"border-collapse: collapse; width: 100%;\">\n<tbody>\n<tr>\n<td style=\"width: 50%;\"><img loading=\"lazy\" decoding=\"async\" class=\"alignnone size-full wp-image-3843\" src=\"https:\/\/www.cosmepak.com\/wp-content\/uploads\/2025\/06\/7-1.jpg\" alt=\"\" width=\"1000\" height=\"1000\" srcset=\"https:\/\/www.cosmepak.com\/wp-content\/uploads\/2025\/06\/7-1.jpg 1000w, https:\/\/www.cosmepak.com\/wp-content\/uploads\/2025\/06\/7-1-300x300.jpg 300w, https:\/\/www.cosmepak.com\/wp-content\/uploads\/2025\/06\/7-1-150x150.jpg 150w, https:\/\/www.cosmepak.com\/wp-content\/uploads\/2025\/06\/7-1-768x768.jpg 768w, https:\/\/www.cosmepak.com\/wp-content\/uploads\/2025\/06\/7-1-12x12.jpg 12w, https:\/\/www.cosmepak.com\/wp-content\/uploads\/2025\/06\/7-1-600x600.jpg 600w, https:\/\/www.cosmepak.com\/wp-content\/uploads\/2025\/06\/7-1-100x100.jpg 100w\" sizes=\"(max-width: 1000px) 100vw, 1000px\" \/><\/td>\n<td style=\"width: 50%;\"><img loading=\"lazy\" decoding=\"async\" class=\"alignnone size-full wp-image-3844\" src=\"https:\/\/www.cosmepak.com\/wp-content\/uploads\/2025\/06\/8-1.jpg\" alt=\"\" width=\"1000\" height=\"1000\" srcset=\"https:\/\/www.cosmepak.com\/wp-content\/uploads\/2025\/06\/8-1.jpg 1000w, https:\/\/www.cosmepak.com\/wp-content\/uploads\/2025\/06\/8-1-300x300.jpg 300w, https:\/\/www.cosmepak.com\/wp-content\/uploads\/2025\/06\/8-1-150x150.jpg 150w, https:\/\/www.cosmepak.com\/wp-content\/uploads\/2025\/06\/8-1-768x768.jpg 768w, https:\/\/www.cosmepak.com\/wp-content\/uploads\/2025\/06\/8-1-12x12.jpg 12w, https:\/\/www.cosmepak.com\/wp-content\/uploads\/2025\/06\/8-1-600x600.jpg 600w, https:\/\/www.cosmepak.com\/wp-content\/uploads\/2025\/06\/8-1-100x100.jpg 100w\" sizes=\"(max-width: 1000px) 100vw, 1000px\" \/><\/td>\n<\/tr>\n<\/tbody>\n<\/table>\n<p>&nbsp;<\/p>\n<p><strong>\u00a0<\/strong><\/p>\n<p>&nbsp;<\/p>","protected":false},"excerpt":{"rendered":"<p>Mat\u00e9riau: verre<\/p>\n<p>Forme: carr\u00e9<\/p>\n<p>Bouchon: bouchon \u00e0 vis \/ bouchon de pompe \/ goutteur pour choisir.<\/p>\n<p>Capacit\u00e9: 30ml \/ 40ml \/ 100ml \/ 120ml \/ 30g \/ 50g<\/p>\n<p>Couleur: accepter personnalis\u00e9 (toute couleur Pantone disponible)<\/p>\n<p>Finition de surface: impression d'\u00e9cran, estampage chaud, gradient de pulv\u00e9risation, finition mate, etc.<\/p>\n<p>MOQ: 3000pcs \/ quantit\u00e9 personnalis\u00e9e 10000pcs<\/p>\n<p>\u00c9chantillon: \u00e9chantillons gratuits disponibles<\/p>\n<p>OEM\/ODM: Acceptable<\/p>\n<p>&nbsp;<\/p>\n<p>&nbsp;<\/p>","protected":false},"featured_media":2573,"comment_status":"closed","ping_status":"closed","template":"","meta":{"_acf_changed":false},"product_brand":[],"product_cat":[19,46],"product_tag":[43],"class_list":{"0":"post-2088","1":"product","2":"type-product","3":"status-publish","4":"has-post-thumbnail","6":"product_cat-skincare-glass-bottle","7":"product_cat-skincare-product-set-package","8":"product_tag-cosmetic-package-bottles","10":"first","11":"instock","12":"shipping-taxable","13":"product-type-simple"},"acf":[],"_links":{"self":[{"href":"https:\/\/www.cosmepak.com\/fr\/wp-json\/wp\/v2\/product\/2088","targetHints":{"allow":["GET"]}}],"collection":[{"href":"https:\/\/www.cosmepak.com\/fr\/wp-json\/wp\/v2\/product"}],"about":[{"href":"https:\/\/www.cosmepak.com\/fr\/wp-json\/wp\/v2\/types\/product"}],"replies":[{"embeddable":true,"href":"https:\/\/www.cosmepak.com\/fr\/wp-json\/wp\/v2\/comments?post=2088"}],"wp:featuredmedia":[{"embeddable":true,"href":"https:\/\/www.cosmepak.com\/fr\/wp-json\/wp\/v2\/media\/2573"}],"wp:attachment":[{"href":"https:\/\/www.cosmepak.com\/fr\/wp-json\/wp\/v2\/media?parent=2088"}],"wp:term":[{"taxonomy":"product_brand","embeddable":true,"href":"https:\/\/www.cosmepak.com\/fr\/wp-json\/wp\/v2\/product_brand?post=2088"},{"taxonomy":"product_cat","embeddable":true,"href":"https:\/\/www.cosmepak.com\/fr\/wp-json\/wp\/v2\/product_cat?post=2088"},{"taxonomy":"product_tag","embeddable":true,"href":"https:\/\/www.cosmepak.com\/fr\/wp-json\/wp\/v2\/product_tag?post=2088"}],"curies":[{"name":"WP","href":"https:\/\/api.w.org\/{rel}","templated":true}]}}