{"id":2665,"date":"2025-07-18T08:19:49","date_gmt":"2025-07-18T00:19:49","guid":{"rendered":"https:\/\/www.cosmepak.com\/?post_type=product&#038;p=2665"},"modified":"2025-08-07T14:18:40","modified_gmt":"2025-08-07T06:18:40","slug":"50ml-pp-capuchon-plastique-bouteille-de-cosmetique-jaune-2-3","status":"publish","type":"product","link":"https:\/\/www.cosmepak.com\/fr\/product\/50ml-pp-flip-cap-plastic-cosmetic-bottle-jaunce-2-2-2\/","title":{"rendered":"2025 Bouteille de lotion de type presse de nouveau style Bouteille de PET avec pompe\/Jaunce"},"content":{"rendered":"<table style=\"border-collapse: collapse; width: 100%; height: 168px;\">\n<tbody>\n<tr style=\"height: 24px;\">\n<td style=\"width: 33.3333%; height: 168px;\" rowspan=\"5\"><img fetchpriority=\"high\" decoding=\"async\" class=\"alignnone size-full wp-image-2667\" src=\"https:\/\/www.cosmepak.com\/wp-content\/uploads\/2025\/07\/284.jpg\" alt=\"\" width=\"1920\" height=\"1920\" srcset=\"https:\/\/www.cosmepak.com\/wp-content\/uploads\/2025\/07\/284.jpg 1920w, https:\/\/www.cosmepak.com\/wp-content\/uploads\/2025\/07\/284-300x300.jpg 300w, https:\/\/www.cosmepak.com\/wp-content\/uploads\/2025\/07\/284-1024x1024.jpg 1024w, https:\/\/www.cosmepak.com\/wp-content\/uploads\/2025\/07\/284-150x150.jpg 150w, https:\/\/www.cosmepak.com\/wp-content\/uploads\/2025\/07\/284-768x768.jpg 768w, https:\/\/www.cosmepak.com\/wp-content\/uploads\/2025\/07\/284-1536x1536.jpg 1536w, https:\/\/www.cosmepak.com\/wp-content\/uploads\/2025\/07\/284-12x12.jpg 12w, https:\/\/www.cosmepak.com\/wp-content\/uploads\/2025\/07\/284-600x600.jpg 600w, https:\/\/www.cosmepak.com\/wp-content\/uploads\/2025\/07\/284-100x100.jpg 100w\" sizes=\"(max-width: 1920px) 100vw, 1920px\" \/><\/td>\n<td style=\"width: 33.122%; height: 24px; text-align: center;\">Marque<\/td>\n<td style=\"width: 33.5446%; height: 24px; text-align: center;\">Jaunce<\/td>\n<\/tr>\n<tr style=\"height: 24px;\">\n<td style=\"width: 33.122%; height: 24px; text-align: center;\">Mod\u00e8le<\/td>\n<td style=\"width: 33.5446%; height: 24px; text-align: center;\">JH-SK1123<\/td>\n<\/tr>\n<tr style=\"height: 24px;\">\n<td style=\"width: 33.122%; height: 24px; text-align: center;\">Capcience<\/td>\n<td style=\"width: 33.5446%; height: 24px; text-align: center;\">60 ml \/ 80 ml \/ 100 ml<\/td>\n<\/tr>\n<tr style=\"height: 24px;\">\n<td style=\"width: 33.122%; height: 24px; text-align: center;\">Couleur<\/td>\n<td style=\"width: 33.5446%; height: 24px; text-align: center;\">personnalis\u00e9<\/td>\n<\/tr>\n<tr style=\"height: 24px;\">\n<td style=\"width: 33.122%; height: 24px; text-align: center;\">Mat\u00e9riel<\/td>\n<td style=\"width: 33.5446%; height: 24px; text-align: center;\">ANIMAL DE COMPAGNIE<\/td>\n<\/tr>\n<\/tbody>\n<\/table>\n<p>&nbsp;<\/p>\n<p><img decoding=\"async\" class=\"alignnone size-full wp-image-2668\" src=\"https:\/\/www.cosmepak.com\/wp-content\/uploads\/2025\/07\/283.jpg\" alt=\"\" width=\"1920\" height=\"1920\" srcset=\"https:\/\/www.cosmepak.com\/wp-content\/uploads\/2025\/07\/283.jpg 1920w, https:\/\/www.cosmepak.com\/wp-content\/uploads\/2025\/07\/283-300x300.jpg 300w, https:\/\/www.cosmepak.com\/wp-content\/uploads\/2025\/07\/283-1024x1024.jpg 1024w, https:\/\/www.cosmepak.com\/wp-content\/uploads\/2025\/07\/283-150x150.jpg 150w, https:\/\/www.cosmepak.com\/wp-content\/uploads\/2025\/07\/283-768x768.jpg 768w, https:\/\/www.cosmepak.com\/wp-content\/uploads\/2025\/07\/283-1536x1536.jpg 1536w, https:\/\/www.cosmepak.com\/wp-content\/uploads\/2025\/07\/283-12x12.jpg 12w, https:\/\/www.cosmepak.com\/wp-content\/uploads\/2025\/07\/283-600x600.jpg 600w, https:\/\/www.cosmepak.com\/wp-content\/uploads\/2025\/07\/283-100x100.jpg 100w\" sizes=\"(max-width: 1920px) 100vw, 1920px\" \/><\/p>\n<p><img decoding=\"async\" class=\"alignnone size-full wp-image-2669\" src=\"https:\/\/www.cosmepak.com\/wp-content\/uploads\/2025\/07\/285.jpg\" alt=\"\" width=\"1920\" height=\"1920\" srcset=\"https:\/\/www.cosmepak.com\/wp-content\/uploads\/2025\/07\/285.jpg 1920w, https:\/\/www.cosmepak.com\/wp-content\/uploads\/2025\/07\/285-300x300.jpg 300w, https:\/\/www.cosmepak.com\/wp-content\/uploads\/2025\/07\/285-1024x1024.jpg 1024w, https:\/\/www.cosmepak.com\/wp-content\/uploads\/2025\/07\/285-150x150.jpg 150w, https:\/\/www.cosmepak.com\/wp-content\/uploads\/2025\/07\/285-768x768.jpg 768w, https:\/\/www.cosmepak.com\/wp-content\/uploads\/2025\/07\/285-1536x1536.jpg 1536w, https:\/\/www.cosmepak.com\/wp-content\/uploads\/2025\/07\/285-12x12.jpg 12w, https:\/\/www.cosmepak.com\/wp-content\/uploads\/2025\/07\/285-600x600.jpg 600w, https:\/\/www.cosmepak.com\/wp-content\/uploads\/2025\/07\/285-100x100.jpg 100w\" sizes=\"(max-width: 1920px) 100vw, 1920px\" \/><\/p>\n<p><img loading=\"lazy\" decoding=\"async\" class=\"alignnone size-full wp-image-2670\" src=\"https:\/\/www.cosmepak.com\/wp-content\/uploads\/2025\/07\/286.jpg\" alt=\"\" width=\"1920\" height=\"1920\" srcset=\"https:\/\/www.cosmepak.com\/wp-content\/uploads\/2025\/07\/286.jpg 1920w, https:\/\/www.cosmepak.com\/wp-content\/uploads\/2025\/07\/286-300x300.jpg 300w, https:\/\/www.cosmepak.com\/wp-content\/uploads\/2025\/07\/286-1024x1024.jpg 1024w, https:\/\/www.cosmepak.com\/wp-content\/uploads\/2025\/07\/286-150x150.jpg 150w, https:\/\/www.cosmepak.com\/wp-content\/uploads\/2025\/07\/286-768x768.jpg 768w, https:\/\/www.cosmepak.com\/wp-content\/uploads\/2025\/07\/286-1536x1536.jpg 1536w, https:\/\/www.cosmepak.com\/wp-content\/uploads\/2025\/07\/286-12x12.jpg 12w, https:\/\/www.cosmepak.com\/wp-content\/uploads\/2025\/07\/286-600x600.jpg 600w, https:\/\/www.cosmepak.com\/wp-content\/uploads\/2025\/07\/286-100x100.jpg 100w\" sizes=\"(max-width: 1920px) 100vw, 1920px\" \/><\/p>\n<p>Emballage cosm\u00e9tique polyvalent: Bouteilles de lotion transparentes rondes<br \/>\nDans le monde dynamique des cosm\u00e9tiques, l\u2019emballage joue un r\u00f4le crucial dans l\u2019attrait et la fonctionnalit\u00e9 des produits. Parmi les diff\u00e9rentes options d'emballage disponibles, les bouteilles de lotion transparentes \u00e0 fond rond se distinguent par leur polyvalence et leur attrait esth\u00e9tique. Ici, nous explorons les avantages et les applications des bouteilles de lotion transparentes de fond rond de 60ml, 80ml et 100ml, id\u00e9ales pour les s\u00e9rums, les essences et les lotions.<\/p>\n<p>1. Appel esth\u00e9tique<br \/>\nLes bouteilles de lotion transparentes \u00e0 fond rond offrent un look \u00e9l\u00e9gant et moderne qui am\u00e9liore l'attrait visuel de tout produit cosm\u00e9tique. La conception claire permet aux consommateurs de voir le produit \u00e0 l'int\u00e9rieur, ce qui peut \u00eatre particuli\u00e8rement attrayant pour les s\u00e9rums et lotions de belles couleurs. Cette transparence transmet \u00e9galement un sens de puret\u00e9 et de qualit\u00e9, qui est essentiel dans l\u2019industrie cosm\u00e9tique.<\/p>\n<p>2. Polyvalence dans l'utilisation<br \/>\nCes bouteilles sont parfaites pour une large gamme de produits cosm\u00e9tiques, y compris:<\/p>\n<p>S\u00e9rums: La taille de 60 ml est id\u00e9ale pour les s\u00e9rums concentr\u00e9s, fournissant juste la bonne quantit\u00e9 pour une utilisation quotidienne.<br \/>\nEssences: La bouteille de 80 ml est parfaite pour les essences, offrant un \u00e9quilibre entre portabilit\u00e9 et quantit\u00e9 suffisante.<br \/>\nLotions: La taille de 100 ml est id\u00e9ale pour les lotions, assurant que les utilisateurs ont suffisamment de produit pour une utilisation prolong\u00e9e sans avoir besoin de recharges fr\u00e9quentes.<br \/>\n3. Distribution pratique<br \/>\nLa conception du fond rond de ces bouteilles est non seulement esth\u00e9tiquement agr\u00e9able mais aussi pratique. Il permet une distribution facile du produit, assurant que les utilisateurs peuvent acc\u00e9der \u00e0 chaque derni\u00e8re goutte. Cette conception minimise les d\u00e9chets et maximise la valeur du produit, ce qui est un avantage important pour les consommateurs et les fabricants.<\/p>\n<p>4. Dur\u00e9e et qualit\u00e9<br \/>\nFabriqu\u00e9es \u00e0 partir de mat\u00e9riaux de haute qualit\u00e9, ces bouteilles de lotion transparentes \u00e0 fond rond sont durables et r\u00e9sistantes \u00e0 la cassure. Cela garantit que le produit reste s\u00fbr et intact pendant le transport et l'utilisation quotidienne. La construction robuste am\u00e9liore \u00e9galement la valeur globale per\u00e7ue du produit.<\/p>\n<p>5. Options de personnalisation<br \/>\nCes bouteilles peuvent \u00eatre personnalis\u00e9es pour r\u00e9pondre \u00e0 des besoins sp\u00e9cifiques de marque. Les options d\u2019impression et d\u2019\u00e9tiquetage personnalis\u00e9es permettent aux marques de cr\u00e9er un look unique qui distingue leurs produits de la concurrence. Que ce soit&#8217; s un logo simple ou un design complexe, la personnalisation am\u00e9liore la reconnaissance de la marque et la fid\u00e9lit\u00e9 des consommateurs.<\/p>\n<p>6. Choix \u00e9cologique<br \/>\nAujourd'hui&#8217; sur le march\u00e9, la durabilit\u00e9 est une pr\u00e9occupation cl\u00e9. Les bouteilles de lotion transparentes \u00e0 fond rond peuvent \u00eatre fabriqu\u00e9es \u00e0 partir de mat\u00e9riaux recyclables, ce qui en fait un choix \u00e9cologique pour les marques respectueuses de l'environnement. Cela correspond \u00e0 la demande croissante des consommateurs de solutions d\u2019emballage durables.<\/p>\n<p>Conclusion<br \/>\nLes bouteilles de lotion transparentes de fond rond en tailles de 60ml, 80ml et 100ml offrent une solution polyvalente, esth\u00e9tiquement agr\u00e9able et pratique pour l'emballage de s\u00e9rums, d'essences et de lotions. Leur conception claire, leur durabilit\u00e9 et leurs options de personnalisation en font un excellent choix pour les marques de cosm\u00e9tiques qui cherchent \u00e0 accro\u00eetre l'attrait de leurs produits et \u00e0 r\u00e9pondre aux demandes des consommateurs.<\/p>\n<p>En choisissant ces bouteilles, les marques peuvent s\u2019assurer que leurs produits ne sont pas seulement superbes, mais offrent \u00e9galement un haut niveau de fonctionnalit\u00e9 et de commodit\u00e9 \u00e0 leurs clients.<\/p>\n<table style=\"border-collapse: collapse; width: 100%;\">\n<tbody>\n<tr>\n<td style=\"width: 40.1818%;\"><\/td>\n<td style=\"width: 59.8182%;\"><\/td>\n<\/tr>\n<\/tbody>\n<\/table>\n<p><img loading=\"lazy\" decoding=\"async\" class=\"alignnone size-full wp-image-1347\" src=\"https:\/\/www.cosmepak.com\/wp-content\/uploads\/2024\/12\/\u9996\u987519202_03.jpg\" alt=\"salon de l&#039;usine\" width=\"1920\" height=\"885\" srcset=\"https:\/\/www.cosmepak.com\/wp-content\/uploads\/2024\/12\/\u9996\u987519202_03.jpg 1920w, https:\/\/www.cosmepak.com\/wp-content\/uploads\/2024\/12\/\u9996\u987519202_03-300x138.jpg 300w, https:\/\/www.cosmepak.com\/wp-content\/uploads\/2024\/12\/\u9996\u987519202_03-1024x472.jpg 1024w, https:\/\/www.cosmepak.com\/wp-content\/uploads\/2024\/12\/\u9996\u987519202_03-768x354.jpg 768w, https:\/\/www.cosmepak.com\/wp-content\/uploads\/2024\/12\/\u9996\u987519202_03-1536x708.jpg 1536w, https:\/\/www.cosmepak.com\/wp-content\/uploads\/2024\/12\/\u9996\u987519202_03-600x277.jpg 600w\" sizes=\"(max-width: 1920px) 100vw, 1920px\" \/><\/p>\n<p><img loading=\"lazy\" decoding=\"async\" class=\"alignnone size-full wp-image-1348\" src=\"https:\/\/www.cosmepak.com\/wp-content\/uploads\/2024\/12\/\u9996\u987519202_04.jpg\" alt=\"\" width=\"1920\" height=\"694\" srcset=\"https:\/\/www.cosmepak.com\/wp-content\/uploads\/2024\/12\/\u9996\u987519202_04.jpg 1920w, https:\/\/www.cosmepak.com\/wp-content\/uploads\/2024\/12\/\u9996\u987519202_04-300x108.jpg 300w, https:\/\/www.cosmepak.com\/wp-content\/uploads\/2024\/12\/\u9996\u987519202_04-1024x370.jpg 1024w, https:\/\/www.cosmepak.com\/wp-content\/uploads\/2024\/12\/\u9996\u987519202_04-768x278.jpg 768w, https:\/\/www.cosmepak.com\/wp-content\/uploads\/2024\/12\/\u9996\u987519202_04-1536x555.jpg 1536w, https:\/\/www.cosmepak.com\/wp-content\/uploads\/2024\/12\/\u9996\u987519202_04-600x217.jpg 600w\" sizes=\"(max-width: 1920px) 100vw, 1920px\" \/><img loading=\"lazy\" decoding=\"async\" class=\"alignnone size-full wp-image-1350\" src=\"https:\/\/www.cosmepak.com\/wp-content\/uploads\/2024\/12\/\u9996\u987519202_05-1.jpg\" alt=\"\" width=\"1920\" height=\"970\" srcset=\"https:\/\/www.cosmepak.com\/wp-content\/uploads\/2024\/12\/\u9996\u987519202_05-1.jpg 1920w, https:\/\/www.cosmepak.com\/wp-content\/uploads\/2024\/12\/\u9996\u987519202_05-1-300x152.jpg 300w, https:\/\/www.cosmepak.com\/wp-content\/uploads\/2024\/12\/\u9996\u987519202_05-1-1024x517.jpg 1024w, https:\/\/www.cosmepak.com\/wp-content\/uploads\/2024\/12\/\u9996\u987519202_05-1-768x388.jpg 768w, https:\/\/www.cosmepak.com\/wp-content\/uploads\/2024\/12\/\u9996\u987519202_05-1-1536x776.jpg 1536w, https:\/\/www.cosmepak.com\/wp-content\/uploads\/2024\/12\/\u9996\u987519202_05-1-600x303.jpg 600w\" sizes=\"(max-width: 1920px) 100vw, 1920px\" \/><img loading=\"lazy\" decoding=\"async\" class=\"alignnone wp-image-1351\" src=\"https:\/\/www.cosmepak.com\/wp-content\/uploads\/2024\/12\/\u7269\u6d41\u8fd0\u8f93\u753b\u9762-2.jpg\" alt=\"\" width=\"1385\" height=\"1039\" srcset=\"https:\/\/www.cosmepak.com\/wp-content\/uploads\/2024\/12\/\u7269\u6d41\u8fd0\u8f93\u753b\u9762-2.jpg 800w, https:\/\/www.cosmepak.com\/wp-content\/uploads\/2024\/12\/\u7269\u6d41\u8fd0\u8f93\u753b\u9762-2-300x225.jpg 300w, https:\/\/www.cosmepak.com\/wp-content\/uploads\/2024\/12\/\u7269\u6d41\u8fd0\u8f93\u753b\u9762-2-768x576.jpg 768w, https:\/\/www.cosmepak.com\/wp-content\/uploads\/2024\/12\/\u7269\u6d41\u8fd0\u8f93\u753b\u9762-2-600x450.jpg 600w\" sizes=\"(max-width: 1385px) 100vw, 1385px\" \/><\/p>\n<table style=\"border-collapse: collapse; width: 100%;\">\n<tbody>\n<tr>\n<td style=\"width: 33.3333%; text-align: center;\"><strong>Exprimer<\/strong><\/td>\n<td style=\"width: 33.3333%; text-align: center;\"><strong>Fret a\u00e9rien<\/strong><\/td>\n<td style=\"width: 33.3333%; text-align: center;\"><strong>Transport maritime<\/strong><\/td>\n<\/tr>\n<tr>\n<td style=\"width: 33.3333%; text-align: center;\">Europ 4-6 jours<\/p>\n<p>Am\u00e9rique du Nord 4-6 jours<\/p>\n<p>Asie du Sud-Est 3-5 jours<\/p>\n<p>Le Moyen-Orient 4 \u00e0 6 jours<\/p>\n<p>Afrique du Sud 5-8 jours<\/td>\n<td style=\"width: 33.3333%; text-align: center;\">Europ 4-6 jours<\/p>\n<p>Am\u00e9rique du Nord 4-6 jours<\/p>\n<p>Asie du Sud-Est 3-5 jours<\/p>\n<p>Le Moyen-Orient 4 \u00e0 6 jours<\/p>\n<p>Afrique du Sud 5-8 jours<\/td>\n<td style=\"width: 33.3333%; text-align: center;\">Europ 25 \u00e0 35 jours<\/p>\n<p>Am\u00e9rique du Nord 25-35 jours<\/p>\n<p>Asie du Sud-Est 25-35 jours<\/p>\n<p>Le Moyen-Orient 25-35 jours<\/p>\n<p>Afrique du Sud 25-35 jours<\/td>\n<\/tr>\n<\/tbody>\n<\/table>\n<p><span style=\"font-size: 14pt;\"><strong>FAQ:<\/strong><\/span><\/p>\n<h3 id=\"why-should-you-buy-from-us-and-not-other-suppliers\" class=\"ai-center-markdown-h3\" data-spm-anchor-id=\"a2747.product_manager.0.i16.7cd971d2ShgrRH\">Pourquoi acheter chez nous et non chez d\u2019autres fournisseurs ?<\/h3>\n<ol class=\"ai-center-markdown-ol\" start=\"1\">\n<li class=\"ai-center-markdown-li\"><strong class=\"ai-center-markdown-strong\">Design personnalis\u00e9 en 3 minutes<\/strong>: Nous offrons des services de conception rapides adapt\u00e9s \u00e0 vos besoins.<\/li>\n<li class=\"ai-center-markdown-li\"><strong class=\"ai-center-markdown-strong\">Service en ligne 24\/7<\/strong>Notre \u00e9quipe est disponible 24h\/24 pour vous aider.<\/li>\n<li class=\"ai-center-markdown-li\"><strong class=\"ai-center-markdown-strong\">Exploitation rapide de l'\u00e9chantillon<\/strong>: Les \u00e9chantillons de stock sont pr\u00eats en 7 jours, et les \u00e9chantillons imprim\u00e9s sur mesure en 15 jours.<\/li>\n<li class=\"ai-center-markdown-li\"><strong class=\"ai-center-markdown-strong\">D\u00e9lai d'ex\u00e9cution fiable<\/strong>: Nous assurons un d\u00e9lai de livraison de 35 jours pour vos commandes.<\/li>\n<li class=\"ai-center-markdown-li\"><strong class=\"ai-center-markdown-strong\">Expertise industrielle<\/strong>: Avec plus de 10 ans d'exp\u00e9rience dans l'emballage cosm\u00e9tique, nous fournissons des solutions professionnelles.<\/li>\n<li class=\"ai-center-markdown-li\"><strong class=\"ai-center-markdown-strong\">Ventes directes d'usine<\/strong>: Profitez des meilleurs prix et services directement de notre usine.<\/li>\n<li class=\"ai-center-markdown-li\"><strong class=\"ai-center-markdown-strong\">Solutions d'emballage compl\u00e8tes<\/strong>: Nous offrons une solution unique pour tous vos besoins en emballage cosm\u00e9tique.<\/li>\n<\/ol>\n<h3 id=\"who-are-we\" class=\"ai-center-markdown-h3\">Qui sommes-nous ?<\/h3>\n<p class=\"ai-center-markdown-p\">Nous sommes une soci\u00e9t\u00e9 bas\u00e9e \u00e0 Zhejiang, Chine, fond\u00e9e en 2014. Notre march\u00e9 principal est le march\u00e9 int\u00e9rieur (70%), avec des ventes suppl\u00e9mentaires en Oc\u00e9anie (8%), au Moyen-Orient (7%), en Asie de l'Est (2%), en Am\u00e9rique du Nord (2%), en Europe occidentale (2%), en Asie du Sud-Est (2%), en Asie du Sud (1%), en Am\u00e9rique du Sud (1%), en Europe du Sud (1%), en Am\u00e9rique centrale (1%), en Europe du Nord (1%), en Afrique (1%) et en Europe de l'Est (1%).<\/p>\n<h3 id=\"how-can-we-guarantee-quality\" class=\"ai-center-markdown-h3\">Comment pouvons-nous garantir la qualit\u00e9?<\/h3>\n<ul class=\"ai-center-markdown-ul\">\n<li class=\"ai-center-markdown-li\"><strong class=\"ai-center-markdown-strong\">\u00c9chantillon de pr\u00e9-production<\/strong>: Nous fournissons toujours un \u00e9chantillon avant la production en masse pour assurer la qualit\u00e9.<\/li>\n<li class=\"ai-center-markdown-li\"><strong class=\"ai-center-markdown-strong\">Inspection finale<\/strong>: Nous effectuons une inspection finale approfondie avant l'exp\u00e9dition pour garantir les normes du produit.<\/li>\n<\/ul>\n<h3 id=\"what-can-you-buy-from-us\" class=\"ai-center-markdown-h3\">Que pouvez-vous acheter de nous?<\/h3>\n<p class=\"ai-center-markdown-p\">Vous pouvez acheter diff\u00e9rents mat\u00e9riaux d'emballage cosm\u00e9tique, y compris:<\/p>\n<ul class=\"ai-center-markdown-ul\">\n<li class=\"ai-center-markdown-li\"><strong class=\"ai-center-markdown-strong\">Bouteilles en verre<\/strong><\/li>\n<li class=\"ai-center-markdown-li\"><strong class=\"ai-center-markdown-strong\">Bouteilles en plastique \/ bocaux \/ tubes<\/strong><\/li>\n<li class=\"ai-center-markdown-li\"><strong class=\"ai-center-markdown-strong\">Bouteilles en aluminium \/ bocaux \/ tubes<\/strong><\/li>\n<\/ul>\n<h3 id=\"what-services-can-we-provide\" class=\"ai-center-markdown-h3\">Quels services pouvons-nous fournir?<\/h3>\n<ul class=\"ai-center-markdown-ul\">\n<li class=\"ai-center-markdown-li\"><strong class=\"ai-center-markdown-strong\">Conditions de livraison accept\u00e9es<\/strong>: FOB, CFR, CIF<\/li>\n<li class=\"ai-center-markdown-li\"><strong class=\"ai-center-markdown-strong\">Monnaie de paiement accept\u00e9e<\/strong>: USD, EUR, HKD, CNY<\/li>\n<li class=\"ai-center-markdown-li\"><strong class=\"ai-center-markdown-strong\">Types de paiement accept\u00e9s<\/strong>: T\/T, L\/C, D\/P, D\/A<\/li>\n<li class=\"ai-center-markdown-li\"><strong class=\"ai-center-markdown-strong\">Langues parl\u00e9es<\/strong>Anglais, chinois<\/li>\n<\/ul>\n<p class=\"ai-center-markdown-p\">Nous sommes impatients de vous servir avec nos solutions d'emballage cosm\u00e9tique compl\u00e8tes et de haute qualit\u00e9!<\/p>\n<p>&nbsp;<\/p>","protected":false},"excerpt":{"rendered":"<p>Mat\u00e9riel de la bouteille: HDPE<\/p>\n<p>Mat\u00e9riel du bouchon: pp<\/p>\n<p>Capacit\u00e9 : 30ml\/50ml<\/p>\n<p>Bouchon: Pompe<\/p>\n<p>Couleur: personnalis\u00e9e (n'importe quelle couleur Pantone Avaliable)<\/p>\n<p>Finition de surface: impression d'\u00e9cran, gla\u00e7age, estampage chaud, gradient de pulv\u00e9risation, finition mate, etc.<\/p>\n<p>MOQ: 5000pcs;<\/p>\n<p>&nbsp;<\/p>","protected":false},"featured_media":2666,"comment_status":"open","ping_status":"closed","template":"","meta":{"_acf_changed":false},"product_brand":[],"product_cat":[47,18],"product_tag":[41],"class_list":{"0":"post-2665","1":"product","2":"type-product","3":"status-publish","4":"has-post-thumbnail","6":"product_cat-lotion-bottle","7":"product_cat-plastic-bottle","8":"product_tag-plastic-bottle","10":"first","11":"instock","12":"shipping-taxable","13":"product-type-simple"},"acf":[],"_links":{"self":[{"href":"https:\/\/www.cosmepak.com\/fr\/wp-json\/wp\/v2\/product\/2665","targetHints":{"allow":["GET"]}}],"collection":[{"href":"https:\/\/www.cosmepak.com\/fr\/wp-json\/wp\/v2\/product"}],"about":[{"href":"https:\/\/www.cosmepak.com\/fr\/wp-json\/wp\/v2\/types\/product"}],"replies":[{"embeddable":true,"href":"https:\/\/www.cosmepak.com\/fr\/wp-json\/wp\/v2\/comments?post=2665"}],"wp:featuredmedia":[{"embeddable":true,"href":"https:\/\/www.cosmepak.com\/fr\/wp-json\/wp\/v2\/media\/2666"}],"wp:attachment":[{"href":"https:\/\/www.cosmepak.com\/fr\/wp-json\/wp\/v2\/media?parent=2665"}],"wp:term":[{"taxonomy":"product_brand","embeddable":true,"href":"https:\/\/www.cosmepak.com\/fr\/wp-json\/wp\/v2\/product_brand?post=2665"},{"taxonomy":"product_cat","embeddable":true,"href":"https:\/\/www.cosmepak.com\/fr\/wp-json\/wp\/v2\/product_cat?post=2665"},{"taxonomy":"product_tag","embeddable":true,"href":"https:\/\/www.cosmepak.com\/fr\/wp-json\/wp\/v2\/product_tag?post=2665"}],"curies":[{"name":"WP","href":"https:\/\/api.w.org\/{rel}","templated":true}]}}