{"id":2677,"date":"2025-07-18T16:16:25","date_gmt":"2025-07-18T08:16:25","guid":{"rendered":"https:\/\/www.cosmepak.com\/?post_type=product&#038;p=2677"},"modified":"2025-08-06T08:51:19","modified_gmt":"2025-08-06T00:51:19","slug":"50ml-pp-capuchon-plastique-bouteille-de-cosmetique-jaune-2-2-3","status":"publish","type":"product","link":"https:\/\/www.cosmepak.com\/fr\/product\/50ml-pp-flip-cap-plastic-cosmetic-bottle-jaunce-2-2-3\/","title":{"rendered":"Bouteille en plastique \u00e0 \u00e9paule plat avec pompe \u00e0 presse\/Jaunce"},"content":{"rendered":"<table style=\"border-collapse: collapse; width: 100%; height: 168px;\">\n<tbody>\n<tr style=\"height: 24px;\">\n<td style=\"width: 33.3333%; height: 168px;\" rowspan=\"5\"><img fetchpriority=\"high\" decoding=\"async\" class=\"alignnone size-full wp-image-2679\" src=\"https:\/\/www.cosmepak.com\/wp-content\/uploads\/2025\/07\/296.jpg\" alt=\"\" width=\"1920\" height=\"1920\" srcset=\"https:\/\/www.cosmepak.com\/wp-content\/uploads\/2025\/07\/296.jpg 1920w, https:\/\/www.cosmepak.com\/wp-content\/uploads\/2025\/07\/296-300x300.jpg 300w, https:\/\/www.cosmepak.com\/wp-content\/uploads\/2025\/07\/296-1024x1024.jpg 1024w, https:\/\/www.cosmepak.com\/wp-content\/uploads\/2025\/07\/296-150x150.jpg 150w, https:\/\/www.cosmepak.com\/wp-content\/uploads\/2025\/07\/296-768x768.jpg 768w, https:\/\/www.cosmepak.com\/wp-content\/uploads\/2025\/07\/296-1536x1536.jpg 1536w, https:\/\/www.cosmepak.com\/wp-content\/uploads\/2025\/07\/296-12x12.jpg 12w, https:\/\/www.cosmepak.com\/wp-content\/uploads\/2025\/07\/296-600x600.jpg 600w, https:\/\/www.cosmepak.com\/wp-content\/uploads\/2025\/07\/296-100x100.jpg 100w\" sizes=\"(max-width: 1920px) 100vw, 1920px\" \/><\/td>\n<td style=\"width: 33.122%; height: 24px; text-align: center;\">Marque<\/td>\n<td style=\"width: 33.5446%; height: 24px; text-align: center;\">Jaunce<\/td>\n<\/tr>\n<tr style=\"height: 24px;\">\n<td style=\"width: 33.122%; height: 24px; text-align: center;\">Mod\u00e8le<\/td>\n<td style=\"width: 33.5446%; height: 24px; text-align: center;\">JH-SK0915<\/td>\n<\/tr>\n<tr style=\"height: 24px;\">\n<td style=\"width: 33.122%; height: 24px; text-align: center;\">Capcience<\/td>\n<td style=\"width: 33.5446%; height: 24px; text-align: center;\">200 ml \/ 250 ml \/ 300 ml<\/td>\n<\/tr>\n<tr style=\"height: 24px;\">\n<td style=\"width: 33.122%; height: 24px; text-align: center;\">Couleur<\/td>\n<td style=\"width: 33.5446%; height: 24px; text-align: center;\">personnalis\u00e9<\/td>\n<\/tr>\n<tr style=\"height: 24px;\">\n<td style=\"width: 33.122%; height: 24px; text-align: center;\">Mat\u00e9riel<\/td>\n<td style=\"width: 33.5446%; height: 24px; text-align: center;\">ANIMAL DE COMPAGNIE<\/td>\n<\/tr>\n<\/tbody>\n<\/table>\n<p>&nbsp;<\/p>\n<p><img decoding=\"async\" class=\"alignnone size-full wp-image-2680\" src=\"https:\/\/www.cosmepak.com\/wp-content\/uploads\/2025\/07\/293.jpg\" alt=\"\" width=\"1920\" height=\"1920\" srcset=\"https:\/\/www.cosmepak.com\/wp-content\/uploads\/2025\/07\/293.jpg 1920w, https:\/\/www.cosmepak.com\/wp-content\/uploads\/2025\/07\/293-300x300.jpg 300w, https:\/\/www.cosmepak.com\/wp-content\/uploads\/2025\/07\/293-1024x1024.jpg 1024w, https:\/\/www.cosmepak.com\/wp-content\/uploads\/2025\/07\/293-150x150.jpg 150w, https:\/\/www.cosmepak.com\/wp-content\/uploads\/2025\/07\/293-768x768.jpg 768w, https:\/\/www.cosmepak.com\/wp-content\/uploads\/2025\/07\/293-1536x1536.jpg 1536w, https:\/\/www.cosmepak.com\/wp-content\/uploads\/2025\/07\/293-12x12.jpg 12w, https:\/\/www.cosmepak.com\/wp-content\/uploads\/2025\/07\/293-600x600.jpg 600w, https:\/\/www.cosmepak.com\/wp-content\/uploads\/2025\/07\/293-100x100.jpg 100w\" sizes=\"(max-width: 1920px) 100vw, 1920px\" \/><\/p>\n<p><img decoding=\"async\" class=\"alignnone size-full wp-image-2681\" src=\"https:\/\/www.cosmepak.com\/wp-content\/uploads\/2025\/07\/294.jpg\" alt=\"\" width=\"1920\" height=\"1920\" srcset=\"https:\/\/www.cosmepak.com\/wp-content\/uploads\/2025\/07\/294.jpg 1920w, https:\/\/www.cosmepak.com\/wp-content\/uploads\/2025\/07\/294-300x300.jpg 300w, https:\/\/www.cosmepak.com\/wp-content\/uploads\/2025\/07\/294-1024x1024.jpg 1024w, https:\/\/www.cosmepak.com\/wp-content\/uploads\/2025\/07\/294-150x150.jpg 150w, https:\/\/www.cosmepak.com\/wp-content\/uploads\/2025\/07\/294-768x768.jpg 768w, https:\/\/www.cosmepak.com\/wp-content\/uploads\/2025\/07\/294-1536x1536.jpg 1536w, https:\/\/www.cosmepak.com\/wp-content\/uploads\/2025\/07\/294-12x12.jpg 12w, https:\/\/www.cosmepak.com\/wp-content\/uploads\/2025\/07\/294-600x600.jpg 600w, https:\/\/www.cosmepak.com\/wp-content\/uploads\/2025\/07\/294-100x100.jpg 100w\" sizes=\"(max-width: 1920px) 100vw, 1920px\" \/><\/p>\n<p><img loading=\"lazy\" decoding=\"async\" class=\"alignnone size-full wp-image-2682\" src=\"https:\/\/www.cosmepak.com\/wp-content\/uploads\/2025\/07\/295.jpg\" alt=\"\" width=\"1600\" height=\"1600\" srcset=\"https:\/\/www.cosmepak.com\/wp-content\/uploads\/2025\/07\/295.jpg 1600w, https:\/\/www.cosmepak.com\/wp-content\/uploads\/2025\/07\/295-300x300.jpg 300w, https:\/\/www.cosmepak.com\/wp-content\/uploads\/2025\/07\/295-1024x1024.jpg 1024w, https:\/\/www.cosmepak.com\/wp-content\/uploads\/2025\/07\/295-150x150.jpg 150w, https:\/\/www.cosmepak.com\/wp-content\/uploads\/2025\/07\/295-768x768.jpg 768w, https:\/\/www.cosmepak.com\/wp-content\/uploads\/2025\/07\/295-1536x1536.jpg 1536w, https:\/\/www.cosmepak.com\/wp-content\/uploads\/2025\/07\/295-12x12.jpg 12w, https:\/\/www.cosmepak.com\/wp-content\/uploads\/2025\/07\/295-600x600.jpg 600w, https:\/\/www.cosmepak.com\/wp-content\/uploads\/2025\/07\/295-100x100.jpg 100w\" sizes=\"(max-width: 1600px) 100vw, 1600px\" \/><\/p>\n<p>Bouteilles PET polyvalentes pour produits de soins personnels<br \/>\nL\u2019industrie des soins personnels \u00e9volue en permanence, l\u2019emballage jouant un r\u00f4le essentiel dans la diff\u00e9renciation des produits et la satisfaction des consommateurs. Ici, nous mettons en \u00e9vidence deux conceptions polyvalentes de bouteilles en PET qui font des vagues: la bouteille de pompe transparente \u00e0 \u00e9paule plate blanche de 200 ml et les bouteilles de 250\/300 ml de d\u00e9sinfectant pour les mains, de shampooing et de gel de douche.<\/p>\n<p>Bouteille de pompe transparente \u00e9paule plate blanche 200ml<br \/>\nLa bouteille de pompe transparente blanche \u00e0 \u00e9paule plate de 200ml allie \u00e9l\u00e9gance et praticit\u00e9. Son design \u00e0 \u00e9paule plate offre un look \u00e9l\u00e9gant et moderne, tandis que le corps transparent permet aux consommateurs de voir le produit \u00e0 l'int\u00e9rieur, am\u00e9liorant la confiance et l'attrait. Le m\u00e9canisme de pompe assure une distribution facile et contr\u00f4l\u00e9e, ce qui le rend id\u00e9al pour divers produits de soins personnels liquides tels que les lotions et les shampooings. Le mat\u00e9riau PET utilis\u00e9 dans cette bouteille est connu pour sa durabilit\u00e9 et sa r\u00e9sistance aux chocs, ce qui garantit que le produit reste intact m\u00eame dans des environnements exigeants.<\/p>\n<p>250\/300ml Bouteilles de d\u00e9sinfectant pour les mains, shampooing et gel de douche<br \/>\nLes bouteilles de 250\/300 ml sont con\u00e7ues pour r\u00e9pondre \u00e0 une large gamme de produits de soins personnels, y compris les d\u00e9sinfectants pour les mains, les shampooings et les gels de douche. Ces bouteilles offrent une capacit\u00e9 polyvalente, permettant aux fabricants de choisir entre 250ml et 300ml en fonction de leurs besoins de produit. La conception ergonomique assure une manipulation et une distribution faciles, offrant une exp\u00e9rience utilisateur confortable. Le mat\u00e9riau PET garantit que ces bouteilles sont robustes et r\u00e9sistantes \u00e0 la cassure, ce qui les rend adapt\u00e9s \u00e0 la maison et aux voyages.<\/p>\n<p>Avantages du mat\u00e9riau PET<br \/>\nLe PET (Polyethylene Terephthalate) est un choix populaire pour l'emballage de produits de soins personnels en raison de ses nombreux avantages:<\/p>\n<p>Durabilit\u00e9: Les bouteilles en PET sont r\u00e9sistantes aux chocs et \u00e0 la cassure, ce qui garantit que le produit reste s\u00fbr et intact.<br \/>\nClarit\u00e9: La nature transparente du PET permet aux consommateurs de voir le produit \u00e0 l\u2019int\u00e9rieur, am\u00e9liorant l\u2019attrait visuel et la confiance.<br \/>\nR\u00e9sistance aux produits chimiques: Le PET est r\u00e9sistant \u00e0 divers produits chimiques, ce qui garantit que le produit reste incontamin\u00e9 et s\u00fbr pour l'utilisation.<br \/>\nL\u00e9ger: Les bouteilles en PET sont l\u00e9g\u00e8res, ce qui les rend faciles \u00e0 manipuler et \u00e0 transporter.<br \/>\nConclusion<br \/>\nEn conclusion, la bouteille de pompe transparente blanche \u00e0 \u00e9paule plat de 200 ml et les bouteilles de d\u00e9sinfectant pour les mains, shampooing et gel de douche de 250\/300 ml repr\u00e9sentent les solutions d'emballage innovantes et polyvalentes dans l'industrie des soins personnels. Leurs conceptions r\u00e9pondent aux pr\u00e9f\u00e9rences des consommateurs pour l'attrait esth\u00e9tique et les avantages fonctionnels. En utilisant du mat\u00e9riau PET, les fabricants peuvent garantir la durabilit\u00e9, la clart\u00e9 et la s\u00e9curit\u00e9, ce qui fait de ces bouteilles un excellent choix pour une large gamme de produits de soins personnels.<\/p>\n<table style=\"border-collapse: collapse; width: 0.567186%;\">\n<tbody>\n<tr>\n<td style=\"width: 40.1818%;\"><\/td>\n<td style=\"width: 0.630517%;\"><\/td>\n<\/tr>\n<\/tbody>\n<\/table>\n<p><img loading=\"lazy\" decoding=\"async\" class=\"alignnone size-full wp-image-1347\" src=\"https:\/\/www.cosmepak.com\/wp-content\/uploads\/2024\/12\/\u9996\u987519202_03.jpg\" alt=\"salon de l&#039;usine\" width=\"1920\" height=\"885\" srcset=\"https:\/\/www.cosmepak.com\/wp-content\/uploads\/2024\/12\/\u9996\u987519202_03.jpg 1920w, https:\/\/www.cosmepak.com\/wp-content\/uploads\/2024\/12\/\u9996\u987519202_03-300x138.jpg 300w, https:\/\/www.cosmepak.com\/wp-content\/uploads\/2024\/12\/\u9996\u987519202_03-1024x472.jpg 1024w, https:\/\/www.cosmepak.com\/wp-content\/uploads\/2024\/12\/\u9996\u987519202_03-768x354.jpg 768w, https:\/\/www.cosmepak.com\/wp-content\/uploads\/2024\/12\/\u9996\u987519202_03-1536x708.jpg 1536w, https:\/\/www.cosmepak.com\/wp-content\/uploads\/2024\/12\/\u9996\u987519202_03-600x277.jpg 600w\" sizes=\"(max-width: 1920px) 100vw, 1920px\" \/><\/p>\n<p><img loading=\"lazy\" decoding=\"async\" class=\"alignnone size-full wp-image-1348\" src=\"https:\/\/www.cosmepak.com\/wp-content\/uploads\/2024\/12\/\u9996\u987519202_04.jpg\" alt=\"\" width=\"1920\" height=\"694\" srcset=\"https:\/\/www.cosmepak.com\/wp-content\/uploads\/2024\/12\/\u9996\u987519202_04.jpg 1920w, https:\/\/www.cosmepak.com\/wp-content\/uploads\/2024\/12\/\u9996\u987519202_04-300x108.jpg 300w, https:\/\/www.cosmepak.com\/wp-content\/uploads\/2024\/12\/\u9996\u987519202_04-1024x370.jpg 1024w, https:\/\/www.cosmepak.com\/wp-content\/uploads\/2024\/12\/\u9996\u987519202_04-768x278.jpg 768w, https:\/\/www.cosmepak.com\/wp-content\/uploads\/2024\/12\/\u9996\u987519202_04-1536x555.jpg 1536w, https:\/\/www.cosmepak.com\/wp-content\/uploads\/2024\/12\/\u9996\u987519202_04-600x217.jpg 600w\" sizes=\"(max-width: 1920px) 100vw, 1920px\" \/><img loading=\"lazy\" decoding=\"async\" class=\"alignnone size-full wp-image-1350\" src=\"https:\/\/www.cosmepak.com\/wp-content\/uploads\/2024\/12\/\u9996\u987519202_05-1.jpg\" alt=\"\" width=\"1920\" height=\"970\" srcset=\"https:\/\/www.cosmepak.com\/wp-content\/uploads\/2024\/12\/\u9996\u987519202_05-1.jpg 1920w, https:\/\/www.cosmepak.com\/wp-content\/uploads\/2024\/12\/\u9996\u987519202_05-1-300x152.jpg 300w, https:\/\/www.cosmepak.com\/wp-content\/uploads\/2024\/12\/\u9996\u987519202_05-1-1024x517.jpg 1024w, https:\/\/www.cosmepak.com\/wp-content\/uploads\/2024\/12\/\u9996\u987519202_05-1-768x388.jpg 768w, https:\/\/www.cosmepak.com\/wp-content\/uploads\/2024\/12\/\u9996\u987519202_05-1-1536x776.jpg 1536w, https:\/\/www.cosmepak.com\/wp-content\/uploads\/2024\/12\/\u9996\u987519202_05-1-600x303.jpg 600w\" sizes=\"(max-width: 1920px) 100vw, 1920px\" \/><img loading=\"lazy\" decoding=\"async\" class=\"alignnone wp-image-1351\" src=\"https:\/\/www.cosmepak.com\/wp-content\/uploads\/2024\/12\/\u7269\u6d41\u8fd0\u8f93\u753b\u9762-2.jpg\" alt=\"\" width=\"1385\" height=\"1039\" srcset=\"https:\/\/www.cosmepak.com\/wp-content\/uploads\/2024\/12\/\u7269\u6d41\u8fd0\u8f93\u753b\u9762-2.jpg 800w, https:\/\/www.cosmepak.com\/wp-content\/uploads\/2024\/12\/\u7269\u6d41\u8fd0\u8f93\u753b\u9762-2-300x225.jpg 300w, https:\/\/www.cosmepak.com\/wp-content\/uploads\/2024\/12\/\u7269\u6d41\u8fd0\u8f93\u753b\u9762-2-768x576.jpg 768w, https:\/\/www.cosmepak.com\/wp-content\/uploads\/2024\/12\/\u7269\u6d41\u8fd0\u8f93\u753b\u9762-2-600x450.jpg 600w\" sizes=\"(max-width: 1385px) 100vw, 1385px\" \/><\/p>\n<table style=\"border-collapse: collapse; width: 100%;\">\n<tbody>\n<tr>\n<td style=\"width: 33.3333%; text-align: center;\"><strong>Exprimer<\/strong><\/td>\n<td style=\"width: 33.3333%; text-align: center;\"><strong>Fret a\u00e9rien<\/strong><\/td>\n<td style=\"width: 33.3333%; text-align: center;\"><strong>Transport maritime<\/strong><\/td>\n<\/tr>\n<tr>\n<td style=\"width: 33.3333%; text-align: center;\">Europ 4-6 jours<\/p>\n<p>Am\u00e9rique du Nord 4-6 jours<\/p>\n<p>Asie du Sud-Est 3-5 jours<\/p>\n<p>Le Moyen-Orient 4 \u00e0 6 jours<\/p>\n<p>Afrique du Sud 5-8 jours<\/td>\n<td style=\"width: 33.3333%; text-align: center;\">Europ 4-6 jours<\/p>\n<p>Am\u00e9rique du Nord 4-6 jours<\/p>\n<p>Asie du Sud-Est 3-5 jours<\/p>\n<p>Le Moyen-Orient 4 \u00e0 6 jours<\/p>\n<p>Afrique du Sud 5-8 jours<\/td>\n<td style=\"width: 33.3333%; text-align: center;\">Europ 25 \u00e0 35 jours<\/p>\n<p>Am\u00e9rique du Nord 25-35 jours<\/p>\n<p>Asie du Sud-Est 25-35 jours<\/p>\n<p>Le Moyen-Orient 25-35 jours<\/p>\n<p>Afrique du Sud 25-35 jours<\/td>\n<\/tr>\n<\/tbody>\n<\/table>\n<p><span style=\"font-size: 14pt;\"><strong>FAQ:<\/strong><\/span><\/p>\n<h3 id=\"why-choose-us-over-other-suppliers\" class=\"ai-center-markdown-h3\" data-spm-anchor-id=\"a2747.product_manager.0.i9.289071d2HpLvJq\">Pourquoi nous choisir par rapport \u00e0 d'autres fournisseurs?<\/h3>\n<ol class=\"ai-center-markdown-ol\" start=\"1\">\n<li class=\"ai-center-markdown-li\"><strong class=\"ai-center-markdown-strong\">Des designs sur mesure<\/strong>: Des dessins personnalis\u00e9s livr\u00e9s en seulement 3 minutes.<\/li>\n<li class=\"ai-center-markdown-li\"><strong class=\"ai-center-markdown-strong\">Service en ligne 24\/7<\/strong>: Support disponible 24h\/24.<\/li>\n<li class=\"ai-center-markdown-li\"><strong class=\"ai-center-markdown-strong\">\u00c9chantillons rapides<\/strong>: \u00e9chantillons de stock pr\u00eats dans les 7 jours ; \u00e9chantillons imprim\u00e9s sur mesure disponibles en 15 jours.<\/li>\n<li class=\"ai-center-markdown-li\"><strong class=\"ai-center-markdown-strong\">D\u00e9lai de livraison rapide<\/strong>: D\u00e9lai de production de seulement 35 jours.<\/li>\n<li class=\"ai-center-markdown-li\"><strong class=\"ai-center-markdown-strong\">Fabricant exp\u00e9riment\u00e9<\/strong>Plus d'une d\u00e9cennie d'exp\u00e9rience dans l'emballage cosm\u00e9tique.<\/li>\n<li class=\"ai-center-markdown-li\"><strong class=\"ai-center-markdown-strong\">Tarifs directs d'usine<\/strong>Assurer la meilleure valeur et le meilleur service.<\/li>\n<li class=\"ai-center-markdown-li\"><strong class=\"ai-center-markdown-strong\">Solutions compl\u00e8tes<\/strong>: Des solutions compl\u00e8tes pour tous vos besoins en emballage cosm\u00e9tique.<\/li>\n<\/ol>\n<h3 id=\"who-are-we\" class=\"ai-center-markdown-h3\">Qui sommes-nous ?<\/h3>\n<p class=\"ai-center-markdown-p\">Situ\u00e9 \u00e0 Zhejiang, en Chine, nous op\u00e9rons depuis 2014. Notre distribution sur le march\u00e9 comprend :<\/p>\n<ul class=\"ai-center-markdown-ul\">\n<li class=\"ai-center-markdown-li\">March\u00e9 int\u00e9rieur (70 %)<\/li>\n<li class=\"ai-center-markdown-li\">Oc\u00e9anie (8 %)<\/li>\n<li class=\"ai-center-markdown-li\">Moyen-Orient (7 %)<\/li>\n<li class=\"ai-center-markdown-li\">Asie de l &apos; Est (2 %)<\/li>\n<li class=\"ai-center-markdown-li\">Am\u00e9rique du Nord (2 %)<\/li>\n<li class=\"ai-center-markdown-li\">Europe occidentale (2 %)<\/li>\n<li class=\"ai-center-markdown-li\">Asie du Sud-Est (2 %)<\/li>\n<li class=\"ai-center-markdown-li\">Asie du Sud (1 %)<\/li>\n<li class=\"ai-center-markdown-li\">Am\u00e9rique du Sud (1 %)<\/li>\n<li class=\"ai-center-markdown-li\">Europe du Sud (1 %)<\/li>\n<li class=\"ai-center-markdown-li\">Am\u00e9rique centrale (1 %)<\/li>\n<li class=\"ai-center-markdown-li\">Europe du Nord (1 %)<\/li>\n<li class=\"ai-center-markdown-li\">Afrique (1 %)<\/li>\n<li class=\"ai-center-markdown-li\">Europe de l'Est (1 %)<\/li>\n<\/ul>\n<h3 id=\"how-do-we-guarantee-quality\" class=\"ai-center-markdown-h3\">Comment garantissons-nous la qualit\u00e9 ?<\/h3>\n<p class=\"ai-center-markdown-p\">Nous fournissons un \u00e9chantillon de pr\u00e9-production avant la production en masse et effectuons des inspections finales avant l'exp\u00e9dition.<\/p>\n<h3 id=\"what-products-can-you-purchase-from-us\" class=\"ai-center-markdown-h3\">Quels produits pouvez-vous acheter chez nous?<\/h3>\n<p class=\"ai-center-markdown-p\">Nous offrons une vari\u00e9t\u00e9 de mat\u00e9riaux d'emballage cosm\u00e9tiques, y compris:<\/p>\n<ul class=\"ai-center-markdown-ul\">\n<li class=\"ai-center-markdown-li\">Bouteilles en verre<\/li>\n<li class=\"ai-center-markdown-li\">Bouteilles\/bocaux\/tubes en plastique<\/li>\n<li class=\"ai-center-markdown-li\">Bouteilles\/bocaux\/tubes en aluminium<\/li>\n<\/ul>\n<h3 id=\"what-services-do-we-provide\" class=\"ai-center-markdown-h3\">Quels services fournissons-nous ?<\/h3>\n<ul class=\"ai-center-markdown-ul\">\n<li class=\"ai-center-markdown-li\"><strong class=\"ai-center-markdown-strong\">Conditions de livraison accept\u00e9es<\/strong>: FOB, CFR, CIF<\/li>\n<li class=\"ai-center-markdown-li\"><strong class=\"ai-center-markdown-strong\">Monnaies de paiement accept\u00e9es<\/strong>: USD, EUR, HKD, CNY<\/li>\n<li class=\"ai-center-markdown-li\"><strong class=\"ai-center-markdown-strong\">M\u00e9thodes de paiement accept\u00e9es<\/strong>: T\/T, L\/C, D\/P D\/A<\/li>\n<li class=\"ai-center-markdown-li\"><strong class=\"ai-center-markdown-strong\">Langues parl\u00e9es<\/strong>Anglais et chinois<\/li>\n<\/ul>\n<p>&nbsp;<\/p>","protected":false},"excerpt":{"rendered":"<p>Mat\u00e9riau en bouteille: animal de compagnie<\/p>\n<p>Mat\u00e9riau de capuchon: PP<\/p>\n<p>Capacit\u00e9 : 200ML\/250ML\/300ML<\/p>\n<p>Bouchon: Pompe<\/p>\n<p>Couleur: personnalis\u00e9e (n'importe quelle couleur Pantone Avaliable)<\/p>\n<p>Finition de surface: impression d'\u00e9cran, gla\u00e7age, estampage chaud, gradient de pulv\u00e9risation, finition mate, etc.<\/p>\n<p>MOQ: 5000pcs;<\/p>\n<p>&nbsp;<\/p>","protected":false},"featured_media":2678,"comment_status":"open","ping_status":"closed","template":"","meta":{"_acf_changed":false},"product_brand":[],"product_cat":[47,18],"product_tag":[41],"class_list":{"0":"post-2677","1":"product","2":"type-product","3":"status-publish","4":"has-post-thumbnail","6":"product_cat-lotion-bottle","7":"product_cat-plastic-bottle","8":"product_tag-plastic-bottle","10":"first","11":"instock","12":"shipping-taxable","13":"product-type-simple"},"acf":[],"_links":{"self":[{"href":"https:\/\/www.cosmepak.com\/fr\/wp-json\/wp\/v2\/product\/2677","targetHints":{"allow":["GET"]}}],"collection":[{"href":"https:\/\/www.cosmepak.com\/fr\/wp-json\/wp\/v2\/product"}],"about":[{"href":"https:\/\/www.cosmepak.com\/fr\/wp-json\/wp\/v2\/types\/product"}],"replies":[{"embeddable":true,"href":"https:\/\/www.cosmepak.com\/fr\/wp-json\/wp\/v2\/comments?post=2677"}],"wp:featuredmedia":[{"embeddable":true,"href":"https:\/\/www.cosmepak.com\/fr\/wp-json\/wp\/v2\/media\/2678"}],"wp:attachment":[{"href":"https:\/\/www.cosmepak.com\/fr\/wp-json\/wp\/v2\/media?parent=2677"}],"wp:term":[{"taxonomy":"product_brand","embeddable":true,"href":"https:\/\/www.cosmepak.com\/fr\/wp-json\/wp\/v2\/product_brand?post=2677"},{"taxonomy":"product_cat","embeddable":true,"href":"https:\/\/www.cosmepak.com\/fr\/wp-json\/wp\/v2\/product_cat?post=2677"},{"taxonomy":"product_tag","embeddable":true,"href":"https:\/\/www.cosmepak.com\/fr\/wp-json\/wp\/v2\/product_tag?post=2677"}],"curies":[{"name":"WP","href":"https:\/\/api.w.org\/{rel}","templated":true}]}}