{"id":2683,"date":"2025-07-21T11:06:51","date_gmt":"2025-07-21T03:06:51","guid":{"rendered":"https:\/\/www.cosmepak.com\/?post_type=product&#038;p=2683"},"modified":"2025-08-06T08:17:24","modified_gmt":"2025-08-06T00:17:24","slug":"50ml-pp-capuchon-plastique-bouteille-de-cosmetique-jaune-2-2-3-2","status":"publish","type":"product","link":"https:\/\/www.cosmepak.com\/fr\/product\/50ml-pp-flip-cap-plastic-cosmetic-bottle-jaunce-2-2-3-2\/","title":{"rendered":"Bouteille en plastique respectueuse de l'environnement avec pompe Bouteille de shampooing 300ml \/ Jaunce"},"content":{"rendered":"<table style=\"border-collapse: collapse; width: 100%; height: 168px;\">\n<tbody>\n<tr style=\"height: 24px;\">\n<td style=\"width: 33.3333%; height: 168px;\" rowspan=\"5\"><img fetchpriority=\"high\" decoding=\"async\" class=\"alignnone size-full wp-image-2685\" src=\"https:\/\/www.cosmepak.com\/wp-content\/uploads\/2025\/07\/298.jpg\" alt=\"\" width=\"1920\" height=\"1920\" srcset=\"https:\/\/www.cosmepak.com\/wp-content\/uploads\/2025\/07\/298.jpg 1920w, https:\/\/www.cosmepak.com\/wp-content\/uploads\/2025\/07\/298-300x300.jpg 300w, https:\/\/www.cosmepak.com\/wp-content\/uploads\/2025\/07\/298-1024x1024.jpg 1024w, https:\/\/www.cosmepak.com\/wp-content\/uploads\/2025\/07\/298-150x150.jpg 150w, https:\/\/www.cosmepak.com\/wp-content\/uploads\/2025\/07\/298-768x768.jpg 768w, https:\/\/www.cosmepak.com\/wp-content\/uploads\/2025\/07\/298-1536x1536.jpg 1536w, https:\/\/www.cosmepak.com\/wp-content\/uploads\/2025\/07\/298-12x12.jpg 12w, https:\/\/www.cosmepak.com\/wp-content\/uploads\/2025\/07\/298-600x600.jpg 600w, https:\/\/www.cosmepak.com\/wp-content\/uploads\/2025\/07\/298-100x100.jpg 100w\" sizes=\"(max-width: 1920px) 100vw, 1920px\" \/><\/td>\n<td style=\"width: 33.122%; height: 24px; text-align: center;\">Marque<\/td>\n<td style=\"width: 33.5446%; height: 24px; text-align: center;\">Jaunce<\/td>\n<\/tr>\n<tr style=\"height: 24px;\">\n<td style=\"width: 33.122%; height: 24px; text-align: center;\">Mod\u00e8le<\/td>\n<td style=\"width: 33.5446%; height: 24px; text-align: center;\">JH-SK20240322<\/td>\n<\/tr>\n<tr style=\"height: 24px;\">\n<td style=\"width: 33.122%; height: 24px; text-align: center;\">Capcience<\/td>\n<td style=\"width: 33.5446%; height: 24px; text-align: center;\">300 ml<\/td>\n<\/tr>\n<tr style=\"height: 24px;\">\n<td style=\"width: 33.122%; height: 24px; text-align: center;\">Couleur<\/td>\n<td style=\"width: 33.5446%; height: 24px; text-align: center;\">personnalis\u00e9<\/td>\n<\/tr>\n<tr style=\"height: 24px;\">\n<td style=\"width: 33.122%; height: 24px; text-align: center;\">Mat\u00e9riel<\/td>\n<td style=\"width: 33.5446%; height: 24px; text-align: center;\">HDPE<\/td>\n<\/tr>\n<\/tbody>\n<\/table>\n<p>&nbsp;<\/p>\n<p><img decoding=\"async\" class=\"alignnone size-full wp-image-2687\" src=\"https:\/\/www.cosmepak.com\/wp-content\/uploads\/2025\/07\/299.jpg\" alt=\"\" width=\"1920\" height=\"1920\" srcset=\"https:\/\/www.cosmepak.com\/wp-content\/uploads\/2025\/07\/299.jpg 1920w, https:\/\/www.cosmepak.com\/wp-content\/uploads\/2025\/07\/299-300x300.jpg 300w, https:\/\/www.cosmepak.com\/wp-content\/uploads\/2025\/07\/299-1024x1024.jpg 1024w, https:\/\/www.cosmepak.com\/wp-content\/uploads\/2025\/07\/299-150x150.jpg 150w, https:\/\/www.cosmepak.com\/wp-content\/uploads\/2025\/07\/299-768x768.jpg 768w, https:\/\/www.cosmepak.com\/wp-content\/uploads\/2025\/07\/299-1536x1536.jpg 1536w, https:\/\/www.cosmepak.com\/wp-content\/uploads\/2025\/07\/299-12x12.jpg 12w, https:\/\/www.cosmepak.com\/wp-content\/uploads\/2025\/07\/299-600x600.jpg 600w, https:\/\/www.cosmepak.com\/wp-content\/uploads\/2025\/07\/299-100x100.jpg 100w\" sizes=\"(max-width: 1920px) 100vw, 1920px\" \/><\/p>\n<p><img decoding=\"async\" class=\"alignnone size-full wp-image-2688\" src=\"https:\/\/www.cosmepak.com\/wp-content\/uploads\/2025\/07\/301.jpg\" alt=\"\" width=\"1920\" height=\"1920\" srcset=\"https:\/\/www.cosmepak.com\/wp-content\/uploads\/2025\/07\/301.jpg 1920w, https:\/\/www.cosmepak.com\/wp-content\/uploads\/2025\/07\/301-300x300.jpg 300w, https:\/\/www.cosmepak.com\/wp-content\/uploads\/2025\/07\/301-1024x1024.jpg 1024w, https:\/\/www.cosmepak.com\/wp-content\/uploads\/2025\/07\/301-150x150.jpg 150w, https:\/\/www.cosmepak.com\/wp-content\/uploads\/2025\/07\/301-768x768.jpg 768w, https:\/\/www.cosmepak.com\/wp-content\/uploads\/2025\/07\/301-1536x1536.jpg 1536w, https:\/\/www.cosmepak.com\/wp-content\/uploads\/2025\/07\/301-12x12.jpg 12w, https:\/\/www.cosmepak.com\/wp-content\/uploads\/2025\/07\/301-600x600.jpg 600w, https:\/\/www.cosmepak.com\/wp-content\/uploads\/2025\/07\/301-100x100.jpg 100w\" sizes=\"(max-width: 1920px) 100vw, 1920px\" \/><\/p>\n<p><img loading=\"lazy\" decoding=\"async\" class=\"alignnone size-full wp-image-2689\" src=\"https:\/\/www.cosmepak.com\/wp-content\/uploads\/2025\/07\/302.jpg\" alt=\"\" width=\"1920\" height=\"1920\" srcset=\"https:\/\/www.cosmepak.com\/wp-content\/uploads\/2025\/07\/302.jpg 1920w, https:\/\/www.cosmepak.com\/wp-content\/uploads\/2025\/07\/302-300x300.jpg 300w, https:\/\/www.cosmepak.com\/wp-content\/uploads\/2025\/07\/302-1024x1024.jpg 1024w, https:\/\/www.cosmepak.com\/wp-content\/uploads\/2025\/07\/302-150x150.jpg 150w, https:\/\/www.cosmepak.com\/wp-content\/uploads\/2025\/07\/302-768x768.jpg 768w, https:\/\/www.cosmepak.com\/wp-content\/uploads\/2025\/07\/302-1536x1536.jpg 1536w, https:\/\/www.cosmepak.com\/wp-content\/uploads\/2025\/07\/302-12x12.jpg 12w, https:\/\/www.cosmepak.com\/wp-content\/uploads\/2025\/07\/302-600x600.jpg 600w, https:\/\/www.cosmepak.com\/wp-content\/uploads\/2025\/07\/302-100x100.jpg 100w\" sizes=\"(max-width: 1920px) 100vw, 1920px\" \/><\/p>\n<p><img loading=\"lazy\" decoding=\"async\" class=\"alignnone size-full wp-image-2690\" src=\"https:\/\/www.cosmepak.com\/wp-content\/uploads\/2025\/07\/303.png\" alt=\"\" width=\"648\" height=\"637\" srcset=\"https:\/\/www.cosmepak.com\/wp-content\/uploads\/2025\/07\/303.png 648w, https:\/\/www.cosmepak.com\/wp-content\/uploads\/2025\/07\/303-300x295.png 300w, https:\/\/www.cosmepak.com\/wp-content\/uploads\/2025\/07\/303-12x12.png 12w, https:\/\/www.cosmepak.com\/wp-content\/uploads\/2025\/07\/303-600x590.png 600w\" sizes=\"(max-width: 648px) 100vw, 648px\" \/><\/p>\n<p>Bouteilles en plastique polyvalentes pour vos besoins quotidiens<br \/>\nAujourd'hui&#8217; Dans un monde \u00e0 rythme rapide, la commodit\u00e9 et l'efficacit\u00e9 sont primordiales, surtout en ce qui concerne les produits de soins personnels. Si vous&#8217; Si vous cherchez une bouteille de shampooing, un distributeur de lotion ou un conteneur de gel de douche, notre gamme polyvalente de bouteilles en plastique est con\u00e7ue pour r\u00e9pondre \u00e0 tous vos besoins. Laissez&#8217; explorez les caract\u00e9ristiques et les avantages de notre bouteille de shampooing rose clair de 300 ml et de nos bouteilles en plastique de pompe de 500 ml pour la lotion et le lavage des mains.<\/p>\n<p>Bouteille de shampooing rose clair 300ml<br \/>\nNotre bouteille de shampooing rose clair de 300 ml est parfaite pour ceux qui appr\u00e9cient \u00e0 la fois la fonctionnalit\u00e9 et l'esth\u00e9tique. La teinte rose douce ajoute une touche d'\u00e9l\u00e9gance \u00e0 votre salle de bain, faisant de votre routine quotidienne de soins des cheveux une exp\u00e9rience agr\u00e9able.<\/p>\n<p>Caract\u00e9ristiques :<\/p>\n<p>Capacit\u00e9: 300ml, id\u00e9al pour une utilisation r\u00e9guli\u00e8re.<br \/>\nMat\u00e9riel: Plastique de haute qualit\u00e9, garantissant la durabilit\u00e9 et la s\u00e9curit\u00e9.<br \/>\nDesign: \u00e9l\u00e9gant et ergonomique, facile \u00e0 manipuler et \u00e0 utiliser.<br \/>\nCouleur: rose clair, ajoutant une touche \u00e9l\u00e9gante \u00e0 votre d\u00e9cor de salle de bains.<br \/>\nUtilisation: Convient \u00e0 diff\u00e9rents types de shampooings et de conditionneurs de cheveux.<\/p>\n<p>Caract\u00e9ristiques :<\/p>\n<p>Capacit\u00e9: 500ml, offrant ample stockage pour vos produits pr\u00e9f\u00e9r\u00e9s.<br \/>\nMat\u00e9riel: Plastique robuste, r\u00e9sistant \u00e0 la cassure et \u00e0 l'usure.<br \/>\nM\u00e9canisme de pompe: pompe facile \u00e0 utiliser, permettant une distribution contr\u00f4l\u00e9e.<br \/>\nPolyvalence: Convient pour les lotions, les laves-mains et les gels de douche.<br \/>\nDesign: Disponible dans plusieurs styles pour correspondre \u00e0 vos pr\u00e9f\u00e9rences et d\u00e9cor de salle de bains.<br \/>\nAvantages de l\u2019utilisation de nos bouteilles en plastique<br \/>\nDurabilit\u00e9 : Fabriqu\u00e9es en plastique de haute qualit\u00e9, nos bouteilles sont con\u00e7ues pour durer, assurant que vos produits sont stock\u00e9s en toute s\u00e9curit\u00e9.<\/p>\n<p>Facilit\u00e9 d'utilisation: la conception ergonomique et le m\u00e9canisme de pompe rendent la distribution de vos produits facile, vous gagnant du temps et r\u00e9duisant les d\u00e9chets.<\/p>\n<p>Appel esth\u00e9tique: La couleur rose clair de la bouteille de shampooing et les designs \u00e9l\u00e9gants des bouteilles de pompe ajoutent une touche d'\u00e9l\u00e9gance \u00e0 votre salle de bain, am\u00e9liorant votre exp\u00e9rience globale.<\/p>\n<p>Polyvalence: Que vous ayez besoin d'une bouteille pour shampooing, lotion, lavage-mains ou gel de douche, notre gamme de bouteilles en plastique r\u00e9pond \u00e0 tous vos besoins, ce qui en fait un ajout polyvalent \u00e0 votre routine de soins personnels.<\/p>\n<p>Conclusion<br \/>\nInvestir dans des bouteilles en plastique de haute qualit\u00e9 pour vos produits de soins personnels est un choix intelligent qui offre \u00e0 la fois praticit\u00e9 et attrait esth\u00e9tique. Notre bouteille de shampooing rose clair de 300 ml et nos bouteilles en plastique de pompe de 500 ml pour la lotion et le lavage des mains sont con\u00e7ues pour vous offrir la commodit\u00e9, la durabilit\u00e9 et le style. Elevez votre routine de soins quotidiens avec nos bouteilles en plastique polyvalentes et profitez des avantages qu'elles apportent \u00e0 votre vie.<\/p>\n<table style=\"border-collapse: collapse; width: 100%;\">\n<tbody>\n<tr>\n<td style=\"width: 40.1818%;\"><\/td>\n<td style=\"width: 59.8182%;\"><\/td>\n<\/tr>\n<\/tbody>\n<\/table>\n<p><img loading=\"lazy\" decoding=\"async\" class=\"alignnone size-full wp-image-1347\" src=\"https:\/\/www.cosmepak.com\/wp-content\/uploads\/2024\/12\/\u9996\u987519202_03.jpg\" alt=\"salon de l&#039;usine\" width=\"1920\" height=\"885\" srcset=\"https:\/\/www.cosmepak.com\/wp-content\/uploads\/2024\/12\/\u9996\u987519202_03.jpg 1920w, https:\/\/www.cosmepak.com\/wp-content\/uploads\/2024\/12\/\u9996\u987519202_03-300x138.jpg 300w, https:\/\/www.cosmepak.com\/wp-content\/uploads\/2024\/12\/\u9996\u987519202_03-1024x472.jpg 1024w, https:\/\/www.cosmepak.com\/wp-content\/uploads\/2024\/12\/\u9996\u987519202_03-768x354.jpg 768w, https:\/\/www.cosmepak.com\/wp-content\/uploads\/2024\/12\/\u9996\u987519202_03-1536x708.jpg 1536w, https:\/\/www.cosmepak.com\/wp-content\/uploads\/2024\/12\/\u9996\u987519202_03-600x277.jpg 600w\" sizes=\"(max-width: 1920px) 100vw, 1920px\" \/><\/p>\n<p>Processus de production: Nous mettrons en place des inspections al\u00e9atoires \u00e0 chaque \u00e9tape de la production, et il y aura un processus d'inspection complet avant que le produit ne soit emball\u00e9 et mis en stockage. Tous les produits pr\u00e9sentant des probl\u00e8mes de qualit\u00e9 sont d\u00e9truits pour emp\u00eacher les produits d\u00e9fectueux d'entrer sur le march\u00e9<\/p>\n<p><img loading=\"lazy\" decoding=\"async\" class=\"alignnone size-full wp-image-1348\" src=\"https:\/\/www.cosmepak.com\/wp-content\/uploads\/2024\/12\/\u9996\u987519202_04.jpg\" alt=\"\" width=\"1920\" height=\"694\" srcset=\"https:\/\/www.cosmepak.com\/wp-content\/uploads\/2024\/12\/\u9996\u987519202_04.jpg 1920w, https:\/\/www.cosmepak.com\/wp-content\/uploads\/2024\/12\/\u9996\u987519202_04-300x108.jpg 300w, https:\/\/www.cosmepak.com\/wp-content\/uploads\/2024\/12\/\u9996\u987519202_04-1024x370.jpg 1024w, https:\/\/www.cosmepak.com\/wp-content\/uploads\/2024\/12\/\u9996\u987519202_04-768x278.jpg 768w, https:\/\/www.cosmepak.com\/wp-content\/uploads\/2024\/12\/\u9996\u987519202_04-1536x555.jpg 1536w, https:\/\/www.cosmepak.com\/wp-content\/uploads\/2024\/12\/\u9996\u987519202_04-600x217.jpg 600w\" sizes=\"(max-width: 1920px) 100vw, 1920px\" \/><img loading=\"lazy\" decoding=\"async\" class=\"alignnone size-full wp-image-1350\" src=\"https:\/\/www.cosmepak.com\/wp-content\/uploads\/2024\/12\/\u9996\u987519202_05-1.jpg\" alt=\"\" width=\"1920\" height=\"970\" srcset=\"https:\/\/www.cosmepak.com\/wp-content\/uploads\/2024\/12\/\u9996\u987519202_05-1.jpg 1920w, https:\/\/www.cosmepak.com\/wp-content\/uploads\/2024\/12\/\u9996\u987519202_05-1-300x152.jpg 300w, https:\/\/www.cosmepak.com\/wp-content\/uploads\/2024\/12\/\u9996\u987519202_05-1-1024x517.jpg 1024w, https:\/\/www.cosmepak.com\/wp-content\/uploads\/2024\/12\/\u9996\u987519202_05-1-768x388.jpg 768w, https:\/\/www.cosmepak.com\/wp-content\/uploads\/2024\/12\/\u9996\u987519202_05-1-1536x776.jpg 1536w, https:\/\/www.cosmepak.com\/wp-content\/uploads\/2024\/12\/\u9996\u987519202_05-1-600x303.jpg 600w\" sizes=\"(max-width: 1920px) 100vw, 1920px\" \/><img loading=\"lazy\" decoding=\"async\" class=\"alignnone wp-image-1351\" src=\"https:\/\/www.cosmepak.com\/wp-content\/uploads\/2024\/12\/\u7269\u6d41\u8fd0\u8f93\u753b\u9762-2.jpg\" alt=\"\" width=\"1385\" height=\"1039\" srcset=\"https:\/\/www.cosmepak.com\/wp-content\/uploads\/2024\/12\/\u7269\u6d41\u8fd0\u8f93\u753b\u9762-2.jpg 800w, https:\/\/www.cosmepak.com\/wp-content\/uploads\/2024\/12\/\u7269\u6d41\u8fd0\u8f93\u753b\u9762-2-300x225.jpg 300w, https:\/\/www.cosmepak.com\/wp-content\/uploads\/2024\/12\/\u7269\u6d41\u8fd0\u8f93\u753b\u9762-2-768x576.jpg 768w, https:\/\/www.cosmepak.com\/wp-content\/uploads\/2024\/12\/\u7269\u6d41\u8fd0\u8f93\u753b\u9762-2-600x450.jpg 600w\" sizes=\"(max-width: 1385px) 100vw, 1385px\" \/><\/p>\n<table style=\"border-collapse: collapse; width: 100%;\">\n<tbody>\n<tr>\n<td style=\"width: 33.3333%; text-align: center;\"><strong>Exprimer<\/strong><\/td>\n<td style=\"width: 33.3333%; text-align: center;\"><strong>Fret a\u00e9rien<\/strong><\/td>\n<td style=\"width: 33.3333%; text-align: center;\"><strong>Transport maritime<\/strong><\/td>\n<\/tr>\n<tr>\n<td style=\"width: 33.3333%; text-align: center;\">Europ 4-6 jours<\/p>\n<p>Am\u00e9rique du Nord 4-6 jours<\/p>\n<p>Asie du Sud-Est 3-5 jours<\/p>\n<p>Le Moyen-Orient 4 \u00e0 6 jours<\/p>\n<p>Afrique du Sud 5-8 jours<\/td>\n<td style=\"width: 33.3333%; text-align: center;\">Europ 4-6 jours<\/p>\n<p>Am\u00e9rique du Nord 4-6 jours<\/p>\n<p>Asie du Sud-Est 3-5 jours<\/p>\n<p>Le Moyen-Orient 4 \u00e0 6 jours<\/p>\n<p>Afrique du Sud 5-8 jours<\/td>\n<td style=\"width: 33.3333%; text-align: center;\">Europ 25 \u00e0 35 jours<\/p>\n<p>Am\u00e9rique du Nord 25-35 jours<\/p>\n<p>Asie du Sud-Est 25-35 jours<\/p>\n<p>Le Moyen-Orient 25-35 jours<\/p>\n<p>Afrique du Sud 25-35 jours<\/td>\n<\/tr>\n<\/tbody>\n<\/table>\n<p><strong>FAQ:<\/strong><\/p>\n<ol>\n<li>Pourquoi nous choisir par rapport \u00e0 d'autres fournisseurs?<br \/>\nDes dessins sur mesure : des dessins personnalis\u00e9s livr\u00e9s en seulement 3 minutes.<br \/>\nService en ligne 24\/7 : support disponible 24\/7.<br \/>\n\u00c9chantillons rapides: \u00c9chantillons de stock pr\u00eats dans les 7 jours; \u00e9chantillons imprim\u00e9s sur mesure disponibles en 15 jours.<br \/>\nD\u00e9lai de livraison rapide: D\u00e9lai de livraison de production de seulement 35 jours.<br \/>\nFabricant exp\u00e9riment\u00e9: Plus d'une d\u00e9cennie d'exp\u00e9rience dans l'emballage cosm\u00e9tique.<br \/>\nPrix directs d'usine: Assurer la meilleure valeur et le meilleur service.<br \/>\nSolutions compl\u00e8tes : solutions compl\u00e8tes pour tous vos besoins en emballage cosm\u00e9tique.<\/p>\n<p>Qui sommes-nous ?<br \/>\nSitu\u00e9 \u00e0 Zhejiang, en Chine, nous op\u00e9rons depuis 2014. Notre distribution sur le march\u00e9 comprend :<br \/>\nMarch\u00e9 int\u00e9rieur (70 %)<br \/>\nOc\u00e9anie (8 %)<br \/>\nMoyen-Orient (7 %)<br \/>\nAsie de l &apos; Est (2 %)<br \/>\nAm\u00e9rique du Nord (2 %)<br \/>\nEurope occidentale (2 %)<br \/>\nAsie du Sud-Est (2 %)<br \/>\nAsie du Sud (1 %)<br \/>\nAm\u00e9rique du Sud (1 %)<br \/>\nEurope du Sud (1 %)<br \/>\nAm\u00e9rique centrale (1 %)<br \/>\nEurope du Nord (1 %)<br \/>\nAfrique (1 %)<br \/>\nEurope de l'Est (1 %)<\/p>\n<p>Comment garantissons-nous la qualit\u00e9 ?<br \/>\nNous fournissons un \u00e9chantillon de pr\u00e9-production avant la production en masse et effectuons des inspections finales avant l'exp\u00e9dition.<\/p>\n<p>Quels produits pouvez-vous acheter chez nous?<br \/>\nNous offrons une vari\u00e9t\u00e9 de mat\u00e9riaux d'emballage cosm\u00e9tiques, y compris:<br \/>\nBouteilles en verre<br \/>\nBouteilles\/bocaux\/tubes en plastique<br \/>\nBouteilles\/bocaux\/tubes en aluminium<br \/>\nQuels services fournissons-nous ?<br \/>\nConditions de livraison accept\u00e9es: FOB, CFR, CIF<br \/>\nDevises de paiement accept\u00e9es: USD, EUR, HKD, CNY<br \/>\nM\u00e9thodes de paiement accept\u00e9es: T \/ T, L \/ C, D \/ P D \/ A<br \/>\nLangues parl\u00e9es: anglais et chinois<\/li>\n<\/ol>","protected":false},"excerpt":{"rendered":"<p>https:\/\/www.cosmepak.com\/ja\/product\/\/<\/p>\n<p>Mat\u00e9riel du bouchon: HDPE<\/p>\n<p>Capacit\u00e9 : 300ml<\/p>\n<p>Bouchon: Pompe<\/p>\n<p>Couleur: personnalis\u00e9e (n'importe quelle couleur Pantone Avaliable)<\/p>\n<p>Finition de surface: impression d'\u00e9cran, gla\u00e7age, estampage chaud, gradient de pulv\u00e9risation, finition mate, etc.<\/p>\n<p>MOQ: 5000pcs;<\/p>\n<p>&nbsp;<\/p>","protected":false},"featured_media":2684,"comment_status":"open","ping_status":"closed","template":"","meta":{"_acf_changed":false},"product_brand":[],"product_cat":[47,18],"product_tag":[41],"class_list":{"0":"post-2683","1":"product","2":"type-product","3":"status-publish","4":"has-post-thumbnail","6":"product_cat-lotion-bottle","7":"product_cat-plastic-bottle","8":"product_tag-plastic-bottle","10":"first","11":"instock","12":"shipping-taxable","13":"product-type-simple"},"acf":[],"_links":{"self":[{"href":"https:\/\/www.cosmepak.com\/fr\/wp-json\/wp\/v2\/product\/2683","targetHints":{"allow":["GET"]}}],"collection":[{"href":"https:\/\/www.cosmepak.com\/fr\/wp-json\/wp\/v2\/product"}],"about":[{"href":"https:\/\/www.cosmepak.com\/fr\/wp-json\/wp\/v2\/types\/product"}],"replies":[{"embeddable":true,"href":"https:\/\/www.cosmepak.com\/fr\/wp-json\/wp\/v2\/comments?post=2683"}],"wp:featuredmedia":[{"embeddable":true,"href":"https:\/\/www.cosmepak.com\/fr\/wp-json\/wp\/v2\/media\/2684"}],"wp:attachment":[{"href":"https:\/\/www.cosmepak.com\/fr\/wp-json\/wp\/v2\/media?parent=2683"}],"wp:term":[{"taxonomy":"product_brand","embeddable":true,"href":"https:\/\/www.cosmepak.com\/fr\/wp-json\/wp\/v2\/product_brand?post=2683"},{"taxonomy":"product_cat","embeddable":true,"href":"https:\/\/www.cosmepak.com\/fr\/wp-json\/wp\/v2\/product_cat?post=2683"},{"taxonomy":"product_tag","embeddable":true,"href":"https:\/\/www.cosmepak.com\/fr\/wp-json\/wp\/v2\/product_tag?post=2683"}],"curies":[{"name":"WP","href":"https:\/\/api.w.org\/{rel}","templated":true}]}}