{"id":2691,"date":"2025-07-22T09:59:50","date_gmt":"2025-07-22T01:59:50","guid":{"rendered":"https:\/\/www.cosmepak.com\/?post_type=product&#038;p=2691"},"modified":"2025-08-06T08:26:16","modified_gmt":"2025-08-06T00:26:16","slug":"petg-bouteille-avec-pompe","status":"publish","type":"product","link":"https:\/\/www.cosmepak.com\/fr\/product\/petg-bottle-with-pump\/","title":{"rendered":"Bouteille PETG avec pompe \u00e0 lotion\/Jaunce"},"content":{"rendered":"<table style=\"border-collapse: collapse; width: 100%; height: 168px;\">\n<tbody>\n<tr style=\"height: 24px;\">\n<td style=\"width: 33.3333%; height: 168px;\" rowspan=\"5\"><img fetchpriority=\"high\" decoding=\"async\" class=\"alignnone size-full wp-image-2693\" src=\"https:\/\/www.cosmepak.com\/wp-content\/uploads\/2025\/07\/307.jpg\" alt=\"\" width=\"1200\" height=\"1200\" srcset=\"https:\/\/www.cosmepak.com\/wp-content\/uploads\/2025\/07\/307.jpg 1200w, https:\/\/www.cosmepak.com\/wp-content\/uploads\/2025\/07\/307-300x300.jpg 300w, https:\/\/www.cosmepak.com\/wp-content\/uploads\/2025\/07\/307-1024x1024.jpg 1024w, https:\/\/www.cosmepak.com\/wp-content\/uploads\/2025\/07\/307-150x150.jpg 150w, https:\/\/www.cosmepak.com\/wp-content\/uploads\/2025\/07\/307-768x768.jpg 768w, https:\/\/www.cosmepak.com\/wp-content\/uploads\/2025\/07\/307-12x12.jpg 12w, https:\/\/www.cosmepak.com\/wp-content\/uploads\/2025\/07\/307-600x600.jpg 600w, https:\/\/www.cosmepak.com\/wp-content\/uploads\/2025\/07\/307-100x100.jpg 100w\" sizes=\"(max-width: 1200px) 100vw, 1200px\" \/><\/td>\n<td style=\"width: 33.122%; height: 24px; text-align: center;\">Marque<\/td>\n<td style=\"width: 33.5446%; height: 24px; text-align: center;\">Jaunce<\/td>\n<\/tr>\n<tr style=\"height: 24px;\">\n<td style=\"width: 33.122%; height: 24px; text-align: center;\">Mod\u00e8le<\/td>\n<td style=\"width: 33.5446%; height: 24px; text-align: center;\">JH-SK24-28<\/td>\n<\/tr>\n<tr style=\"height: 24px;\">\n<td style=\"width: 33.122%; height: 24px; text-align: center;\">Capcience<\/td>\n<td style=\"width: 33.5446%; height: 24px; text-align: center;\">200 ml \/ 400 ml<\/td>\n<\/tr>\n<tr style=\"height: 24px;\">\n<td style=\"width: 33.122%; height: 24px; text-align: center;\">Couleur<\/td>\n<td style=\"width: 33.5446%; height: 24px; text-align: center;\">personnalis\u00e9<\/td>\n<\/tr>\n<tr style=\"height: 24px;\">\n<td style=\"width: 33.122%; height: 24px; text-align: center;\">Mat\u00e9riel<\/td>\n<td style=\"width: 33.5446%; height: 24px; text-align: center;\">PETG<\/td>\n<\/tr>\n<\/tbody>\n<\/table>\n<p>&nbsp;<\/p>\n<p><img decoding=\"async\" class=\"alignnone size-full wp-image-2694\" src=\"https:\/\/www.cosmepak.com\/wp-content\/uploads\/2025\/07\/304.jpg\" alt=\"\" width=\"1200\" height=\"1200\" srcset=\"https:\/\/www.cosmepak.com\/wp-content\/uploads\/2025\/07\/304.jpg 1200w, https:\/\/www.cosmepak.com\/wp-content\/uploads\/2025\/07\/304-300x300.jpg 300w, https:\/\/www.cosmepak.com\/wp-content\/uploads\/2025\/07\/304-1024x1024.jpg 1024w, https:\/\/www.cosmepak.com\/wp-content\/uploads\/2025\/07\/304-150x150.jpg 150w, https:\/\/www.cosmepak.com\/wp-content\/uploads\/2025\/07\/304-768x768.jpg 768w, https:\/\/www.cosmepak.com\/wp-content\/uploads\/2025\/07\/304-12x12.jpg 12w, https:\/\/www.cosmepak.com\/wp-content\/uploads\/2025\/07\/304-600x600.jpg 600w, https:\/\/www.cosmepak.com\/wp-content\/uploads\/2025\/07\/304-100x100.jpg 100w\" sizes=\"(max-width: 1200px) 100vw, 1200px\" \/><\/p>\n<p><img decoding=\"async\" class=\"alignnone size-full wp-image-2695\" src=\"https:\/\/www.cosmepak.com\/wp-content\/uploads\/2025\/07\/305.jpg\" alt=\"\" width=\"1200\" height=\"1200\" srcset=\"https:\/\/www.cosmepak.com\/wp-content\/uploads\/2025\/07\/305.jpg 1200w, https:\/\/www.cosmepak.com\/wp-content\/uploads\/2025\/07\/305-300x300.jpg 300w, https:\/\/www.cosmepak.com\/wp-content\/uploads\/2025\/07\/305-1024x1024.jpg 1024w, https:\/\/www.cosmepak.com\/wp-content\/uploads\/2025\/07\/305-150x150.jpg 150w, https:\/\/www.cosmepak.com\/wp-content\/uploads\/2025\/07\/305-768x768.jpg 768w, https:\/\/www.cosmepak.com\/wp-content\/uploads\/2025\/07\/305-12x12.jpg 12w, https:\/\/www.cosmepak.com\/wp-content\/uploads\/2025\/07\/305-600x600.jpg 600w, https:\/\/www.cosmepak.com\/wp-content\/uploads\/2025\/07\/305-100x100.jpg 100w\" sizes=\"(max-width: 1200px) 100vw, 1200px\" \/><\/p>\n<p><img loading=\"lazy\" decoding=\"async\" class=\"alignnone size-full wp-image-2696\" src=\"https:\/\/www.cosmepak.com\/wp-content\/uploads\/2025\/07\/306.jpg\" alt=\"\" width=\"1200\" height=\"1200\" srcset=\"https:\/\/www.cosmepak.com\/wp-content\/uploads\/2025\/07\/306.jpg 1200w, https:\/\/www.cosmepak.com\/wp-content\/uploads\/2025\/07\/306-300x300.jpg 300w, https:\/\/www.cosmepak.com\/wp-content\/uploads\/2025\/07\/306-1024x1024.jpg 1024w, https:\/\/www.cosmepak.com\/wp-content\/uploads\/2025\/07\/306-150x150.jpg 150w, https:\/\/www.cosmepak.com\/wp-content\/uploads\/2025\/07\/306-768x768.jpg 768w, https:\/\/www.cosmepak.com\/wp-content\/uploads\/2025\/07\/306-12x12.jpg 12w, https:\/\/www.cosmepak.com\/wp-content\/uploads\/2025\/07\/306-600x600.jpg 600w, https:\/\/www.cosmepak.com\/wp-content\/uploads\/2025\/07\/306-100x100.jpg 100w\" sizes=\"(max-width: 1200px) 100vw, 1200px\" \/><\/p>\n<p>Bouteilles PETG innovantes pour produits de soins personnels<br \/>\nDans le monde concurrentiel des produits de soins personnels, l\u2019emballage joue un r\u00f4le crucial pour attirer les consommateurs et garantir l\u2019int\u00e9grit\u00e9 du produit. Aujourd'hui, nous explorons deux conceptions innovantes de bouteilles PETG qui \u00e9tablissent de nouvelles normes dans l'industrie: la bouteille de gel de douche PETG transparente mate de 200 ml, la bouteille de shampooing \u00e0 pompe de 400 ml<\/p>\n<p>Bouteille de gel de douche PETG transparente mate 200ml<br \/>\nLa bouteille de gel de douche PETG transparente mate de 200ml est con\u00e7ue pour offrir \u00e0 la fois un attrait esth\u00e9tique et des avantages fonctionnels. La finition mate donne un look sophistiqu\u00e9, ce qui le rend remarquable sur les \u00e9tag\u00e8res. La transparence permet aux consommateurs de voir le produit \u00e0 l\u2019int\u00e9rieur, ce qui peut renforcer la confiance et l\u2019attrait. Le mat\u00e9riau PETG est connu pour sa durabilit\u00e9 et sa r\u00e9sistance aux chocs, ce qui le rend id\u00e9al pour les environnements de salle de bains o\u00f9 les bouteilles sont manipul\u00e9es fr\u00e9quemment.<\/p>\n<p>Bouteille de shampooing \u00e0 pompe de 400ml<br \/>\nEnsuite, nous avons la bouteille de shampooing de pompe de 400 ml. Cette bouteille est \u00e9quip\u00e9e d'un m\u00e9canisme de pompage pratique, ce qui permet aux utilisateurs de distribuer la bonne quantit\u00e9 de shampooing sans aucun tracas. La plus grande capacit\u00e9 de 400 ml assure que les utilisateurs ont une offre suffisante, r\u00e9duisant la fr\u00e9quence de rachat. Le mat\u00e9riau PETG garantit que la bouteille reste robuste et r\u00e9sistante \u00e0 la cassure, m\u00eame dans les conditions humides de la salle de bain.<\/p>\n<p>Conclusion<br \/>\nEn conclusion, ces deux bouteilles PETG - la bouteille de gel de douche PETG mat transparent de 200 ml et la bouteille de shampooing \u00e0 pompe de 400 ml - illustrent l'innovation dans les emballages de soins personnels. Leurs conceptions uniques et leurs avantages fonctionnels sont adapt\u00e9s aux besoins et aux pr\u00e9f\u00e9rences des consommateurs. En choisissant le mat\u00e9riau PETG, les fabricants assurent la durabilit\u00e9, l'attrait esth\u00e9tique et la s\u00e9curit\u00e9 des produits, ce qui fait de ces bouteilles un ajout pr\u00e9cieux \u00e0 toute gamme de produits de soins personnels.<\/p>\n<table style=\"border-collapse: collapse; width: 100%;\">\n<tbody>\n<tr>\n<td style=\"width: 40.1818%;\"><\/td>\n<td style=\"width: 59.8182%;\"><\/td>\n<\/tr>\n<\/tbody>\n<\/table>\n<p><img loading=\"lazy\" decoding=\"async\" class=\"alignnone size-full wp-image-1347\" src=\"https:\/\/www.cosmepak.com\/wp-content\/uploads\/2024\/12\/\u9996\u987519202_03.jpg\" alt=\"salon de l&#039;usine\" width=\"1920\" height=\"885\" srcset=\"https:\/\/www.cosmepak.com\/wp-content\/uploads\/2024\/12\/\u9996\u987519202_03.jpg 1920w, https:\/\/www.cosmepak.com\/wp-content\/uploads\/2024\/12\/\u9996\u987519202_03-300x138.jpg 300w, https:\/\/www.cosmepak.com\/wp-content\/uploads\/2024\/12\/\u9996\u987519202_03-1024x472.jpg 1024w, https:\/\/www.cosmepak.com\/wp-content\/uploads\/2024\/12\/\u9996\u987519202_03-768x354.jpg 768w, https:\/\/www.cosmepak.com\/wp-content\/uploads\/2024\/12\/\u9996\u987519202_03-1536x708.jpg 1536w, https:\/\/www.cosmepak.com\/wp-content\/uploads\/2024\/12\/\u9996\u987519202_03-600x277.jpg 600w\" sizes=\"(max-width: 1920px) 100vw, 1920px\" \/><\/p>\n<p><img loading=\"lazy\" decoding=\"async\" class=\"alignnone size-full wp-image-1348\" src=\"https:\/\/www.cosmepak.com\/wp-content\/uploads\/2024\/12\/\u9996\u987519202_04.jpg\" alt=\"\" width=\"1920\" height=\"694\" srcset=\"https:\/\/www.cosmepak.com\/wp-content\/uploads\/2024\/12\/\u9996\u987519202_04.jpg 1920w, https:\/\/www.cosmepak.com\/wp-content\/uploads\/2024\/12\/\u9996\u987519202_04-300x108.jpg 300w, https:\/\/www.cosmepak.com\/wp-content\/uploads\/2024\/12\/\u9996\u987519202_04-1024x370.jpg 1024w, https:\/\/www.cosmepak.com\/wp-content\/uploads\/2024\/12\/\u9996\u987519202_04-768x278.jpg 768w, https:\/\/www.cosmepak.com\/wp-content\/uploads\/2024\/12\/\u9996\u987519202_04-1536x555.jpg 1536w, https:\/\/www.cosmepak.com\/wp-content\/uploads\/2024\/12\/\u9996\u987519202_04-600x217.jpg 600w\" sizes=\"(max-width: 1920px) 100vw, 1920px\" \/><img loading=\"lazy\" decoding=\"async\" class=\"alignnone size-full wp-image-1350\" src=\"https:\/\/www.cosmepak.com\/wp-content\/uploads\/2024\/12\/\u9996\u987519202_05-1.jpg\" alt=\"\" width=\"1920\" height=\"970\" srcset=\"https:\/\/www.cosmepak.com\/wp-content\/uploads\/2024\/12\/\u9996\u987519202_05-1.jpg 1920w, https:\/\/www.cosmepak.com\/wp-content\/uploads\/2024\/12\/\u9996\u987519202_05-1-300x152.jpg 300w, https:\/\/www.cosmepak.com\/wp-content\/uploads\/2024\/12\/\u9996\u987519202_05-1-1024x517.jpg 1024w, https:\/\/www.cosmepak.com\/wp-content\/uploads\/2024\/12\/\u9996\u987519202_05-1-768x388.jpg 768w, https:\/\/www.cosmepak.com\/wp-content\/uploads\/2024\/12\/\u9996\u987519202_05-1-1536x776.jpg 1536w, https:\/\/www.cosmepak.com\/wp-content\/uploads\/2024\/12\/\u9996\u987519202_05-1-600x303.jpg 600w\" sizes=\"(max-width: 1920px) 100vw, 1920px\" \/><img loading=\"lazy\" decoding=\"async\" class=\"alignnone wp-image-1351\" src=\"https:\/\/www.cosmepak.com\/wp-content\/uploads\/2024\/12\/\u7269\u6d41\u8fd0\u8f93\u753b\u9762-2.jpg\" alt=\"\" width=\"1385\" height=\"1039\" srcset=\"https:\/\/www.cosmepak.com\/wp-content\/uploads\/2024\/12\/\u7269\u6d41\u8fd0\u8f93\u753b\u9762-2.jpg 800w, https:\/\/www.cosmepak.com\/wp-content\/uploads\/2024\/12\/\u7269\u6d41\u8fd0\u8f93\u753b\u9762-2-300x225.jpg 300w, https:\/\/www.cosmepak.com\/wp-content\/uploads\/2024\/12\/\u7269\u6d41\u8fd0\u8f93\u753b\u9762-2-768x576.jpg 768w, https:\/\/www.cosmepak.com\/wp-content\/uploads\/2024\/12\/\u7269\u6d41\u8fd0\u8f93\u753b\u9762-2-600x450.jpg 600w\" sizes=\"(max-width: 1385px) 100vw, 1385px\" \/><\/p>\n<table style=\"border-collapse: collapse; width: 100%;\">\n<tbody>\n<tr>\n<td style=\"width: 33.3333%; text-align: center;\"><strong>Exprimer<\/strong><\/td>\n<td style=\"width: 33.3333%; text-align: center;\"><strong>Fret a\u00e9rien<\/strong><\/td>\n<td style=\"width: 33.3333%; text-align: center;\"><strong>Transport maritime<\/strong><\/td>\n<\/tr>\n<tr>\n<td style=\"width: 33.3333%; text-align: center;\">Europ 4-6 jours<\/p>\n<p>Am\u00e9rique du Nord 4-6 jours<\/p>\n<p>Asie du Sud-Est 3-5 jours<\/p>\n<p>Le Moyen-Orient 4 \u00e0 6 jours<\/p>\n<p>Afrique du Sud 5-8 jours<\/td>\n<td style=\"width: 33.3333%; text-align: center;\">Europ 4-6 jours<\/p>\n<p>Am\u00e9rique du Nord 4-6 jours<\/p>\n<p>Asie du Sud-Est 3-5 jours<\/p>\n<p>Le Moyen-Orient 4 \u00e0 6 jours<\/p>\n<p>Afrique du Sud 5-8 jours<\/td>\n<td style=\"width: 33.3333%; text-align: center;\">Europ 25 \u00e0 35 jours<\/p>\n<p>Am\u00e9rique du Nord 25-35 jours<\/p>\n<p>Asie du Sud-Est 25-35 jours<\/p>\n<p>Le Moyen-Orient 25-35 jours<\/p>\n<p>Afrique du Sud 25-35 jours<\/td>\n<\/tr>\n<\/tbody>\n<\/table>\n<p><span style=\"font-size: 14pt;\"><strong>FAQ:<\/strong><\/span><\/p>\n<h3 id=\"why-choose-us-over-other-suppliers\" class=\"ai-center-markdown-h3\" data-spm-anchor-id=\"a2747.product_manager.0.i9.289071d2HpLvJq\">Pourquoi nous choisir par rapport \u00e0 d'autres fournisseurs?<\/h3>\n<ol class=\"ai-center-markdown-ol\" start=\"1\">\n<li class=\"ai-center-markdown-li\"><strong class=\"ai-center-markdown-strong\">Des designs sur mesure<\/strong>: Des dessins personnalis\u00e9s livr\u00e9s en seulement 3 minutes.<\/li>\n<li class=\"ai-center-markdown-li\"><strong class=\"ai-center-markdown-strong\">Service en ligne 24\/7<\/strong>: Support disponible 24h\/24.<\/li>\n<li class=\"ai-center-markdown-li\"><strong class=\"ai-center-markdown-strong\">\u00c9chantillons rapides<\/strong>: \u00e9chantillons de stock pr\u00eats dans les 7 jours ; \u00e9chantillons imprim\u00e9s sur mesure disponibles en 15 jours.<\/li>\n<li class=\"ai-center-markdown-li\"><strong class=\"ai-center-markdown-strong\">D\u00e9lai de livraison rapide<\/strong>: D\u00e9lai de production de seulement 35 jours.<\/li>\n<li class=\"ai-center-markdown-li\"><strong class=\"ai-center-markdown-strong\">Fabricant exp\u00e9riment\u00e9<\/strong>Plus d'une d\u00e9cennie d'exp\u00e9rience dans l'emballage cosm\u00e9tique.<\/li>\n<li class=\"ai-center-markdown-li\"><strong class=\"ai-center-markdown-strong\">Tarifs directs d'usine<\/strong>Assurer la meilleure valeur et le meilleur service.<\/li>\n<li class=\"ai-center-markdown-li\"><strong class=\"ai-center-markdown-strong\">Solutions compl\u00e8tes<\/strong>: Des solutions compl\u00e8tes pour tous vos besoins en emballage cosm\u00e9tique.<\/li>\n<\/ol>\n<h3 id=\"who-are-we\" class=\"ai-center-markdown-h3\">Qui sommes-nous ?<\/h3>\n<p class=\"ai-center-markdown-p\">Situ\u00e9 \u00e0 Zhejiang, en Chine, nous op\u00e9rons depuis 2014. Notre distribution sur le march\u00e9 comprend :<\/p>\n<ul class=\"ai-center-markdown-ul\">\n<li class=\"ai-center-markdown-li\">March\u00e9 int\u00e9rieur (70 %)<\/li>\n<li class=\"ai-center-markdown-li\">Oc\u00e9anie (8 %)<\/li>\n<li class=\"ai-center-markdown-li\">Moyen-Orient (7 %)<\/li>\n<li class=\"ai-center-markdown-li\">Asie de l &apos; Est (2 %)<\/li>\n<li class=\"ai-center-markdown-li\">Am\u00e9rique du Nord (2 %)<\/li>\n<li class=\"ai-center-markdown-li\">Europe occidentale (2 %)<\/li>\n<li class=\"ai-center-markdown-li\">Asie du Sud-Est (2 %)<\/li>\n<li class=\"ai-center-markdown-li\">Asie du Sud (1 %)<\/li>\n<li class=\"ai-center-markdown-li\">Am\u00e9rique du Sud (1 %)<\/li>\n<li class=\"ai-center-markdown-li\">Europe du Sud (1 %)<\/li>\n<li class=\"ai-center-markdown-li\">Am\u00e9rique centrale (1 %)<\/li>\n<li class=\"ai-center-markdown-li\">Europe du Nord (1 %)<\/li>\n<li class=\"ai-center-markdown-li\">Afrique (1 %)<\/li>\n<li class=\"ai-center-markdown-li\">Europe de l'Est (1 %)<\/li>\n<\/ul>\n<h3 id=\"how-do-we-guarantee-quality\" class=\"ai-center-markdown-h3\">Comment garantissons-nous la qualit\u00e9 ?<\/h3>\n<p class=\"ai-center-markdown-p\">Nous fournissons un \u00e9chantillon de pr\u00e9-production avant la production en masse et effectuons des inspections finales avant l'exp\u00e9dition.<\/p>\n<h3 id=\"what-products-can-you-purchase-from-us\" class=\"ai-center-markdown-h3\">Quels produits pouvez-vous acheter chez nous?<\/h3>\n<p class=\"ai-center-markdown-p\">Nous offrons une vari\u00e9t\u00e9 de mat\u00e9riaux d'emballage cosm\u00e9tiques, y compris:<\/p>\n<ul class=\"ai-center-markdown-ul\">\n<li class=\"ai-center-markdown-li\">Bouteilles en verre<\/li>\n<li class=\"ai-center-markdown-li\">Bouteilles\/bocaux\/tubes en plastique<\/li>\n<li class=\"ai-center-markdown-li\">Bouteilles\/bocaux\/tubes en aluminium<\/li>\n<\/ul>\n<h3 id=\"what-services-do-we-provide\" class=\"ai-center-markdown-h3\">Quels services fournissons-nous ?<\/h3>\n<ul class=\"ai-center-markdown-ul\">\n<li class=\"ai-center-markdown-li\"><strong class=\"ai-center-markdown-strong\">Conditions de livraison accept\u00e9es<\/strong>: FOB, CFR, CIF<\/li>\n<li class=\"ai-center-markdown-li\"><strong class=\"ai-center-markdown-strong\">Monnaies de paiement accept\u00e9es<\/strong>: USD, EUR, HKD, CNY<\/li>\n<li class=\"ai-center-markdown-li\"><strong class=\"ai-center-markdown-strong\">M\u00e9thodes de paiement accept\u00e9es<\/strong>: T\/T, L\/C, D\/P D\/A<\/li>\n<li class=\"ai-center-markdown-li\"><strong class=\"ai-center-markdown-strong\">Langues parl\u00e9es<\/strong>Anglais et chinois<\/li>\n<\/ul>\n<p>&nbsp;<\/p>","protected":false},"excerpt":{"rendered":"<p>Mat\u00e9riel de la bouteille : PETG<\/p>\n<p>Mat\u00e9riau de capuchon: PP<\/p>\n<p>Capacit\u00e9 : 200ML\/400ML<\/p>\n<p>Bouchon: Pompe<\/p>\n<p>Couleur: personnalis\u00e9e (n'importe quelle couleur Pantone Avaliable)<\/p>\n<p>Finition de surface: impression d'\u00e9cran, gla\u00e7age, estampage chaud, gradient de pulv\u00e9risation, finition mate, etc.<\/p>\n<p>MOQ: 5000pcs;<\/p>\n<p>&nbsp;<\/p>","protected":false},"featured_media":2692,"comment_status":"open","ping_status":"closed","template":"","meta":{"_acf_changed":false},"product_brand":[],"product_cat":[47,18],"product_tag":[41],"class_list":{"0":"post-2691","1":"product","2":"type-product","3":"status-publish","4":"has-post-thumbnail","6":"product_cat-lotion-bottle","7":"product_cat-plastic-bottle","8":"product_tag-plastic-bottle","10":"first","11":"instock","12":"shipping-taxable","13":"product-type-simple"},"acf":[],"_links":{"self":[{"href":"https:\/\/www.cosmepak.com\/fr\/wp-json\/wp\/v2\/product\/2691","targetHints":{"allow":["GET"]}}],"collection":[{"href":"https:\/\/www.cosmepak.com\/fr\/wp-json\/wp\/v2\/product"}],"about":[{"href":"https:\/\/www.cosmepak.com\/fr\/wp-json\/wp\/v2\/types\/product"}],"replies":[{"embeddable":true,"href":"https:\/\/www.cosmepak.com\/fr\/wp-json\/wp\/v2\/comments?post=2691"}],"wp:featuredmedia":[{"embeddable":true,"href":"https:\/\/www.cosmepak.com\/fr\/wp-json\/wp\/v2\/media\/2692"}],"wp:attachment":[{"href":"https:\/\/www.cosmepak.com\/fr\/wp-json\/wp\/v2\/media?parent=2691"}],"wp:term":[{"taxonomy":"product_brand","embeddable":true,"href":"https:\/\/www.cosmepak.com\/fr\/wp-json\/wp\/v2\/product_brand?post=2691"},{"taxonomy":"product_cat","embeddable":true,"href":"https:\/\/www.cosmepak.com\/fr\/wp-json\/wp\/v2\/product_cat?post=2691"},{"taxonomy":"product_tag","embeddable":true,"href":"https:\/\/www.cosmepak.com\/fr\/wp-json\/wp\/v2\/product_tag?post=2691"}],"curies":[{"name":"WP","href":"https:\/\/api.w.org\/{rel}","templated":true}]}}