{"id":2945,"date":"2025-09-11T15:10:46","date_gmt":"2025-09-11T07:10:46","guid":{"rendered":"https:\/\/www.cosmepak.com\/?post_type=product&#038;p=2945"},"modified":"2025-12-31T15:20:41","modified_gmt":"2025-12-31T07:20:41","slug":"hot-selling-small-capacity-20ml-50ml-glass-bottle-with-dropper-jaunce","status":"publish","type":"product","link":"https:\/\/www.cosmepak.com\/fr\/product\/hot-selling-small-capacity-20ml-50ml-glass-bottle-with-dropper-jaunce\/","title":{"rendered":"Bouteille de verre de petite capacit\u00e9 de vente chaude 20ml-50ml avec gouttelette\/Jaunce"},"content":{"rendered":"<table style=\"border-collapse: collapse; width: 100%; height: 216px;\">\n<tbody>\n<tr style=\"height: 24px;\">\n<td style=\"width: 40.6929%; height: 216px;\" rowspan=\"9\"><img fetchpriority=\"high\" decoding=\"async\" class=\"alignnone size-full wp-image-3873\" src=\"https:\/\/www.cosmepak.com\/wp-content\/uploads\/2025\/09\/\u4e3b\u56fe-6.jpg\" alt=\"\" width=\"800\" height=\"800\" srcset=\"https:\/\/www.cosmepak.com\/wp-content\/uploads\/2025\/09\/\u4e3b\u56fe-6.jpg 800w, https:\/\/www.cosmepak.com\/wp-content\/uploads\/2025\/09\/\u4e3b\u56fe-6-300x300.jpg 300w, https:\/\/www.cosmepak.com\/wp-content\/uploads\/2025\/09\/\u4e3b\u56fe-6-150x150.jpg 150w, https:\/\/www.cosmepak.com\/wp-content\/uploads\/2025\/09\/\u4e3b\u56fe-6-768x768.jpg 768w, https:\/\/www.cosmepak.com\/wp-content\/uploads\/2025\/09\/\u4e3b\u56fe-6-12x12.jpg 12w, https:\/\/www.cosmepak.com\/wp-content\/uploads\/2025\/09\/\u4e3b\u56fe-6-600x600.jpg 600w, https:\/\/www.cosmepak.com\/wp-content\/uploads\/2025\/09\/\u4e3b\u56fe-6-100x100.jpg 100w\" sizes=\"(max-width: 800px) 100vw, 800px\" \/><\/td>\n<td style=\"width: 23.5109%; height: 24px; text-align: center;\">Marque<\/td>\n<td style=\"width: 35.7961%; height: 24px; text-align: center;\">\u00a0Jaunce<\/td>\n<\/tr>\n<tr style=\"height: 24px;\">\n<td style=\"width: 23.5109%; height: 24px; text-align: center;\">Capacit\u00e9<\/td>\n<td style=\"width: 35.7961%; height: 24px; text-align: center;\">20 ml \/ 30 ml \/ 40 ml \/ 50 ml<\/td>\n<\/tr>\n<tr style=\"height: 24px;\">\n<td style=\"width: 23.5109%; height: 24px; text-align: center;\">Forme<\/td>\n<td style=\"width: 35.7961%; height: 24px; text-align: center;\">Rond<\/td>\n<\/tr>\n<tr style=\"height: 24px;\">\n<td style=\"width: 23.5109%; height: 24px; text-align: center;\">Mat\u00e9riel<\/td>\n<td style=\"width: 35.7961%; height: 24px; text-align: center;\">Verre<\/td>\n<\/tr>\n<tr style=\"height: 24px;\">\n<td style=\"width: 23.5109%; height: 24px; text-align: center;\">Mod\u00e8le<\/td>\n<td style=\"width: 35.7961%; height: 24px; text-align: center;\">JH-YM20-50ml<\/td>\n<\/tr>\n<tr style=\"height: 24px;\">\n<td style=\"width: 23.5109%; height: 24px; text-align: center;\">OEM \/ ODM<\/td>\n<td style=\"width: 35.7961%; height: 24px; text-align: center;\">Accepter<\/td>\n<\/tr>\n<tr style=\"height: 24px;\">\n<td style=\"width: 23.5109%; height: 24px; text-align: center;\">Couleur<\/td>\n<td style=\"width: 35.7961%; height: 24px; text-align: center;\">Toute couleur Parton personnalis\u00e9e<\/td>\n<\/tr>\n<tr style=\"height: 24px;\">\n<td style=\"width: 23.5109%; height: 24px; text-align: center;\">Usage<\/td>\n<td style=\"width: 35.7961%; height: 24px; text-align: center;\">Lotion\/Fondation\/cr\u00e8me etc.<\/td>\n<\/tr>\n<tr style=\"height: 24px;\">\n<td style=\"width: 23.5109%; height: 24px; text-align: center;\">MOQ<\/td>\n<td style=\"width: 35.7961%; height: 24px; text-align: center;\">10000pcs<\/td>\n<\/tr>\n<\/tbody>\n<\/table>\n<table style=\"border-collapse: collapse; width: 100%; height: 158px;\">\n<tbody>\n<tr style=\"height: 24px;\">\n<td style=\"width: 10.6265%; text-align: center; height: 24px;\"><strong>Capacit\u00e9<\/strong><\/td>\n<td style=\"width: 8.48199%; text-align: center; height: 24px;\"><strong>Hauteur totale<\/strong><\/td>\n<td style=\"width: 8.31655%; text-align: center; height: 24px;\"><strong>Diam\u00e8tre inf\u00e9rieur<\/strong><\/td>\n<td style=\"width: 7.71175%; text-align: center;\"><strong>Comment Visual Desi\u062c\u0631\u0627\u0645n Imetrpact Pr\u00e9sence sur \u00e9tag\u00e8re?<\/strong><strong><br \/>\n<\/strong><\/td>\n<td style=\"width: 8.12208%; text-align: center;\"><b>Hauteur imprimable<\/b><\/td>\n<td style=\"width: 7.61803%; text-align: center; height: 24px;\"><b>Poids<\/b><\/td>\n<\/tr>\n<tr style=\"height: 32px;\">\n<td style=\"width: 10.6265%; text-align: center; height: 32px;\">20 ml<\/td>\n<td style=\"width: 8.48199%; text-align: center; height: 32px;\">77 mm<\/td>\n<td style=\"width: 8.31655%; text-align: center; height: 32px;\">44.5mm<\/td>\n<td style=\"width: 7.71175%; text-align: center;\">140mm<\/td>\n<td style=\"width: 8.12208%; text-align: center;\">27 mm<\/td>\n<td style=\"width: 7.61803%; text-align: center; height: 32px;\">99.3g<\/td>\n<\/tr>\n<tr style=\"height: 34px;\">\n<td style=\"width: 10.6265%; text-align: center; height: 34px;\">30 ml<\/td>\n<td style=\"width: 8.48199%; text-align: center; height: 34px;\">88 mm<\/td>\n<td style=\"width: 8.31655%; text-align: center; height: 34px;\">46 mm<\/td>\n<td style=\"width: 7.71175%; text-align: center;\">144.5mm<\/td>\n<td style=\"width: 8.12208%; text-align: center;\">37 mm<\/td>\n<td style=\"width: 7.61803%; text-align: center; height: 34px;\">111.9g<\/td>\n<\/tr>\n<tr style=\"height: 34px;\">\n<td style=\"width: 10.6265%; text-align: center; height: 34px;\">40 ml<\/td>\n<td style=\"width: 8.48199%; text-align: center; height: 34px;\">94 mm<\/td>\n<td style=\"width: 8.31655%; text-align: center; height: 34px;\">48 mm<\/td>\n<td style=\"width: 7.71175%; text-align: center;\">151 mm<\/td>\n<td style=\"width: 8.12208%; text-align: center;\">44 mm<\/td>\n<td style=\"width: 7.61803%; text-align: center; height: 34px;\">142.3g<\/td>\n<\/tr>\n<tr style=\"height: 24px;\">\n<td style=\"width: 10.6265%; text-align: center; height: 34px;\">50 ml<\/td>\n<td style=\"width: 8.48199%; text-align: center; height: 34px;\">101 mm<\/td>\n<td style=\"width: 8.31655%; text-align: center; height: 34px;\">52 mm<\/td>\n<td style=\"width: 7.71175%; text-align: center;\">162 mm<\/td>\n<td style=\"width: 8.12208%; text-align: center;\">48 mm<\/td>\n<td style=\"width: 7.61803%; text-align: center; height: 34px;\">167.2g<\/td>\n<\/tr>\n<\/tbody>\n<\/table>\n<p>Cet ensemble de bouteilles en verre de 20 ml, 30 ml, 40 ml et 50 ml avec goutteuses est un article essentiel polyvalent adapt\u00e9 \u00e0 diverses industries, y compris les industries des cosm\u00e9tiques, pharmaceutiques et des huiles essentielles.<\/p>\n<p>Il convient parfaitement aux applications qui n\u00e9cessitent des dosages pr\u00e9cis, tels que les huiles essentielles et les s\u00e9rums. Dot\u00e9 d'un goutteur pr\u00e9cis, il permet la distribution pr\u00e9cise des liquides.<\/p>\n<p>Les \u00e9crous robustes et le dispositif de goutte \u00e0 goutte peuvent efficacement emp\u00eacher les fuites et le d\u00e9bordement. Il est tr\u00e8s adapt\u00e9 pour les voyages ou l'utilisation quotidienne, et il n'y a pas besoin de s'inqui\u00e9ter de provoquer une situation d\u00e9sordonn\u00e9e.<\/p>\n<p>Les mat\u00e9riaux en verre sont respectueux de l'environnement et peuvent \u00eatre r\u00e9utilis\u00e9s plusieurs fois. Cela contribue \u00e0 r\u00e9duire les d\u00e9chets plastiques et favorise le d\u00e9veloppement durable.<\/p>\n<p>La raison pour laquelle ce produit est si populaire est qu'il a une forte demande et a re\u00e7u de nombreux avis positifs. Il est tr\u00e8s populaire dans de nombreux pays et a acquis une large reconnaissance du march\u00e9. Chacune de nos bouteilles a subi des tests de qualit\u00e9 stricts pour r\u00e9pondre aux normes de l'industrie.<\/p>\n<p>Mat\u00e9riel en verre transparent, avec une grande transparence. La bouche filet\u00e9e de la bouteille est pratique pour le remplissage. Le fond \u00e9paissi de la bouteille n'est pas sujette \u00e0 la cassure. Combin\u00e9 avec le goutteur \u00e0 bague en bois de cire blanc, le tout est en harmonie.<\/p>\n<p>Ce produit offre diverses options de personnalisation, telles que la s\u00e9rigraphie, l'estampage en or, le sablage, l'\u00e9lectroplastage, l'\u00e9tiquetage, l'impression 3D, les motifs de fissures de glace, etc.<\/p>\n<table style=\"border-collapse: collapse; width: 100%;\">\n<tbody>\n<tr>\n<td style=\"width: 33.3333%;\"><img decoding=\"async\" class=\"alignnone size-full wp-image-3874\" src=\"https:\/\/www.cosmepak.com\/wp-content\/uploads\/2025\/09\/31-1.jpg\" alt=\"\" width=\"1000\" height=\"1000\" srcset=\"https:\/\/www.cosmepak.com\/wp-content\/uploads\/2025\/09\/31-1.jpg 1000w, https:\/\/www.cosmepak.com\/wp-content\/uploads\/2025\/09\/31-1-300x300.jpg 300w, https:\/\/www.cosmepak.com\/wp-content\/uploads\/2025\/09\/31-1-150x150.jpg 150w, https:\/\/www.cosmepak.com\/wp-content\/uploads\/2025\/09\/31-1-768x768.jpg 768w, https:\/\/www.cosmepak.com\/wp-content\/uploads\/2025\/09\/31-1-12x12.jpg 12w, https:\/\/www.cosmepak.com\/wp-content\/uploads\/2025\/09\/31-1-600x600.jpg 600w, https:\/\/www.cosmepak.com\/wp-content\/uploads\/2025\/09\/31-1-100x100.jpg 100w\" sizes=\"(max-width: 1000px) 100vw, 1000px\" \/><\/td>\n<td style=\"width: 33.3333%;\"><img decoding=\"async\" class=\"alignnone size-full wp-image-3875\" src=\"https:\/\/www.cosmepak.com\/wp-content\/uploads\/2025\/09\/61.jpg\" alt=\"\" width=\"1000\" height=\"1000\" srcset=\"https:\/\/www.cosmepak.com\/wp-content\/uploads\/2025\/09\/61.jpg 1000w, https:\/\/www.cosmepak.com\/wp-content\/uploads\/2025\/09\/61-300x300.jpg 300w, https:\/\/www.cosmepak.com\/wp-content\/uploads\/2025\/09\/61-150x150.jpg 150w, https:\/\/www.cosmepak.com\/wp-content\/uploads\/2025\/09\/61-768x768.jpg 768w, https:\/\/www.cosmepak.com\/wp-content\/uploads\/2025\/09\/61-12x12.jpg 12w, https:\/\/www.cosmepak.com\/wp-content\/uploads\/2025\/09\/61-600x600.jpg 600w, https:\/\/www.cosmepak.com\/wp-content\/uploads\/2025\/09\/61-100x100.jpg 100w\" sizes=\"(max-width: 1000px) 100vw, 1000px\" \/><\/td>\n<td style=\"width: 33.3333%;\"><img loading=\"lazy\" decoding=\"async\" class=\"alignnone size-full wp-image-3876\" src=\"https:\/\/www.cosmepak.com\/wp-content\/uploads\/2025\/09\/71-1.jpg\" alt=\"\" width=\"1000\" height=\"1000\" srcset=\"https:\/\/www.cosmepak.com\/wp-content\/uploads\/2025\/09\/71-1.jpg 1000w, https:\/\/www.cosmepak.com\/wp-content\/uploads\/2025\/09\/71-1-300x300.jpg 300w, https:\/\/www.cosmepak.com\/wp-content\/uploads\/2025\/09\/71-1-150x150.jpg 150w, https:\/\/www.cosmepak.com\/wp-content\/uploads\/2025\/09\/71-1-768x768.jpg 768w, https:\/\/www.cosmepak.com\/wp-content\/uploads\/2025\/09\/71-1-12x12.jpg 12w, https:\/\/www.cosmepak.com\/wp-content\/uploads\/2025\/09\/71-1-600x600.jpg 600w, https:\/\/www.cosmepak.com\/wp-content\/uploads\/2025\/09\/71-1-100x100.jpg 100w\" sizes=\"(max-width: 1000px) 100vw, 1000px\" \/><\/td>\n<\/tr>\n<\/tbody>\n<\/table>\n<table style=\"border-collapse: collapse; width: 100%;\">\n<tbody>\n<tr>\n<td style=\"width: 50%;\"><img loading=\"lazy\" decoding=\"async\" class=\"alignnone size-full wp-image-3877\" src=\"https:\/\/www.cosmepak.com\/wp-content\/uploads\/2025\/09\/11-1.jpg\" alt=\"\" width=\"1000\" height=\"1000\" srcset=\"https:\/\/www.cosmepak.com\/wp-content\/uploads\/2025\/09\/11-1.jpg 1000w, https:\/\/www.cosmepak.com\/wp-content\/uploads\/2025\/09\/11-1-300x300.jpg 300w, https:\/\/www.cosmepak.com\/wp-content\/uploads\/2025\/09\/11-1-150x150.jpg 150w, https:\/\/www.cosmepak.com\/wp-content\/uploads\/2025\/09\/11-1-768x768.jpg 768w, https:\/\/www.cosmepak.com\/wp-content\/uploads\/2025\/09\/11-1-12x12.jpg 12w, https:\/\/www.cosmepak.com\/wp-content\/uploads\/2025\/09\/11-1-600x600.jpg 600w, https:\/\/www.cosmepak.com\/wp-content\/uploads\/2025\/09\/11-1-100x100.jpg 100w\" sizes=\"(max-width: 1000px) 100vw, 1000px\" \/><\/td>\n<td style=\"width: 50%;\"><img loading=\"lazy\" decoding=\"async\" class=\"alignnone size-full wp-image-3878\" src=\"https:\/\/www.cosmepak.com\/wp-content\/uploads\/2025\/09\/51-1.jpg\" alt=\"\" width=\"1000\" height=\"1000\" srcset=\"https:\/\/www.cosmepak.com\/wp-content\/uploads\/2025\/09\/51-1.jpg 1000w, https:\/\/www.cosmepak.com\/wp-content\/uploads\/2025\/09\/51-1-300x300.jpg 300w, https:\/\/www.cosmepak.com\/wp-content\/uploads\/2025\/09\/51-1-150x150.jpg 150w, https:\/\/www.cosmepak.com\/wp-content\/uploads\/2025\/09\/51-1-768x768.jpg 768w, https:\/\/www.cosmepak.com\/wp-content\/uploads\/2025\/09\/51-1-12x12.jpg 12w, https:\/\/www.cosmepak.com\/wp-content\/uploads\/2025\/09\/51-1-600x600.jpg 600w, https:\/\/www.cosmepak.com\/wp-content\/uploads\/2025\/09\/51-1-100x100.jpg 100w\" sizes=\"(max-width: 1000px) 100vw, 1000px\" \/><\/td>\n<\/tr>\n<\/tbody>\n<\/table>","protected":false},"excerpt":{"rendered":"<p>Mat\u00e9riau: verre<\/p>\n<p>Capacit\u00e9 : 30ml\/50ml<\/p>\n<p>Couleur: accepter personnalis\u00e9 (toute couleur Pantone disponible)<\/p>\n<p>Finition de surface: impression d'\u00e9cran, estampage chaud, gradient de pulv\u00e9risation, finition mate, etc.<\/p>\n<p>MOQ: 1000pcs \/ 10000pcs personnalis\u00e9<\/p>\n<p>\u00c9chantillon: \u00e9chantillons gratuits disponibles<\/p>\n<p>&nbsp;<\/p>\n<p>&nbsp;<\/p>","protected":false},"featured_media":3879,"comment_status":"closed","ping_status":"closed","template":"","meta":{"_acf_changed":false},"product_brand":[],"product_cat":[15,58,19],"product_tag":[40],"class_list":{"0":"post-2945","1":"product","2":"type-product","3":"status-publish","4":"has-post-thumbnail","6":"product_cat-essential-oil-bottle","7":"product_cat-glass-essential-oil-bottle","8":"product_cat-skincare-glass-bottle","9":"product_tag-essential-oil-bottle","11":"first","12":"instock","13":"shipping-taxable","14":"product-type-simple"},"acf":[],"_links":{"self":[{"href":"https:\/\/www.cosmepak.com\/fr\/wp-json\/wp\/v2\/product\/2945","targetHints":{"allow":["GET"]}}],"collection":[{"href":"https:\/\/www.cosmepak.com\/fr\/wp-json\/wp\/v2\/product"}],"about":[{"href":"https:\/\/www.cosmepak.com\/fr\/wp-json\/wp\/v2\/types\/product"}],"replies":[{"embeddable":true,"href":"https:\/\/www.cosmepak.com\/fr\/wp-json\/wp\/v2\/comments?post=2945"}],"wp:featuredmedia":[{"embeddable":true,"href":"https:\/\/www.cosmepak.com\/fr\/wp-json\/wp\/v2\/media\/3879"}],"wp:attachment":[{"href":"https:\/\/www.cosmepak.com\/fr\/wp-json\/wp\/v2\/media?parent=2945"}],"wp:term":[{"taxonomy":"product_brand","embeddable":true,"href":"https:\/\/www.cosmepak.com\/fr\/wp-json\/wp\/v2\/product_brand?post=2945"},{"taxonomy":"product_cat","embeddable":true,"href":"https:\/\/www.cosmepak.com\/fr\/wp-json\/wp\/v2\/product_cat?post=2945"},{"taxonomy":"product_tag","embeddable":true,"href":"https:\/\/www.cosmepak.com\/fr\/wp-json\/wp\/v2\/product_tag?post=2945"}],"curies":[{"name":"WP","href":"https:\/\/api.w.org\/{rel}","templated":true}]}}