{"id":2982,"date":"2025-09-18T09:19:16","date_gmt":"2025-09-18T01:19:16","guid":{"rendered":"https:\/\/www.cosmepak.com\/?post_type=product&#038;p=2982"},"modified":"2025-12-30T09:46:56","modified_gmt":"2025-12-30T01:46:56","slug":"30ml-irregular-shaped-glass-bottle-with-pump-and-hemispherical-cap-jaunce","status":"publish","type":"product","link":"https:\/\/www.cosmepak.com\/fr\/product\/30ml-irregular-shaped-glass-bottle-with-pump-and-hemispherical-cap-jaunce\/","title":{"rendered":"Bouteille de verre de forme irr\u00e9guli\u00e8re de 30ml avec pompe et bouchon h\u00e9misph\u00e9rique"},"content":{"rendered":"<table style=\"border-collapse: collapse; width: 100%; height: 216px;\">\n<tbody>\n<tr style=\"height: 24px;\">\n<td style=\"width: 40.6929%; height: 216px;\" rowspan=\"9\"><img fetchpriority=\"high\" decoding=\"async\" class=\"alignnone size-full wp-image-3810\" src=\"https:\/\/www.cosmepak.com\/wp-content\/uploads\/2025\/09\/\u53bb\u9664\u56fe\u7247\u6587\u5b571.png\" alt=\"\" width=\"1000\" height=\"1000\" srcset=\"https:\/\/www.cosmepak.com\/wp-content\/uploads\/2025\/09\/\u53bb\u9664\u56fe\u7247\u6587\u5b571.png 1000w, https:\/\/www.cosmepak.com\/wp-content\/uploads\/2025\/09\/\u53bb\u9664\u56fe\u7247\u6587\u5b571-300x300.png 300w, https:\/\/www.cosmepak.com\/wp-content\/uploads\/2025\/09\/\u53bb\u9664\u56fe\u7247\u6587\u5b571-150x150.png 150w, https:\/\/www.cosmepak.com\/wp-content\/uploads\/2025\/09\/\u53bb\u9664\u56fe\u7247\u6587\u5b571-768x768.png 768w, https:\/\/www.cosmepak.com\/wp-content\/uploads\/2025\/09\/\u53bb\u9664\u56fe\u7247\u6587\u5b571-12x12.png 12w, https:\/\/www.cosmepak.com\/wp-content\/uploads\/2025\/09\/\u53bb\u9664\u56fe\u7247\u6587\u5b571-600x600.png 600w, https:\/\/www.cosmepak.com\/wp-content\/uploads\/2025\/09\/\u53bb\u9664\u56fe\u7247\u6587\u5b571-100x100.png 100w\" sizes=\"(max-width: 1000px) 100vw, 1000px\" \/><\/td>\n<td style=\"width: 23.5109%; height: 24px; text-align: center;\">Marque<\/td>\n<td style=\"width: 35.7961%; height: 24px; text-align: center;\">\u00a0Jaunce<\/td>\n<\/tr>\n<tr style=\"height: 24px;\">\n<td style=\"width: 23.5109%; height: 24px; text-align: center;\">Capacit\u00e9<\/td>\n<td style=\"width: 35.7961%; height: 24px; text-align: center;\">30 ml<\/td>\n<\/tr>\n<tr style=\"height: 24px;\">\n<td style=\"width: 23.5109%; height: 24px; text-align: center;\">Forme<\/td>\n<td style=\"width: 35.7961%; height: 24px; text-align: center;\">Rond<\/td>\n<\/tr>\n<tr style=\"height: 24px;\">\n<td style=\"width: 23.5109%; height: 24px; text-align: center;\">Mat\u00e9riel<\/td>\n<td style=\"width: 35.7961%; height: 24px; text-align: center;\">Verre<\/td>\n<\/tr>\n<tr style=\"height: 24px;\">\n<td style=\"width: 23.5109%; height: 24px; text-align: center;\">Mod\u00e8le<\/td>\n<td style=\"width: 35.7961%; height: 24px; text-align: center;\">JH-PHF167<\/td>\n<\/tr>\n<tr style=\"height: 24px;\">\n<td style=\"width: 23.5109%; height: 24px; text-align: center;\">OEM \/ ODM<\/td>\n<td style=\"width: 35.7961%; height: 24px; text-align: center;\">Accepter<\/td>\n<\/tr>\n<tr style=\"height: 24px;\">\n<td style=\"width: 23.5109%; height: 24px; text-align: center;\">Couleur<\/td>\n<td style=\"width: 35.7961%; height: 24px; text-align: center;\">Toute couleur Parton personnalis\u00e9e<\/td>\n<\/tr>\n<tr style=\"height: 24px;\">\n<td style=\"width: 23.5109%; height: 24px; text-align: center;\">Usage<\/td>\n<td style=\"width: 35.7961%; height: 24px; text-align: center;\">Lotion\/Fondation\/cr\u00e8me etc.<\/td>\n<\/tr>\n<tr style=\"height: 24px;\">\n<td style=\"width: 23.5109%; height: 24px; text-align: center;\">MOQ<\/td>\n<td style=\"width: 35.7961%; height: 24px; text-align: center;\">10000pcs<\/td>\n<\/tr>\n<\/tbody>\n<\/table>\n<table style=\"border-collapse: collapse; width: 100%; height: 56px;\">\n<tbody>\n<tr style=\"height: 24px;\">\n<td style=\"width: 12.7434%; text-align: center; height: 35px;\"><strong>Capacit\u00e9<\/strong><\/td>\n<td style=\"width: 12.5142%; text-align: center; height: 35px;\"><strong>Hauteur totale<\/strong><\/td>\n<td style=\"width: 12.5002%; text-align: center; height: 35px;\"><strong>Diam\u00e8tre inf\u00e9rieur<\/strong><\/td>\n<td style=\"width: 13.1192%; text-align: center; height: 35px;\"><b>Hauteur d'\u00e9paule<\/b><\/td>\n<\/tr>\n<tr style=\"height: 24px;\">\n<td style=\"width: 12.7434%; text-align: center; height: 21px;\">30 ml<\/td>\n<td style=\"width: 12.5142%; text-align: center; height: 21px;\">91 mm<\/td>\n<td style=\"width: 12.5002%; text-align: center; height: 21px;\">48 mm<\/td>\n<td style=\"width: 13.1192%; text-align: center; height: 21px;\">52 mm<\/td>\n<\/tr>\n<\/tbody>\n<\/table>\n<p class=\"ai-center-markdown-p\">Cette bouteille de liquide de fondation de 30ml pr\u00e9sente un jeu rond &#8220; b\u00e9b\u00e9-comme&#8221; conception de capuchon sph\u00e9rique. Le diam\u00e8tre du fond de la bouteille est de 48 millim\u00e8tres et la hauteur totale est de 91 millim\u00e8tres. Il maintient une taille compacte tout en ayant une forme attrayante et compl\u00e8te. Les lignes sont lisses et de forme curvilin\u00e9aire.<\/p>\n<p>Le capuchon ext\u00e9rieur rond et bulbos s'associe parfaitement au corps courb\u00e9 de la bouteille, lui donnant une esth\u00e9tique mignonne et cognante (comme une minuscule poup\u00e9e) tout en conservant un design fonctionnel - id\u00e9al pour l'utilisation quotidienne et les voyages.<\/p>\n<div class=\"auto-hide-last-sibling-br paragraph-pP9ZLC paragraph-element br-paragraph-space\">Cette bouteille permet un remplissage facile et sans d\u00e9sordre, avec un \u00e9tanch\u00e9it\u00e9 serr\u00e9 et s\u00fbr pour \u00e9viter les fuites, et la base \u00e9paissie renforc\u00e9e assure la stabilit\u00e9 et la r\u00e9sistance, tandis que le distributeur de pompe \u00e0 presse fournit une sortie de liquide constante et forte pour une application pr\u00e9cise.<\/div>\n<div class=\"auto-hide-last-sibling-br paragraph-pP9ZLC paragraph-element br-paragraph-space\">Si vous avez vos propres exigences de marque, nous pouvons \u00e9galement personnaliser la production selon vos sp\u00e9cifications. Nous offrons des services de personnalisation tels que la personnalisation des couleurs, la personnalisation de l'apparence et de l'effet d'artisanat (brillant ou mat pour choisir), la personnalisation du logo et la personnalisation de l'impression d'\u00e9tiquettes.<\/div>\n<div><\/div>\n<div class=\"auto-hide-last-sibling-br paragraph-pP9ZLC paragraph-element br-paragraph-space\">Nous offrons des choix polyvalents: transparent brillant, transparent gradient, transparent mat ou nuances opaques solides.<\/div>\n<div class=\"auto-hide-last-sibling-br paragraph-pP9ZLC paragraph-element br-paragraph-space\">\n<table style=\"border-collapse: collapse; width: 100%;\">\n<tbody>\n<tr>\n<td style=\"width: 50%;\"><img decoding=\"async\" class=\"alignnone size-full wp-image-3812\" src=\"https:\/\/www.cosmepak.com\/wp-content\/uploads\/2025\/09\/O1CN0193d6b52L5B07mq6Da_974269640-0-cib1.jpg\" alt=\"\" width=\"1000\" height=\"1000\" srcset=\"https:\/\/www.cosmepak.com\/wp-content\/uploads\/2025\/09\/O1CN0193d6b52L5B07mq6Da_974269640-0-cib1.jpg 1000w, https:\/\/www.cosmepak.com\/wp-content\/uploads\/2025\/09\/O1CN0193d6b52L5B07mq6Da_974269640-0-cib1-300x300.jpg 300w, https:\/\/www.cosmepak.com\/wp-content\/uploads\/2025\/09\/O1CN0193d6b52L5B07mq6Da_974269640-0-cib1-150x150.jpg 150w, https:\/\/www.cosmepak.com\/wp-content\/uploads\/2025\/09\/O1CN0193d6b52L5B07mq6Da_974269640-0-cib1-768x768.jpg 768w, https:\/\/www.cosmepak.com\/wp-content\/uploads\/2025\/09\/O1CN0193d6b52L5B07mq6Da_974269640-0-cib1-12x12.jpg 12w, https:\/\/www.cosmepak.com\/wp-content\/uploads\/2025\/09\/O1CN0193d6b52L5B07mq6Da_974269640-0-cib1-600x600.jpg 600w, https:\/\/www.cosmepak.com\/wp-content\/uploads\/2025\/09\/O1CN0193d6b52L5B07mq6Da_974269640-0-cib1-100x100.jpg 100w\" sizes=\"(max-width: 1000px) 100vw, 1000px\" \/><\/td>\n<td style=\"width: 50%;\"><img decoding=\"async\" class=\"alignnone size-full wp-image-3811\" src=\"https:\/\/www.cosmepak.com\/wp-content\/uploads\/2025\/09\/O1CN015Wve3p2L5B07J4ls9_974269640-0-cib1.jpg\" alt=\"\" width=\"1000\" height=\"1000\" srcset=\"https:\/\/www.cosmepak.com\/wp-content\/uploads\/2025\/09\/O1CN015Wve3p2L5B07J4ls9_974269640-0-cib1.jpg 1000w, https:\/\/www.cosmepak.com\/wp-content\/uploads\/2025\/09\/O1CN015Wve3p2L5B07J4ls9_974269640-0-cib1-300x300.jpg 300w, https:\/\/www.cosmepak.com\/wp-content\/uploads\/2025\/09\/O1CN015Wve3p2L5B07J4ls9_974269640-0-cib1-150x150.jpg 150w, https:\/\/www.cosmepak.com\/wp-content\/uploads\/2025\/09\/O1CN015Wve3p2L5B07J4ls9_974269640-0-cib1-768x768.jpg 768w, https:\/\/www.cosmepak.com\/wp-content\/uploads\/2025\/09\/O1CN015Wve3p2L5B07J4ls9_974269640-0-cib1-12x12.jpg 12w, https:\/\/www.cosmepak.com\/wp-content\/uploads\/2025\/09\/O1CN015Wve3p2L5B07J4ls9_974269640-0-cib1-600x600.jpg 600w, https:\/\/www.cosmepak.com\/wp-content\/uploads\/2025\/09\/O1CN015Wve3p2L5B07J4ls9_974269640-0-cib1-100x100.jpg 100w\" sizes=\"(max-width: 1000px) 100vw, 1000px\" \/><\/td>\n<\/tr>\n<\/tbody>\n<\/table>\n<\/div>\n<table style=\"border-collapse: collapse; width: 100%;\">\n<tbody>\n<tr>\n<td style=\"width: 33.3333%;\"><img loading=\"lazy\" decoding=\"async\" class=\"alignnone size-full wp-image-3813\" src=\"https:\/\/www.cosmepak.com\/wp-content\/uploads\/2025\/09\/\u53bb\u9664\u56fe\u7247\u6587\u5b57-11.png\" alt=\"\" width=\"1000\" height=\"1000\" srcset=\"https:\/\/www.cosmepak.com\/wp-content\/uploads\/2025\/09\/\u53bb\u9664\u56fe\u7247\u6587\u5b57-11.png 1000w, https:\/\/www.cosmepak.com\/wp-content\/uploads\/2025\/09\/\u53bb\u9664\u56fe\u7247\u6587\u5b57-11-300x300.png 300w, https:\/\/www.cosmepak.com\/wp-content\/uploads\/2025\/09\/\u53bb\u9664\u56fe\u7247\u6587\u5b57-11-150x150.png 150w, https:\/\/www.cosmepak.com\/wp-content\/uploads\/2025\/09\/\u53bb\u9664\u56fe\u7247\u6587\u5b57-11-768x768.png 768w, https:\/\/www.cosmepak.com\/wp-content\/uploads\/2025\/09\/\u53bb\u9664\u56fe\u7247\u6587\u5b57-11-12x12.png 12w, https:\/\/www.cosmepak.com\/wp-content\/uploads\/2025\/09\/\u53bb\u9664\u56fe\u7247\u6587\u5b57-11-600x600.png 600w, https:\/\/www.cosmepak.com\/wp-content\/uploads\/2025\/09\/\u53bb\u9664\u56fe\u7247\u6587\u5b57-11-100x100.png 100w\" sizes=\"(max-width: 1000px) 100vw, 1000px\" \/><\/td>\n<td style=\"width: 33.3333%;\"><img loading=\"lazy\" decoding=\"async\" class=\"alignnone size-full wp-image-3814\" src=\"https:\/\/www.cosmepak.com\/wp-content\/uploads\/2025\/09\/\u53bb\u9664\u56fe\u7247\u6587\u5b57-41.png\" alt=\"\" width=\"1000\" height=\"1000\" srcset=\"https:\/\/www.cosmepak.com\/wp-content\/uploads\/2025\/09\/\u53bb\u9664\u56fe\u7247\u6587\u5b57-41.png 1000w, https:\/\/www.cosmepak.com\/wp-content\/uploads\/2025\/09\/\u53bb\u9664\u56fe\u7247\u6587\u5b57-41-300x300.png 300w, https:\/\/www.cosmepak.com\/wp-content\/uploads\/2025\/09\/\u53bb\u9664\u56fe\u7247\u6587\u5b57-41-150x150.png 150w, https:\/\/www.cosmepak.com\/wp-content\/uploads\/2025\/09\/\u53bb\u9664\u56fe\u7247\u6587\u5b57-41-768x768.png 768w, https:\/\/www.cosmepak.com\/wp-content\/uploads\/2025\/09\/\u53bb\u9664\u56fe\u7247\u6587\u5b57-41-12x12.png 12w, https:\/\/www.cosmepak.com\/wp-content\/uploads\/2025\/09\/\u53bb\u9664\u56fe\u7247\u6587\u5b57-41-600x600.png 600w, https:\/\/www.cosmepak.com\/wp-content\/uploads\/2025\/09\/\u53bb\u9664\u56fe\u7247\u6587\u5b57-41-100x100.png 100w\" sizes=\"(max-width: 1000px) 100vw, 1000px\" \/><\/td>\n<td style=\"width: 33.3333%;\"><img loading=\"lazy\" decoding=\"async\" class=\"alignnone size-full wp-image-3815\" src=\"https:\/\/www.cosmepak.com\/wp-content\/uploads\/2025\/09\/\u53bb\u9664\u56fe\u7247\u6587\u5b57121.png\" alt=\"\" width=\"1000\" height=\"1000\" srcset=\"https:\/\/www.cosmepak.com\/wp-content\/uploads\/2025\/09\/\u53bb\u9664\u56fe\u7247\u6587\u5b57121.png 1000w, https:\/\/www.cosmepak.com\/wp-content\/uploads\/2025\/09\/\u53bb\u9664\u56fe\u7247\u6587\u5b57121-300x300.png 300w, https:\/\/www.cosmepak.com\/wp-content\/uploads\/2025\/09\/\u53bb\u9664\u56fe\u7247\u6587\u5b57121-150x150.png 150w, https:\/\/www.cosmepak.com\/wp-content\/uploads\/2025\/09\/\u53bb\u9664\u56fe\u7247\u6587\u5b57121-768x768.png 768w, https:\/\/www.cosmepak.com\/wp-content\/uploads\/2025\/09\/\u53bb\u9664\u56fe\u7247\u6587\u5b57121-12x12.png 12w, https:\/\/www.cosmepak.com\/wp-content\/uploads\/2025\/09\/\u53bb\u9664\u56fe\u7247\u6587\u5b57121-600x600.png 600w, https:\/\/www.cosmepak.com\/wp-content\/uploads\/2025\/09\/\u53bb\u9664\u56fe\u7247\u6587\u5b57121-100x100.png 100w\" sizes=\"(max-width: 1000px) 100vw, 1000px\" \/><\/td>\n<\/tr>\n<\/tbody>\n<\/table>","protected":false},"excerpt":{"rendered":"<p>Mat\u00e9riau: verre<\/p>\n<p>Capacit\u00e9: 30 ml<\/p>\n<p>Couleur: accepter personnalis\u00e9 (toute couleur Pantone disponible)<\/p>\n<p>Finition de surface: impression d'\u00e9cran, estampage chaud, gradient de pulv\u00e9risation, finition mate, etc.<\/p>\n<p>MOQ: 1000pcs \/ 10000pcs personnalis\u00e9<\/p>\n<p>\u00c9chantillon: \u00e9chantillons gratuits disponibles<\/p>\n<p>&nbsp;<\/p>\n<p>&nbsp;<\/p>","protected":false},"featured_media":3816,"comment_status":"closed","ping_status":"closed","template":"","meta":{"_acf_changed":false},"product_brand":[],"product_cat":[34,45,19],"product_tag":[40],"class_list":{"0":"post-2982","1":"product","2":"type-product","3":"status-publish","4":"has-post-thumbnail","6":"product_cat-foundation-bottle","7":"product_cat-serum-pump-bottle","8":"product_cat-skincare-glass-bottle","9":"product_tag-essential-oil-bottle","11":"first","12":"instock","13":"shipping-taxable","14":"product-type-simple"},"acf":[],"_links":{"self":[{"href":"https:\/\/www.cosmepak.com\/fr\/wp-json\/wp\/v2\/product\/2982","targetHints":{"allow":["GET"]}}],"collection":[{"href":"https:\/\/www.cosmepak.com\/fr\/wp-json\/wp\/v2\/product"}],"about":[{"href":"https:\/\/www.cosmepak.com\/fr\/wp-json\/wp\/v2\/types\/product"}],"replies":[{"embeddable":true,"href":"https:\/\/www.cosmepak.com\/fr\/wp-json\/wp\/v2\/comments?post=2982"}],"wp:featuredmedia":[{"embeddable":true,"href":"https:\/\/www.cosmepak.com\/fr\/wp-json\/wp\/v2\/media\/3816"}],"wp:attachment":[{"href":"https:\/\/www.cosmepak.com\/fr\/wp-json\/wp\/v2\/media?parent=2982"}],"wp:term":[{"taxonomy":"product_brand","embeddable":true,"href":"https:\/\/www.cosmepak.com\/fr\/wp-json\/wp\/v2\/product_brand?post=2982"},{"taxonomy":"product_cat","embeddable":true,"href":"https:\/\/www.cosmepak.com\/fr\/wp-json\/wp\/v2\/product_cat?post=2982"},{"taxonomy":"product_tag","embeddable":true,"href":"https:\/\/www.cosmepak.com\/fr\/wp-json\/wp\/v2\/product_tag?post=2982"}],"curies":[{"name":"WP","href":"https:\/\/api.w.org\/{rel}","templated":true}]}}