{"id":2998,"date":"2025-09-26T15:12:21","date_gmt":"2025-09-26T07:12:21","guid":{"rendered":"https:\/\/www.cosmepak.com\/?post_type=product&#038;p=2998"},"modified":"2025-09-26T15:12:21","modified_gmt":"2025-09-26T07:12:21","slug":"30ml-50ml-100ml-luxury-perfume-glass-bottle-thick-bottom-empty-box-with-pump-sprayer-seal","status":"publish","type":"product","link":"https:\/\/www.cosmepak.com\/fr\/product\/30ml-50ml-100ml-luxury-perfume-glass-bottle-thick-bottom-empty-box-with-pump-sprayer-seal\/","title":{"rendered":"30ml 50ml 100ml Bouteille de verre de parfum de luxe Bo\u00eete vide de fond \u00e9paisse avec sceau de pulv\u00e9risateur de pompe"},"content":{"rendered":"<p><strong>30ml 50ml 100ml Bouteille de verre de parfum de luxe Bo\u00eete vide de fond \u00e9paisse avec sceau de pulv\u00e9risateur de pompe<\/strong><\/p>\n<table style=\"border-collapse: collapse; width: 100%;\">\n<tbody>\n<tr>\n<td style=\"width: 25.1936%;\" rowspan=\"4\"><img fetchpriority=\"high\" decoding=\"async\" class=\"alignnone size-full wp-image-3001\" src=\"https:\/\/www.cosmepak.com\/wp-content\/uploads\/2025\/09\/1.jpg\" alt=\"\" width=\"800\" height=\"800\" srcset=\"https:\/\/www.cosmepak.com\/wp-content\/uploads\/2025\/09\/1.jpg 800w, https:\/\/www.cosmepak.com\/wp-content\/uploads\/2025\/09\/1-300x300.jpg 300w, https:\/\/www.cosmepak.com\/wp-content\/uploads\/2025\/09\/1-150x150.jpg 150w, https:\/\/www.cosmepak.com\/wp-content\/uploads\/2025\/09\/1-768x768.jpg 768w, https:\/\/www.cosmepak.com\/wp-content\/uploads\/2025\/09\/1-12x12.jpg 12w, https:\/\/www.cosmepak.com\/wp-content\/uploads\/2025\/09\/1-600x600.jpg 600w, https:\/\/www.cosmepak.com\/wp-content\/uploads\/2025\/09\/1-100x100.jpg 100w\" sizes=\"(max-width: 800px) 100vw, 800px\" \/><\/td>\n<td style=\"width: 20.1367%; text-align: center;\"><strong>Capacit\u00e9<\/strong><\/td>\n<td style=\"width: 19.7368%; text-align: center;\"><strong>Cou<\/strong><\/td>\n<td style=\"width: 18.1889%; text-align: center;\"><strong>Diam\u00e8tre<\/strong><\/td>\n<td style=\"width: 16.744%; text-align: center;\"><strong>Hauteur totale<\/strong><\/td>\n<\/tr>\n<tr>\n<td style=\"width: 20.1367%; text-align: center;\">30 ml<\/td>\n<td style=\"width: 19.7368%; text-align: center;\">15 mm<\/td>\n<td style=\"width: 18.1889%; text-align: center;\">44 mm<\/td>\n<td style=\"width: 16.744%; text-align: center;\">89 mm<\/td>\n<\/tr>\n<tr>\n<td style=\"width: 20.1367%; text-align: center;\">50 ml<\/td>\n<td style=\"width: 19.7368%; text-align: center;\">15 mm<\/td>\n<td style=\"width: 18.1889%; text-align: center;\">51 mm<\/td>\n<td style=\"width: 16.744%; text-align: center;\">97 mm<\/td>\n<\/tr>\n<tr>\n<td style=\"width: 20.1367%; text-align: center;\">100 ml<\/td>\n<td style=\"width: 19.7368%; text-align: center;\">15 mm<\/td>\n<td style=\"width: 18.1889%; text-align: center;\">60 mm<\/td>\n<td style=\"width: 16.744%; text-align: center;\">111 mm<\/td>\n<\/tr>\n<\/tbody>\n<\/table>\n<p><img decoding=\"async\" class=\"alignnone size-full wp-image-3002\" src=\"https:\/\/www.cosmepak.com\/wp-content\/uploads\/2025\/09\/8.jpg\" alt=\"\" width=\"1000\" height=\"1000\" srcset=\"https:\/\/www.cosmepak.com\/wp-content\/uploads\/2025\/09\/8.jpg 1000w, https:\/\/www.cosmepak.com\/wp-content\/uploads\/2025\/09\/8-300x300.jpg 300w, https:\/\/www.cosmepak.com\/wp-content\/uploads\/2025\/09\/8-150x150.jpg 150w, https:\/\/www.cosmepak.com\/wp-content\/uploads\/2025\/09\/8-768x768.jpg 768w, https:\/\/www.cosmepak.com\/wp-content\/uploads\/2025\/09\/8-12x12.jpg 12w, https:\/\/www.cosmepak.com\/wp-content\/uploads\/2025\/09\/8-600x600.jpg 600w, https:\/\/www.cosmepak.com\/wp-content\/uploads\/2025\/09\/8-100x100.jpg 100w\" sizes=\"(max-width: 1000px) 100vw, 1000px\" \/><\/p>\n<table style=\"border-collapse: collapse; width: 100%;\">\n<tbody>\n<tr>\n<td style=\"width: 50%;\"><img decoding=\"async\" class=\"alignnone size-full wp-image-3000\" src=\"https:\/\/www.cosmepak.com\/wp-content\/uploads\/2025\/09\/7.jpg\" alt=\"\" width=\"1000\" height=\"1000\" srcset=\"https:\/\/www.cosmepak.com\/wp-content\/uploads\/2025\/09\/7.jpg 1000w, https:\/\/www.cosmepak.com\/wp-content\/uploads\/2025\/09\/7-300x300.jpg 300w, https:\/\/www.cosmepak.com\/wp-content\/uploads\/2025\/09\/7-150x150.jpg 150w, https:\/\/www.cosmepak.com\/wp-content\/uploads\/2025\/09\/7-768x768.jpg 768w, https:\/\/www.cosmepak.com\/wp-content\/uploads\/2025\/09\/7-12x12.jpg 12w, https:\/\/www.cosmepak.com\/wp-content\/uploads\/2025\/09\/7-600x600.jpg 600w, https:\/\/www.cosmepak.com\/wp-content\/uploads\/2025\/09\/7-100x100.jpg 100w\" sizes=\"(max-width: 1000px) 100vw, 1000px\" \/><\/td>\n<td style=\"width: 50%;\"><img loading=\"lazy\" decoding=\"async\" class=\"alignnone size-full wp-image-2999\" src=\"https:\/\/www.cosmepak.com\/wp-content\/uploads\/2025\/09\/6.jpg\" alt=\"\" width=\"1000\" height=\"1000\" srcset=\"https:\/\/www.cosmepak.com\/wp-content\/uploads\/2025\/09\/6.jpg 1000w, https:\/\/www.cosmepak.com\/wp-content\/uploads\/2025\/09\/6-300x300.jpg 300w, https:\/\/www.cosmepak.com\/wp-content\/uploads\/2025\/09\/6-150x150.jpg 150w, https:\/\/www.cosmepak.com\/wp-content\/uploads\/2025\/09\/6-768x768.jpg 768w, https:\/\/www.cosmepak.com\/wp-content\/uploads\/2025\/09\/6-12x12.jpg 12w, https:\/\/www.cosmepak.com\/wp-content\/uploads\/2025\/09\/6-600x600.jpg 600w, https:\/\/www.cosmepak.com\/wp-content\/uploads\/2025\/09\/6-100x100.jpg 100w\" sizes=\"(max-width: 1000px) 100vw, 1000px\" \/><\/td>\n<\/tr>\n<\/tbody>\n<\/table>\n<p>1. 30ml \u00e0 100ml dimension personnalisable: Parfait pour personnaliser vos parfums pr\u00e9f\u00e9r\u00e9s ou cr\u00e9er des combinaisons uniques, la bo\u00eete personnalis\u00e9e 30ml, 50ml et 100ml \u00e9pais fond parfum spray bouteille de luxe dispose d'une vari\u00e9t\u00e9 d'options de volume pour r\u00e9pondre \u00e0 vos pr\u00e9f\u00e9rences et besoins.<\/p>\n<p>Base 2.Thicker pour la stabilit\u00e9: \u00c9quip\u00e9e d'un fond robuste de 0,5 cm d'\u00e9paisseur, cette bouteille en verre assure que vos parfums ch\u00e9ris ou huiles parfum\u00e9es restent en place, offrant une s\u00e9curit\u00e9 et une stabilit\u00e9 suppl\u00e9mentaires.<\/p>\n<p>3.Construction en verre pour une pr\u00e9servation optimale de l'odeur: Fabriqu\u00e9e \u00e0 partir de verre de haute qualit\u00e9, cette bouteille de parfum luxueuse prot\u00e8ge vos parfums pr\u00e9f\u00e9r\u00e9s, emp\u00eachant les fuites et maintenant leur odeur vraie et authentique.<\/p>\n<p>Conception ronde 4.Elegant: La forme ronde \u00e9l\u00e9gante de cette bouteille en verre ajoute une touche de sophistication \u00e0 toute vanit\u00e9 ou dressing table, ce qui en fait un cadeau parfait pour vous ou vos proches.<\/p>\n<p>Utilisation polyvalente pour divers produits parfum\u00e9s: Id\u00e9al pour une utilisation \u00e0 la fois personnelle et professionnelle, cette bouteille en verre est compatible avec d'autres produits cosm\u00e9tiques tels que les huiles essentielles, les parfums de chambre ou les sprays corporels, \u00e9tendant sa polyvalence et sa pratique.<\/p>\n<p>6. Diffuseur de canne de qualit\u00e9 non inclus: Alors que cette bouteille ne&#8217; t inclure un diffuseur de rosin, il&#8217; s compatible avec un, offrant une exp\u00e9rience de parfum personnalisable qui peut \u00eatre adapt\u00e9e \u00e0 vos pr\u00e9f\u00e9rences.<\/p>\n<p>7. Respectueux de l'environnement: La construction en verre de cette bouteille en fait un choix plus respectueux de l'environnement par rapport aux alternatives en plastique, favorisant la durabilit\u00e9 et r\u00e9duisant les d\u00e9chets.<\/p>\n<p>8. Mat\u00e9riel de verre durable: Le mat\u00e9riau de base robuste assure que la bouteille de verre peut r\u00e9sister \u00e0 une utilisation r\u00e9guli\u00e8re, fournissant un accessoire durable pour les parfums, les huiles essentielles et d'autres produits parfum\u00e9s.<\/p>\n<p>9. Options d'impression de surface multiples: Choisissez parmi une vari\u00e9t\u00e9 de techniques d'impression de surface, y compris le gla\u00e7age, les \u00e9tiquettes, la s\u00e9rigraphie, l'impression de transfert de chaleur et l'estampage \u00e0 chaud, pour personnaliser votre bouteille et la rendre vraiment unique.<\/p>\n<p>10. Produit provenant de Chine: Produisant localement des bouteilles en verre de haute qualit\u00e9, ce produit est livr\u00e9 avec l'assurance de qualit\u00e9 et d'artisanat enracin\u00e9 dans des si\u00e8cles d'expertise.<\/p>\n<p><img loading=\"lazy\" decoding=\"async\" class=\"alignnone size-full wp-image-1347\" src=\"https:\/\/www.cosmepak.com\/wp-content\/uploads\/2024\/12\/\u9996\u987519202_03.jpg\" alt=\"salon de l&#039;usine\" width=\"1920\" height=\"885\" srcset=\"https:\/\/www.cosmepak.com\/wp-content\/uploads\/2024\/12\/\u9996\u987519202_03.jpg 1920w, https:\/\/www.cosmepak.com\/wp-content\/uploads\/2024\/12\/\u9996\u987519202_03-300x138.jpg 300w, https:\/\/www.cosmepak.com\/wp-content\/uploads\/2024\/12\/\u9996\u987519202_03-1024x472.jpg 1024w, https:\/\/www.cosmepak.com\/wp-content\/uploads\/2024\/12\/\u9996\u987519202_03-768x354.jpg 768w, https:\/\/www.cosmepak.com\/wp-content\/uploads\/2024\/12\/\u9996\u987519202_03-1536x708.jpg 1536w, https:\/\/www.cosmepak.com\/wp-content\/uploads\/2024\/12\/\u9996\u987519202_03-600x277.jpg 600w\" sizes=\"(max-width: 1920px) 100vw, 1920px\" \/><\/p>\n<p>Notre soci\u00e9t\u00e9 se sp\u00e9cialise dans la fabrication d'emballages cosm\u00e9tiques depuis plus de 10 ans, maintenant nous avons 1 usine pour l'emballage cosm\u00e9tique en verre, la capacit\u00e9 peut \u00eatre 200,000pcs \/ jour; 1 usine pour l'emballage cosm\u00e9tique en plastique, la capacit\u00e9 peut \u00eatre 50.000pcs \/ jour;<br \/>\nNous avions pass\u00e9 la certification ISO9000\/14000, peut fournir SGS et MSDS. Nous sommes sous le principe de l'honn\u00eatet\u00e9 envers chaque client.<br \/>\nBienvenue pour coop\u00e9rer!<\/p>\n<p><img loading=\"lazy\" decoding=\"async\" class=\"alignnone size-full wp-image-1348\" src=\"https:\/\/www.cosmepak.com\/wp-content\/uploads\/2024\/12\/\u9996\u987519202_04.jpg\" alt=\"\" width=\"1920\" height=\"694\" srcset=\"https:\/\/www.cosmepak.com\/wp-content\/uploads\/2024\/12\/\u9996\u987519202_04.jpg 1920w, https:\/\/www.cosmepak.com\/wp-content\/uploads\/2024\/12\/\u9996\u987519202_04-300x108.jpg 300w, https:\/\/www.cosmepak.com\/wp-content\/uploads\/2024\/12\/\u9996\u987519202_04-1024x370.jpg 1024w, https:\/\/www.cosmepak.com\/wp-content\/uploads\/2024\/12\/\u9996\u987519202_04-768x278.jpg 768w, https:\/\/www.cosmepak.com\/wp-content\/uploads\/2024\/12\/\u9996\u987519202_04-1536x555.jpg 1536w, https:\/\/www.cosmepak.com\/wp-content\/uploads\/2024\/12\/\u9996\u987519202_04-600x217.jpg 600w\" sizes=\"(max-width: 1920px) 100vw, 1920px\" \/><img loading=\"lazy\" decoding=\"async\" class=\"alignnone size-full wp-image-1350\" src=\"https:\/\/www.cosmepak.com\/wp-content\/uploads\/2024\/12\/\u9996\u987519202_05-1.jpg\" alt=\"\" width=\"1920\" height=\"970\" srcset=\"https:\/\/www.cosmepak.com\/wp-content\/uploads\/2024\/12\/\u9996\u987519202_05-1.jpg 1920w, https:\/\/www.cosmepak.com\/wp-content\/uploads\/2024\/12\/\u9996\u987519202_05-1-300x152.jpg 300w, https:\/\/www.cosmepak.com\/wp-content\/uploads\/2024\/12\/\u9996\u987519202_05-1-1024x517.jpg 1024w, https:\/\/www.cosmepak.com\/wp-content\/uploads\/2024\/12\/\u9996\u987519202_05-1-768x388.jpg 768w, https:\/\/www.cosmepak.com\/wp-content\/uploads\/2024\/12\/\u9996\u987519202_05-1-1536x776.jpg 1536w, https:\/\/www.cosmepak.com\/wp-content\/uploads\/2024\/12\/\u9996\u987519202_05-1-600x303.jpg 600w\" sizes=\"(max-width: 1920px) 100vw, 1920px\" \/><img loading=\"lazy\" decoding=\"async\" class=\"alignnone wp-image-1351\" src=\"https:\/\/www.cosmepak.com\/wp-content\/uploads\/2024\/12\/\u7269\u6d41\u8fd0\u8f93\u753b\u9762-2.jpg\" alt=\"\" width=\"1385\" height=\"1039\" srcset=\"https:\/\/www.cosmepak.com\/wp-content\/uploads\/2024\/12\/\u7269\u6d41\u8fd0\u8f93\u753b\u9762-2.jpg 800w, https:\/\/www.cosmepak.com\/wp-content\/uploads\/2024\/12\/\u7269\u6d41\u8fd0\u8f93\u753b\u9762-2-300x225.jpg 300w, https:\/\/www.cosmepak.com\/wp-content\/uploads\/2024\/12\/\u7269\u6d41\u8fd0\u8f93\u753b\u9762-2-768x576.jpg 768w, https:\/\/www.cosmepak.com\/wp-content\/uploads\/2024\/12\/\u7269\u6d41\u8fd0\u8f93\u753b\u9762-2-600x450.jpg 600w\" sizes=\"(max-width: 1385px) 100vw, 1385px\" \/><\/p>\n<table style=\"border-collapse: collapse; width: 100%;\">\n<tbody>\n<tr>\n<td style=\"width: 33.3333%; text-align: center;\"><strong>Exprimer<\/strong><\/td>\n<td style=\"width: 33.3333%; text-align: center;\"><strong>Fret a\u00e9rien<\/strong><\/td>\n<td style=\"width: 33.3333%; text-align: center;\"><strong>Transport maritime<\/strong><\/td>\n<\/tr>\n<tr>\n<td style=\"width: 33.3333%; text-align: center;\">Europ 4-6 jours<\/p>\n<p>Am\u00e9rique du Nord 4-6 jours<\/p>\n<p>Asie du Sud-Est 3-5 jours<\/p>\n<p>Le Moyen-Orient 4 \u00e0 6 jours<\/p>\n<p>Afrique du Sud 5-8 jours<\/td>\n<td style=\"width: 33.3333%; text-align: center;\">Europ 4-6 jours<\/p>\n<p>Am\u00e9rique du Nord 4-6 jours<\/p>\n<p>Asie du Sud-Est 3-5 jours<\/p>\n<p>Le Moyen-Orient 4 \u00e0 6 jours<\/p>\n<p>Afrique du Sud 5-8 jours<\/td>\n<td style=\"width: 33.3333%; text-align: center;\">Europ 25 \u00e0 35 jours<\/p>\n<p>Am\u00e9rique du Nord 25-35 jours<\/p>\n<p>Asie du Sud-Est 25-35 jours<\/p>\n<p>Le Moyen-Orient 25-35 jours<\/p>\n<p>Afrique du Sud 25-35 jours<\/td>\n<\/tr>\n<\/tbody>\n<\/table>\n<h3 id=\"faq\" class=\"ai-center-markdown-h3\" data-spm-anchor-id=\"a2700.29482153.0.i6.84e671d2THUzZL\">FAQ (questions fr\u00e9quentes)<\/h3>\n<h4 id=\"1-why-should-you-buy-from-us-instead-of-other-suppliers\" class=\"ai-center-markdown-h4\">1. Pourquoi devriez-vous acheter chez nous au lieu d'autres fournisseurs?<\/h4>\n<ol class=\"ai-center-markdown-ol\" start=\"1\">\n<li class=\"ai-center-markdown-li\">Des designs personnalis\u00e9s pr\u00eats en seulement 3 minutes.<\/li>\n<li class=\"ai-center-markdown-li\">Service \u00e0 la client\u00e8le en ligne 24\/7.<\/li>\n<li class=\"ai-center-markdown-li\">Des \u00e9chantillons de stock disponibles en 7 jours; \u00e9chantillons imprim\u00e9s sur mesure en 15 jours.<\/li>\n<li class=\"ai-center-markdown-li\">35 jours pour la production.<\/li>\n<li class=\"ai-center-markdown-li\">Plus de 10 ans d'expertise en tant qu'usine d'emballage cosm\u00e9tique professionnelle.<\/li>\n<li class=\"ai-center-markdown-li\">Ventes directes d'usine assurant les meilleurs prix et service.<\/li>\n<li class=\"ai-center-markdown-li\">Solution unique pour tous les besoins en emballage cosm\u00e9tique.<\/li>\n<\/ol>\n<h4 id=\"2-who-are-we\" class=\"ai-center-markdown-h4\">2. Qui sommes-nous ?<\/h4>\n<p class=\"ai-center-markdown-p\">Nous sommes une soci\u00e9t\u00e9 bas\u00e9e \u00e0 Zhejiang, Chine fond\u00e9e en 2014. Nous vendons principalement sur le march\u00e9 int\u00e9rieur (70,00%), avec des march\u00e9s suppl\u00e9mentaires tels que l'Oc\u00e9anie (8,00%), le Moyen-Orient (7,00%), l'Asie de l'Est (2,00%), l'Am\u00e9rique du Nord (2,00%), l'Europe occidentale (2,00%), l'Asie du Sud-Est (2,00%), l'Asie du Sud (1,00%), l'Am\u00e9rique du Sud (1,00%), l'Europe du Sud (1,00%), l'Am\u00e9rique centrale (1,00%), l'Europe du Nord (1,00%), l'Afrique (1,00%) et l'Europe de l'Est (1,00%).<\/p>\n<h4 id=\"3-how-can-we-guarantee-quality\" class=\"ai-center-markdown-h4\">3. Comment pouvons-nous garantir la qualit\u00e9?<\/h4>\n<ul class=\"ai-center-markdown-ul\">\n<li class=\"ai-center-markdown-li\">Fournir toujours un \u00e9chantillon de pr\u00e9-production avant la production en masse.<\/li>\n<li class=\"ai-center-markdown-li\">Effectuer des inspections finales avant l'exp\u00e9dition.<\/li>\n<\/ul>\n<h4 id=\"4-what-can-you-buy-from-us\" class=\"ai-center-markdown-h4\">4. Que pouvez-vous acheter de nous?<\/h4>\n<ul class=\"ai-center-markdown-ul\">\n<li class=\"ai-center-markdown-li\">Bouteilles en verre<\/li>\n<li class=\"ai-center-markdown-li\">Bouteilles en plastique \/ bocaux \/ tubes<\/li>\n<li class=\"ai-center-markdown-li\">Bouteilles en aluminium \/ bocaux \/ tubes<\/li>\n<li class=\"ai-center-markdown-li\">Divers mat\u00e9riaux d'emballage cosm\u00e9tiques<\/li>\n<\/ul>\n<h4 id=\"5-what-services-can-we-provide\" class=\"ai-center-markdown-h4\">5. Quels services pouvons-nous fournir?<\/h4>\n<ul class=\"ai-center-markdown-ul\">\n<li class=\"ai-center-markdown-li\"><strong class=\"ai-center-markdown-strong\">Conditions de livraison accept\u00e9es:<\/strong>\u00a0FOB, CFR, CIF<\/li>\n<li class=\"ai-center-markdown-li\"><strong class=\"ai-center-markdown-strong\">Monnaie de paiement accept\u00e9e:<\/strong>\u00a0USD, EUR, HKD, CNY<\/li>\n<li class=\"ai-center-markdown-li\"><strong class=\"ai-center-markdown-strong\">Types de paiement accept\u00e9s:<\/strong>\u00a0T\/T, L\/C, D\/P, D\/A<\/li>\n<li class=\"ai-center-markdown-li\"><strong class=\"ai-center-markdown-strong\">Langues parl\u00e9es :<\/strong>\u00a0Anglais, chinois<\/li>\n<\/ul>\n<p>&nbsp;<\/p>","protected":false},"excerpt":{"rendered":"<p>Mat\u00e9riau en bouteille: verre<\/p>\n<p>Capcit\u00e9 : 30ml\/50ml\/100ml<\/p>\n<p>Couleur: accepter la personnalisation<\/p>\n<p>Finition de surface: s\u00e9rigraphie, gla\u00e7age, estampage \u00e0 chaud, gradient de pulv\u00e9risation, finition mate, etc. pour choisir.<\/p>\n<p>MOQ: 5000pcs;<\/p>\n<p>&nbsp;<\/p>","protected":false},"featured_media":3003,"comment_status":"closed","ping_status":"closed","template":"","meta":{"_acf_changed":false},"product_brand":[],"product_cat":[17],"product_tag":[],"class_list":{"0":"post-2998","1":"product","2":"type-product","3":"status-publish","4":"has-post-thumbnail","6":"product_cat-perfume-bottle","8":"first","9":"instock","10":"shipping-taxable","11":"product-type-simple"},"acf":[],"_links":{"self":[{"href":"https:\/\/www.cosmepak.com\/fr\/wp-json\/wp\/v2\/product\/2998","targetHints":{"allow":["GET"]}}],"collection":[{"href":"https:\/\/www.cosmepak.com\/fr\/wp-json\/wp\/v2\/product"}],"about":[{"href":"https:\/\/www.cosmepak.com\/fr\/wp-json\/wp\/v2\/types\/product"}],"replies":[{"embeddable":true,"href":"https:\/\/www.cosmepak.com\/fr\/wp-json\/wp\/v2\/comments?post=2998"}],"wp:featuredmedia":[{"embeddable":true,"href":"https:\/\/www.cosmepak.com\/fr\/wp-json\/wp\/v2\/media\/3003"}],"wp:attachment":[{"href":"https:\/\/www.cosmepak.com\/fr\/wp-json\/wp\/v2\/media?parent=2998"}],"wp:term":[{"taxonomy":"product_brand","embeddable":true,"href":"https:\/\/www.cosmepak.com\/fr\/wp-json\/wp\/v2\/product_brand?post=2998"},{"taxonomy":"product_cat","embeddable":true,"href":"https:\/\/www.cosmepak.com\/fr\/wp-json\/wp\/v2\/product_cat?post=2998"},{"taxonomy":"product_tag","embeddable":true,"href":"https:\/\/www.cosmepak.com\/fr\/wp-json\/wp\/v2\/product_tag?post=2998"}],"curies":[{"name":"WP","href":"https:\/\/api.w.org\/{rel}","templated":true}]}}