{"id":3022,"date":"2025-09-29T14:21:50","date_gmt":"2025-09-29T06:21:50","guid":{"rendered":"https:\/\/www.cosmepak.com\/?post_type=product&#038;p=3022"},"modified":"2025-12-29T13:44:55","modified_gmt":"2025-12-29T05:44:55","slug":"cosmetic-plastic-jar-honey-comb-design-cute-small-size-abs-screw-for-skin-care-cream-lip-balm-lip-mask-scrub-eye-cream-applicator","status":"publish","type":"product","link":"https:\/\/www.cosmepak.com\/fr\/product\/cosmetic-plastic-jar-honey-comb-design-cute-small-size-abs-screw-for-skin-care-cream-lip-balm-lip-mask-scrub-eye-cream-applicator\/","title":{"rendered":"Cosm\u00e9tique plastique pot miel peigne conception mignonne petite taille vis ABS pour cr\u00e8me de soins de la peau baume \u00e0 l\u00e8vres masque \u00e0 l\u00e8vres scrub cr\u00e8me pour les yeux applicateur"},"content":{"rendered":"<table style=\"border-collapse: collapse; width: 100%; height: 216px;\">\n<tbody>\n<tr style=\"height: 24px;\">\n<td style=\"width: 40.6929%; height: 216px;\" rowspan=\"8\"><img fetchpriority=\"high\" decoding=\"async\" class=\"alignnone size-full wp-image-3023\" src=\"https:\/\/www.cosmepak.com\/wp-content\/uploads\/2025\/09\/2-1.jpg\" alt=\"\" width=\"1024\" height=\"1024\" srcset=\"https:\/\/www.cosmepak.com\/wp-content\/uploads\/2025\/09\/2-1.jpg 1024w, https:\/\/www.cosmepak.com\/wp-content\/uploads\/2025\/09\/2-1-300x300.jpg 300w, https:\/\/www.cosmepak.com\/wp-content\/uploads\/2025\/09\/2-1-150x150.jpg 150w, https:\/\/www.cosmepak.com\/wp-content\/uploads\/2025\/09\/2-1-768x768.jpg 768w, https:\/\/www.cosmepak.com\/wp-content\/uploads\/2025\/09\/2-1-12x12.jpg 12w, https:\/\/www.cosmepak.com\/wp-content\/uploads\/2025\/09\/2-1-600x600.jpg 600w, https:\/\/www.cosmepak.com\/wp-content\/uploads\/2025\/09\/2-1-100x100.jpg 100w\" sizes=\"(max-width: 1024px) 100vw, 1024px\" \/><\/td>\n<td style=\"width: 28.4645%; height: 24px; text-align: center;\">Marque<\/td>\n<td style=\"width: 30.8425%; height: 24px; text-align: center;\">\u00a0Jaunce<\/td>\n<\/tr>\n<tr style=\"height: 24px;\">\n<td style=\"width: 28.4645%; height: 24px; text-align: center;\">Forme<\/td>\n<td style=\"width: 30.8425%; height: 24px; text-align: center;\">Rond<\/td>\n<\/tr>\n<tr style=\"height: 24px;\">\n<td style=\"width: 28.4645%; height: 24px; text-align: center;\">Mat\u00e9riel<\/td>\n<td style=\"width: 30.8425%; height: 24px; text-align: center;\">ABS<\/td>\n<\/tr>\n<tr style=\"height: 24px;\">\n<td style=\"width: 28.4645%; height: 24px; text-align: center;\">Mod\u00e8le<\/td>\n<td style=\"width: 30.8425%; height: 24px; text-align: center;\">JH-JZ7364<\/td>\n<\/tr>\n<tr style=\"height: 24px;\">\n<td style=\"width: 28.4645%; height: 24px; text-align: center;\">OEM \/ ODM<\/td>\n<td style=\"width: 30.8425%; height: 24px; text-align: center;\">Accepter<\/td>\n<\/tr>\n<tr style=\"height: 24px;\">\n<td style=\"width: 28.4645%; height: 24px; text-align: center;\">Couleur<\/td>\n<td style=\"width: 30.8425%; height: 24px; text-align: center;\">Toute couleur Parton personnalis\u00e9e<\/td>\n<\/tr>\n<tr style=\"height: 24px;\">\n<td style=\"width: 28.4645%; height: 24px; text-align: center;\">Usage<\/td>\n<td style=\"width: 30.8425%; height: 24px; text-align: center;\">cr\u00e8me<\/td>\n<\/tr>\n<tr style=\"height: 24px;\">\n<td style=\"width: 28.4645%; height: 24px; text-align: center;\">MOQ<\/td>\n<td style=\"width: 30.8425%; height: 24px; text-align: center;\">10000pcs<\/td>\n<\/tr>\n<\/tbody>\n<\/table>\n<table style=\"border-collapse: collapse; width: 100%; height: 192px;\">\n<tbody>\n<tr style=\"height: 24px;\">\n<td style=\"width: 8.61543%; text-align: center; height: 24px;\"><strong>Capacit\u00e9<\/strong><\/td>\n<td style=\"width: 7.97343%; text-align: center; height: 24px;\"><strong>Hauteur totale<\/strong><\/td>\n<td style=\"width: 8.52052%; text-align: center; height: 24px;\"><strong>Diam\u00e8tre inf\u00e9rieur<\/strong><\/td>\n<td style=\"width: 8.64621%; text-align: center;\"><strong>Cou<\/strong><\/td>\n<td style=\"width: 8.16567%; text-align: center; height: 24px;\"><b>Hauteur d'\u00e9paule<\/b><\/td>\n<td style=\"width: 8.16567%; text-align: center; height: 24px;\"><b>Poids<\/b><\/td>\n<\/tr>\n<tr style=\"height: 24px;\">\n<td style=\"width: 8.61543%; text-align: center; height: 24px;\">7 ml<\/td>\n<td style=\"width: 7.97343%; text-align: center; height: 24px;\">36 mm<\/td>\n<td style=\"width: 8.52052%; text-align: center; height: 24px;\">42.5mm<\/td>\n<td style=\"width: 8.64621%; text-align: center;\">29.5mm<\/td>\n<td style=\"width: 8.16567%; text-align: center; height: 24px;\">17 mm<\/td>\n<td style=\"width: 8.16567%; text-align: center; height: 24px;\">28 g<\/td>\n<\/tr>\n<\/tbody>\n<\/table>\n<p>Notre bouteille en plastique de beaut\u00e9 en nid d'abeille r\u00e9cemment lanc\u00e9e combine parfaitement ces deux caract\u00e9ristiques &#8211; compact et de petite taille, en mat\u00e9riau ABS transparent, \u00e9quip\u00e9 d'un verrou de s\u00e9curit\u00e9, et servant \u00e9galement d'applicateur pratique pour divers produits de soins de la peau. Ce n\u2019est pas seulement un conteneur.<\/p>\n<p>L'applicateur de miel con\u00e7u de mani\u00e8re unique et de couleurs vives ajoute une touche de charme magique \u00e0 votre vie. Il est orn\u00e9 de jolis motifs d'abeilles et a la forme d'un b\u00e2ton de miel, alliant parfaitement la pratique \u00e0 une esth\u00e9tique d\u00e9licieuse. Ce petit applicateur peut rendre votre humeur plus joyeuse et rendre votre vie quotidienne pleine de plaisir &#8211; il est hautement adapt\u00e9 pour ajouter du charme doux et enfantin \u00e0 votre vie.<\/p>\n<p>Sa forme ressemble \u00e0 un b\u00e2ton de miel classique, alliant praticit\u00e9 \u00e0 un attrait esth\u00e9tique doux. Cet outil compact peut rendre des moments ordinaires (comme l'appliquer aux l\u00e8vres) pleins de plaisir, enveloppant votre vie quotidienne dans une lueur chaude et enfantine.<\/p>\n<p>nous offrons des produits d'emballage de haute qualit\u00e9; Nous nous concentrons \u00e9galement sur la recherche et la fabrication d'emballages respectueux de l'environnement et recyclables, et fournissons un service unique pour r\u00e9pondre pleinement aux divers besoins de votre marque.<\/p>\n<p id=\"custom-irregular-shaped-glass-foundation-bottle---sleek-and-stylish\" class=\"ai-center-markdown-h3\" data-spm-anchor-id=\"a2747.product_manager.0.i8.4c7f71d2K47WyR\"><span style=\"font-size: 12pt;\">Si vous avez des besoins, n'h\u00e9sitez pas \u00e0 vous renseigner sur les options de mat\u00e9riaux respectueux de l'environnement ou \u00e0 discuter d'une solution d'emballage compl\u00e8te pour votre nouvelle gamme de produits, n'h\u00e9sitez pas \u00e0 nous le faire savoir. Nous sommes l\u00e0 pour transformer vos id\u00e9es en emballages de haute qualit\u00e9 et comp\u00e9titifs sur le march\u00e9 qui favorisent le succ\u00e8s de votre marque dans l\u2019industrie de la beaut\u00e9!<\/span><\/p>\n<table style=\"border-collapse: collapse; width: 100%;\">\n<tbody>\n<tr>\n<td style=\"width: 33.3333%;\"><img decoding=\"async\" class=\"alignnone size-full wp-image-3802\" src=\"https:\/\/www.cosmepak.com\/wp-content\/uploads\/2025\/09\/\u8be6\u60c5-51.jpg\" alt=\"\" width=\"1000\" height=\"1000\" srcset=\"https:\/\/www.cosmepak.com\/wp-content\/uploads\/2025\/09\/\u8be6\u60c5-51.jpg 1000w, https:\/\/www.cosmepak.com\/wp-content\/uploads\/2025\/09\/\u8be6\u60c5-51-300x300.jpg 300w, https:\/\/www.cosmepak.com\/wp-content\/uploads\/2025\/09\/\u8be6\u60c5-51-150x150.jpg 150w, https:\/\/www.cosmepak.com\/wp-content\/uploads\/2025\/09\/\u8be6\u60c5-51-768x768.jpg 768w, https:\/\/www.cosmepak.com\/wp-content\/uploads\/2025\/09\/\u8be6\u60c5-51-12x12.jpg 12w, https:\/\/www.cosmepak.com\/wp-content\/uploads\/2025\/09\/\u8be6\u60c5-51-600x600.jpg 600w, https:\/\/www.cosmepak.com\/wp-content\/uploads\/2025\/09\/\u8be6\u60c5-51-100x100.jpg 100w\" sizes=\"(max-width: 1000px) 100vw, 1000px\" \/><\/td>\n<td style=\"width: 33.3333%;\"><img decoding=\"async\" class=\"alignnone size-full wp-image-3803\" src=\"https:\/\/www.cosmepak.com\/wp-content\/uploads\/2025\/09\/\u4e3b\u56fe-21.jpg\" alt=\"\" width=\"1000\" height=\"1000\" srcset=\"https:\/\/www.cosmepak.com\/wp-content\/uploads\/2025\/09\/\u4e3b\u56fe-21.jpg 1000w, https:\/\/www.cosmepak.com\/wp-content\/uploads\/2025\/09\/\u4e3b\u56fe-21-300x300.jpg 300w, https:\/\/www.cosmepak.com\/wp-content\/uploads\/2025\/09\/\u4e3b\u56fe-21-150x150.jpg 150w, https:\/\/www.cosmepak.com\/wp-content\/uploads\/2025\/09\/\u4e3b\u56fe-21-768x768.jpg 768w, https:\/\/www.cosmepak.com\/wp-content\/uploads\/2025\/09\/\u4e3b\u56fe-21-12x12.jpg 12w, https:\/\/www.cosmepak.com\/wp-content\/uploads\/2025\/09\/\u4e3b\u56fe-21-600x600.jpg 600w, https:\/\/www.cosmepak.com\/wp-content\/uploads\/2025\/09\/\u4e3b\u56fe-21-100x100.jpg 100w\" sizes=\"(max-width: 1000px) 100vw, 1000px\" \/><\/td>\n<td style=\"width: 33.3333%;\"><img loading=\"lazy\" decoding=\"async\" class=\"alignnone size-full wp-image-3804\" src=\"https:\/\/www.cosmepak.com\/wp-content\/uploads\/2025\/09\/\u4e3b\u56fe-31.jpg\" alt=\"\" width=\"1000\" height=\"1000\" srcset=\"https:\/\/www.cosmepak.com\/wp-content\/uploads\/2025\/09\/\u4e3b\u56fe-31.jpg 1000w, https:\/\/www.cosmepak.com\/wp-content\/uploads\/2025\/09\/\u4e3b\u56fe-31-300x300.jpg 300w, https:\/\/www.cosmepak.com\/wp-content\/uploads\/2025\/09\/\u4e3b\u56fe-31-150x150.jpg 150w, https:\/\/www.cosmepak.com\/wp-content\/uploads\/2025\/09\/\u4e3b\u56fe-31-768x768.jpg 768w, https:\/\/www.cosmepak.com\/wp-content\/uploads\/2025\/09\/\u4e3b\u56fe-31-12x12.jpg 12w, https:\/\/www.cosmepak.com\/wp-content\/uploads\/2025\/09\/\u4e3b\u56fe-31-600x600.jpg 600w, https:\/\/www.cosmepak.com\/wp-content\/uploads\/2025\/09\/\u4e3b\u56fe-31-100x100.jpg 100w\" sizes=\"(max-width: 1000px) 100vw, 1000px\" \/><\/td>\n<\/tr>\n<\/tbody>\n<\/table>\n<p>&nbsp;<\/p>","protected":false},"excerpt":{"rendered":"<p>Mat\u00e9riel : ABS\/AS<\/p>\n<p>Capacit\u00e9: 7ml<\/p>\n<p>Couleur: accepter personnalis\u00e9 (toute couleur Pantone disponible)<\/p>\n<p>Finition de surface: impression d'\u00e9cran, estampage chaud, gradient de pulv\u00e9risation, finition mate, etc.<\/p>\n<p>MOQ: 10000pcs<\/p>\n<p>\u00c9chantillon: \u00e9chantillons gratuits disponibles<\/p>\n<p>&nbsp;<\/p>\n<p>&nbsp;<\/p>","protected":false},"featured_media":3024,"comment_status":"closed","ping_status":"closed","template":"","meta":{"_acf_changed":false},"product_brand":[],"product_cat":[36],"product_tag":[40],"class_list":{"0":"post-3022","1":"product","2":"type-product","3":"status-publish","4":"has-post-thumbnail","6":"product_cat-makeup","7":"product_tag-essential-oil-bottle","9":"first","10":"instock","11":"shipping-taxable","12":"product-type-simple"},"acf":[],"_links":{"self":[{"href":"https:\/\/www.cosmepak.com\/fr\/wp-json\/wp\/v2\/product\/3022","targetHints":{"allow":["GET"]}}],"collection":[{"href":"https:\/\/www.cosmepak.com\/fr\/wp-json\/wp\/v2\/product"}],"about":[{"href":"https:\/\/www.cosmepak.com\/fr\/wp-json\/wp\/v2\/types\/product"}],"replies":[{"embeddable":true,"href":"https:\/\/www.cosmepak.com\/fr\/wp-json\/wp\/v2\/comments?post=3022"}],"wp:featuredmedia":[{"embeddable":true,"href":"https:\/\/www.cosmepak.com\/fr\/wp-json\/wp\/v2\/media\/3024"}],"wp:attachment":[{"href":"https:\/\/www.cosmepak.com\/fr\/wp-json\/wp\/v2\/media?parent=3022"}],"wp:term":[{"taxonomy":"product_brand","embeddable":true,"href":"https:\/\/www.cosmepak.com\/fr\/wp-json\/wp\/v2\/product_brand?post=3022"},{"taxonomy":"product_cat","embeddable":true,"href":"https:\/\/www.cosmepak.com\/fr\/wp-json\/wp\/v2\/product_cat?post=3022"},{"taxonomy":"product_tag","embeddable":true,"href":"https:\/\/www.cosmepak.com\/fr\/wp-json\/wp\/v2\/product_tag?post=3022"}],"curies":[{"name":"WP","href":"https:\/\/api.w.org\/{rel}","templated":true}]}}