{"id":3580,"date":"2025-12-04T16:43:06","date_gmt":"2025-12-04T08:43:06","guid":{"rendered":"https:\/\/www.cosmepak.com\/?post_type=product&#038;p=3580"},"modified":"2026-04-29T13:55:05","modified_gmt":"2026-04-29T05:55:05","slug":"60ml-75ml-90ml-pe-eco-friendly-square-fine-mist-pump-bottle-double-square-full-cover-screw-cap","status":"publish","type":"product","link":"https:\/\/www.cosmepak.com\/fr\/product\/60ml-75ml-90ml-pe-eco-friendly-square-fine-mist-pump-bottle-double-square-full-cover-screw-cap\/","title":{"rendered":"60ml 75ml 90ml PE \u00e9cologique carr\u00e9 bouteille de pompe \u00e0 brouillard fin double carr\u00e9 bouchon \u00e0 vis pleine couverture"},"content":{"rendered":"<table style=\"border-collapse: collapse; width: 100%; height: 168px;\">\n<tbody>\n<tr style=\"height: 24px;\">\n<td style=\"width: 33.3333%; height: 168px;\" rowspan=\"5\"><img fetchpriority=\"high\" decoding=\"async\" class=\"alignnone size-full wp-image-3588\" src=\"https:\/\/www.cosmepak.com\/wp-content\/uploads\/2025\/12\/\u4e3b\u56fe-5-1.jpg\" alt=\"\" width=\"800\" height=\"800\" srcset=\"https:\/\/www.cosmepak.com\/wp-content\/uploads\/2025\/12\/\u4e3b\u56fe-5-1.jpg 800w, https:\/\/www.cosmepak.com\/wp-content\/uploads\/2025\/12\/\u4e3b\u56fe-5-1-300x300.jpg 300w, https:\/\/www.cosmepak.com\/wp-content\/uploads\/2025\/12\/\u4e3b\u56fe-5-1-150x150.jpg 150w, https:\/\/www.cosmepak.com\/wp-content\/uploads\/2025\/12\/\u4e3b\u56fe-5-1-768x768.jpg 768w, https:\/\/www.cosmepak.com\/wp-content\/uploads\/2025\/12\/\u4e3b\u56fe-5-1-12x12.jpg 12w, https:\/\/www.cosmepak.com\/wp-content\/uploads\/2025\/12\/\u4e3b\u56fe-5-1-600x600.jpg 600w, https:\/\/www.cosmepak.com\/wp-content\/uploads\/2025\/12\/\u4e3b\u56fe-5-1-100x100.jpg 100w\" sizes=\"(max-width: 800px) 100vw, 800px\" \/><\/td>\n<td style=\"width: 33.122%; height: 24px; text-align: center;\">Marque<\/td>\n<td style=\"width: 33.5446%; height: 24px; text-align: center;\">Jaunce<\/td>\n<\/tr>\n<tr style=\"height: 24px;\">\n<td style=\"width: 33.122%; height: 24px; text-align: center;\">Mod\u00e8le<\/td>\n<td style=\"width: 33.5446%; height: 24px; text-align: center;\">JH-LW9503<\/td>\n<\/tr>\n<tr style=\"height: 24px;\">\n<td style=\"width: 33.122%; height: 24px; text-align: center;\">Capcience<\/td>\n<td style=\"width: 33.5446%; height: 24px; text-align: center;\">60 ml \/ 75 ml \/ 90 ml<\/td>\n<\/tr>\n<tr style=\"height: 24px;\">\n<td style=\"width: 33.122%; height: 24px; text-align: center;\">Couleur<\/td>\n<td style=\"width: 33.5446%; height: 24px; text-align: center;\">personnalis\u00e9<\/td>\n<\/tr>\n<tr style=\"height: 24px;\">\n<td style=\"width: 33.122%; height: 24px; text-align: center;\">Mat\u00e9riau de bouteille<\/td>\n<td style=\"width: 33.5446%; height: 24px; text-align: center;\">Pe<\/td>\n<\/tr>\n<\/tbody>\n<\/table>\n<table style=\"border-collapse: collapse; width: 100%; height: 96px;\">\n<tbody>\n<tr style=\"height: 24px;\">\n<td style=\"width: 16.6667%; text-align: center; height: 24px;\"><strong>Capacit\u00e9<\/strong><\/td>\n<td style=\"width: 16.6667%; text-align: center; height: 24px;\"><strong>Hauteur totale<\/strong><\/td>\n<td style=\"width: 16.6667%; text-align: center; height: 24px;\"><strong>Hauteur de bouteille<\/strong><\/td>\n<td style=\"width: 16.6667%; text-align: center; height: 24px;\"><strong>Hauteur imprimable<\/strong><\/td>\n<td style=\"width: 16.6667%; text-align: center; height: 24px;\"><strong>Diam\u00e8tre inf\u00e9rieur<\/strong><\/td>\n<td style=\"width: 16.6667%; text-align: center; height: 24px;\"><strong>Poids<\/strong><\/td>\n<\/tr>\n<tr style=\"height: 24px;\">\n<td style=\"width: 16.6667%; text-align: center; height: 24px;\">60 ml<\/td>\n<td style=\"width: 16.6667%; text-align: center; height: 24px;\">Pourquoi le couleur, la naissance et le Fbosesh sont-ils si importants?<\/td>\n<td style=\"width: 16.6667%; text-align: center; height: 24px;\">90 mm<\/td>\n<td style=\"width: 16.6667%; text-align: center; height: 24px;\">56 mm<\/td>\n<td style=\"width: 16.6667%; text-align: center; height: 24px;\">31 * 33mm<\/td>\n<td style=\"width: 16.6667%; text-align: center; height: 24px;\">11 g<\/td>\n<\/tr>\n<tr style=\"height: 24px;\">\n<td style=\"width: 16.6667%; text-align: center; height: 24px;\">75 ml<\/td>\n<td style=\"width: 16.6667%; text-align: center; height: 24px;\">134mm<\/td>\n<td style=\"width: 16.6667%; text-align: center; height: 24px;\">107 mm<\/td>\n<td style=\"width: 16.6667%; text-align: center; height: 24px;\">73 mm<\/td>\n<td style=\"width: 16.6667%; text-align: center; height: 24px;\">31 * 33mm<\/td>\n<td style=\"width: 16.6667%; text-align: center; height: 24px;\">12g<\/td>\n<\/tr>\n<tr style=\"height: 24px;\">\n<td style=\"width: 16.6667%; text-align: center; height: 24px;\">90 ml<\/td>\n<td style=\"width: 16.6667%; text-align: center; height: 24px;\">152mm<\/td>\n<td style=\"width: 16.6667%; text-align: center; height: 24px;\">126 mm<\/td>\n<td style=\"width: 16.6667%; text-align: center; height: 24px;\">90 mm<\/td>\n<td style=\"width: 16.6667%; text-align: center; height: 24px;\">31 * 33mm<\/td>\n<td style=\"width: 16.6667%; text-align: center; height: 24px;\">16g<\/td>\n<\/tr>\n<\/tbody>\n<\/table>\n<p>The JH-LW9503 series designed by Jaunce is a type of spray bottle. The body of this series is made of PE material. As is well known, PE has obvious advantages over PP. It performs exceptionally well in low-temperature conditions, and is excellent in terms of flexibility, extensibility, water resistance and moisture-proofing. It also has low cost and is safe and free from the five hazards. It is widely used in packaging for cosmetics and skincare products. The simple white design has smooth and flowing lines &#8211; its simple appearance makes it highly suitable for use in skincare, facial sprays or cosmetic products, and is in perfect harmony with the modern brand style. This aerosol bottle is available in three capacities: 60 ml, 75 ml and 90 ml. The body is covered with matte and dull surface treatment, giving a smooth and gentle touch. It matches the square PP bottle cap of the same color, and can precisely cover the small white PP spray pump at the top.<\/p>\n<p><strong>Dimensions (par capacit\u00e9)<\/strong>:<\/p>\n<p>60ML: Hauteur totale 117MM (hauteur de bouteille 90MM; surface imprimable 56MM)<\/p>\n<p>75ML: Hauteur totale 134MM (hauteur de bouteille 107MM; zone imprimable 73MM)<\/p>\n<p>90ML: Hauteur totale 152MM (hauteur de bouteille 126MM; zone imprimable 90MM)<\/p>\n<p>60ml and 75ml small-sized bottles are convenient to carry. They are commonly used for travel packaging, hotel room lines, and as gift boxes. While the 90ml capacity is suitable for daily personal use.<\/p>\n<p><strong>Mat\u00e9riaux<\/strong>: PE (corps de bouteille), PP (pompe \u00e0 brume et bouchon)<\/p>\n<p>The square PE bottle body is paired with a PP pump head and a square PP outer cover. The overall effect is simple and elegant. The mist pump discharges a fine and uniform liquid without causing any waste.<\/p>\n<p><strong>Poids (corps de bouteille seulement)<\/strong>: 11g (60ML) \/ 12g (75ML) \/ 16g (90ML)<\/p>\n<p>Le bouchon de bouteille en PP, ainsi que la pompe \u00e0 pulv\u00e9risation et le corps de bouteille en PE, sont tous des mat\u00e9riaux s\u00fbrs pour l'emballage cosm\u00e9tique. Ils conviennent pour stocker l'eau de maquillage, le spray de r\u00e9glage et le spray de lotion corporelle. Il n'y aura aucune r\u00e9action avec le contenu, et m\u00eame la peau sensible peut les utiliser en toute tranquillit\u00e9 d'esprit.<\/p>\n<p><span data-slate-fragment=\"JTVCJTdCJTIydHlwZSUyMiUzQSUyMnBhcmFncmFwaCUyMiUyQyUyMmNoaWxkcmVuJTIyJTNBJTVCJTdCJTIyaWQlMjIlM0ElMjJLMTVNQm5va3d2JTIyJTJDJTIycGFyYUlkeCUyMiUzQTAlMkMlMjJzcmMlMjIlM0ElMjJXZSUyMHN1cHBvcnQlMjBicmFuZGluZyUyMHZpYSUyMHNpbGslMjBwcmludGluZyUyQyUyMGNvbG9yJTIwbWF0Y2hpbmclMkMlMjBvciUyMGxhYmVsJTIwYXBwbGljYXRpb24lMjAobm90ZSUzQSUyMHRoZSUyMHBoeXNpY2FsJTIwcHJvZHVjdCUyMGNvbWVzJTIwd2l0aG91dCUyMHByZS1wcmludGVkJTIwbG9nb3MlMkZsYWJlbHMlMjAlRTIlODAlOTQlMjBjb250YWN0JTIwY3VzdG9tZXIlMjBzZXJ2aWNlJTIwZm9yJTIwY3VzdG9tJTIwZGVzaWducykuJTIyJTJDJTIyZHN0JTIyJTNBJTIyJUU2JTg4JTkxJUU0JUJCJUFDJUU2JTk0JUFGJUU2JThDJTgxJUU5JTgwJTlBJUU4JUJGJTg3JUU0JUI4JTlEJUU3JUJEJTkxJUU1JThEJUIwJUU1JTg4JUI3JUUzJTgwJTgxJUU5JTg1JThEJUU4JTg5JUIyJUU2JTg4JTk2JUU2JUEwJTg3JUU3JUFEJUJFJUU1JUJBJTk0JUU3JTk0JUE4JUU4JUJGJTlCJUU4JUExJThDJUU1JTkzJTgxJUU3JTg5JThDJUU2JThFJUE4JUU1JUI5JUJGJUVGJUJDJTg4JUU2JUIzJUE4JUU2JTg0JThGJUVGJUJDJTlBJUU1JUFFJTlFJUU3JTg5JUE5JUU0JUJBJUE3JUU1JTkzJTgxJUU2JUIyJUExJUU2JTlDJTg5JUU5JUEyJTg0JUU1JTg1JTg4JUU1JThEJUIwJUU1JTg4JUI3JUU3JTlBJTg0JUU1JUJFJUJEJUU2JUEwJTg3JTJGJUU2JUEwJTg3JUU3JUFEJUJFJUUyJTgwJTk0JUUyJTgwJTk0JUU4JTgxJTk0JUU3JUIzJUJCJUU1JUFFJUEyJUU2JTg4JUI3JUU2JTlDJThEJUU1JThBJUExJUU5JTgzJUE4JUU4JUJGJTlCJUU4JUExJThDJUU1JUFFJTlBJUU1JTg4JUI2JUU4JUFFJUJFJUU4JUFFJUExJUVGJUJDJTg5JUUzJTgwJTgyJTIyJTJDJTIybWV0YWRhdGElMjIlM0ElMjIlMjIlMkMlMjJtYXRjaGVzJTIyJTNBbnVsbCUyQyUyMnRyYW5zbGF0ZWRCeSUyMiUzQW51bGwlMkMlMjJtZXRhRGF0YSUyMiUzQSU1QiU1RCUyQyUyMnRleHQlMjIlM0ElMjJXZSUyMHN1cHBvcnQlMjBicmFuZGluZyUyMHZpYSUyMHNpbGslMjBwcmludGluZyUyQyUyMGNvbG9yJTIwbWF0Y2hpbmclMkMlMjBvciUyMGxhYmVsJTIwYXBwbGljYXRpb24lMjAobm90ZSUzQSUyMHRoZSUyMHBoeXNpY2FsJTIwcHJvZHVjdCUyMGNvbWVzJTIwd2l0aG91dCUyMHByZS1wcmludGVkJTIwbG9nb3MlMkZsYWJlbHMlMjAlRTIlODAlOTQlMjBjb250YWN0JTIwY3VzdG9tZXIlMjBzZXJ2aWNlJTIwZm9yJTIwY3VzdG9tJTIwZGVzaWducykuJTIyJTdEJTVEJTdEJTVE\">Nous prenons en charge le branding par l'impression en soie, l'appariement de couleurs ou l'application d'\u00e9tiquettes (note: le produit physique est livr\u00e9 sans logos \/ \u00e9tiquettes pr\u00e9imprim\u00e9s - contactez-nous pour des designs personnalis\u00e9s).<\/span><\/p>\n<p>Que ce soit&#8217; s injecter la couleur ou un style avec des \u00e9tiquettes de texte simples, ils portent tous une ambiance extr\u00eamement minimaliste et sophistiqu\u00e9e.<\/p>\n<p><img decoding=\"async\" class=\"size-full wp-image-3589 aligncenter\" src=\"https:\/\/www.cosmepak.com\/wp-content\/uploads\/2025\/12\/\u8be6\u60c5-4.jpg\" alt=\"\" width=\"1000\" height=\"1000\" srcset=\"https:\/\/www.cosmepak.com\/wp-content\/uploads\/2025\/12\/\u8be6\u60c5-4.jpg 1000w, https:\/\/www.cosmepak.com\/wp-content\/uploads\/2025\/12\/\u8be6\u60c5-4-300x300.jpg 300w, https:\/\/www.cosmepak.com\/wp-content\/uploads\/2025\/12\/\u8be6\u60c5-4-150x150.jpg 150w, https:\/\/www.cosmepak.com\/wp-content\/uploads\/2025\/12\/\u8be6\u60c5-4-768x768.jpg 768w, https:\/\/www.cosmepak.com\/wp-content\/uploads\/2025\/12\/\u8be6\u60c5-4-12x12.jpg 12w, https:\/\/www.cosmepak.com\/wp-content\/uploads\/2025\/12\/\u8be6\u60c5-4-600x600.jpg 600w, https:\/\/www.cosmepak.com\/wp-content\/uploads\/2025\/12\/\u8be6\u60c5-4-100x100.jpg 100w\" sizes=\"(max-width: 1000px) 100vw, 1000px\" \/><\/p>\n<table style=\"border-collapse: collapse; width: 100%;\">\n<tbody>\n<tr>\n<td style=\"width: 33.3333%;\"><img decoding=\"async\" class=\"alignnone size-full wp-image-3590\" src=\"https:\/\/www.cosmepak.com\/wp-content\/uploads\/2025\/12\/\u8be6\u60c5-6.jpg\" alt=\"\" width=\"1000\" height=\"1000\" srcset=\"https:\/\/www.cosmepak.com\/wp-content\/uploads\/2025\/12\/\u8be6\u60c5-6.jpg 1000w, https:\/\/www.cosmepak.com\/wp-content\/uploads\/2025\/12\/\u8be6\u60c5-6-300x300.jpg 300w, https:\/\/www.cosmepak.com\/wp-content\/uploads\/2025\/12\/\u8be6\u60c5-6-150x150.jpg 150w, https:\/\/www.cosmepak.com\/wp-content\/uploads\/2025\/12\/\u8be6\u60c5-6-768x768.jpg 768w, https:\/\/www.cosmepak.com\/wp-content\/uploads\/2025\/12\/\u8be6\u60c5-6-12x12.jpg 12w, https:\/\/www.cosmepak.com\/wp-content\/uploads\/2025\/12\/\u8be6\u60c5-6-600x600.jpg 600w, https:\/\/www.cosmepak.com\/wp-content\/uploads\/2025\/12\/\u8be6\u60c5-6-100x100.jpg 100w\" sizes=\"(max-width: 1000px) 100vw, 1000px\" \/><\/td>\n<td style=\"width: 33.3333%;\"><img loading=\"lazy\" decoding=\"async\" class=\"alignnone size-full wp-image-3591\" src=\"https:\/\/www.cosmepak.com\/wp-content\/uploads\/2025\/12\/\u8be6\u60c5-7.jpg\" alt=\"\" width=\"1000\" height=\"1000\" srcset=\"https:\/\/www.cosmepak.com\/wp-content\/uploads\/2025\/12\/\u8be6\u60c5-7.jpg 1000w, https:\/\/www.cosmepak.com\/wp-content\/uploads\/2025\/12\/\u8be6\u60c5-7-300x300.jpg 300w, https:\/\/www.cosmepak.com\/wp-content\/uploads\/2025\/12\/\u8be6\u60c5-7-150x150.jpg 150w, https:\/\/www.cosmepak.com\/wp-content\/uploads\/2025\/12\/\u8be6\u60c5-7-768x768.jpg 768w, https:\/\/www.cosmepak.com\/wp-content\/uploads\/2025\/12\/\u8be6\u60c5-7-12x12.jpg 12w, https:\/\/www.cosmepak.com\/wp-content\/uploads\/2025\/12\/\u8be6\u60c5-7-600x600.jpg 600w, https:\/\/www.cosmepak.com\/wp-content\/uploads\/2025\/12\/\u8be6\u60c5-7-100x100.jpg 100w\" sizes=\"(max-width: 1000px) 100vw, 1000px\" \/><\/td>\n<td style=\"width: 33.3333%;\"><img loading=\"lazy\" decoding=\"async\" class=\"alignnone size-full wp-image-3592\" src=\"https:\/\/www.cosmepak.com\/wp-content\/uploads\/2025\/12\/\u4e3b\u56fe-41.jpg\" alt=\"\" width=\"1000\" height=\"1000\" srcset=\"https:\/\/www.cosmepak.com\/wp-content\/uploads\/2025\/12\/\u4e3b\u56fe-41.jpg 1000w, https:\/\/www.cosmepak.com\/wp-content\/uploads\/2025\/12\/\u4e3b\u56fe-41-300x300.jpg 300w, https:\/\/www.cosmepak.com\/wp-content\/uploads\/2025\/12\/\u4e3b\u56fe-41-150x150.jpg 150w, https:\/\/www.cosmepak.com\/wp-content\/uploads\/2025\/12\/\u4e3b\u56fe-41-768x768.jpg 768w, https:\/\/www.cosmepak.com\/wp-content\/uploads\/2025\/12\/\u4e3b\u56fe-41-12x12.jpg 12w, https:\/\/www.cosmepak.com\/wp-content\/uploads\/2025\/12\/\u4e3b\u56fe-41-600x600.jpg 600w, https:\/\/www.cosmepak.com\/wp-content\/uploads\/2025\/12\/\u4e3b\u56fe-41-100x100.jpg 100w\" sizes=\"(max-width: 1000px) 100vw, 1000px\" \/><\/td>\n<\/tr>\n<\/tbody>\n<\/table>\n<table style=\"border-collapse: collapse; width: 100%;\">\n<tbody>\n<tr>\n<td style=\"width: 50%;\"><img loading=\"lazy\" decoding=\"async\" class=\"alignnone size-full wp-image-3593\" src=\"https:\/\/www.cosmepak.com\/wp-content\/uploads\/2025\/12\/11.jpg\" alt=\"\" width=\"1000\" height=\"1000\" srcset=\"https:\/\/www.cosmepak.com\/wp-content\/uploads\/2025\/12\/11.jpg 1000w, https:\/\/www.cosmepak.com\/wp-content\/uploads\/2025\/12\/11-300x300.jpg 300w, https:\/\/www.cosmepak.com\/wp-content\/uploads\/2025\/12\/11-150x150.jpg 150w, https:\/\/www.cosmepak.com\/wp-content\/uploads\/2025\/12\/11-768x768.jpg 768w, https:\/\/www.cosmepak.com\/wp-content\/uploads\/2025\/12\/11-12x12.jpg 12w, https:\/\/www.cosmepak.com\/wp-content\/uploads\/2025\/12\/11-600x600.jpg 600w, https:\/\/www.cosmepak.com\/wp-content\/uploads\/2025\/12\/11-100x100.jpg 100w\" sizes=\"(max-width: 1000px) 100vw, 1000px\" \/><\/td>\n<td style=\"width: 50%;\"><img loading=\"lazy\" decoding=\"async\" class=\"alignnone size-full wp-image-3594\" src=\"https:\/\/www.cosmepak.com\/wp-content\/uploads\/2025\/12\/21.jpg\" alt=\"\" width=\"1000\" height=\"1000\" srcset=\"https:\/\/www.cosmepak.com\/wp-content\/uploads\/2025\/12\/21.jpg 1000w, https:\/\/www.cosmepak.com\/wp-content\/uploads\/2025\/12\/21-300x300.jpg 300w, https:\/\/www.cosmepak.com\/wp-content\/uploads\/2025\/12\/21-150x150.jpg 150w, https:\/\/www.cosmepak.com\/wp-content\/uploads\/2025\/12\/21-768x768.jpg 768w, https:\/\/www.cosmepak.com\/wp-content\/uploads\/2025\/12\/21-12x12.jpg 12w, https:\/\/www.cosmepak.com\/wp-content\/uploads\/2025\/12\/21-600x600.jpg 600w, https:\/\/www.cosmepak.com\/wp-content\/uploads\/2025\/12\/21-100x100.jpg 100w\" sizes=\"(max-width: 1000px) 100vw, 1000px\" \/><\/td>\n<\/tr>\n<\/tbody>\n<\/table>","protected":false},"excerpt":{"rendered":"<p>Mat\u00e9riel de la bouteille : PETG<\/p>\n<p>Mat\u00e9riau de capuchon: PP<\/p>\n<p>Capacit\u00e9 : 200ML\/400ML<\/p>\n<p>Bouchon: Pompe<\/p>\n<p>Couleur: personnalis\u00e9e (n'importe quelle couleur Pantone Avaliable)<\/p>\n<p>Finition de surface: impression d'\u00e9cran, gla\u00e7age, estampage chaud, gradient de pulv\u00e9risation, finition mate, etc.<\/p>\n<p>MOQ: 5000pcs;<\/p>\n<p>&nbsp;<\/p>","protected":false},"featured_media":3594,"comment_status":"open","ping_status":"closed","template":"","meta":{"_acf_changed":false},"product_brand":[],"product_cat":[47,18],"product_tag":[41],"class_list":{"0":"post-3580","1":"product","2":"type-product","3":"status-publish","4":"has-post-thumbnail","6":"product_cat-lotion-bottle","7":"product_cat-plastic-bottle","8":"product_tag-plastic-bottle","10":"first","11":"instock","12":"shipping-taxable","13":"product-type-simple"},"acf":[],"_links":{"self":[{"href":"https:\/\/www.cosmepak.com\/fr\/wp-json\/wp\/v2\/product\/3580","targetHints":{"allow":["GET"]}}],"collection":[{"href":"https:\/\/www.cosmepak.com\/fr\/wp-json\/wp\/v2\/product"}],"about":[{"href":"https:\/\/www.cosmepak.com\/fr\/wp-json\/wp\/v2\/types\/product"}],"replies":[{"embeddable":true,"href":"https:\/\/www.cosmepak.com\/fr\/wp-json\/wp\/v2\/comments?post=3580"}],"wp:featuredmedia":[{"embeddable":true,"href":"https:\/\/www.cosmepak.com\/fr\/wp-json\/wp\/v2\/media\/3594"}],"wp:attachment":[{"href":"https:\/\/www.cosmepak.com\/fr\/wp-json\/wp\/v2\/media?parent=3580"}],"wp:term":[{"taxonomy":"product_brand","embeddable":true,"href":"https:\/\/www.cosmepak.com\/fr\/wp-json\/wp\/v2\/product_brand?post=3580"},{"taxonomy":"product_cat","embeddable":true,"href":"https:\/\/www.cosmepak.com\/fr\/wp-json\/wp\/v2\/product_cat?post=3580"},{"taxonomy":"product_tag","embeddable":true,"href":"https:\/\/www.cosmepak.com\/fr\/wp-json\/wp\/v2\/product_tag?post=3580"}],"curies":[{"name":"WP","href":"https:\/\/api.w.org\/{rel}","templated":true}]}}