{"id":3626,"date":"2025-12-05T13:37:56","date_gmt":"2025-12-05T05:37:56","guid":{"rendered":"https:\/\/www.cosmepak.com\/?post_type=product&#038;p=3626"},"modified":"2026-04-22T14:45:09","modified_gmt":"2026-04-22T06:45:09","slug":"30ml-60ml-petg-mu-si-bubble-bottle-with-foam-pump-for-skin-care-packaging","status":"publish","type":"product","link":"https:\/\/www.cosmepak.com\/fr\/product\/30ml-60ml-petg-mu-si-bubble-bottle-with-foam-pump-for-skin-care-packaging\/","title":{"rendered":"Bouteille \u00e0 bulle PETG Mu Si 30ml 60ml avec pompe \u00e0 mousse pour emballage de soins de la peau"},"content":{"rendered":"<table style=\"border-collapse: collapse; width: 100%; height: 168px;\">\n<tbody>\n<tr style=\"height: 24px;\">\n<td style=\"width: 33.3333%; height: 168px;\" rowspan=\"7\"><img fetchpriority=\"high\" decoding=\"async\" class=\"alignnone size-full wp-image-3627\" src=\"https:\/\/www.cosmepak.com\/wp-content\/uploads\/2025\/12\/71.jpg\" alt=\"\" width=\"1000\" height=\"1000\" srcset=\"https:\/\/www.cosmepak.com\/wp-content\/uploads\/2025\/12\/71.jpg 1000w, https:\/\/www.cosmepak.com\/wp-content\/uploads\/2025\/12\/71-300x300.jpg 300w, https:\/\/www.cosmepak.com\/wp-content\/uploads\/2025\/12\/71-150x150.jpg 150w, https:\/\/www.cosmepak.com\/wp-content\/uploads\/2025\/12\/71-768x768.jpg 768w, https:\/\/www.cosmepak.com\/wp-content\/uploads\/2025\/12\/71-12x12.jpg 12w, https:\/\/www.cosmepak.com\/wp-content\/uploads\/2025\/12\/71-600x600.jpg 600w, https:\/\/www.cosmepak.com\/wp-content\/uploads\/2025\/12\/71-100x100.jpg 100w\" sizes=\"(max-width: 1000px) 100vw, 1000px\" \/><\/td>\n<td style=\"width: 30.5857%; height: 24px; text-align: center;\">Marque<\/td>\n<td style=\"width: 36.0809%; height: 24px; text-align: center;\">Jaunce<\/td>\n<\/tr>\n<tr style=\"height: 24px;\">\n<td style=\"width: 30.5857%; height: 24px; text-align: center;\">Mod\u00e8le<\/td>\n<td style=\"width: 36.0809%; height: 24px; text-align: center;\">JH-LWMJ05<\/td>\n<\/tr>\n<tr style=\"height: 24px;\">\n<td style=\"width: 30.5857%; height: 24px; text-align: center;\">Capcience<\/td>\n<td style=\"width: 36.0809%; height: 24px; text-align: center;\">30ml \/ 60ml<\/td>\n<\/tr>\n<tr style=\"height: 24px;\">\n<td style=\"width: 30.5857%; height: 24px; text-align: center;\">Poids<\/td>\n<td style=\"width: 36.0809%; height: 24px; text-align: center;\">26.1g\/29.9g<\/td>\n<\/tr>\n<tr style=\"height: 24px;\">\n<td style=\"width: 30.5857%; height: 24px; text-align: center;\">Couleur<\/td>\n<td style=\"width: 36.0809%; height: 24px; text-align: center;\">personnalis\u00e9<\/td>\n<\/tr>\n<tr style=\"height: 24px;\">\n<td style=\"width: 30.5857%; height: 24px; text-align: center;\">Mat\u00e9riel<\/td>\n<td style=\"width: 36.0809%; height: 24px; text-align: center;\">PETG\/PP<\/td>\n<\/tr>\n<tr style=\"height: 24px;\">\n<td style=\"width: 30.5857%; height: 24px; text-align: center;\">Sortie liquide<\/td>\n<td style=\"width: 36.0809%; height: 24px; text-align: center;\">0.8ml\/t<\/td>\n<\/tr>\n<\/tbody>\n<\/table>\n<table style=\"border-collapse: collapse; width: 100%;\">\n<tbody>\n<tr>\n<td style=\"width: 16.6667%; text-align: center;\"><strong>Capacit\u00e9<\/strong><\/td>\n<td style=\"width: 16.6667%; text-align: center;\"><strong>Hauteur totale<\/strong><\/td>\n<td style=\"width: 16.6667%; text-align: center;\"><strong>Hauteur de bouteille<\/strong><\/td>\n<td style=\"width: 16.6667%; text-align: center;\"><strong>Hauteur imprimable<\/strong><\/td>\n<td style=\"width: 19.4745%; text-align: center;\"><strong>Diam\u00e8tre inf\u00e9rieur<\/strong><\/td>\n<td style=\"width: 13.8589%; text-align: center;\"><strong>Poids<\/strong><\/td>\n<\/tr>\n<tr>\n<td style=\"width: 16.6667%; text-align: center;\">30 ml<\/td>\n<td style=\"width: 16.6667%; text-align: center;\">99.7mm<\/td>\n<td style=\"width: 16.6667%; text-align: center;\">59.1mm<\/td>\n<td style=\"width: 16.6667%; text-align: center;\">36.5mm<\/td>\n<td style=\"width: 19.4745%; text-align: center;\">35 mm<\/td>\n<td style=\"width: 13.8589%; text-align: center;\">26.1g<\/td>\n<\/tr>\n<tr>\n<td style=\"width: 16.6667%; text-align: center;\">60 ml<\/td>\n<td style=\"width: 16.6667%; text-align: center;\">130 mm<\/td>\n<td style=\"width: 16.6667%; text-align: center;\">90.2mm<\/td>\n<td style=\"width: 16.6667%; text-align: center;\">65.5mm<\/td>\n<td style=\"width: 19.4745%; text-align: center;\">35 mm<\/td>\n<td style=\"width: 13.8589%; text-align: center;\">29.9g<\/td>\n<\/tr>\n<\/tbody>\n<\/table>\n<table style=\"border-collapse: collapse; width: 100%;\">\n<tbody>\n<tr>\n<td style=\"width: 16.0637%; text-align: center;\"><strong>Article\u00a0<\/strong><\/td>\n<td style=\"width: 18.3316%; text-align: center;\"><strong>Capacit\u00e9<\/strong><\/td>\n<td style=\"width: 21.9762%; text-align: center;\"><strong>Qt\u00e9 de package<\/strong><\/td>\n<td style=\"width: 22.6241%; text-align: center;\"><strong>Taille du carton<\/strong><\/td>\n<td style=\"width: 21.0044%; text-align: center;\"><strong>GW<\/strong><\/td>\n<\/tr>\n<tr>\n<td style=\"width: 16.0637%; text-align: center;\" rowspan=\"2\">Bouteille<\/td>\n<td style=\"width: 18.3316%; text-align: center;\">30 ml<\/td>\n<td style=\"width: 21.9762%; text-align: center;\">1050pcs<\/td>\n<td style=\"width: 22.6241%; text-align: center;\">56 * 35 * 43 cm<\/td>\n<td style=\"width: 21.0044%; text-align: center;\">28.5kg<\/td>\n<\/tr>\n<tr>\n<td style=\"width: 18.3316%; text-align: center;\">60 ml<\/td>\n<td style=\"width: 21.9762%; text-align: center;\">654pcs<\/td>\n<td style=\"width: 22.6241%; text-align: center;\">56 * 35 * 43 cm<\/td>\n<td style=\"width: 21.0044%; text-align: center;\">20.9kg<\/td>\n<\/tr>\n<\/tbody>\n<\/table>\n<p>Bouteille de pompe \u00e0 mousse JH-LWMJ05, adapt\u00e9e \u00e0 divers produits de beaut\u00e9 et de soins de la peau. La capacit\u00e9 peut \u00eatre s\u00e9lectionn\u00e9e en fonction du sc\u00e9nario d'utilisation. nous soutenons la capacit\u00e9 de 30ml et 60ml pour que notre client choisisse.<\/p>\n<div class=\"auto-hide-last-sibling-br paragraph-pP9ZLC paragraph-element br-paragraph-space\">Nous offrons une vari\u00e9t\u00e9 d'options de personnalisation qui nous permettent d'int\u00e9grer en douceur cette bouteille de pompe \u00e0 mousse avec votre logo de marque, alliant praticit\u00e9 \u00e0 attrait esth\u00e9tique. Cette conception adopte une structure divis\u00e9e: t\u00eate de pompe en mousse de couverture protectrice bouche de bouteille filet\u00e9e corps de bouteille PETG. L'assemblage est pratique et les performances d'\u00e9tanch\u00e9it\u00e9 sont excellentes.<\/div>\n<div><\/div>\n<div>The foam pump has fine bubbles with excellent bubble effect. Compared to the traditional manual wire mesh bubble generator, it has faster bubble formation and the bubbles have a thick texture, which can save time.<\/div>\n<div><\/div>\n<div>This bubble bottle is usually used for packaging facial cleanser mousse and hand sanitizer.<\/div>\n<h3 class=\"header-iWP5WJ auto-hide-last-sibling-br\"><span style=\"font-size: 12pt;\">Option standard: Bouteille transparente Pompe blanche<\/span><\/h3>\n<div class=\"auto-hide-last-sibling-br paragraph-pP9ZLC paragraph-element br-paragraph-space\">Le corps de la bouteille est transparent clairement couleur, couleur transparente peut montrer facilement surveiller les niveaux de produit en un coup d'\u0153il - pratique pour l'utilisation quotidienne. livr\u00e9 avec une pompe \u00e0 mousse blanche \u00e9l\u00e9gante, ce design incarne une \u00e9l\u00e9gance minimaliste, compl\u00e9tant une large gamme de formulations de soins de la peau et de cosm\u00e9tiques.<\/div>\n<h3 class=\"header-iWP5WJ auto-hide-last-sibling-br\"><span style=\"font-size: 12pt;\">Couleurs de moulage par injection: Couleur personnalis\u00e9e acceptable<\/span><\/h3>\n<div class=\"auto-hide-last-sibling-br paragraph-pP9ZLC paragraph-element br-paragraph-space\">En appliquant des couleurs de moulage par injection personnalis\u00e9es aux bouteilles, nous pouvons am\u00e9liorer la reconnaissance de la marque. Nous pouvons s\u00e9lectionner la couleur appropri\u00e9e en fonction de votre marque&#8217; caract\u00e9ristiques et l'associer \u00e0 une t\u00eate de pompe correspondante, cr\u00e9ant ainsi une apparence unifi\u00e9e et renfor\u00e7ant l'identit\u00e9 de la marque.<\/div>\n<h3 class=\"header-iWP5WJ auto-hide-last-sibling-br\"><span style=\"font-size: 12pt;\">Collier : <\/span><span style=\"font-size: 12pt;\">finition m\u00e9tallique <\/span><\/h3>\n<div class=\"auto-hide-last-sibling-br paragraph-pP9ZLC paragraph-element br-paragraph-space\">Le collier est disponible en or, argent, or rose ou d'autres tons m\u00e9talliques, am\u00e9liorant la sensation de haute qualit\u00e9 de la bouteille et le rendant id\u00e9al pour les lignes de soins de peau, de cheveux ou de soins personnels premium.<\/div>\n<div class=\"auto-hide-last-sibling-br paragraph-pP9ZLC paragraph-element br-paragraph-space\">Chaque personnalisation est con\u00e7ue pour maintenir la fonctionnalit\u00e9 de la bouteille, assurant une distribution de mousse en douceur, des performances \u00e0 l\u2019abri des fuites et la compatibilit\u00e9 avec diverses formulations, tout en s\u2019alignant sur l\u2019esth\u00e9tique unique de votre marque.<\/div>\n<p>Il prend en charge des techniques d'impression telles que la s\u00e9rigraphie, le sablage et l'impression par transfert de chaleur. La personnalisation des logos de marque et des informations sur les produits est disponible, aidant \u00e0 cr\u00e9er des emballages exclusifs.<\/p>\n<p><img decoding=\"async\" class=\"wp-image-3628 aligncenter\" src=\"https:\/\/www.cosmepak.com\/wp-content\/uploads\/2025\/12\/\u8be6\u60c5-6-1.jpg\" alt=\"\" width=\"1368\" height=\"1368\" srcset=\"https:\/\/www.cosmepak.com\/wp-content\/uploads\/2025\/12\/\u8be6\u60c5-6-1.jpg 1000w, https:\/\/www.cosmepak.com\/wp-content\/uploads\/2025\/12\/\u8be6\u60c5-6-1-300x300.jpg 300w, https:\/\/www.cosmepak.com\/wp-content\/uploads\/2025\/12\/\u8be6\u60c5-6-1-150x150.jpg 150w, https:\/\/www.cosmepak.com\/wp-content\/uploads\/2025\/12\/\u8be6\u60c5-6-1-768x768.jpg 768w, https:\/\/www.cosmepak.com\/wp-content\/uploads\/2025\/12\/\u8be6\u60c5-6-1-12x12.jpg 12w, https:\/\/www.cosmepak.com\/wp-content\/uploads\/2025\/12\/\u8be6\u60c5-6-1-600x600.jpg 600w, https:\/\/www.cosmepak.com\/wp-content\/uploads\/2025\/12\/\u8be6\u60c5-6-1-100x100.jpg 100w\" sizes=\"(max-width: 1368px) 100vw, 1368px\" \/><\/p>\n<table style=\"border-collapse: collapse; width: 100%;\">\n<tbody>\n<tr>\n<td style=\"width: 33.3333%;\"><img decoding=\"async\" class=\"alignnone size-full wp-image-3630\" src=\"https:\/\/www.cosmepak.com\/wp-content\/uploads\/2025\/12\/61-1.jpg\" alt=\"\" width=\"1000\" height=\"1000\" srcset=\"https:\/\/www.cosmepak.com\/wp-content\/uploads\/2025\/12\/61-1.jpg 1000w, https:\/\/www.cosmepak.com\/wp-content\/uploads\/2025\/12\/61-1-300x300.jpg 300w, https:\/\/www.cosmepak.com\/wp-content\/uploads\/2025\/12\/61-1-150x150.jpg 150w, https:\/\/www.cosmepak.com\/wp-content\/uploads\/2025\/12\/61-1-768x768.jpg 768w, https:\/\/www.cosmepak.com\/wp-content\/uploads\/2025\/12\/61-1-12x12.jpg 12w, https:\/\/www.cosmepak.com\/wp-content\/uploads\/2025\/12\/61-1-600x600.jpg 600w, https:\/\/www.cosmepak.com\/wp-content\/uploads\/2025\/12\/61-1-100x100.jpg 100w\" sizes=\"(max-width: 1000px) 100vw, 1000px\" \/><\/td>\n<td style=\"width: 33.3333%;\"><img loading=\"lazy\" decoding=\"async\" class=\"alignnone size-full wp-image-3631\" src=\"https:\/\/www.cosmepak.com\/wp-content\/uploads\/2025\/12\/51-1.jpg\" alt=\"\" width=\"1000\" height=\"1000\" srcset=\"https:\/\/www.cosmepak.com\/wp-content\/uploads\/2025\/12\/51-1.jpg 1000w, https:\/\/www.cosmepak.com\/wp-content\/uploads\/2025\/12\/51-1-300x300.jpg 300w, https:\/\/www.cosmepak.com\/wp-content\/uploads\/2025\/12\/51-1-150x150.jpg 150w, https:\/\/www.cosmepak.com\/wp-content\/uploads\/2025\/12\/51-1-768x768.jpg 768w, https:\/\/www.cosmepak.com\/wp-content\/uploads\/2025\/12\/51-1-12x12.jpg 12w, https:\/\/www.cosmepak.com\/wp-content\/uploads\/2025\/12\/51-1-600x600.jpg 600w, https:\/\/www.cosmepak.com\/wp-content\/uploads\/2025\/12\/51-1-100x100.jpg 100w\" sizes=\"(max-width: 1000px) 100vw, 1000px\" \/><\/td>\n<td style=\"width: 33.3333%;\"><img loading=\"lazy\" decoding=\"async\" class=\"alignnone size-full wp-image-3632\" src=\"https:\/\/www.cosmepak.com\/wp-content\/uploads\/2025\/12\/\u8be6\u60c5-101-1.jpg\" alt=\"\" width=\"1000\" height=\"1000\" srcset=\"https:\/\/www.cosmepak.com\/wp-content\/uploads\/2025\/12\/\u8be6\u60c5-101-1.jpg 1000w, https:\/\/www.cosmepak.com\/wp-content\/uploads\/2025\/12\/\u8be6\u60c5-101-1-300x300.jpg 300w, https:\/\/www.cosmepak.com\/wp-content\/uploads\/2025\/12\/\u8be6\u60c5-101-1-150x150.jpg 150w, https:\/\/www.cosmepak.com\/wp-content\/uploads\/2025\/12\/\u8be6\u60c5-101-1-768x768.jpg 768w, https:\/\/www.cosmepak.com\/wp-content\/uploads\/2025\/12\/\u8be6\u60c5-101-1-12x12.jpg 12w, https:\/\/www.cosmepak.com\/wp-content\/uploads\/2025\/12\/\u8be6\u60c5-101-1-600x600.jpg 600w, https:\/\/www.cosmepak.com\/wp-content\/uploads\/2025\/12\/\u8be6\u60c5-101-1-100x100.jpg 100w\" sizes=\"(max-width: 1000px) 100vw, 1000px\" \/><\/td>\n<\/tr>\n<\/tbody>\n<\/table>\n<table style=\"border-collapse: collapse; width: 100%;\">\n<tbody>\n<tr>\n<td style=\"width: 50%;\"><img loading=\"lazy\" decoding=\"async\" class=\"alignnone size-full wp-image-3633\" src=\"https:\/\/www.cosmepak.com\/wp-content\/uploads\/2025\/12\/21-1.jpg\" alt=\"\" width=\"1000\" height=\"1000\" srcset=\"https:\/\/www.cosmepak.com\/wp-content\/uploads\/2025\/12\/21-1.jpg 1000w, https:\/\/www.cosmepak.com\/wp-content\/uploads\/2025\/12\/21-1-300x300.jpg 300w, https:\/\/www.cosmepak.com\/wp-content\/uploads\/2025\/12\/21-1-150x150.jpg 150w, https:\/\/www.cosmepak.com\/wp-content\/uploads\/2025\/12\/21-1-768x768.jpg 768w, https:\/\/www.cosmepak.com\/wp-content\/uploads\/2025\/12\/21-1-12x12.jpg 12w, https:\/\/www.cosmepak.com\/wp-content\/uploads\/2025\/12\/21-1-600x600.jpg 600w, https:\/\/www.cosmepak.com\/wp-content\/uploads\/2025\/12\/21-1-100x100.jpg 100w\" sizes=\"(max-width: 1000px) 100vw, 1000px\" \/><\/td>\n<td style=\"width: 50%;\"><img loading=\"lazy\" decoding=\"async\" class=\"alignnone size-full wp-image-3634\" src=\"https:\/\/www.cosmepak.com\/wp-content\/uploads\/2025\/12\/31-1.jpg\" alt=\"\" width=\"1000\" height=\"1000\" srcset=\"https:\/\/www.cosmepak.com\/wp-content\/uploads\/2025\/12\/31-1.jpg 1000w, https:\/\/www.cosmepak.com\/wp-content\/uploads\/2025\/12\/31-1-300x300.jpg 300w, https:\/\/www.cosmepak.com\/wp-content\/uploads\/2025\/12\/31-1-150x150.jpg 150w, https:\/\/www.cosmepak.com\/wp-content\/uploads\/2025\/12\/31-1-768x768.jpg 768w, https:\/\/www.cosmepak.com\/wp-content\/uploads\/2025\/12\/31-1-12x12.jpg 12w, https:\/\/www.cosmepak.com\/wp-content\/uploads\/2025\/12\/31-1-600x600.jpg 600w, https:\/\/www.cosmepak.com\/wp-content\/uploads\/2025\/12\/31-1-100x100.jpg 100w\" sizes=\"(max-width: 1000px) 100vw, 1000px\" \/><\/td>\n<\/tr>\n<\/tbody>\n<\/table>","protected":false},"excerpt":{"rendered":"<p>Mat\u00e9riau de bouteille: PE<\/p>\n<p>Mat\u00e9riau de capuchon: PP<\/p>\n<p>Capacit\u00e9: 350 ml<\/p>\n<p>Capeur: pompe en mousse<\/p>\n<p>Couleur: personnalis\u00e9e (n'importe quelle couleur Pantone Avaliable)<\/p>\n<p>Finition de surface: impression d'\u00e9cran, gla\u00e7age, estampage chaud, gradient de pulv\u00e9risation, finition mate, etc.<\/p>\n<p>MOQ: 5000pcs;<\/p>\n<p>&nbsp;<\/p>","protected":false},"featured_media":3633,"comment_status":"closed","ping_status":"closed","template":"","meta":{"_acf_changed":false},"product_brand":[],"product_cat":[50,18],"product_tag":[41],"class_list":{"0":"post-3626","1":"product","2":"type-product","3":"status-publish","4":"has-post-thumbnail","6":"product_cat-foam-bottle","7":"product_cat-plastic-bottle","8":"product_tag-plastic-bottle","10":"first","11":"instock","12":"shipping-taxable","13":"product-type-simple"},"acf":[],"_links":{"self":[{"href":"https:\/\/www.cosmepak.com\/fr\/wp-json\/wp\/v2\/product\/3626","targetHints":{"allow":["GET"]}}],"collection":[{"href":"https:\/\/www.cosmepak.com\/fr\/wp-json\/wp\/v2\/product"}],"about":[{"href":"https:\/\/www.cosmepak.com\/fr\/wp-json\/wp\/v2\/types\/product"}],"replies":[{"embeddable":true,"href":"https:\/\/www.cosmepak.com\/fr\/wp-json\/wp\/v2\/comments?post=3626"}],"wp:featuredmedia":[{"embeddable":true,"href":"https:\/\/www.cosmepak.com\/fr\/wp-json\/wp\/v2\/media\/3633"}],"wp:attachment":[{"href":"https:\/\/www.cosmepak.com\/fr\/wp-json\/wp\/v2\/media?parent=3626"}],"wp:term":[{"taxonomy":"product_brand","embeddable":true,"href":"https:\/\/www.cosmepak.com\/fr\/wp-json\/wp\/v2\/product_brand?post=3626"},{"taxonomy":"product_cat","embeddable":true,"href":"https:\/\/www.cosmepak.com\/fr\/wp-json\/wp\/v2\/product_cat?post=3626"},{"taxonomy":"product_tag","embeddable":true,"href":"https:\/\/www.cosmepak.com\/fr\/wp-json\/wp\/v2\/product_tag?post=3626"}],"curies":[{"name":"WP","href":"https:\/\/api.w.org\/{rel}","templated":true}]}}