{"id":3637,"date":"2025-12-05T14:43:03","date_gmt":"2025-12-05T06:43:03","guid":{"rendered":"https:\/\/www.cosmepak.com\/?post_type=product&#038;p=3637"},"modified":"2025-12-05T14:44:23","modified_gmt":"2025-12-05T06:44:23","slug":"petg-spray-bottle-30-100ml-plastic-boston-shape-boston-for-skin-care-packaging-pump-sealing-bottle","status":"publish","type":"product","link":"https:\/\/www.cosmepak.com\/fr\/product\/petg-spray-bottle-30-100ml-plastic-boston-shape-boston-for-skin-care-packaging-pump-sealing-bottle\/","title":{"rendered":"Bouteille de pulv\u00e9risation PETG 30-100ml Boston en plastique Boston pour la bouteille d'\u00e9tanch\u00e9it\u00e9 de la pompe d'emballage de soins de la peau"},"content":{"rendered":"<table style=\"border-collapse: collapse; width: 100%; height: 168px;\">\n<tbody>\n<tr style=\"height: 24px;\">\n<td style=\"width: 33.3333%; height: 168px;\" rowspan=\"6\"><img fetchpriority=\"high\" decoding=\"async\" class=\"alignnone size-full wp-image-3638\" src=\"https:\/\/www.cosmepak.com\/wp-content\/uploads\/2025\/12\/\u4e3b\u56fe-6-1.jpg\" alt=\"\" width=\"1000\" height=\"1000\" srcset=\"https:\/\/www.cosmepak.com\/wp-content\/uploads\/2025\/12\/\u4e3b\u56fe-6-1.jpg 1000w, https:\/\/www.cosmepak.com\/wp-content\/uploads\/2025\/12\/\u4e3b\u56fe-6-1-300x300.jpg 300w, https:\/\/www.cosmepak.com\/wp-content\/uploads\/2025\/12\/\u4e3b\u56fe-6-1-150x150.jpg 150w, https:\/\/www.cosmepak.com\/wp-content\/uploads\/2025\/12\/\u4e3b\u56fe-6-1-768x768.jpg 768w, https:\/\/www.cosmepak.com\/wp-content\/uploads\/2025\/12\/\u4e3b\u56fe-6-1-12x12.jpg 12w, https:\/\/www.cosmepak.com\/wp-content\/uploads\/2025\/12\/\u4e3b\u56fe-6-1-600x600.jpg 600w, https:\/\/www.cosmepak.com\/wp-content\/uploads\/2025\/12\/\u4e3b\u56fe-6-1-100x100.jpg 100w\" sizes=\"(max-width: 1000px) 100vw, 1000px\" \/><\/td>\n<td style=\"width: 29.2675%; height: 24px; text-align: center;\">Marque<\/td>\n<td style=\"width: 37.3991%; height: 24px; text-align: center;\">Jaunce<\/td>\n<\/tr>\n<tr style=\"height: 24px;\">\n<td style=\"width: 29.2675%; height: 24px; text-align: center;\">Mod\u00e8le<\/td>\n<td style=\"width: 37.3991%; height: 24px; text-align: center;\">JH-LWMJ04<\/td>\n<\/tr>\n<tr style=\"height: 24px;\">\n<td style=\"width: 29.2675%; height: 24px; text-align: center;\">Capcience<\/td>\n<td style=\"width: 37.3991%; height: 24px; text-align: center;\">30ML \/ 60ML \/ 80ML \/ 100ML<\/td>\n<\/tr>\n<tr style=\"height: 24px;\">\n<td style=\"width: 29.2675%; height: 24px; text-align: center;\">Poids<\/td>\n<td style=\"width: 37.3991%; height: 24px; text-align: center;\">30g \/ 32,2g \/ 33,7g \/ 38,2g<\/td>\n<\/tr>\n<tr style=\"height: 24px;\">\n<td style=\"width: 29.2675%; height: 24px; text-align: center;\">Couleur<\/td>\n<td style=\"width: 37.3991%; height: 24px; text-align: center;\">personnalis\u00e9<\/td>\n<\/tr>\n<tr style=\"height: 24px;\">\n<td style=\"width: 29.2675%; height: 24px; text-align: center;\">Mat\u00e9riel<\/td>\n<td style=\"width: 37.3991%; height: 24px; text-align: center;\">PETG\/PP\/AS<\/td>\n<\/tr>\n<\/tbody>\n<\/table>\n<table style=\"border-collapse: collapse; width: 100.361%; height: 241px;\">\n<tbody>\n<tr style=\"height: 48px;\">\n<td style=\"width: 8.62228%; text-align: center; height: 48px;\">Article<\/td>\n<td style=\"width: 10.3445%; text-align: center; height: 48px;\">Capacit\u00e9<\/td>\n<td style=\"width: 9.19499%; text-align: center; height: 48px;\">Hauteur totale<\/td>\n<td style=\"width: 9.60329%; text-align: center; height: 48px;\">Hauteur de bouteille<\/td>\n<td style=\"width: 10.1649%; text-align: center; height: 48px;\">Hauteur imprimable<\/td>\n<td style=\"width: 9.00467%; text-align: center; height: 48px;\">Max. DIA<\/td>\n<td style=\"width: 10.9562%; text-align: center; height: 48px;\">Poids de bouteille unique<\/td>\n<td style=\"width: 11.8094%; text-align: center; height: 48px;\">Taille du carton<\/td>\n<td style=\"width: 9.01065%; text-align: center; height: 48px;\">Qt\u00e9 de package<\/td>\n<td style=\"width: 18.4223%; text-align: center; height: 48px;\">Poids de l'emballage<\/td>\n<\/tr>\n<tr style=\"height: 24px;\">\n<td style=\"width: 8.62228%; text-align: center; height: 96px;\" rowspan=\"4\">Bouteille<\/td>\n<td style=\"width: 10.3445%; text-align: center; height: 24px;\">30 ml<\/td>\n<td style=\"width: 9.19499%; text-align: center; height: 24px;\">92 mm<\/td>\n<td style=\"width: 9.60329%; text-align: center; height: 24px;\">58.5mm<\/td>\n<td style=\"width: 10.1649%; text-align: center; height: 24px;\">32 mm<\/td>\n<td style=\"width: 9.00467%; text-align: center; height: 24px;\">39 mm<\/td>\n<td style=\"width: 10.9562%; text-align: center; height: 24px;\">30g<\/td>\n<td style=\"width: 11.8094%; text-align: center; height: 24px;\">47*36*39<\/td>\n<td style=\"width: 9.01065%; text-align: center; height: 24px;\">945pcs<\/td>\n<td style=\"width: 18.4223%; text-align: center; height: 24px;\">11 kg<\/td>\n<\/tr>\n<tr style=\"height: 24px;\">\n<td style=\"width: 10.3445%; text-align: center; height: 24px;\">60 ml<\/td>\n<td style=\"width: 9.19499%; text-align: center; height: 24px;\">Pourquoi le couleur, la naissance et le Fbosesh sont-ils si importants?<\/td>\n<td style=\"width: 9.60329%; text-align: center; height: 24px;\">83.8mm<\/td>\n<td style=\"width: 10.1649%; text-align: center; height: 24px;\">55 mm<\/td>\n<td style=\"width: 9.00467%; text-align: center; height: 24px;\">40.7mm<\/td>\n<td style=\"width: 10.9562%; text-align: center; height: 24px;\">32.2g<\/td>\n<td style=\"width: 11.8094%; text-align: center; height: 24px;\">55*44*40<\/td>\n<td style=\"width: 9.01065%; text-align: center; height: 24px;\">585pcs<\/td>\n<td style=\"width: 18.4223%; text-align: center; height: 24px;\">14.2kgs<\/td>\n<\/tr>\n<tr style=\"height: 24px;\">\n<td style=\"width: 10.3445%; text-align: center; height: 24px;\">80 ml<\/td>\n<td style=\"width: 9.19499%; text-align: center; height: 24px;\">125 mm<\/td>\n<td style=\"width: 9.60329%; text-align: center; height: 24px;\">91 mm<\/td>\n<td style=\"width: 10.1649%; text-align: center; height: 24px;\">63 mm<\/td>\n<td style=\"width: 9.00467%; text-align: center; height: 24px;\">43.8mm<\/td>\n<td style=\"width: 10.9562%; text-align: center; height: 24px;\">33.7g<\/td>\n<td style=\"width: 11.8094%; text-align: center; height: 24px;\">46*39*42<\/td>\n<td style=\"width: 9.01065%; text-align: center; height: 24px;\">416pcs<\/td>\n<td style=\"width: 18.4223%; text-align: center; height: 24px;\">11.3kgs<\/td>\n<\/tr>\n<tr style=\"height: 24px;\">\n<td style=\"width: 10.3445%; text-align: center; height: 24px;\">100 ml<\/td>\n<td style=\"width: 9.19499%; text-align: center; height: 24px;\">134.7mm<\/td>\n<td style=\"width: 9.60329%; text-align: center; height: 24px;\">101 mm<\/td>\n<td style=\"width: 10.1649%; text-align: center; height: 24px;\">72 mm<\/td>\n<td style=\"width: 9.00467%; text-align: center; height: 24px;\">46 mm<\/td>\n<td style=\"width: 10.9562%; text-align: center; height: 24px;\">38.2g<\/td>\n<td style=\"width: 11.8094%; text-align: center; height: 24px;\">49*41*44<\/td>\n<td style=\"width: 9.01065%; text-align: center; height: 24px;\">368pcs<\/td>\n<td style=\"width: 18.4223%; text-align: center; height: 24px;\">10.6kgs<\/td>\n<\/tr>\n<tr style=\"height: 24px;\">\n<td style=\"width: 8.62228%; text-align: center; height: 97px;\" rowspan=\"4\">Pompe<\/td>\n<td style=\"width: 10.3445%; text-align: center; height: 24px;\">30 ml<\/td>\n<td style=\"width: 9.19499%; text-align: center; height: 24px;\">\/<\/td>\n<td style=\"width: 9.60329%; text-align: center; height: 24px;\">\/<\/td>\n<td style=\"width: 10.1649%; text-align: center; height: 24px;\">\/<\/td>\n<td style=\"width: 9.00467%; text-align: center; height: 24px;\">\/<\/td>\n<td style=\"width: 10.9562%; text-align: center; height: 24px;\">\/<\/td>\n<td style=\"width: 11.8094%; text-align: center; height: 24px;\" rowspan=\"4\">56*5*40.5*46<\/td>\n<td style=\"width: 9.01065%; text-align: center; height: 24px;\">2100pcs<\/td>\n<td style=\"width: 18.4223%; text-align: center; height: 24px;\">17.8kgs<\/td>\n<\/tr>\n<tr style=\"height: 24px;\">\n<td style=\"width: 10.3445%; text-align: center; height: 24px;\">60 ml<\/td>\n<td style=\"width: 9.19499%; text-align: center; height: 24px;\">\/<\/td>\n<td style=\"width: 9.60329%; text-align: center; height: 24px;\">\/<\/td>\n<td style=\"width: 10.1649%; text-align: center; height: 24px;\">\/<\/td>\n<td style=\"width: 9.00467%; text-align: center; height: 24px;\">\/<\/td>\n<td style=\"width: 10.9562%; text-align: center; height: 24px;\">\/<\/td>\n<td style=\"width: 9.01065%; text-align: center; height: 24px;\">2000pcs<\/td>\n<td style=\"width: 18.4223%; text-align: center; height: 24px;\">16.2kgs<\/td>\n<\/tr>\n<tr style=\"height: 24px;\">\n<td style=\"width: 10.3445%; text-align: center; height: 24px;\">80 ml<\/td>\n<td style=\"width: 9.19499%; text-align: center; height: 24px;\">\/<\/td>\n<td style=\"width: 9.60329%; text-align: center; height: 24px;\">\/<\/td>\n<td style=\"width: 10.1649%; text-align: center; height: 24px;\">\/<\/td>\n<td style=\"width: 9.00467%; text-align: center; height: 24px;\">\/<\/td>\n<td style=\"width: 10.9562%; text-align: center; height: 24px;\">\/<\/td>\n<td style=\"width: 9.01065%; text-align: center; height: 24px;\">1800pcs<\/td>\n<td style=\"width: 18.4223%; text-align: center; height: 24px;\">15.8kgs<\/td>\n<\/tr>\n<tr style=\"height: 25px;\">\n<td style=\"width: 10.3445%; text-align: center; height: 25px;\">100 ml<\/td>\n<td style=\"width: 9.19499%; text-align: center; height: 25px;\">\/<\/td>\n<td style=\"width: 9.60329%; text-align: center; height: 25px;\">\/<\/td>\n<td style=\"width: 10.1649%; text-align: center; height: 25px;\">\/<\/td>\n<td style=\"width: 9.00467%; text-align: center; height: 25px;\">\/<\/td>\n<td style=\"width: 10.9562%; text-align: center; height: 25px;\">\/<\/td>\n<td style=\"width: 9.01065%; text-align: center; height: 25px;\">1650pcs<\/td>\n<td style=\"width: 18.4223%; text-align: center; height: 25px;\">14.5kgs<\/td>\n<\/tr>\n<\/tbody>\n<\/table>\n<p>La bouteille est faite d'un mat\u00e9riau plastique \u00e0 haute transparence, avec une texture lisse et fine, une transparence \u00e9lev\u00e9e et peut afficher clairement la couleur du liquide \u00e0 l'int\u00e9rieur. Le corps de la bouteille est fait d'un mat\u00e9riau plastique \u00e0 haute transparence, avec une texture lisse et fine, une transparence \u00e9lev\u00e9e et peut afficher clairement la couleur du liquide \u00e0 l'int\u00e9rieur. Visuellement, il est l\u00e9ger et exquis. Visuellement, il est l\u00e9ger et exquis. Il est con\u00e7u avec &#8220; forme arrondie courbe&#8221; La section moyenne de la bouteille est l\u00e9g\u00e8rement plus large et se d\u00e9croisse ensuite aux deux extr\u00e9mit\u00e9s. Les lignes sont lisses et douces, \u00e9liminant la raideur d'une bouteille cylindrique droite. La prise en main est aussi plus confortable.<\/p>\n<p>Nous offrons 4 options de couleurs fra\u00eeches &#8211; un rose p\u00e2le doux et d\u00e9licat, un bleu menthe clair et apaisant, une couleur transparente et pure, et un jaune citron vif et vivant. Ces couleurs ont une faible saturation et une texture douce, ce qui les rend adapt\u00e9s \u00e0 divers types de produits de beaut\u00e9 et de soins quotidiens. Il offre \u00e9galement un service de personnalisation des couleurs.<\/p>\n<p>Notre bouteille est jumel\u00e9e \u00e0 une simple t\u00eate de pompe en mousse \u00e0 bouton-poussoir blanche (avec un bouton-poussoir en haut). L'ext\u00e9rieur est recouvert d'un capuchon protecteur cylindrique transparent de la m\u00eame texture que le corps de la bouteille, qui non seulement prot\u00e8ge contre la poussi\u00e8re et maintient l'hygi\u00e8ne, mais rend \u00e9galement la forme globale plus propre et propre.<\/p>\n<p><img decoding=\"async\" class=\"wp-image-3639 aligncenter\" src=\"https:\/\/www.cosmepak.com\/wp-content\/uploads\/2025\/12\/111.jpg\" alt=\"\" width=\"1373\" height=\"1373\" srcset=\"https:\/\/www.cosmepak.com\/wp-content\/uploads\/2025\/12\/111.jpg 1000w, https:\/\/www.cosmepak.com\/wp-content\/uploads\/2025\/12\/111-300x300.jpg 300w, https:\/\/www.cosmepak.com\/wp-content\/uploads\/2025\/12\/111-150x150.jpg 150w, https:\/\/www.cosmepak.com\/wp-content\/uploads\/2025\/12\/111-768x768.jpg 768w, https:\/\/www.cosmepak.com\/wp-content\/uploads\/2025\/12\/111-12x12.jpg 12w, https:\/\/www.cosmepak.com\/wp-content\/uploads\/2025\/12\/111-600x600.jpg 600w, https:\/\/www.cosmepak.com\/wp-content\/uploads\/2025\/12\/111-100x100.jpg 100w\" sizes=\"(max-width: 1373px) 100vw, 1373px\" \/><\/p>\n<table style=\"border-collapse: collapse; width: 100%;\">\n<tbody>\n<tr>\n<td style=\"width: 25%;\"><img decoding=\"async\" class=\"alignnone size-full wp-image-3640\" src=\"https:\/\/www.cosmepak.com\/wp-content\/uploads\/2025\/12\/9.jpg\" alt=\"\" width=\"1000\" height=\"1000\" srcset=\"https:\/\/www.cosmepak.com\/wp-content\/uploads\/2025\/12\/9.jpg 1000w, https:\/\/www.cosmepak.com\/wp-content\/uploads\/2025\/12\/9-300x300.jpg 300w, https:\/\/www.cosmepak.com\/wp-content\/uploads\/2025\/12\/9-150x150.jpg 150w, https:\/\/www.cosmepak.com\/wp-content\/uploads\/2025\/12\/9-768x768.jpg 768w, https:\/\/www.cosmepak.com\/wp-content\/uploads\/2025\/12\/9-12x12.jpg 12w, https:\/\/www.cosmepak.com\/wp-content\/uploads\/2025\/12\/9-600x600.jpg 600w, https:\/\/www.cosmepak.com\/wp-content\/uploads\/2025\/12\/9-100x100.jpg 100w\" sizes=\"(max-width: 1000px) 100vw, 1000px\" \/><\/td>\n<td style=\"width: 25%;\"><img loading=\"lazy\" decoding=\"async\" class=\"alignnone size-full wp-image-3641\" src=\"https:\/\/www.cosmepak.com\/wp-content\/uploads\/2025\/12\/81.jpg\" alt=\"\" width=\"925\" height=\"924\" srcset=\"https:\/\/www.cosmepak.com\/wp-content\/uploads\/2025\/12\/81.jpg 925w, https:\/\/www.cosmepak.com\/wp-content\/uploads\/2025\/12\/81-300x300.jpg 300w, https:\/\/www.cosmepak.com\/wp-content\/uploads\/2025\/12\/81-150x150.jpg 150w, https:\/\/www.cosmepak.com\/wp-content\/uploads\/2025\/12\/81-768x767.jpg 768w, https:\/\/www.cosmepak.com\/wp-content\/uploads\/2025\/12\/81-12x12.jpg 12w, https:\/\/www.cosmepak.com\/wp-content\/uploads\/2025\/12\/81-600x599.jpg 600w, https:\/\/www.cosmepak.com\/wp-content\/uploads\/2025\/12\/81-100x100.jpg 100w\" sizes=\"(max-width: 925px) 100vw, 925px\" \/><\/td>\n<td style=\"width: 25%;\"><img loading=\"lazy\" decoding=\"async\" class=\"alignnone size-full wp-image-3642\" src=\"https:\/\/www.cosmepak.com\/wp-content\/uploads\/2025\/12\/71-1.jpg\" alt=\"\" width=\"1000\" height=\"1000\" srcset=\"https:\/\/www.cosmepak.com\/wp-content\/uploads\/2025\/12\/71-1.jpg 1000w, https:\/\/www.cosmepak.com\/wp-content\/uploads\/2025\/12\/71-1-300x300.jpg 300w, https:\/\/www.cosmepak.com\/wp-content\/uploads\/2025\/12\/71-1-150x150.jpg 150w, https:\/\/www.cosmepak.com\/wp-content\/uploads\/2025\/12\/71-1-768x768.jpg 768w, https:\/\/www.cosmepak.com\/wp-content\/uploads\/2025\/12\/71-1-12x12.jpg 12w, https:\/\/www.cosmepak.com\/wp-content\/uploads\/2025\/12\/71-1-600x600.jpg 600w, https:\/\/www.cosmepak.com\/wp-content\/uploads\/2025\/12\/71-1-100x100.jpg 100w\" sizes=\"(max-width: 1000px) 100vw, 1000px\" \/><\/td>\n<td style=\"width: 25%;\"><img loading=\"lazy\" decoding=\"async\" class=\"alignnone size-full wp-image-3643\" src=\"https:\/\/www.cosmepak.com\/wp-content\/uploads\/2025\/12\/11-3.jpg\" alt=\"\" width=\"1000\" height=\"1000\" srcset=\"https:\/\/www.cosmepak.com\/wp-content\/uploads\/2025\/12\/11-3.jpg 1000w, https:\/\/www.cosmepak.com\/wp-content\/uploads\/2025\/12\/11-3-300x300.jpg 300w, https:\/\/www.cosmepak.com\/wp-content\/uploads\/2025\/12\/11-3-150x150.jpg 150w, https:\/\/www.cosmepak.com\/wp-content\/uploads\/2025\/12\/11-3-768x768.jpg 768w, https:\/\/www.cosmepak.com\/wp-content\/uploads\/2025\/12\/11-3-12x12.jpg 12w, https:\/\/www.cosmepak.com\/wp-content\/uploads\/2025\/12\/11-3-600x600.jpg 600w, https:\/\/www.cosmepak.com\/wp-content\/uploads\/2025\/12\/11-3-100x100.jpg 100w\" sizes=\"(max-width: 1000px) 100vw, 1000px\" \/><\/td>\n<\/tr>\n<\/tbody>\n<\/table>\n<table style=\"border-collapse: collapse; width: 100%;\">\n<tbody>\n<tr>\n<td style=\"width: 33.3333%;\"><img loading=\"lazy\" decoding=\"async\" class=\"alignnone size-full wp-image-3644\" src=\"https:\/\/www.cosmepak.com\/wp-content\/uploads\/2025\/12\/21-2.jpg\" alt=\"\" width=\"1000\" height=\"1000\" srcset=\"https:\/\/www.cosmepak.com\/wp-content\/uploads\/2025\/12\/21-2.jpg 1000w, https:\/\/www.cosmepak.com\/wp-content\/uploads\/2025\/12\/21-2-300x300.jpg 300w, https:\/\/www.cosmepak.com\/wp-content\/uploads\/2025\/12\/21-2-150x150.jpg 150w, https:\/\/www.cosmepak.com\/wp-content\/uploads\/2025\/12\/21-2-768x768.jpg 768w, https:\/\/www.cosmepak.com\/wp-content\/uploads\/2025\/12\/21-2-12x12.jpg 12w, https:\/\/www.cosmepak.com\/wp-content\/uploads\/2025\/12\/21-2-600x600.jpg 600w, https:\/\/www.cosmepak.com\/wp-content\/uploads\/2025\/12\/21-2-100x100.jpg 100w\" sizes=\"(max-width: 1000px) 100vw, 1000px\" \/><\/td>\n<td style=\"width: 33.3333%;\"><img loading=\"lazy\" decoding=\"async\" class=\"alignnone size-full wp-image-3645\" src=\"https:\/\/www.cosmepak.com\/wp-content\/uploads\/2025\/12\/31-2.jpg\" alt=\"\" width=\"1000\" height=\"1000\" srcset=\"https:\/\/www.cosmepak.com\/wp-content\/uploads\/2025\/12\/31-2.jpg 1000w, https:\/\/www.cosmepak.com\/wp-content\/uploads\/2025\/12\/31-2-300x300.jpg 300w, https:\/\/www.cosmepak.com\/wp-content\/uploads\/2025\/12\/31-2-150x150.jpg 150w, https:\/\/www.cosmepak.com\/wp-content\/uploads\/2025\/12\/31-2-768x768.jpg 768w, https:\/\/www.cosmepak.com\/wp-content\/uploads\/2025\/12\/31-2-12x12.jpg 12w, https:\/\/www.cosmepak.com\/wp-content\/uploads\/2025\/12\/31-2-600x600.jpg 600w, https:\/\/www.cosmepak.com\/wp-content\/uploads\/2025\/12\/31-2-100x100.jpg 100w\" sizes=\"(max-width: 1000px) 100vw, 1000px\" \/><\/td>\n<td style=\"width: 33.3333%;\"><img loading=\"lazy\" decoding=\"async\" class=\"alignnone size-full wp-image-3646\" src=\"https:\/\/www.cosmepak.com\/wp-content\/uploads\/2025\/12\/41-1.jpg\" alt=\"\" width=\"1000\" height=\"1000\" srcset=\"https:\/\/www.cosmepak.com\/wp-content\/uploads\/2025\/12\/41-1.jpg 1000w, https:\/\/www.cosmepak.com\/wp-content\/uploads\/2025\/12\/41-1-300x300.jpg 300w, https:\/\/www.cosmepak.com\/wp-content\/uploads\/2025\/12\/41-1-150x150.jpg 150w, https:\/\/www.cosmepak.com\/wp-content\/uploads\/2025\/12\/41-1-768x768.jpg 768w, https:\/\/www.cosmepak.com\/wp-content\/uploads\/2025\/12\/41-1-12x12.jpg 12w, https:\/\/www.cosmepak.com\/wp-content\/uploads\/2025\/12\/41-1-600x600.jpg 600w, https:\/\/www.cosmepak.com\/wp-content\/uploads\/2025\/12\/41-1-100x100.jpg 100w\" sizes=\"(max-width: 1000px) 100vw, 1000px\" \/><\/td>\n<\/tr>\n<\/tbody>\n<\/table>","protected":false},"excerpt":{"rendered":"<p>Mat\u00e9riau en bouteille: animal de compagnie<\/p>\n<p>Mat\u00e9riau de capuchon: PP<\/p>\n<p>Capacit\u00e9 : 50ml\/100ml\/150ml\/200ml<\/p>\n<p>Bouchage: pompe \u00e0 vis<\/p>\n<p>Couleur: personnalis\u00e9e (n'importe quelle couleur Pantone Avaliable)<\/p>\n<p>Finition de surface: impression d'\u00e9cran, gla\u00e7age, estampage chaud, gradient de pulv\u00e9risation, finition mate, etc.<\/p>\n<p>MOQ: 5000pcs;<\/p>\n<p>&nbsp;<\/p>","protected":false},"featured_media":3645,"comment_status":"closed","ping_status":"closed","template":"","meta":{"_acf_changed":false},"product_brand":[],"product_cat":[18,48],"product_tag":[41],"class_list":{"0":"post-3637","1":"product","2":"type-product","3":"status-publish","4":"has-post-thumbnail","6":"product_cat-plastic-bottle","7":"product_cat-spray-bottle","8":"product_tag-plastic-bottle","10":"first","11":"instock","12":"shipping-taxable","13":"product-type-simple"},"acf":[],"_links":{"self":[{"href":"https:\/\/www.cosmepak.com\/fr\/wp-json\/wp\/v2\/product\/3637","targetHints":{"allow":["GET"]}}],"collection":[{"href":"https:\/\/www.cosmepak.com\/fr\/wp-json\/wp\/v2\/product"}],"about":[{"href":"https:\/\/www.cosmepak.com\/fr\/wp-json\/wp\/v2\/types\/product"}],"replies":[{"embeddable":true,"href":"https:\/\/www.cosmepak.com\/fr\/wp-json\/wp\/v2\/comments?post=3637"}],"wp:featuredmedia":[{"embeddable":true,"href":"https:\/\/www.cosmepak.com\/fr\/wp-json\/wp\/v2\/media\/3645"}],"wp:attachment":[{"href":"https:\/\/www.cosmepak.com\/fr\/wp-json\/wp\/v2\/media?parent=3637"}],"wp:term":[{"taxonomy":"product_brand","embeddable":true,"href":"https:\/\/www.cosmepak.com\/fr\/wp-json\/wp\/v2\/product_brand?post=3637"},{"taxonomy":"product_cat","embeddable":true,"href":"https:\/\/www.cosmepak.com\/fr\/wp-json\/wp\/v2\/product_cat?post=3637"},{"taxonomy":"product_tag","embeddable":true,"href":"https:\/\/www.cosmepak.com\/fr\/wp-json\/wp\/v2\/product_tag?post=3637"}],"curies":[{"name":"WP","href":"https:\/\/api.w.org\/{rel}","templated":true}]}}