{"id":3662,"date":"2025-12-05T16:26:13","date_gmt":"2025-12-05T08:26:13","guid":{"rendered":"https:\/\/www.cosmepak.com\/?post_type=product&#038;p=3662"},"modified":"2025-12-10T16:49:48","modified_gmt":"2025-12-10T08:49:48","slug":"300ml-500ml-inverted-shoulder-square-bottle-spray-bottle","status":"publish","type":"product","link":"https:\/\/www.cosmepak.com\/fr\/product\/300ml-500ml-inverted-shoulder-square-bottle-spray-bottle\/","title":{"rendered":"300ml 500ml Bouteille de spray \u00e0 \u00e9paule carr\u00e9e invers\u00e9e"},"content":{"rendered":"<table style=\"border-collapse: collapse; width: 100%; height: 144px;\">\n<tbody>\n<tr style=\"height: 24px;\">\n<td style=\"width: 33.3333%; height: 144px;\" rowspan=\"6\"><img fetchpriority=\"high\" decoding=\"async\" class=\"alignnone size-full wp-image-3663\" src=\"https:\/\/www.cosmepak.com\/wp-content\/uploads\/2025\/12\/\u4e3b\u56fe-5-2.jpg\" alt=\"\" width=\"800\" height=\"800\" srcset=\"https:\/\/www.cosmepak.com\/wp-content\/uploads\/2025\/12\/\u4e3b\u56fe-5-2.jpg 800w, https:\/\/www.cosmepak.com\/wp-content\/uploads\/2025\/12\/\u4e3b\u56fe-5-2-300x300.jpg 300w, https:\/\/www.cosmepak.com\/wp-content\/uploads\/2025\/12\/\u4e3b\u56fe-5-2-150x150.jpg 150w, https:\/\/www.cosmepak.com\/wp-content\/uploads\/2025\/12\/\u4e3b\u56fe-5-2-768x768.jpg 768w, https:\/\/www.cosmepak.com\/wp-content\/uploads\/2025\/12\/\u4e3b\u56fe-5-2-12x12.jpg 12w, https:\/\/www.cosmepak.com\/wp-content\/uploads\/2025\/12\/\u4e3b\u56fe-5-2-600x600.jpg 600w, https:\/\/www.cosmepak.com\/wp-content\/uploads\/2025\/12\/\u4e3b\u56fe-5-2-100x100.jpg 100w\" sizes=\"(max-width: 800px) 100vw, 800px\" \/><\/td>\n<td style=\"width: 29.2675%; height: 24px; text-align: center;\">Marque<\/td>\n<td style=\"width: 37.3991%; height: 24px; text-align: center;\">Jaunce<\/td>\n<\/tr>\n<tr style=\"height: 24px;\">\n<td style=\"width: 29.2675%; height: 24px; text-align: center;\">Mod\u00e8le<\/td>\n<td style=\"width: 37.3991%; height: 24px; text-align: center;\">JH-LW9521<\/td>\n<\/tr>\n<tr style=\"height: 24px;\">\n<td style=\"width: 29.2675%; height: 24px; text-align: center;\">Capcience<\/td>\n<td style=\"width: 37.3991%; height: 24px; text-align: center;\">300 ml \/ 500 ml<\/td>\n<\/tr>\n<tr style=\"height: 24px;\">\n<td style=\"width: 29.2675%; height: 24px; text-align: center;\">Cou<\/td>\n<td style=\"width: 37.3991%; height: 24px; text-align: center;\">28 mm<\/td>\n<\/tr>\n<tr style=\"height: 24px;\">\n<td style=\"width: 29.2675%; height: 24px; text-align: center;\">Couleur<\/td>\n<td style=\"width: 37.3991%; height: 24px; text-align: center;\">personnalis\u00e9<\/td>\n<\/tr>\n<tr style=\"height: 24px;\">\n<td style=\"width: 29.2675%; height: 24px; text-align: center;\">Mat\u00e9riel<\/td>\n<td style=\"width: 37.3991%; height: 24px; text-align: center;\">PE \/ PP<\/td>\n<\/tr>\n<\/tbody>\n<\/table>\n<table style=\"border-collapse: collapse; width: 100%;\">\n<tbody>\n<tr>\n<td style=\"width: 16.6667%; text-align: center;\"><strong>Capacit\u00e9<\/strong><\/td>\n<td style=\"width: 16.6667%; text-align: center;\"><strong>Hauteur totale<\/strong><\/td>\n<td style=\"width: 16.6667%; text-align: center;\"><strong>Hauteur de bouteille<\/strong><\/td>\n<td style=\"width: 16.6667%; text-align: center;\"><strong>Hauteur imprimable<\/strong><\/td>\n<td style=\"width: 16.6667%; text-align: center;\"><strong>Diam\u00e8tre inf\u00e9rieur<\/strong><\/td>\n<td style=\"width: 16.6667%; text-align: center;\"><strong>Poids<\/strong><\/td>\n<\/tr>\n<tr>\n<td style=\"width: 16.6667%; text-align: center;\">300 ml<\/td>\n<td style=\"width: 16.6667%; text-align: center;\">205mm<\/td>\n<td style=\"width: 16.6667%; text-align: center;\">160 mm<\/td>\n<td style=\"width: 16.6667%; text-align: center;\">70 mm<\/td>\n<td style=\"width: 16.6667%; text-align: center;\">62 * 62 mm<\/td>\n<td style=\"width: 16.6667%; text-align: center;\">42g<\/td>\n<\/tr>\n<tr>\n<td style=\"width: 16.6667%; text-align: center;\">500 ml<\/td>\n<td style=\"width: 16.6667%; text-align: center;\">259 mm<\/td>\n<td style=\"width: 16.6667%; text-align: center;\">214mm<\/td>\n<td style=\"width: 16.6667%; text-align: center;\">120 mm<\/td>\n<td style=\"width: 16.6667%; text-align: center;\">63 * 63 mm<\/td>\n<td style=\"width: 16.6667%; text-align: center;\">56g<\/td>\n<\/tr>\n<\/tbody>\n<\/table>\n<p>Que ce soit&#8217; nettoyage m\u00e9nager, entretien de jardinage ou d\u00e9sinfection de magasin, cette bouteille de pulv\u00e9risation est votre meilleur choix.<\/p>\n<p>Option double capacit\u00e9 disponible<br \/>\nMod\u00e8le portable 300ML: Hauteur globale 205MM, l\u00e9ger et compact, adapt\u00e9 au nettoyage quotidien \u00e0 petite \u00e9chelle \/ pratique pour transporter;<br \/>\nMod\u00e8le de grande capacit\u00e9 500ML: Hauteur totale 259MM, adapt\u00e9 aux sc\u00e9narios d'utilisation fr\u00e9quente tels que les m\u00e9nages et les magasins.<\/p>\n<p>Ce produit est fabriqu\u00e9 en mat\u00e9riaux PE PP de qualit\u00e9 alimentaire, sans odeur, r\u00e9sistant aux gouttes et \u00e0 l'usure, et pr\u00e9sente une forte performance d'\u00e9tanch\u00e9it\u00e9 (con\u00e7ue avec un capuchon \u00e0 vis). Il \u00e9vite les fuites de liquide.<\/p>\n<p>Rotation en un clic pour basculer entre 3 modes :<br \/>\n&#8220; Ferm\u00e9&#8221; mode: Emp\u00eacher les fuites accidentelles;<br \/>\n&#8220; Droit&#8221; mode: le flux d'eau est concentr\u00e9, adapt\u00e9 pour arroser les plantes et nettoyer les fissures;<br \/>\n&#8220; Atomization&#8221; mode: pulv\u00e9risation fine, adapt\u00e9e pour le nettoyage, la d\u00e9sinfection et les sc\u00e9narios d'humidification de l'air.<\/p>\n<p>Une vari\u00e9t\u00e9 de styles de pulv\u00e9risation sont disponibles pour la s\u00e9lection. pulv\u00e9risateur de d\u00e9clenchement personnalis\u00e9 de couleur de soutien.<\/p>\n<p>Ce cou de vis de bouteille carr\u00e9e sp\u00e9cial facile pour remplir, il est peut fixer avec le pulv\u00e9risateur de d\u00e9clenchement peut \u00e9galement utiliser le bouchon de vis pour l'\u00e9tanch\u00e9it\u00e9.<\/p>\n<p>Le spray est \u00e9quip\u00e9 d'une poign\u00e9e de presse antid\u00e9rapante, ce qui le rend confortable \u00e0 utiliser pendant une longue p\u00e9riode sans causer de fatigue des mains; le corps de la bouteille dispose de zones d'impression r\u00e9serv\u00e9es, permettant la personnalisation des \u00e9tiquettes et des logos.<\/p>\n<p>Fabriqu\u00e9 en plastique blanc moul\u00e9 par injection, cet emballage exude une esth\u00e9tique fra\u00eeche et propre qui compl\u00e8te une large gamme de formulations de soins de la peau et de cosm\u00e9tiques. Con\u00e7u pour une marque polyvalente, il prend en charge \u00e0 la fois la s\u00e9rigraphie et l'application d'\u00e9tiquettes, permettant \u00e0 votre logo, \u00e0 vos listes d'ingr\u00e9dients et \u00e0 vos informations cl\u00e9s sur les produits d'\u00eatre affich\u00e9s avec une visibilit\u00e9 cristalline. La surface \u00e9l\u00e9gante et nette assure que l'identit\u00e9 de la marque et les d\u00e9tails du produit se d\u00e9marquent de fa\u00e7on pro\u00e9minente, offrant une pr\u00e9sentation professionnelle et fiable qui fait r\u00e9sonance avec les consommateurs.<\/p>\n<p><img decoding=\"async\" class=\"size-full wp-image-3664 aligncenter\" src=\"https:\/\/www.cosmepak.com\/wp-content\/uploads\/2025\/12\/\u8be6\u60c5-3-1.jpg\" alt=\"\" width=\"790\" height=\"790\" srcset=\"https:\/\/www.cosmepak.com\/wp-content\/uploads\/2025\/12\/\u8be6\u60c5-3-1.jpg 790w, https:\/\/www.cosmepak.com\/wp-content\/uploads\/2025\/12\/\u8be6\u60c5-3-1-300x300.jpg 300w, https:\/\/www.cosmepak.com\/wp-content\/uploads\/2025\/12\/\u8be6\u60c5-3-1-150x150.jpg 150w, https:\/\/www.cosmepak.com\/wp-content\/uploads\/2025\/12\/\u8be6\u60c5-3-1-768x768.jpg 768w, https:\/\/www.cosmepak.com\/wp-content\/uploads\/2025\/12\/\u8be6\u60c5-3-1-12x12.jpg 12w, https:\/\/www.cosmepak.com\/wp-content\/uploads\/2025\/12\/\u8be6\u60c5-3-1-600x600.jpg 600w, https:\/\/www.cosmepak.com\/wp-content\/uploads\/2025\/12\/\u8be6\u60c5-3-1-100x100.jpg 100w\" sizes=\"(max-width: 790px) 100vw, 790px\" \/><\/p>\n<table style=\"border-collapse: collapse; width: 100%;\">\n<tbody>\n<tr>\n<td style=\"width: 25%;\"><img decoding=\"async\" class=\"alignnone size-full wp-image-3665\" src=\"https:\/\/www.cosmepak.com\/wp-content\/uploads\/2025\/12\/\u8be6\u60c5-51-1.jpg\" alt=\"\" width=\"1000\" height=\"1000\" srcset=\"https:\/\/www.cosmepak.com\/wp-content\/uploads\/2025\/12\/\u8be6\u60c5-51-1.jpg 1000w, https:\/\/www.cosmepak.com\/wp-content\/uploads\/2025\/12\/\u8be6\u60c5-51-1-300x300.jpg 300w, https:\/\/www.cosmepak.com\/wp-content\/uploads\/2025\/12\/\u8be6\u60c5-51-1-150x150.jpg 150w, https:\/\/www.cosmepak.com\/wp-content\/uploads\/2025\/12\/\u8be6\u60c5-51-1-768x768.jpg 768w, https:\/\/www.cosmepak.com\/wp-content\/uploads\/2025\/12\/\u8be6\u60c5-51-1-12x12.jpg 12w, https:\/\/www.cosmepak.com\/wp-content\/uploads\/2025\/12\/\u8be6\u60c5-51-1-600x600.jpg 600w, https:\/\/www.cosmepak.com\/wp-content\/uploads\/2025\/12\/\u8be6\u60c5-51-1-100x100.jpg 100w\" sizes=\"(max-width: 1000px) 100vw, 1000px\" \/><\/td>\n<td style=\"width: 25%;\"><img loading=\"lazy\" decoding=\"async\" class=\"alignnone size-full wp-image-3666\" src=\"https:\/\/www.cosmepak.com\/wp-content\/uploads\/2025\/12\/\u8be6\u60c5-6-2.jpg\" alt=\"\" width=\"1000\" height=\"1000\" srcset=\"https:\/\/www.cosmepak.com\/wp-content\/uploads\/2025\/12\/\u8be6\u60c5-6-2.jpg 1000w, https:\/\/www.cosmepak.com\/wp-content\/uploads\/2025\/12\/\u8be6\u60c5-6-2-300x300.jpg 300w, https:\/\/www.cosmepak.com\/wp-content\/uploads\/2025\/12\/\u8be6\u60c5-6-2-150x150.jpg 150w, https:\/\/www.cosmepak.com\/wp-content\/uploads\/2025\/12\/\u8be6\u60c5-6-2-768x768.jpg 768w, https:\/\/www.cosmepak.com\/wp-content\/uploads\/2025\/12\/\u8be6\u60c5-6-2-12x12.jpg 12w, https:\/\/www.cosmepak.com\/wp-content\/uploads\/2025\/12\/\u8be6\u60c5-6-2-600x600.jpg 600w, https:\/\/www.cosmepak.com\/wp-content\/uploads\/2025\/12\/\u8be6\u60c5-6-2-100x100.jpg 100w\" sizes=\"(max-width: 1000px) 100vw, 1000px\" \/><\/td>\n<td style=\"width: 25%;\"><img loading=\"lazy\" decoding=\"async\" class=\"alignnone size-full wp-image-3667\" src=\"https:\/\/www.cosmepak.com\/wp-content\/uploads\/2025\/12\/81-1.jpg\" alt=\"\" width=\"1000\" height=\"1000\" srcset=\"https:\/\/www.cosmepak.com\/wp-content\/uploads\/2025\/12\/81-1.jpg 1000w, https:\/\/www.cosmepak.com\/wp-content\/uploads\/2025\/12\/81-1-300x300.jpg 300w, https:\/\/www.cosmepak.com\/wp-content\/uploads\/2025\/12\/81-1-150x150.jpg 150w, https:\/\/www.cosmepak.com\/wp-content\/uploads\/2025\/12\/81-1-768x768.jpg 768w, https:\/\/www.cosmepak.com\/wp-content\/uploads\/2025\/12\/81-1-12x12.jpg 12w, https:\/\/www.cosmepak.com\/wp-content\/uploads\/2025\/12\/81-1-600x600.jpg 600w, https:\/\/www.cosmepak.com\/wp-content\/uploads\/2025\/12\/81-1-100x100.jpg 100w\" sizes=\"(max-width: 1000px) 100vw, 1000px\" \/><\/td>\n<td style=\"width: 25%;\"><img loading=\"lazy\" decoding=\"async\" class=\"alignnone size-full wp-image-3668\" src=\"https:\/\/www.cosmepak.com\/wp-content\/uploads\/2025\/12\/71-2.jpg\" alt=\"\" width=\"1000\" height=\"1000\" srcset=\"https:\/\/www.cosmepak.com\/wp-content\/uploads\/2025\/12\/71-2.jpg 1000w, https:\/\/www.cosmepak.com\/wp-content\/uploads\/2025\/12\/71-2-300x300.jpg 300w, https:\/\/www.cosmepak.com\/wp-content\/uploads\/2025\/12\/71-2-150x150.jpg 150w, https:\/\/www.cosmepak.com\/wp-content\/uploads\/2025\/12\/71-2-768x768.jpg 768w, https:\/\/www.cosmepak.com\/wp-content\/uploads\/2025\/12\/71-2-12x12.jpg 12w, https:\/\/www.cosmepak.com\/wp-content\/uploads\/2025\/12\/71-2-600x600.jpg 600w, https:\/\/www.cosmepak.com\/wp-content\/uploads\/2025\/12\/71-2-100x100.jpg 100w\" sizes=\"(max-width: 1000px) 100vw, 1000px\" \/><\/td>\n<\/tr>\n<\/tbody>\n<\/table>\n<table style=\"border-collapse: collapse; width: 100%;\">\n<tbody>\n<tr>\n<td style=\"width: 33.3333%;\"><img loading=\"lazy\" decoding=\"async\" class=\"alignnone size-full wp-image-3671\" src=\"https:\/\/www.cosmepak.com\/wp-content\/uploads\/2025\/12\/31-3.jpg\" alt=\"\" width=\"1000\" height=\"1000\" srcset=\"https:\/\/www.cosmepak.com\/wp-content\/uploads\/2025\/12\/31-3.jpg 1000w, https:\/\/www.cosmepak.com\/wp-content\/uploads\/2025\/12\/31-3-300x300.jpg 300w, https:\/\/www.cosmepak.com\/wp-content\/uploads\/2025\/12\/31-3-150x150.jpg 150w, https:\/\/www.cosmepak.com\/wp-content\/uploads\/2025\/12\/31-3-768x768.jpg 768w, https:\/\/www.cosmepak.com\/wp-content\/uploads\/2025\/12\/31-3-12x12.jpg 12w, https:\/\/www.cosmepak.com\/wp-content\/uploads\/2025\/12\/31-3-600x600.jpg 600w, https:\/\/www.cosmepak.com\/wp-content\/uploads\/2025\/12\/31-3-100x100.jpg 100w\" sizes=\"(max-width: 1000px) 100vw, 1000px\" \/><\/td>\n<td style=\"width: 33.3333%;\"><img loading=\"lazy\" decoding=\"async\" class=\"alignnone size-full wp-image-3670\" src=\"https:\/\/www.cosmepak.com\/wp-content\/uploads\/2025\/12\/51-2.jpg\" alt=\"\" width=\"1000\" height=\"1000\" srcset=\"https:\/\/www.cosmepak.com\/wp-content\/uploads\/2025\/12\/51-2.jpg 1000w, https:\/\/www.cosmepak.com\/wp-content\/uploads\/2025\/12\/51-2-300x300.jpg 300w, https:\/\/www.cosmepak.com\/wp-content\/uploads\/2025\/12\/51-2-150x150.jpg 150w, https:\/\/www.cosmepak.com\/wp-content\/uploads\/2025\/12\/51-2-768x768.jpg 768w, https:\/\/www.cosmepak.com\/wp-content\/uploads\/2025\/12\/51-2-12x12.jpg 12w, https:\/\/www.cosmepak.com\/wp-content\/uploads\/2025\/12\/51-2-600x600.jpg 600w, https:\/\/www.cosmepak.com\/wp-content\/uploads\/2025\/12\/51-2-100x100.jpg 100w\" sizes=\"(max-width: 1000px) 100vw, 1000px\" \/><\/td>\n<td style=\"width: 33.3333%;\"><img loading=\"lazy\" decoding=\"async\" class=\"alignnone size-full wp-image-3669\" src=\"https:\/\/www.cosmepak.com\/wp-content\/uploads\/2025\/12\/61-3.jpg\" alt=\"\" width=\"1000\" height=\"1000\" srcset=\"https:\/\/www.cosmepak.com\/wp-content\/uploads\/2025\/12\/61-3.jpg 1000w, https:\/\/www.cosmepak.com\/wp-content\/uploads\/2025\/12\/61-3-300x300.jpg 300w, https:\/\/www.cosmepak.com\/wp-content\/uploads\/2025\/12\/61-3-150x150.jpg 150w, https:\/\/www.cosmepak.com\/wp-content\/uploads\/2025\/12\/61-3-768x768.jpg 768w, https:\/\/www.cosmepak.com\/wp-content\/uploads\/2025\/12\/61-3-12x12.jpg 12w, https:\/\/www.cosmepak.com\/wp-content\/uploads\/2025\/12\/61-3-600x600.jpg 600w, https:\/\/www.cosmepak.com\/wp-content\/uploads\/2025\/12\/61-3-100x100.jpg 100w\" sizes=\"(max-width: 1000px) 100vw, 1000px\" \/><\/td>\n<\/tr>\n<\/tbody>\n<\/table>","protected":false},"excerpt":{"rendered":"<p>Mat\u00e9riau en bouteille: animal de compagnie<\/p>\n<p>Mat\u00e9riau de capuchon: PP<\/p>\n<p>Capacit\u00e9 : 50ml\/100ml\/150ml\/200ml<\/p>\n<p>Bouchage: pompe \u00e0 vis<\/p>\n<p>Couleur: personnalis\u00e9e (n'importe quelle couleur Pantone Avaliable)<\/p>\n<p>Finition de surface: impression d'\u00e9cran, gla\u00e7age, estampage chaud, gradient de pulv\u00e9risation, finition mate, etc.<\/p>\n<p>MOQ: 5000pcs;<\/p>\n<p>&nbsp;<\/p>","protected":false},"featured_media":3672,"comment_status":"closed","ping_status":"closed","template":"","meta":{"_acf_changed":false},"product_brand":[],"product_cat":[18,48],"product_tag":[41],"class_list":{"0":"post-3662","1":"product","2":"type-product","3":"status-publish","4":"has-post-thumbnail","6":"product_cat-plastic-bottle","7":"product_cat-spray-bottle","8":"product_tag-plastic-bottle","10":"first","11":"instock","12":"shipping-taxable","13":"product-type-simple"},"acf":[],"_links":{"self":[{"href":"https:\/\/www.cosmepak.com\/fr\/wp-json\/wp\/v2\/product\/3662","targetHints":{"allow":["GET"]}}],"collection":[{"href":"https:\/\/www.cosmepak.com\/fr\/wp-json\/wp\/v2\/product"}],"about":[{"href":"https:\/\/www.cosmepak.com\/fr\/wp-json\/wp\/v2\/types\/product"}],"replies":[{"embeddable":true,"href":"https:\/\/www.cosmepak.com\/fr\/wp-json\/wp\/v2\/comments?post=3662"}],"wp:featuredmedia":[{"embeddable":true,"href":"https:\/\/www.cosmepak.com\/fr\/wp-json\/wp\/v2\/media\/3672"}],"wp:attachment":[{"href":"https:\/\/www.cosmepak.com\/fr\/wp-json\/wp\/v2\/media?parent=3662"}],"wp:term":[{"taxonomy":"product_brand","embeddable":true,"href":"https:\/\/www.cosmepak.com\/fr\/wp-json\/wp\/v2\/product_brand?post=3662"},{"taxonomy":"product_cat","embeddable":true,"href":"https:\/\/www.cosmepak.com\/fr\/wp-json\/wp\/v2\/product_cat?post=3662"},{"taxonomy":"product_tag","embeddable":true,"href":"https:\/\/www.cosmepak.com\/fr\/wp-json\/wp\/v2\/product_tag?post=3662"}],"curies":[{"name":"WP","href":"https:\/\/api.w.org\/{rel}","templated":true}]}}