{"id":3691,"date":"2025-12-17T16:15:10","date_gmt":"2025-12-17T08:15:10","guid":{"rendered":"https:\/\/www.cosmepak.com\/?post_type=product&#038;p=3691"},"modified":"2025-12-19T13:58:44","modified_gmt":"2025-12-19T05:58:44","slug":"100g-ice-crack-cream-jar-eye-cream-glass-jar","status":"publish","type":"product","link":"https:\/\/www.cosmepak.com\/fr\/product\/100g-ice-crack-cream-jar-eye-cream-glass-jar\/","title":{"rendered":"100g glace cr\u00e8me pot cr\u00e8me pour les yeux pot en verre"},"content":{"rendered":"<table style=\"border-collapse: collapse; width: 100%; height: 216px;\">\n<tbody>\n<tr style=\"height: 24px;\">\n<td style=\"width: 40.6929%; height: 216px;\" rowspan=\"8\"><img fetchpriority=\"high\" decoding=\"async\" class=\"alignnone size-full wp-image-3705\" src=\"https:\/\/www.cosmepak.com\/wp-content\/uploads\/2025\/12\/\u4e3b\u56fe-61-1.jpg\" alt=\"\" width=\"1000\" height=\"1000\" srcset=\"https:\/\/www.cosmepak.com\/wp-content\/uploads\/2025\/12\/\u4e3b\u56fe-61-1.jpg 1000w, https:\/\/www.cosmepak.com\/wp-content\/uploads\/2025\/12\/\u4e3b\u56fe-61-1-300x300.jpg 300w, https:\/\/www.cosmepak.com\/wp-content\/uploads\/2025\/12\/\u4e3b\u56fe-61-1-150x150.jpg 150w, https:\/\/www.cosmepak.com\/wp-content\/uploads\/2025\/12\/\u4e3b\u56fe-61-1-768x768.jpg 768w, https:\/\/www.cosmepak.com\/wp-content\/uploads\/2025\/12\/\u4e3b\u56fe-61-1-12x12.jpg 12w, https:\/\/www.cosmepak.com\/wp-content\/uploads\/2025\/12\/\u4e3b\u56fe-61-1-600x600.jpg 600w, https:\/\/www.cosmepak.com\/wp-content\/uploads\/2025\/12\/\u4e3b\u56fe-61-1-100x100.jpg 100w\" sizes=\"(max-width: 1000px) 100vw, 1000px\" \/><\/td>\n<td style=\"width: 28.4645%; height: 24px; text-align: center;\">Marque<\/td>\n<td style=\"width: 30.8425%; height: 24px; text-align: center;\">\u00a0Jaunce<\/td>\n<\/tr>\n<tr style=\"height: 24px;\">\n<td style=\"width: 28.4645%; height: 24px; text-align: center;\">Forme<\/td>\n<td style=\"width: 30.8425%; height: 24px; text-align: center;\">Rond<\/td>\n<\/tr>\n<tr style=\"height: 24px;\">\n<td style=\"width: 28.4645%; height: 24px; text-align: center;\">Mat\u00e9riel<\/td>\n<td style=\"width: 30.8425%; height: 24px; text-align: center;\">Verre<\/td>\n<\/tr>\n<tr style=\"height: 24px;\">\n<td style=\"width: 28.4645%; height: 24px; text-align: center;\">Mod\u00e8le<\/td>\n<td style=\"width: 30.8425%; height: 24px; text-align: center;\">JH-YM20250129-2<\/td>\n<\/tr>\n<tr style=\"height: 24px;\">\n<td style=\"width: 28.4645%; height: 24px; text-align: center;\">OEM \/ ODM<\/td>\n<td style=\"width: 30.8425%; height: 24px; text-align: center;\">Accepter<\/td>\n<\/tr>\n<tr style=\"height: 24px;\">\n<td style=\"width: 28.4645%; height: 24px; text-align: center;\">Couleur<\/td>\n<td style=\"width: 30.8425%; height: 24px; text-align: center;\">Toute couleur Parton personnalis\u00e9e<\/td>\n<\/tr>\n<tr style=\"height: 24px;\">\n<td style=\"width: 28.4645%; height: 24px; text-align: center;\">Usage<\/td>\n<td style=\"width: 30.8425%; height: 24px; text-align: center;\">cr\u00e8me<\/td>\n<\/tr>\n<tr style=\"height: 24px;\">\n<td style=\"width: 28.4645%; height: 24px; text-align: center;\">MOQ<\/td>\n<td style=\"width: 30.8425%; height: 24px; text-align: center;\">10000pcs<\/td>\n<\/tr>\n<\/tbody>\n<\/table>\n<table style=\"border-collapse: collapse; width: 100%; height: 192px;\">\n<tbody>\n<tr style=\"height: 24px;\">\n<td style=\"width: 8.61543%; text-align: center; height: 24px;\"><strong>Capacit\u00e9<\/strong><\/td>\n<td style=\"width: 7.97343%; text-align: center; height: 24px;\"><strong>Hauteur totale<\/strong><\/td>\n<td style=\"width: 8.52052%; text-align: center; height: 24px;\"><strong>Diam\u00e8tre inf\u00e9rieur<\/strong><\/td>\n<td style=\"width: 8.64621%; text-align: center;\"><strong>Hauteur imprimable<\/strong><\/td>\n<td style=\"width: 8.16567%; text-align: center; height: 24px;\"><strong>Comment Visual Desi\u062c\u0631\u0627\u0645n Imetrpact Pr\u00e9sence sur \u00e9tag\u00e8re?<\/strong><\/td>\n<td style=\"width: 8.16567%; text-align: center; height: 24px;\"><b>Poids<\/b><\/td>\n<\/tr>\n<tr style=\"height: 24px;\">\n<td style=\"width: 8.61543%; text-align: center; height: 24px;\">100g<\/td>\n<td style=\"width: 7.97343%; text-align: center; height: 24px;\">48 mm<\/td>\n<td style=\"width: 8.52052%; text-align: center; height: 24px;\">90.5mm<\/td>\n<td style=\"width: 8.64621%; text-align: center;\">12 mm<\/td>\n<td style=\"width: 8.16567%; text-align: center; height: 24px;\">286mm<\/td>\n<td style=\"width: 8.16567%; text-align: center; height: 24px;\">218.3g<\/td>\n<\/tr>\n<\/tbody>\n<\/table>\n<div class=\"auto-hide-last-sibling-br paragraph-pP9ZLC paragraph-element br-paragraph-space\">Ce 100g sophistiqu\u00e9 Ice-Crackle Glass Cream Jars \u2013 une option d\u2019emballage premium con\u00e7ue pour stocker une vari\u00e9t\u00e9 de produits de soins de la peau \u00e0 texture \u00e9paisse, tels que les cr\u00e8mes faciales, les cr\u00e8mes hydratantes de nuit, les beurres corporels et les lotions pour les mains.<\/div>\n<div><\/div>\n<div class=\"auto-hide-last-sibling-br paragraph-pP9ZLC paragraph-element br-paragraph-space\">Ces bocaux se distinguent par une texture distinctive de glace glac\u00e9e qui donne une finition luxueuse et tactile, associ\u00e9e \u00e0 trois options de couleurs vives et attrayantes: rouge crimson riche, bleu ciel doux et violet royal profond. Compl\u00e9tant les corps de pot vibrants sont des accessoires \u00e9l\u00e9gants, blancs mat: un couvercle \u00e9tanche.<\/div>\n<div><\/div>\n<div>Capacit\u00e9 de 100g, diam\u00e8tre 90.5mm avec hauteur totale de 48mm et poids de 128.3g, il est suffisant pour une utilisation quotidienne r\u00e9guli\u00e8re ou des portions de produits de boutique.<\/div>\n<div><\/div>\n<div>Ces bocaux en verre sont tr\u00e8s adapt\u00e9s \u00e0 une utilisation individuelle et pour la promotion de petites marques de produits de soins de la peau. Qu\u2019ils soient utilis\u00e9s pour organiser votre routine quotidienne de soins de la peau ou pour emballer des cosm\u00e9tiques de boutique, ces bocaux allient design fonctionnel, attrait visuel luxueux et personnalisation pratique pour \u00e9lever la pr\u00e9sentation de n\u2019importe quel produit. Nous prenons en charge une large gamme d'options de personnalisation personnalis\u00e9es: s\u00e9rigraphie (pour les logos \/ art-design), estampage \u00e0 chaud, sablage, galvanoplating, \u00e9tiquetage, impression 3D et m\u00eame des motifs de fissures de glace personnalis\u00e9s. Cette flexibilit\u00e9 permet \u00e0 l\u2019emballage de s\u2019adapter parfaitement au style unique de la marque ou aux pr\u00e9f\u00e9rences personnelles.<\/div>\n<div class=\"auto-hide-last-sibling-br paragraph-pP9ZLC paragraph-element br-paragraph-space\"><\/div>\n<div>\n<table style=\"border-collapse: collapse; width: 100%;\">\n<tbody>\n<tr>\n<td style=\"width: 33.3333%;\"><img decoding=\"async\" class=\"alignnone size-full wp-image-3706\" src=\"https:\/\/www.cosmepak.com\/wp-content\/uploads\/2025\/12\/111-1.jpg\" alt=\"\" width=\"1000\" height=\"1000\" srcset=\"https:\/\/www.cosmepak.com\/wp-content\/uploads\/2025\/12\/111-1.jpg 1000w, https:\/\/www.cosmepak.com\/wp-content\/uploads\/2025\/12\/111-1-300x300.jpg 300w, https:\/\/www.cosmepak.com\/wp-content\/uploads\/2025\/12\/111-1-150x150.jpg 150w, https:\/\/www.cosmepak.com\/wp-content\/uploads\/2025\/12\/111-1-768x768.jpg 768w, https:\/\/www.cosmepak.com\/wp-content\/uploads\/2025\/12\/111-1-12x12.jpg 12w, https:\/\/www.cosmepak.com\/wp-content\/uploads\/2025\/12\/111-1-600x600.jpg 600w, https:\/\/www.cosmepak.com\/wp-content\/uploads\/2025\/12\/111-1-100x100.jpg 100w\" sizes=\"(max-width: 1000px) 100vw, 1000px\" \/><\/td>\n<td style=\"width: 33.3333%;\"><img decoding=\"async\" class=\"alignnone size-full wp-image-3707\" src=\"https:\/\/www.cosmepak.com\/wp-content\/uploads\/2025\/12\/121.jpg\" alt=\"\" width=\"1000\" height=\"1000\" srcset=\"https:\/\/www.cosmepak.com\/wp-content\/uploads\/2025\/12\/121.jpg 1000w, https:\/\/www.cosmepak.com\/wp-content\/uploads\/2025\/12\/121-300x300.jpg 300w, https:\/\/www.cosmepak.com\/wp-content\/uploads\/2025\/12\/121-150x150.jpg 150w, https:\/\/www.cosmepak.com\/wp-content\/uploads\/2025\/12\/121-768x768.jpg 768w, https:\/\/www.cosmepak.com\/wp-content\/uploads\/2025\/12\/121-12x12.jpg 12w, https:\/\/www.cosmepak.com\/wp-content\/uploads\/2025\/12\/121-600x600.jpg 600w, https:\/\/www.cosmepak.com\/wp-content\/uploads\/2025\/12\/121-100x100.jpg 100w\" sizes=\"(max-width: 1000px) 100vw, 1000px\" \/><\/td>\n<td style=\"width: 33.3333%;\"><img loading=\"lazy\" decoding=\"async\" class=\"alignnone size-full wp-image-3708\" src=\"https:\/\/www.cosmepak.com\/wp-content\/uploads\/2025\/12\/\u8be6\u60c5-31.jpg\" alt=\"\" width=\"1000\" height=\"1000\" srcset=\"https:\/\/www.cosmepak.com\/wp-content\/uploads\/2025\/12\/\u8be6\u60c5-31.jpg 1000w, https:\/\/www.cosmepak.com\/wp-content\/uploads\/2025\/12\/\u8be6\u60c5-31-300x300.jpg 300w, https:\/\/www.cosmepak.com\/wp-content\/uploads\/2025\/12\/\u8be6\u60c5-31-150x150.jpg 150w, https:\/\/www.cosmepak.com\/wp-content\/uploads\/2025\/12\/\u8be6\u60c5-31-768x768.jpg 768w, https:\/\/www.cosmepak.com\/wp-content\/uploads\/2025\/12\/\u8be6\u60c5-31-12x12.jpg 12w, https:\/\/www.cosmepak.com\/wp-content\/uploads\/2025\/12\/\u8be6\u60c5-31-600x600.jpg 600w, https:\/\/www.cosmepak.com\/wp-content\/uploads\/2025\/12\/\u8be6\u60c5-31-100x100.jpg 100w\" sizes=\"(max-width: 1000px) 100vw, 1000px\" \/><\/td>\n<\/tr>\n<\/tbody>\n<\/table>\n<table style=\"border-collapse: collapse; width: 100%;\">\n<tbody>\n<tr>\n<td style=\"width: 33.3333%;\"><img loading=\"lazy\" decoding=\"async\" class=\"alignnone size-full wp-image-3709\" src=\"https:\/\/www.cosmepak.com\/wp-content\/uploads\/2025\/12\/\u4e3b\u56fe-71-1.jpg\" alt=\"\" width=\"1000\" height=\"1000\" srcset=\"https:\/\/www.cosmepak.com\/wp-content\/uploads\/2025\/12\/\u4e3b\u56fe-71-1.jpg 1000w, https:\/\/www.cosmepak.com\/wp-content\/uploads\/2025\/12\/\u4e3b\u56fe-71-1-300x300.jpg 300w, https:\/\/www.cosmepak.com\/wp-content\/uploads\/2025\/12\/\u4e3b\u56fe-71-1-150x150.jpg 150w, https:\/\/www.cosmepak.com\/wp-content\/uploads\/2025\/12\/\u4e3b\u56fe-71-1-768x768.jpg 768w, https:\/\/www.cosmepak.com\/wp-content\/uploads\/2025\/12\/\u4e3b\u56fe-71-1-12x12.jpg 12w, https:\/\/www.cosmepak.com\/wp-content\/uploads\/2025\/12\/\u4e3b\u56fe-71-1-600x600.jpg 600w, https:\/\/www.cosmepak.com\/wp-content\/uploads\/2025\/12\/\u4e3b\u56fe-71-1-100x100.jpg 100w\" sizes=\"(max-width: 1000px) 100vw, 1000px\" \/><\/td>\n<td style=\"width: 33.3333%;\"><img loading=\"lazy\" decoding=\"async\" class=\"alignnone size-full wp-image-3710\" src=\"https:\/\/www.cosmepak.com\/wp-content\/uploads\/2025\/12\/\u4e3b\u56fe-81.jpg\" alt=\"\" width=\"1000\" height=\"1000\" srcset=\"https:\/\/www.cosmepak.com\/wp-content\/uploads\/2025\/12\/\u4e3b\u56fe-81.jpg 1000w, https:\/\/www.cosmepak.com\/wp-content\/uploads\/2025\/12\/\u4e3b\u56fe-81-300x300.jpg 300w, https:\/\/www.cosmepak.com\/wp-content\/uploads\/2025\/12\/\u4e3b\u56fe-81-150x150.jpg 150w, https:\/\/www.cosmepak.com\/wp-content\/uploads\/2025\/12\/\u4e3b\u56fe-81-768x768.jpg 768w, https:\/\/www.cosmepak.com\/wp-content\/uploads\/2025\/12\/\u4e3b\u56fe-81-12x12.jpg 12w, https:\/\/www.cosmepak.com\/wp-content\/uploads\/2025\/12\/\u4e3b\u56fe-81-600x600.jpg 600w, https:\/\/www.cosmepak.com\/wp-content\/uploads\/2025\/12\/\u4e3b\u56fe-81-100x100.jpg 100w\" sizes=\"(max-width: 1000px) 100vw, 1000px\" \/><\/td>\n<td style=\"width: 33.3333%;\"><img loading=\"lazy\" decoding=\"async\" class=\"alignnone size-full wp-image-3711\" src=\"https:\/\/www.cosmepak.com\/wp-content\/uploads\/2025\/12\/\u4e3b\u56fe-91-1.jpg\" alt=\"\" width=\"1000\" height=\"1000\" srcset=\"https:\/\/www.cosmepak.com\/wp-content\/uploads\/2025\/12\/\u4e3b\u56fe-91-1.jpg 1000w, https:\/\/www.cosmepak.com\/wp-content\/uploads\/2025\/12\/\u4e3b\u56fe-91-1-300x300.jpg 300w, https:\/\/www.cosmepak.com\/wp-content\/uploads\/2025\/12\/\u4e3b\u56fe-91-1-150x150.jpg 150w, https:\/\/www.cosmepak.com\/wp-content\/uploads\/2025\/12\/\u4e3b\u56fe-91-1-768x768.jpg 768w, https:\/\/www.cosmepak.com\/wp-content\/uploads\/2025\/12\/\u4e3b\u56fe-91-1-12x12.jpg 12w, https:\/\/www.cosmepak.com\/wp-content\/uploads\/2025\/12\/\u4e3b\u56fe-91-1-600x600.jpg 600w, https:\/\/www.cosmepak.com\/wp-content\/uploads\/2025\/12\/\u4e3b\u56fe-91-1-100x100.jpg 100w\" sizes=\"(max-width: 1000px) 100vw, 1000px\" \/><\/td>\n<\/tr>\n<\/tbody>\n<\/table>\n<table style=\"border-collapse: collapse; width: 100%;\">\n<tbody>\n<tr>\n<td style=\"width: 50%;\"><img loading=\"lazy\" decoding=\"async\" class=\"alignnone size-full wp-image-3712\" src=\"https:\/\/www.cosmepak.com\/wp-content\/uploads\/2025\/12\/71-3.jpg\" alt=\"\" width=\"1000\" height=\"1000\" srcset=\"https:\/\/www.cosmepak.com\/wp-content\/uploads\/2025\/12\/71-3.jpg 1000w, https:\/\/www.cosmepak.com\/wp-content\/uploads\/2025\/12\/71-3-300x300.jpg 300w, https:\/\/www.cosmepak.com\/wp-content\/uploads\/2025\/12\/71-3-150x150.jpg 150w, https:\/\/www.cosmepak.com\/wp-content\/uploads\/2025\/12\/71-3-768x768.jpg 768w, https:\/\/www.cosmepak.com\/wp-content\/uploads\/2025\/12\/71-3-12x12.jpg 12w, https:\/\/www.cosmepak.com\/wp-content\/uploads\/2025\/12\/71-3-600x600.jpg 600w, https:\/\/www.cosmepak.com\/wp-content\/uploads\/2025\/12\/71-3-100x100.jpg 100w\" sizes=\"(max-width: 1000px) 100vw, 1000px\" \/><\/td>\n<td style=\"width: 50%;\"><img loading=\"lazy\" decoding=\"async\" class=\"alignnone size-full wp-image-3713\" src=\"https:\/\/www.cosmepak.com\/wp-content\/uploads\/2025\/12\/51-4.jpg\" alt=\"\" width=\"1000\" height=\"1000\" srcset=\"https:\/\/www.cosmepak.com\/wp-content\/uploads\/2025\/12\/51-4.jpg 1000w, https:\/\/www.cosmepak.com\/wp-content\/uploads\/2025\/12\/51-4-300x300.jpg 300w, https:\/\/www.cosmepak.com\/wp-content\/uploads\/2025\/12\/51-4-150x150.jpg 150w, https:\/\/www.cosmepak.com\/wp-content\/uploads\/2025\/12\/51-4-768x768.jpg 768w, https:\/\/www.cosmepak.com\/wp-content\/uploads\/2025\/12\/51-4-12x12.jpg 12w, https:\/\/www.cosmepak.com\/wp-content\/uploads\/2025\/12\/51-4-600x600.jpg 600w, https:\/\/www.cosmepak.com\/wp-content\/uploads\/2025\/12\/51-4-100x100.jpg 100w\" sizes=\"(max-width: 1000px) 100vw, 1000px\" \/><\/td>\n<\/tr>\n<\/tbody>\n<\/table>\n<\/div>","protected":false},"excerpt":{"rendered":"<p>Mat\u00e9riel : ABS\/AS<\/p>\n<p>Capacit\u00e9: 7ml<\/p>\n<p>Couleur: accepter personnalis\u00e9 (toute couleur Pantone disponible)<\/p>\n<p>Finition de surface: impression d'\u00e9cran, estampage chaud, gradient de pulv\u00e9risation, finition mate, etc.<\/p>\n<p>MOQ: 10000pcs<\/p>\n<p>\u00c9chantillon: \u00e9chantillons gratuits disponibles<\/p>\n<p>&nbsp;<\/p>\n<p>&nbsp;<\/p>","protected":false},"featured_media":3714,"comment_status":"closed","ping_status":"closed","template":"","meta":{"_acf_changed":false},"product_brand":[],"product_cat":[44],"product_tag":[40],"class_list":{"0":"post-3691","1":"product","2":"type-product","3":"status-publish","4":"has-post-thumbnail","6":"product_cat-cream-jar","7":"product_tag-essential-oil-bottle","9":"first","10":"instock","11":"shipping-taxable","12":"product-type-simple"},"acf":[],"_links":{"self":[{"href":"https:\/\/www.cosmepak.com\/fr\/wp-json\/wp\/v2\/product\/3691","targetHints":{"allow":["GET"]}}],"collection":[{"href":"https:\/\/www.cosmepak.com\/fr\/wp-json\/wp\/v2\/product"}],"about":[{"href":"https:\/\/www.cosmepak.com\/fr\/wp-json\/wp\/v2\/types\/product"}],"replies":[{"embeddable":true,"href":"https:\/\/www.cosmepak.com\/fr\/wp-json\/wp\/v2\/comments?post=3691"}],"wp:featuredmedia":[{"embeddable":true,"href":"https:\/\/www.cosmepak.com\/fr\/wp-json\/wp\/v2\/media\/3714"}],"wp:attachment":[{"href":"https:\/\/www.cosmepak.com\/fr\/wp-json\/wp\/v2\/media?parent=3691"}],"wp:term":[{"taxonomy":"product_brand","embeddable":true,"href":"https:\/\/www.cosmepak.com\/fr\/wp-json\/wp\/v2\/product_brand?post=3691"},{"taxonomy":"product_cat","embeddable":true,"href":"https:\/\/www.cosmepak.com\/fr\/wp-json\/wp\/v2\/product_cat?post=3691"},{"taxonomy":"product_tag","embeddable":true,"href":"https:\/\/www.cosmepak.com\/fr\/wp-json\/wp\/v2\/product_tag?post=3691"}],"curies":[{"name":"WP","href":"https:\/\/api.w.org\/{rel}","templated":true}]}}