{"id":3743,"date":"2025-12-24T16:26:09","date_gmt":"2025-12-24T08:26:09","guid":{"rendered":"https:\/\/www.cosmepak.com\/?post_type=product&#038;p=3743"},"modified":"2025-12-24T16:26:09","modified_gmt":"2025-12-24T08:26:09","slug":"50ml-100ml-120ml-and-200ml-plastic-cream-jar","status":"publish","type":"product","link":"https:\/\/www.cosmepak.com\/fr\/product\/50ml-100ml-120ml-and-200ml-plastic-cream-jar\/","title":{"rendered":"50ml 100ml 120ml et 200ml pot de cr\u00e8me en plastique"},"content":{"rendered":"<table style=\"border-collapse: collapse; width: 100%; height: 120px;\">\n<tbody>\n<tr style=\"height: 24px;\">\n<td style=\"width: 33.3333%; height: 120px;\" rowspan=\"5\"><img fetchpriority=\"high\" decoding=\"async\" class=\"alignnone size-full wp-image-3744\" src=\"https:\/\/www.cosmepak.com\/wp-content\/uploads\/2025\/12\/81-2.jpg\" alt=\"\" width=\"1000\" height=\"1000\" srcset=\"https:\/\/www.cosmepak.com\/wp-content\/uploads\/2025\/12\/81-2.jpg 1000w, https:\/\/www.cosmepak.com\/wp-content\/uploads\/2025\/12\/81-2-300x300.jpg 300w, https:\/\/www.cosmepak.com\/wp-content\/uploads\/2025\/12\/81-2-150x150.jpg 150w, https:\/\/www.cosmepak.com\/wp-content\/uploads\/2025\/12\/81-2-768x768.jpg 768w, https:\/\/www.cosmepak.com\/wp-content\/uploads\/2025\/12\/81-2-12x12.jpg 12w, https:\/\/www.cosmepak.com\/wp-content\/uploads\/2025\/12\/81-2-600x600.jpg 600w, https:\/\/www.cosmepak.com\/wp-content\/uploads\/2025\/12\/81-2-100x100.jpg 100w\" sizes=\"(max-width: 1000px) 100vw, 1000px\" \/><\/td>\n<td style=\"width: 33.122%; height: 24px; text-align: center;\">Marque<\/td>\n<td style=\"width: 33.5446%; height: 24px; text-align: center;\">Jaunce<\/td>\n<\/tr>\n<tr style=\"height: 24px;\">\n<td style=\"width: 33.122%; height: 24px; text-align: center;\">Mod\u00e8le<\/td>\n<td style=\"width: 33.5446%; height: 24px; text-align: center;\">JH-JY50-200<\/td>\n<\/tr>\n<tr style=\"height: 24px;\">\n<td style=\"width: 33.122%; height: 24px; text-align: center;\">Capcience<\/td>\n<td style=\"width: 33.5446%; height: 24px; text-align: center;\">50ml \/ 100ml \/ 120ml \/ 200ml<\/td>\n<\/tr>\n<tr style=\"height: 24px;\">\n<td style=\"width: 33.122%; height: 24px; text-align: center;\">Couleur<\/td>\n<td style=\"width: 33.5446%; height: 24px; text-align: center;\">personnalis\u00e9<\/td>\n<\/tr>\n<tr style=\"height: 24px;\">\n<td style=\"width: 33.122%; height: 24px; text-align: center;\">Mat\u00e9riel<\/td>\n<td style=\"width: 33.5446%; height: 24px; text-align: center;\">ANIMAL DE COMPAGNIE<\/td>\n<\/tr>\n<\/tbody>\n<\/table>\n<table style=\"border-collapse: collapse; width: 100%; height: 96px;\">\n<tbody>\n<tr style=\"height: 24px;\">\n<td style=\"width: 12.0179%; text-align: center; height: 24px;\"><strong>Capacit\u00e9<\/strong><\/td>\n<td style=\"width: 13.4217%; text-align: center; height: 24px;\"><strong>Hauteur totale<\/strong><\/td>\n<td style=\"width: 13.6377%; text-align: center; height: 24px;\"><strong>Hauteur d'\u00e9paule<\/strong><\/td>\n<td style=\"width: 15.5817%; text-align: center; height: 24px;\"><strong>Cou<\/strong><\/td>\n<td style=\"width: 14.7177%; text-align: center; height: 24px;\"><strong>Diam\u00e8tre inf\u00e9rieur<\/strong><\/td>\n<td style=\"width: 14.2857%; text-align: center; height: 24px;\"><strong>Poids de bouteille<\/strong><\/td>\n<\/tr>\n<tr style=\"height: 24px;\">\n<td style=\"width: 12.0179%; text-align: center; height: 24px;\">50 ml<\/td>\n<td style=\"width: 13.4217%; text-align: center; height: 24px;\">42 mm<\/td>\n<td style=\"width: 13.6377%; text-align: center; height: 24px;\">28 mm<\/td>\n<td style=\"width: 15.5817%; text-align: center; height: 24px;\">47 mm<\/td>\n<td style=\"width: 14.7177%; text-align: center; height: 24px;\">56 mm<\/td>\n<td style=\"width: 14.2857%; text-align: center; height: 24px;\">10g<\/td>\n<\/tr>\n<tr style=\"height: 24px;\">\n<td style=\"width: 12.0179%; text-align: center; height: 24px;\">100 ml<\/td>\n<td style=\"width: 13.4217%; text-align: center; height: 24px;\">54 mm<\/td>\n<td style=\"width: 13.6377%; text-align: center; height: 24px;\">39 mm<\/td>\n<td style=\"width: 15.5817%; text-align: center; height: 24px;\">56 mm<\/td>\n<td style=\"width: 14.7177%; text-align: center; height: 24px;\">68 mm<\/td>\n<td style=\"width: 14.2857%; text-align: center; height: 24px;\">18g<\/td>\n<\/tr>\n<tr style=\"height: 24px;\">\n<td style=\"width: 12.0179%; text-align: center; height: 24px;\">120 ml<\/td>\n<td style=\"width: 13.4217%; text-align: center; height: 24px;\">59 mm<\/td>\n<td style=\"width: 13.6377%; text-align: center; height: 24px;\">44 mm<\/td>\n<td style=\"width: 15.5817%; text-align: center; height: 24px;\">56 mm<\/td>\n<td style=\"width: 14.7177%; text-align: center; height: 24px;\">68 mm<\/td>\n<td style=\"width: 14.2857%; text-align: center; height: 24px;\">18g<\/td>\n<\/tr>\n<tr>\n<td style=\"width: 12.0179%; text-align: center;\">150 ml<\/td>\n<td style=\"width: 13.4217%; text-align: center;\">52 mm<\/td>\n<td style=\"width: 13.6377%; text-align: center;\">37 mm<\/td>\n<td style=\"width: 15.5817%; text-align: center;\">68 mm<\/td>\n<td style=\"width: 14.7177%; text-align: center;\">82 mm<\/td>\n<td style=\"width: 14.2857%; text-align: center;\">25 g<\/td>\n<\/tr>\n<tr>\n<td style=\"width: 12.0179%; text-align: center;\">200 ml<\/td>\n<td style=\"width: 13.4217%; text-align: center;\">62 mm<\/td>\n<td style=\"width: 13.6377%; text-align: center;\">47 mm<\/td>\n<td style=\"width: 15.5817%; text-align: center;\">68 mm<\/td>\n<td style=\"width: 14.7177%; text-align: center;\">82 mm<\/td>\n<td style=\"width: 14.2857%; text-align: center;\">25 g<\/td>\n<\/tr>\n<\/tbody>\n<\/table>\n<p>Ce pot en plastique PET sans danger pour les cosm\u00e9tiques (conforme aux normes mondiales d'emballage) convient aux soins de la peau, aux soins du corps et aux petits produits consommables, \u00e9liminant ainsi les risques de contamination du produit et r\u00e9pondant aux exigences r\u00e9glementaires pour le commerce au d\u00e9tail.<\/p>\n<p>La conception de l'\u00e9paule inclin\u00e9e donne \u00e0 la bouteille des lignes \u00e9l\u00e9gantes et rationnelles, tandis que son ouverture large de la bouche facilite le remplissage et la distribution sans effort. Con\u00e7ue avec une coloration moul\u00e9e par injection, cette bouteille offre deux options de finition - brillante ou mate - et est disponible en variantes solides ou transparentes pour s'aligner avec votre produit. caract\u00e9ristiques uniques. Pour une touche personnalis\u00e9e, vous pouvez opter pour un look coh\u00e9rent avec un bouchon et un corps de bouteille de la m\u00eame couleur, ou faire une d\u00e9claration audacieuse avec un sch\u00e9ma de blocage des couleurs pour am\u00e9liorer la vibrance visuelle.<\/p>\n<p>L'apparence simple et \u00e9l\u00e9gante offre une plateforme d'affichage id\u00e9ale pour les \u00e9tiquettes personnalis\u00e9es, l'impression de logos de marque ou l'assortiment de couleurs (adapt\u00e9 aux styles de marque luxueux, minimalistes ou de niche).<\/p>\n<p>Bouchon \u00e0 vis avec disque: Pr\u00e9venir les d\u00e9versements de produits pendant l'exp\u00e9dition, r\u00e9duisant les retours et les d\u00e9chets.<\/p>\n<p>Capacit\u00e9 diff\u00e9rente: il a une capacit\u00e9 de 50ml\/100ml\/120ml\/150ml et 200ml pour que vous choisissiez. Diff\u00e9rentes sp\u00e9cifications de capacit\u00e9 peuvent r\u00e9pondre aux besoins de diff\u00e9rents produits. Ici, il y a toujours une capacit\u00e9 qui vous convient.<\/p>\n<table style=\"border-collapse: collapse; width: 100%;\">\n<tbody>\n<tr>\n<td style=\"width: 33.3333%;\"><img decoding=\"async\" class=\"alignnone size-full wp-image-3745\" src=\"https:\/\/www.cosmepak.com\/wp-content\/uploads\/2025\/12\/91.jpg\" alt=\"\" width=\"1000\" height=\"1000\" srcset=\"https:\/\/www.cosmepak.com\/wp-content\/uploads\/2025\/12\/91.jpg 1000w, https:\/\/www.cosmepak.com\/wp-content\/uploads\/2025\/12\/91-300x300.jpg 300w, https:\/\/www.cosmepak.com\/wp-content\/uploads\/2025\/12\/91-150x150.jpg 150w, https:\/\/www.cosmepak.com\/wp-content\/uploads\/2025\/12\/91-768x768.jpg 768w, https:\/\/www.cosmepak.com\/wp-content\/uploads\/2025\/12\/91-12x12.jpg 12w, https:\/\/www.cosmepak.com\/wp-content\/uploads\/2025\/12\/91-600x600.jpg 600w, https:\/\/www.cosmepak.com\/wp-content\/uploads\/2025\/12\/91-100x100.jpg 100w\" sizes=\"(max-width: 1000px) 100vw, 1000px\" \/><\/td>\n<td style=\"width: 33.3333%;\"><img decoding=\"async\" class=\"alignnone size-full wp-image-3746\" src=\"https:\/\/www.cosmepak.com\/wp-content\/uploads\/2025\/12\/101.jpg\" alt=\"\" width=\"1000\" height=\"1000\" srcset=\"https:\/\/www.cosmepak.com\/wp-content\/uploads\/2025\/12\/101.jpg 1000w, https:\/\/www.cosmepak.com\/wp-content\/uploads\/2025\/12\/101-300x300.jpg 300w, https:\/\/www.cosmepak.com\/wp-content\/uploads\/2025\/12\/101-150x150.jpg 150w, https:\/\/www.cosmepak.com\/wp-content\/uploads\/2025\/12\/101-768x768.jpg 768w, https:\/\/www.cosmepak.com\/wp-content\/uploads\/2025\/12\/101-12x12.jpg 12w, https:\/\/www.cosmepak.com\/wp-content\/uploads\/2025\/12\/101-600x600.jpg 600w, https:\/\/www.cosmepak.com\/wp-content\/uploads\/2025\/12\/101-100x100.jpg 100w\" sizes=\"(max-width: 1000px) 100vw, 1000px\" \/><\/td>\n<td style=\"width: 33.3333%;\"><img loading=\"lazy\" decoding=\"async\" class=\"alignnone size-full wp-image-3747\" src=\"https:\/\/www.cosmepak.com\/wp-content\/uploads\/2025\/12\/111-2.jpg\" alt=\"\" width=\"1000\" height=\"1000\" srcset=\"https:\/\/www.cosmepak.com\/wp-content\/uploads\/2025\/12\/111-2.jpg 1000w, https:\/\/www.cosmepak.com\/wp-content\/uploads\/2025\/12\/111-2-300x300.jpg 300w, https:\/\/www.cosmepak.com\/wp-content\/uploads\/2025\/12\/111-2-150x150.jpg 150w, https:\/\/www.cosmepak.com\/wp-content\/uploads\/2025\/12\/111-2-768x768.jpg 768w, https:\/\/www.cosmepak.com\/wp-content\/uploads\/2025\/12\/111-2-12x12.jpg 12w, https:\/\/www.cosmepak.com\/wp-content\/uploads\/2025\/12\/111-2-600x600.jpg 600w, https:\/\/www.cosmepak.com\/wp-content\/uploads\/2025\/12\/111-2-100x100.jpg 100w\" sizes=\"(max-width: 1000px) 100vw, 1000px\" \/><\/td>\n<\/tr>\n<\/tbody>\n<\/table>\n<table style=\"border-collapse: collapse; width: 100%;\">\n<tbody>\n<tr>\n<td style=\"width: 50%;\"><img loading=\"lazy\" decoding=\"async\" class=\"alignnone size-full wp-image-3748\" src=\"https:\/\/www.cosmepak.com\/wp-content\/uploads\/2025\/12\/121-1.jpg\" alt=\"\" width=\"1000\" height=\"1000\" srcset=\"https:\/\/www.cosmepak.com\/wp-content\/uploads\/2025\/12\/121-1.jpg 1000w, https:\/\/www.cosmepak.com\/wp-content\/uploads\/2025\/12\/121-1-300x300.jpg 300w, https:\/\/www.cosmepak.com\/wp-content\/uploads\/2025\/12\/121-1-150x150.jpg 150w, https:\/\/www.cosmepak.com\/wp-content\/uploads\/2025\/12\/121-1-768x768.jpg 768w, https:\/\/www.cosmepak.com\/wp-content\/uploads\/2025\/12\/121-1-12x12.jpg 12w, https:\/\/www.cosmepak.com\/wp-content\/uploads\/2025\/12\/121-1-600x600.jpg 600w, https:\/\/www.cosmepak.com\/wp-content\/uploads\/2025\/12\/121-1-100x100.jpg 100w\" sizes=\"(max-width: 1000px) 100vw, 1000px\" \/><\/td>\n<td style=\"width: 50%;\"><img loading=\"lazy\" decoding=\"async\" class=\"alignnone size-full wp-image-3749\" src=\"https:\/\/www.cosmepak.com\/wp-content\/uploads\/2025\/12\/131.jpg\" alt=\"\" width=\"1000\" height=\"1000\" srcset=\"https:\/\/www.cosmepak.com\/wp-content\/uploads\/2025\/12\/131.jpg 1000w, https:\/\/www.cosmepak.com\/wp-content\/uploads\/2025\/12\/131-300x300.jpg 300w, https:\/\/www.cosmepak.com\/wp-content\/uploads\/2025\/12\/131-150x150.jpg 150w, https:\/\/www.cosmepak.com\/wp-content\/uploads\/2025\/12\/131-768x768.jpg 768w, https:\/\/www.cosmepak.com\/wp-content\/uploads\/2025\/12\/131-12x12.jpg 12w, https:\/\/www.cosmepak.com\/wp-content\/uploads\/2025\/12\/131-600x600.jpg 600w, https:\/\/www.cosmepak.com\/wp-content\/uploads\/2025\/12\/131-100x100.jpg 100w\" sizes=\"(max-width: 1000px) 100vw, 1000px\" \/><\/td>\n<\/tr>\n<\/tbody>\n<\/table>\n<table style=\"border-collapse: collapse; width: 100%;\">\n<tbody>\n<tr>\n<td style=\"width: 50%;\"><img loading=\"lazy\" decoding=\"async\" class=\"alignnone size-full wp-image-3750\" src=\"https:\/\/www.cosmepak.com\/wp-content\/uploads\/2025\/12\/21-7.jpg\" alt=\"\" width=\"1000\" height=\"1000\" srcset=\"https:\/\/www.cosmepak.com\/wp-content\/uploads\/2025\/12\/21-7.jpg 1000w, https:\/\/www.cosmepak.com\/wp-content\/uploads\/2025\/12\/21-7-300x300.jpg 300w, https:\/\/www.cosmepak.com\/wp-content\/uploads\/2025\/12\/21-7-150x150.jpg 150w, https:\/\/www.cosmepak.com\/wp-content\/uploads\/2025\/12\/21-7-768x768.jpg 768w, https:\/\/www.cosmepak.com\/wp-content\/uploads\/2025\/12\/21-7-12x12.jpg 12w, https:\/\/www.cosmepak.com\/wp-content\/uploads\/2025\/12\/21-7-600x600.jpg 600w, https:\/\/www.cosmepak.com\/wp-content\/uploads\/2025\/12\/21-7-100x100.jpg 100w\" sizes=\"(max-width: 1000px) 100vw, 1000px\" \/><\/td>\n<td style=\"width: 50%;\"><img loading=\"lazy\" decoding=\"async\" class=\"alignnone size-full wp-image-3751\" src=\"https:\/\/www.cosmepak.com\/wp-content\/uploads\/2025\/12\/41-4.jpg\" alt=\"\" width=\"1000\" height=\"1000\" srcset=\"https:\/\/www.cosmepak.com\/wp-content\/uploads\/2025\/12\/41-4.jpg 1000w, https:\/\/www.cosmepak.com\/wp-content\/uploads\/2025\/12\/41-4-300x300.jpg 300w, https:\/\/www.cosmepak.com\/wp-content\/uploads\/2025\/12\/41-4-150x150.jpg 150w, https:\/\/www.cosmepak.com\/wp-content\/uploads\/2025\/12\/41-4-768x768.jpg 768w, https:\/\/www.cosmepak.com\/wp-content\/uploads\/2025\/12\/41-4-12x12.jpg 12w, https:\/\/www.cosmepak.com\/wp-content\/uploads\/2025\/12\/41-4-600x600.jpg 600w, https:\/\/www.cosmepak.com\/wp-content\/uploads\/2025\/12\/41-4-100x100.jpg 100w\" sizes=\"(max-width: 1000px) 100vw, 1000px\" \/><\/td>\n<\/tr>\n<\/tbody>\n<\/table>","protected":false},"excerpt":{"rendered":"<p>Mat\u00e9riau de la bouteille : AS<\/p>\n<p>Mat\u00e9riau du capuchon : ABS<\/p>\n<p>Capacit\u00e9: 30 ml<\/p>\n<p>Capuchon : Capuchon \u00e0 vis<\/p>\n<p>Couleur: personnalis\u00e9e (n'importe quelle couleur Pantone Avaliable)<\/p>\n<p>Finition de surface: impression d'\u00e9cran, gla\u00e7age, estampage chaud, gradient de pulv\u00e9risation, finition mate, etc.<\/p>\n<p>MOQ: 5000pcs;<\/p>\n<p>&nbsp;<\/p>","protected":false},"featured_media":3752,"comment_status":"closed","ping_status":"closed","template":"","meta":{"_acf_changed":false},"product_brand":[],"product_cat":[52,18],"product_tag":[41],"class_list":{"0":"post-3743","1":"product","2":"type-product","3":"status-publish","4":"has-post-thumbnail","6":"product_cat-cream-jar-plastic-bottle","7":"product_cat-plastic-bottle","8":"product_tag-plastic-bottle","10":"first","11":"instock","12":"shipping-taxable","13":"product-type-simple"},"acf":[],"_links":{"self":[{"href":"https:\/\/www.cosmepak.com\/fr\/wp-json\/wp\/v2\/product\/3743","targetHints":{"allow":["GET"]}}],"collection":[{"href":"https:\/\/www.cosmepak.com\/fr\/wp-json\/wp\/v2\/product"}],"about":[{"href":"https:\/\/www.cosmepak.com\/fr\/wp-json\/wp\/v2\/types\/product"}],"replies":[{"embeddable":true,"href":"https:\/\/www.cosmepak.com\/fr\/wp-json\/wp\/v2\/comments?post=3743"}],"wp:featuredmedia":[{"embeddable":true,"href":"https:\/\/www.cosmepak.com\/fr\/wp-json\/wp\/v2\/media\/3752"}],"wp:attachment":[{"href":"https:\/\/www.cosmepak.com\/fr\/wp-json\/wp\/v2\/media?parent=3743"}],"wp:term":[{"taxonomy":"product_brand","embeddable":true,"href":"https:\/\/www.cosmepak.com\/fr\/wp-json\/wp\/v2\/product_brand?post=3743"},{"taxonomy":"product_cat","embeddable":true,"href":"https:\/\/www.cosmepak.com\/fr\/wp-json\/wp\/v2\/product_cat?post=3743"},{"taxonomy":"product_tag","embeddable":true,"href":"https:\/\/www.cosmepak.com\/fr\/wp-json\/wp\/v2\/product_tag?post=3743"}],"curies":[{"name":"WP","href":"https:\/\/api.w.org\/{rel}","templated":true}]}}