{"id":3757,"date":"2025-12-25T16:45:01","date_gmt":"2025-12-25T08:45:01","guid":{"rendered":"https:\/\/www.cosmepak.com\/?post_type=product&#038;p=3757"},"modified":"2025-12-26T09:08:39","modified_gmt":"2025-12-26T01:08:39","slug":"luxurious-black-and-gold-classic-combination-with-lipstick-tube","status":"publish","type":"product","link":"https:\/\/www.cosmepak.com\/fr\/product\/luxurious-black-and-gold-classic-combination-with-lipstick-tube\/","title":{"rendered":"Combination classique de luxe noir et or avec tube de rouge \u00e0 l\u00e8vres"},"content":{"rendered":"<table style=\"border-collapse: collapse; width: 100%; height: 264px;\">\n<tbody>\n<tr style=\"height: 24px;\">\n<td style=\"width: 49.3342%; height: 24px; text-align: center;\">Marque<\/td>\n<td style=\"width: 50.6658%; height: 24px; text-align: center;\">\u00a0Jaunce<\/td>\n<\/tr>\n<tr style=\"height: 24px;\">\n<td style=\"width: 49.3342%; height: 24px; text-align: center;\">Capacit\u00e9<\/td>\n<td style=\"width: 50.6658%; height: 24px; text-align: center;\">3.5g<\/td>\n<\/tr>\n<tr style=\"height: 24px;\">\n<td style=\"width: 49.3342%; height: 24px; text-align: center;\">Forme<\/td>\n<td style=\"width: 50.6658%; height: 24px; text-align: center;\">Carr\u00e9<\/td>\n<\/tr>\n<tr style=\"height: 24px;\">\n<td style=\"width: 49.3342%; height: 24px; text-align: center;\">Taille<\/td>\n<td style=\"width: 50.6658%; height: 24px; text-align: center;\">73,2 * 23mm<\/td>\n<\/tr>\n<tr style=\"height: 24px;\">\n<td style=\"width: 49.3342%; text-align: center; height: 24px;\">Diam\u00e8tre int\u00e9rieur<\/td>\n<td style=\"width: 50.6658%; text-align: center; height: 24px;\">12.1mm<\/td>\n<\/tr>\n<tr style=\"height: 24px;\">\n<td style=\"width: 49.3342%; height: 24px; text-align: center;\">Poids<\/td>\n<td style=\"width: 50.6658%; height: 24px; text-align: center;\">19 g<\/td>\n<\/tr>\n<tr style=\"height: 24px;\">\n<td style=\"width: 49.3342%; height: 24px; text-align: center;\">Mod\u00e8le<\/td>\n<td style=\"width: 50.6658%; height: 24px; text-align: center;\">JH-JZ-3278#<\/td>\n<\/tr>\n<tr style=\"height: 24px;\">\n<td style=\"width: 49.3342%; height: 24px; text-align: center;\">OEM \/ ODM<\/td>\n<td style=\"width: 50.6658%; height: 24px; text-align: center;\">Accepter<\/td>\n<\/tr>\n<tr style=\"height: 24px;\">\n<td style=\"width: 49.3342%; height: 24px; text-align: center;\">Couleur<\/td>\n<td style=\"width: 50.6658%; height: 24px; text-align: center;\">Personnalis\u00e9<\/td>\n<\/tr>\n<tr style=\"height: 24px;\">\n<td style=\"width: 49.3342%; height: 24px; text-align: center;\">MOQ<\/td>\n<td style=\"width: 50.6658%; height: 24px; text-align: center;\">10000pcs<\/td>\n<\/tr>\n<\/tbody>\n<\/table>\n<p>Quand &#8220; Classicisme&#8221; et &#8220; texture&#8221; collider parfaitement, ce tube de rouge \u00e0 l\u00e8vres noir et dor\u00e9 est tenu de devenir le choix convoit\u00e9 parmi les emballages de maquillage.<\/p>\n<p>La combinaison de noir et d'or est une formule esth\u00e9tique \u00e9ternelle &#8211; le corps de tube noir mat est restreint et bas-cl\u00e9, comme le velours dans la nuit;<\/p>\n<p>Le contraste entre les couleurs fonc\u00e9es et vives cr\u00e9e un impact visuel qui fait que tout le tube de rouge \u00e0 l\u00e8vres semble &#8220; \u00e9l\u00e9gant lorsqu'il est tenu en main&#8221; Il devient une pr\u00e9sence frappante que ce soit sur la table de maquillage ou dans un sac \u00e0 main.<\/p>\n<p>Le corps du tube est en mat\u00e9riau ABS\/AS, qui offre non seulement une sensation tactile comparable \u00e0 celle des mat\u00e9riaux haut de gamme, mais se sent \u00e9galement lisse au toucher et ne laisse pas d'empreintes digitales.<\/p>\n<p>Que ce soit&#8217; s la couleur d'injection brillante \/ mate avec un lustre doux, ou la couleur or ou argent galvanis\u00e9 avec un ton froid m\u00e9tallique, ils peuvent tous \u00eatre assortis de diff\u00e9rents styles de maquillage, cr\u00e9ant sans effort un &#8220; texture unique&#8221;.<\/p>\n<p>La sensation lisse et amortissante lors de l'extrusion de la p\u00e2te n'est pas obstru\u00e9e ou l\u00e2che. Chaque utilisation offre un &#8220; confortable et pratique&#8221; exp\u00e9rience.<\/p>\n<p>De l'appariement des couleurs au mat\u00e9riau, du design \u00e0 la sensation d'utilisation, ce tube de rouge \u00e0 l\u00e8vres int\u00e8gre &#8220; \u00e9l\u00e9gance&#8221; dans tous les d\u00e9tails &#8211; ce n'est pas seulement un conteneur pour le maquillage, mais aussi un &#8220; accessoire cach\u00e9&#8221; qui peut am\u00e9liorer l'aspect rituel du maquillage.<\/p>\n<table style=\"border-collapse: collapse; width: 100%;\">\n<tbody>\n<tr>\n<td style=\"width: 33.3333%;\"><img fetchpriority=\"high\" decoding=\"async\" class=\"alignnone size-full wp-image-3765\" src=\"https:\/\/www.cosmepak.com\/wp-content\/uploads\/2025\/12\/8739643310_1144619481-1.jpg\" alt=\"\" width=\"1000\" height=\"1000\" srcset=\"https:\/\/www.cosmepak.com\/wp-content\/uploads\/2025\/12\/8739643310_1144619481-1.jpg 1000w, https:\/\/www.cosmepak.com\/wp-content\/uploads\/2025\/12\/8739643310_1144619481-1-300x300.jpg 300w, https:\/\/www.cosmepak.com\/wp-content\/uploads\/2025\/12\/8739643310_1144619481-1-150x150.jpg 150w, https:\/\/www.cosmepak.com\/wp-content\/uploads\/2025\/12\/8739643310_1144619481-1-768x768.jpg 768w, https:\/\/www.cosmepak.com\/wp-content\/uploads\/2025\/12\/8739643310_1144619481-1-12x12.jpg 12w, https:\/\/www.cosmepak.com\/wp-content\/uploads\/2025\/12\/8739643310_1144619481-1-600x600.jpg 600w, https:\/\/www.cosmepak.com\/wp-content\/uploads\/2025\/12\/8739643310_1144619481-1-100x100.jpg 100w\" sizes=\"(max-width: 1000px) 100vw, 1000px\" \/><\/td>\n<td style=\"width: 33.3333%;\"><img decoding=\"async\" class=\"alignnone size-full wp-image-3766\" src=\"https:\/\/www.cosmepak.com\/wp-content\/uploads\/2025\/12\/8755160711_1144619481-1.jpg\" alt=\"\" width=\"1000\" height=\"1000\" srcset=\"https:\/\/www.cosmepak.com\/wp-content\/uploads\/2025\/12\/8755160711_1144619481-1.jpg 1000w, https:\/\/www.cosmepak.com\/wp-content\/uploads\/2025\/12\/8755160711_1144619481-1-300x300.jpg 300w, https:\/\/www.cosmepak.com\/wp-content\/uploads\/2025\/12\/8755160711_1144619481-1-150x150.jpg 150w, https:\/\/www.cosmepak.com\/wp-content\/uploads\/2025\/12\/8755160711_1144619481-1-768x768.jpg 768w, https:\/\/www.cosmepak.com\/wp-content\/uploads\/2025\/12\/8755160711_1144619481-1-12x12.jpg 12w, https:\/\/www.cosmepak.com\/wp-content\/uploads\/2025\/12\/8755160711_1144619481-1-600x600.jpg 600w, https:\/\/www.cosmepak.com\/wp-content\/uploads\/2025\/12\/8755160711_1144619481-1-100x100.jpg 100w\" sizes=\"(max-width: 1000px) 100vw, 1000px\" \/><\/td>\n<td style=\"width: 33.3333%;\"><img decoding=\"async\" class=\"alignnone size-full wp-image-3767\" src=\"https:\/\/www.cosmepak.com\/wp-content\/uploads\/2025\/12\/9560222843_1144619481-1.jpg\" alt=\"\" width=\"1000\" height=\"1000\" srcset=\"https:\/\/www.cosmepak.com\/wp-content\/uploads\/2025\/12\/9560222843_1144619481-1.jpg 1000w, https:\/\/www.cosmepak.com\/wp-content\/uploads\/2025\/12\/9560222843_1144619481-1-300x300.jpg 300w, https:\/\/www.cosmepak.com\/wp-content\/uploads\/2025\/12\/9560222843_1144619481-1-150x150.jpg 150w, https:\/\/www.cosmepak.com\/wp-content\/uploads\/2025\/12\/9560222843_1144619481-1-768x768.jpg 768w, https:\/\/www.cosmepak.com\/wp-content\/uploads\/2025\/12\/9560222843_1144619481-1-12x12.jpg 12w, https:\/\/www.cosmepak.com\/wp-content\/uploads\/2025\/12\/9560222843_1144619481-1-600x600.jpg 600w, https:\/\/www.cosmepak.com\/wp-content\/uploads\/2025\/12\/9560222843_1144619481-1-100x100.jpg 100w\" sizes=\"(max-width: 1000px) 100vw, 1000px\" \/><\/td>\n<\/tr>\n<\/tbody>\n<\/table>\n<table style=\"border-collapse: collapse; width: 100%;\">\n<tbody>\n<tr>\n<td style=\"width: 50%;\"><img loading=\"lazy\" decoding=\"async\" class=\"alignnone size-full wp-image-3761\" src=\"https:\/\/www.cosmepak.com\/wp-content\/uploads\/2025\/12\/8755160711_1144619481.jpg\" alt=\"\" width=\"1000\" height=\"1000\" srcset=\"https:\/\/www.cosmepak.com\/wp-content\/uploads\/2025\/12\/8755160711_1144619481.jpg 1000w, https:\/\/www.cosmepak.com\/wp-content\/uploads\/2025\/12\/8755160711_1144619481-300x300.jpg 300w, https:\/\/www.cosmepak.com\/wp-content\/uploads\/2025\/12\/8755160711_1144619481-150x150.jpg 150w, https:\/\/www.cosmepak.com\/wp-content\/uploads\/2025\/12\/8755160711_1144619481-768x768.jpg 768w, https:\/\/www.cosmepak.com\/wp-content\/uploads\/2025\/12\/8755160711_1144619481-12x12.jpg 12w, https:\/\/www.cosmepak.com\/wp-content\/uploads\/2025\/12\/8755160711_1144619481-600x600.jpg 600w, https:\/\/www.cosmepak.com\/wp-content\/uploads\/2025\/12\/8755160711_1144619481-100x100.jpg 100w\" sizes=\"(max-width: 1000px) 100vw, 1000px\" \/><\/td>\n<td style=\"width: 50%;\"><img loading=\"lazy\" decoding=\"async\" class=\"alignnone size-full wp-image-3770\" src=\"https:\/\/www.cosmepak.com\/wp-content\/uploads\/2025\/12\/\u6839\u636e\u56fe\u7247\u5199\u53e3\u7ea2\u63cf\u8ff01.jpg\" alt=\"\" width=\"1000\" height=\"1000\" srcset=\"https:\/\/www.cosmepak.com\/wp-content\/uploads\/2025\/12\/\u6839\u636e\u56fe\u7247\u5199\u53e3\u7ea2\u63cf\u8ff01.jpg 1000w, https:\/\/www.cosmepak.com\/wp-content\/uploads\/2025\/12\/\u6839\u636e\u56fe\u7247\u5199\u53e3\u7ea2\u63cf\u8ff01-300x300.jpg 300w, https:\/\/www.cosmepak.com\/wp-content\/uploads\/2025\/12\/\u6839\u636e\u56fe\u7247\u5199\u53e3\u7ea2\u63cf\u8ff01-150x150.jpg 150w, https:\/\/www.cosmepak.com\/wp-content\/uploads\/2025\/12\/\u6839\u636e\u56fe\u7247\u5199\u53e3\u7ea2\u63cf\u8ff01-768x768.jpg 768w, https:\/\/www.cosmepak.com\/wp-content\/uploads\/2025\/12\/\u6839\u636e\u56fe\u7247\u5199\u53e3\u7ea2\u63cf\u8ff01-12x12.jpg 12w, https:\/\/www.cosmepak.com\/wp-content\/uploads\/2025\/12\/\u6839\u636e\u56fe\u7247\u5199\u53e3\u7ea2\u63cf\u8ff01-600x600.jpg 600w, https:\/\/www.cosmepak.com\/wp-content\/uploads\/2025\/12\/\u6839\u636e\u56fe\u7247\u5199\u53e3\u7ea2\u63cf\u8ff01-100x100.jpg 100w\" sizes=\"(max-width: 1000px) 100vw, 1000px\" \/><\/td>\n<\/tr>\n<\/tbody>\n<\/table>","protected":false},"excerpt":{"rendered":"<p>Mat\u00e9riel: Abs<\/p>\n<p>Capacity: 3.5g<\/p>\n<p>Taille: 67,5 * 22 mm<\/p>\n<p>Couleur: accepter personnalis\u00e9 (toute couleur Pantone disponible)<\/p>\n<p>Finition de surface: impression d'\u00e9cran, estampage chaud, finition mate, etc.<\/p>\n<p>MOQ: 10000pcs<\/p>\n<p>\u00c9chantillon: \u00e9chantillons gratuits disponibles<\/p>\n<p>&nbsp;<\/p>\n<p>&nbsp;<\/p>","protected":false},"featured_media":3759,"comment_status":"closed","ping_status":"closed","template":"","meta":{"_acf_changed":false},"product_brand":[],"product_cat":[53,36],"product_tag":[39],"class_list":{"0":"post-3757","1":"product","2":"type-product","3":"status-publish","4":"has-post-thumbnail","6":"product_cat-lipstick-tube","7":"product_cat-makeup","8":"product_tag-makeup","10":"first","11":"instock","12":"shipping-taxable","13":"product-type-simple"},"acf":[],"_links":{"self":[{"href":"https:\/\/www.cosmepak.com\/fr\/wp-json\/wp\/v2\/product\/3757","targetHints":{"allow":["GET"]}}],"collection":[{"href":"https:\/\/www.cosmepak.com\/fr\/wp-json\/wp\/v2\/product"}],"about":[{"href":"https:\/\/www.cosmepak.com\/fr\/wp-json\/wp\/v2\/types\/product"}],"replies":[{"embeddable":true,"href":"https:\/\/www.cosmepak.com\/fr\/wp-json\/wp\/v2\/comments?post=3757"}],"wp:featuredmedia":[{"embeddable":true,"href":"https:\/\/www.cosmepak.com\/fr\/wp-json\/wp\/v2\/media\/3759"}],"wp:attachment":[{"href":"https:\/\/www.cosmepak.com\/fr\/wp-json\/wp\/v2\/media?parent=3757"}],"wp:term":[{"taxonomy":"product_brand","embeddable":true,"href":"https:\/\/www.cosmepak.com\/fr\/wp-json\/wp\/v2\/product_brand?post=3757"},{"taxonomy":"product_cat","embeddable":true,"href":"https:\/\/www.cosmepak.com\/fr\/wp-json\/wp\/v2\/product_cat?post=3757"},{"taxonomy":"product_tag","embeddable":true,"href":"https:\/\/www.cosmepak.com\/fr\/wp-json\/wp\/v2\/product_tag?post=3757"}],"curies":[{"name":"WP","href":"https:\/\/api.w.org\/{rel}","templated":true}]}}