{"id":136,"date":"2024-12-31T10:51:24","date_gmt":"2024-12-31T02:51:24","guid":{"rendered":"http:\/\/www.cosmepak.com\/?post_type=product&#038;p=136"},"modified":"2025-09-29T13:13:11","modified_gmt":"2025-09-29T05:13:11","slug":"cream-jar","status":"publish","type":"product","link":"https:\/\/www.cosmepak.com\/nl\/product\/cream-jar\/","title":{"rendered":"Cr\u00e8mekleurige pot"},"content":{"rendered":"<table style=\"border-collapse: collapse; width: 100%; height: 96px;\">\n<tbody>\n<tr style=\"height: 24px;\">\n<td style=\"width: 17.689%; text-align: center; height: 24px;\" rowspan=\"4\"><img fetchpriority=\"high\" decoding=\"async\" class=\"alignnone size-full wp-image-3009\" src=\"https:\/\/www.cosmepak.com\/wp-content\/uploads\/2024\/12\/\u4e3b\u56fe-7.jpg\" alt=\"\" width=\"1000\" height=\"1000\" srcset=\"https:\/\/www.cosmepak.com\/wp-content\/uploads\/2024\/12\/\u4e3b\u56fe-7.jpg 1000w, https:\/\/www.cosmepak.com\/wp-content\/uploads\/2024\/12\/\u4e3b\u56fe-7-300x300.jpg 300w, https:\/\/www.cosmepak.com\/wp-content\/uploads\/2024\/12\/\u4e3b\u56fe-7-150x150.jpg 150w, https:\/\/www.cosmepak.com\/wp-content\/uploads\/2024\/12\/\u4e3b\u56fe-7-768x768.jpg 768w, https:\/\/www.cosmepak.com\/wp-content\/uploads\/2024\/12\/\u4e3b\u56fe-7-12x12.jpg 12w, https:\/\/www.cosmepak.com\/wp-content\/uploads\/2024\/12\/\u4e3b\u56fe-7-600x600.jpg 600w, https:\/\/www.cosmepak.com\/wp-content\/uploads\/2024\/12\/\u4e3b\u56fe-7-100x100.jpg 100w\" sizes=\"(max-width: 1000px) 100vw, 1000px\" \/><strong><br \/>\n<\/strong><\/td>\n<td style=\"width: 20.5801%; text-align: center; height: 24px;\"><strong>Capaciteit<\/strong><\/td>\n<td style=\"width: 18.8473%; text-align: center; height: 24px;\"><strong>Diameter<\/strong><\/td>\n<td style=\"width: 22.8502%; text-align: center; height: 24px;\"><strong>Nekmaat<\/strong><\/td>\n<td style=\"width: 20.0334%; text-align: center; height: 24px;\"><strong>Fleshoogte<\/strong><\/td>\n<\/tr>\n<tr style=\"height: 24px;\">\n<td style=\"width: 20.5801%; text-align: center; height: 24px;\">80 ml<\/td>\n<td style=\"width: 18.8473%; text-align: center; height: 24px;\">60 mm<\/td>\n<td style=\"width: 22.8502%; text-align: center; height: 24px;\">56 mm<\/td>\n<td style=\"width: 20.0334%; text-align: center; height: 24px;\">46 mm<\/td>\n<\/tr>\n<tr style=\"height: 24px;\">\n<td style=\"width: 20.5801%; text-align: center; height: 24px;\">100 ml<\/td>\n<td style=\"width: 18.8473%; text-align: center; height: 24px;\">60 mm<\/td>\n<td style=\"width: 22.8502%; text-align: center; height: 24px;\">56 mm<\/td>\n<td style=\"width: 20.0334%; text-align: center; height: 24px;\">57.6mm<\/td>\n<\/tr>\n<tr style=\"height: 24px;\">\n<td style=\"width: 20.5801%; text-align: center; height: 24px;\">120 ml<\/td>\n<td style=\"width: 18.8473%; text-align: center; height: 24px;\">60 mm<\/td>\n<td style=\"width: 22.8502%; text-align: center; height: 24px;\">56 mm<\/td>\n<td style=\"width: 20.0334%; text-align: center; height: 24px;\">68 mm<\/td>\n<\/tr>\n<\/tbody>\n<\/table>\n<p><img decoding=\"async\" class=\"size-full wp-image-3010 aligncenter\" src=\"https:\/\/www.cosmepak.com\/wp-content\/uploads\/2024\/12\/\u8be6\u60c5-5.jpg\" alt=\"\" width=\"1000\" height=\"1000\" srcset=\"https:\/\/www.cosmepak.com\/wp-content\/uploads\/2024\/12\/\u8be6\u60c5-5.jpg 1000w, https:\/\/www.cosmepak.com\/wp-content\/uploads\/2024\/12\/\u8be6\u60c5-5-300x300.jpg 300w, https:\/\/www.cosmepak.com\/wp-content\/uploads\/2024\/12\/\u8be6\u60c5-5-150x150.jpg 150w, https:\/\/www.cosmepak.com\/wp-content\/uploads\/2024\/12\/\u8be6\u60c5-5-768x768.jpg 768w, https:\/\/www.cosmepak.com\/wp-content\/uploads\/2024\/12\/\u8be6\u60c5-5-12x12.jpg 12w, https:\/\/www.cosmepak.com\/wp-content\/uploads\/2024\/12\/\u8be6\u60c5-5-600x600.jpg 600w, https:\/\/www.cosmepak.com\/wp-content\/uploads\/2024\/12\/\u8be6\u60c5-5-100x100.jpg 100w\" sizes=\"(max-width: 1000px) 100vw, 1000px\" \/><\/p>\n<div class=\"ace-line\" dir=\"auto\" data-node=\"true\"><span data-string=\"true\" data-enter=\"true\" data-leaf=\"true\">Onze plastic room potten niet alleen voldoen aan diverse behoeften met nauwkeurige specificaties, maar ook opvallen als de ideale verpakkingspartner voor uw producten, het is heeft uitstekende milieufilosofie, flexibele aanpassingsdiensten en een breed scala aan toepassingsscenario's. \u200b<\/span><\/div>\n<div class=\"ace-line heading-h2\" dir=\"auto\" data-node=\"true\"><span data-leaf=\"true\"><span class=\"lb\">1. Meerdere beschikbare groottes om aan verschillende productbehoeften te voldoen<\/span><\/span><span data-string=\"true\" data-enter=\"true\" data-leaf=\"true\">Maak het eenvoudiger. kleuren en texturen maken je enthousiast over het product. Jaunce mengt deze dingen om hun verpakking praktisch en leuk te maken. Dit maakt klanten houden van het gebruik van hun lipcr\u00e8me elke dag. Het is alsof je een favoriet speelgoed hebt dat leuk is om mee te spelen en makkelijk te dragen.<\/span><\/div>\n<div class=\"ace-line\" dir=\"auto\" data-node=\"true\"><span data-string=\"true\" data-enter=\"true\" data-leaf=\"true\">We hebben volledig overwogen de capaciteitsontwerpvereisten van verschillende cr\u00e8meproducten en zorgvuldig drie hoofdstroomspecificaties ge\u00efntroduceerd: 80ml, 100ml en 120ml. Of het&#8217; s de kleine capaciteit draagbare gezichtsessentie cr\u00e8me, de grote capaciteit huishoudelijke lichaamsschrub, of de reguliere grootte haarverzorging masker, kunt u de perfecte verpakking oplossing die perfect past bij de capaciteit te vinden, zonder om compromissen te maken op capaciteit compatibiliteit. \u200b<\/span><\/div>\n<div class=\"ace-line heading-h2\" dir=\"auto\" data-node=\"true\"><span data-leaf=\"true\"><span class=\"lb\">2. Ondersteund door milieuvriendelijke materialen, het beoefenen van het concept van duurzame verpakking<\/span><\/span><span data-string=\"true\" data-enter=\"true\" data-leaf=\"true\">Maak het eenvoudiger. kleuren en texturen maken je enthousiast over het product. Jaunce mengt deze dingen om hun verpakking praktisch en leuk te maken. Dit maakt klanten houden van het gebruik van hun lipcr\u00e8me elke dag. Het is alsof je een favoriet speelgoed hebt dat leuk is om mee te spelen en makkelijk te dragen.<\/span><\/div>\n<div class=\"ace-line\" dir=\"auto\" data-node=\"true\"><span data-leaf=\"true\"><span class=\"lb\">In een tijdperk waarin het milieubewustzijn steeds groter wordt, hebben we duurzame ontwikkeling altijd gezien als het kernprincipe van productonderzoek en -ontwikkeling. Deze plastic cr\u00e8me pot is gemaakt van <\/span><\/span><span data-leaf=\"true\"><span class=\"lb\">hoogwaardige milieuvriendelijke materialen<\/span><\/span><span data-leaf=\"true\"><span class=\"lb\">. Het heeft niet alleen uitstekende afdichtende prestaties en duurzaamheid, effectief beschermen van productingredi\u00ebnten tegen externe verontreiniging, maar vermindert ook de last op het milieu van de bron. Het kiezen van onze cr\u00e8me potten geeft uw producten niet alleen een &#8220; groen attribut&#8221; maar overbrengt ook het merk&#8217; s maatschappelijke verantwoordelijkheid voor consumenten, het helpen van het merk een goed beeld te vestigen in de golf van milieubescherming.<\/span><\/span><span data-string=\"true\" data-enter=\"true\" data-leaf=\"true\">Maak het eenvoudiger. kleuren en texturen maken je enthousiast over het product. Jaunce mengt deze dingen om hun verpakking praktisch en leuk te maken. Dit maakt klanten houden van het gebruik van hun lipcr\u00e8me elke dag. Het is alsof je een favoriet speelgoed hebt dat leuk is om mee te spelen en makkelijk te dragen.<\/span><\/div>\n<div class=\"ace-line heading-h2\" dir=\"auto\" data-node=\"true\"><span data-leaf=\"true\"><span class=\"lb\">3. Flexibele Aanpassingsdiensten om Exclusieve Merkidentiteit te cre\u00ebren<\/span><\/span><span data-string=\"true\" data-enter=\"true\" data-leaf=\"true\">Maak het eenvoudiger. kleuren en texturen maken je enthousiast over het product. Jaunce mengt deze dingen om hun verpakking praktisch en leuk te maken. Dit maakt klanten houden van het gebruik van hun lipcr\u00e8me elke dag. Het is alsof je een favoriet speelgoed hebt dat leuk is om mee te spelen en makkelijk te dragen.<\/span><\/div>\n<div class=\"ace-line\" dir=\"auto\" data-node=\"true\"><span data-leaf=\"true\"><span class=\"lb\">We begrijpen dat verpakkingen een belangrijke drager zijn van het merkbeeld. Daarom bieden we uitgebreide aanpassingsdiensten aan om u te helpen unieke productverpakkingen te cre\u00ebren.<\/span><\/span><span data-string=\"true\" data-enter=\"true\" data-leaf=\"true\">Maak het eenvoudiger. kleuren en texturen maken je enthousiast over het product. Jaunce mengt deze dingen om hun verpakking praktisch en leuk te maken. Dit maakt klanten houden van het gebruik van hun lipcr\u00e8me elke dag. Het is alsof je een favoriet speelgoed hebt dat leuk is om mee te spelen en makkelijk te dragen.<\/span><\/div>\n<div class=\"ace-line list-div\" dir=\"auto\" data-node=\"true\">\n<ul class=\"list-bullet1 r-list r-list-bullet\">\n<li><span data-string=\"true\" data-enter=\"true\" data-leaf=\"true\">Kleur aanpassing: Wij bieden een breed scala aan kleuren opties. Kleur aanpassing: Wij bieden een breed scala aan kleuren opties. Of het&#8217; s een klassieke kleur die overeenkomt met het merk&#8217; s belangrijkste kleurenschema of een trendy kleur die de nieuwste trends volgt, kunnen we precies mengen en matchen om de cr\u00e8me pot een verlenging van het merk te maken&#8217; s visuele identiteit, snel de aandacht van consumenten op de planken trekken. \u200b<\/span><\/li>\n<\/ul>\n<\/div>\n<div class=\"ace-line list-div\" dir=\"auto\" data-node=\"true\">\n<ul class=\"list-bullet1 r-list r-list-bullet\">\n<li><span data-leaf=\"true\"><span class=\"lb\">Vakmanschap Aanpassing<\/span><\/span><span data-leaf=\"true\"><span class=\"lb\">: Verschillende verwerkingstechnieken worden ondersteund, zoals slike scherfdruk, goudstempelen, zilveren stempelen en UV-afdrukken. <\/span><\/span><span data-string=\"true\" data-enter=\"true\" data-leaf=\"true\">Maak het eenvoudiger. kleuren en texturen maken je enthousiast over het product. Jaunce mengt deze dingen om hun verpakking praktisch en leuk te maken. Dit maakt klanten houden van het gebruik van hun lipcr\u00e8me elke dag. Het is alsof je een favoriet speelgoed hebt dat leuk is om mee te spelen en makkelijk te dragen.<\/span><\/li>\n<\/ul>\n<\/div>\n<div class=\"ace-line heading-h2\" dir=\"auto\" data-node=\"true\"><span data-leaf=\"true\"><span class=\"lb\">4. Brede Toepassingsscenario's, het Ontgrendelen van Diverse Productmogelijkheden<\/span><\/span><span data-string=\"true\" data-enter=\"true\" data-leaf=\"true\">Maak het eenvoudiger. kleuren en texturen maken je enthousiast over het product. Jaunce mengt deze dingen om hun verpakking praktisch en leuk te maken. Dit maakt klanten houden van het gebruik van hun lipcr\u00e8me elke dag. Het is alsof je een favoriet speelgoed hebt dat leuk is om mee te spelen en makkelijk te dragen.<\/span><\/div>\n<div class=\"ace-line list-div\" dir=\"auto\" data-node=\"true\">\n<p><span data-string=\"true\" data-enter=\"true\" data-leaf=\"true\">Deze plastic cr\u00e8me pot beschikt over uitstekende afdichting en compatibiliteit, en kan op grote schaal worden toegepast op verschillende cr\u00e8me basis producten, waardoor meer mogelijkheden voor uw productontwikkeling en uitbreiding. \u200b<br \/>\nGezichtsverzorgingsproducten: zoals hydraterende cr\u00e8me, anti-rimpelcr\u00e8me, slaapmasker, enz., kunnen effectief het product vergrendelen&#8217; s vocht en actieve ingredi\u00ebnten, waarbij de versheid en effectiviteit van het product tijdens de gebruiksperiode wordt verzekerd. \u200b<br \/>\nHaarverzorgingsproducten: geschikt voor haarmaskers, haarconditioners, enz. Het strakke afdichtingsontwerp kan voorkomen dat het product vochtig wordt en verslechtert, waardoor het gemakkelijk voor consumenten te gebruiken is en de gebruikservaring verbetert. \u200b<br \/>\nLichaamsverzorgingsproducten: of het&#8217; s lichaam cr\u00e8me, exfolierende cr\u00e8me, of hand cr\u00e8me, deze cr\u00e8me pot kan ze perfect vasthouden, het ontmoeten van consumenten&#8217; verpakkingsbehoeften voor lichaamsverzorgingsproducten. \u200b<br \/>\nDoor te kiezen voor onze plastic cr\u00e8me pot, krijgt u niet alleen een hoogwaardige verpakkingscontainer, maar ook een complete verpakkingsoplossing die milieubescherming, aanpassing en praktijk integreert. We zijn toegewijd aan het leveren van hoogwaardige producten en diensten om uw merk te helpen opvallen in de heftige marktconcurrentie, het bereiken van een win-win situatie van commerci\u00eble waarde en milieuverantwoordelijkheid! \u200b<\/span><\/p>\n<\/div>\n<div class=\"ace-line\" dir=\"auto\" data-node=\"true\"><\/div>\n<p data-spm-anchor-id=\"a2700.micro_cgs_home.0.i5.84e63e5fMoXgJB\"><img decoding=\"async\" class=\"size-full wp-image-3011 aligncenter\" src=\"https:\/\/www.cosmepak.com\/wp-content\/uploads\/2024\/12\/7-4.jpg\" alt=\"\" width=\"1000\" height=\"1000\" srcset=\"https:\/\/www.cosmepak.com\/wp-content\/uploads\/2024\/12\/7-4.jpg 1000w, https:\/\/www.cosmepak.com\/wp-content\/uploads\/2024\/12\/7-4-300x300.jpg 300w, https:\/\/www.cosmepak.com\/wp-content\/uploads\/2024\/12\/7-4-150x150.jpg 150w, https:\/\/www.cosmepak.com\/wp-content\/uploads\/2024\/12\/7-4-768x768.jpg 768w, https:\/\/www.cosmepak.com\/wp-content\/uploads\/2024\/12\/7-4-12x12.jpg 12w, https:\/\/www.cosmepak.com\/wp-content\/uploads\/2024\/12\/7-4-600x600.jpg 600w, https:\/\/www.cosmepak.com\/wp-content\/uploads\/2024\/12\/7-4-100x100.jpg 100w\" sizes=\"(max-width: 1000px) 100vw, 1000px\" \/><\/p>\n<p data-spm-anchor-id=\"a2700.micro_cgs_home.0.i5.84e63e5fMoXgJB\"><img loading=\"lazy\" decoding=\"async\" class=\"size-full wp-image-3008 aligncenter\" src=\"https:\/\/www.cosmepak.com\/wp-content\/uploads\/2024\/12\/6-4.jpg\" alt=\"\" width=\"1000\" height=\"1000\" srcset=\"https:\/\/www.cosmepak.com\/wp-content\/uploads\/2024\/12\/6-4.jpg 1000w, https:\/\/www.cosmepak.com\/wp-content\/uploads\/2024\/12\/6-4-300x300.jpg 300w, https:\/\/www.cosmepak.com\/wp-content\/uploads\/2024\/12\/6-4-150x150.jpg 150w, https:\/\/www.cosmepak.com\/wp-content\/uploads\/2024\/12\/6-4-768x768.jpg 768w, https:\/\/www.cosmepak.com\/wp-content\/uploads\/2024\/12\/6-4-12x12.jpg 12w, https:\/\/www.cosmepak.com\/wp-content\/uploads\/2024\/12\/6-4-600x600.jpg 600w, https:\/\/www.cosmepak.com\/wp-content\/uploads\/2024\/12\/6-4-100x100.jpg 100w\" sizes=\"(max-width: 1000px) 100vw, 1000px\" \/><\/p>\n<p style=\"text-align: center;\" data-spm-anchor-id=\"a2700.micro_cgs_home.0.i5.84e63e5fMoXgJB\"><strong>Over ons<\/strong><\/p>\n<div class=\"auto-hide-last-sibling-br paragraph-JOTKXA paragraph-element br-paragraph-space\">Hangzhou Jaunce staat als een professionele fabrikant en leverancier gespecialiseerd in hoogwaardige verpakkingsoplossingen. We zijn zeer toegewijd aan het leveren van innovatieve, duurzame verpakkingsproducten, afgestemd op de diverse en evoluerende behoeften van onze wereldwijde klanten.<\/div>\n<div class=\"auto-hide-last-sibling-br paragraph-JOTKXA paragraph-element br-paragraph-space\">Onze expertise omvat een breed spectrum aan verpakkingsaanbiedingen, waaronder glazen flessen, plastic containers en doseringsoplossingen. Deze producten worden op grote schaal gebruikt in belangrijke industrie\u00ebn zoals cosmetica, persoonlijke verzorging en huishoudelijke goederen, waardoor betrouwbare en functionele verpakkingsondersteuning wordt verleend voor verschillende productlijnen.<\/div>\n<p data-spm-anchor-id=\"a2700.micro_cgs_home.0.i5.84e63e5fMoXgJB\"><img loading=\"lazy\" decoding=\"async\" class=\"size-full wp-image-2556 aligncenter\" src=\"https:\/\/www.cosmepak.com\/wp-content\/uploads\/2025\/06\/packaging.webp\" alt=\"verpakking\" width=\"1920\" height=\"885\" srcset=\"https:\/\/www.cosmepak.com\/wp-content\/uploads\/2025\/06\/packaging.webp 1920w, https:\/\/www.cosmepak.com\/wp-content\/uploads\/2025\/06\/packaging-300x138.webp 300w, https:\/\/www.cosmepak.com\/wp-content\/uploads\/2025\/06\/packaging-1024x472.webp 1024w, https:\/\/www.cosmepak.com\/wp-content\/uploads\/2025\/06\/packaging-768x354.webp 768w, https:\/\/www.cosmepak.com\/wp-content\/uploads\/2025\/06\/packaging-1536x708.webp 1536w, https:\/\/www.cosmepak.com\/wp-content\/uploads\/2025\/06\/packaging-18x8.webp 18w, https:\/\/www.cosmepak.com\/wp-content\/uploads\/2025\/06\/packaging-600x277.webp 600w\" sizes=\"(max-width: 1920px) 100vw, 1920px\" \/><\/p>\n<p data-spm-anchor-id=\"a2700.micro_cgs_home.0.i5.84e63e5fMoXgJB\">","protected":false},"excerpt":{"rendered":"<p>Naam van het item: Brede mond cr\u00e8me pot<\/p>\n<p>Capaciteit: 80ml\/100ml\/120ml<\/p>\n<p>Vorm: Brede mond<\/p>\n<p>Materiaal: PET, PE, PP, PCR enz. voor kiezen<\/p>\n<p>Kleur: Accepteer de aangepaste kleur van het lichaam en de dop als vereisten<\/p>\n<p>MOQ: 10000 stcs<\/p>","protected":false},"featured_media":3013,"comment_status":"closed","ping_status":"closed","template":"","meta":{"_acf_changed":false},"product_brand":[],"product_cat":[52,18],"product_tag":[],"class_list":{"0":"post-136","1":"product","2":"type-product","3":"status-publish","4":"has-post-thumbnail","6":"product_cat-cream-jar-plastic-bottle","7":"product_cat-plastic-bottle","9":"first","10":"outofstock","11":"shipping-taxable","12":"product-type-simple"},"acf":[],"_links":{"self":[{"href":"https:\/\/www.cosmepak.com\/nl\/wp-json\/wp\/v2\/product\/136","targetHints":{"allow":["GET"]}}],"collection":[{"href":"https:\/\/www.cosmepak.com\/nl\/wp-json\/wp\/v2\/product"}],"about":[{"href":"https:\/\/www.cosmepak.com\/nl\/wp-json\/wp\/v2\/types\/product"}],"replies":[{"embeddable":true,"href":"https:\/\/www.cosmepak.com\/nl\/wp-json\/wp\/v2\/comments?post=136"}],"wp:featuredmedia":[{"embeddable":true,"href":"https:\/\/www.cosmepak.com\/nl\/wp-json\/wp\/v2\/media\/3013"}],"wp:attachment":[{"href":"https:\/\/www.cosmepak.com\/nl\/wp-json\/wp\/v2\/media?parent=136"}],"wp:term":[{"taxonomy":"product_brand","embeddable":true,"href":"https:\/\/www.cosmepak.com\/nl\/wp-json\/wp\/v2\/product_brand?post=136"},{"taxonomy":"product_cat","embeddable":true,"href":"https:\/\/www.cosmepak.com\/nl\/wp-json\/wp\/v2\/product_cat?post=136"},{"taxonomy":"product_tag","embeddable":true,"href":"https:\/\/www.cosmepak.com\/nl\/wp-json\/wp\/v2\/product_tag?post=136"}],"curies":[{"name":"WP","href":"https:\/\/api.w.org\/{rel}","templated":true}]}}