{"id":1373,"date":"2025-03-26T13:34:56","date_gmt":"2025-03-26T05:34:56","guid":{"rendered":"https:\/\/www.cosmepak.com\/?post_type=product&#038;p=1373"},"modified":"2025-10-15T14:35:11","modified_gmt":"2025-10-15T06:35:11","slug":"5ml-10ml-and-15ml-pp-material-airless-serum-bottle-liquid-cream-package","status":"publish","type":"product","link":"https:\/\/www.cosmepak.com\/nl\/product\/5ml-10ml-and-15ml-pp-material-airless-serum-bottle-liquid-cream-package\/","title":{"rendered":"5ml 10ml en 15ml PP Materiaal Airless Serum Fles Vloeibare room pakket"},"content":{"rendered":"<table style=\"border-collapse: collapse; width: 100%; height: 240px;\">\n<tbody>\n<tr style=\"height: 24px;\">\n<td style=\"width: 47.7998%; height: 24px; text-align: center;\">Merk<\/td>\n<td style=\"width: 52.2002%; height: 24px; text-align: center;\">\u00a0Jaunce<\/td>\n<\/tr>\n<tr style=\"height: 24px;\">\n<td style=\"width: 47.7998%; height: 24px; text-align: center;\">Capaciteit<\/td>\n<td style=\"width: 52.2002%; height: 24px; text-align: center;\">5ml \/ 10ml \/ 15ml<\/td>\n<\/tr>\n<tr style=\"height: 24px;\">\n<td style=\"width: 47.7998%; height: 24px; text-align: center;\">Vorm<\/td>\n<td style=\"width: 52.2002%; height: 24px; text-align: center;\">cilinder<\/td>\n<\/tr>\n<tr style=\"height: 24px;\">\n<td style=\"width: 47.7998%; height: 24px; text-align: center;\">Model<\/td>\n<td style=\"width: 52.2002%; height: 24px; text-align: center;\">JH-LWA08<\/td>\n<\/tr>\n<tr style=\"height: 24px;\">\n<td style=\"width: 47.7998%; height: 24px; text-align: center;\">OEM \/ ODM<\/td>\n<td style=\"width: 52.2002%; height: 24px; text-align: center;\">Accepteren<\/td>\n<\/tr>\n<tr style=\"height: 24px;\">\n<td style=\"width: 47.7998%; height: 24px; text-align: center;\">Kleur<\/td>\n<td style=\"width: 52.2002%; height: 24px; text-align: center;\">Aangepast<\/td>\n<\/tr>\n<tr style=\"height: 24px;\">\n<td style=\"width: 47.7998%; height: 24px; text-align: center;\">Moq<\/td>\n<td style=\"width: 52.2002%; height: 24px; text-align: center;\">10000 stcs<\/td>\n<\/tr>\n<\/tbody>\n<\/table>\n<p><img fetchpriority=\"high\" decoding=\"async\" class=\"alignnone wp-image-3083\" src=\"https:\/\/www.cosmepak.com\/wp-content\/uploads\/2025\/03\/22063511779_624076099.jpg\" alt=\"\" width=\"1365\" height=\"1228\" srcset=\"https:\/\/www.cosmepak.com\/wp-content\/uploads\/2025\/03\/22063511779_624076099.jpg 790w, https:\/\/www.cosmepak.com\/wp-content\/uploads\/2025\/03\/22063511779_624076099-300x270.jpg 300w, https:\/\/www.cosmepak.com\/wp-content\/uploads\/2025\/03\/22063511779_624076099-768x691.jpg 768w, https:\/\/www.cosmepak.com\/wp-content\/uploads\/2025\/03\/22063511779_624076099-13x12.jpg 13w, https:\/\/www.cosmepak.com\/wp-content\/uploads\/2025\/03\/22063511779_624076099-600x540.jpg 600w\" sizes=\"(max-width: 1365px) 100vw, 1365px\" \/><\/p>\n<table style=\"border-collapse: collapse; width: 100%; height: 96px;\">\n<tbody>\n<tr style=\"height: 24px;\">\n<td style=\"width: 10.7766%; text-align: center; height: 24px;\"><strong>Capaciteit<\/strong><\/td>\n<td style=\"width: 15.0524%; text-align: center; height: 24px;\"><strong>Nekmaat<\/strong><\/td>\n<td style=\"width: 15.3578%; text-align: center; height: 24px;\"><strong>Totale hoogte<\/strong><\/td>\n<td style=\"width: 15.6196%; text-align: center; height: 24px;\"><strong>Fleshoogte\u00a0<\/strong><\/td>\n<td style=\"width: 14.8342%; text-align: center; height: 24px;\"><strong>Afdrukbare hoogte<\/strong><\/td>\n<td style=\"width: 14.5725%; text-align: center; height: 24px;\"><strong>Onderste diameter<\/strong><\/td>\n<td style=\"width: 13.7871%; text-align: center; height: 24px;\"><strong>Flesgewicht<\/strong><\/td>\n<\/tr>\n<tr style=\"height: 24px;\">\n<td style=\"width: 10.7766%; text-align: center; height: 24px;\">5 ml<\/td>\n<td style=\"width: 15.0524%; text-align: center; height: 24px;\">30 mm<\/td>\n<td style=\"width: 15.3578%; text-align: center; height: 24px;\">65 mm<\/td>\n<td style=\"width: 15.6196%; text-align: center; height: 24px;\">38 mm<\/td>\n<td style=\"width: 14.8342%; text-align: center; height: 24px;\">27 mm<\/td>\n<td style=\"width: 14.5725%; text-align: center; height: 24px;\">24.6mm<\/td>\n<td style=\"width: 13.7871%; text-align: center; height: 24px;\">4.5g<\/td>\n<\/tr>\n<tr style=\"height: 24px;\">\n<td style=\"width: 10.7766%; text-align: center; height: 24px;\">10 ml<\/td>\n<td style=\"width: 15.0524%; text-align: center; height: 24px;\">30 mm<\/td>\n<td style=\"width: 15.3578%; text-align: center; height: 24px;\">77 mm<\/td>\n<td style=\"width: 15.6196%; text-align: center; height: 24px;\">50 mm<\/td>\n<td style=\"width: 14.8342%; text-align: center; height: 24px;\">38 mm<\/td>\n<td style=\"width: 14.5725%; text-align: center; height: 24px;\">24.6mm<\/td>\n<td style=\"width: 13.7871%; text-align: center; height: 24px;\">6g<\/td>\n<\/tr>\n<tr style=\"height: 24px;\">\n<td style=\"width: 10.7766%; text-align: center; height: 24px;\">15 ml<\/td>\n<td style=\"width: 15.0524%; text-align: center; height: 24px;\">30 mm<\/td>\n<td style=\"width: 15.3578%; text-align: center; height: 24px;\">92 mm<\/td>\n<td style=\"width: 15.6196%; text-align: center; height: 24px;\">65 mm<\/td>\n<td style=\"width: 14.8342%; text-align: center; height: 24px;\">52 mm<\/td>\n<td style=\"width: 14.5725%; text-align: center; height: 24px;\">24.6mm<\/td>\n<td style=\"width: 13.7871%; text-align: center; height: 24px;\">7g<\/td>\n<\/tr>\n<\/tbody>\n<\/table>\n<p>Onze PP vacu\u00fcm vloeistof fles is verkrijgbaar in 5ml, 10ml en 15ml maten. Deze fles bestaat uit een PP body, een PP vloeistofpomp, een PP semi-transparante volledige deksel en een vacu\u00fcmstekker. Houd er rekening mee dat de flessenopening van dit model een eenmalig snap-on type is, waarbij de vloeistof eerst in de fles moet worden gegoten, dan moet de pompkop worden aangeklept. Eenmaal aangeklept, kan het niet worden geopend. Wij bieden aanpassing voor kleur, scherfdruk, goudstempeling, etikettering en andere productieprocessen.<\/p>\n<p><strong>Vacu\u00fcmbewaringsontwerp zorgt voor productkwaliteit<\/strong><br \/>\nDe ingebouwde vacu\u00fcmstekker in combinatie met de afgesloten pompkop kan voorkomen dat lucht de fles binnendringt, waardoor het risico op melkvloeistofoxidatie en verslechtering, evenals inactivatie van componenten, wordt verminderd en het product wordt verlengd. s houdbaarheid (in vergelijking met gewone niet-vacu\u00fcm PP-flessen, kan de houdbaarheid worden verlengd met 1-3 maanden), waardoor postverkoop geschillen voor B-end klanten veroorzaakt door product verslechtering te verminderen.<\/p>\n<p><strong>Eenmalige snap-on ontwerp, verbetering van de veiligheid en het vertrouwen<\/strong><br \/>\nDe snap-on fles mond kan niet opnieuw geopend worden na sluiting. Dit voorkomt niet alleen dat de pompkop tijdens het transport uitvalt en lekt, maar elimineert ook het risico van secundair vullen door eindgebruikers of derden. Het helpt merken een &#8220; authenticiteitsgarantie&#8221; afbeelding, vooral geschikt voor categorie\u00ebn met hoge veiligheidseisen zoals farmaceutische producten en huidverzorging voor gevoelige huid.<\/p>\n<p><strong>PP materiaal voordelen, evenwicht kosten en praktisch gebruik<\/strong><br \/>\n1. Hoge weersbestendigheid: Het PP-materiaal is bestand tegen hoge en lage temperaturen (-20\u2103~120\u2103), geschikt voor de meeste cosmetische opslag- en transportomgevingen, en is niet vatbaar voor vervorming of kraken;<br \/>\n2. Doorduchtige textuur: De volledige dekking met een doorzichtig ontwerp stelt consumenten in staat om de resterende hoeveelheid visueel te zien, waardoor de gebruikservaring wordt verbeterd;<br \/>\n3. Lichtgewicht: In vergelijking met glazen flessen van dezelfde capaciteit, wordt het gewicht met meer dan 60% verminderd, waardoor de logistieke en transportkosten voor B-eindklanten worden verminderd.<\/p>\n<p>De kleinere capaciteit, in combinatie met flexibele aanpassing, voldoet aan verschillende scenario's. In het bijzonder bieden wij 5-15ml maten die ideaal zijn voor &#8220; proefgrootte promotie&#8221; , &#8220; reisgrootte uitbreiding&#8221; en &#8220; monster kit combinaties&#8221;  . Wij ondersteunen aangepaste aankoop op basis van uw specifieke behoeften. Daarnaast kunnen we kleuren en afdruktechnieken aanpassen om uw merk te passen&#8217; s visuele identiteit, het verbeteren van de herkenning van het product.<\/p>\n<p><img decoding=\"async\" class=\"alignnone wp-image-3084\" src=\"https:\/\/www.cosmepak.com\/wp-content\/uploads\/2025\/03\/21974719829_624076099.jpg\" alt=\"\" width=\"1379\" height=\"1379\" srcset=\"https:\/\/www.cosmepak.com\/wp-content\/uploads\/2025\/03\/21974719829_624076099.jpg 1000w, https:\/\/www.cosmepak.com\/wp-content\/uploads\/2025\/03\/21974719829_624076099-300x300.jpg 300w, https:\/\/www.cosmepak.com\/wp-content\/uploads\/2025\/03\/21974719829_624076099-150x150.jpg 150w, https:\/\/www.cosmepak.com\/wp-content\/uploads\/2025\/03\/21974719829_624076099-768x768.jpg 768w, https:\/\/www.cosmepak.com\/wp-content\/uploads\/2025\/03\/21974719829_624076099-12x12.jpg 12w, https:\/\/www.cosmepak.com\/wp-content\/uploads\/2025\/03\/21974719829_624076099-600x600.jpg 600w, https:\/\/www.cosmepak.com\/wp-content\/uploads\/2025\/03\/21974719829_624076099-100x100.jpg 100w\" sizes=\"(max-width: 1379px) 100vw, 1379px\" \/><\/p>\n<table style=\"border-collapse: collapse; width: 100%;\">\n<tbody>\n<tr>\n<td style=\"width: 33.3333%;\"><img decoding=\"async\" class=\"alignnone size-full wp-image-3085\" src=\"https:\/\/www.cosmepak.com\/wp-content\/uploads\/2025\/03\/22063523589_624076099.jpg\" alt=\"\" width=\"1000\" height=\"1000\" srcset=\"https:\/\/www.cosmepak.com\/wp-content\/uploads\/2025\/03\/22063523589_624076099.jpg 1000w, https:\/\/www.cosmepak.com\/wp-content\/uploads\/2025\/03\/22063523589_624076099-300x300.jpg 300w, https:\/\/www.cosmepak.com\/wp-content\/uploads\/2025\/03\/22063523589_624076099-150x150.jpg 150w, https:\/\/www.cosmepak.com\/wp-content\/uploads\/2025\/03\/22063523589_624076099-768x768.jpg 768w, https:\/\/www.cosmepak.com\/wp-content\/uploads\/2025\/03\/22063523589_624076099-12x12.jpg 12w, https:\/\/www.cosmepak.com\/wp-content\/uploads\/2025\/03\/22063523589_624076099-600x600.jpg 600w, https:\/\/www.cosmepak.com\/wp-content\/uploads\/2025\/03\/22063523589_624076099-100x100.jpg 100w\" sizes=\"(max-width: 1000px) 100vw, 1000px\" \/><\/td>\n<td style=\"width: 33.3333%;\"><img loading=\"lazy\" decoding=\"async\" class=\"alignnone size-full wp-image-3086\" src=\"https:\/\/www.cosmepak.com\/wp-content\/uploads\/2025\/03\/21895812487_624076099.jpg\" alt=\"\" width=\"1000\" height=\"1000\" srcset=\"https:\/\/www.cosmepak.com\/wp-content\/uploads\/2025\/03\/21895812487_624076099.jpg 1000w, https:\/\/www.cosmepak.com\/wp-content\/uploads\/2025\/03\/21895812487_624076099-300x300.jpg 300w, https:\/\/www.cosmepak.com\/wp-content\/uploads\/2025\/03\/21895812487_624076099-150x150.jpg 150w, https:\/\/www.cosmepak.com\/wp-content\/uploads\/2025\/03\/21895812487_624076099-768x768.jpg 768w, https:\/\/www.cosmepak.com\/wp-content\/uploads\/2025\/03\/21895812487_624076099-12x12.jpg 12w, https:\/\/www.cosmepak.com\/wp-content\/uploads\/2025\/03\/21895812487_624076099-600x600.jpg 600w, https:\/\/www.cosmepak.com\/wp-content\/uploads\/2025\/03\/21895812487_624076099-100x100.jpg 100w\" sizes=\"(max-width: 1000px) 100vw, 1000px\" \/><\/td>\n<td style=\"width: 33.3333%;\"><img loading=\"lazy\" decoding=\"async\" class=\"alignnone size-full wp-image-3087\" src=\"https:\/\/www.cosmepak.com\/wp-content\/uploads\/2025\/03\/21974743119_624076099.jpg\" alt=\"\" width=\"1000\" height=\"1000\" srcset=\"https:\/\/www.cosmepak.com\/wp-content\/uploads\/2025\/03\/21974743119_624076099.jpg 1000w, https:\/\/www.cosmepak.com\/wp-content\/uploads\/2025\/03\/21974743119_624076099-300x300.jpg 300w, https:\/\/www.cosmepak.com\/wp-content\/uploads\/2025\/03\/21974743119_624076099-150x150.jpg 150w, https:\/\/www.cosmepak.com\/wp-content\/uploads\/2025\/03\/21974743119_624076099-768x768.jpg 768w, https:\/\/www.cosmepak.com\/wp-content\/uploads\/2025\/03\/21974743119_624076099-12x12.jpg 12w, https:\/\/www.cosmepak.com\/wp-content\/uploads\/2025\/03\/21974743119_624076099-600x600.jpg 600w, https:\/\/www.cosmepak.com\/wp-content\/uploads\/2025\/03\/21974743119_624076099-100x100.jpg 100w\" sizes=\"(max-width: 1000px) 100vw, 1000px\" \/><\/td>\n<\/tr>\n<\/tbody>\n<\/table>\n<p><img loading=\"lazy\" decoding=\"async\" class=\"alignnone wp-image-3088\" src=\"https:\/\/www.cosmepak.com\/wp-content\/uploads\/2025\/03\/21895782954_624076099.jpg\" alt=\"\" width=\"1405\" height=\"1405\" srcset=\"https:\/\/www.cosmepak.com\/wp-content\/uploads\/2025\/03\/21895782954_624076099.jpg 1000w, https:\/\/www.cosmepak.com\/wp-content\/uploads\/2025\/03\/21895782954_624076099-300x300.jpg 300w, https:\/\/www.cosmepak.com\/wp-content\/uploads\/2025\/03\/21895782954_624076099-150x150.jpg 150w, https:\/\/www.cosmepak.com\/wp-content\/uploads\/2025\/03\/21895782954_624076099-768x768.jpg 768w, https:\/\/www.cosmepak.com\/wp-content\/uploads\/2025\/03\/21895782954_624076099-12x12.jpg 12w, https:\/\/www.cosmepak.com\/wp-content\/uploads\/2025\/03\/21895782954_624076099-600x600.jpg 600w, https:\/\/www.cosmepak.com\/wp-content\/uploads\/2025\/03\/21895782954_624076099-100x100.jpg 100w\" sizes=\"(max-width: 1405px) 100vw, 1405px\" \/><\/p>\n<table style=\"border-collapse: collapse; width: 100%; height: 144px;\">\n<tbody>\n<tr style=\"height: 24px;\">\n<td style=\"width: 33.3333%; text-align: center; height: 24px;\"><span style=\"font-size: 14pt;\"><strong>Nadrukkelijk<\/strong><\/span><\/td>\n<td style=\"width: 33.3333%; text-align: center; height: 24px;\"><span style=\"font-size: 14pt;\"><strong>Luchtvracht<\/strong><\/span><\/td>\n<td style=\"width: 33.3333%; text-align: center; height: 24px;\"><span style=\"font-size: 14pt;\"><strong>Zeevoer<\/strong><\/span><\/td>\n<\/tr>\n<tr style=\"height: 24px;\">\n<td style=\"width: 33.3333%; text-align: center; height: 24px;\">Europa 4-6 dagen<\/td>\n<td style=\"width: 33.3333%; text-align: center; height: 24px;\">Europa 4-6 dagen<\/td>\n<td style=\"width: 33.3333%; text-align: center; height: 24px;\">Europa 25-35 dagen<\/td>\n<\/tr>\n<tr style=\"height: 24px;\">\n<td style=\"width: 33.3333%; text-align: center; height: 24px;\">Morth America 4-6 dagen<\/td>\n<td style=\"width: 33.3333%; text-align: center; height: 24px;\">Morth America 4-6 dagen<\/td>\n<td style=\"width: 33.3333%; text-align: center; height: 24px;\">Morth America 25-35 dagen<\/td>\n<\/tr>\n<tr style=\"height: 24px;\">\n<td style=\"width: 33.3333%; text-align: center; height: 24px;\">Zuidoost-Azi\u00eb 3-5 dagen<\/td>\n<td style=\"width: 33.3333%; text-align: center; height: 24px;\">Zuidoost-Azi\u00eb 3-5 dagen<\/td>\n<td style=\"width: 33.3333%; text-align: center; height: 24px;\">Zuidoost-Azi\u00eb 25-35 dagen<\/td>\n<\/tr>\n<tr style=\"height: 24px;\">\n<td style=\"width: 33.3333%; text-align: center; height: 24px;\">Het Midden-Oosten 4-6 dagen<\/td>\n<td style=\"width: 33.3333%; text-align: center; height: 24px;\">Het Midden-Oosten 4-6 dagen<\/td>\n<td style=\"width: 33.3333%; text-align: center; height: 24px;\">Het Midden-Oosten 25-35 dagen<\/td>\n<\/tr>\n<tr style=\"height: 24px;\">\n<td style=\"width: 33.3333%; text-align: center; height: 24px;\">Zuid-Afrika 5-8 dagen<\/td>\n<td style=\"width: 33.3333%; text-align: center; height: 24px;\">Zuid-Afrika 5-8 dagen<\/td>\n<td style=\"width: 33.3333%; text-align: center; height: 24px;\">Zuid-Afrika 25-35 dagen<\/td>\n<\/tr>\n<\/tbody>\n<\/table>\n<p><span style=\"font-size: 14pt;\"><strong>RFQ:\u00a0<\/strong><\/span><\/p>\n<p><span data-spm-anchor-id=\"a2700.pc-decorate.0.i3.75883333L8yZVb\">1. Waarom zou u van ons niet van andere leveranciers kopen?<br \/>\n\u2460 3 minuten ontworpen voor u.<br \/>\n\u2461 24 uur online service.<br \/>\n\u2462 7 dagen stock monsters\/ 15 dagen monster met aangepaste afdrukken.<br \/>\n\u2463 35 dagen doorlooptijd.<br \/>\n\u2464 Meer dan 10 jaar professionele cosmetische verpakkingsfabriek.<br \/>\n\u2465 Fabrieksuitlaten, de beste prijs en de beste service.<br \/>\n\u2466 E\u00e9n stationsoplossing voor cosmetische verpakkingen.<br \/>\n2. Wie zijn wij?<br \/>\nWe zijn gevestigd in Zhejiang, China, beginnen vanaf 2014, verkopen aan de binnenlandse markt (70,00%), Oceani\u00eb (8,00%), Mid Oost (7,00%), Eastern<br \/>\nAzi\u00eb (2,00%), Noord -Amerika (2,00%), West -Europa (2,00%), Zuidoost -Azi\u00eb (2,00%), Zuid -Azi\u00eb (1,00%), Zuid -Amerika (1,00%), zuidelijk<br \/>\nEuropa (1,00%), Midden -Amerika (1,00%), Noord -Europa (1,00%), Afrika (1,00%), Oost -Europa (1,00%). <\/span><\/p>\n<div>3. Hoe kunnen we kwaliteit garanderen?<br \/>\nAltijd een pre-productiemonster v\u00f3\u00f3r de massaproductie;<br \/>\n4. Wat kunt u van ons kopen?<br \/>\nGlas Flessen, Plastic Flessen\/Potten\/Tubers, Aluminium Flessen\/Potten\/Buizen enz. cosmetisch verpakkingsmateriaal.<br \/>\n5. Wie zijn wij?<br \/>\nWe are based in Zhejiang, China, start from 2014,sell to Domestic Market(70.00%),Oceania(8.00%),Mid East(7.00%), Eastern Asia(2.00%),North America(2.00%),Western Europe(2.00%),Southeast Asia(2.00%),South Asia(1.00%),South America(1.00%),Southern Europe(1.00%),Central America(1.00%),Northern<br \/>\n6. Welke diensten kunnen we bieden?<br \/>\nGeaccepteerde leveringsvoorwaarden: FOB, CFR, CIF;<\/div>\n<div>Geaccepteerde betalingsvaluta: USD, EUR, HKD, CNY;<\/div>\n<div>Geaccepteerde betalingstype: T\/T, L\/C, D\/P D\/A;<\/div>","protected":false},"excerpt":{"rendered":"<p>Materiaal : PP<\/p>\n<p>Capaciteit: 5ML\/10ML\/15ML<\/p>\n<p>Gewicht: 12.1g \/ 13.5g \/ 14.7g<\/p>\n<p>Kleur: Accepteer aangepast (elke Pantone -kleur beschikbaar)<\/p>\n<p>Oppervlakteafwerking: schermafdrukken, heet stempelen, spuitgradi\u00ebnt, matte afwerking, etc.<\/p>\n<p>MOQ: 10000 stcs<\/p>\n<p>Voorbeeld: gratis voorbeelden beschikbaar<\/p>\n<p>&nbsp;<\/p>\n<p>&nbsp;<\/p>","protected":false},"featured_media":3089,"comment_status":"closed","ping_status":"closed","template":"","meta":{"_acf_changed":false},"product_brand":[],"product_cat":[35],"product_tag":[38],"class_list":{"0":"post-1373","1":"product","2":"type-product","3":"status-publish","4":"has-post-thumbnail","6":"product_cat-airless-bottle","7":"product_tag-airless-bottle","9":"first","10":"outofstock","11":"shipping-taxable","12":"product-type-simple"},"acf":[],"_links":{"self":[{"href":"https:\/\/www.cosmepak.com\/nl\/wp-json\/wp\/v2\/product\/1373","targetHints":{"allow":["GET"]}}],"collection":[{"href":"https:\/\/www.cosmepak.com\/nl\/wp-json\/wp\/v2\/product"}],"about":[{"href":"https:\/\/www.cosmepak.com\/nl\/wp-json\/wp\/v2\/types\/product"}],"replies":[{"embeddable":true,"href":"https:\/\/www.cosmepak.com\/nl\/wp-json\/wp\/v2\/comments?post=1373"}],"wp:featuredmedia":[{"embeddable":true,"href":"https:\/\/www.cosmepak.com\/nl\/wp-json\/wp\/v2\/media\/3089"}],"wp:attachment":[{"href":"https:\/\/www.cosmepak.com\/nl\/wp-json\/wp\/v2\/media?parent=1373"}],"wp:term":[{"taxonomy":"product_brand","embeddable":true,"href":"https:\/\/www.cosmepak.com\/nl\/wp-json\/wp\/v2\/product_brand?post=1373"},{"taxonomy":"product_cat","embeddable":true,"href":"https:\/\/www.cosmepak.com\/nl\/wp-json\/wp\/v2\/product_cat?post=1373"},{"taxonomy":"product_tag","embeddable":true,"href":"https:\/\/www.cosmepak.com\/nl\/wp-json\/wp\/v2\/product_tag?post=1373"}],"curies":[{"name":"WP","href":"https:\/\/api.w.org\/{rel}","templated":true}]}}