{"id":1380,"date":"2025-03-26T14:04:38","date_gmt":"2025-03-26T06:04:38","guid":{"rendered":"https:\/\/www.cosmepak.com\/?post_type=product&#038;p=1380"},"modified":"2026-04-22T15:42:25","modified_gmt":"2026-04-22T07:42:25","slug":"airless-bottle-30ml-50ml-100ml-and-120ml-airless-bottle-with-pump-jaunce","status":"publish","type":"product","link":"https:\/\/www.cosmepak.com\/nl\/product\/airless-bottle-30ml-50ml-100ml-and-120ml-airless-bottle-with-pump-jaunce\/","title":{"rendered":"Luchtloze Fles-30ML 50ML 100ML en 120ML Luchtloze Fles met Pomp\/Jaunce"},"content":{"rendered":"<table style=\"border-collapse: collapse; width: 100%; height: 216px;\">\n<tbody>\n<tr style=\"height: 24px;\">\n<td style=\"width: 50.5964%; height: 24px; text-align: center;\">Merk<\/td>\n<td style=\"width: 49.4036%; height: 24px; text-align: center;\">\u00a0Jaunce<\/td>\n<\/tr>\n<tr style=\"height: 24px;\">\n<td style=\"width: 50.5964%; height: 24px; text-align: center;\">Capaciteit<\/td>\n<td style=\"width: 49.4036%; height: 24px; text-align: center;\">30ml \/ 50ml \/ 100ml \/ 120ml<\/td>\n<\/tr>\n<tr style=\"height: 24px;\">\n<td style=\"width: 50.5964%; height: 24px; text-align: center;\">Vorm<\/td>\n<td style=\"width: 49.4036%; height: 24px; text-align: center;\">cilinder<\/td>\n<\/tr>\n<tr style=\"height: 24px;\">\n<td style=\"width: 50.5964%; height: 24px; text-align: center;\">Gewicht<\/td>\n<td style=\"width: 49.4036%; height: 24px; text-align: center;\">44.3g\/49.3g\/58.6g\/63.4g<\/td>\n<\/tr>\n<tr style=\"height: 24px;\">\n<td style=\"width: 50.5964%; height: 24px; text-align: center;\">Passend<\/td>\n<td style=\"width: 49.4036%; height: 24px; text-align: center;\">Pomp<\/td>\n<\/tr>\n<tr style=\"height: 24px;\">\n<td style=\"width: 50.5964%; height: 24px; text-align: center;\">Model<\/td>\n<td style=\"width: 49.4036%; height: 24px; text-align: center;\">JH-LWA35<\/td>\n<\/tr>\n<tr style=\"height: 24px;\">\n<td style=\"width: 50.5964%; height: 24px; text-align: center;\">OEM \/ ODM<\/td>\n<td style=\"width: 49.4036%; height: 24px; text-align: center;\">Accepteren<\/td>\n<\/tr>\n<tr style=\"height: 24px;\">\n<td style=\"width: 50.5964%; height: 24px; text-align: center;\">Kleur<\/td>\n<td style=\"width: 49.4036%; height: 24px; text-align: center;\">Aangepast<\/td>\n<\/tr>\n<tr style=\"height: 24px;\">\n<td style=\"width: 50.5964%; height: 24px; text-align: center;\">Moq<\/td>\n<td style=\"width: 49.4036%; height: 24px; text-align: center;\">10000 stcs<\/td>\n<\/tr>\n<\/tbody>\n<\/table>\n<p><img fetchpriority=\"high\" decoding=\"async\" class=\"alignnone wp-image-3095\" src=\"https:\/\/www.cosmepak.com\/wp-content\/uploads\/2025\/03\/12894844628_624076099.jpg\" alt=\"\" width=\"1366\" height=\"1366\" srcset=\"https:\/\/www.cosmepak.com\/wp-content\/uploads\/2025\/03\/12894844628_624076099.jpg 1000w, https:\/\/www.cosmepak.com\/wp-content\/uploads\/2025\/03\/12894844628_624076099-300x300.jpg 300w, https:\/\/www.cosmepak.com\/wp-content\/uploads\/2025\/03\/12894844628_624076099-150x150.jpg 150w, https:\/\/www.cosmepak.com\/wp-content\/uploads\/2025\/03\/12894844628_624076099-768x768.jpg 768w, https:\/\/www.cosmepak.com\/wp-content\/uploads\/2025\/03\/12894844628_624076099-12x12.jpg 12w, https:\/\/www.cosmepak.com\/wp-content\/uploads\/2025\/03\/12894844628_624076099-600x600.jpg 600w, https:\/\/www.cosmepak.com\/wp-content\/uploads\/2025\/03\/12894844628_624076099-100x100.jpg 100w\" sizes=\"(max-width: 1366px) 100vw, 1366px\" \/><\/p>\n<table style=\"border-collapse: collapse; width: 100%; height: 264px;\">\n<tbody>\n<tr style=\"height: 24px;\">\n<td style=\"width: 16.6667%; text-align: center; height: 24px;\"><span style=\"font-size: 18pt;\">Capaciteit<\/span><\/td>\n<td style=\"width: 16.6667%; text-align: center; height: 24px;\"><span style=\"font-size: 18pt;\">Totale hoogte<\/span><\/td>\n<td style=\"width: 16.6667%; text-align: center; height: 24px;\"><span style=\"font-size: 18pt;\">Fleshoogte<\/span><\/td>\n<td style=\"width: 16.6667%; text-align: center; height: 24px;\"><span style=\"font-size: 18pt;\">Afdrukbare hoogte<\/span><\/td>\n<td style=\"width: 16.6667%; text-align: center; height: 24px;\"><span style=\"font-size: 18pt;\">Dia<\/span><\/td>\n<td style=\"width: 16.6667%; text-align: center; height: 24px;\"><span style=\"font-size: 18pt;\">Gewicht<\/span><\/td>\n<\/tr>\n<tr style=\"height: 24px;\">\n<td style=\"width: 16.6667%; text-align: center; height: 24px;\"><span style=\"font-size: 18pt;\">30 ml<\/span><\/td>\n<td style=\"width: 16.6667%; text-align: center; height: 24px;\"><span style=\"font-size: 18pt;\">80 mm<\/span><\/td>\n<td style=\"width: 16.6667%; text-align: center; height: 24px;\"><span style=\"font-size: 18pt;\">42 mm<\/span><\/td>\n<td style=\"width: 16.6667%; text-align: center; height: 24px;\"><span style=\"font-size: 18pt;\">38 mm<\/span><\/td>\n<td style=\"width: 16.6667%; text-align: center; height: 24px;\"><span style=\"font-size: 18pt;\">48 mm<\/span><\/td>\n<td style=\"width: 16.6667%; text-align: center; height: 24px;\"><span style=\"font-size: 18pt;\">44.3g<\/span><\/td>\n<\/tr>\n<tr style=\"height: 24px;\">\n<td style=\"width: 16.6667%; text-align: center; height: 24px;\"><span style=\"font-size: 18pt;\">50 ml<\/span><\/td>\n<td style=\"width: 16.6667%; text-align: center; height: 24px;\"><span style=\"font-size: 18pt;\">95 mm<\/span><\/td>\n<td style=\"width: 16.6667%; text-align: center; height: 24px;\"><span style=\"font-size: 18pt;\">58 mm<\/span><\/td>\n<td style=\"width: 16.6667%; text-align: center; height: 24px;\"><span style=\"font-size: 18pt;\">52 mm<\/span><\/td>\n<td style=\"width: 16.6667%; text-align: center; height: 24px;\"><span style=\"font-size: 18pt;\">48 mm<\/span><\/td>\n<td style=\"width: 16.6667%; text-align: center; height: 24px;\"><span style=\"font-size: 18pt;\">49.3g<\/span><\/td>\n<\/tr>\n<tr style=\"height: 24px;\">\n<td style=\"width: 16.6667%; text-align: center; height: 24px;\"><span style=\"font-size: 18pt;\">100 ml<\/span><\/td>\n<td style=\"width: 16.6667%; text-align: center; height: 24px;\"><span style=\"font-size: 18pt;\">128mm<\/span><\/td>\n<td style=\"width: 16.6667%; text-align: center; height: 24px;\"><span style=\"font-size: 18pt;\">90 mm<\/span><\/td>\n<td style=\"width: 16.6667%; text-align: center; height: 24px;\"><span style=\"font-size: 18pt;\">85 mm<\/span><\/td>\n<td style=\"width: 16.6667%; text-align: center; height: 24px;\"><span style=\"font-size: 18pt;\">48 mm<\/span><\/td>\n<td style=\"width: 16.6667%; text-align: center; height: 24px;\"><span style=\"font-size: 18pt;\">58.6g<\/span><\/td>\n<\/tr>\n<tr style=\"height: 24px;\">\n<td style=\"width: 16.6667%; text-align: center; height: 24px;\"><span style=\"font-size: 18pt;\">120 ml<\/span><\/td>\n<td style=\"width: 16.6667%; text-align: center; height: 24px;\"><span style=\"font-size: 18pt;\">142mm<\/span><\/td>\n<td style=\"width: 16.6667%; text-align: center; height: 24px;\"><span style=\"font-size: 18pt;\">105 mm<\/span><\/td>\n<td style=\"width: 16.6667%; text-align: center; height: 24px;\"><span style=\"font-size: 18pt;\">100 mm<\/span><\/td>\n<td style=\"width: 16.6667%; text-align: center; height: 24px;\"><span style=\"font-size: 18pt;\">48 mm<\/span><\/td>\n<td style=\"width: 16.6667%; text-align: center; height: 24px;\"><span style=\"font-size: 18pt;\">63.4g<\/span><\/td>\n<\/tr>\n<tr style=\"height: 24px;\">\n<td style=\"width: 33.3334%; text-align: center; height: 24px;\" colspan=\"2\"><span style=\"font-size: 18pt;\"><strong>Item\u00a0<\/strong><\/span><\/td>\n<td style=\"width: 33.3334%; text-align: center; height: 24px;\" colspan=\"2\"><span style=\"font-size: 18pt;\"><strong>Hoeveelheid<\/strong><\/span><\/td>\n<td style=\"width: 33.3334%; text-align: center; height: 24px;\" colspan=\"2\"><span style=\"font-size: 18pt;\"><strong>Pakketmaat<\/strong><\/span><\/td>\n<\/tr>\n<tr style=\"height: 24px;\">\n<td style=\"width: 33.3334%; text-align: center; height: 24px;\" colspan=\"2\"><span style=\"font-size: 18pt;\">30 ml<\/span><\/td>\n<td style=\"width: 33.3334%; text-align: center; height: 24px;\" colspan=\"2\"><span style=\"font-size: 18pt;\">693stuks<\/span><\/td>\n<td style=\"width: 33.3334%; text-align: center; height: 24px;\" colspan=\"2\"><span style=\"font-size: 18pt;\">48*38.5*41<\/span><\/td>\n<\/tr>\n<tr style=\"height: 24px;\">\n<td style=\"width: 33.3334%; text-align: center; height: 24px;\" colspan=\"2\"><span style=\"font-size: 18pt;\">50 ml<\/span><\/td>\n<td style=\"width: 33.3334%; text-align: center; height: 24px;\" colspan=\"2\"><span style=\"font-size: 18pt;\">518 stuks<\/span><\/td>\n<td style=\"width: 33.3334%; text-align: center; height: 24px;\" colspan=\"2\"><span style=\"font-size: 18pt;\">48*38.5*41<\/span><\/td>\n<\/tr>\n<tr style=\"height: 24px;\">\n<td style=\"width: 33.3334%; text-align: center; height: 24px;\" colspan=\"2\"><span style=\"font-size: 18pt;\">100 ml<\/span><\/td>\n<td style=\"width: 33.3334%; text-align: center; height: 24px;\" colspan=\"2\"><span style=\"font-size: 18pt;\">308 stuks<\/span><\/td>\n<td style=\"width: 33.3334%; text-align: center; height: 24px;\" colspan=\"2\"><span style=\"font-size: 18pt;\">48*37*41<\/span><\/td>\n<\/tr>\n<tr style=\"height: 24px;\">\n<td style=\"width: 33.3334%; text-align: center; height: 24px;\" colspan=\"2\"><span style=\"font-size: 18pt;\">120 ml<\/span><\/td>\n<td style=\"width: 33.3334%; text-align: center; height: 24px;\" colspan=\"2\"><span style=\"font-size: 18pt;\">260stuks<\/span><\/td>\n<td style=\"width: 33.3334%; text-align: center; height: 24px;\" colspan=\"2\"><span style=\"font-size: 18pt;\">48*37*41<\/span><\/td>\n<\/tr>\n<tr style=\"height: 24px;\">\n<td style=\"width: 33.3334%; text-align: center; height: 24px;\" colspan=\"2\">Pomp<\/td>\n<td style=\"width: 33.3334%; text-align: center; height: 24px;\" colspan=\"2\">539stuks<\/td>\n<td style=\"width: 33.3334%; text-align: center; height: 24px;\" colspan=\"2\">48*37*41<\/td>\n<\/tr>\n<\/tbody>\n<\/table>\n<p><span style=\"font-size: 14pt;\">Our JH-LWA35 serise Airless Bottle made of PP material. it is comes with a large diameter design, which is convenient for filling.<\/span><\/p>\n<p><span style=\"font-size: 14pt;\">We have designed four capacity sizes for this\u00a0 bottle, namely 30ml, 50ml, 100ml and 120ml,and the liquid output is 0.4 MT\/L.<\/span><\/p>\n<p><span style=\"font-size: 14pt;\">This bottle is composed of the bottle body, the vacuum inner plug, the snap ring and the vacuum pump. The buckle and pump are integrated into one design, making installation convenient. The large head and long mouth design makes it convenient to press and extract the liquid. Once the locking clip is tightened, it will not be possible to open it for a second filling. This significantly ensures the safety of the internal contents and prevents them from being contaminated again. Of course, his drawback is that he cannot be reused in a second instance.<\/span><\/p>\n<p><span style=\"font-size: 14pt;\">The liquid or emulsion is squeezed under vacuum pressure. The vacuum seal rises from the bottom and the liquid is pumped out. This design can ensure the cleanliness of the materials to a greater extent, preventing contamination. At the same time, it can also effectively preserve the activity of the contents. The smooth and round bottle design is simple and practical in shape.<\/span><\/p>\n<p><span style=\"font-size: 14pt;\">Voordat u dit product opnieuw gebruikt (wanneer het volledig is opgeladen), bevindt zich de vacu\u00fcmstekker onderaan. Tijdens gebruik stijgt de vacu\u00fcmstekker langzaam op. Na gebruik bereikt de vacu\u00fcmstekker de flessenmond en er is geen residu op de flessenwand.<\/span><\/p>\n<p><span style=\"font-size: 14pt;\">We can offer various customization options for the bottle body, such as color customization. We can conduct injection molding according to Pantone colors. We can also apply electroplating on the surface of the bottle to make its appearance more luxurious. Of course, it is essential to print logos, company information, and ingredient lists. Most of these customization options are for high-end product series. However, we can also provide label printing and labeling services for budget products. This way, we can fully meet the needs of different market positioning brands.<\/span><\/p>\n<p><span style=\"font-size: 14pt;\">In addition, the bottle body can be customized through various processes. For the vacuum pump, we also offer injection molding color customization services. The middle sleeve can be electroplated to meet different brand positioning requirements.<\/span><\/p>\n<p>&nbsp;<\/p>\n<p><img decoding=\"async\" class=\"alignnone wp-image-3096\" src=\"https:\/\/www.cosmepak.com\/wp-content\/uploads\/2025\/03\/12935261906_624076099.jpg\" alt=\"\" width=\"1359\" height=\"1359\" srcset=\"https:\/\/www.cosmepak.com\/wp-content\/uploads\/2025\/03\/12935261906_624076099.jpg 1000w, https:\/\/www.cosmepak.com\/wp-content\/uploads\/2025\/03\/12935261906_624076099-300x300.jpg 300w, https:\/\/www.cosmepak.com\/wp-content\/uploads\/2025\/03\/12935261906_624076099-150x150.jpg 150w, https:\/\/www.cosmepak.com\/wp-content\/uploads\/2025\/03\/12935261906_624076099-768x768.jpg 768w, https:\/\/www.cosmepak.com\/wp-content\/uploads\/2025\/03\/12935261906_624076099-12x12.jpg 12w, https:\/\/www.cosmepak.com\/wp-content\/uploads\/2025\/03\/12935261906_624076099-600x600.jpg 600w, https:\/\/www.cosmepak.com\/wp-content\/uploads\/2025\/03\/12935261906_624076099-100x100.jpg 100w\" sizes=\"(max-width: 1359px) 100vw, 1359px\" \/><\/p>\n<table style=\"border-collapse: collapse; width: 100%;\">\n<tbody>\n<tr>\n<td style=\"width: 33.3333%;\"><img decoding=\"async\" class=\"alignnone size-full wp-image-3098\" src=\"https:\/\/www.cosmepak.com\/wp-content\/uploads\/2025\/03\/12857091030_624076099.jpg\" alt=\"\" width=\"1000\" height=\"1000\" srcset=\"https:\/\/www.cosmepak.com\/wp-content\/uploads\/2025\/03\/12857091030_624076099.jpg 1000w, https:\/\/www.cosmepak.com\/wp-content\/uploads\/2025\/03\/12857091030_624076099-300x300.jpg 300w, https:\/\/www.cosmepak.com\/wp-content\/uploads\/2025\/03\/12857091030_624076099-150x150.jpg 150w, https:\/\/www.cosmepak.com\/wp-content\/uploads\/2025\/03\/12857091030_624076099-768x768.jpg 768w, https:\/\/www.cosmepak.com\/wp-content\/uploads\/2025\/03\/12857091030_624076099-12x12.jpg 12w, https:\/\/www.cosmepak.com\/wp-content\/uploads\/2025\/03\/12857091030_624076099-600x600.jpg 600w, https:\/\/www.cosmepak.com\/wp-content\/uploads\/2025\/03\/12857091030_624076099-100x100.jpg 100w\" sizes=\"(max-width: 1000px) 100vw, 1000px\" \/><\/td>\n<td style=\"width: 33.3333%;\"><img loading=\"lazy\" decoding=\"async\" class=\"alignnone size-full wp-image-3097\" src=\"https:\/\/www.cosmepak.com\/wp-content\/uploads\/2025\/03\/12935282281_624076099.jpg\" alt=\"\" width=\"1000\" height=\"1000\" srcset=\"https:\/\/www.cosmepak.com\/wp-content\/uploads\/2025\/03\/12935282281_624076099.jpg 1000w, https:\/\/www.cosmepak.com\/wp-content\/uploads\/2025\/03\/12935282281_624076099-300x300.jpg 300w, https:\/\/www.cosmepak.com\/wp-content\/uploads\/2025\/03\/12935282281_624076099-150x150.jpg 150w, https:\/\/www.cosmepak.com\/wp-content\/uploads\/2025\/03\/12935282281_624076099-768x768.jpg 768w, https:\/\/www.cosmepak.com\/wp-content\/uploads\/2025\/03\/12935282281_624076099-12x12.jpg 12w, https:\/\/www.cosmepak.com\/wp-content\/uploads\/2025\/03\/12935282281_624076099-600x600.jpg 600w, https:\/\/www.cosmepak.com\/wp-content\/uploads\/2025\/03\/12935282281_624076099-100x100.jpg 100w\" sizes=\"(max-width: 1000px) 100vw, 1000px\" \/><\/td>\n<td style=\"width: 33.3333%;\"><img loading=\"lazy\" decoding=\"async\" class=\"alignnone size-full wp-image-3099\" src=\"https:\/\/www.cosmepak.com\/wp-content\/uploads\/2025\/03\/12935291107_624076099-1.jpg\" alt=\"\" width=\"1000\" height=\"1000\" srcset=\"https:\/\/www.cosmepak.com\/wp-content\/uploads\/2025\/03\/12935291107_624076099-1.jpg 1000w, https:\/\/www.cosmepak.com\/wp-content\/uploads\/2025\/03\/12935291107_624076099-1-300x300.jpg 300w, https:\/\/www.cosmepak.com\/wp-content\/uploads\/2025\/03\/12935291107_624076099-1-150x150.jpg 150w, https:\/\/www.cosmepak.com\/wp-content\/uploads\/2025\/03\/12935291107_624076099-1-768x768.jpg 768w, https:\/\/www.cosmepak.com\/wp-content\/uploads\/2025\/03\/12935291107_624076099-1-12x12.jpg 12w, https:\/\/www.cosmepak.com\/wp-content\/uploads\/2025\/03\/12935291107_624076099-1-600x600.jpg 600w, https:\/\/www.cosmepak.com\/wp-content\/uploads\/2025\/03\/12935291107_624076099-1-100x100.jpg 100w\" sizes=\"(max-width: 1000px) 100vw, 1000px\" \/><\/td>\n<\/tr>\n<\/tbody>\n<\/table>\n<p><img loading=\"lazy\" decoding=\"async\" class=\"alignnone wp-image-3100\" src=\"https:\/\/www.cosmepak.com\/wp-content\/uploads\/2025\/03\/12857076527_624076099.jpg\" alt=\"\" width=\"1356\" height=\"1356\" srcset=\"https:\/\/www.cosmepak.com\/wp-content\/uploads\/2025\/03\/12857076527_624076099.jpg 1000w, https:\/\/www.cosmepak.com\/wp-content\/uploads\/2025\/03\/12857076527_624076099-300x300.jpg 300w, https:\/\/www.cosmepak.com\/wp-content\/uploads\/2025\/03\/12857076527_624076099-150x150.jpg 150w, https:\/\/www.cosmepak.com\/wp-content\/uploads\/2025\/03\/12857076527_624076099-768x768.jpg 768w, https:\/\/www.cosmepak.com\/wp-content\/uploads\/2025\/03\/12857076527_624076099-12x12.jpg 12w, https:\/\/www.cosmepak.com\/wp-content\/uploads\/2025\/03\/12857076527_624076099-600x600.jpg 600w, https:\/\/www.cosmepak.com\/wp-content\/uploads\/2025\/03\/12857076527_624076099-100x100.jpg 100w\" sizes=\"(max-width: 1356px) 100vw, 1356px\" \/><\/p>\n<p><img loading=\"lazy\" decoding=\"async\" class=\"alignnone size-full wp-image-1347\" src=\"https:\/\/www.cosmepak.com\/wp-content\/uploads\/2024\/12\/\u9996\u987519202_03.jpg\" alt=\"\" width=\"1920\" height=\"885\" srcset=\"https:\/\/www.cosmepak.com\/wp-content\/uploads\/2024\/12\/\u9996\u987519202_03.jpg 1920w, https:\/\/www.cosmepak.com\/wp-content\/uploads\/2024\/12\/\u9996\u987519202_03-300x138.jpg 300w, https:\/\/www.cosmepak.com\/wp-content\/uploads\/2024\/12\/\u9996\u987519202_03-1024x472.jpg 1024w, https:\/\/www.cosmepak.com\/wp-content\/uploads\/2024\/12\/\u9996\u987519202_03-768x354.jpg 768w, https:\/\/www.cosmepak.com\/wp-content\/uploads\/2024\/12\/\u9996\u987519202_03-1536x708.jpg 1536w, https:\/\/www.cosmepak.com\/wp-content\/uploads\/2024\/12\/\u9996\u987519202_03-600x277.jpg 600w\" sizes=\"(max-width: 1920px) 100vw, 1920px\" \/><\/p>\n<table style=\"border-collapse: collapse; width: 100%; height: 144px;\">\n<tbody>\n<tr style=\"height: 24px;\">\n<td style=\"width: 33.3333%; text-align: center; height: 24px;\"><span style=\"font-size: 14pt;\"><strong>Nadrukkelijk<\/strong><\/span><\/td>\n<td style=\"width: 33.3333%; text-align: center; height: 24px;\"><span style=\"font-size: 14pt;\"><strong>Luchtvracht<\/strong><\/span><\/td>\n<td style=\"width: 33.3333%; text-align: center; height: 24px;\"><span style=\"font-size: 14pt;\"><strong>Zeevoer<\/strong><\/span><\/td>\n<\/tr>\n<tr style=\"height: 24px;\">\n<td style=\"width: 33.3333%; text-align: center; height: 24px;\">Europa 4-6 dagen<\/td>\n<td style=\"width: 33.3333%; text-align: center; height: 24px;\">Europa 4-6 dagen<\/td>\n<td style=\"width: 33.3333%; text-align: center; height: 24px;\">Europa 25-35 dagen<\/td>\n<\/tr>\n<tr style=\"height: 24px;\">\n<td style=\"width: 33.3333%; text-align: center; height: 24px;\">Morth America 4-6 dagen<\/td>\n<td style=\"width: 33.3333%; text-align: center; height: 24px;\">Morth America 4-6 dagen<\/td>\n<td style=\"width: 33.3333%; text-align: center; height: 24px;\">Morth America 25-35 dagen<\/td>\n<\/tr>\n<tr style=\"height: 24px;\">\n<td style=\"width: 33.3333%; text-align: center; height: 24px;\">Zuidoost-Azi\u00eb 3-5 dagen<\/td>\n<td style=\"width: 33.3333%; text-align: center; height: 24px;\">Zuidoost-Azi\u00eb 3-5 dagen<\/td>\n<td style=\"width: 33.3333%; text-align: center; height: 24px;\">Zuidoost-Azi\u00eb 25-35 dagen<\/td>\n<\/tr>\n<tr style=\"height: 24px;\">\n<td style=\"width: 33.3333%; text-align: center; height: 24px;\">Het Midden-Oosten 4-6 dagen<\/td>\n<td style=\"width: 33.3333%; text-align: center; height: 24px;\">Het Midden-Oosten 4-6 dagen<\/td>\n<td style=\"width: 33.3333%; text-align: center; height: 24px;\">Het Midden-Oosten 25-35 dagen<\/td>\n<\/tr>\n<tr style=\"height: 24px;\">\n<td style=\"width: 33.3333%; text-align: center; height: 24px;\">Zuid-Afrika 5-8 dagen<\/td>\n<td style=\"width: 33.3333%; text-align: center; height: 24px;\">Zuid-Afrika 5-8 dagen<\/td>\n<td style=\"width: 33.3333%; text-align: center; height: 24px;\">Zuid-Afrika 25-35 dagen<\/td>\n<\/tr>\n<\/tbody>\n<\/table>\n<p><span style=\"font-size: 14pt;\"><strong>RFQ:\u00a0<\/strong><\/span><\/p>\n<p><span data-spm-anchor-id=\"a2700.pc-decorate.0.i3.75883333L8yZVb\">1. Waarom zou u van ons niet van andere leveranciers kopen?<br \/>\n\u2460 3 minuten ontworpen voor u.<br \/>\n\u2461 24 uur online service.<br \/>\n\u2462 7 dagen stock monsters\/ 15 dagen monster met aangepaste afdrukken.<br \/>\n\u2463 35 dagen doorlooptijd.<br \/>\n\u2464 Meer dan 10 jaar professionele cosmetische verpakkingsfabriek.<br \/>\n\u2465 Fabrieksuitlaten, de beste prijs en de beste service.<br \/>\n\u2466 E\u00e9n stationsoplossing voor cosmetische verpakkingen.<br \/>\n2. Wie zijn wij?<br \/>\nWe zijn gevestigd in Zhejiang, China, beginnen vanaf 2014, verkopen aan de binnenlandse markt (70,00%), Oceani\u00eb (8,00%), Mid Oost (7,00%), Eastern<br \/>\nAzi\u00eb (2,00%), Noord -Amerika (2,00%), West -Europa (2,00%), Zuidoost -Azi\u00eb (2,00%), Zuid -Azi\u00eb (1,00%), Zuid -Amerika (1,00%), zuidelijk<br \/>\nEuropa (1,00%), Midden -Amerika (1,00%), Noord -Europa (1,00%), Afrika (1,00%), Oost -Europa (1,00%). <\/span><\/p>\n<div>3. Hoe kunnen we kwaliteit garanderen?<br \/>\nAltijd een pre-productiemonster v\u00f3\u00f3r de massaproductie;<br \/>\n4. Wat kunt u van ons kopen?<br \/>\nGlas Flessen, Plastic Flessen\/Potten\/Tubers, Aluminium Flessen\/Potten\/Buizen enz. cosmetisch verpakkingsmateriaal.<br \/>\n5. Wie zijn wij?<br \/>\nWe are based in Zhejiang, China, start from 2014,sell to Domestic Market(70.00%),Oceania(8.00%),Mid East(7.00%), Eastern Asia(2.00%),North America(2.00%),Western Europe(2.00%),Southeast Asia(2.00%),South Asia(1.00%),South America(1.00%),Southern Europe(1.00%),Central America(1.00%),Northern<br \/>\n6. Welke diensten kunnen we bieden?<br \/>\nGeaccepteerde leveringsvoorwaarden: FOB, CFR, CIF;<\/div>\n<div>Geaccepteerde betalingsvaluta: USD, EUR, HKD, CNY;<\/div>\n<div>Geaccepteerde betalingstype: T\/T, L\/C, D\/P D\/A;<\/div>","protected":false},"excerpt":{"rendered":"<p>Model: JH-LWA35<\/p>\n<p>Materiaal : PP<\/p>\n<p>Capaciteit: 30ml\/50ml\/100ml\/120ml<\/p>\n<p>Gewicht: 44.3g \/ 49.3g \/ 58.6g \/ 63.4g<\/p>\n<p>Kleur: Accepteer aangepast (elke Pantone -kleur beschikbaar)<\/p>\n<p>Oppervlakteafwerking: schermafdrukken, heet stempelen, spuitgradi\u00ebnt, matte afwerking, etc.<\/p>\n<p>MOQ: 10000 stcs<\/p>\n<p>Voorbeeld: gratis voorbeelden beschikbaar<\/p>\n<p>&nbsp;<\/p>\n<p>&nbsp;<\/p>","protected":false},"featured_media":3100,"comment_status":"closed","ping_status":"closed","template":"","meta":{"_acf_changed":false},"product_brand":[],"product_cat":[35],"product_tag":[38],"class_list":{"0":"post-1380","1":"product","2":"type-product","3":"status-publish","4":"has-post-thumbnail","6":"product_cat-airless-bottle","7":"product_tag-airless-bottle","9":"first","10":"outofstock","11":"shipping-taxable","12":"product-type-simple"},"acf":[],"_links":{"self":[{"href":"https:\/\/www.cosmepak.com\/nl\/wp-json\/wp\/v2\/product\/1380","targetHints":{"allow":["GET"]}}],"collection":[{"href":"https:\/\/www.cosmepak.com\/nl\/wp-json\/wp\/v2\/product"}],"about":[{"href":"https:\/\/www.cosmepak.com\/nl\/wp-json\/wp\/v2\/types\/product"}],"replies":[{"embeddable":true,"href":"https:\/\/www.cosmepak.com\/nl\/wp-json\/wp\/v2\/comments?post=1380"}],"wp:featuredmedia":[{"embeddable":true,"href":"https:\/\/www.cosmepak.com\/nl\/wp-json\/wp\/v2\/media\/3100"}],"wp:attachment":[{"href":"https:\/\/www.cosmepak.com\/nl\/wp-json\/wp\/v2\/media?parent=1380"}],"wp:term":[{"taxonomy":"product_brand","embeddable":true,"href":"https:\/\/www.cosmepak.com\/nl\/wp-json\/wp\/v2\/product_brand?post=1380"},{"taxonomy":"product_cat","embeddable":true,"href":"https:\/\/www.cosmepak.com\/nl\/wp-json\/wp\/v2\/product_cat?post=1380"},{"taxonomy":"product_tag","embeddable":true,"href":"https:\/\/www.cosmepak.com\/nl\/wp-json\/wp\/v2\/product_tag?post=1380"}],"curies":[{"name":"WP","href":"https:\/\/api.w.org\/{rel}","templated":true}]}}