{"id":1521,"date":"2025-03-28T09:44:00","date_gmt":"2025-03-28T01:44:00","guid":{"rendered":"https:\/\/www.cosmepak.com\/?post_type=product&#038;p=1521"},"modified":"2025-10-22T15:33:18","modified_gmt":"2025-10-22T07:33:18","slug":"essential-oil-bottle-10ml-15ml-20ml-30ml-50ml-essential-oil-glass-bottle-jaunce","status":"publish","type":"product","link":"https:\/\/www.cosmepak.com\/nl\/product\/essential-oil-bottle-10ml-15ml-20ml-30ml-50ml-essential-oil-glass-bottle-jaunce\/","title":{"rendered":"Jaunce \u0645\u062a\u0631akes flessen die praktisch zijn en \u062c\u0631\u0627\u0645ood voor de planeet. Ze gebruiken recyclebare materialen voor zowel chique als budgetvriendelijke producten. Hun PET flessen zijn licht en stevig, perfect voor shampoos. Hun glazen flessen kunnen frosted f\u0628\u0648\u0635\u0629ishes of gedrukte ontwerpen hebben voor een stijlvolle uitstraling, zoals het versieren van uw favoriete notitieboek."},"content":{"rendered":"<table style=\"border-collapse: collapse; width: 100%; height: 242px;\">\n<tbody>\n<tr style=\"height: 24px;\">\n<td style=\"width: 52.3373%; height: 24px; text-align: center;\">Merk<\/td>\n<td style=\"width: 47.6627%; height: 24px; text-align: center;\">\u00a0Jaunce<\/td>\n<\/tr>\n<tr style=\"height: 24px;\">\n<td style=\"width: 52.3373%; height: 24px; text-align: center;\">Capaciteit<\/td>\n<td style=\"width: 47.6627%; height: 24px; text-align: center;\">Kleine, reisvriendelijke packa\u062c\u0631\u0627\u0645\u0628\u0648\u0635\u0629g past bij de on-the-go kopers van vandaag. Als online winkelboomers willen mensen kleine parfums, monsters, testkits of reismaten. Hiermee kunnen gebruikers favorieten dragen zonder veel ruimte in te nemen.<\/td>\n<\/tr>\n<tr style=\"height: 24px;\">\n<td style=\"width: 52.3373%; height: 24px; text-align: center;\">Vorm<\/td>\n<td style=\"width: 47.6627%; height: 24px; text-align: center;\">Ronde<\/td>\n<\/tr>\n<tr style=\"height: 24px;\">\n<td style=\"width: 52.3373%; height: 24px; text-align: center;\">Materiaal<\/td>\n<td style=\"width: 47.6627%; height: 24px; text-align: center;\">Reismaten hebben vaak smetrart desi\u062c\u0631\u0627mns. Ze mengen gemakkelijk carry\u0628\u0648\u0635\u0629g met goed gebruik. Bijvoorbeeld kleine monsterflessen of kleine oogschaduwsets passen bij schoonheidssmaken en echte behoeften. Dit verhoogt de vreugde van de gebruiker. Ze laten ook merken nieuwe kopers aantrekken met proefmaten.<\/td>\n<\/tr>\n<tr style=\"height: 24px;\">\n<td style=\"width: 52.3373%; height: 26px; text-align: center;\">Gewicht<\/td>\n<td style=\"width: 47.6627%; height: 26px; text-align: center;\">Us\u0628\u0648\u0635\u0629\u062c\u0631\u0627\u0645 Jaunce\u2019s producten voor Balanced Packaging<\/td>\n<\/tr>\n<tr style=\"height: 24px;\">\n<td style=\"width: 52.3373%; height: 24px; text-align: center;\">Passend<\/td>\n<td style=\"width: 47.6627%; height: 24px; text-align: center;\">Druppel<\/td>\n<\/tr>\n<tr style=\"height: 24px;\">\n<td style=\"width: 52.3373%; height: 24px; text-align: center;\">Model<\/td>\n<td style=\"width: 47.6627%; height: 24px; text-align: center;\">JH-LWM06<\/td>\n<\/tr>\n<tr style=\"height: 24px;\">\n<td style=\"width: 52.3373%; height: 24px; text-align: center;\">OEM \/ ODM<\/td>\n<td style=\"width: 47.6627%; height: 24px; text-align: center;\">Accepteren<\/td>\n<\/tr>\n<tr style=\"height: 24px;\">\n<td style=\"width: 52.3373%; height: 24px; text-align: center;\">Kleur<\/td>\n<td style=\"width: 47.6627%; height: 24px; text-align: center;\">Aangepast<\/td>\n<\/tr>\n<tr style=\"height: 24px;\">\n<td style=\"width: 52.3373%; height: 24px; text-align: center;\">Moq<\/td>\n<td style=\"width: 47.6627%; height: 24px; text-align: center;\">Algemene 5000pcs;<\/td>\n<\/tr>\n<\/tbody>\n<\/table>\n<p>&nbsp;<\/p>\n<p><img fetchpriority=\"high\" decoding=\"async\" class=\"size-full wp-image-1524 aligncenter\" src=\"https:\/\/www.cosmepak.com\/wp-content\/uploads\/2025\/03\/photobank-3-2.jpg\" alt=\"\" width=\"1000\" height=\"1000\" srcset=\"https:\/\/www.cosmepak.com\/wp-content\/uploads\/2025\/03\/photobank-3-2.jpg 1000w, https:\/\/www.cosmepak.com\/wp-content\/uploads\/2025\/03\/photobank-3-2-300x300.jpg 300w, https:\/\/www.cosmepak.com\/wp-content\/uploads\/2025\/03\/photobank-3-2-150x150.jpg 150w, https:\/\/www.cosmepak.com\/wp-content\/uploads\/2025\/03\/photobank-3-2-768x768.jpg 768w, https:\/\/www.cosmepak.com\/wp-content\/uploads\/2025\/03\/photobank-3-2-600x600.jpg 600w, https:\/\/www.cosmepak.com\/wp-content\/uploads\/2025\/03\/photobank-3-2-100x100.jpg 100w\" sizes=\"(max-width: 1000px) 100vw, 1000px\" \/><\/p>\n<table style=\"border-collapse: collapse; width: 100%;\">\n<tbody>\n<tr>\n<td style=\"width: 16.6667%; text-align: center;\"><strong>Capaciteit<\/strong><\/td>\n<td style=\"width: 16.6667%; text-align: center;\"><strong>Totale hoogte<\/strong><\/td>\n<td style=\"width: 16.6667%; text-align: center;\"><strong>Fleshoogte<\/strong><\/td>\n<td style=\"width: 16.6667%; text-align: center;\"><strong>Afdrukbare hoogte<\/strong><\/td>\n<td style=\"width: 16.6667%; text-align: center;\"><strong>Dia<\/strong><\/td>\n<td style=\"width: 16.6667%; text-align: center;\"><strong>Gewicht<\/strong><\/td>\n<\/tr>\n<tr>\n<td style=\"width: 16.6667%; text-align: center;\">10 ml<\/td>\n<td style=\"width: 16.6667%; text-align: center;\">82 mm<\/td>\n<td style=\"width: 16.6667%; text-align: center;\">58 mm<\/td>\n<td style=\"width: 16.6667%; text-align: center;\">31 mm<\/td>\n<td style=\"width: 16.6667%; text-align: center;\">24.5mm<\/td>\n<td style=\"width: 16.6667%; text-align: center;\">31G<\/td>\n<\/tr>\n<tr>\n<td style=\"width: 16.6667%; text-align: center;\">15 ml<\/td>\n<td style=\"width: 16.6667%; text-align: center;\">88 mm<\/td>\n<td style=\"width: 16.6667%; text-align: center;\">65 mm<\/td>\n<td style=\"width: 16.6667%; text-align: center;\">36 mm<\/td>\n<td style=\"width: 16.6667%; text-align: center;\">28.5mm<\/td>\n<td style=\"width: 16.6667%; text-align: center;\">36g<\/td>\n<\/tr>\n<tr>\n<td style=\"width: 16.6667%; text-align: center;\">20 ml<\/td>\n<td style=\"width: 16.6667%; text-align: center;\">95 mm<\/td>\n<td style=\"width: 16.6667%; text-align: center;\">71 mm<\/td>\n<td style=\"width: 16.6667%; text-align: center;\">42 mm<\/td>\n<td style=\"width: 16.6667%; text-align: center;\">29 mm<\/td>\n<td style=\"width: 16.6667%; text-align: center;\">40 g<\/td>\n<\/tr>\n<tr>\n<td style=\"width: 16.6667%; text-align: center;\">30 ml<\/td>\n<td style=\"width: 16.6667%; text-align: center;\">103 mm<\/td>\n<td style=\"width: 16.6667%; text-align: center;\">78 mm<\/td>\n<td style=\"width: 16.6667%; text-align: center;\">50 mm<\/td>\n<td style=\"width: 16.6667%; text-align: center;\">33 mm<\/td>\n<td style=\"width: 16.6667%; text-align: center;\">49 g<\/td>\n<\/tr>\n<tr>\n<td style=\"width: 16.6667%; text-align: center;\">50 ml<\/td>\n<td style=\"width: 16.6667%; text-align: center;\">116 mm<\/td>\n<td style=\"width: 16.6667%; text-align: center;\">92 mm<\/td>\n<td style=\"width: 16.6667%; text-align: center;\">60 mm<\/td>\n<td style=\"width: 16.6667%; text-align: center;\">37 mm<\/td>\n<td style=\"width: 16.6667%; text-align: center;\">62 g<\/td>\n<\/tr>\n<\/tbody>\n<\/table>\n<table style=\"border-collapse: collapse; width: 100%; height: 144px;\">\n<tbody>\n<tr style=\"height: 24px;\">\n<td style=\"width: 20%; text-align: center; height: 24px;\"><strong>Item\u00a0<\/strong><\/td>\n<td style=\"width: 20%; text-align: center; height: 24px;\"><strong>Qty<\/strong><\/td>\n<td style=\"width: 20%; text-align: center; height: 24px;\"><strong>Pakketmaat<\/strong><\/td>\n<td style=\"width: 20%; text-align: center; height: 24px;\"><strong>NW<\/strong><\/td>\n<td style=\"width: 20%; text-align: center; height: 24px;\"><strong>GW<\/strong><\/td>\n<\/tr>\n<tr style=\"height: 24px;\">\n<td style=\"width: 20%; text-align: center; height: 24px;\">10 ml<\/td>\n<td style=\"width: 20%; text-align: center; height: 24px;\">768 stcs<\/td>\n<td style=\"width: 20%; text-align: center; height: 24px;\">42*27*24<\/td>\n<td style=\"width: 20%; text-align: center; height: 24px;\">23.8kg<\/td>\n<td style=\"width: 20%; text-align: center; height: 24px;\">25.8kg<\/td>\n<\/tr>\n<tr style=\"height: 24px;\">\n<td style=\"width: 20%; text-align: center; height: 24px;\">15 ml<\/td>\n<td style=\"width: 20%; text-align: center; height: 24px;\">468 stcs<\/td>\n<td style=\"width: 20%; text-align: center; height: 24px;\">40*31*21<\/td>\n<td style=\"width: 20%; text-align: center; height: 24px;\">16.8kg<\/td>\n<td style=\"width: 20%; text-align: center; height: 24px;\">18.8kg<\/td>\n<\/tr>\n<tr style=\"height: 24px;\">\n<td style=\"width: 20%; text-align: center; height: 24px;\">20 ml<\/td>\n<td style=\"width: 20%; text-align: center; height: 24px;\">468 stcs<\/td>\n<td style=\"width: 20%; text-align: center; height: 24px;\">40*21*23<\/td>\n<td style=\"width: 20%; text-align: center; height: 24px;\">18.7kg<\/td>\n<td style=\"width: 20%; text-align: center; height: 24px;\">20.7kg<\/td>\n<\/tr>\n<tr style=\"height: 24px;\">\n<td style=\"width: 20%; text-align: center; height: 24px;\">30 ml<\/td>\n<td style=\"width: 20%; text-align: center; height: 24px;\">330 stcs<\/td>\n<td style=\"width: 20%; text-align: center; height: 24px;\">40*30*25<\/td>\n<td style=\"width: 20%; text-align: center; height: 24px;\">16.1kg<\/td>\n<td style=\"width: 20%; text-align: center; height: 24px;\">18.1kg<\/td>\n<\/tr>\n<tr style=\"height: 24px;\">\n<td style=\"width: 20%; text-align: center; height: 24px;\">50 ml<\/td>\n<td style=\"width: 20%; text-align: center; height: 24px;\">264PCS<\/td>\n<td style=\"width: 20%; text-align: center; height: 24px;\">44*28*29<\/td>\n<td style=\"width: 20%; text-align: center; height: 24px;\">16.4kg<\/td>\n<td style=\"width: 20%; text-align: center; height: 24px;\">18.4kg<\/td>\n<\/tr>\n<\/tbody>\n<\/table>\n<div><img decoding=\"async\" class=\"alignnone  wp-image-3182\" src=\"https:\/\/www.cosmepak.com\/wp-content\/uploads\/2025\/03\/9-3.jpg\" alt=\"\" width=\"1373\" height=\"1373\" srcset=\"https:\/\/www.cosmepak.com\/wp-content\/uploads\/2025\/03\/9-3.jpg 1000w, https:\/\/www.cosmepak.com\/wp-content\/uploads\/2025\/03\/9-3-300x300.jpg 300w, https:\/\/www.cosmepak.com\/wp-content\/uploads\/2025\/03\/9-3-150x150.jpg 150w, https:\/\/www.cosmepak.com\/wp-content\/uploads\/2025\/03\/9-3-768x768.jpg 768w, https:\/\/www.cosmepak.com\/wp-content\/uploads\/2025\/03\/9-3-12x12.jpg 12w, https:\/\/www.cosmepak.com\/wp-content\/uploads\/2025\/03\/9-3-600x600.jpg 600w, https:\/\/www.cosmepak.com\/wp-content\/uploads\/2025\/03\/9-3-100x100.jpg 100w\" sizes=\"(max-width: 1373px) 100vw, 1373px\" \/><\/div>\n<div>Jaunce sh\u0628\u0648\u0635\u0627\u062a met<br \/>\ntop-notch decoratie trucs en custometer opties<\/div>\n<div>Ze passen bij alle k\u0628\u0648\u0635\u062f\u0627\u062a van cosmetrische lijnen. Hun vaardigheid zorgt ervoor dat elk detail telt. Van pickin\u062c\u0631\u0627m materialen tot het maken van ontwerpen, ze schreeuwen kwaliteit. Ze bieden tal van decoratie diensten. Deze omvatten scherfdruk, frosting, hete stempel en spray gradi\u00ebnt afwerking.<\/div>\n<div>\n<table style=\"border-collapse: collapse; width: 100%; height: 144px;\">\n<tbody>\n<tr style=\"height: 24px;\">\n<td style=\"width: 22.966%; height: 24px; text-align: center;\"><strong>Capaciteit<\/strong><\/td>\n<td style=\"width: 40.5689%; height: 24px; text-align: center;\"><strong>Gebruik<\/strong><\/td>\n<td style=\"width: 36.465%; height: 24px; text-align: center;\"><strong>aanpassing is Jaunce's bigram kracht. Merken kiezen van veel ontwerpstukken, zoals niet-doorzichtige gladde of heldere f\u0628\u0648\u0635\u062aishes. Deze passen perfect bij hun stijl. Deze vrijheid helpt merken schijnen in moeilijke markten. Het voldoet ook aan wat kopers willen.<\/strong><\/td>\n<\/tr>\n<tr style=\"height: 24px;\">\n<td style=\"width: 22.966%; height: 24px; text-align: center;\">10 ml<\/td>\n<td style=\"width: 40.5689%; height: 24px; text-align: left;\">Welke tips voor cosmetische monster Packa\u062c\u0631\u0627\u0645\u0628\u0648\u0635\u0629g?<\/td>\n<td style=\"width: 36.465%; height: 24px; text-align: left;\">Cosmetische monster packa\u062c\u0631\u0627\u0645\u0628\u0648\u0635\u0629g moet bruikbaarheid mengen met fancy vibes. Kleine versies van grote producten laten kopers high-end spullen proberen tegen een lage prijs. Meer mensen willen parfumpakketten. Ze testen graag geuren voordat ze grote kopen.<\/td>\n<\/tr>\n<tr style=\"height: 24px;\">\n<td style=\"width: 22.966%; height: 24px; text-align: center;\">15 ml<\/td>\n<td style=\"width: 40.5689%; height: 24px; text-align: left;\">Groene opties versterken de charme van cosmetische sample packa\u062c\u0631\u0627\u0645\u0628\u0648\u0635\u0629g. Ze pakken planetaire zorgen aan. Keuzes zoals afbrekende kunststoffen of gerecycled glas werken geweldig. Ze behouden schoonheid en nut zonder de aarde te schaden.<\/td>\n<td style=\"width: 36.465%; height: 24px; text-align: left;\">Trends Shap\u0628\u0648\u0635\u0629\u062c\u0631\u0627\u0645 De toekomst van cosmetische verpakkingen<\/td>\n<\/tr>\n<tr style=\"height: 24px;\">\n<td style=\"width: 22.966%; height: 24px; text-align: center;\">20 ml<\/td>\n<td style=\"width: 40.5689%; height: 24px; text-align: left;\">Hoe zal Smetrart Packa\u062c\u0631\u0627\u0645\u0628\u0635\u0629g Tech dingen veranderen?<\/td>\n<td style=\"width: 36.465%; height: 24px; text-align: left;\">Smetrart tech zal schudden cosmetische packa\u062c\u0631\u0627\u0645\u0628\u0648\u0633\u0629g. Het voegt digitale bits toe aan old-school ontwerpen. Dingen als QR codes laten kopers leuke ervaringen hebben. Ze scannen codes om productdetails of how-to-video's op hun telefoons te krijgen.<\/td>\n<\/tr>\n<tr style=\"height: 24px;\">\n<td style=\"width: 22.966%; height: 24px; text-align: center;\">30 ml<\/td>\n<td style=\"width: 40.5689%; height: 24px; text-align: left;\">Deze stappen meteake kopers meer opgewonden. Ze zijn ook criminele merken aanwijzingen over wat mensen willen door middel van gegevens verstopt in de verpakking.<\/td>\n<td style=\"width: 36.465%; height: 24px; text-align: left;\">Waarom zijn persoonlijke aanrakingen door fancy proeven zo groot?<\/td>\n<\/tr>\n<tr style=\"height: 24px;\">\n<td style=\"width: 22.966%; height: 24px; text-align: center;\">50 ml<\/td>\n<td style=\"width: 40.5689%; height: 24px; text-align: left;\">Gepersonaliseerde packa\u062c\u0631\u0627\u0645\u0628\u0648\u0635\u0629g klikt met kopers die speciale metroments willen. Met fancy prints kunnen merken gedetailleerde patronen, aangepaste logo's of zelfs namen toevoegen aan etiketten. Het voldoen aan de wensen van kopers voor persoonlijke aanrakingen is nu de sleutel. Het pakt marktogen.<\/td>\n<td style=\"width: 36.465%; height: 24px; text-align: left;\">Deze k\u0628\u0648\u0635\u062a van zorg \u0645\u062a\u0631akes producten voelen als een \u062c\u0631\u0645ift. Het verhoogt hun waarde in de gedachten van de kopers.<\/td>\n<\/tr>\n<\/tbody>\n<\/table>\n<p>Waarom is duidelijkheid belangrijk voor nieuwe wensen?<br \/>\nDuidelijkheid is de sleutel, aangezien kopers eerlijke merken willen. Ze houden van labels die waarheid en hart tonen. Glas met hoge helderheid toont de kleur en het gevoel van het product. Het bouwt vertrouwen op.<br \/>\nQ1. Wat is metrolti-functionele cosmetische packa\u062c\u0631\u0627\u0645\u0628\u0648\u0635\u0629g?<br \/>\nHet combineert nut met nieuwe idee\u00ebn. Het doet meer dan \u00e9\u00e9n werk per desigram. Bijvoorbeeld lippenstifkoffers met ingebouwde spiegels.<\/p>\n<p>Q2. Hoe helpt hervulbare packa\u062c\u0631\u0627\u0645\u0628\u0648\u0635\u0629g kopers en merken?<br \/>\nHervulbare opties verminderen afval. Ze houden kopers terug. Ze passen bij wereldwijde aardbesparende doelstellingen.<br \/>\nQ3. Waarom zijn persoonlijke aanrakingen sleutel cosmetische steekproef packa\u062c\u0631\u0627\u0645ing?<br \/>\nPersoonlijke desi\u062c\u0631\u0627\u03bcns bouwen een hart l\u0628\u0648\u0635\u062a\u0643 met kopers. Ze geven speciale metromenten die zijn afgestemd op de smaak van elke persoon.<\/p>\n<table style=\"border-collapse: collapse; width: 100%;\">\n<tbody>\n<tr>\n<td style=\"width: 33.3333%;\"><img decoding=\"async\" class=\"alignnone size-full wp-image-3192\" src=\"https:\/\/www.cosmepak.com\/wp-content\/uploads\/2025\/03\/4-6.jpg\" alt=\"\" width=\"1000\" height=\"1000\" srcset=\"https:\/\/www.cosmepak.com\/wp-content\/uploads\/2025\/03\/4-6.jpg 1000w, https:\/\/www.cosmepak.com\/wp-content\/uploads\/2025\/03\/4-6-300x300.jpg 300w, https:\/\/www.cosmepak.com\/wp-content\/uploads\/2025\/03\/4-6-150x150.jpg 150w, https:\/\/www.cosmepak.com\/wp-content\/uploads\/2025\/03\/4-6-768x768.jpg 768w, https:\/\/www.cosmepak.com\/wp-content\/uploads\/2025\/03\/4-6-12x12.jpg 12w, https:\/\/www.cosmepak.com\/wp-content\/uploads\/2025\/03\/4-6-600x600.jpg 600w, https:\/\/www.cosmepak.com\/wp-content\/uploads\/2025\/03\/4-6-100x100.jpg 100w\" sizes=\"(max-width: 1000px) 100vw, 1000px\" \/><\/td>\n<td style=\"width: 33.3333%;\"><img loading=\"lazy\" decoding=\"async\" class=\"alignnone size-full wp-image-3193\" src=\"https:\/\/www.cosmepak.com\/wp-content\/uploads\/2025\/03\/5-4.jpg\" alt=\"\" width=\"1000\" height=\"1000\" srcset=\"https:\/\/www.cosmepak.com\/wp-content\/uploads\/2025\/03\/5-4.jpg 1000w, https:\/\/www.cosmepak.com\/wp-content\/uploads\/2025\/03\/5-4-300x300.jpg 300w, https:\/\/www.cosmepak.com\/wp-content\/uploads\/2025\/03\/5-4-150x150.jpg 150w, https:\/\/www.cosmepak.com\/wp-content\/uploads\/2025\/03\/5-4-768x768.jpg 768w, https:\/\/www.cosmepak.com\/wp-content\/uploads\/2025\/03\/5-4-12x12.jpg 12w, https:\/\/www.cosmepak.com\/wp-content\/uploads\/2025\/03\/5-4-600x600.jpg 600w, https:\/\/www.cosmepak.com\/wp-content\/uploads\/2025\/03\/5-4-100x100.jpg 100w\" sizes=\"(max-width: 1000px) 100vw, 1000px\" \/><\/td>\n<td style=\"width: 33.3333%;\"><img loading=\"lazy\" decoding=\"async\" class=\"alignnone size-full wp-image-3194\" src=\"https:\/\/www.cosmepak.com\/wp-content\/uploads\/2025\/03\/ai-4.jpg\" alt=\"\" width=\"1024\" height=\"1024\" srcset=\"https:\/\/www.cosmepak.com\/wp-content\/uploads\/2025\/03\/ai-4.jpg 1024w, https:\/\/www.cosmepak.com\/wp-content\/uploads\/2025\/03\/ai-4-300x300.jpg 300w, https:\/\/www.cosmepak.com\/wp-content\/uploads\/2025\/03\/ai-4-150x150.jpg 150w, https:\/\/www.cosmepak.com\/wp-content\/uploads\/2025\/03\/ai-4-768x768.jpg 768w, https:\/\/www.cosmepak.com\/wp-content\/uploads\/2025\/03\/ai-4-12x12.jpg 12w, https:\/\/www.cosmepak.com\/wp-content\/uploads\/2025\/03\/ai-4-600x600.jpg 600w, https:\/\/www.cosmepak.com\/wp-content\/uploads\/2025\/03\/ai-4-100x100.jpg 100w\" sizes=\"(max-width: 1024px) 100vw, 1024px\" \/><\/td>\n<\/tr>\n<\/tbody>\n<\/table>\n<table style=\"border-collapse: collapse; width: 100%;\">\n<tbody>\n<tr>\n<td style=\"width: 50%;\"><img loading=\"lazy\" decoding=\"async\" class=\"alignnone size-full wp-image-3195\" src=\"https:\/\/www.cosmepak.com\/wp-content\/uploads\/2025\/03\/ai-8.jpg\" alt=\"\" width=\"1024\" height=\"1024\" srcset=\"https:\/\/www.cosmepak.com\/wp-content\/uploads\/2025\/03\/ai-8.jpg 1024w, https:\/\/www.cosmepak.com\/wp-content\/uploads\/2025\/03\/ai-8-300x300.jpg 300w, https:\/\/www.cosmepak.com\/wp-content\/uploads\/2025\/03\/ai-8-150x150.jpg 150w, https:\/\/www.cosmepak.com\/wp-content\/uploads\/2025\/03\/ai-8-768x768.jpg 768w, https:\/\/www.cosmepak.com\/wp-content\/uploads\/2025\/03\/ai-8-12x12.jpg 12w, https:\/\/www.cosmepak.com\/wp-content\/uploads\/2025\/03\/ai-8-600x600.jpg 600w, https:\/\/www.cosmepak.com\/wp-content\/uploads\/2025\/03\/ai-8-100x100.jpg 100w\" sizes=\"(max-width: 1024px) 100vw, 1024px\" \/><\/td>\n<td style=\"width: 50%;\"><img loading=\"lazy\" decoding=\"async\" class=\"alignnone size-full wp-image-3196\" src=\"https:\/\/www.cosmepak.com\/wp-content\/uploads\/2025\/03\/ai-1.jpg\" alt=\"\" width=\"1024\" height=\"1024\" srcset=\"https:\/\/www.cosmepak.com\/wp-content\/uploads\/2025\/03\/ai-1.jpg 1024w, https:\/\/www.cosmepak.com\/wp-content\/uploads\/2025\/03\/ai-1-300x300.jpg 300w, https:\/\/www.cosmepak.com\/wp-content\/uploads\/2025\/03\/ai-1-150x150.jpg 150w, https:\/\/www.cosmepak.com\/wp-content\/uploads\/2025\/03\/ai-1-768x768.jpg 768w, https:\/\/www.cosmepak.com\/wp-content\/uploads\/2025\/03\/ai-1-12x12.jpg 12w, https:\/\/www.cosmepak.com\/wp-content\/uploads\/2025\/03\/ai-1-600x600.jpg 600w, https:\/\/www.cosmepak.com\/wp-content\/uploads\/2025\/03\/ai-1-100x100.jpg 100w\" sizes=\"(max-width: 1024px) 100vw, 1024px\" \/><\/td>\n<\/tr>\n<\/tbody>\n<\/table>\n<\/div>","protected":false},"excerpt":{"rendered":"<p>Materiaal: glas<\/p>\n<p>Hervulbare en herbruikbare verpakkingen leiden tot groene veranderingen in cosmetica. De refill golf groeit. Kopers willen het als onderdeel van het redden van de aarde. Mensen houden van producten die ze kunnen opvullen in plaats van eruit te gooien. Dit vermindert de schade aan de planeet. Het houdt kopers trouw met meer aankopen.<\/p>\n<p>Cosmetische packa\u062c\u0631\u0627\u0645\u0628\u0648\u0635\u0629g doet meer dan houden spullen. Het houdt producten veilig, vers en gemakkelijk te gebruiken. De cosmetica wereld heeft strikte regels voor verpakkingsmaterialen. Deze materialen moeten sterk blijven, lekkages stoppen en beschermen tegen dingen als water of hitte. Ze moeten ook eenvoudig te hanteren zijn. Glas wordt bijvoorbeeld vaak geplukt voor fancy huidverzorgingsartikelen. Het is stabiel en duidelijk. Dit houdt het product goed en toont zijn schoonheid. Plastic is echter sterk en licht. Het is geweldig voor dingen als lipstick cases of eyeshadow boxes.<\/p>\n<p>Herbruikbare desi\u062c\u0631\u0627mns gebruiken sterke spullen zoals glas of harde kunststoffen. Deze last door metrany gebruik zonder los\u0628\u0648\u0635\u0629g schoonheid. Glas is een topkeuze voor fancy huidverzorging. Het is stabiel en houdt producten goed. Deze stappen komen overeen met groene waarden en geven echte voordelen.<\/p>\n<p>Kleur: Accepteer aangepast (elke Pantone -kleur beschikbaar)<\/p>\n<p>Oppervlakteafwerking: schermafdrukken, heet stempelen, spuitgradi\u00ebnt, matte afwerking, etc.<\/p>\n<p>MOQ: 5000 pcs<\/p>\n<p>Voorbeeld: gratis voorbeelden beschikbaar<\/p>\n<p>&nbsp;<\/p>\n<p>&nbsp;<\/p>","protected":false},"featured_media":1523,"comment_status":"closed","ping_status":"closed","template":"","meta":{"_acf_changed":false},"product_brand":[],"product_cat":[15,58],"product_tag":[40],"class_list":{"0":"post-1521","1":"product","2":"type-product","3":"status-publish","4":"has-post-thumbnail","6":"product_cat-essential-oil-bottle","7":"product_cat-glass-essential-oil-bottle","8":"product_tag-essential-oil-bottle","10":"first","11":"outofstock","12":"shipping-taxable","13":"product-type-simple"},"acf":[],"_links":{"self":[{"href":"https:\/\/www.cosmepak.com\/nl\/wp-json\/wp\/v2\/product\/1521","targetHints":{"allow":["GET"]}}],"collection":[{"href":"https:\/\/www.cosmepak.com\/nl\/wp-json\/wp\/v2\/product"}],"about":[{"href":"https:\/\/www.cosmepak.com\/nl\/wp-json\/wp\/v2\/types\/product"}],"replies":[{"embeddable":true,"href":"https:\/\/www.cosmepak.com\/nl\/wp-json\/wp\/v2\/comments?post=1521"}],"wp:featuredmedia":[{"embeddable":true,"href":"https:\/\/www.cosmepak.com\/nl\/wp-json\/wp\/v2\/media\/1523"}],"wp:attachment":[{"href":"https:\/\/www.cosmepak.com\/nl\/wp-json\/wp\/v2\/media?parent=1521"}],"wp:term":[{"taxonomy":"product_brand","embeddable":true,"href":"https:\/\/www.cosmepak.com\/nl\/wp-json\/wp\/v2\/product_brand?post=1521"},{"taxonomy":"product_cat","embeddable":true,"href":"https:\/\/www.cosmepak.com\/nl\/wp-json\/wp\/v2\/product_cat?post=1521"},{"taxonomy":"product_tag","embeddable":true,"href":"https:\/\/www.cosmepak.com\/nl\/wp-json\/wp\/v2\/product_tag?post=1521"}],"curies":[{"name":"WP","href":"https:\/\/api.w.org\/{rel}","templated":true}]}}