{"id":1603,"date":"2025-03-28T14:45:25","date_gmt":"2025-03-28T06:45:25","guid":{"rendered":"https:\/\/www.cosmepak.com\/?post_type=product&#038;p=1603"},"modified":"2026-04-22T16:13:25","modified_gmt":"2026-04-22T08:13:25","slug":"hot-selling-20g-50g-100g-plastic-jar-cosmetic-cream-jar-jaunce","status":"publish","type":"product","link":"https:\/\/www.cosmepak.com\/nl\/product\/hot-selling-20g-50g-100g-plastic-jar-cosmetic-cream-jar-jaunce\/","title":{"rendered":"Airless cosmetische pompflessen van Jaunce"},"content":{"rendered":"<table style=\"border-collapse: collapse; width: 100%; height: 120px;\">\n<tbody>\n<tr style=\"height: 24px;\">\n<td style=\"width: 33.3333%; height: 120px;\" rowspan=\"5\"><img fetchpriority=\"high\" decoding=\"async\" class=\"alignnone size-full wp-image-3280\" src=\"https:\/\/www.cosmepak.com\/wp-content\/uploads\/2025\/03\/\u4e3b\u56fe-6.jpg\" alt=\"\" width=\"800\" height=\"800\" srcset=\"https:\/\/www.cosmepak.com\/wp-content\/uploads\/2025\/03\/\u4e3b\u56fe-6.jpg 800w, https:\/\/www.cosmepak.com\/wp-content\/uploads\/2025\/03\/\u4e3b\u56fe-6-300x300.jpg 300w, https:\/\/www.cosmepak.com\/wp-content\/uploads\/2025\/03\/\u4e3b\u56fe-6-150x150.jpg 150w, https:\/\/www.cosmepak.com\/wp-content\/uploads\/2025\/03\/\u4e3b\u56fe-6-768x768.jpg 768w, https:\/\/www.cosmepak.com\/wp-content\/uploads\/2025\/03\/\u4e3b\u56fe-6-12x12.jpg 12w, https:\/\/www.cosmepak.com\/wp-content\/uploads\/2025\/03\/\u4e3b\u56fe-6-600x600.jpg 600w, https:\/\/www.cosmepak.com\/wp-content\/uploads\/2025\/03\/\u4e3b\u56fe-6-100x100.jpg 100w\" sizes=\"(max-width: 800px) 100vw, 800px\" \/><\/td>\n<td style=\"width: 33.122%; height: 24px; text-align: center;\">Merk<\/td>\n<td style=\"width: 33.5446%; height: 24px; text-align: center;\">Jaunce<\/td>\n<\/tr>\n<tr style=\"height: 24px;\">\n<td style=\"width: 33.122%; height: 24px; text-align: center;\">Model<\/td>\n<td style=\"width: 33.5446%; height: 24px; text-align: center;\">Milieuvriendelijke packa\u062c\u0631\u0627\u0645\u0628\u0648\u0635\u0629g is vandaag een metroust. Het kan ook goed werken zonder kwaliteit te verliezen.<\/td>\n<\/tr>\n<tr style=\"height: 24px;\">\n<td style=\"width: 33.122%; height: 24px; text-align: center;\">Bekwaamheid<\/td>\n<td style=\"width: 33.5446%; height: 24px; text-align: center;\">Waarom is Eco-Friendly Packa\u062c\u0631\u0627\u0645\u0628\u0635\u0629g vandaag essentieel?<\/td>\n<\/tr>\n<tr style=\"height: 24px;\">\n<td style=\"width: 33.122%; height: 24px; text-align: center;\">Kleur<\/td>\n<td style=\"width: 33.5446%; height: 24px; text-align: center;\">aangepast<\/td>\n<\/tr>\n<tr style=\"height: 24px;\">\n<td style=\"width: 33.122%; height: 24px; text-align: center;\">Materiaal<\/td>\n<td style=\"width: 33.5446%; height: 24px; text-align: center;\">PP<\/td>\n<\/tr>\n<\/tbody>\n<\/table>\n<table style=\"border-collapse: collapse; width: 100%; height: 96px;\">\n<tbody>\n<tr style=\"height: 24px;\">\n<td style=\"width: 12.0179%; text-align: center; height: 24px;\"><strong>Capaciteit<\/strong><\/td>\n<td style=\"width: 13.4217%; text-align: center; height: 24px;\"><strong>Totale hoogte<\/strong><\/td>\n<td style=\"width: 13.6377%; text-align: center; height: 24px;\"><strong>Fleshoogte<\/strong><\/td>\n<td style=\"width: 15.5817%; text-align: center; height: 24px;\"><strong>Afdrukbare hoogte<\/strong><\/td>\n<td style=\"width: 16.3375%; text-align: center; height: 24px;\"><strong>Mensen willen producten die k\u0628\u0648\u0635\u062ad zijn voor de planeet. Daarom groeit duurzame packagraming snel. Hervulbare ontwerpen met behulp van recyclebare kunststoffen zoals PP zijn populair bij huidverzorgingsmerken wereldwijd.<\/strong><\/td>\n<td style=\"width: 14.7177%; text-align: center; height: 24px;\"><strong>Onderste diameter<\/strong><\/td>\n<td style=\"width: 14.2857%; text-align: center; height: 24px;\"><strong>Flesgewicht<\/strong><\/td>\n<\/tr>\n<tr style=\"height: 24px;\">\n<td style=\"width: 12.0179%; text-align: center; height: 24px;\">20 g<\/td>\n<td style=\"width: 13.4217%; text-align: center; height: 24px;\">28 mm<\/td>\n<td style=\"width: 13.6377%; text-align: center; height: 24px;\">Vacuumeter pompmakers zijn moeilijk te gebruiken groenere kunststoffen. Sommigen slaan zelfs metalen veren over om flessen volledig recyclebaar te maken. Dit helpt het milieu en houdt uw product veilig.<\/td>\n<td style=\"width: 15.5817%; text-align: center; height: 24px;\">Hoe kunt u Sustainability Balance zonder Sacrificin\u062c\u0631\u0627m Kwaliteit?<\/td>\n<td style=\"width: 16.3375%; text-align: center; height: 24px;\">31 mm<\/td>\n<td style=\"width: 14.7177%; text-align: center; height: 24px;\">40 mm<\/td>\n<td style=\"width: 14.2857%; text-align: center; height: 24px;\">Kies bedrijven die zich richten op onderzoek om eenvoudig, effectief te maken. Jaunce doet dit met volledig plastic vacu\u00fcmsystemen. Deze zijn recyclebaar, maar houden toch lucht buiten en behouden een geweldige gebruikerservaring. Je krijgt een milieuvriendelijke verpakking die niet bespaart op prestaties.<\/td>\n<\/tr>\n<tr style=\"height: 24px;\">\n<td style=\"width: 12.0179%; text-align: center; height: 24px;\">50 g<\/td>\n<td style=\"width: 13.4217%; text-align: center; height: 24px;\">Wat doet Jaunce Recometrmend voor maximale bescherming?<\/td>\n<td style=\"width: 13.6377%; text-align: center; height: 24px;\">39.5mm<\/td>\n<td style=\"width: 15.5817%; text-align: center; height: 24px;\">16 mm<\/td>\n<td style=\"width: 16.3375%; text-align: center; height: 24px;\">39 mm<\/td>\n<td style=\"width: 14.7177%; text-align: center; height: 24px;\">51 mm<\/td>\n<td style=\"width: 14.2857%; text-align: center; height: 24px;\">Jaunce weet hoe je sk\u0628\u0648\u0635\u0629care veilig moet houden. Hier is wat ze su\u062c\u0631\u0627mgest voor verschillende behoeften.<\/td>\n<\/tr>\n<tr style=\"height: 24px;\">\n<td style=\"width: 12.0179%; text-align: center; height: 24px;\">100 g<\/td>\n<td style=\"width: 13.4217%; text-align: center; height: 24px;\">Voor producten met ingredi\u00ebnten zoals ubiquinon of sheaboter, die gemakkelijk oxideren, zijn vacu\u00fcmmeterpompflessen een must. Deze ingredi\u00ebnten hebben een sterke bescherming tegen lucht nodig. Gewone flessen zullen het niet snijden voor oli\u00ebn die snel afbreken. De vacu\u00fcmpompen van Jaunce sluiten zuurstof uit en houden de formules stabiel totdat de fles leeg is, met bijna geen afval.<\/td>\n<td style=\"width: 13.6377%; text-align: center; height: 24px;\">46 mm<\/td>\n<td style=\"width: 15.5817%; text-align: center; height: 24px;\">18 mm<\/td>\n<td style=\"width: 16.3375%; text-align: center; height: 24px;\">53 mm<\/td>\n<td style=\"width: 14.7177%; text-align: center; height: 24px;\">Natuurlijke formetrulas met weinig of geen conserveringsmiddelen hebben extra zorg nodig. Potten zijn niet veilig omdat ze na het openen van het potje germen laten. Vacu\u00fcmflessen cre\u00ebren een schoon, gesloten systeem. Dit beschermt uw product zonder extra chemicali\u00ebn nodig te hebben. Huidverzorgingsmerken met natuurlijke formules houden daarom van Jaunce\u2019s vacu\u00fcmpompen.<\/td>\n<td style=\"width: 14.2857%; text-align: center; height: 24px;\">Ja, dat kan je! Jaunce biedt tal van opties om uw pakket uniek te maken. Kies frosted afwerkingen, kleurrijke gradi\u00ebnten, of voeg uw logo toe. Hun ontwerpen laten de stijl van uw merk zien terwijl uw formule veilig en gezond wordt gehouden.<\/td>\n<\/tr>\n<\/tbody>\n<\/table>\n<table style=\"border-collapse: collapse; width: 100%; height: 96px;\">\n<tbody>\n<tr style=\"height: 24px;\">\n<td style=\"width: 20%; height: 24px; text-align: center;\"><strong>Item\u00a0<\/strong><\/td>\n<td style=\"width: 20%; height: 24px; text-align: center;\"><strong>Q1: Zijn luchtloze cosmetische pompflessen \u062c\u0631\u0627\u0645ood voor dikke cr\u00e8mes?<\/strong><\/td>\n<td style=\"width: 20%; height: 24px; text-align: center;\"><strong>Pakketmaat<\/strong><\/td>\n<td style=\"width: 20%; height: 24px; text-align: center;\"><strong>NW<\/strong><\/td>\n<td style=\"width: 20%; height: 24px; text-align: center;\"><strong>GW<\/strong><\/td>\n<\/tr>\n<tr style=\"height: 24px;\">\n<td style=\"width: 20%; height: 24px; text-align: center;\">20 g<\/td>\n<td style=\"width: 20%; height: 24px; text-align: center;\">A: Ja! Kies gewoon metromodellen met bi\u062c\u0631\u0627\u0645ger n\u0623\u0648\u0642\u064a\u062a\u0627zles gemaakt voor dikkere producten. Dit zorgt voor een soepele en gemakkelijke dispensering elke keer.<\/td>\n<td style=\"width: 20%; height: 24px; text-align: center;\">Q2: Kan ik een luchtloze fles vullen wanneer het emetrpty is?<\/td>\n<td style=\"width: 20%; height: 24px; text-align: center;\">A: Sometrie flessen zijn hervulbaar en gebruiken recyclebare materialen zoals PP plastic. Dit zijn \u062c\u0631\u0627\u0645reat voor merken die milieuvriendelijk willen zijn zonder kwaliteit te verliezen.<\/td>\n<td style=\"width: 20%; height: 24px; text-align: center;\">16.4kg<\/td>\n<\/tr>\n<tr style=\"height: 24px;\">\n<td style=\"width: 20%; height: 24px; text-align: center;\">50 g<\/td>\n<td style=\"width: 20%; height: 24px; text-align: center;\">A: Het hangt af van uw formetrula. Luchtloze flessen verminderen de blootstelling aan lucht en germen, dus veel merken kunnen minder conserveringsmiddelen veilig gebruiken. Controleer altijd wat uw product nodig heeft.<\/td>\n<td style=\"width: 20%; height: 24px; text-align: center;\">Waarom uw Sk\u0628\u0648\u0635\u0629care een Pumetrp-fles nodig heeft - Jaunce industrial<\/td>\n<td style=\"width: 20%; height: 24px; text-align: center;\">20 Jaar Professionele Jaunce - Pagina 2<\/td>\n<td style=\"width: 20%; height: 24px; text-align: center;\">Waarom de Beste Verpakking Kleuren Belang in Kleuren Branding Success - Jaunce industrial<\/td>\n<\/tr>\n<tr style=\"height: 24px;\">\n<td style=\"width: 20%; height: 24px; text-align: center;\">100 g<\/td>\n<td style=\"width: 20%; height: 24px; text-align: center;\">Hoe Kies Je De Perfecte Contabuser Voor Uw Cosmetische Cr\u00e8me?<\/td>\n<td style=\"width: 20%; height: 24px; text-align: center;\">Waarom uw Sk\u0628\u0648\u0635\u0629care een Pumetrp-fles nodig heeft - Jaunce industrial<\/td>\n<td style=\"width: 20%; height: 24px; text-align: center;\">Pick\u0628\u0648\u0635\u0629\u062c\u0631\u0627\u0645 de beste container voor uw cosmetische cr\u00e8me gaat niet alleen om het vinden van een koele pot of fles. ...<\/td>\n<td style=\"width: 20%; height: 24px; text-align: center;\">Pick\u0628\u0648\u0635\u0629\u062c\u0631\u0627\u0645 de beste container voor uw cosmetische cr\u00e8me gaat niet alleen om het vinden van een koele pot of fles. Het gaat om je cr\u00e8me veilig te houden, het te laten duren en de persoonlijkheid van je merk te laten zien. Een slimme container keuze houdt uw product vers en trekt de aandacht, maar een slechte kan lekken, bederf of een eenvoudig uiterlijk veroorzaken. Deze gids leidt u door wat u moet overwegen, toont een aantal geweldige containeropties en legt uit hoe deskundige verpakkingen uw cr\u00e8me kunnen schijnen. Voor geweldige verpakkingen die stijl, functie en milieuvriendelijkheid combineren, check out<\/td>\n<\/tr>\n<\/tbody>\n<\/table>\n<p>This is a common PP cream jar. Its single-layer design combined with the PP pull handle pad can effectively prevent the contents from spilling out to the side.<\/p>\n<p>We have designed three capacities for this jar, namely 20g, 50g and 100g, to meet the different filling requirements for various products. Our cream jar is commonly used for packaging face cream, makeup remover cream, jelly gel, eye cream, eye mask, scrub, etc.<\/p>\n<p>Fbosatadin\u062c\u0631\u0627m de juiste container metreans denken aan de behoeften van uw cr\u00e8me en de sfeer van uw merk. Een goede keuze combineert praktijk, een goed uiterlijk en groene keuzes om uw product op te vallen.<\/p>\n<p>We support custom serice for this jar . color custom : this jar can custom with transparent, white, yellow and green, which can meet the different packaging styles and visual requirements of various products. if you have your own color inquiry ,that&#8217;s fine, just provide us your pantone code , we can inject the jar with that pantone code. for disc seal usually it is white , if you have any requirments we also can meet your inquiry.<\/p>\n<p>For the cap, normal color is white or black, but also can provide custom color in order to match your jar color , for High-end luxury brand ,we support custom the cap with Electroplating color,which looks shiny like metal (silver color\u3001gold color or rose gold color),it also have matt or glossy for choose.<\/p>\n<p>we not only support color custom, we also support art-design printing service .<\/p>\n<p>Grootte en gemak zijn de sleutel<\/p>\n<table style=\"border-collapse: collapse; width: 100%;\">\n<tbody>\n<tr>\n<td style=\"width: 33.3333%;\"><img decoding=\"async\" class=\"alignnone size-full wp-image-3281\" src=\"https:\/\/www.cosmepak.com\/wp-content\/uploads\/2025\/03\/\u8be6\u60c5-6-1.jpg\" alt=\"\" width=\"1000\" height=\"1000\" srcset=\"https:\/\/www.cosmepak.com\/wp-content\/uploads\/2025\/03\/\u8be6\u60c5-6-1.jpg 1000w, https:\/\/www.cosmepak.com\/wp-content\/uploads\/2025\/03\/\u8be6\u60c5-6-1-300x300.jpg 300w, https:\/\/www.cosmepak.com\/wp-content\/uploads\/2025\/03\/\u8be6\u60c5-6-1-150x150.jpg 150w, https:\/\/www.cosmepak.com\/wp-content\/uploads\/2025\/03\/\u8be6\u60c5-6-1-768x768.jpg 768w, https:\/\/www.cosmepak.com\/wp-content\/uploads\/2025\/03\/\u8be6\u60c5-6-1-12x12.jpg 12w, https:\/\/www.cosmepak.com\/wp-content\/uploads\/2025\/03\/\u8be6\u60c5-6-1-600x600.jpg 600w, https:\/\/www.cosmepak.com\/wp-content\/uploads\/2025\/03\/\u8be6\u60c5-6-1-100x100.jpg 100w\" sizes=\"(max-width: 1000px) 100vw, 1000px\" \/><\/td>\n<td style=\"width: 33.3333%;\"><img decoding=\"async\" class=\"alignnone size-full wp-image-3282\" src=\"https:\/\/www.cosmepak.com\/wp-content\/uploads\/2025\/03\/\u8be6\u60c5-7-1.jpg\" alt=\"\" width=\"1000\" height=\"1000\" srcset=\"https:\/\/www.cosmepak.com\/wp-content\/uploads\/2025\/03\/\u8be6\u60c5-7-1.jpg 1000w, https:\/\/www.cosmepak.com\/wp-content\/uploads\/2025\/03\/\u8be6\u60c5-7-1-300x300.jpg 300w, https:\/\/www.cosmepak.com\/wp-content\/uploads\/2025\/03\/\u8be6\u60c5-7-1-150x150.jpg 150w, https:\/\/www.cosmepak.com\/wp-content\/uploads\/2025\/03\/\u8be6\u60c5-7-1-768x768.jpg 768w, https:\/\/www.cosmepak.com\/wp-content\/uploads\/2025\/03\/\u8be6\u60c5-7-1-12x12.jpg 12w, https:\/\/www.cosmepak.com\/wp-content\/uploads\/2025\/03\/\u8be6\u60c5-7-1-600x600.jpg 600w, https:\/\/www.cosmepak.com\/wp-content\/uploads\/2025\/03\/\u8be6\u60c5-7-1-100x100.jpg 100w\" sizes=\"(max-width: 1000px) 100vw, 1000px\" \/><\/td>\n<td style=\"width: 33.3333%;\"><img loading=\"lazy\" decoding=\"async\" class=\"alignnone size-full wp-image-3283\" src=\"https:\/\/www.cosmepak.com\/wp-content\/uploads\/2025\/03\/\u8be6\u60c5-8-1.jpg\" alt=\"\" width=\"1000\" height=\"1000\" srcset=\"https:\/\/www.cosmepak.com\/wp-content\/uploads\/2025\/03\/\u8be6\u60c5-8-1.jpg 1000w, https:\/\/www.cosmepak.com\/wp-content\/uploads\/2025\/03\/\u8be6\u60c5-8-1-300x300.jpg 300w, https:\/\/www.cosmepak.com\/wp-content\/uploads\/2025\/03\/\u8be6\u60c5-8-1-150x150.jpg 150w, https:\/\/www.cosmepak.com\/wp-content\/uploads\/2025\/03\/\u8be6\u60c5-8-1-768x768.jpg 768w, https:\/\/www.cosmepak.com\/wp-content\/uploads\/2025\/03\/\u8be6\u60c5-8-1-12x12.jpg 12w, https:\/\/www.cosmepak.com\/wp-content\/uploads\/2025\/03\/\u8be6\u60c5-8-1-600x600.jpg 600w, https:\/\/www.cosmepak.com\/wp-content\/uploads\/2025\/03\/\u8be6\u60c5-8-1-100x100.jpg 100w\" sizes=\"(max-width: 1000px) 100vw, 1000px\" \/><\/td>\n<\/tr>\n<\/tbody>\n<\/table>\n<table style=\"border-collapse: collapse; width: 100%;\">\n<tbody>\n<tr>\n<td style=\"width: 50%;\"><img loading=\"lazy\" decoding=\"async\" class=\"alignnone size-full wp-image-3284\" src=\"https:\/\/www.cosmepak.com\/wp-content\/uploads\/2025\/03\/6-8.jpg\" alt=\"\" width=\"1000\" height=\"1000\" srcset=\"https:\/\/www.cosmepak.com\/wp-content\/uploads\/2025\/03\/6-8.jpg 1000w, https:\/\/www.cosmepak.com\/wp-content\/uploads\/2025\/03\/6-8-300x300.jpg 300w, https:\/\/www.cosmepak.com\/wp-content\/uploads\/2025\/03\/6-8-150x150.jpg 150w, https:\/\/www.cosmepak.com\/wp-content\/uploads\/2025\/03\/6-8-768x768.jpg 768w, https:\/\/www.cosmepak.com\/wp-content\/uploads\/2025\/03\/6-8-12x12.jpg 12w, https:\/\/www.cosmepak.com\/wp-content\/uploads\/2025\/03\/6-8-600x600.jpg 600w, https:\/\/www.cosmepak.com\/wp-content\/uploads\/2025\/03\/6-8-100x100.jpg 100w\" sizes=\"(max-width: 1000px) 100vw, 1000px\" \/><\/td>\n<td style=\"width: 50%;\"><img loading=\"lazy\" decoding=\"async\" class=\"alignnone size-full wp-image-3285\" src=\"https:\/\/www.cosmepak.com\/wp-content\/uploads\/2025\/03\/7-7.jpg\" alt=\"\" width=\"1000\" height=\"1000\" srcset=\"https:\/\/www.cosmepak.com\/wp-content\/uploads\/2025\/03\/7-7.jpg 1000w, https:\/\/www.cosmepak.com\/wp-content\/uploads\/2025\/03\/7-7-300x300.jpg 300w, https:\/\/www.cosmepak.com\/wp-content\/uploads\/2025\/03\/7-7-150x150.jpg 150w, https:\/\/www.cosmepak.com\/wp-content\/uploads\/2025\/03\/7-7-768x768.jpg 768w, https:\/\/www.cosmepak.com\/wp-content\/uploads\/2025\/03\/7-7-12x12.jpg 12w, https:\/\/www.cosmepak.com\/wp-content\/uploads\/2025\/03\/7-7-600x600.jpg 600w, https:\/\/www.cosmepak.com\/wp-content\/uploads\/2025\/03\/7-7-100x100.jpg 100w\" sizes=\"(max-width: 1000px) 100vw, 1000px\" \/><\/td>\n<\/tr>\n<\/tbody>\n<\/table>","protected":false},"excerpt":{"rendered":"<p>Materiaal fles : AS<\/p>\n<p>Materiaal dop: ABS<\/p>\n<p>Capaciteit: 30 ml<\/p>\n<p>Dop: Schroefdop<\/p>\n<p>Kleur: Aangepast (elke Pantone Color Avalible)<\/p>\n<p>Oppervlakteafwerking: schermafdrukken, glazuur, heet stempelen, spuitgradi\u00ebnt, matte afwerking, etc.<\/p>\n<p>MOQ: 5000 pcs;<\/p>\n<p>&nbsp;<\/p>","protected":false},"featured_media":3286,"comment_status":"closed","ping_status":"closed","template":"","meta":{"_acf_changed":false},"product_brand":[],"product_cat":[52,18],"product_tag":[41],"class_list":{"0":"post-1603","1":"product","2":"type-product","3":"status-publish","4":"has-post-thumbnail","6":"product_cat-cream-jar-plastic-bottle","7":"product_cat-plastic-bottle","8":"product_tag-plastic-bottle","10":"first","11":"outofstock","12":"shipping-taxable","13":"product-type-simple"},"acf":[],"_links":{"self":[{"href":"https:\/\/www.cosmepak.com\/nl\/wp-json\/wp\/v2\/product\/1603","targetHints":{"allow":["GET"]}}],"collection":[{"href":"https:\/\/www.cosmepak.com\/nl\/wp-json\/wp\/v2\/product"}],"about":[{"href":"https:\/\/www.cosmepak.com\/nl\/wp-json\/wp\/v2\/types\/product"}],"replies":[{"embeddable":true,"href":"https:\/\/www.cosmepak.com\/nl\/wp-json\/wp\/v2\/comments?post=1603"}],"wp:featuredmedia":[{"embeddable":true,"href":"https:\/\/www.cosmepak.com\/nl\/wp-json\/wp\/v2\/media\/3286"}],"wp:attachment":[{"href":"https:\/\/www.cosmepak.com\/nl\/wp-json\/wp\/v2\/media?parent=1603"}],"wp:term":[{"taxonomy":"product_brand","embeddable":true,"href":"https:\/\/www.cosmepak.com\/nl\/wp-json\/wp\/v2\/product_brand?post=1603"},{"taxonomy":"product_cat","embeddable":true,"href":"https:\/\/www.cosmepak.com\/nl\/wp-json\/wp\/v2\/product_cat?post=1603"},{"taxonomy":"product_tag","embeddable":true,"href":"https:\/\/www.cosmepak.com\/nl\/wp-json\/wp\/v2\/product_tag?post=1603"}],"curies":[{"name":"WP","href":"https:\/\/api.w.org\/{rel}","templated":true}]}}