{"id":1621,"date":"2025-03-28T16:56:35","date_gmt":"2025-03-28T08:56:35","guid":{"rendered":"https:\/\/www.cosmepak.com\/?post_type=product&#038;p=1621"},"modified":"2025-09-11T13:20:15","modified_gmt":"2025-09-11T05:20:15","slug":"25ml-square-foundation-glass-bottle-jaunce","status":"publish","type":"product","link":"https:\/\/www.cosmepak.com\/nl\/product\/25ml-square-foundation-glass-bottle-jaunce\/","title":{"rendered":"25 ml vierkante fundering glazen fles \/Jaunce"},"content":{"rendered":"<table style=\"border-collapse: collapse; width: 100%; height: 144px;\">\n<tbody>\n<tr style=\"height: 24px;\">\n<td style=\"width: 33.3333%; height: 144px;\" rowspan=\"6\"><img fetchpriority=\"high\" decoding=\"async\" class=\"alignnone size-full wp-image-1622\" src=\"https:\/\/www.cosmepak.com\/wp-content\/uploads\/2025\/03\/O1CN01lWeYrl2L5Aw6tEQqp_974269640-0-cib.jpg\" alt=\"foundation fles\" width=\"1000\" height=\"1000\" srcset=\"https:\/\/www.cosmepak.com\/wp-content\/uploads\/2025\/03\/O1CN01lWeYrl2L5Aw6tEQqp_974269640-0-cib.jpg 1000w, https:\/\/www.cosmepak.com\/wp-content\/uploads\/2025\/03\/O1CN01lWeYrl2L5Aw6tEQqp_974269640-0-cib-300x300.jpg 300w, https:\/\/www.cosmepak.com\/wp-content\/uploads\/2025\/03\/O1CN01lWeYrl2L5Aw6tEQqp_974269640-0-cib-150x150.jpg 150w, https:\/\/www.cosmepak.com\/wp-content\/uploads\/2025\/03\/O1CN01lWeYrl2L5Aw6tEQqp_974269640-0-cib-768x768.jpg 768w, https:\/\/www.cosmepak.com\/wp-content\/uploads\/2025\/03\/O1CN01lWeYrl2L5Aw6tEQqp_974269640-0-cib-600x600.jpg 600w, https:\/\/www.cosmepak.com\/wp-content\/uploads\/2025\/03\/O1CN01lWeYrl2L5Aw6tEQqp_974269640-0-cib-100x100.jpg 100w\" sizes=\"(max-width: 1000px) 100vw, 1000px\" \/><\/td>\n<td style=\"width: 33.122%; height: 24px; text-align: center;\">Merk<\/td>\n<td style=\"width: 33.5446%; height: 24px; text-align: center;\">Jaunce<\/td>\n<\/tr>\n<tr style=\"height: 24px;\">\n<td style=\"width: 33.122%; height: 24px; text-align: center;\">Model<\/td>\n<td style=\"width: 33.5446%; height: 24px; text-align: center;\">JH-PHF103<\/td>\n<\/tr>\n<tr style=\"height: 24px;\">\n<td style=\"width: 33.122%; height: 24px; text-align: center;\">Bekwaamheid<\/td>\n<td style=\"width: 33.5446%; height: 24px; text-align: center;\">15 ml<\/td>\n<\/tr>\n<tr style=\"height: 24px;\">\n<td style=\"width: 33.122%; height: 24px; text-align: center;\">Nekmaat<\/td>\n<td style=\"width: 33.5446%; height: 24px; text-align: center;\">18 mm<\/td>\n<\/tr>\n<tr style=\"height: 24px;\">\n<td style=\"width: 33.122%; height: 24px; text-align: center;\">Pomp<\/td>\n<td style=\"width: 33.5446%; height: 24px; text-align: center;\">Lotionpomp<\/td>\n<\/tr>\n<tr style=\"height: 24px;\">\n<td style=\"width: 33.122%; height: 24px; text-align: center;\">Materiaal<\/td>\n<td style=\"width: 33.5446%; height: 24px; text-align: center;\">Glas<\/td>\n<\/tr>\n<\/tbody>\n<\/table>\n<p>15 ml vierkante vorm glazen funderingsfles, aanpassing acceptabel.<\/p>\n<table style=\"border-collapse: collapse; width: 100%;\">\n<tbody>\n<tr style=\"height: 24px;\">\n<td style=\"width: 20%; text-align: center; height: 24px;\"><strong>Capaciteit<\/strong><\/td>\n<td style=\"width: 20%; text-align: center; height: 24px;\"><strong>Schouderhoogte<\/strong><\/td>\n<td style=\"width: 20%; text-align: center; height: 24px;\"><strong>Totale hoogte<\/strong><\/td>\n<td style=\"width: 20%; text-align: center; height: 24px;\"><strong>Dia<\/strong><\/td>\n<\/tr>\n<tr style=\"height: 24px;\">\n<td style=\"width: 20%; text-align: center; height: 24px;\">25 ml<\/td>\n<td style=\"width: 20%; text-align: center; height: 24px;\">50 mm<\/td>\n<td style=\"width: 20%; text-align: center; height: 24px;\">92 mm<\/td>\n<td style=\"width: 20%; text-align: center; height: 24px;\">32 mm<\/td>\n<\/tr>\n<\/tbody>\n<\/table>\n<p><img decoding=\"async\" class=\"alignnone wp-image-1620\" src=\"https:\/\/www.cosmepak.com\/wp-content\/uploads\/2025\/03\/O1CN01jK8lCN2L5AwIjoEFv_974269640-0-cib.jpg\" alt=\"Stichting glazen fles\" width=\"1373\" height=\"1893\" srcset=\"https:\/\/www.cosmepak.com\/wp-content\/uploads\/2025\/03\/O1CN01jK8lCN2L5AwIjoEFv_974269640-0-cib.jpg 1000w, https:\/\/www.cosmepak.com\/wp-content\/uploads\/2025\/03\/O1CN01jK8lCN2L5AwIjoEFv_974269640-0-cib-218x300.jpg 218w, https:\/\/www.cosmepak.com\/wp-content\/uploads\/2025\/03\/O1CN01jK8lCN2L5AwIjoEFv_974269640-0-cib-743x1024.jpg 743w, https:\/\/www.cosmepak.com\/wp-content\/uploads\/2025\/03\/O1CN01jK8lCN2L5AwIjoEFv_974269640-0-cib-768x1059.jpg 768w, https:\/\/www.cosmepak.com\/wp-content\/uploads\/2025\/03\/O1CN01jK8lCN2L5AwIjoEFv_974269640-0-cib-600x827.jpg 600w\" sizes=\"(max-width: 1373px) 100vw, 1373px\" \/><\/p>\n<h2 id=\"introducing-our-15ml-square-shape-glass-foundation-bottle\" class=\"ai-center-markdown-h2\">Introductie van onze 15ml vierkante vorm glas stichting fles<\/h2>\n<p class=\"ai-center-markdown-p\">Ben je op zoek naar een hoogwaardige funderingsfles die elegantie combineert met functionaliteit? Zoek niet verder! Onze 15ml Square Shape Glass Foundation Fles is de perfecte keuze voor uw cosmetische behoeften.<\/p>\n<h3 id=\"key-features\" class=\"ai-center-markdown-h3\">Belangrijkste kenmerken:<\/h3>\n<p class=\"ai-center-markdown-p\"><strong class=\"ai-center-markdown-strong\">1. Slank ontwerp:<\/strong>\u00a0Onze foundationfles beschikt over een slanke vierkante vorm, die een moderne en verfijnde look biedt. Het ontwerp is niet alleen visueel aantrekkelijk, maar ook praktisch, waardoor het eenvoudig te hanteren en op te slaan is.<\/p>\n<p class=\"ai-center-markdown-p\"><strong class=\"ai-center-markdown-strong\">2. Hoogwaardig materiaal:<\/strong>\u00a0Gemaakt van duurzaam en hoogwaardig glas, garandeert deze fles de veiligheid en het behoud van uw stichting. Het glasmateriaal is bestand tegen chemische reacties, waardoor uw product langer vers en effectief blijft.<\/p>\n<p class=\"ai-center-markdown-p\"><strong class=\"ai-center-markdown-strong\">3. Perfecte capaciteit:<\/strong>\u00a0Met een capaciteit van 15 ml is deze fles ideaal voor zowel persoonlijk gebruik als reizen. Het biedt precies de juiste hoeveelheid fundament, vermindert afval en zorgt ervoor dat u voldoende product voor uw behoeften hebt.<\/p>\n<p class=\"ai-center-markdown-p\"><strong class=\"ai-center-markdown-strong\">4. Aanpassing Acceptabel:<\/strong>\u00a0We begrijpen dat branding cruciaal is voor uw bedrijf. Daarom bieden we aanpassingsopties om de fles aan te passen aan uw specifieke eisen. Of u nu een uniek logo, specifieke afmetingen of specifieke ontwerpelementen nodig hebt, wij zijn hier om aan uw behoeften te voldoen.<\/p>\n<h3 id=\"benefits-of-customization\" class=\"ai-center-markdown-h3\">Voordelen van Customization:<\/h3>\n<p class=\"ai-center-markdown-p\"><strong class=\"ai-center-markdown-strong\">1. Merkherkenning:<\/strong>\u00a0Het aanpassen van uw stichtingsfles met uw logo en ontwerpelementen helpt bij het cre\u00ebren van een sterke merkidentiteit. Het zorgt ervoor dat uw producten opvallen op de markt en meer klanten aantrekken.<\/p>\n<p class=\"ai-center-markdown-p\"><strong class=\"ai-center-markdown-strong\">2. Verbeterde klantervaring:<\/strong>\u00a0Een op maat gemaakte fles kan de algehele klantervaring verbeteren door een unieke en gepersonaliseerde touch te bieden. Het toont uw aandacht voor detail en toewijding aan kwaliteit, wat de klanttevredenheid aanzienlijk kan verbeteren.<\/p>\n<p class=\"ai-center-markdown-p\"><strong class=\"ai-center-markdown-strong\">3. Concurrentievoordeel:<\/strong>\u00a0In een concurrerende markt kan het hebben van een onderscheidend product u een voordeel geven ten opzichte van uw concurrenten. Aanpassing stelt u in staat om uw producten te onderscheiden en een blijvende indruk op uw klanten te cre\u00ebren.<\/p>\n<h3 id=\"why-choose-us\" class=\"ai-center-markdown-h3\">Waarom ons kiezen?<\/h3>\n<p class=\"ai-center-markdown-p\"><strong class=\"ai-center-markdown-strong\">1. Expertise in Aanpassing:<\/strong>\u00a0Met jarenlange ervaring in de industrie excelleren we in het leveren van oplossingen op maat die aan uw specifieke behoeften voldoen. Ons team van experts is toegewijd aan het leveren van hoogwaardige aanpassingsdiensten.<\/p>\n<p class=\"ai-center-markdown-p\"><strong class=\"ai-center-markdown-strong\">2. Toewijding aan Kwaliteit:<\/strong>\u00a0Kwaliteit is onze topprioriteit. We zorgen ervoor dat elke fles voldoet aan de hoogste standaarden van vakmanschap en duurzaamheid. U kunt vertrouwen op onze producten om uw merk met uitmuntendheid te vertegenwoordigen.<\/p>\n<p class=\"ai-center-markdown-p\"><strong class=\"ai-center-markdown-strong\">3. Milieuvriendelijke oplossingen:<\/strong>\u00a0We zijn toegewijd aan duurzaamheid. Onze glazen flessen zijn milieuvriendelijk en recyclebaar, waardoor ze een verantwoorde keuze zijn voor uw bedrijf en het milieu.<\/p>\n<p><img decoding=\"async\" class=\"alignnone size-full wp-image-1347\" src=\"https:\/\/www.cosmepak.com\/wp-content\/uploads\/2024\/12\/\u9996\u987519202_03.jpg\" alt=\"fabrieksshow\" width=\"1920\" height=\"885\" srcset=\"https:\/\/www.cosmepak.com\/wp-content\/uploads\/2024\/12\/\u9996\u987519202_03.jpg 1920w, https:\/\/www.cosmepak.com\/wp-content\/uploads\/2024\/12\/\u9996\u987519202_03-300x138.jpg 300w, https:\/\/www.cosmepak.com\/wp-content\/uploads\/2024\/12\/\u9996\u987519202_03-1024x472.jpg 1024w, https:\/\/www.cosmepak.com\/wp-content\/uploads\/2024\/12\/\u9996\u987519202_03-768x354.jpg 768w, https:\/\/www.cosmepak.com\/wp-content\/uploads\/2024\/12\/\u9996\u987519202_03-1536x708.jpg 1536w, https:\/\/www.cosmepak.com\/wp-content\/uploads\/2024\/12\/\u9996\u987519202_03-600x277.jpg 600w\" sizes=\"(max-width: 1920px) 100vw, 1920px\" \/><\/p>\n<p><img loading=\"lazy\" decoding=\"async\" class=\"alignnone size-full wp-image-1348\" src=\"https:\/\/www.cosmepak.com\/wp-content\/uploads\/2024\/12\/\u9996\u987519202_04.jpg\" alt=\"\" width=\"1920\" height=\"694\" srcset=\"https:\/\/www.cosmepak.com\/wp-content\/uploads\/2024\/12\/\u9996\u987519202_04.jpg 1920w, https:\/\/www.cosmepak.com\/wp-content\/uploads\/2024\/12\/\u9996\u987519202_04-300x108.jpg 300w, https:\/\/www.cosmepak.com\/wp-content\/uploads\/2024\/12\/\u9996\u987519202_04-1024x370.jpg 1024w, https:\/\/www.cosmepak.com\/wp-content\/uploads\/2024\/12\/\u9996\u987519202_04-768x278.jpg 768w, https:\/\/www.cosmepak.com\/wp-content\/uploads\/2024\/12\/\u9996\u987519202_04-1536x555.jpg 1536w, https:\/\/www.cosmepak.com\/wp-content\/uploads\/2024\/12\/\u9996\u987519202_04-600x217.jpg 600w\" sizes=\"(max-width: 1920px) 100vw, 1920px\" \/><img loading=\"lazy\" decoding=\"async\" class=\"alignnone size-full wp-image-1350\" src=\"https:\/\/www.cosmepak.com\/wp-content\/uploads\/2024\/12\/\u9996\u987519202_05-1.jpg\" alt=\"\" width=\"1920\" height=\"970\" srcset=\"https:\/\/www.cosmepak.com\/wp-content\/uploads\/2024\/12\/\u9996\u987519202_05-1.jpg 1920w, https:\/\/www.cosmepak.com\/wp-content\/uploads\/2024\/12\/\u9996\u987519202_05-1-300x152.jpg 300w, https:\/\/www.cosmepak.com\/wp-content\/uploads\/2024\/12\/\u9996\u987519202_05-1-1024x517.jpg 1024w, https:\/\/www.cosmepak.com\/wp-content\/uploads\/2024\/12\/\u9996\u987519202_05-1-768x388.jpg 768w, https:\/\/www.cosmepak.com\/wp-content\/uploads\/2024\/12\/\u9996\u987519202_05-1-1536x776.jpg 1536w, https:\/\/www.cosmepak.com\/wp-content\/uploads\/2024\/12\/\u9996\u987519202_05-1-600x303.jpg 600w\" sizes=\"(max-width: 1920px) 100vw, 1920px\" \/><img loading=\"lazy\" decoding=\"async\" class=\"alignnone wp-image-1351\" src=\"https:\/\/www.cosmepak.com\/wp-content\/uploads\/2024\/12\/\u7269\u6d41\u8fd0\u8f93\u753b\u9762-2.jpg\" alt=\"\" width=\"1385\" height=\"1039\" srcset=\"https:\/\/www.cosmepak.com\/wp-content\/uploads\/2024\/12\/\u7269\u6d41\u8fd0\u8f93\u753b\u9762-2.jpg 800w, https:\/\/www.cosmepak.com\/wp-content\/uploads\/2024\/12\/\u7269\u6d41\u8fd0\u8f93\u753b\u9762-2-300x225.jpg 300w, https:\/\/www.cosmepak.com\/wp-content\/uploads\/2024\/12\/\u7269\u6d41\u8fd0\u8f93\u753b\u9762-2-768x576.jpg 768w, https:\/\/www.cosmepak.com\/wp-content\/uploads\/2024\/12\/\u7269\u6d41\u8fd0\u8f93\u753b\u9762-2-600x450.jpg 600w\" sizes=\"(max-width: 1385px) 100vw, 1385px\" \/><\/p>\n<table style=\"border-collapse: collapse; width: 100%;\">\n<tbody>\n<tr>\n<td style=\"width: 33.3333%; text-align: center;\"><strong>Nadrukkelijk<\/strong><\/td>\n<td style=\"width: 33.3333%; text-align: center;\"><strong>Luchtvracht<\/strong><\/td>\n<td style=\"width: 33.3333%; text-align: center;\"><strong>Zeevoer<\/strong><\/td>\n<\/tr>\n<tr>\n<td style=\"width: 33.3333%; text-align: center;\">Europ 4-6 dagen<\/p>\n<p>Noord-Amerika 4-6 dagen<\/p>\n<p>Zuidoost-Azi\u00eb 3-5 dagen<\/p>\n<p>Het Midden-Oosten 4-6 dagen<\/p>\n<p>Zuid-Afrika 5-8 dagen<\/td>\n<td style=\"width: 33.3333%; text-align: center;\">Europ 4-6 dagen<\/p>\n<p>Noord-Amerika 4-6 dagen<\/p>\n<p>Zuidoost-Azi\u00eb 3-5 dagen<\/p>\n<p>Het Midden-Oosten 4-6 dagen<\/p>\n<p>Zuid-Afrika 5-8 dagen<\/td>\n<td style=\"width: 33.3333%; text-align: center;\">Europ 25-35 dagen<\/p>\n<p>Noord-Amerika 25-35 dagen<\/p>\n<p>Zuidoost-Azi\u00eb 25-35 dagen<\/p>\n<p>Het Midden-Oosten 25-35 dagen<\/p>\n<p>Zuid-Afrika 25-35 dagen<\/td>\n<\/tr>\n<\/tbody>\n<\/table>\n<p><span style=\"font-size: 14pt;\"><strong>FAQ:<\/strong><\/span><\/p>\n<p>1. Waarom zou u van ons niet van andere leveranciers kopen?<br \/>\n\u2460 3 minuten ontworpen voor u.<br \/>\n\u2461 24 uur online service.<br \/>\n\u2462 7 dagen stock monsters\/ 15 dagen monster met aangepaste afdrukken.<br \/>\n\u2463 35 dagen doorlooptijd.<br \/>\n\u2464 Meer dan 10 jaar professionele cosmetische verpakkingsfabriek.<br \/>\n\u2465 Fabrieksuitlaten, de beste prijs en de beste service.<br \/>\n\u2466 E\u00e9n stationsoplossing voor cosmetische verpakkingen.<br \/>\n2. Wie zijn wij?<br \/>\nWe zijn gevestigd in Zhejiang, China, beginnen vanaf 2014, verkopen aan de binnenlandse markt (70,00%), Oceani\u00eb (8,00%), Mid Oost (7,00%), Eastern<br \/>\nAzi\u00eb (2,00%), Noord -Amerika (2,00%), West -Europa (2,00%), Zuidoost -Azi\u00eb (2,00%), Zuid -Azi\u00eb (1,00%), Zuid -Amerika (1,00%), zuidelijk<br \/>\nEuropa (1,00%), Midden -Amerika (1,00%), Noord -Europa (1,00%), Afrika (1,00%), Oost -Europa (1,00%).<\/p>\n<div>3. Hoe kunnen we kwaliteit garanderen?<br \/>\nAltijd een pre-productiemonster v\u00f3\u00f3r de massaproductie;<br \/>\n4. Wat kunt u van ons kopen?<br \/>\nGlas Flessen, Plastic Flessen\/Potten\/Tubers, Aluminium Flessen\/Potten\/Buizen enz. cosmetisch verpakkingsmateriaal.<br \/>\n5. welke diensten kunnen wij aanbieden?<br \/>\nGeaccepteerde leveringsvoorwaarden: FOB, CFR, CIF;<\/div>\n<div>Geaccepteerde betalingsvaluta: USD, EUR, HKD, CNY;<\/div>\n<div>Geaccepteerde betalingstype: T\/T, L\/C, D\/P D\/A;<br \/>\nGesproken taal: Engels, Chinees<\/div>\n<p>&nbsp;<\/p>","protected":false},"excerpt":{"rendered":"<p>Flesmateriaal: glas<\/p>\n<p>Cap -materiaal: PP<\/p>\n<p>Capaciteit: 25 ml<\/p>\n<p>Pomp: lotionpomp<\/p>\n<p>Kleur: Aangepast (elke Pantone Color Avalible)<\/p>\n<p>Oppervlakteafwerking: schermafdrukken, glazuur, heet stempelen, spuitgradi\u00ebnt, matte afwerking, etc.<\/p>\n<p>MOQ: 5000 pcs;<\/p>\n<p>&nbsp;<\/p>","protected":false},"featured_media":1622,"comment_status":"closed","ping_status":"closed","template":"","meta":{"_acf_changed":false},"product_brand":[],"product_cat":[34],"product_tag":[],"class_list":{"0":"post-1621","1":"product","2":"type-product","3":"status-publish","4":"has-post-thumbnail","6":"product_cat-foundation-bottle","8":"first","9":"outofstock","10":"shipping-taxable","11":"product-type-simple"},"acf":[],"_links":{"self":[{"href":"https:\/\/www.cosmepak.com\/nl\/wp-json\/wp\/v2\/product\/1621","targetHints":{"allow":["GET"]}}],"collection":[{"href":"https:\/\/www.cosmepak.com\/nl\/wp-json\/wp\/v2\/product"}],"about":[{"href":"https:\/\/www.cosmepak.com\/nl\/wp-json\/wp\/v2\/types\/product"}],"replies":[{"embeddable":true,"href":"https:\/\/www.cosmepak.com\/nl\/wp-json\/wp\/v2\/comments?post=1621"}],"wp:featuredmedia":[{"embeddable":true,"href":"https:\/\/www.cosmepak.com\/nl\/wp-json\/wp\/v2\/media\/1622"}],"wp:attachment":[{"href":"https:\/\/www.cosmepak.com\/nl\/wp-json\/wp\/v2\/media?parent=1621"}],"wp:term":[{"taxonomy":"product_brand","embeddable":true,"href":"https:\/\/www.cosmepak.com\/nl\/wp-json\/wp\/v2\/product_brand?post=1621"},{"taxonomy":"product_cat","embeddable":true,"href":"https:\/\/www.cosmepak.com\/nl\/wp-json\/wp\/v2\/product_cat?post=1621"},{"taxonomy":"product_tag","embeddable":true,"href":"https:\/\/www.cosmepak.com\/nl\/wp-json\/wp\/v2\/product_tag?post=1621"}],"curies":[{"name":"WP","href":"https:\/\/api.w.org\/{rel}","templated":true}]}}