{"id":1690,"date":"2025-04-01T15:10:40","date_gmt":"2025-04-01T07:10:40","guid":{"rendered":"https:\/\/www.cosmepak.com\/?post_type=product&#038;p=1690"},"modified":"2025-11-18T13:36:39","modified_gmt":"2025-11-18T05:36:39","slug":"40ml-pressurized-pump-head-eye-cream-essence-tube","status":"publish","type":"product","link":"https:\/\/www.cosmepak.com\/nl\/product\/40ml-pressurized-pump-head-eye-cream-essence-tube\/","title":{"rendered":"40ml onder druk pomp hoofd oogcr\u00e8me essentie buis"},"content":{"rendered":"<table style=\"border-collapse: collapse; width: 100%; height: 144px;\">\n<tbody>\n<tr style=\"height: 24px;\">\n<td style=\"width: 33.3333%; height: 144px;\" rowspan=\"6\"><img fetchpriority=\"high\" decoding=\"async\" class=\"alignnone size-full wp-image-3412\" src=\"https:\/\/www.cosmepak.com\/wp-content\/uploads\/2025\/04\/\u4e3b\u56fe-6-1.jpg\" alt=\"\" width=\"750\" height=\"750\" srcset=\"https:\/\/www.cosmepak.com\/wp-content\/uploads\/2025\/04\/\u4e3b\u56fe-6-1.jpg 750w, https:\/\/www.cosmepak.com\/wp-content\/uploads\/2025\/04\/\u4e3b\u56fe-6-1-300x300.jpg 300w, https:\/\/www.cosmepak.com\/wp-content\/uploads\/2025\/04\/\u4e3b\u56fe-6-1-150x150.jpg 150w, https:\/\/www.cosmepak.com\/wp-content\/uploads\/2025\/04\/\u4e3b\u56fe-6-1-12x12.jpg 12w, https:\/\/www.cosmepak.com\/wp-content\/uploads\/2025\/04\/\u4e3b\u56fe-6-1-600x600.jpg 600w, https:\/\/www.cosmepak.com\/wp-content\/uploads\/2025\/04\/\u4e3b\u56fe-6-1-100x100.jpg 100w\" sizes=\"(max-width: 750px) 100vw, 750px\" \/><\/td>\n<td style=\"width: 33.122%; height: 24px; text-align: center;\">Merk<\/td>\n<td style=\"width: 33.5446%; height: 24px; text-align: center;\">Jaunce<\/td>\n<\/tr>\n<tr style=\"height: 24px;\">\n<td style=\"width: 33.122%; height: 24px; text-align: center;\">Model<\/td>\n<td style=\"width: 33.5446%; height: 24px; text-align: center;\">JH-DY50<\/td>\n<\/tr>\n<tr style=\"height: 24px;\">\n<td style=\"width: 33.122%; height: 24px; text-align: center;\">Bekwaamheid<\/td>\n<td style=\"width: 33.5446%; height: 24px; text-align: center;\">240 ml<\/td>\n<\/tr>\n<tr style=\"height: 24px;\">\n<td style=\"width: 33.122%; height: 24px; text-align: center;\">Maat<\/td>\n<td style=\"width: 33.5446%; height: 24px; text-align: center;\">25 * 107mm<\/td>\n<\/tr>\n<tr style=\"height: 24px;\">\n<td style=\"width: 33.122%; height: 24px; text-align: center;\">Dop<\/td>\n<td style=\"width: 33.5446%; height: 24px; text-align: center;\">PP dop<\/td>\n<\/tr>\n<tr style=\"height: 24px;\">\n<td style=\"width: 33.122%; height: 24px; text-align: center;\">Buismateriaal<\/td>\n<td style=\"width: 33.5446%; height: 24px; text-align: center;\">ABL \/ PE<\/td>\n<\/tr>\n<\/tbody>\n<\/table>\n<p>Dit is een 40ml pers-type flexibele buis die compatibel is met verschillende cosmetica. Diameter 25mm, lengte 107mm (kan aangepaste aanvaarden) totale hoogte 149mm. Het is gemaakt van ABL als het buislichaamsmateriaal, met een PP-buitendeksel, drukpomphoofd en staartdichtingsontwerp. Het combineert praktijk en compatibiliteit.<\/p>\n<p>Het buislicham is gemaakt van ABL materiaal, dat uitstekende hittebestendigheid heeft en alleen zal vervormen bij extreem hoge temperaturen.<\/p>\n<p>De buitendeksel van de pompkop is gemaakt van PP-materiaal, dat een stabiele textuur heeft en geschikt is voor het algehele ontwerp van het product.<\/p>\n<p>Het schroefbuisopeningsontwerp maakt de openingsoperatie handig terwijl een goede afdichtingsprestatie wordt verzekerd om het lekken van inhoud te voorkomen.<\/p>\n<p>Het ontwerp van de pompkop met een drukknop biedt een comfortabel drukgevoel en een uniforme, gladde materiaalontlading, waardoor een uitstekende gebruikerservaring wordt geboden.<\/p>\n<p>De staartdichtingsstijl verbetert het afdichtingseffect verder en verlengt het product&#8217; s houdbaarheid.<\/p>\n<p>Dit type buis wordt veel gebruikt in de verpakking van verschillende cosmetica zoals handcr\u00e8me, BB-cr\u00e8me, zonnebrandcr\u00e8me, gel, huidverzorgingscr\u00e8me en gezichtsreiniger.<\/p>\n<p>Dit type slang kan worden verwerkt met scherfdruk, goud stempelen, zilver stempelen, galvaniseren, wateroverdracht afdrukken en etiketten, enz. We werken samen met meerdere merken en bieden customisatieservices aan.<\/p>\n<p>We controleren strikt elk productieproces, van productie tot verpakking en verzending, het bereiken van een naadloze vijfzijdige werking. Wij ondersteunen ook aangepaste bestellingen op basis van tekeningen of monsters, en onze productie is snel.<\/p>\n<table style=\"border-collapse: collapse; width: 100%;\">\n<tbody>\n<tr>\n<td style=\"width: 25%;\"><img decoding=\"async\" class=\"alignnone size-full wp-image-3413\" src=\"https:\/\/www.cosmepak.com\/wp-content\/uploads\/2025\/04\/6-4.jpg\" alt=\"\" width=\"1000\" height=\"1000\" srcset=\"https:\/\/www.cosmepak.com\/wp-content\/uploads\/2025\/04\/6-4.jpg 1000w, https:\/\/www.cosmepak.com\/wp-content\/uploads\/2025\/04\/6-4-300x300.jpg 300w, https:\/\/www.cosmepak.com\/wp-content\/uploads\/2025\/04\/6-4-150x150.jpg 150w, https:\/\/www.cosmepak.com\/wp-content\/uploads\/2025\/04\/6-4-768x768.jpg 768w, https:\/\/www.cosmepak.com\/wp-content\/uploads\/2025\/04\/6-4-12x12.jpg 12w, https:\/\/www.cosmepak.com\/wp-content\/uploads\/2025\/04\/6-4-600x600.jpg 600w, https:\/\/www.cosmepak.com\/wp-content\/uploads\/2025\/04\/6-4-100x100.jpg 100w\" sizes=\"(max-width: 1000px) 100vw, 1000px\" \/><\/td>\n<td style=\"width: 25%;\"><img decoding=\"async\" class=\"alignnone size-full wp-image-3414\" src=\"https:\/\/www.cosmepak.com\/wp-content\/uploads\/2025\/04\/7-4.jpg\" alt=\"\" width=\"1000\" height=\"1000\" srcset=\"https:\/\/www.cosmepak.com\/wp-content\/uploads\/2025\/04\/7-4.jpg 1000w, https:\/\/www.cosmepak.com\/wp-content\/uploads\/2025\/04\/7-4-300x300.jpg 300w, https:\/\/www.cosmepak.com\/wp-content\/uploads\/2025\/04\/7-4-150x150.jpg 150w, https:\/\/www.cosmepak.com\/wp-content\/uploads\/2025\/04\/7-4-768x768.jpg 768w, https:\/\/www.cosmepak.com\/wp-content\/uploads\/2025\/04\/7-4-12x12.jpg 12w, https:\/\/www.cosmepak.com\/wp-content\/uploads\/2025\/04\/7-4-600x600.jpg 600w, https:\/\/www.cosmepak.com\/wp-content\/uploads\/2025\/04\/7-4-100x100.jpg 100w\" sizes=\"(max-width: 1000px) 100vw, 1000px\" \/><\/td>\n<td style=\"width: 25%;\"><img loading=\"lazy\" decoding=\"async\" class=\"alignnone size-full wp-image-3415\" src=\"https:\/\/www.cosmepak.com\/wp-content\/uploads\/2025\/04\/8-3.jpg\" alt=\"\" width=\"1000\" height=\"1000\" srcset=\"https:\/\/www.cosmepak.com\/wp-content\/uploads\/2025\/04\/8-3.jpg 1000w, https:\/\/www.cosmepak.com\/wp-content\/uploads\/2025\/04\/8-3-300x300.jpg 300w, https:\/\/www.cosmepak.com\/wp-content\/uploads\/2025\/04\/8-3-150x150.jpg 150w, https:\/\/www.cosmepak.com\/wp-content\/uploads\/2025\/04\/8-3-768x768.jpg 768w, https:\/\/www.cosmepak.com\/wp-content\/uploads\/2025\/04\/8-3-12x12.jpg 12w, https:\/\/www.cosmepak.com\/wp-content\/uploads\/2025\/04\/8-3-600x600.jpg 600w, https:\/\/www.cosmepak.com\/wp-content\/uploads\/2025\/04\/8-3-100x100.jpg 100w\" sizes=\"(max-width: 1000px) 100vw, 1000px\" \/><\/td>\n<td style=\"width: 25%;\"><img loading=\"lazy\" decoding=\"async\" class=\"alignnone size-full wp-image-3416\" src=\"https:\/\/www.cosmepak.com\/wp-content\/uploads\/2025\/04\/5-4.jpg\" alt=\"\" width=\"1000\" height=\"1000\" srcset=\"https:\/\/www.cosmepak.com\/wp-content\/uploads\/2025\/04\/5-4.jpg 1000w, https:\/\/www.cosmepak.com\/wp-content\/uploads\/2025\/04\/5-4-300x300.jpg 300w, https:\/\/www.cosmepak.com\/wp-content\/uploads\/2025\/04\/5-4-150x150.jpg 150w, https:\/\/www.cosmepak.com\/wp-content\/uploads\/2025\/04\/5-4-768x768.jpg 768w, https:\/\/www.cosmepak.com\/wp-content\/uploads\/2025\/04\/5-4-12x12.jpg 12w, https:\/\/www.cosmepak.com\/wp-content\/uploads\/2025\/04\/5-4-600x600.jpg 600w, https:\/\/www.cosmepak.com\/wp-content\/uploads\/2025\/04\/5-4-100x100.jpg 100w\" sizes=\"(max-width: 1000px) 100vw, 1000px\" \/><\/td>\n<\/tr>\n<\/tbody>\n<\/table>\n<table style=\"border-collapse: collapse; width: 100%;\">\n<tbody>\n<tr>\n<td style=\"width: 33.3333%;\"><img loading=\"lazy\" decoding=\"async\" class=\"alignnone size-full wp-image-3417\" src=\"https:\/\/www.cosmepak.com\/wp-content\/uploads\/2025\/04\/3-6.jpg\" alt=\"\" width=\"1000\" height=\"1000\" srcset=\"https:\/\/www.cosmepak.com\/wp-content\/uploads\/2025\/04\/3-6.jpg 1000w, https:\/\/www.cosmepak.com\/wp-content\/uploads\/2025\/04\/3-6-300x300.jpg 300w, https:\/\/www.cosmepak.com\/wp-content\/uploads\/2025\/04\/3-6-150x150.jpg 150w, https:\/\/www.cosmepak.com\/wp-content\/uploads\/2025\/04\/3-6-768x768.jpg 768w, https:\/\/www.cosmepak.com\/wp-content\/uploads\/2025\/04\/3-6-12x12.jpg 12w, https:\/\/www.cosmepak.com\/wp-content\/uploads\/2025\/04\/3-6-600x600.jpg 600w, https:\/\/www.cosmepak.com\/wp-content\/uploads\/2025\/04\/3-6-100x100.jpg 100w\" sizes=\"(max-width: 1000px) 100vw, 1000px\" \/><\/td>\n<td style=\"width: 33.3333%;\"><img loading=\"lazy\" decoding=\"async\" class=\"alignnone size-full wp-image-3418\" src=\"https:\/\/www.cosmepak.com\/wp-content\/uploads\/2025\/04\/2-13.jpg\" alt=\"\" width=\"1000\" height=\"1000\" srcset=\"https:\/\/www.cosmepak.com\/wp-content\/uploads\/2025\/04\/2-13.jpg 1000w, https:\/\/www.cosmepak.com\/wp-content\/uploads\/2025\/04\/2-13-300x300.jpg 300w, https:\/\/www.cosmepak.com\/wp-content\/uploads\/2025\/04\/2-13-150x150.jpg 150w, https:\/\/www.cosmepak.com\/wp-content\/uploads\/2025\/04\/2-13-768x768.jpg 768w, https:\/\/www.cosmepak.com\/wp-content\/uploads\/2025\/04\/2-13-12x12.jpg 12w, https:\/\/www.cosmepak.com\/wp-content\/uploads\/2025\/04\/2-13-600x600.jpg 600w, https:\/\/www.cosmepak.com\/wp-content\/uploads\/2025\/04\/2-13-100x100.jpg 100w\" sizes=\"(max-width: 1000px) 100vw, 1000px\" \/><\/td>\n<td style=\"width: 33.3333%;\"><img loading=\"lazy\" decoding=\"async\" class=\"alignnone size-full wp-image-3419\" src=\"https:\/\/www.cosmepak.com\/wp-content\/uploads\/2025\/04\/1-11.jpg\" alt=\"\" width=\"1000\" height=\"1000\" srcset=\"https:\/\/www.cosmepak.com\/wp-content\/uploads\/2025\/04\/1-11.jpg 1000w, https:\/\/www.cosmepak.com\/wp-content\/uploads\/2025\/04\/1-11-300x300.jpg 300w, https:\/\/www.cosmepak.com\/wp-content\/uploads\/2025\/04\/1-11-150x150.jpg 150w, https:\/\/www.cosmepak.com\/wp-content\/uploads\/2025\/04\/1-11-768x768.jpg 768w, https:\/\/www.cosmepak.com\/wp-content\/uploads\/2025\/04\/1-11-12x12.jpg 12w, https:\/\/www.cosmepak.com\/wp-content\/uploads\/2025\/04\/1-11-600x600.jpg 600w, https:\/\/www.cosmepak.com\/wp-content\/uploads\/2025\/04\/1-11-100x100.jpg 100w\" sizes=\"(max-width: 1000px) 100vw, 1000px\" \/><\/td>\n<\/tr>\n<\/tbody>\n<\/table>\n<p>&nbsp;<\/p>","protected":false},"excerpt":{"rendered":"<p>Buismateriaal: ABS\/HDPE\/LDPE<\/p>\n<p>Dop: schroefdop<\/p>\n<p>Kleur: Aangepast (elke Pantone Color Avalible)<\/p>\n<p>Oppervlakteafwerking: schermafdrukken, glazuur, heet stempelen, spuitgradi\u00ebnt, matte afwerking, etc.<\/p>\n<p>MOQ: 10000 stcs<\/p>\n<p>&nbsp;<\/p>","protected":false},"featured_media":3420,"comment_status":"open","ping_status":"closed","template":"","meta":{"_acf_changed":false},"product_brand":[],"product_cat":[20],"product_tag":[],"class_list":{"0":"post-1690","1":"product","2":"type-product","3":"status-publish","4":"has-post-thumbnail","6":"product_cat-plastic-tube","8":"first","9":"outofstock","10":"shipping-taxable","11":"product-type-simple"},"acf":[],"_links":{"self":[{"href":"https:\/\/www.cosmepak.com\/nl\/wp-json\/wp\/v2\/product\/1690","targetHints":{"allow":["GET"]}}],"collection":[{"href":"https:\/\/www.cosmepak.com\/nl\/wp-json\/wp\/v2\/product"}],"about":[{"href":"https:\/\/www.cosmepak.com\/nl\/wp-json\/wp\/v2\/types\/product"}],"replies":[{"embeddable":true,"href":"https:\/\/www.cosmepak.com\/nl\/wp-json\/wp\/v2\/comments?post=1690"}],"wp:featuredmedia":[{"embeddable":true,"href":"https:\/\/www.cosmepak.com\/nl\/wp-json\/wp\/v2\/media\/3420"}],"wp:attachment":[{"href":"https:\/\/www.cosmepak.com\/nl\/wp-json\/wp\/v2\/media?parent=1690"}],"wp:term":[{"taxonomy":"product_brand","embeddable":true,"href":"https:\/\/www.cosmepak.com\/nl\/wp-json\/wp\/v2\/product_brand?post=1690"},{"taxonomy":"product_cat","embeddable":true,"href":"https:\/\/www.cosmepak.com\/nl\/wp-json\/wp\/v2\/product_cat?post=1690"},{"taxonomy":"product_tag","embeddable":true,"href":"https:\/\/www.cosmepak.com\/nl\/wp-json\/wp\/v2\/product_tag?post=1690"}],"curies":[{"name":"WP","href":"https:\/\/api.w.org\/{rel}","templated":true}]}}