{"id":1694,"date":"2025-04-01T15:35:46","date_gmt":"2025-04-01T07:35:46","guid":{"rendered":"https:\/\/www.cosmepak.com\/?post_type=product&#038;p=1694"},"modified":"2025-11-12T15:50:33","modified_gmt":"2025-11-12T07:50:33","slug":"10ml-ball-bottle-rolling-bottle-glass-bottles-essential-oil-bottles-jaunce","status":"publish","type":"product","link":"https:\/\/www.cosmepak.com\/nl\/product\/10ml-ball-bottle-rolling-bottle-glass-bottles-essential-oil-bottles-jaunce\/","title":{"rendered":"10ml Ball Fles Rolling Fles Glas Flessen Essenti\u00eble Olie Flessen\/Jaunce"},"content":{"rendered":"<table style=\"border-collapse: collapse; width: 100%; height: 242px;\">\n<tbody>\n<tr style=\"height: 24px;\">\n<td style=\"width: 52.222%; height: 24px; text-align: center;\">Merk<\/td>\n<td style=\"width: 47.778%; height: 24px; text-align: center;\">\u00a0Jaunce<\/td>\n<\/tr>\n<tr style=\"height: 24px;\">\n<td style=\"width: 52.222%; height: 24px; text-align: center;\">Capaciteit<\/td>\n<td style=\"width: 47.778%; height: 24px; text-align: center;\">5 ml \/ 10 ml<\/td>\n<\/tr>\n<tr style=\"height: 24px;\">\n<td style=\"width: 52.222%; height: 24px; text-align: center;\">Vorm<\/td>\n<td style=\"width: 47.778%; height: 24px; text-align: center;\">Ronde<\/td>\n<\/tr>\n<tr style=\"height: 24px;\">\n<td style=\"width: 52.222%; height: 24px; text-align: center;\">Materiaal<\/td>\n<td style=\"width: 47.778%; height: 24px; text-align: center;\">Glas \/ PP<\/td>\n<\/tr>\n<tr style=\"height: 24px;\">\n<td style=\"width: 52.222%; height: 26px; text-align: center;\">Gewicht<\/td>\n<td style=\"width: 47.778%; height: 26px; text-align: center;\">9.1g\/30.4g<\/td>\n<\/tr>\n<tr style=\"height: 24px;\">\n<td style=\"width: 52.222%; height: 24px; text-align: center;\">Passend<\/td>\n<td style=\"width: 47.778%; height: 24px; text-align: center;\">Druppel<\/td>\n<\/tr>\n<tr style=\"height: 24px;\">\n<td style=\"width: 52.222%; height: 24px; text-align: center;\">Model<\/td>\n<td style=\"width: 47.778%; height: 24px; text-align: center;\">JH-LWM04<\/td>\n<\/tr>\n<tr style=\"height: 24px;\">\n<td style=\"width: 52.222%; height: 24px; text-align: center;\">OEM \/ ODM<\/td>\n<td style=\"width: 47.778%; height: 24px; text-align: center;\">Accepteren<\/td>\n<\/tr>\n<tr style=\"height: 24px;\">\n<td style=\"width: 52.222%; height: 24px; text-align: center;\">Kleur<\/td>\n<td style=\"width: 47.778%; height: 24px; text-align: center;\">Blauw\/bruin<\/td>\n<\/tr>\n<tr style=\"height: 24px;\">\n<td style=\"width: 52.222%; height: 24px; text-align: center;\">Moq<\/td>\n<td style=\"width: 47.778%; height: 24px; text-align: center;\">Algemene 5000pcs;<\/td>\n<\/tr>\n<\/tbody>\n<\/table>\n<p><img fetchpriority=\"high\" decoding=\"async\" class=\"alignnone wp-image-1697\" src=\"https:\/\/www.cosmepak.com\/wp-content\/uploads\/2025\/04\/4-1.jpg\" alt=\"rolfles\" width=\"1377\" height=\"1377\" srcset=\"https:\/\/www.cosmepak.com\/wp-content\/uploads\/2025\/04\/4-1.jpg 1000w, https:\/\/www.cosmepak.com\/wp-content\/uploads\/2025\/04\/4-1-300x300.jpg 300w, https:\/\/www.cosmepak.com\/wp-content\/uploads\/2025\/04\/4-1-150x150.jpg 150w, https:\/\/www.cosmepak.com\/wp-content\/uploads\/2025\/04\/4-1-768x768.jpg 768w, https:\/\/www.cosmepak.com\/wp-content\/uploads\/2025\/04\/4-1-600x600.jpg 600w, https:\/\/www.cosmepak.com\/wp-content\/uploads\/2025\/04\/4-1-100x100.jpg 100w\" sizes=\"(max-width: 1377px) 100vw, 1377px\" \/><\/p>\n<table style=\"border-collapse: collapse; width: 100%;\">\n<tbody>\n<tr>\n<td style=\"width: 16.6667%; text-align: center;\">Capaciteit<\/td>\n<td style=\"width: 16.6667%; text-align: center;\">Totale hoogte<\/td>\n<td style=\"width: 16.6667%; text-align: center;\">Fleshoogte<\/td>\n<td style=\"width: 16.6667%; text-align: center;\">Afdrukbare hoogte<\/td>\n<td style=\"width: 16.6667%; text-align: center;\">Dia<\/td>\n<td style=\"width: 16.6667%; text-align: center;\">Gewicht<\/td>\n<\/tr>\n<tr>\n<td style=\"width: 16.6667%; text-align: center;\">5 ml<\/td>\n<td style=\"width: 16.6667%; text-align: center;\">58 mm<\/td>\n<td style=\"width: 16.6667%; text-align: center;\">50 mm<\/td>\n<td style=\"width: 16.6667%; text-align: center;\">35 mm<\/td>\n<td style=\"width: 16.6667%; text-align: center;\">14 mm<\/td>\n<td style=\"width: 16.6667%; text-align: center;\">9.1g<\/td>\n<\/tr>\n<tr>\n<td style=\"width: 16.6667%; text-align: center;\">10 ml<\/td>\n<td style=\"width: 16.6667%; text-align: center;\">85 mm<\/td>\n<td style=\"width: 16.6667%; text-align: center;\">72 mm<\/td>\n<td style=\"width: 16.6667%; text-align: center;\">50 mm<\/td>\n<td style=\"width: 16.6667%; text-align: center;\">19 mm<\/td>\n<td style=\"width: 16.6667%; text-align: center;\">30.4g<\/td>\n<\/tr>\n<\/tbody>\n<\/table>\n<p>JH-LWM04 is verkrijgbaar in twee maten: 5ml en 10ml. Het is geschikt voor kleine volumes van hoogwaardige producten zoals serums, essenti\u00eble oli\u00ebn en oogcr\u00e8mes.<\/p>\n<p>Glasflessen van medische kwaliteit hebben een sterke chemische stabiliteit en een uitstekende corrosiebestendigheid, waardoor de veiligheid op lange termijn van de inhoud wordt verzekerd.<\/p>\n<p>De buitendeksel van PP is voorzien van een ingebouwde kogellager insert. PP voldoet aan de normen voor voedselcontact en is veilig en niet giftig.<\/p>\n<p>De verbinding tussen de bal en het flessenlichaam neemt een nauwkeurig veerknopontwerp aan, met de kloof die binnen 0,1-0,3 mm wordt gecontroleerd. Dit zorgt niet alleen voor de flexibiliteit van het rollen, maar voorkomt ook het lekken van vloeistof.<\/p>\n<p>De oppervlakte ruwheid van de bal Ra is \u2264 0,8\u03bcm. In combinatie met het 30\u00b0 geneigde hoek ontwerp past het bij de gezichtscurve en verhoogt de absorptie effici\u00ebntie van de essence met 30%.<\/p>\n<p>Verjongende serum, oogcr\u00e8me, ampullen en andere huidverzorgingsproducten worden gemasseerd met rollers om de absorptie te verbeteren en besmetting door vingers te voorkomen.<\/p>\n<p>Zonnebrandcr\u00e8me en BB cr\u00e8me monsters zijn afzonderlijk verpakt voor draagbaarheid en om de groei van bacteri\u00ebn te verminderen als gevolg van direct handcontact.<\/p>\n<p><img decoding=\"async\" class=\"alignnone wp-image-1696\" src=\"https:\/\/www.cosmepak.com\/wp-content\/uploads\/2025\/04\/8-1.jpg\" alt=\"rolfles\" width=\"1374\" height=\"1374\" srcset=\"https:\/\/www.cosmepak.com\/wp-content\/uploads\/2025\/04\/8-1.jpg 1000w, https:\/\/www.cosmepak.com\/wp-content\/uploads\/2025\/04\/8-1-300x300.jpg 300w, https:\/\/www.cosmepak.com\/wp-content\/uploads\/2025\/04\/8-1-150x150.jpg 150w, https:\/\/www.cosmepak.com\/wp-content\/uploads\/2025\/04\/8-1-768x768.jpg 768w, https:\/\/www.cosmepak.com\/wp-content\/uploads\/2025\/04\/8-1-600x600.jpg 600w, https:\/\/www.cosmepak.com\/wp-content\/uploads\/2025\/04\/8-1-100x100.jpg 100w\" sizes=\"(max-width: 1374px) 100vw, 1374px\" \/><\/p>\n<table style=\"border-collapse: collapse; width: 100%;\">\n<tbody>\n<tr>\n<td style=\"width: 33.3333%;\"><img decoding=\"async\" class=\"alignnone size-full wp-image-3421\" src=\"https:\/\/www.cosmepak.com\/wp-content\/uploads\/2025\/04\/7-5.jpg\" alt=\"\" width=\"1000\" height=\"1000\" srcset=\"https:\/\/www.cosmepak.com\/wp-content\/uploads\/2025\/04\/7-5.jpg 1000w, https:\/\/www.cosmepak.com\/wp-content\/uploads\/2025\/04\/7-5-300x300.jpg 300w, https:\/\/www.cosmepak.com\/wp-content\/uploads\/2025\/04\/7-5-150x150.jpg 150w, https:\/\/www.cosmepak.com\/wp-content\/uploads\/2025\/04\/7-5-768x768.jpg 768w, https:\/\/www.cosmepak.com\/wp-content\/uploads\/2025\/04\/7-5-12x12.jpg 12w, https:\/\/www.cosmepak.com\/wp-content\/uploads\/2025\/04\/7-5-600x600.jpg 600w, https:\/\/www.cosmepak.com\/wp-content\/uploads\/2025\/04\/7-5-100x100.jpg 100w\" sizes=\"(max-width: 1000px) 100vw, 1000px\" \/><\/td>\n<td style=\"width: 33.3333%;\"><img loading=\"lazy\" decoding=\"async\" class=\"alignnone size-full wp-image-3422\" src=\"https:\/\/www.cosmepak.com\/wp-content\/uploads\/2025\/04\/5-5.jpg\" alt=\"\" width=\"1000\" height=\"1000\" srcset=\"https:\/\/www.cosmepak.com\/wp-content\/uploads\/2025\/04\/5-5.jpg 1000w, https:\/\/www.cosmepak.com\/wp-content\/uploads\/2025\/04\/5-5-300x300.jpg 300w, https:\/\/www.cosmepak.com\/wp-content\/uploads\/2025\/04\/5-5-150x150.jpg 150w, https:\/\/www.cosmepak.com\/wp-content\/uploads\/2025\/04\/5-5-768x768.jpg 768w, https:\/\/www.cosmepak.com\/wp-content\/uploads\/2025\/04\/5-5-12x12.jpg 12w, https:\/\/www.cosmepak.com\/wp-content\/uploads\/2025\/04\/5-5-600x600.jpg 600w, https:\/\/www.cosmepak.com\/wp-content\/uploads\/2025\/04\/5-5-100x100.jpg 100w\" sizes=\"(max-width: 1000px) 100vw, 1000px\" \/><\/td>\n<td style=\"width: 33.3333%;\"><img loading=\"lazy\" decoding=\"async\" class=\"alignnone size-full wp-image-3423\" src=\"https:\/\/www.cosmepak.com\/wp-content\/uploads\/2025\/04\/6-5.jpg\" alt=\"\" width=\"1000\" height=\"1000\" srcset=\"https:\/\/www.cosmepak.com\/wp-content\/uploads\/2025\/04\/6-5.jpg 1000w, https:\/\/www.cosmepak.com\/wp-content\/uploads\/2025\/04\/6-5-300x300.jpg 300w, https:\/\/www.cosmepak.com\/wp-content\/uploads\/2025\/04\/6-5-150x150.jpg 150w, https:\/\/www.cosmepak.com\/wp-content\/uploads\/2025\/04\/6-5-768x768.jpg 768w, https:\/\/www.cosmepak.com\/wp-content\/uploads\/2025\/04\/6-5-12x12.jpg 12w, https:\/\/www.cosmepak.com\/wp-content\/uploads\/2025\/04\/6-5-600x600.jpg 600w, https:\/\/www.cosmepak.com\/wp-content\/uploads\/2025\/04\/6-5-100x100.jpg 100w\" sizes=\"(max-width: 1000px) 100vw, 1000px\" \/><\/td>\n<\/tr>\n<\/tbody>\n<\/table>\n<p>&nbsp;<\/p>\n<div><\/div>","protected":false},"excerpt":{"rendered":"<p>Materiaal: premium transparant glas met subtiele verticaal<\/p>\n<p>Capaciteit: 5ml\/10ml<\/p>\n<p>Grootte: 5 ml: OD 14 mm;<\/p>\n<p>10 ml: OD 19 mm;<\/p>\n<p>Kleur: Blauw\/bruin; Accepteer aangepast (elke Pantone kleur beschikbaar)<\/p>\n<p>Oppervlakteafwerking: schermafdrukken, heet stempelen, spuitgradi\u00ebnt, matte afwerking, etc.<\/p>\n<p>MOQ: 5000 pcs;<\/p>\n<p>Voorbeeld: gratis voorbeelden beschikbaar<\/p>\n<p>&nbsp;<\/p>\n<p>&nbsp;<\/p>","protected":false},"featured_media":1698,"comment_status":"closed","ping_status":"closed","template":"","meta":{"_acf_changed":false},"product_brand":[],"product_cat":[15,58],"product_tag":[40],"class_list":{"0":"post-1694","1":"product","2":"type-product","3":"status-publish","4":"has-post-thumbnail","6":"product_cat-essential-oil-bottle","7":"product_cat-glass-essential-oil-bottle","8":"product_tag-essential-oil-bottle","10":"first","11":"outofstock","12":"shipping-taxable","13":"product-type-simple"},"acf":[],"_links":{"self":[{"href":"https:\/\/www.cosmepak.com\/nl\/wp-json\/wp\/v2\/product\/1694","targetHints":{"allow":["GET"]}}],"collection":[{"href":"https:\/\/www.cosmepak.com\/nl\/wp-json\/wp\/v2\/product"}],"about":[{"href":"https:\/\/www.cosmepak.com\/nl\/wp-json\/wp\/v2\/types\/product"}],"replies":[{"embeddable":true,"href":"https:\/\/www.cosmepak.com\/nl\/wp-json\/wp\/v2\/comments?post=1694"}],"wp:featuredmedia":[{"embeddable":true,"href":"https:\/\/www.cosmepak.com\/nl\/wp-json\/wp\/v2\/media\/1698"}],"wp:attachment":[{"href":"https:\/\/www.cosmepak.com\/nl\/wp-json\/wp\/v2\/media?parent=1694"}],"wp:term":[{"taxonomy":"product_brand","embeddable":true,"href":"https:\/\/www.cosmepak.com\/nl\/wp-json\/wp\/v2\/product_brand?post=1694"},{"taxonomy":"product_cat","embeddable":true,"href":"https:\/\/www.cosmepak.com\/nl\/wp-json\/wp\/v2\/product_cat?post=1694"},{"taxonomy":"product_tag","embeddable":true,"href":"https:\/\/www.cosmepak.com\/nl\/wp-json\/wp\/v2\/product_tag?post=1694"}],"curies":[{"name":"WP","href":"https:\/\/api.w.org\/{rel}","templated":true}]}}