{"id":1858,"date":"2025-04-14T16:21:11","date_gmt":"2025-04-14T08:21:11","guid":{"rendered":"https:\/\/www.cosmepak.com\/?post_type=product&#038;p=1858"},"modified":"2025-12-19T14:17:27","modified_gmt":"2025-12-19T06:17:27","slug":"30ml-and-50ml-pp-round-bottom-airless-bottle-jaunce","status":"publish","type":"product","link":"https:\/\/www.cosmepak.com\/nl\/product\/30ml-and-50ml-pp-round-bottom-airless-bottle-jaunce\/","title":{"rendered":"30ml en 50ml PP ronde bodem luchtloze fles \/ Jaunce"},"content":{"rendered":"<table style=\"border-collapse: collapse; width: 100%; height: 192px;\">\n<tbody>\n<tr style=\"height: 24px;\">\n<td style=\"width: 40.6929%; height: 192px;\" rowspan=\"8\"><img fetchpriority=\"high\" decoding=\"async\" class=\"alignnone size-full wp-image-1860\" src=\"https:\/\/www.cosmepak.com\/wp-content\/uploads\/2025\/04\/O1CN01BC2BX91nx2W6Hk7Xe_1777995155-0-cib.jpg\" alt=\"Luchtloze flessen\u00a0\" width=\"1000\" height=\"1000\" srcset=\"https:\/\/www.cosmepak.com\/wp-content\/uploads\/2025\/04\/O1CN01BC2BX91nx2W6Hk7Xe_1777995155-0-cib.jpg 1000w, https:\/\/www.cosmepak.com\/wp-content\/uploads\/2025\/04\/O1CN01BC2BX91nx2W6Hk7Xe_1777995155-0-cib-300x300.jpg 300w, https:\/\/www.cosmepak.com\/wp-content\/uploads\/2025\/04\/O1CN01BC2BX91nx2W6Hk7Xe_1777995155-0-cib-150x150.jpg 150w, https:\/\/www.cosmepak.com\/wp-content\/uploads\/2025\/04\/O1CN01BC2BX91nx2W6Hk7Xe_1777995155-0-cib-768x768.jpg 768w, https:\/\/www.cosmepak.com\/wp-content\/uploads\/2025\/04\/O1CN01BC2BX91nx2W6Hk7Xe_1777995155-0-cib-12x12.jpg 12w, https:\/\/www.cosmepak.com\/wp-content\/uploads\/2025\/04\/O1CN01BC2BX91nx2W6Hk7Xe_1777995155-0-cib-600x600.jpg 600w, https:\/\/www.cosmepak.com\/wp-content\/uploads\/2025\/04\/O1CN01BC2BX91nx2W6Hk7Xe_1777995155-0-cib-100x100.jpg 100w\" sizes=\"(max-width: 1000px) 100vw, 1000px\" \/><\/td>\n<td style=\"width: 23.5109%; height: 24px; text-align: center;\">Merk<\/td>\n<td style=\"width: 35.7961%; height: 24px; text-align: center;\">\u00a0Jaunce<\/td>\n<\/tr>\n<tr style=\"height: 24px;\">\n<td style=\"width: 23.5109%; height: 24px; text-align: center;\">Capaciteit<\/td>\n<td style=\"width: 35.7961%; height: 24px; text-align: center;\">30 ml \/ 50 ml<\/td>\n<\/tr>\n<tr style=\"height: 24px;\">\n<td style=\"width: 23.5109%; height: 24px; text-align: center;\">Vorm<\/td>\n<td style=\"width: 35.7961%; height: 24px; text-align: center;\">Ronde<\/td>\n<\/tr>\n<tr style=\"height: 24px;\">\n<td style=\"width: 23.5109%; height: 24px; text-align: center;\">Materiaal<\/td>\n<td style=\"width: 35.7961%; height: 24px; text-align: center;\">PP<\/td>\n<\/tr>\n<tr style=\"height: 24px;\">\n<td style=\"width: 23.5109%; height: 24px; text-align: center;\">Model<\/td>\n<td style=\"width: 35.7961%; height: 24px; text-align: center;\">JH-LW1145<\/td>\n<\/tr>\n<tr style=\"height: 24px;\">\n<td style=\"width: 23.5109%; height: 24px; text-align: center;\">OEM \/ ODM<\/td>\n<td style=\"width: 35.7961%; height: 24px; text-align: center;\">Accepteren<\/td>\n<\/tr>\n<tr style=\"height: 24px;\">\n<td style=\"width: 23.5109%; height: 24px; text-align: center;\">Gebruik<\/td>\n<td style=\"width: 35.7961%; height: 24px; text-align: center;\">Lotion\/Foundation\/cr\u00e8me enz.<\/td>\n<\/tr>\n<tr style=\"height: 24px;\">\n<td style=\"width: 23.5109%; height: 24px; text-align: center;\">Moq<\/td>\n<td style=\"width: 35.7961%; height: 24px; text-align: center;\">10000 stcs<\/td>\n<\/tr>\n<\/tbody>\n<\/table>\n<p>&nbsp;<\/p>\n<table style=\"border-collapse: collapse; width: 100%; height: 120px;\">\n<tbody>\n<tr style=\"height: 24px;\">\n<td style=\"width: 16.6667%; text-align: center; height: 24px;\"><strong>Capaciteit<\/strong><\/td>\n<td style=\"width: 16.6667%; text-align: center; height: 24px;\"><strong>Totale hoogte<\/strong><\/td>\n<td style=\"width: 16.6667%; text-align: center; height: 24px;\"><strong>Fleshoogte<\/strong><\/td>\n<td style=\"width: 16.6667%; text-align: center; height: 24px;\"><strong>Afdrukbare hoogte<\/strong><\/td>\n<td style=\"width: 16.6667%; text-align: center; height: 24px;\"><strong>Onderste dia<\/strong><\/td>\n<td style=\"width: 16.6667%; text-align: center; height: 24px;\"><strong>Gewicht<\/strong><\/td>\n<\/tr>\n<tr style=\"height: 24px;\">\n<td style=\"width: 16.6667%; text-align: center; height: 24px;\">30 ml<\/td>\n<td style=\"width: 16.6667%; text-align: center; height: 24px;\">93 mm<\/td>\n<td style=\"width: 16.6667%; text-align: center; height: 24px;\">55 mm<\/td>\n<td style=\"width: 16.6667%; text-align: center; height: 24px;\">35 mm<\/td>\n<td style=\"width: 16.6667%; text-align: center; height: 24px;\">49 mm<\/td>\n<td style=\"width: 16.6667%; text-align: center; height: 24px;\">47.6g<\/td>\n<\/tr>\n<tr style=\"height: 24px;\">\n<td style=\"width: 16.6667%; text-align: center; height: 24px;\">50 ml<\/td>\n<td style=\"width: 16.6667%; text-align: center; height: 24px;\">108 mm<\/td>\n<td style=\"width: 16.6667%; text-align: center; height: 24px;\">70 mm<\/td>\n<td style=\"width: 16.6667%; text-align: center; height: 24px;\">50 mm<\/td>\n<td style=\"width: 16.6667%; text-align: center; height: 24px;\">49 mm<\/td>\n<td style=\"width: 16.6667%; text-align: center; height: 24px;\">52.2g<\/td>\n<\/tr>\n<\/tbody>\n<\/table>\n<p>We bieden twee maten aan: 30ml en 50ml. Gemaakt van BPA-vrij materiaal, zorgt het voor maximale veiligheid en hygi\u00ebne. Zowel de fles als de luchtloze pomp zijn gemaakt van hoogwaardig polypropyleen (PP) materiaal. Het vacu\u00fcmdispenseringssysteem voorkomt dat lucht tijdens gebruik de container binnendringt, waardoor oxidatie, verontreiniging en afbraak van gevoelige ingredi\u00ebnten tot een minimum worden beperkt - waardoor de stabiliteit en effectiviteit van de actieve ingredi\u00ebnten worden behouden.<br \/>\nWe bieden ook aangepaste diensten, zoals label-toepassing, scherfdruk of hete stempel, waardoor u flexibele en diverse presentatieopties voor uw merk kunt krijgen.<\/p>\n<p>Deze luchtloze fles wordt veel gebruikt in de verpakking van verschillende schoonheids- en persoonlijke verzorgingsproducten, waaronder gezichtsserums, vochtinbrengende cr\u00e8mes, oogcr\u00e8mes, gezichtsoli\u00ebn en plekbehandelingen. Het is goed geschikt voor diverse gebruiksscenario's, waaronder dagelijkse huiszorg, reizen, zakenreizen en professionele salonomgevingen.<\/p>\n<table style=\"border-collapse: collapse; width: 100%;\">\n<tbody>\n<tr>\n<td style=\"width: 50%;\"><img decoding=\"async\" class=\"alignnone wp-image-3465\" src=\"https:\/\/www.cosmepak.com\/wp-content\/uploads\/2025\/04\/O1CN01LkJfDl1nx2W6AVvoC_1777995155-0-cib-e1763445377421.jpg\" alt=\"\" width=\"800\" height=\"800\" srcset=\"https:\/\/www.cosmepak.com\/wp-content\/uploads\/2025\/04\/O1CN01LkJfDl1nx2W6AVvoC_1777995155-0-cib-e1763445377421.jpg 686w, https:\/\/www.cosmepak.com\/wp-content\/uploads\/2025\/04\/O1CN01LkJfDl1nx2W6AVvoC_1777995155-0-cib-e1763445377421-300x300.jpg 300w, https:\/\/www.cosmepak.com\/wp-content\/uploads\/2025\/04\/O1CN01LkJfDl1nx2W6AVvoC_1777995155-0-cib-e1763445377421-150x150.jpg 150w, https:\/\/www.cosmepak.com\/wp-content\/uploads\/2025\/04\/O1CN01LkJfDl1nx2W6AVvoC_1777995155-0-cib-e1763445377421-12x12.jpg 12w, https:\/\/www.cosmepak.com\/wp-content\/uploads\/2025\/04\/O1CN01LkJfDl1nx2W6AVvoC_1777995155-0-cib-e1763445377421-600x600.jpg 600w, https:\/\/www.cosmepak.com\/wp-content\/uploads\/2025\/04\/O1CN01LkJfDl1nx2W6AVvoC_1777995155-0-cib-e1763445377421-100x100.jpg 100w\" sizes=\"(max-width: 800px) 100vw, 800px\" \/><\/td>\n<td style=\"width: 50%;\"><img decoding=\"async\" class=\"alignnone wp-image-3466\" src=\"https:\/\/www.cosmepak.com\/wp-content\/uploads\/2025\/04\/O1CN01t2VgpQ1nx2WCu2NTP_1777995155-0-cib-e1763445504342.jpg\" alt=\"\" width=\"800\" height=\"800\" srcset=\"https:\/\/www.cosmepak.com\/wp-content\/uploads\/2025\/04\/O1CN01t2VgpQ1nx2WCu2NTP_1777995155-0-cib-e1763445504342.jpg 693w, https:\/\/www.cosmepak.com\/wp-content\/uploads\/2025\/04\/O1CN01t2VgpQ1nx2WCu2NTP_1777995155-0-cib-e1763445504342-300x300.jpg 300w, https:\/\/www.cosmepak.com\/wp-content\/uploads\/2025\/04\/O1CN01t2VgpQ1nx2WCu2NTP_1777995155-0-cib-e1763445504342-150x150.jpg 150w, https:\/\/www.cosmepak.com\/wp-content\/uploads\/2025\/04\/O1CN01t2VgpQ1nx2WCu2NTP_1777995155-0-cib-e1763445504342-12x12.jpg 12w, https:\/\/www.cosmepak.com\/wp-content\/uploads\/2025\/04\/O1CN01t2VgpQ1nx2WCu2NTP_1777995155-0-cib-e1763445504342-600x600.jpg 600w, https:\/\/www.cosmepak.com\/wp-content\/uploads\/2025\/04\/O1CN01t2VgpQ1nx2WCu2NTP_1777995155-0-cib-e1763445504342-100x100.jpg 100w\" sizes=\"(max-width: 800px) 100vw, 800px\" \/><\/td>\n<\/tr>\n<tr>\n<td style=\"width: 50%;\"><img loading=\"lazy\" decoding=\"async\" class=\"alignnone wp-image-3467\" src=\"https:\/\/www.cosmepak.com\/wp-content\/uploads\/2025\/04\/O1CN01uWi4TW1nx2WCu3FVx_1777995155-0-cib-1.jpg\" alt=\"\" width=\"800\" height=\"800\" srcset=\"https:\/\/www.cosmepak.com\/wp-content\/uploads\/2025\/04\/O1CN01uWi4TW1nx2WCu3FVx_1777995155-0-cib-1.jpg 586w, https:\/\/www.cosmepak.com\/wp-content\/uploads\/2025\/04\/O1CN01uWi4TW1nx2WCu3FVx_1777995155-0-cib-1-300x300.jpg 300w, https:\/\/www.cosmepak.com\/wp-content\/uploads\/2025\/04\/O1CN01uWi4TW1nx2WCu3FVx_1777995155-0-cib-1-150x150.jpg 150w, https:\/\/www.cosmepak.com\/wp-content\/uploads\/2025\/04\/O1CN01uWi4TW1nx2WCu3FVx_1777995155-0-cib-1-12x12.jpg 12w, https:\/\/www.cosmepak.com\/wp-content\/uploads\/2025\/04\/O1CN01uWi4TW1nx2WCu3FVx_1777995155-0-cib-1-100x100.jpg 100w\" sizes=\"(max-width: 800px) 100vw, 800px\" \/><\/td>\n<td style=\"width: 50%;\"><img loading=\"lazy\" decoding=\"async\" class=\"alignnone wp-image-3468\" src=\"https:\/\/www.cosmepak.com\/wp-content\/uploads\/2025\/04\/O1CN01ZQI0os1nx2WAM9ZFO_1777995155-0-cib-1.jpg\" alt=\"\" width=\"800\" height=\"800\" srcset=\"https:\/\/www.cosmepak.com\/wp-content\/uploads\/2025\/04\/O1CN01ZQI0os1nx2WAM9ZFO_1777995155-0-cib-1.jpg 790w, https:\/\/www.cosmepak.com\/wp-content\/uploads\/2025\/04\/O1CN01ZQI0os1nx2WAM9ZFO_1777995155-0-cib-1-300x300.jpg 300w, https:\/\/www.cosmepak.com\/wp-content\/uploads\/2025\/04\/O1CN01ZQI0os1nx2WAM9ZFO_1777995155-0-cib-1-150x150.jpg 150w, https:\/\/www.cosmepak.com\/wp-content\/uploads\/2025\/04\/O1CN01ZQI0os1nx2WAM9ZFO_1777995155-0-cib-1-768x768.jpg 768w, https:\/\/www.cosmepak.com\/wp-content\/uploads\/2025\/04\/O1CN01ZQI0os1nx2WAM9ZFO_1777995155-0-cib-1-12x12.jpg 12w, https:\/\/www.cosmepak.com\/wp-content\/uploads\/2025\/04\/O1CN01ZQI0os1nx2WAM9ZFO_1777995155-0-cib-1-600x600.jpg 600w, https:\/\/www.cosmepak.com\/wp-content\/uploads\/2025\/04\/O1CN01ZQI0os1nx2WAM9ZFO_1777995155-0-cib-1-100x100.jpg 100w\" sizes=\"(max-width: 800px) 100vw, 800px\" \/><\/td>\n<\/tr>\n<\/tbody>\n<\/table>\n<p>&nbsp;<\/p>\n<p>&nbsp;<\/p>\n<div><\/div>","protected":false},"excerpt":{"rendered":"<p>Airless airless flessen<\/p>\n<p>Model: JH-LW1145<\/p>\n<p>Productmateriaal: PP<\/p>\n<p>Capaciteit: 30ml\/50ml voor kiezen<\/p>\n<p>Bottle Single Weight: 47.6g\/52.2g<\/p>\n<p>Kleur: transparante heldere kleur;<\/p>\n<p>Accepteer aangepast (elke Pantone -kleur beschikbaar)<\/p>\n<p>Oppervlakteafwerking: schermafdrukken, heet stempelen, spuitgradi\u00ebnt, matte afwerking, etc.<\/p>\n<p>MOQ: Aangepaste 10000pcs<\/p>\n<p>Voorbeeld: gratis voorbeelden beschikbaar<\/p>\n<p>&nbsp;<\/p>\n<p>&nbsp;<\/p>","protected":false},"featured_media":1864,"comment_status":"closed","ping_status":"closed","template":"","meta":{"_acf_changed":false},"product_brand":[],"product_cat":[35],"product_tag":[40],"class_list":{"0":"post-1858","1":"product","2":"type-product","3":"status-publish","4":"has-post-thumbnail","6":"product_cat-airless-bottle","7":"product_tag-essential-oil-bottle","9":"first","10":"instock","11":"shipping-taxable","12":"product-type-simple"},"acf":[],"_links":{"self":[{"href":"https:\/\/www.cosmepak.com\/nl\/wp-json\/wp\/v2\/product\/1858","targetHints":{"allow":["GET"]}}],"collection":[{"href":"https:\/\/www.cosmepak.com\/nl\/wp-json\/wp\/v2\/product"}],"about":[{"href":"https:\/\/www.cosmepak.com\/nl\/wp-json\/wp\/v2\/types\/product"}],"replies":[{"embeddable":true,"href":"https:\/\/www.cosmepak.com\/nl\/wp-json\/wp\/v2\/comments?post=1858"}],"wp:featuredmedia":[{"embeddable":true,"href":"https:\/\/www.cosmepak.com\/nl\/wp-json\/wp\/v2\/media\/1864"}],"wp:attachment":[{"href":"https:\/\/www.cosmepak.com\/nl\/wp-json\/wp\/v2\/media?parent=1858"}],"wp:term":[{"taxonomy":"product_brand","embeddable":true,"href":"https:\/\/www.cosmepak.com\/nl\/wp-json\/wp\/v2\/product_brand?post=1858"},{"taxonomy":"product_cat","embeddable":true,"href":"https:\/\/www.cosmepak.com\/nl\/wp-json\/wp\/v2\/product_cat?post=1858"},{"taxonomy":"product_tag","embeddable":true,"href":"https:\/\/www.cosmepak.com\/nl\/wp-json\/wp\/v2\/product_tag?post=1858"}],"curies":[{"name":"WP","href":"https:\/\/api.w.org\/{rel}","templated":true}]}}