{"id":2665,"date":"2025-07-18T08:19:49","date_gmt":"2025-07-18T00:19:49","guid":{"rendered":"https:\/\/www.cosmepak.com\/?post_type=product&#038;p=2665"},"modified":"2025-08-07T14:18:40","modified_gmt":"2025-08-07T06:18:40","slug":"50ml-pp-flip-cap-plastic-cosmetic-bottle-jaunce-2-2-2","status":"publish","type":"product","link":"https:\/\/www.cosmepak.com\/nl\/product\/50ml-pp-flip-cap-plastic-cosmetic-bottle-jaunce-2-2-2\/","title":{"rendered":"2025 Nieuwe stijl pers-type lotion fles PET fles met pomp \/ Jaunce"},"content":{"rendered":"<table style=\"border-collapse: collapse; width: 100%; height: 168px;\">\n<tbody>\n<tr style=\"height: 24px;\">\n<td style=\"width: 33.3333%; height: 168px;\" rowspan=\"5\"><img fetchpriority=\"high\" decoding=\"async\" class=\"alignnone size-full wp-image-2667\" src=\"https:\/\/www.cosmepak.com\/wp-content\/uploads\/2025\/07\/284.jpg\" alt=\"\" width=\"1920\" height=\"1920\" srcset=\"https:\/\/www.cosmepak.com\/wp-content\/uploads\/2025\/07\/284.jpg 1920w, https:\/\/www.cosmepak.com\/wp-content\/uploads\/2025\/07\/284-300x300.jpg 300w, https:\/\/www.cosmepak.com\/wp-content\/uploads\/2025\/07\/284-1024x1024.jpg 1024w, https:\/\/www.cosmepak.com\/wp-content\/uploads\/2025\/07\/284-150x150.jpg 150w, https:\/\/www.cosmepak.com\/wp-content\/uploads\/2025\/07\/284-768x768.jpg 768w, https:\/\/www.cosmepak.com\/wp-content\/uploads\/2025\/07\/284-1536x1536.jpg 1536w, https:\/\/www.cosmepak.com\/wp-content\/uploads\/2025\/07\/284-12x12.jpg 12w, https:\/\/www.cosmepak.com\/wp-content\/uploads\/2025\/07\/284-600x600.jpg 600w, https:\/\/www.cosmepak.com\/wp-content\/uploads\/2025\/07\/284-100x100.jpg 100w\" sizes=\"(max-width: 1920px) 100vw, 1920px\" \/><\/td>\n<td style=\"width: 33.122%; height: 24px; text-align: center;\">Merk<\/td>\n<td style=\"width: 33.5446%; height: 24px; text-align: center;\">Jaunce<\/td>\n<\/tr>\n<tr style=\"height: 24px;\">\n<td style=\"width: 33.122%; height: 24px; text-align: center;\">Model<\/td>\n<td style=\"width: 33.5446%; height: 24px; text-align: center;\">JH-SK1123<\/td>\n<\/tr>\n<tr style=\"height: 24px;\">\n<td style=\"width: 33.122%; height: 24px; text-align: center;\">Bekwaamheid<\/td>\n<td style=\"width: 33.5446%; height: 24px; text-align: center;\">60ml \/ 80ml \/ 100ml<\/td>\n<\/tr>\n<tr style=\"height: 24px;\">\n<td style=\"width: 33.122%; height: 24px; text-align: center;\">Kleur<\/td>\n<td style=\"width: 33.5446%; height: 24px; text-align: center;\">aangepast<\/td>\n<\/tr>\n<tr style=\"height: 24px;\">\n<td style=\"width: 33.122%; height: 24px; text-align: center;\">Materiaal<\/td>\n<td style=\"width: 33.5446%; height: 24px; text-align: center;\">HUISDIER<\/td>\n<\/tr>\n<\/tbody>\n<\/table>\n<p>&nbsp;<\/p>\n<p><img decoding=\"async\" class=\"alignnone size-full wp-image-2668\" src=\"https:\/\/www.cosmepak.com\/wp-content\/uploads\/2025\/07\/283.jpg\" alt=\"\" width=\"1920\" height=\"1920\" srcset=\"https:\/\/www.cosmepak.com\/wp-content\/uploads\/2025\/07\/283.jpg 1920w, https:\/\/www.cosmepak.com\/wp-content\/uploads\/2025\/07\/283-300x300.jpg 300w, https:\/\/www.cosmepak.com\/wp-content\/uploads\/2025\/07\/283-1024x1024.jpg 1024w, https:\/\/www.cosmepak.com\/wp-content\/uploads\/2025\/07\/283-150x150.jpg 150w, https:\/\/www.cosmepak.com\/wp-content\/uploads\/2025\/07\/283-768x768.jpg 768w, https:\/\/www.cosmepak.com\/wp-content\/uploads\/2025\/07\/283-1536x1536.jpg 1536w, https:\/\/www.cosmepak.com\/wp-content\/uploads\/2025\/07\/283-12x12.jpg 12w, https:\/\/www.cosmepak.com\/wp-content\/uploads\/2025\/07\/283-600x600.jpg 600w, https:\/\/www.cosmepak.com\/wp-content\/uploads\/2025\/07\/283-100x100.jpg 100w\" sizes=\"(max-width: 1920px) 100vw, 1920px\" \/><\/p>\n<p><img decoding=\"async\" class=\"alignnone size-full wp-image-2669\" src=\"https:\/\/www.cosmepak.com\/wp-content\/uploads\/2025\/07\/285.jpg\" alt=\"\" width=\"1920\" height=\"1920\" srcset=\"https:\/\/www.cosmepak.com\/wp-content\/uploads\/2025\/07\/285.jpg 1920w, https:\/\/www.cosmepak.com\/wp-content\/uploads\/2025\/07\/285-300x300.jpg 300w, https:\/\/www.cosmepak.com\/wp-content\/uploads\/2025\/07\/285-1024x1024.jpg 1024w, https:\/\/www.cosmepak.com\/wp-content\/uploads\/2025\/07\/285-150x150.jpg 150w, https:\/\/www.cosmepak.com\/wp-content\/uploads\/2025\/07\/285-768x768.jpg 768w, https:\/\/www.cosmepak.com\/wp-content\/uploads\/2025\/07\/285-1536x1536.jpg 1536w, https:\/\/www.cosmepak.com\/wp-content\/uploads\/2025\/07\/285-12x12.jpg 12w, https:\/\/www.cosmepak.com\/wp-content\/uploads\/2025\/07\/285-600x600.jpg 600w, https:\/\/www.cosmepak.com\/wp-content\/uploads\/2025\/07\/285-100x100.jpg 100w\" sizes=\"(max-width: 1920px) 100vw, 1920px\" \/><\/p>\n<p><img loading=\"lazy\" decoding=\"async\" class=\"alignnone size-full wp-image-2670\" src=\"https:\/\/www.cosmepak.com\/wp-content\/uploads\/2025\/07\/286.jpg\" alt=\"\" width=\"1920\" height=\"1920\" srcset=\"https:\/\/www.cosmepak.com\/wp-content\/uploads\/2025\/07\/286.jpg 1920w, https:\/\/www.cosmepak.com\/wp-content\/uploads\/2025\/07\/286-300x300.jpg 300w, https:\/\/www.cosmepak.com\/wp-content\/uploads\/2025\/07\/286-1024x1024.jpg 1024w, https:\/\/www.cosmepak.com\/wp-content\/uploads\/2025\/07\/286-150x150.jpg 150w, https:\/\/www.cosmepak.com\/wp-content\/uploads\/2025\/07\/286-768x768.jpg 768w, https:\/\/www.cosmepak.com\/wp-content\/uploads\/2025\/07\/286-1536x1536.jpg 1536w, https:\/\/www.cosmepak.com\/wp-content\/uploads\/2025\/07\/286-12x12.jpg 12w, https:\/\/www.cosmepak.com\/wp-content\/uploads\/2025\/07\/286-600x600.jpg 600w, https:\/\/www.cosmepak.com\/wp-content\/uploads\/2025\/07\/286-100x100.jpg 100w\" sizes=\"(max-width: 1920px) 100vw, 1920px\" \/><\/p>\n<p>Veelzijdige Cosmetische Verpakking: Transparante Ronde Bottom Lotion Flessen<br \/>\nIn de dynamische wereld van cosmetica speelt verpakkingen een cruciale rol in de aantrekkelijkheid en functionaliteit van producten. Onder de verschillende verpakkingsopties die beschikbaar zijn, onderscheiden transparante rondbodemlotionflessen zich door hun veelzijdigheid en esthetische aantrekkelijkheid. Hier onderzoeken we de voordelen en toepassingen van 60 ml, 80 ml en 100 ml transparante ronde bodem lotion flessen, ideaal voor serums, essences en lotions.<\/p>\n<p>1. Esthetische beroep<br \/>\nTransparante ronde bodem lotion flessen bieden een slanke en moderne look die de visuele aantrekkelijkheid van elk cosmetisch product verbetert. Door het heldere ontwerp kunnen consumenten het product binnen zien, wat bijzonder aantrekkelijk kan zijn voor prachtig gekleurde serums en lotions. Deze transparantie geeft ook een gevoel van zuiverheid en kwaliteit over, wat essentieel is in de cosmetica-industrie.<\/p>\n<p>2. Veelzijdigheid in gebruik<br \/>\nDeze flessen zijn perfect voor een breed scala aan cosmetische producten, waaronder:<\/p>\n<p>Serums: De grootte van 60 ml is ideaal voor geconcentreerde serums, die precies de juiste hoeveelheid bieden voor dagelijks gebruik.<br \/>\nEssenties: De fles van 80 ml is perfect voor essences en biedt een evenwicht tussen draagbaarheid en voldoende hoeveelheid.<br \/>\nLotions: De grootte van 100ml is geweldig voor lotions, waardoor gebruikers voldoende product hebben voor langer gebruik zonder frequente aanvullingen.<br \/>\n3. Gemakkelijk dispenseren<br \/>\nDe ronde onderkant van deze flessen is niet alleen esthetisch aangenaam maar ook praktisch. Het maakt het mogelijk om eenvoudig het product te dispenseren, waardoor gebruikers toegang hebben tot elke laatste druppel. Dit ontwerp minimaliseert afval en maximaliseert de waarde van het product, wat een groot voordeel is voor zowel consumenten als fabrikanten.<\/p>\n<p>4. Duurzaamheid en Kwaliteit<br \/>\nGemaakt van hoogwaardige materialen, deze transparante ronde bodem lotion flessen zijn duurzaam en bestendig tegen breuk. Dit zorgt ervoor dat het product veilig en intact blijft tijdens transport en dagelijks gebruik. De stevige constructie verhoogt ook de algehele waargenomen waarde van het product.<\/p>\n<p>5. Aanpassingsopties<br \/>\nDeze flessen kunnen worden aangepast om aan specifieke branding behoeften te voldoen. Met opties voor aangepaste afdrukken en etiketteren kunnen merken een unieke look cre\u00ebren die hun producten onderscheidt van de concurrentie. Of het&#8217; s een eenvoudig logo of ingewikkeld ontwerp, verbetert aanpassing merkherkenning en consumentenloyaliteit.<\/p>\n<p>6. Milieuvriendelijke keuze<br \/>\nVandaag&#8217; op de markt, duurzaamheid is een belangrijke zorg. Transparante ronde bodem lotion flessen kunnen worden gemaakt van recyclebare materialen, waardoor ze een milieuvriendelijke keuze voor milieubewuste merken. Dit komt overeen met de groeiende vraag van consumenten naar duurzame verpakkingsoplossingen.<\/p>\n<p>Conclusie<br \/>\nTransparante ronde bodem lotion flessen in 60ml, 80ml en 100ml maten bieden een veelzijdige, esthetisch aangename en praktische oplossing voor het verpakken van serums, essences en lotions. Hun heldere ontwerp, duurzaamheid en aanpassingsmogelijkheden maken ze tot een uitstekende keuze voor cosmeticamerken die hun productaaanvraaglijkheid willen verbeteren en aan de eisen van de consument willen voldoen.<\/p>\n<p>Door deze flessen te kiezen, kunnen merken ervoor zorgen dat hun producten niet alleen er geweldig uitzien, maar ook een hoog niveau van functionaliteit en gemak bieden aan hun klanten.<\/p>\n<table style=\"border-collapse: collapse; width: 100%;\">\n<tbody>\n<tr>\n<td style=\"width: 40.1818%;\"><\/td>\n<td style=\"width: 59.8182%;\"><\/td>\n<\/tr>\n<\/tbody>\n<\/table>\n<p><img loading=\"lazy\" decoding=\"async\" class=\"alignnone size-full wp-image-1347\" src=\"https:\/\/www.cosmepak.com\/wp-content\/uploads\/2024\/12\/\u9996\u987519202_03.jpg\" alt=\"fabrieksshow\" width=\"1920\" height=\"885\" srcset=\"https:\/\/www.cosmepak.com\/wp-content\/uploads\/2024\/12\/\u9996\u987519202_03.jpg 1920w, https:\/\/www.cosmepak.com\/wp-content\/uploads\/2024\/12\/\u9996\u987519202_03-300x138.jpg 300w, https:\/\/www.cosmepak.com\/wp-content\/uploads\/2024\/12\/\u9996\u987519202_03-1024x472.jpg 1024w, https:\/\/www.cosmepak.com\/wp-content\/uploads\/2024\/12\/\u9996\u987519202_03-768x354.jpg 768w, https:\/\/www.cosmepak.com\/wp-content\/uploads\/2024\/12\/\u9996\u987519202_03-1536x708.jpg 1536w, https:\/\/www.cosmepak.com\/wp-content\/uploads\/2024\/12\/\u9996\u987519202_03-600x277.jpg 600w\" sizes=\"(max-width: 1920px) 100vw, 1920px\" \/><\/p>\n<p><img loading=\"lazy\" decoding=\"async\" class=\"alignnone size-full wp-image-1348\" src=\"https:\/\/www.cosmepak.com\/wp-content\/uploads\/2024\/12\/\u9996\u987519202_04.jpg\" alt=\"\" width=\"1920\" height=\"694\" srcset=\"https:\/\/www.cosmepak.com\/wp-content\/uploads\/2024\/12\/\u9996\u987519202_04.jpg 1920w, https:\/\/www.cosmepak.com\/wp-content\/uploads\/2024\/12\/\u9996\u987519202_04-300x108.jpg 300w, https:\/\/www.cosmepak.com\/wp-content\/uploads\/2024\/12\/\u9996\u987519202_04-1024x370.jpg 1024w, https:\/\/www.cosmepak.com\/wp-content\/uploads\/2024\/12\/\u9996\u987519202_04-768x278.jpg 768w, https:\/\/www.cosmepak.com\/wp-content\/uploads\/2024\/12\/\u9996\u987519202_04-1536x555.jpg 1536w, https:\/\/www.cosmepak.com\/wp-content\/uploads\/2024\/12\/\u9996\u987519202_04-600x217.jpg 600w\" sizes=\"(max-width: 1920px) 100vw, 1920px\" \/><img loading=\"lazy\" decoding=\"async\" class=\"alignnone size-full wp-image-1350\" src=\"https:\/\/www.cosmepak.com\/wp-content\/uploads\/2024\/12\/\u9996\u987519202_05-1.jpg\" alt=\"\" width=\"1920\" height=\"970\" srcset=\"https:\/\/www.cosmepak.com\/wp-content\/uploads\/2024\/12\/\u9996\u987519202_05-1.jpg 1920w, https:\/\/www.cosmepak.com\/wp-content\/uploads\/2024\/12\/\u9996\u987519202_05-1-300x152.jpg 300w, https:\/\/www.cosmepak.com\/wp-content\/uploads\/2024\/12\/\u9996\u987519202_05-1-1024x517.jpg 1024w, https:\/\/www.cosmepak.com\/wp-content\/uploads\/2024\/12\/\u9996\u987519202_05-1-768x388.jpg 768w, https:\/\/www.cosmepak.com\/wp-content\/uploads\/2024\/12\/\u9996\u987519202_05-1-1536x776.jpg 1536w, https:\/\/www.cosmepak.com\/wp-content\/uploads\/2024\/12\/\u9996\u987519202_05-1-600x303.jpg 600w\" sizes=\"(max-width: 1920px) 100vw, 1920px\" \/><img loading=\"lazy\" decoding=\"async\" class=\"alignnone wp-image-1351\" src=\"https:\/\/www.cosmepak.com\/wp-content\/uploads\/2024\/12\/\u7269\u6d41\u8fd0\u8f93\u753b\u9762-2.jpg\" alt=\"\" width=\"1385\" height=\"1039\" srcset=\"https:\/\/www.cosmepak.com\/wp-content\/uploads\/2024\/12\/\u7269\u6d41\u8fd0\u8f93\u753b\u9762-2.jpg 800w, https:\/\/www.cosmepak.com\/wp-content\/uploads\/2024\/12\/\u7269\u6d41\u8fd0\u8f93\u753b\u9762-2-300x225.jpg 300w, https:\/\/www.cosmepak.com\/wp-content\/uploads\/2024\/12\/\u7269\u6d41\u8fd0\u8f93\u753b\u9762-2-768x576.jpg 768w, https:\/\/www.cosmepak.com\/wp-content\/uploads\/2024\/12\/\u7269\u6d41\u8fd0\u8f93\u753b\u9762-2-600x450.jpg 600w\" sizes=\"(max-width: 1385px) 100vw, 1385px\" \/><\/p>\n<table style=\"border-collapse: collapse; width: 100%;\">\n<tbody>\n<tr>\n<td style=\"width: 33.3333%; text-align: center;\"><strong>Nadrukkelijk<\/strong><\/td>\n<td style=\"width: 33.3333%; text-align: center;\"><strong>Luchtvracht<\/strong><\/td>\n<td style=\"width: 33.3333%; text-align: center;\"><strong>Zeevoer<\/strong><\/td>\n<\/tr>\n<tr>\n<td style=\"width: 33.3333%; text-align: center;\">Europ 4-6 dagen<\/p>\n<p>Noord-Amerika 4-6 dagen<\/p>\n<p>Zuidoost-Azi\u00eb 3-5 dagen<\/p>\n<p>Het Midden-Oosten 4-6 dagen<\/p>\n<p>Zuid-Afrika 5-8 dagen<\/td>\n<td style=\"width: 33.3333%; text-align: center;\">Europ 4-6 dagen<\/p>\n<p>Noord-Amerika 4-6 dagen<\/p>\n<p>Zuidoost-Azi\u00eb 3-5 dagen<\/p>\n<p>Het Midden-Oosten 4-6 dagen<\/p>\n<p>Zuid-Afrika 5-8 dagen<\/td>\n<td style=\"width: 33.3333%; text-align: center;\">Europ 25-35 dagen<\/p>\n<p>Noord-Amerika 25-35 dagen<\/p>\n<p>Zuidoost-Azi\u00eb 25-35 dagen<\/p>\n<p>Het Midden-Oosten 25-35 dagen<\/p>\n<p>Zuid-Afrika 25-35 dagen<\/td>\n<\/tr>\n<\/tbody>\n<\/table>\n<p><span style=\"font-size: 14pt;\"><strong>FAQ:<\/strong><\/span><\/p>\n<h3 id=\"why-should-you-buy-from-us-and-not-other-suppliers\" class=\"ai-center-markdown-h3\" data-spm-anchor-id=\"a2747.product_manager.0.i16.7cd971d2ShgrRH\">Waarom kopen bij ons en niet bij andere leveranciers?<\/h3>\n<ol class=\"ai-center-markdown-ol\" start=\"1\">\n<li class=\"ai-center-markdown-li\"><strong class=\"ai-center-markdown-strong\">Custom Design in 3 minuten<\/strong>: Wij bieden snelle ontwerpdiensten op maat van uw behoeften.<\/li>\n<li class=\"ai-center-markdown-li\"><strong class=\"ai-center-markdown-strong\">24\/7 online dienstverlening<\/strong>Ons team is 24 uur per dag beschikbaar om u te helpen.<\/li>\n<li class=\"ai-center-markdown-li\"><strong class=\"ai-center-markdown-strong\">Snelle steekproef Turnaround<\/strong>: Voorraadmonsters zijn klaar in 7 dagen, en aangepaste gedrukte monsters in 15 dagen.<\/li>\n<li class=\"ai-center-markdown-li\"><strong class=\"ai-center-markdown-strong\">Betrouwbare levertijd<\/strong>: Wij zorgen voor een levertijd van 35 dagen voor uw bestellingen.<\/li>\n<li class=\"ai-center-markdown-li\"><strong class=\"ai-center-markdown-strong\">Industri\u00eble expertise<\/strong>: Met meer dan 10 jaar ervaring in cosmetische verpakking, bieden wij professionele oplossingen.<\/li>\n<li class=\"ai-center-markdown-li\"><strong class=\"ai-center-markdown-strong\">Fabriek Directe verkoop<\/strong>: Geniet van de beste prijzen en diensten rechtstreeks van onze fabriek.<\/li>\n<li class=\"ai-center-markdown-li\"><strong class=\"ai-center-markdown-strong\">Uitgebreide verpakkingsoplossingen<\/strong>Wij bieden een one-stop oplossing voor al uw cosmetische verpakkingsbehoeften.<\/li>\n<\/ol>\n<h3 id=\"who-are-we\" class=\"ai-center-markdown-h3\">Wie zijn wij?<\/h3>\n<p class=\"ai-center-markdown-p\">Wij zijn een bedrijf gevestigd in Zhejiang, China, opgericht in 2014. Onze primaire markt is de binnenlandse markt (70%), met extra verkoop in Oceani\u00eb (8%), het Midden-Oosten (7%), Oost-Azi\u00eb (2%), Noord-Amerika (2%), West-Europa (2%), Zuidoost-Azi\u00eb (2%), Zuid-Azi\u00eb (1%), Zuid-Amerika (1%), Zuid-Europa (1%), Midden-Amerika (1%), Noord-Europa (1%), Afrika (1%) en Oost-Europa (1%).<\/p>\n<h3 id=\"how-can-we-guarantee-quality\" class=\"ai-center-markdown-h3\">Hoe kunnen we kwaliteit garanderen?<\/h3>\n<ul class=\"ai-center-markdown-ul\">\n<li class=\"ai-center-markdown-li\"><strong class=\"ai-center-markdown-strong\">Voorproductie monster<\/strong>: Wij verstrekken altijd een steekproef v\u00f3\u00f3r massaproductie om kwaliteit te verzekeren.<\/li>\n<li class=\"ai-center-markdown-li\"><strong class=\"ai-center-markdown-strong\">Eindelijke inspectie<\/strong>: Wij voeren een grondige eindinspectie v\u00f3\u00f3r verzending uit om productnormen te garanderen.<\/li>\n<\/ul>\n<h3 id=\"what-can-you-buy-from-us\" class=\"ai-center-markdown-h3\">Wat kunt u kopen van ons?<\/h3>\n<p class=\"ai-center-markdown-p\">U kunt verschillende cosmetische verpakkingsmaterialen kopen, waaronder:<\/p>\n<ul class=\"ai-center-markdown-ul\">\n<li class=\"ai-center-markdown-li\"><strong class=\"ai-center-markdown-strong\">Glazen flessen<\/strong><\/li>\n<li class=\"ai-center-markdown-li\"><strong class=\"ai-center-markdown-strong\">Plastic flessen\/potten\/buizen<\/strong><\/li>\n<li class=\"ai-center-markdown-li\"><strong class=\"ai-center-markdown-strong\">Aluminium flessen\/potten\/buizen<\/strong><\/li>\n<\/ul>\n<h3 id=\"what-services-can-we-provide\" class=\"ai-center-markdown-h3\">Welke diensten kunnen wij aanbieden?<\/h3>\n<ul class=\"ai-center-markdown-ul\">\n<li class=\"ai-center-markdown-li\"><strong class=\"ai-center-markdown-strong\">Accepteerde leveringsvoorwaarden<\/strong>FOB, CFR, CIF<\/li>\n<li class=\"ai-center-markdown-li\"><strong class=\"ai-center-markdown-strong\">Accepteerde betalingsvaluta<\/strong>USD, EUR, HKD, CNY<\/li>\n<li class=\"ai-center-markdown-li\"><strong class=\"ai-center-markdown-strong\">Accepteerde betalingssoorten<\/strong>: T\/T, L\/C, D\/P, D\/A<\/li>\n<li class=\"ai-center-markdown-li\"><strong class=\"ai-center-markdown-strong\">Talen gesproken<\/strong>Engels, Chinees<\/li>\n<\/ul>\n<p class=\"ai-center-markdown-p\">We kijken ernaar uit om u te bedienen met onze uitgebreide, hoogwaardige cosmetische verpakkingsoplossingen!<\/p>\n<p>&nbsp;<\/p>","protected":false},"excerpt":{"rendered":"<p>Flesmateriaal: hdpe<\/p>\n<p>Cap materiaal: pp<\/p>\n<p>Capaciteit: 30ml\/50ml<\/p>\n<p>Cap: Pomp<\/p>\n<p>Kleur: Aangepast (elke Pantone Color Avalible)<\/p>\n<p>Oppervlakteafwerking: schermafdrukken, glazuur, heet stempelen, spuitgradi\u00ebnt, matte afwerking, etc.<\/p>\n<p>MOQ: 5000 pcs;<\/p>\n<p>&nbsp;<\/p>","protected":false},"featured_media":2666,"comment_status":"open","ping_status":"closed","template":"","meta":{"_acf_changed":false},"product_brand":[],"product_cat":[47,18],"product_tag":[41],"class_list":{"0":"post-2665","1":"product","2":"type-product","3":"status-publish","4":"has-post-thumbnail","6":"product_cat-lotion-bottle","7":"product_cat-plastic-bottle","8":"product_tag-plastic-bottle","10":"first","11":"instock","12":"shipping-taxable","13":"product-type-simple"},"acf":[],"_links":{"self":[{"href":"https:\/\/www.cosmepak.com\/nl\/wp-json\/wp\/v2\/product\/2665","targetHints":{"allow":["GET"]}}],"collection":[{"href":"https:\/\/www.cosmepak.com\/nl\/wp-json\/wp\/v2\/product"}],"about":[{"href":"https:\/\/www.cosmepak.com\/nl\/wp-json\/wp\/v2\/types\/product"}],"replies":[{"embeddable":true,"href":"https:\/\/www.cosmepak.com\/nl\/wp-json\/wp\/v2\/comments?post=2665"}],"wp:featuredmedia":[{"embeddable":true,"href":"https:\/\/www.cosmepak.com\/nl\/wp-json\/wp\/v2\/media\/2666"}],"wp:attachment":[{"href":"https:\/\/www.cosmepak.com\/nl\/wp-json\/wp\/v2\/media?parent=2665"}],"wp:term":[{"taxonomy":"product_brand","embeddable":true,"href":"https:\/\/www.cosmepak.com\/nl\/wp-json\/wp\/v2\/product_brand?post=2665"},{"taxonomy":"product_cat","embeddable":true,"href":"https:\/\/www.cosmepak.com\/nl\/wp-json\/wp\/v2\/product_cat?post=2665"},{"taxonomy":"product_tag","embeddable":true,"href":"https:\/\/www.cosmepak.com\/nl\/wp-json\/wp\/v2\/product_tag?post=2665"}],"curies":[{"name":"WP","href":"https:\/\/api.w.org\/{rel}","templated":true}]}}