{"id":2671,"date":"2025-07-18T09:36:23","date_gmt":"2025-07-18T01:36:23","guid":{"rendered":"https:\/\/www.cosmepak.com\/?post_type=product&#038;p=2671"},"modified":"2025-08-07T13:21:29","modified_gmt":"2025-08-07T05:21:29","slug":"50ml-pp-flip-cap-plastic-cosmetic-bottle-jaunce-2-2-2-2","status":"publish","type":"product","link":"https:\/\/www.cosmepak.com\/nl\/product\/50ml-pp-flip-cap-plastic-cosmetic-bottle-jaunce-2-2-2-2\/","title":{"rendered":"380ml plastic fles met flip cap\/Jaunce #2"},"content":{"rendered":"<table style=\"border-collapse: collapse; width: 100%; height: 120px;\">\n<tbody>\n<tr style=\"height: 24px;\">\n<td style=\"width: 33.3333%; height: 120px;\" rowspan=\"5\"><img fetchpriority=\"high\" decoding=\"async\" class=\"alignnone size-full wp-image-2674\" src=\"https:\/\/www.cosmepak.com\/wp-content\/uploads\/2025\/07\/289.jpg\" alt=\"\" width=\"1200\" height=\"1200\" srcset=\"https:\/\/www.cosmepak.com\/wp-content\/uploads\/2025\/07\/289.jpg 1200w, https:\/\/www.cosmepak.com\/wp-content\/uploads\/2025\/07\/289-300x300.jpg 300w, https:\/\/www.cosmepak.com\/wp-content\/uploads\/2025\/07\/289-1024x1024.jpg 1024w, https:\/\/www.cosmepak.com\/wp-content\/uploads\/2025\/07\/289-150x150.jpg 150w, https:\/\/www.cosmepak.com\/wp-content\/uploads\/2025\/07\/289-768x768.jpg 768w, https:\/\/www.cosmepak.com\/wp-content\/uploads\/2025\/07\/289-12x12.jpg 12w, https:\/\/www.cosmepak.com\/wp-content\/uploads\/2025\/07\/289-600x600.jpg 600w, https:\/\/www.cosmepak.com\/wp-content\/uploads\/2025\/07\/289-100x100.jpg 100w\" sizes=\"(max-width: 1200px) 100vw, 1200px\" \/><\/td>\n<td style=\"width: 33.122%; height: 24px; text-align: center;\">Merk<\/td>\n<td style=\"width: 33.5446%; height: 24px; text-align: center;\">Jaunce<\/td>\n<\/tr>\n<tr style=\"height: 24px;\">\n<td style=\"width: 33.122%; height: 24px; text-align: center;\">Model<\/td>\n<td style=\"width: 33.5446%; height: 24px; text-align: center;\">JH-SK1123<\/td>\n<\/tr>\n<tr style=\"height: 24px;\">\n<td style=\"width: 33.122%; height: 24px; text-align: center;\">Bekwaamheid<\/td>\n<td style=\"width: 33.5446%; height: 24px; text-align: center;\">60ml \/ 80ml \/ 100ml<\/td>\n<\/tr>\n<tr style=\"height: 24px;\">\n<td style=\"width: 33.122%; height: 24px; text-align: center;\">Kleur<\/td>\n<td style=\"width: 33.5446%; height: 24px; text-align: center;\">aangepast<\/td>\n<\/tr>\n<tr style=\"height: 24px;\">\n<td style=\"width: 33.122%; height: 24px; text-align: center;\">Materiaal<\/td>\n<td style=\"width: 33.5446%; height: 24px; text-align: center;\">HUISDIER<\/td>\n<\/tr>\n<\/tbody>\n<\/table>\n<p>&nbsp;<\/p>\n<p>&nbsp;<\/p>\n<p><img decoding=\"async\" class=\"alignnone size-full wp-image-2673\" src=\"https:\/\/www.cosmepak.com\/wp-content\/uploads\/2025\/07\/288.jpg\" alt=\"\" width=\"1200\" height=\"1200\" srcset=\"https:\/\/www.cosmepak.com\/wp-content\/uploads\/2025\/07\/288.jpg 1200w, https:\/\/www.cosmepak.com\/wp-content\/uploads\/2025\/07\/288-300x300.jpg 300w, https:\/\/www.cosmepak.com\/wp-content\/uploads\/2025\/07\/288-1024x1024.jpg 1024w, https:\/\/www.cosmepak.com\/wp-content\/uploads\/2025\/07\/288-150x150.jpg 150w, https:\/\/www.cosmepak.com\/wp-content\/uploads\/2025\/07\/288-768x768.jpg 768w, https:\/\/www.cosmepak.com\/wp-content\/uploads\/2025\/07\/288-12x12.jpg 12w, https:\/\/www.cosmepak.com\/wp-content\/uploads\/2025\/07\/288-600x600.jpg 600w, https:\/\/www.cosmepak.com\/wp-content\/uploads\/2025\/07\/288-100x100.jpg 100w\" sizes=\"(max-width: 1200px) 100vw, 1200px\" \/><\/p>\n<p><img decoding=\"async\" class=\"alignnone size-full wp-image-2676\" src=\"https:\/\/www.cosmepak.com\/wp-content\/uploads\/2025\/07\/290.jpg\" alt=\"\" width=\"1200\" height=\"1200\" srcset=\"https:\/\/www.cosmepak.com\/wp-content\/uploads\/2025\/07\/290.jpg 1200w, https:\/\/www.cosmepak.com\/wp-content\/uploads\/2025\/07\/290-300x300.jpg 300w, https:\/\/www.cosmepak.com\/wp-content\/uploads\/2025\/07\/290-1024x1024.jpg 1024w, https:\/\/www.cosmepak.com\/wp-content\/uploads\/2025\/07\/290-150x150.jpg 150w, https:\/\/www.cosmepak.com\/wp-content\/uploads\/2025\/07\/290-768x768.jpg 768w, https:\/\/www.cosmepak.com\/wp-content\/uploads\/2025\/07\/290-12x12.jpg 12w, https:\/\/www.cosmepak.com\/wp-content\/uploads\/2025\/07\/290-600x600.jpg 600w, https:\/\/www.cosmepak.com\/wp-content\/uploads\/2025\/07\/290-100x100.jpg 100w\" sizes=\"(max-width: 1200px) 100vw, 1200px\" \/><\/p>\n<h2 id=\"versatile-flip-cap-bottles-for-skincare-and-haircare\" class=\"ai-center-markdown-h2\" data-spm-anchor-id=\"a2747.product_manager.0.i6.7cd971d2ShgrRH\">Veelzijdige Flip Cap Flessen voor Huidverzorging en Haarverzorging<\/h2>\n<h3 id=\"introduction\" class=\"ai-center-markdown-h3\">Inleiding<\/h3>\n<p class=\"ai-center-markdown-p\">In de wereld van persoonlijke verzorging speelt verpakking een cruciale rol in de gebruikerservaring. Flip cap flessen zijn een populaire keuze voor verschillende producten, waaronder body lotions, huidverzorgingscr\u00e8mes en shampoos. Dit artikel onderzoekt de voordelen en toepassingen van 380ml witte flip cap flessen, vooral wanneer gebruikt voor de distributie van huidverzorging en haarverzorgingsproducten.<\/p>\n<h3 id=\"body-lotion-bottles\" class=\"ai-center-markdown-h3\">Lichaamslotionflessen<\/h3>\n<p class=\"ai-center-markdown-p\">380ml flip cap flessen zijn perfect voor body lotions. Het flip cap ontwerp zorgt voor gebruiksgemak, waardoor gebruikers de lotion zonder gedoe kunnen dispenseren. De witte kleur van de fles voegt een vleugje elegantie en netheid toe, waardoor het visueel aantrekkelijk is.<\/p>\n<h3 id=\"skincare-cream-bottles\" class=\"ai-center-markdown-h3\">Huidverzorging cr\u00e8me flessen<\/h3>\n<p class=\"ai-center-markdown-p\">Voor huidverzorgingscr\u00e8mes bieden de flip cap flessen een handige en hygi\u00ebnische manier om het product te bereiken. De capaciteit van 380ml is ideaal voor dagelijks gebruik, waardoor voldoende product voor een langere periode wordt verstrekt. Het platte en slanke ontwerp van de fles maakt het eenvoudig op te slaan en te hanteren.<\/p>\n<h3 id=\"haircare-product-bottles\" class=\"ai-center-markdown-h3\">Haarverzorging Product Flessen<\/h3>\n<p class=\"ai-center-markdown-p\">Als het gaat om haarverzorgingsproducten zoals shampoos, zijn deze flip cap flessen zeer functioneel. Het flip cap mechanisme voorkomt lekkage en zorgt ervoor dat het product soepel wordt afgegeven. De 380ml grootte is geschikt voor zowel thuis- als reisgebruik en biedt veelzijdigheid.<\/p>\n<h3 id=\"benefits-of-flip-cap-bottles\" class=\"ai-center-markdown-h3\">Voordelen van flip cap flessen<\/h3>\n<ol class=\"ai-center-markdown-ol\" start=\"1\">\n<li class=\"ai-center-markdown-li\"><strong class=\"ai-center-markdown-strong\">Gebruiksgemak<\/strong>De flip cap zorgt voor een snelle en gemakkelijke toegang tot het product.<\/li>\n<li class=\"ai-center-markdown-li\"><strong class=\"ai-center-markdown-strong\">Hygi\u00ebne<\/strong>Flip caps minimaliseren het risico op besmetting en houden het product schoon.<\/li>\n<li class=\"ai-center-markdown-li\"><strong class=\"ai-center-markdown-strong\">Portabiliteit<\/strong>Het compacte ontwerp maakt deze flessen gemakkelijk te dragen tijdens het reizen.<\/li>\n<li class=\"ai-center-markdown-li\"><strong class=\"ai-center-markdown-strong\">Esthetische beroep<\/strong>De witte kleur en het slanke ontwerp voegen een professionele en schone uitstraling toe.<\/li>\n<\/ol>\n<h3 id=\"conclusion\" class=\"ai-center-markdown-h3\">Conclusie<\/h3>\n<p class=\"ai-center-markdown-p\">380ml witte flip cap flessen zijn een veelzijdige en praktische keuze voor het verpakken van lichaamslotions, huidverzorgingscr\u00e8mes en shampoos. Hun ontwerp zorgt voor gebruiksgemak, hygi\u00ebne, draagbaarheid en esthetische aantrekkelijkheid, waardoor ze een voorkeursoptie zijn voor zowel consumenten als fabrikanten.<\/p>\n<table style=\"border-collapse: collapse; width: 100%;\">\n<tbody>\n<tr>\n<td style=\"width: 40.1818%;\"><\/td>\n<td style=\"width: 59.8182%;\"><\/td>\n<\/tr>\n<\/tbody>\n<\/table>\n<p><img loading=\"lazy\" decoding=\"async\" class=\"alignnone size-full wp-image-1347\" src=\"https:\/\/www.cosmepak.com\/wp-content\/uploads\/2024\/12\/\u9996\u987519202_03.jpg\" alt=\"fabrieksshow\" width=\"1920\" height=\"885\" srcset=\"https:\/\/www.cosmepak.com\/wp-content\/uploads\/2024\/12\/\u9996\u987519202_03.jpg 1920w, https:\/\/www.cosmepak.com\/wp-content\/uploads\/2024\/12\/\u9996\u987519202_03-300x138.jpg 300w, https:\/\/www.cosmepak.com\/wp-content\/uploads\/2024\/12\/\u9996\u987519202_03-1024x472.jpg 1024w, https:\/\/www.cosmepak.com\/wp-content\/uploads\/2024\/12\/\u9996\u987519202_03-768x354.jpg 768w, https:\/\/www.cosmepak.com\/wp-content\/uploads\/2024\/12\/\u9996\u987519202_03-1536x708.jpg 1536w, https:\/\/www.cosmepak.com\/wp-content\/uploads\/2024\/12\/\u9996\u987519202_03-600x277.jpg 600w\" sizes=\"(max-width: 1920px) 100vw, 1920px\" \/><\/p>\n<p><img loading=\"lazy\" decoding=\"async\" class=\"alignnone size-full wp-image-1348\" src=\"https:\/\/www.cosmepak.com\/wp-content\/uploads\/2024\/12\/\u9996\u987519202_04.jpg\" alt=\"\" width=\"1920\" height=\"694\" srcset=\"https:\/\/www.cosmepak.com\/wp-content\/uploads\/2024\/12\/\u9996\u987519202_04.jpg 1920w, https:\/\/www.cosmepak.com\/wp-content\/uploads\/2024\/12\/\u9996\u987519202_04-300x108.jpg 300w, https:\/\/www.cosmepak.com\/wp-content\/uploads\/2024\/12\/\u9996\u987519202_04-1024x370.jpg 1024w, https:\/\/www.cosmepak.com\/wp-content\/uploads\/2024\/12\/\u9996\u987519202_04-768x278.jpg 768w, https:\/\/www.cosmepak.com\/wp-content\/uploads\/2024\/12\/\u9996\u987519202_04-1536x555.jpg 1536w, https:\/\/www.cosmepak.com\/wp-content\/uploads\/2024\/12\/\u9996\u987519202_04-600x217.jpg 600w\" sizes=\"(max-width: 1920px) 100vw, 1920px\" \/><img loading=\"lazy\" decoding=\"async\" class=\"alignnone size-full wp-image-1350\" src=\"https:\/\/www.cosmepak.com\/wp-content\/uploads\/2024\/12\/\u9996\u987519202_05-1.jpg\" alt=\"\" width=\"1920\" height=\"970\" srcset=\"https:\/\/www.cosmepak.com\/wp-content\/uploads\/2024\/12\/\u9996\u987519202_05-1.jpg 1920w, https:\/\/www.cosmepak.com\/wp-content\/uploads\/2024\/12\/\u9996\u987519202_05-1-300x152.jpg 300w, https:\/\/www.cosmepak.com\/wp-content\/uploads\/2024\/12\/\u9996\u987519202_05-1-1024x517.jpg 1024w, https:\/\/www.cosmepak.com\/wp-content\/uploads\/2024\/12\/\u9996\u987519202_05-1-768x388.jpg 768w, https:\/\/www.cosmepak.com\/wp-content\/uploads\/2024\/12\/\u9996\u987519202_05-1-1536x776.jpg 1536w, https:\/\/www.cosmepak.com\/wp-content\/uploads\/2024\/12\/\u9996\u987519202_05-1-600x303.jpg 600w\" sizes=\"(max-width: 1920px) 100vw, 1920px\" \/><img loading=\"lazy\" decoding=\"async\" class=\"alignnone wp-image-1351\" src=\"https:\/\/www.cosmepak.com\/wp-content\/uploads\/2024\/12\/\u7269\u6d41\u8fd0\u8f93\u753b\u9762-2.jpg\" alt=\"\" width=\"1385\" height=\"1039\" srcset=\"https:\/\/www.cosmepak.com\/wp-content\/uploads\/2024\/12\/\u7269\u6d41\u8fd0\u8f93\u753b\u9762-2.jpg 800w, https:\/\/www.cosmepak.com\/wp-content\/uploads\/2024\/12\/\u7269\u6d41\u8fd0\u8f93\u753b\u9762-2-300x225.jpg 300w, https:\/\/www.cosmepak.com\/wp-content\/uploads\/2024\/12\/\u7269\u6d41\u8fd0\u8f93\u753b\u9762-2-768x576.jpg 768w, https:\/\/www.cosmepak.com\/wp-content\/uploads\/2024\/12\/\u7269\u6d41\u8fd0\u8f93\u753b\u9762-2-600x450.jpg 600w\" sizes=\"(max-width: 1385px) 100vw, 1385px\" \/><\/p>\n<table style=\"border-collapse: collapse; width: 100%;\">\n<tbody>\n<tr>\n<td style=\"width: 33.3333%; text-align: center;\"><strong>Nadrukkelijk<\/strong><\/td>\n<td style=\"width: 33.3333%; text-align: center;\"><strong>Luchtvracht<\/strong><\/td>\n<td style=\"width: 33.3333%; text-align: center;\"><strong>Zeevoer<\/strong><\/td>\n<\/tr>\n<tr>\n<td style=\"width: 33.3333%; text-align: center;\">Europ 4-6 dagen<\/p>\n<p>Noord-Amerika 4-6 dagen<\/p>\n<p>Zuidoost-Azi\u00eb 3-5 dagen<\/p>\n<p>Het Midden-Oosten 4-6 dagen<\/p>\n<p>Zuid-Afrika 5-8 dagen<\/td>\n<td style=\"width: 33.3333%; text-align: center;\">Europ 4-6 dagen<\/p>\n<p>Noord-Amerika 4-6 dagen<\/p>\n<p>Zuidoost-Azi\u00eb 3-5 dagen<\/p>\n<p>Het Midden-Oosten 4-6 dagen<\/p>\n<p>Zuid-Afrika 5-8 dagen<\/td>\n<td style=\"width: 33.3333%; text-align: center;\">Europ 25-35 dagen<\/p>\n<p>Noord-Amerika 25-35 dagen<\/p>\n<p>Zuidoost-Azi\u00eb 25-35 dagen<\/p>\n<p>Het Midden-Oosten 25-35 dagen<\/p>\n<p>Zuid-Afrika 25-35 dagen<\/td>\n<\/tr>\n<\/tbody>\n<\/table>\n<p><span style=\"font-size: 14pt;\"><strong>FAQ:<\/strong><\/span><\/p>\n<h3 id=\"why-should-you-buy-from-us-and-not-other-suppliers\" class=\"ai-center-markdown-h3\">Waarom kopen bij ons en niet bij andere leveranciers?<\/h3>\n<ol class=\"ai-center-markdown-ol\" start=\"1\">\n<li class=\"ai-center-markdown-li\"><strong class=\"ai-center-markdown-strong\">Custom Design in 3 minuten<\/strong>: Wij bieden snelle ontwerpdiensten op maat van uw behoeften.<\/li>\n<li class=\"ai-center-markdown-li\"><strong class=\"ai-center-markdown-strong\">24\/7 online dienstverlening<\/strong>Ons team is 24 uur per dag beschikbaar om u te helpen.<\/li>\n<li class=\"ai-center-markdown-li\"><strong class=\"ai-center-markdown-strong\">Snelle steekproef Turnaround<\/strong>: Voorraadmonsters zijn klaar in 7 dagen, en aangepaste gedrukte monsters in 15 dagen.<\/li>\n<li class=\"ai-center-markdown-li\"><strong class=\"ai-center-markdown-strong\">Betrouwbare levertijd<\/strong>: Wij zorgen voor een levertijd van 35 dagen voor uw bestellingen.<\/li>\n<li class=\"ai-center-markdown-li\"><strong class=\"ai-center-markdown-strong\">Industri\u00eble expertise<\/strong>: Met meer dan 10 jaar ervaring in cosmetische verpakking, bieden wij professionele oplossingen.<\/li>\n<li class=\"ai-center-markdown-li\"><strong class=\"ai-center-markdown-strong\">Fabriek Directe verkoop<\/strong>: Geniet van de beste prijzen en diensten rechtstreeks van onze fabriek.<\/li>\n<li class=\"ai-center-markdown-li\"><strong class=\"ai-center-markdown-strong\">Uitgebreide verpakkingsoplossingen<\/strong>Wij bieden een one-stop oplossing voor al uw cosmetische verpakkingsbehoeften.<\/li>\n<\/ol>\n<h3 id=\"who-are-we\" class=\"ai-center-markdown-h3\">Wie zijn wij?<\/h3>\n<p class=\"ai-center-markdown-p\">Wij zijn een bedrijf gevestigd in Zhejiang, China, opgericht in 2014. Onze primaire markt is de binnenlandse markt (70%), met extra verkoop in Oceani\u00eb (8%), het Midden-Oosten (7%), Oost-Azi\u00eb (2%), Noord-Amerika (2%), West-Europa (2%), Zuidoost-Azi\u00eb (2%), Zuid-Azi\u00eb (1%), Zuid-Amerika (1%), Zuid-Europa (1%), Midden-Amerika (1%), Noord-Europa (1%), Afrika (1%) en Oost-Europa (1%).<\/p>\n<h3 id=\"how-can-we-guarantee-quality\" class=\"ai-center-markdown-h3\">Hoe kunnen we kwaliteit garanderen?<\/h3>\n<ul class=\"ai-center-markdown-ul\">\n<li class=\"ai-center-markdown-li\"><strong class=\"ai-center-markdown-strong\">Voorproductie monster<\/strong>: Wij verstrekken altijd een steekproef v\u00f3\u00f3r massaproductie om kwaliteit te verzekeren.<\/li>\n<li class=\"ai-center-markdown-li\"><strong class=\"ai-center-markdown-strong\">Eindelijke inspectie<\/strong>: Wij voeren een grondige eindinspectie v\u00f3\u00f3r verzending uit om productnormen te garanderen.<\/li>\n<\/ul>\n<h3 id=\"what-can-you-buy-from-us\" class=\"ai-center-markdown-h3\">Wat kunt u kopen van ons?<\/h3>\n<p class=\"ai-center-markdown-p\">U kunt verschillende cosmetische verpakkingsmaterialen kopen, waaronder:<\/p>\n<ul class=\"ai-center-markdown-ul\">\n<li class=\"ai-center-markdown-li\"><strong class=\"ai-center-markdown-strong\">Glazen flessen<\/strong><\/li>\n<li class=\"ai-center-markdown-li\"><strong class=\"ai-center-markdown-strong\">Plastic flessen\/potten\/buizen<\/strong><\/li>\n<li class=\"ai-center-markdown-li\"><strong class=\"ai-center-markdown-strong\">Aluminium flessen\/potten\/buizen<\/strong><\/li>\n<\/ul>\n<h3 id=\"what-services-can-we-provide\" class=\"ai-center-markdown-h3\">Welke diensten kunnen wij aanbieden?<\/h3>\n<ul class=\"ai-center-markdown-ul\">\n<li class=\"ai-center-markdown-li\"><strong class=\"ai-center-markdown-strong\">Accepteerde leveringsvoorwaarden<\/strong>FOB, CFR, CIF<\/li>\n<li class=\"ai-center-markdown-li\"><strong class=\"ai-center-markdown-strong\">Accepteerde betalingsvaluta<\/strong>USD, EUR, HKD, CNY<\/li>\n<li class=\"ai-center-markdown-li\"><strong class=\"ai-center-markdown-strong\">Accepteerde betalingssoorten<\/strong>: T\/T, L\/C, D\/P, D\/A<\/li>\n<li class=\"ai-center-markdown-li\"><strong class=\"ai-center-markdown-strong\">Talen gesproken<\/strong>Engels, Chinees<\/li>\n<\/ul>\n<p class=\"ai-center-markdown-p\">We kijken ernaar uit om u te bedienen met onze uitgebreide, hoogwaardige cosmetische verpakkingsoplossingen!<\/p>","protected":false},"excerpt":{"rendered":"<p>Flesmateriaal: pe<\/p>\n<p>Cap materiaal: pp<\/p>\n<p>Capaciteit: 380ml<\/p>\n<p>Cap: flip cap<\/p>\n<p>Kleur: Aangepast (elke Pantone Color Avalible)<\/p>\n<p>Oppervlakteafwerking: schermafdrukken, glazuur, heet stempelen, spuitgradi\u00ebnt, matte afwerking, etc.<\/p>\n<p>MOQ: 5000 pcs;<\/p>\n<p>&nbsp;<\/p>","protected":false},"featured_media":2672,"comment_status":"open","ping_status":"closed","template":"","meta":{"_acf_changed":false},"product_brand":[],"product_cat":[47,18],"product_tag":[41],"class_list":{"0":"post-2671","1":"product","2":"type-product","3":"status-publish","4":"has-post-thumbnail","6":"product_cat-lotion-bottle","7":"product_cat-plastic-bottle","8":"product_tag-plastic-bottle","10":"first","11":"instock","12":"shipping-taxable","13":"product-type-simple"},"acf":[],"_links":{"self":[{"href":"https:\/\/www.cosmepak.com\/nl\/wp-json\/wp\/v2\/product\/2671","targetHints":{"allow":["GET"]}}],"collection":[{"href":"https:\/\/www.cosmepak.com\/nl\/wp-json\/wp\/v2\/product"}],"about":[{"href":"https:\/\/www.cosmepak.com\/nl\/wp-json\/wp\/v2\/types\/product"}],"replies":[{"embeddable":true,"href":"https:\/\/www.cosmepak.com\/nl\/wp-json\/wp\/v2\/comments?post=2671"}],"wp:featuredmedia":[{"embeddable":true,"href":"https:\/\/www.cosmepak.com\/nl\/wp-json\/wp\/v2\/media\/2672"}],"wp:attachment":[{"href":"https:\/\/www.cosmepak.com\/nl\/wp-json\/wp\/v2\/media?parent=2671"}],"wp:term":[{"taxonomy":"product_brand","embeddable":true,"href":"https:\/\/www.cosmepak.com\/nl\/wp-json\/wp\/v2\/product_brand?post=2671"},{"taxonomy":"product_cat","embeddable":true,"href":"https:\/\/www.cosmepak.com\/nl\/wp-json\/wp\/v2\/product_cat?post=2671"},{"taxonomy":"product_tag","embeddable":true,"href":"https:\/\/www.cosmepak.com\/nl\/wp-json\/wp\/v2\/product_tag?post=2671"}],"curies":[{"name":"WP","href":"https:\/\/api.w.org\/{rel}","templated":true}]}}