{"id":2677,"date":"2025-07-18T16:16:25","date_gmt":"2025-07-18T08:16:25","guid":{"rendered":"https:\/\/www.cosmepak.com\/?post_type=product&#038;p=2677"},"modified":"2025-08-06T08:51:19","modified_gmt":"2025-08-06T00:51:19","slug":"50ml-pp-flip-cap-plastic-cosmetic-bottle-jaunce-2-2-3","status":"publish","type":"product","link":"https:\/\/www.cosmepak.com\/nl\/product\/50ml-pp-flip-cap-plastic-cosmetic-bottle-jaunce-2-2-3\/","title":{"rendered":"Plaat schouder plastic fles met pers pomp\/Jaunce"},"content":{"rendered":"<table style=\"border-collapse: collapse; width: 100%; height: 168px;\">\n<tbody>\n<tr style=\"height: 24px;\">\n<td style=\"width: 33.3333%; height: 168px;\" rowspan=\"5\"><img fetchpriority=\"high\" decoding=\"async\" class=\"alignnone size-full wp-image-2679\" src=\"https:\/\/www.cosmepak.com\/wp-content\/uploads\/2025\/07\/296.jpg\" alt=\"\" width=\"1920\" height=\"1920\" srcset=\"https:\/\/www.cosmepak.com\/wp-content\/uploads\/2025\/07\/296.jpg 1920w, https:\/\/www.cosmepak.com\/wp-content\/uploads\/2025\/07\/296-300x300.jpg 300w, https:\/\/www.cosmepak.com\/wp-content\/uploads\/2025\/07\/296-1024x1024.jpg 1024w, https:\/\/www.cosmepak.com\/wp-content\/uploads\/2025\/07\/296-150x150.jpg 150w, https:\/\/www.cosmepak.com\/wp-content\/uploads\/2025\/07\/296-768x768.jpg 768w, https:\/\/www.cosmepak.com\/wp-content\/uploads\/2025\/07\/296-1536x1536.jpg 1536w, https:\/\/www.cosmepak.com\/wp-content\/uploads\/2025\/07\/296-12x12.jpg 12w, https:\/\/www.cosmepak.com\/wp-content\/uploads\/2025\/07\/296-600x600.jpg 600w, https:\/\/www.cosmepak.com\/wp-content\/uploads\/2025\/07\/296-100x100.jpg 100w\" sizes=\"(max-width: 1920px) 100vw, 1920px\" \/><\/td>\n<td style=\"width: 33.122%; height: 24px; text-align: center;\">Merk<\/td>\n<td style=\"width: 33.5446%; height: 24px; text-align: center;\">Jaunce<\/td>\n<\/tr>\n<tr style=\"height: 24px;\">\n<td style=\"width: 33.122%; height: 24px; text-align: center;\">Model<\/td>\n<td style=\"width: 33.5446%; height: 24px; text-align: center;\">JH-SK0915<\/td>\n<\/tr>\n<tr style=\"height: 24px;\">\n<td style=\"width: 33.122%; height: 24px; text-align: center;\">Bekwaamheid<\/td>\n<td style=\"width: 33.5446%; height: 24px; text-align: center;\">200 ml \/ 250 ml \/ 300 ml<\/td>\n<\/tr>\n<tr style=\"height: 24px;\">\n<td style=\"width: 33.122%; height: 24px; text-align: center;\">Kleur<\/td>\n<td style=\"width: 33.5446%; height: 24px; text-align: center;\">aangepast<\/td>\n<\/tr>\n<tr style=\"height: 24px;\">\n<td style=\"width: 33.122%; height: 24px; text-align: center;\">Materiaal<\/td>\n<td style=\"width: 33.5446%; height: 24px; text-align: center;\">HUISDIER<\/td>\n<\/tr>\n<\/tbody>\n<\/table>\n<p>&nbsp;<\/p>\n<p><img decoding=\"async\" class=\"alignnone size-full wp-image-2680\" src=\"https:\/\/www.cosmepak.com\/wp-content\/uploads\/2025\/07\/293.jpg\" alt=\"\" width=\"1920\" height=\"1920\" srcset=\"https:\/\/www.cosmepak.com\/wp-content\/uploads\/2025\/07\/293.jpg 1920w, https:\/\/www.cosmepak.com\/wp-content\/uploads\/2025\/07\/293-300x300.jpg 300w, https:\/\/www.cosmepak.com\/wp-content\/uploads\/2025\/07\/293-1024x1024.jpg 1024w, https:\/\/www.cosmepak.com\/wp-content\/uploads\/2025\/07\/293-150x150.jpg 150w, https:\/\/www.cosmepak.com\/wp-content\/uploads\/2025\/07\/293-768x768.jpg 768w, https:\/\/www.cosmepak.com\/wp-content\/uploads\/2025\/07\/293-1536x1536.jpg 1536w, https:\/\/www.cosmepak.com\/wp-content\/uploads\/2025\/07\/293-12x12.jpg 12w, https:\/\/www.cosmepak.com\/wp-content\/uploads\/2025\/07\/293-600x600.jpg 600w, https:\/\/www.cosmepak.com\/wp-content\/uploads\/2025\/07\/293-100x100.jpg 100w\" sizes=\"(max-width: 1920px) 100vw, 1920px\" \/><\/p>\n<p><img decoding=\"async\" class=\"alignnone size-full wp-image-2681\" src=\"https:\/\/www.cosmepak.com\/wp-content\/uploads\/2025\/07\/294.jpg\" alt=\"\" width=\"1920\" height=\"1920\" srcset=\"https:\/\/www.cosmepak.com\/wp-content\/uploads\/2025\/07\/294.jpg 1920w, https:\/\/www.cosmepak.com\/wp-content\/uploads\/2025\/07\/294-300x300.jpg 300w, https:\/\/www.cosmepak.com\/wp-content\/uploads\/2025\/07\/294-1024x1024.jpg 1024w, https:\/\/www.cosmepak.com\/wp-content\/uploads\/2025\/07\/294-150x150.jpg 150w, https:\/\/www.cosmepak.com\/wp-content\/uploads\/2025\/07\/294-768x768.jpg 768w, https:\/\/www.cosmepak.com\/wp-content\/uploads\/2025\/07\/294-1536x1536.jpg 1536w, https:\/\/www.cosmepak.com\/wp-content\/uploads\/2025\/07\/294-12x12.jpg 12w, https:\/\/www.cosmepak.com\/wp-content\/uploads\/2025\/07\/294-600x600.jpg 600w, https:\/\/www.cosmepak.com\/wp-content\/uploads\/2025\/07\/294-100x100.jpg 100w\" sizes=\"(max-width: 1920px) 100vw, 1920px\" \/><\/p>\n<p><img loading=\"lazy\" decoding=\"async\" class=\"alignnone size-full wp-image-2682\" src=\"https:\/\/www.cosmepak.com\/wp-content\/uploads\/2025\/07\/295.jpg\" alt=\"\" width=\"1600\" height=\"1600\" srcset=\"https:\/\/www.cosmepak.com\/wp-content\/uploads\/2025\/07\/295.jpg 1600w, https:\/\/www.cosmepak.com\/wp-content\/uploads\/2025\/07\/295-300x300.jpg 300w, https:\/\/www.cosmepak.com\/wp-content\/uploads\/2025\/07\/295-1024x1024.jpg 1024w, https:\/\/www.cosmepak.com\/wp-content\/uploads\/2025\/07\/295-150x150.jpg 150w, https:\/\/www.cosmepak.com\/wp-content\/uploads\/2025\/07\/295-768x768.jpg 768w, https:\/\/www.cosmepak.com\/wp-content\/uploads\/2025\/07\/295-1536x1536.jpg 1536w, https:\/\/www.cosmepak.com\/wp-content\/uploads\/2025\/07\/295-12x12.jpg 12w, https:\/\/www.cosmepak.com\/wp-content\/uploads\/2025\/07\/295-600x600.jpg 600w, https:\/\/www.cosmepak.com\/wp-content\/uploads\/2025\/07\/295-100x100.jpg 100w\" sizes=\"(max-width: 1600px) 100vw, 1600px\" \/><\/p>\n<p>Veelzijdige PET-flessen voor persoonlijke verzorgingsproducten<br \/>\nDe persoonlijke verzorgingsindustrie evolueert voortdurend, met verpakkingen die een cruciale rol spelen bij de differentiatie van producten en consumententevredenheid. Hier benadrukken we twee veelzijdige PET-flessontwerpen die golven maken: de 200 ml witte platte schouder transparante pompfles en de 250\/300 ml handsanitizer-, shampoo- en douchegelflessen.<\/p>\n<p>200ml witte platte schouder transparante pompfles<br \/>\nDe 200ml witte platte schouder transparante pompfles combineert elegantie en praktijk. Het platte schouderdesign biedt een slanke en moderne uitstraling, terwijl het transparante lichaam consumenten in staat stelt het product binnen te zien, waardoor het vertrouwen en de aantrekkelijkheid worden verhoogd. Het pompmechanisme zorgt voor een eenvoudige en gecontroleerde dosering, waardoor het ideaal is voor verschillende vloeibare persoonlijke verzorgingsproducten zoals lotions en shampoos. Het PET-materiaal dat in deze fles wordt gebruikt staat bekend om zijn duurzaamheid en weerstand tegen slagen, waardoor het product zelfs in veeleisende omgevingen intact blijft.<\/p>\n<p>250\/300ml Hand sanitizer, shampoo en douchegel flessen<br \/>\nDe 250\/300ml flessen zijn ontworpen om te voldoen aan een breed scala aan persoonlijke verzorgingsproducten, waaronder handsanitizers, shampoos en douchegels. Deze flessen bieden veelzijdigheid in capaciteit, waardoor fabrikanten kunnen kiezen tussen 250ml en 300ml op basis van hun productvereisten. Het ergonomische ontwerp zorgt voor een eenvoudige hantering en dispensing, waardoor een comfortabele gebruikerservaring wordt geboden. Het PET materiaal zorgt ervoor dat deze flessen stevig en breekbestendig zijn, waardoor ze geschikt zijn voor zowel thuis- als reisgebruik.<\/p>\n<p>Voordelen van PET materiaal<br \/>\nPET (polyethyleentereftalaat) is een populaire keuze voor verpakkingen voor persoonlijke verzorgingsproducten vanwege zijn talrijke voordelen:<\/p>\n<p>Duurzaamheid: PET-flessen zijn bestand tegen impact en breuk, waardoor het product veilig en intact blijft.<br \/>\nDuidelijkheid: De transparante aard van PET stelt consumenten in staat om het product binnen te zien, wat de visuele aantrekkelijkheid en het vertrouwen verhoogt.<br \/>\nChemische weerstand: PET is bestand tegen verschillende chemicali\u00ebn, waardoor het product ongebesmet blijft en veilig voor gebruik.<br \/>\nLichtgewicht: PET-flessen zijn lichtgewicht, waardoor ze gemakkelijk te hanteren en te transporteren zijn.<br \/>\nConclusie<br \/>\nTot slot vertegenwoordigen de 200 ml White Flat Shoulder Transparent Pump Bottle en de 250\/300 ml Hand Sanitizer, Shampoo en Shower Gel Bottles de innovatieve en veelzijdige verpakkingsoplossingen in de persoonlijke verzorgingsindustrie. Hun ontwerpen voldoen aan consumentenvoorkeuren voor zowel esthetische aantrekkelijkheid als functionele voordelen. Door het gebruik van PET-materiaal kunnen fabrikanten duurzaamheid, helderheid en veiligheid garanderen, waardoor deze flessen een uitstekende keuze zijn voor een breed scala aan persoonlijke verzorgingsproducten.<\/p>\n<table style=\"border-collapse: collapse; width: 0.567186%;\">\n<tbody>\n<tr>\n<td style=\"width: 40.1818%;\"><\/td>\n<td style=\"width: 0.630517%;\"><\/td>\n<\/tr>\n<\/tbody>\n<\/table>\n<p><img loading=\"lazy\" decoding=\"async\" class=\"alignnone size-full wp-image-1347\" src=\"https:\/\/www.cosmepak.com\/wp-content\/uploads\/2024\/12\/\u9996\u987519202_03.jpg\" alt=\"fabrieksshow\" width=\"1920\" height=\"885\" srcset=\"https:\/\/www.cosmepak.com\/wp-content\/uploads\/2024\/12\/\u9996\u987519202_03.jpg 1920w, https:\/\/www.cosmepak.com\/wp-content\/uploads\/2024\/12\/\u9996\u987519202_03-300x138.jpg 300w, https:\/\/www.cosmepak.com\/wp-content\/uploads\/2024\/12\/\u9996\u987519202_03-1024x472.jpg 1024w, https:\/\/www.cosmepak.com\/wp-content\/uploads\/2024\/12\/\u9996\u987519202_03-768x354.jpg 768w, https:\/\/www.cosmepak.com\/wp-content\/uploads\/2024\/12\/\u9996\u987519202_03-1536x708.jpg 1536w, https:\/\/www.cosmepak.com\/wp-content\/uploads\/2024\/12\/\u9996\u987519202_03-600x277.jpg 600w\" sizes=\"(max-width: 1920px) 100vw, 1920px\" \/><\/p>\n<p><img loading=\"lazy\" decoding=\"async\" class=\"alignnone size-full wp-image-1348\" src=\"https:\/\/www.cosmepak.com\/wp-content\/uploads\/2024\/12\/\u9996\u987519202_04.jpg\" alt=\"\" width=\"1920\" height=\"694\" srcset=\"https:\/\/www.cosmepak.com\/wp-content\/uploads\/2024\/12\/\u9996\u987519202_04.jpg 1920w, https:\/\/www.cosmepak.com\/wp-content\/uploads\/2024\/12\/\u9996\u987519202_04-300x108.jpg 300w, https:\/\/www.cosmepak.com\/wp-content\/uploads\/2024\/12\/\u9996\u987519202_04-1024x370.jpg 1024w, https:\/\/www.cosmepak.com\/wp-content\/uploads\/2024\/12\/\u9996\u987519202_04-768x278.jpg 768w, https:\/\/www.cosmepak.com\/wp-content\/uploads\/2024\/12\/\u9996\u987519202_04-1536x555.jpg 1536w, https:\/\/www.cosmepak.com\/wp-content\/uploads\/2024\/12\/\u9996\u987519202_04-600x217.jpg 600w\" sizes=\"(max-width: 1920px) 100vw, 1920px\" \/><img loading=\"lazy\" decoding=\"async\" class=\"alignnone size-full wp-image-1350\" src=\"https:\/\/www.cosmepak.com\/wp-content\/uploads\/2024\/12\/\u9996\u987519202_05-1.jpg\" alt=\"\" width=\"1920\" height=\"970\" srcset=\"https:\/\/www.cosmepak.com\/wp-content\/uploads\/2024\/12\/\u9996\u987519202_05-1.jpg 1920w, https:\/\/www.cosmepak.com\/wp-content\/uploads\/2024\/12\/\u9996\u987519202_05-1-300x152.jpg 300w, https:\/\/www.cosmepak.com\/wp-content\/uploads\/2024\/12\/\u9996\u987519202_05-1-1024x517.jpg 1024w, https:\/\/www.cosmepak.com\/wp-content\/uploads\/2024\/12\/\u9996\u987519202_05-1-768x388.jpg 768w, https:\/\/www.cosmepak.com\/wp-content\/uploads\/2024\/12\/\u9996\u987519202_05-1-1536x776.jpg 1536w, https:\/\/www.cosmepak.com\/wp-content\/uploads\/2024\/12\/\u9996\u987519202_05-1-600x303.jpg 600w\" sizes=\"(max-width: 1920px) 100vw, 1920px\" \/><img loading=\"lazy\" decoding=\"async\" class=\"alignnone wp-image-1351\" src=\"https:\/\/www.cosmepak.com\/wp-content\/uploads\/2024\/12\/\u7269\u6d41\u8fd0\u8f93\u753b\u9762-2.jpg\" alt=\"\" width=\"1385\" height=\"1039\" srcset=\"https:\/\/www.cosmepak.com\/wp-content\/uploads\/2024\/12\/\u7269\u6d41\u8fd0\u8f93\u753b\u9762-2.jpg 800w, https:\/\/www.cosmepak.com\/wp-content\/uploads\/2024\/12\/\u7269\u6d41\u8fd0\u8f93\u753b\u9762-2-300x225.jpg 300w, https:\/\/www.cosmepak.com\/wp-content\/uploads\/2024\/12\/\u7269\u6d41\u8fd0\u8f93\u753b\u9762-2-768x576.jpg 768w, https:\/\/www.cosmepak.com\/wp-content\/uploads\/2024\/12\/\u7269\u6d41\u8fd0\u8f93\u753b\u9762-2-600x450.jpg 600w\" sizes=\"(max-width: 1385px) 100vw, 1385px\" \/><\/p>\n<table style=\"border-collapse: collapse; width: 100%;\">\n<tbody>\n<tr>\n<td style=\"width: 33.3333%; text-align: center;\"><strong>Nadrukkelijk<\/strong><\/td>\n<td style=\"width: 33.3333%; text-align: center;\"><strong>Luchtvracht<\/strong><\/td>\n<td style=\"width: 33.3333%; text-align: center;\"><strong>Zeevoer<\/strong><\/td>\n<\/tr>\n<tr>\n<td style=\"width: 33.3333%; text-align: center;\">Europ 4-6 dagen<\/p>\n<p>Noord-Amerika 4-6 dagen<\/p>\n<p>Zuidoost-Azi\u00eb 3-5 dagen<\/p>\n<p>Het Midden-Oosten 4-6 dagen<\/p>\n<p>Zuid-Afrika 5-8 dagen<\/td>\n<td style=\"width: 33.3333%; text-align: center;\">Europ 4-6 dagen<\/p>\n<p>Noord-Amerika 4-6 dagen<\/p>\n<p>Zuidoost-Azi\u00eb 3-5 dagen<\/p>\n<p>Het Midden-Oosten 4-6 dagen<\/p>\n<p>Zuid-Afrika 5-8 dagen<\/td>\n<td style=\"width: 33.3333%; text-align: center;\">Europ 25-35 dagen<\/p>\n<p>Noord-Amerika 25-35 dagen<\/p>\n<p>Zuidoost-Azi\u00eb 25-35 dagen<\/p>\n<p>Het Midden-Oosten 25-35 dagen<\/p>\n<p>Zuid-Afrika 25-35 dagen<\/td>\n<\/tr>\n<\/tbody>\n<\/table>\n<p><span style=\"font-size: 14pt;\"><strong>FAQ:<\/strong><\/span><\/p>\n<h3 id=\"why-choose-us-over-other-suppliers\" class=\"ai-center-markdown-h3\" data-spm-anchor-id=\"a2747.product_manager.0.i9.289071d2HpLvJq\">Waarom kiezen voor ons boven andere leveranciers?<\/h3>\n<ol class=\"ai-center-markdown-ol\" start=\"1\">\n<li class=\"ai-center-markdown-li\"><strong class=\"ai-center-markdown-strong\">Op maat gemaakte ontwerpen<\/strong>Aangepaste ontwerpen geleverd in slechts 3 minuten.<\/li>\n<li class=\"ai-center-markdown-li\"><strong class=\"ai-center-markdown-strong\">24\/7 online dienstverlening<\/strong>: 24\/7 ondersteuning beschikbaar.<\/li>\n<li class=\"ai-center-markdown-li\"><strong class=\"ai-center-markdown-strong\">Snelle monsters<\/strong>: Voorraadmonsters klaar binnen 7 dagen; aangepaste gedrukte monsters beschikbaar in 15 dagen.<\/li>\n<li class=\"ai-center-markdown-li\"><strong class=\"ai-center-markdown-strong\">Snelle levertijd<\/strong>Productie levertijd van slechts 35 dagen.<\/li>\n<li class=\"ai-center-markdown-li\"><strong class=\"ai-center-markdown-strong\">Ervaren fabrikant<\/strong>Meer dan een decennium ervaring in cosmetische verpakkingen.<\/li>\n<li class=\"ai-center-markdown-li\"><strong class=\"ai-center-markdown-strong\">Fabrieksdirecte prijzen<\/strong>Het garanderen van de beste waarde en service.<\/li>\n<li class=\"ai-center-markdown-li\"><strong class=\"ai-center-markdown-strong\">Uitgebreide oplossingen<\/strong>Complete oplossingen voor al uw cosmetische verpakkingsbehoeften.<\/li>\n<\/ol>\n<h3 id=\"who-are-we\" class=\"ai-center-markdown-h3\">Wie zijn wij?<\/h3>\n<p class=\"ai-center-markdown-p\">Gelegen in Zhejiang, China, zijn wij actief sinds 2014. Onze marktdistributie omvat:<\/p>\n<ul class=\"ai-center-markdown-ul\">\n<li class=\"ai-center-markdown-li\">Binnenlandse markt (70%)<\/li>\n<li class=\"ai-center-markdown-li\">Oceani\u00eb (8%)<\/li>\n<li class=\"ai-center-markdown-li\">Midden-Oosten (7%)<\/li>\n<li class=\"ai-center-markdown-li\">Oost-Azi\u00eb (2%)<\/li>\n<li class=\"ai-center-markdown-li\">Noord-Amerika (2%)<\/li>\n<li class=\"ai-center-markdown-li\">West-Europa (2%)<\/li>\n<li class=\"ai-center-markdown-li\">Zuidoost-Azi\u00eb (2%)<\/li>\n<li class=\"ai-center-markdown-li\">Zuid-Azi\u00eb (1%)<\/li>\n<li class=\"ai-center-markdown-li\">Zuid-Amerika (1%)<\/li>\n<li class=\"ai-center-markdown-li\">Zuid-Europa (1%)<\/li>\n<li class=\"ai-center-markdown-li\">Midden-Amerika (1%)<\/li>\n<li class=\"ai-center-markdown-li\">Noord-Europa (1%)<\/li>\n<li class=\"ai-center-markdown-li\">Afrika (1%)<\/li>\n<li class=\"ai-center-markdown-li\">Oost-Europa (1%)<\/li>\n<\/ul>\n<h3 id=\"how-do-we-guarantee-quality\" class=\"ai-center-markdown-h3\">Hoe garanderen wij kwaliteit?<\/h3>\n<p class=\"ai-center-markdown-p\">Wij leveren een pre-productie steekproef v\u00f3\u00f3r massaproductie en voeren definitieve inspecties v\u00f3\u00f3r verzending uit.<\/p>\n<h3 id=\"what-products-can-you-purchase-from-us\" class=\"ai-center-markdown-h3\">Welke producten kunt u kopen van ons?<\/h3>\n<p class=\"ai-center-markdown-p\">Wij bieden een verscheidenheid aan cosmetische verpakkingsmaterialen, waaronder:<\/p>\n<ul class=\"ai-center-markdown-ul\">\n<li class=\"ai-center-markdown-li\">Glazen flessen<\/li>\n<li class=\"ai-center-markdown-li\">Plastic flessen\/potten\/buizen<\/li>\n<li class=\"ai-center-markdown-li\">Aluminium flessen\/potten\/buizen<\/li>\n<\/ul>\n<h3 id=\"what-services-do-we-provide\" class=\"ai-center-markdown-h3\">Welke diensten bieden wij?<\/h3>\n<ul class=\"ai-center-markdown-ul\">\n<li class=\"ai-center-markdown-li\"><strong class=\"ai-center-markdown-strong\">Accepteerde leveringsvoorwaarden<\/strong>FOB, CFR, CIF<\/li>\n<li class=\"ai-center-markdown-li\"><strong class=\"ai-center-markdown-strong\">Accepteerde betalingsvaluta's<\/strong>USD, EUR, HKD, CNY<\/li>\n<li class=\"ai-center-markdown-li\"><strong class=\"ai-center-markdown-strong\">Accepteerde betaalmethoden<\/strong>: T\/T, L\/C, D\/P D\/A<\/li>\n<li class=\"ai-center-markdown-li\"><strong class=\"ai-center-markdown-strong\">Talen gesproken<\/strong>Engels en Chinees<\/li>\n<\/ul>\n<p>&nbsp;<\/p>","protected":false},"excerpt":{"rendered":"<p>Flesmateriaal: huisdier<\/p>\n<p>Cap -materiaal: PP<\/p>\n<p>Capaciteit: 200ML\/250ML\/300ML<\/p>\n<p>Cap: Pomp<\/p>\n<p>Kleur: Aangepast (elke Pantone Color Avalible)<\/p>\n<p>Oppervlakteafwerking: schermafdrukken, glazuur, heet stempelen, spuitgradi\u00ebnt, matte afwerking, etc.<\/p>\n<p>MOQ: 5000 pcs;<\/p>\n<p>&nbsp;<\/p>","protected":false},"featured_media":2678,"comment_status":"open","ping_status":"closed","template":"","meta":{"_acf_changed":false},"product_brand":[],"product_cat":[47,18],"product_tag":[41],"class_list":{"0":"post-2677","1":"product","2":"type-product","3":"status-publish","4":"has-post-thumbnail","6":"product_cat-lotion-bottle","7":"product_cat-plastic-bottle","8":"product_tag-plastic-bottle","10":"first","11":"instock","12":"shipping-taxable","13":"product-type-simple"},"acf":[],"_links":{"self":[{"href":"https:\/\/www.cosmepak.com\/nl\/wp-json\/wp\/v2\/product\/2677","targetHints":{"allow":["GET"]}}],"collection":[{"href":"https:\/\/www.cosmepak.com\/nl\/wp-json\/wp\/v2\/product"}],"about":[{"href":"https:\/\/www.cosmepak.com\/nl\/wp-json\/wp\/v2\/types\/product"}],"replies":[{"embeddable":true,"href":"https:\/\/www.cosmepak.com\/nl\/wp-json\/wp\/v2\/comments?post=2677"}],"wp:featuredmedia":[{"embeddable":true,"href":"https:\/\/www.cosmepak.com\/nl\/wp-json\/wp\/v2\/media\/2678"}],"wp:attachment":[{"href":"https:\/\/www.cosmepak.com\/nl\/wp-json\/wp\/v2\/media?parent=2677"}],"wp:term":[{"taxonomy":"product_brand","embeddable":true,"href":"https:\/\/www.cosmepak.com\/nl\/wp-json\/wp\/v2\/product_brand?post=2677"},{"taxonomy":"product_cat","embeddable":true,"href":"https:\/\/www.cosmepak.com\/nl\/wp-json\/wp\/v2\/product_cat?post=2677"},{"taxonomy":"product_tag","embeddable":true,"href":"https:\/\/www.cosmepak.com\/nl\/wp-json\/wp\/v2\/product_tag?post=2677"}],"curies":[{"name":"WP","href":"https:\/\/api.w.org\/{rel}","templated":true}]}}