{"id":2691,"date":"2025-07-22T09:59:50","date_gmt":"2025-07-22T01:59:50","guid":{"rendered":"https:\/\/www.cosmepak.com\/?post_type=product&#038;p=2691"},"modified":"2025-08-06T08:26:16","modified_gmt":"2025-08-06T00:26:16","slug":"petg-bottle-with-pump","status":"publish","type":"product","link":"https:\/\/www.cosmepak.com\/nl\/product\/petg-bottle-with-pump\/","title":{"rendered":"PETG fles met lotiepomp\/Jaunce"},"content":{"rendered":"<table style=\"border-collapse: collapse; width: 100%; height: 168px;\">\n<tbody>\n<tr style=\"height: 24px;\">\n<td style=\"width: 33.3333%; height: 168px;\" rowspan=\"5\"><img fetchpriority=\"high\" decoding=\"async\" class=\"alignnone size-full wp-image-2693\" src=\"https:\/\/www.cosmepak.com\/wp-content\/uploads\/2025\/07\/307.jpg\" alt=\"\" width=\"1200\" height=\"1200\" srcset=\"https:\/\/www.cosmepak.com\/wp-content\/uploads\/2025\/07\/307.jpg 1200w, https:\/\/www.cosmepak.com\/wp-content\/uploads\/2025\/07\/307-300x300.jpg 300w, https:\/\/www.cosmepak.com\/wp-content\/uploads\/2025\/07\/307-1024x1024.jpg 1024w, https:\/\/www.cosmepak.com\/wp-content\/uploads\/2025\/07\/307-150x150.jpg 150w, https:\/\/www.cosmepak.com\/wp-content\/uploads\/2025\/07\/307-768x768.jpg 768w, https:\/\/www.cosmepak.com\/wp-content\/uploads\/2025\/07\/307-12x12.jpg 12w, https:\/\/www.cosmepak.com\/wp-content\/uploads\/2025\/07\/307-600x600.jpg 600w, https:\/\/www.cosmepak.com\/wp-content\/uploads\/2025\/07\/307-100x100.jpg 100w\" sizes=\"(max-width: 1200px) 100vw, 1200px\" \/><\/td>\n<td style=\"width: 33.122%; height: 24px; text-align: center;\">Merk<\/td>\n<td style=\"width: 33.5446%; height: 24px; text-align: center;\">Jaunce<\/td>\n<\/tr>\n<tr style=\"height: 24px;\">\n<td style=\"width: 33.122%; height: 24px; text-align: center;\">Model<\/td>\n<td style=\"width: 33.5446%; height: 24px; text-align: center;\">JH-SK24-28<\/td>\n<\/tr>\n<tr style=\"height: 24px;\">\n<td style=\"width: 33.122%; height: 24px; text-align: center;\">Bekwaamheid<\/td>\n<td style=\"width: 33.5446%; height: 24px; text-align: center;\">200 ml \/ 400 ml<\/td>\n<\/tr>\n<tr style=\"height: 24px;\">\n<td style=\"width: 33.122%; height: 24px; text-align: center;\">Kleur<\/td>\n<td style=\"width: 33.5446%; height: 24px; text-align: center;\">aangepast<\/td>\n<\/tr>\n<tr style=\"height: 24px;\">\n<td style=\"width: 33.122%; height: 24px; text-align: center;\">Materiaal<\/td>\n<td style=\"width: 33.5446%; height: 24px; text-align: center;\">PETG<\/td>\n<\/tr>\n<\/tbody>\n<\/table>\n<p>&nbsp;<\/p>\n<p><img decoding=\"async\" class=\"alignnone size-full wp-image-2694\" src=\"https:\/\/www.cosmepak.com\/wp-content\/uploads\/2025\/07\/304.jpg\" alt=\"\" width=\"1200\" height=\"1200\" srcset=\"https:\/\/www.cosmepak.com\/wp-content\/uploads\/2025\/07\/304.jpg 1200w, https:\/\/www.cosmepak.com\/wp-content\/uploads\/2025\/07\/304-300x300.jpg 300w, https:\/\/www.cosmepak.com\/wp-content\/uploads\/2025\/07\/304-1024x1024.jpg 1024w, https:\/\/www.cosmepak.com\/wp-content\/uploads\/2025\/07\/304-150x150.jpg 150w, https:\/\/www.cosmepak.com\/wp-content\/uploads\/2025\/07\/304-768x768.jpg 768w, https:\/\/www.cosmepak.com\/wp-content\/uploads\/2025\/07\/304-12x12.jpg 12w, https:\/\/www.cosmepak.com\/wp-content\/uploads\/2025\/07\/304-600x600.jpg 600w, https:\/\/www.cosmepak.com\/wp-content\/uploads\/2025\/07\/304-100x100.jpg 100w\" sizes=\"(max-width: 1200px) 100vw, 1200px\" \/><\/p>\n<p><img decoding=\"async\" class=\"alignnone size-full wp-image-2695\" src=\"https:\/\/www.cosmepak.com\/wp-content\/uploads\/2025\/07\/305.jpg\" alt=\"\" width=\"1200\" height=\"1200\" srcset=\"https:\/\/www.cosmepak.com\/wp-content\/uploads\/2025\/07\/305.jpg 1200w, https:\/\/www.cosmepak.com\/wp-content\/uploads\/2025\/07\/305-300x300.jpg 300w, https:\/\/www.cosmepak.com\/wp-content\/uploads\/2025\/07\/305-1024x1024.jpg 1024w, https:\/\/www.cosmepak.com\/wp-content\/uploads\/2025\/07\/305-150x150.jpg 150w, https:\/\/www.cosmepak.com\/wp-content\/uploads\/2025\/07\/305-768x768.jpg 768w, https:\/\/www.cosmepak.com\/wp-content\/uploads\/2025\/07\/305-12x12.jpg 12w, https:\/\/www.cosmepak.com\/wp-content\/uploads\/2025\/07\/305-600x600.jpg 600w, https:\/\/www.cosmepak.com\/wp-content\/uploads\/2025\/07\/305-100x100.jpg 100w\" sizes=\"(max-width: 1200px) 100vw, 1200px\" \/><\/p>\n<p><img loading=\"lazy\" decoding=\"async\" class=\"alignnone size-full wp-image-2696\" src=\"https:\/\/www.cosmepak.com\/wp-content\/uploads\/2025\/07\/306.jpg\" alt=\"\" width=\"1200\" height=\"1200\" srcset=\"https:\/\/www.cosmepak.com\/wp-content\/uploads\/2025\/07\/306.jpg 1200w, https:\/\/www.cosmepak.com\/wp-content\/uploads\/2025\/07\/306-300x300.jpg 300w, https:\/\/www.cosmepak.com\/wp-content\/uploads\/2025\/07\/306-1024x1024.jpg 1024w, https:\/\/www.cosmepak.com\/wp-content\/uploads\/2025\/07\/306-150x150.jpg 150w, https:\/\/www.cosmepak.com\/wp-content\/uploads\/2025\/07\/306-768x768.jpg 768w, https:\/\/www.cosmepak.com\/wp-content\/uploads\/2025\/07\/306-12x12.jpg 12w, https:\/\/www.cosmepak.com\/wp-content\/uploads\/2025\/07\/306-600x600.jpg 600w, https:\/\/www.cosmepak.com\/wp-content\/uploads\/2025\/07\/306-100x100.jpg 100w\" sizes=\"(max-width: 1200px) 100vw, 1200px\" \/><\/p>\n<p>Innovatieve PETG flessen voor persoonlijke verzorgingsproducten<br \/>\nIn de concurrerende wereld van persoonlijke verzorgingsproducten speelt verpakking een cruciale rol bij het aantrekken van consumenten en het garanderen van de integriteit van het product. Vandaag onderzoeken we twee innovatieve PETG-flessontwerpen die nieuwe normen in de industrie stellen: de 200 ml Transparante Matte PETG Shower Gel Fles, de 400 ml Pump Shampoo Fles<\/p>\n<p>200ml Transparante Matte PETG Douche Gel Fles<br \/>\nDe 200ml Transparante Matte PETG Shower Gel Fles is ontworpen om zowel esthetische aantrekkelijkheid als functionele voordelen te bieden. De matte afwerking geeft een verfijnde uitstraling, waardoor het opvalt op de planken. Door de transparantie kunnen consumenten het product binnen zien, wat vertrouwen en aantrekkelijkheid kan vergroten. PETG-materiaal staat bekend om zijn duurzaamheid en weerstand tegen slagen, waardoor het ideaal is voor badkamers waar flessen vaak worden behandeld.<\/p>\n<p>400ml pomp shampoo fles<br \/>\nVervolgens hebben we de 400ml pomp shampoo fles. Deze fles is uitgerust met een handig pompmechanisme, waardoor gebruikers gemakkelijk de juiste hoeveelheid shampoo zonder gedoe kunnen dispenseren. De grotere 400ml capaciteit zorgt ervoor dat gebruikers een voldoende aanbod hebben, waardoor de frequentie van terugkoop wordt verminderd. PETG-materiaal zorgt ervoor dat de fles stevig en breekbestendig blijft, zelfs in vochtige badkameromstandigheden.<\/p>\n<p>Conclusie<br \/>\nTot slot zijn deze twee PETG-flessen - de 200 ml Transparante Matte PETG Shower Gel Fles en de 400 ml Pump Shampoo Fles - voorbeelden van innovatie in verpakkingen voor persoonlijke verzorging. Hun unieke ontwerpen en functionele voordelen zijn afgestemd op de behoeften en voorkeuren van de consument. Door het kiezen voor PETG-materiaal zorgen fabrikanten voor duurzaamheid, esthetische aantrekkelijkheid en productveiligheid, waardoor deze flessen een waardevolle toevoeging zijn aan elke persoonlijke verzorgingsproductlijn.<\/p>\n<table style=\"border-collapse: collapse; width: 100%;\">\n<tbody>\n<tr>\n<td style=\"width: 40.1818%;\"><\/td>\n<td style=\"width: 59.8182%;\"><\/td>\n<\/tr>\n<\/tbody>\n<\/table>\n<p><img loading=\"lazy\" decoding=\"async\" class=\"alignnone size-full wp-image-1347\" src=\"https:\/\/www.cosmepak.com\/wp-content\/uploads\/2024\/12\/\u9996\u987519202_03.jpg\" alt=\"fabrieksshow\" width=\"1920\" height=\"885\" srcset=\"https:\/\/www.cosmepak.com\/wp-content\/uploads\/2024\/12\/\u9996\u987519202_03.jpg 1920w, https:\/\/www.cosmepak.com\/wp-content\/uploads\/2024\/12\/\u9996\u987519202_03-300x138.jpg 300w, https:\/\/www.cosmepak.com\/wp-content\/uploads\/2024\/12\/\u9996\u987519202_03-1024x472.jpg 1024w, https:\/\/www.cosmepak.com\/wp-content\/uploads\/2024\/12\/\u9996\u987519202_03-768x354.jpg 768w, https:\/\/www.cosmepak.com\/wp-content\/uploads\/2024\/12\/\u9996\u987519202_03-1536x708.jpg 1536w, https:\/\/www.cosmepak.com\/wp-content\/uploads\/2024\/12\/\u9996\u987519202_03-600x277.jpg 600w\" sizes=\"(max-width: 1920px) 100vw, 1920px\" \/><\/p>\n<p><img loading=\"lazy\" decoding=\"async\" class=\"alignnone size-full wp-image-1348\" src=\"https:\/\/www.cosmepak.com\/wp-content\/uploads\/2024\/12\/\u9996\u987519202_04.jpg\" alt=\"\" width=\"1920\" height=\"694\" srcset=\"https:\/\/www.cosmepak.com\/wp-content\/uploads\/2024\/12\/\u9996\u987519202_04.jpg 1920w, https:\/\/www.cosmepak.com\/wp-content\/uploads\/2024\/12\/\u9996\u987519202_04-300x108.jpg 300w, https:\/\/www.cosmepak.com\/wp-content\/uploads\/2024\/12\/\u9996\u987519202_04-1024x370.jpg 1024w, https:\/\/www.cosmepak.com\/wp-content\/uploads\/2024\/12\/\u9996\u987519202_04-768x278.jpg 768w, https:\/\/www.cosmepak.com\/wp-content\/uploads\/2024\/12\/\u9996\u987519202_04-1536x555.jpg 1536w, https:\/\/www.cosmepak.com\/wp-content\/uploads\/2024\/12\/\u9996\u987519202_04-600x217.jpg 600w\" sizes=\"(max-width: 1920px) 100vw, 1920px\" \/><img loading=\"lazy\" decoding=\"async\" class=\"alignnone size-full wp-image-1350\" src=\"https:\/\/www.cosmepak.com\/wp-content\/uploads\/2024\/12\/\u9996\u987519202_05-1.jpg\" alt=\"\" width=\"1920\" height=\"970\" srcset=\"https:\/\/www.cosmepak.com\/wp-content\/uploads\/2024\/12\/\u9996\u987519202_05-1.jpg 1920w, https:\/\/www.cosmepak.com\/wp-content\/uploads\/2024\/12\/\u9996\u987519202_05-1-300x152.jpg 300w, https:\/\/www.cosmepak.com\/wp-content\/uploads\/2024\/12\/\u9996\u987519202_05-1-1024x517.jpg 1024w, https:\/\/www.cosmepak.com\/wp-content\/uploads\/2024\/12\/\u9996\u987519202_05-1-768x388.jpg 768w, https:\/\/www.cosmepak.com\/wp-content\/uploads\/2024\/12\/\u9996\u987519202_05-1-1536x776.jpg 1536w, https:\/\/www.cosmepak.com\/wp-content\/uploads\/2024\/12\/\u9996\u987519202_05-1-600x303.jpg 600w\" sizes=\"(max-width: 1920px) 100vw, 1920px\" \/><img loading=\"lazy\" decoding=\"async\" class=\"alignnone wp-image-1351\" src=\"https:\/\/www.cosmepak.com\/wp-content\/uploads\/2024\/12\/\u7269\u6d41\u8fd0\u8f93\u753b\u9762-2.jpg\" alt=\"\" width=\"1385\" height=\"1039\" srcset=\"https:\/\/www.cosmepak.com\/wp-content\/uploads\/2024\/12\/\u7269\u6d41\u8fd0\u8f93\u753b\u9762-2.jpg 800w, https:\/\/www.cosmepak.com\/wp-content\/uploads\/2024\/12\/\u7269\u6d41\u8fd0\u8f93\u753b\u9762-2-300x225.jpg 300w, https:\/\/www.cosmepak.com\/wp-content\/uploads\/2024\/12\/\u7269\u6d41\u8fd0\u8f93\u753b\u9762-2-768x576.jpg 768w, https:\/\/www.cosmepak.com\/wp-content\/uploads\/2024\/12\/\u7269\u6d41\u8fd0\u8f93\u753b\u9762-2-600x450.jpg 600w\" sizes=\"(max-width: 1385px) 100vw, 1385px\" \/><\/p>\n<table style=\"border-collapse: collapse; width: 100%;\">\n<tbody>\n<tr>\n<td style=\"width: 33.3333%; text-align: center;\"><strong>Nadrukkelijk<\/strong><\/td>\n<td style=\"width: 33.3333%; text-align: center;\"><strong>Luchtvracht<\/strong><\/td>\n<td style=\"width: 33.3333%; text-align: center;\"><strong>Zeevoer<\/strong><\/td>\n<\/tr>\n<tr>\n<td style=\"width: 33.3333%; text-align: center;\">Europ 4-6 dagen<\/p>\n<p>Noord-Amerika 4-6 dagen<\/p>\n<p>Zuidoost-Azi\u00eb 3-5 dagen<\/p>\n<p>Het Midden-Oosten 4-6 dagen<\/p>\n<p>Zuid-Afrika 5-8 dagen<\/td>\n<td style=\"width: 33.3333%; text-align: center;\">Europ 4-6 dagen<\/p>\n<p>Noord-Amerika 4-6 dagen<\/p>\n<p>Zuidoost-Azi\u00eb 3-5 dagen<\/p>\n<p>Het Midden-Oosten 4-6 dagen<\/p>\n<p>Zuid-Afrika 5-8 dagen<\/td>\n<td style=\"width: 33.3333%; text-align: center;\">Europ 25-35 dagen<\/p>\n<p>Noord-Amerika 25-35 dagen<\/p>\n<p>Zuidoost-Azi\u00eb 25-35 dagen<\/p>\n<p>Het Midden-Oosten 25-35 dagen<\/p>\n<p>Zuid-Afrika 25-35 dagen<\/td>\n<\/tr>\n<\/tbody>\n<\/table>\n<p><span style=\"font-size: 14pt;\"><strong>FAQ:<\/strong><\/span><\/p>\n<h3 id=\"why-choose-us-over-other-suppliers\" class=\"ai-center-markdown-h3\" data-spm-anchor-id=\"a2747.product_manager.0.i9.289071d2HpLvJq\">Waarom kiezen voor ons boven andere leveranciers?<\/h3>\n<ol class=\"ai-center-markdown-ol\" start=\"1\">\n<li class=\"ai-center-markdown-li\"><strong class=\"ai-center-markdown-strong\">Op maat gemaakte ontwerpen<\/strong>Aangepaste ontwerpen geleverd in slechts 3 minuten.<\/li>\n<li class=\"ai-center-markdown-li\"><strong class=\"ai-center-markdown-strong\">24\/7 online dienstverlening<\/strong>: 24\/7 ondersteuning beschikbaar.<\/li>\n<li class=\"ai-center-markdown-li\"><strong class=\"ai-center-markdown-strong\">Snelle monsters<\/strong>: Voorraadmonsters klaar binnen 7 dagen; aangepaste gedrukte monsters beschikbaar in 15 dagen.<\/li>\n<li class=\"ai-center-markdown-li\"><strong class=\"ai-center-markdown-strong\">Snelle levertijd<\/strong>Productie levertijd van slechts 35 dagen.<\/li>\n<li class=\"ai-center-markdown-li\"><strong class=\"ai-center-markdown-strong\">Ervaren fabrikant<\/strong>Meer dan een decennium ervaring in cosmetische verpakkingen.<\/li>\n<li class=\"ai-center-markdown-li\"><strong class=\"ai-center-markdown-strong\">Fabrieksdirecte prijzen<\/strong>Het garanderen van de beste waarde en service.<\/li>\n<li class=\"ai-center-markdown-li\"><strong class=\"ai-center-markdown-strong\">Uitgebreide oplossingen<\/strong>Complete oplossingen voor al uw cosmetische verpakkingsbehoeften.<\/li>\n<\/ol>\n<h3 id=\"who-are-we\" class=\"ai-center-markdown-h3\">Wie zijn wij?<\/h3>\n<p class=\"ai-center-markdown-p\">Gelegen in Zhejiang, China, zijn wij actief sinds 2014. Onze marktdistributie omvat:<\/p>\n<ul class=\"ai-center-markdown-ul\">\n<li class=\"ai-center-markdown-li\">Binnenlandse markt (70%)<\/li>\n<li class=\"ai-center-markdown-li\">Oceani\u00eb (8%)<\/li>\n<li class=\"ai-center-markdown-li\">Midden-Oosten (7%)<\/li>\n<li class=\"ai-center-markdown-li\">Oost-Azi\u00eb (2%)<\/li>\n<li class=\"ai-center-markdown-li\">Noord-Amerika (2%)<\/li>\n<li class=\"ai-center-markdown-li\">West-Europa (2%)<\/li>\n<li class=\"ai-center-markdown-li\">Zuidoost-Azi\u00eb (2%)<\/li>\n<li class=\"ai-center-markdown-li\">Zuid-Azi\u00eb (1%)<\/li>\n<li class=\"ai-center-markdown-li\">Zuid-Amerika (1%)<\/li>\n<li class=\"ai-center-markdown-li\">Zuid-Europa (1%)<\/li>\n<li class=\"ai-center-markdown-li\">Midden-Amerika (1%)<\/li>\n<li class=\"ai-center-markdown-li\">Noord-Europa (1%)<\/li>\n<li class=\"ai-center-markdown-li\">Afrika (1%)<\/li>\n<li class=\"ai-center-markdown-li\">Oost-Europa (1%)<\/li>\n<\/ul>\n<h3 id=\"how-do-we-guarantee-quality\" class=\"ai-center-markdown-h3\">Hoe garanderen wij kwaliteit?<\/h3>\n<p class=\"ai-center-markdown-p\">Wij leveren een pre-productie steekproef v\u00f3\u00f3r massaproductie en voeren definitieve inspecties v\u00f3\u00f3r verzending uit.<\/p>\n<h3 id=\"what-products-can-you-purchase-from-us\" class=\"ai-center-markdown-h3\">Welke producten kunt u kopen van ons?<\/h3>\n<p class=\"ai-center-markdown-p\">Wij bieden een verscheidenheid aan cosmetische verpakkingsmaterialen, waaronder:<\/p>\n<ul class=\"ai-center-markdown-ul\">\n<li class=\"ai-center-markdown-li\">Glazen flessen<\/li>\n<li class=\"ai-center-markdown-li\">Plastic flessen\/potten\/buizen<\/li>\n<li class=\"ai-center-markdown-li\">Aluminium flessen\/potten\/buizen<\/li>\n<\/ul>\n<h3 id=\"what-services-do-we-provide\" class=\"ai-center-markdown-h3\">Welke diensten bieden wij?<\/h3>\n<ul class=\"ai-center-markdown-ul\">\n<li class=\"ai-center-markdown-li\"><strong class=\"ai-center-markdown-strong\">Accepteerde leveringsvoorwaarden<\/strong>FOB, CFR, CIF<\/li>\n<li class=\"ai-center-markdown-li\"><strong class=\"ai-center-markdown-strong\">Accepteerde betalingsvaluta's<\/strong>USD, EUR, HKD, CNY<\/li>\n<li class=\"ai-center-markdown-li\"><strong class=\"ai-center-markdown-strong\">Accepteerde betaalmethoden<\/strong>: T\/T, L\/C, D\/P D\/A<\/li>\n<li class=\"ai-center-markdown-li\"><strong class=\"ai-center-markdown-strong\">Talen gesproken<\/strong>Engels en Chinees<\/li>\n<\/ul>\n<p>&nbsp;<\/p>","protected":false},"excerpt":{"rendered":"<p>Flesmateriaal: PETG<\/p>\n<p>Cap -materiaal: PP<\/p>\n<p>Capaciteit: 200ML\/400ML<\/p>\n<p>Cap: Pomp<\/p>\n<p>Kleur: Aangepast (elke Pantone Color Avalible)<\/p>\n<p>Oppervlakteafwerking: schermafdrukken, glazuur, heet stempelen, spuitgradi\u00ebnt, matte afwerking, etc.<\/p>\n<p>MOQ: 5000 pcs;<\/p>\n<p>&nbsp;<\/p>","protected":false},"featured_media":2692,"comment_status":"open","ping_status":"closed","template":"","meta":{"_acf_changed":false},"product_brand":[],"product_cat":[47,18],"product_tag":[41],"class_list":{"0":"post-2691","1":"product","2":"type-product","3":"status-publish","4":"has-post-thumbnail","6":"product_cat-lotion-bottle","7":"product_cat-plastic-bottle","8":"product_tag-plastic-bottle","10":"first","11":"instock","12":"shipping-taxable","13":"product-type-simple"},"acf":[],"_links":{"self":[{"href":"https:\/\/www.cosmepak.com\/nl\/wp-json\/wp\/v2\/product\/2691","targetHints":{"allow":["GET"]}}],"collection":[{"href":"https:\/\/www.cosmepak.com\/nl\/wp-json\/wp\/v2\/product"}],"about":[{"href":"https:\/\/www.cosmepak.com\/nl\/wp-json\/wp\/v2\/types\/product"}],"replies":[{"embeddable":true,"href":"https:\/\/www.cosmepak.com\/nl\/wp-json\/wp\/v2\/comments?post=2691"}],"wp:featuredmedia":[{"embeddable":true,"href":"https:\/\/www.cosmepak.com\/nl\/wp-json\/wp\/v2\/media\/2692"}],"wp:attachment":[{"href":"https:\/\/www.cosmepak.com\/nl\/wp-json\/wp\/v2\/media?parent=2691"}],"wp:term":[{"taxonomy":"product_brand","embeddable":true,"href":"https:\/\/www.cosmepak.com\/nl\/wp-json\/wp\/v2\/product_brand?post=2691"},{"taxonomy":"product_cat","embeddable":true,"href":"https:\/\/www.cosmepak.com\/nl\/wp-json\/wp\/v2\/product_cat?post=2691"},{"taxonomy":"product_tag","embeddable":true,"href":"https:\/\/www.cosmepak.com\/nl\/wp-json\/wp\/v2\/product_tag?post=2691"}],"curies":[{"name":"WP","href":"https:\/\/api.w.org\/{rel}","templated":true}]}}