{"id":2998,"date":"2025-09-26T15:12:21","date_gmt":"2025-09-26T07:12:21","guid":{"rendered":"https:\/\/www.cosmepak.com\/?post_type=product&#038;p=2998"},"modified":"2025-09-26T15:12:21","modified_gmt":"2025-09-26T07:12:21","slug":"30ml-50ml-100ml-luxury-perfume-glass-bottle-thick-bottom-empty-box-with-pump-sprayer-seal","status":"publish","type":"product","link":"https:\/\/www.cosmepak.com\/nl\/product\/30ml-50ml-100ml-luxury-perfume-glass-bottle-thick-bottom-empty-box-with-pump-sprayer-seal\/","title":{"rendered":"30ml 50ml 100ml luxe parfum glazen fles dikke bodem lege doos met pomp spuitdichting"},"content":{"rendered":"<p><strong>30ml 50ml 100ml luxe parfum glazen fles dikke bodem lege doos met pomp spuitdichting<\/strong><\/p>\n<table style=\"border-collapse: collapse; width: 100%;\">\n<tbody>\n<tr>\n<td style=\"width: 25.1936%;\" rowspan=\"4\"><img fetchpriority=\"high\" decoding=\"async\" class=\"alignnone size-full wp-image-3001\" src=\"https:\/\/www.cosmepak.com\/wp-content\/uploads\/2025\/09\/1.jpg\" alt=\"\" width=\"800\" height=\"800\" srcset=\"https:\/\/www.cosmepak.com\/wp-content\/uploads\/2025\/09\/1.jpg 800w, https:\/\/www.cosmepak.com\/wp-content\/uploads\/2025\/09\/1-300x300.jpg 300w, https:\/\/www.cosmepak.com\/wp-content\/uploads\/2025\/09\/1-150x150.jpg 150w, https:\/\/www.cosmepak.com\/wp-content\/uploads\/2025\/09\/1-768x768.jpg 768w, https:\/\/www.cosmepak.com\/wp-content\/uploads\/2025\/09\/1-12x12.jpg 12w, https:\/\/www.cosmepak.com\/wp-content\/uploads\/2025\/09\/1-600x600.jpg 600w, https:\/\/www.cosmepak.com\/wp-content\/uploads\/2025\/09\/1-100x100.jpg 100w\" sizes=\"(max-width: 800px) 100vw, 800px\" \/><\/td>\n<td style=\"width: 20.1367%; text-align: center;\"><strong>Capaciteit<\/strong><\/td>\n<td style=\"width: 19.7368%; text-align: center;\"><strong>Nekmaat<\/strong><\/td>\n<td style=\"width: 18.1889%; text-align: center;\"><strong>Diameter<\/strong><\/td>\n<td style=\"width: 16.744%; text-align: center;\"><strong>Totale hoogte<\/strong><\/td>\n<\/tr>\n<tr>\n<td style=\"width: 20.1367%; text-align: center;\">30 ml<\/td>\n<td style=\"width: 19.7368%; text-align: center;\">15 mm<\/td>\n<td style=\"width: 18.1889%; text-align: center;\">44 mm<\/td>\n<td style=\"width: 16.744%; text-align: center;\">89 mm<\/td>\n<\/tr>\n<tr>\n<td style=\"width: 20.1367%; text-align: center;\">50 ml<\/td>\n<td style=\"width: 19.7368%; text-align: center;\">15 mm<\/td>\n<td style=\"width: 18.1889%; text-align: center;\">51 mm<\/td>\n<td style=\"width: 16.744%; text-align: center;\">97 mm<\/td>\n<\/tr>\n<tr>\n<td style=\"width: 20.1367%; text-align: center;\">100 ml<\/td>\n<td style=\"width: 19.7368%; text-align: center;\">15 mm<\/td>\n<td style=\"width: 18.1889%; text-align: center;\">60 mm<\/td>\n<td style=\"width: 16.744%; text-align: center;\">111mm<\/td>\n<\/tr>\n<\/tbody>\n<\/table>\n<p><img decoding=\"async\" class=\"alignnone size-full wp-image-3002\" src=\"https:\/\/www.cosmepak.com\/wp-content\/uploads\/2025\/09\/8.jpg\" alt=\"\" width=\"1000\" height=\"1000\" srcset=\"https:\/\/www.cosmepak.com\/wp-content\/uploads\/2025\/09\/8.jpg 1000w, https:\/\/www.cosmepak.com\/wp-content\/uploads\/2025\/09\/8-300x300.jpg 300w, https:\/\/www.cosmepak.com\/wp-content\/uploads\/2025\/09\/8-150x150.jpg 150w, https:\/\/www.cosmepak.com\/wp-content\/uploads\/2025\/09\/8-768x768.jpg 768w, https:\/\/www.cosmepak.com\/wp-content\/uploads\/2025\/09\/8-12x12.jpg 12w, https:\/\/www.cosmepak.com\/wp-content\/uploads\/2025\/09\/8-600x600.jpg 600w, https:\/\/www.cosmepak.com\/wp-content\/uploads\/2025\/09\/8-100x100.jpg 100w\" sizes=\"(max-width: 1000px) 100vw, 1000px\" \/><\/p>\n<table style=\"border-collapse: collapse; width: 100%;\">\n<tbody>\n<tr>\n<td style=\"width: 50%;\"><img decoding=\"async\" class=\"alignnone size-full wp-image-3000\" src=\"https:\/\/www.cosmepak.com\/wp-content\/uploads\/2025\/09\/7.jpg\" alt=\"\" width=\"1000\" height=\"1000\" srcset=\"https:\/\/www.cosmepak.com\/wp-content\/uploads\/2025\/09\/7.jpg 1000w, https:\/\/www.cosmepak.com\/wp-content\/uploads\/2025\/09\/7-300x300.jpg 300w, https:\/\/www.cosmepak.com\/wp-content\/uploads\/2025\/09\/7-150x150.jpg 150w, https:\/\/www.cosmepak.com\/wp-content\/uploads\/2025\/09\/7-768x768.jpg 768w, https:\/\/www.cosmepak.com\/wp-content\/uploads\/2025\/09\/7-12x12.jpg 12w, https:\/\/www.cosmepak.com\/wp-content\/uploads\/2025\/09\/7-600x600.jpg 600w, https:\/\/www.cosmepak.com\/wp-content\/uploads\/2025\/09\/7-100x100.jpg 100w\" sizes=\"(max-width: 1000px) 100vw, 1000px\" \/><\/td>\n<td style=\"width: 50%;\"><img loading=\"lazy\" decoding=\"async\" class=\"alignnone size-full wp-image-2999\" src=\"https:\/\/www.cosmepak.com\/wp-content\/uploads\/2025\/09\/6.jpg\" alt=\"\" width=\"1000\" height=\"1000\" srcset=\"https:\/\/www.cosmepak.com\/wp-content\/uploads\/2025\/09\/6.jpg 1000w, https:\/\/www.cosmepak.com\/wp-content\/uploads\/2025\/09\/6-300x300.jpg 300w, https:\/\/www.cosmepak.com\/wp-content\/uploads\/2025\/09\/6-150x150.jpg 150w, https:\/\/www.cosmepak.com\/wp-content\/uploads\/2025\/09\/6-768x768.jpg 768w, https:\/\/www.cosmepak.com\/wp-content\/uploads\/2025\/09\/6-12x12.jpg 12w, https:\/\/www.cosmepak.com\/wp-content\/uploads\/2025\/09\/6-600x600.jpg 600w, https:\/\/www.cosmepak.com\/wp-content\/uploads\/2025\/09\/6-100x100.jpg 100w\" sizes=\"(max-width: 1000px) 100vw, 1000px\" \/><\/td>\n<\/tr>\n<\/tbody>\n<\/table>\n<p>1. Aanpasbare 30ml tot 100ml grootte: Perfect voor het personaliseren van uw favoriete geuren of het cre\u00ebren van unieke combinaties, de aangepaste doos 30ml, 50ml en 100ml dikke bodem luxe parfum spray fles beschikt over een verscheidenheid aan volume opties om aan uw voorkeuren en behoeften te voldoen.<\/p>\n<p>2.Dikkere basis voor stabiliteit: Uitgerust met een stevige 0,5 cm dikke bodem, zorgt deze glazen fles ervoor dat uw geliefde parfums of geurlijen veilig op hun plaats blijven, waardoor u extra veiligheid en stabiliteit krijgt.<\/p>\n<p>3.Glasconstructie voor optimale geurbehoud: Gemaakt van hoogwaardig glas, beschermt deze luxueuze parfumfles uw favoriete geuren, voorkomt lekkages en handhaaft hun ware, authentieke geur.<\/p>\n<p>4.Elegant rond vormontwerp: De stijlvolle, ronde vorm van deze glazen fles voegt een vleugje verfijning toe aan elke ijdelheid of kleedtafel, waardoor het een perfect cadeau voor jezelf of dierbaren is.<\/p>\n<p>5. Veelzijdig gebruik voor verschillende geurproducten: Ideaal voor gebruik in zowel persoonlijke als professionele instellingen, is deze glazen fles compatibel met andere cosmetische producten zoals etherische oli\u00ebn, kamergeuren of lichaamssprays, waardoor de veelzijdigheid en praktische werking worden uitgebreid.<\/p>\n<p>6. Premium riet diffuser niet inbegrepen: Terwijl deze fles doet&#8217; t omvatten een rietdiffusor, het&#8217; s compatibel met \u00e9\u00e9n, waardoor een aanpasbare geurvervaring kan worden aangepast aan uw voorkeuren.<\/p>\n<p>7. Milieuvriendelijk: De glazen constructie van deze fles maakt het een meer milieuvriendelijke keuze in vergelijking met plastic alternatieven, het bevorderen van duurzaamheid en het verminderen van afval.<\/p>\n<p>8. Duurzaam glasmateriaal: Het stevige basismateriaal zorgt ervoor dat de glazen fles regelmatig gebruik kan weerstaan, waardoor een langdurig accessoire voor parfums, etherische oli\u00ebn en andere geurproducten wordt verstrekt.<\/p>\n<p>9. Meerdere oppervlaktedrukopties: Kies uit een verscheidenheid aan oppervlaktedruktechnieken, met inbegrip van frosting, etiketten, zeefdruk, warmteoverdrachtdruk en hete stempelen, om uw fles aan te passen en het echt uniek te maken.<\/p>\n<p>10. Product afkomstig uit China: Het produceren van hoogwaardige glazen flessen lokaal, dit product komt met de verzekering van kwaliteit en vakmanschap geworteld in eeuwen van expertise.<\/p>\n<p><img loading=\"lazy\" decoding=\"async\" class=\"alignnone size-full wp-image-1347\" src=\"https:\/\/www.cosmepak.com\/wp-content\/uploads\/2024\/12\/\u9996\u987519202_03.jpg\" alt=\"fabrieksshow\" width=\"1920\" height=\"885\" srcset=\"https:\/\/www.cosmepak.com\/wp-content\/uploads\/2024\/12\/\u9996\u987519202_03.jpg 1920w, https:\/\/www.cosmepak.com\/wp-content\/uploads\/2024\/12\/\u9996\u987519202_03-300x138.jpg 300w, https:\/\/www.cosmepak.com\/wp-content\/uploads\/2024\/12\/\u9996\u987519202_03-1024x472.jpg 1024w, https:\/\/www.cosmepak.com\/wp-content\/uploads\/2024\/12\/\u9996\u987519202_03-768x354.jpg 768w, https:\/\/www.cosmepak.com\/wp-content\/uploads\/2024\/12\/\u9996\u987519202_03-1536x708.jpg 1536w, https:\/\/www.cosmepak.com\/wp-content\/uploads\/2024\/12\/\u9996\u987519202_03-600x277.jpg 600w\" sizes=\"(max-width: 1920px) 100vw, 1920px\" \/><\/p>\n<p>Ons bedrijf is gespecialiseerd in cosmetische verpakkingsproductie voor meer dan 10 jaar, nu hebben we 1 fabriek voor glas cosmetische verpakking, de capaciteit kan 200.000pcs\/dag zijn; 1 fabriek voor plastic cosmetische verpakking, de capaciteit kan 50.000pcs\/dag zijn;<br \/>\nWij hadden ISO9000\/14000-certificering doorgegeven, kunnen SGS en MSDS verstrekken. We zijn onder het principe van eerlijkheid voor elke klant.<br \/>\nWelkom voor het samenwerken!<\/p>\n<p><img loading=\"lazy\" decoding=\"async\" class=\"alignnone size-full wp-image-1348\" src=\"https:\/\/www.cosmepak.com\/wp-content\/uploads\/2024\/12\/\u9996\u987519202_04.jpg\" alt=\"\" width=\"1920\" height=\"694\" srcset=\"https:\/\/www.cosmepak.com\/wp-content\/uploads\/2024\/12\/\u9996\u987519202_04.jpg 1920w, https:\/\/www.cosmepak.com\/wp-content\/uploads\/2024\/12\/\u9996\u987519202_04-300x108.jpg 300w, https:\/\/www.cosmepak.com\/wp-content\/uploads\/2024\/12\/\u9996\u987519202_04-1024x370.jpg 1024w, https:\/\/www.cosmepak.com\/wp-content\/uploads\/2024\/12\/\u9996\u987519202_04-768x278.jpg 768w, https:\/\/www.cosmepak.com\/wp-content\/uploads\/2024\/12\/\u9996\u987519202_04-1536x555.jpg 1536w, https:\/\/www.cosmepak.com\/wp-content\/uploads\/2024\/12\/\u9996\u987519202_04-600x217.jpg 600w\" sizes=\"(max-width: 1920px) 100vw, 1920px\" \/><img loading=\"lazy\" decoding=\"async\" class=\"alignnone size-full wp-image-1350\" src=\"https:\/\/www.cosmepak.com\/wp-content\/uploads\/2024\/12\/\u9996\u987519202_05-1.jpg\" alt=\"\" width=\"1920\" height=\"970\" srcset=\"https:\/\/www.cosmepak.com\/wp-content\/uploads\/2024\/12\/\u9996\u987519202_05-1.jpg 1920w, https:\/\/www.cosmepak.com\/wp-content\/uploads\/2024\/12\/\u9996\u987519202_05-1-300x152.jpg 300w, https:\/\/www.cosmepak.com\/wp-content\/uploads\/2024\/12\/\u9996\u987519202_05-1-1024x517.jpg 1024w, https:\/\/www.cosmepak.com\/wp-content\/uploads\/2024\/12\/\u9996\u987519202_05-1-768x388.jpg 768w, https:\/\/www.cosmepak.com\/wp-content\/uploads\/2024\/12\/\u9996\u987519202_05-1-1536x776.jpg 1536w, https:\/\/www.cosmepak.com\/wp-content\/uploads\/2024\/12\/\u9996\u987519202_05-1-600x303.jpg 600w\" sizes=\"(max-width: 1920px) 100vw, 1920px\" \/><img loading=\"lazy\" decoding=\"async\" class=\"alignnone wp-image-1351\" src=\"https:\/\/www.cosmepak.com\/wp-content\/uploads\/2024\/12\/\u7269\u6d41\u8fd0\u8f93\u753b\u9762-2.jpg\" alt=\"\" width=\"1385\" height=\"1039\" srcset=\"https:\/\/www.cosmepak.com\/wp-content\/uploads\/2024\/12\/\u7269\u6d41\u8fd0\u8f93\u753b\u9762-2.jpg 800w, https:\/\/www.cosmepak.com\/wp-content\/uploads\/2024\/12\/\u7269\u6d41\u8fd0\u8f93\u753b\u9762-2-300x225.jpg 300w, https:\/\/www.cosmepak.com\/wp-content\/uploads\/2024\/12\/\u7269\u6d41\u8fd0\u8f93\u753b\u9762-2-768x576.jpg 768w, https:\/\/www.cosmepak.com\/wp-content\/uploads\/2024\/12\/\u7269\u6d41\u8fd0\u8f93\u753b\u9762-2-600x450.jpg 600w\" sizes=\"(max-width: 1385px) 100vw, 1385px\" \/><\/p>\n<table style=\"border-collapse: collapse; width: 100%;\">\n<tbody>\n<tr>\n<td style=\"width: 33.3333%; text-align: center;\"><strong>Nadrukkelijk<\/strong><\/td>\n<td style=\"width: 33.3333%; text-align: center;\"><strong>Luchtvracht<\/strong><\/td>\n<td style=\"width: 33.3333%; text-align: center;\"><strong>Zeevoer<\/strong><\/td>\n<\/tr>\n<tr>\n<td style=\"width: 33.3333%; text-align: center;\">Europ 4-6 dagen<\/p>\n<p>Noord-Amerika 4-6 dagen<\/p>\n<p>Zuidoost-Azi\u00eb 3-5 dagen<\/p>\n<p>Het Midden-Oosten 4-6 dagen<\/p>\n<p>Zuid-Afrika 5-8 dagen<\/td>\n<td style=\"width: 33.3333%; text-align: center;\">Europ 4-6 dagen<\/p>\n<p>Noord-Amerika 4-6 dagen<\/p>\n<p>Zuidoost-Azi\u00eb 3-5 dagen<\/p>\n<p>Het Midden-Oosten 4-6 dagen<\/p>\n<p>Zuid-Afrika 5-8 dagen<\/td>\n<td style=\"width: 33.3333%; text-align: center;\">Europ 25-35 dagen<\/p>\n<p>Noord-Amerika 25-35 dagen<\/p>\n<p>Zuidoost-Azi\u00eb 25-35 dagen<\/p>\n<p>Het Midden-Oosten 25-35 dagen<\/p>\n<p>Zuid-Afrika 25-35 dagen<\/td>\n<\/tr>\n<\/tbody>\n<\/table>\n<h3 id=\"faq\" class=\"ai-center-markdown-h3\" data-spm-anchor-id=\"a2700.29482153.0.i6.84e671d2THUzZL\">Veelgestelde vragen<\/h3>\n<h4 id=\"1-why-should-you-buy-from-us-instead-of-other-suppliers\" class=\"ai-center-markdown-h4\">1. Waarom zou u van ons kopen in plaats van andere leveranciers?<\/h4>\n<ol class=\"ai-center-markdown-ol\" start=\"1\">\n<li class=\"ai-center-markdown-li\">Aangepaste ontwerpen klaar in slechts 3 minuten.<\/li>\n<li class=\"ai-center-markdown-li\">24\/7 online klantenservice.<\/li>\n<li class=\"ai-center-markdown-li\">Voorraadmonsters beschikbaar in 7 dagen; aangepaste gedrukte monsters in 15 dagen.<\/li>\n<li class=\"ai-center-markdown-li\">35 dagen levertijd voor productie.<\/li>\n<li class=\"ai-center-markdown-li\">Meer dan 10 jaar expertise als professionele cosmetische verpakkingsfabriek.<\/li>\n<li class=\"ai-center-markdown-li\">Fabriek directe verkoop waarborgend de beste prijzen en service.<\/li>\n<li class=\"ai-center-markdown-li\">One-stop oplossing voor alle cosmetische verpakkingsbehoeften.<\/li>\n<\/ol>\n<h4 id=\"2-who-are-we\" class=\"ai-center-markdown-h4\">2. Wie zijn wij?<\/h4>\n<p class=\"ai-center-markdown-p\">Wij zijn een Zhejiang, China-gebaseerd bedrijf opgericht in 2014. We verkopen voornamelijk naar de Binnenlandse Markt (70,00%), met aanvullende markten waaronder Oceani\u00eb (8,00%), het Midden-Oosten (7,00%), Oost-Azi\u00eb (2,00%), Noord-Amerika (2,00%), West-Europa (2,00%), Zuidoost-Azi\u00eb (2,00%), Zuid-Azi\u00eb (1,00%), Zuid-Amerika (1,00%), Zuid-Europa (1,00%), Midden-Amerika (1,00%), Noord-Europa (1,00%), Afrika (1,00%) en Oost-Europa (1,00%).<\/p>\n<h4 id=\"3-how-can-we-guarantee-quality\" class=\"ai-center-markdown-h4\">3. Hoe kunnen wij kwaliteit garanderen?<\/h4>\n<ul class=\"ai-center-markdown-ul\">\n<li class=\"ai-center-markdown-li\">Geef altijd een pre-productie monster voor massaproductie.<\/li>\n<li class=\"ai-center-markdown-li\">Uitvoeren van definitieve inspecties voor verzending.<\/li>\n<\/ul>\n<h4 id=\"4-what-can-you-buy-from-us\" class=\"ai-center-markdown-h4\">4. Wat kunt u van ons kopen?<\/h4>\n<ul class=\"ai-center-markdown-ul\">\n<li class=\"ai-center-markdown-li\">Glazen flessen<\/li>\n<li class=\"ai-center-markdown-li\">Plastic flessen\/potten\/buizen<\/li>\n<li class=\"ai-center-markdown-li\">Aluminium flessen\/potten\/buizen<\/li>\n<li class=\"ai-center-markdown-li\">Verschillende cosmetische verpakkingsmaterialen<\/li>\n<\/ul>\n<h4 id=\"5-what-services-can-we-provide\" class=\"ai-center-markdown-h4\">5. Welke diensten kunnen wij aanbieden?<\/h4>\n<ul class=\"ai-center-markdown-ul\">\n<li class=\"ai-center-markdown-li\"><strong class=\"ai-center-markdown-strong\">Accepteerde leveringsvoorwaarden:<\/strong>\u00a0FOB, CFR, CIF<\/li>\n<li class=\"ai-center-markdown-li\"><strong class=\"ai-center-markdown-strong\">Geaccepteerde betalingsvaluta:<\/strong>\u00a0USD, EUR, HKD, CNY<\/li>\n<li class=\"ai-center-markdown-li\"><strong class=\"ai-center-markdown-strong\">Accepteerde betalingssoorten:<\/strong>\u00a0T\/T, L\/C, D\/P, D\/A<\/li>\n<li class=\"ai-center-markdown-li\"><strong class=\"ai-center-markdown-strong\">Talen gesproken:<\/strong>\u00a0Engels, Chinees<\/li>\n<\/ul>\n<p>&nbsp;<\/p>","protected":false},"excerpt":{"rendered":"<p>Flesmateriaal: glas<\/p>\n<p>Capcity: 30ml\/50ml\/100ml<\/p>\n<p>Kleur: aanvaard aanpassing<\/p>\n<p>Oppervlakte Afwerking: Scheefdruk, frosting, hete stempelen, spuitgradi\u00ebnt, matte afwerking, enz. voor kiezen.<\/p>\n<p>MOQ: 5000 pcs;<\/p>\n<p>&nbsp;<\/p>","protected":false},"featured_media":3003,"comment_status":"closed","ping_status":"closed","template":"","meta":{"_acf_changed":false},"product_brand":[],"product_cat":[17],"product_tag":[],"class_list":{"0":"post-2998","1":"product","2":"type-product","3":"status-publish","4":"has-post-thumbnail","6":"product_cat-perfume-bottle","8":"first","9":"instock","10":"shipping-taxable","11":"product-type-simple"},"acf":[],"_links":{"self":[{"href":"https:\/\/www.cosmepak.com\/nl\/wp-json\/wp\/v2\/product\/2998","targetHints":{"allow":["GET"]}}],"collection":[{"href":"https:\/\/www.cosmepak.com\/nl\/wp-json\/wp\/v2\/product"}],"about":[{"href":"https:\/\/www.cosmepak.com\/nl\/wp-json\/wp\/v2\/types\/product"}],"replies":[{"embeddable":true,"href":"https:\/\/www.cosmepak.com\/nl\/wp-json\/wp\/v2\/comments?post=2998"}],"wp:featuredmedia":[{"embeddable":true,"href":"https:\/\/www.cosmepak.com\/nl\/wp-json\/wp\/v2\/media\/3003"}],"wp:attachment":[{"href":"https:\/\/www.cosmepak.com\/nl\/wp-json\/wp\/v2\/media?parent=2998"}],"wp:term":[{"taxonomy":"product_brand","embeddable":true,"href":"https:\/\/www.cosmepak.com\/nl\/wp-json\/wp\/v2\/product_brand?post=2998"},{"taxonomy":"product_cat","embeddable":true,"href":"https:\/\/www.cosmepak.com\/nl\/wp-json\/wp\/v2\/product_cat?post=2998"},{"taxonomy":"product_tag","embeddable":true,"href":"https:\/\/www.cosmepak.com\/nl\/wp-json\/wp\/v2\/product_tag?post=2998"}],"curies":[{"name":"WP","href":"https:\/\/api.w.org\/{rel}","templated":true}]}}