{"id":127,"date":"2024-12-31T09:50:53","date_gmt":"2024-12-31T01:50:53","guid":{"rendered":"http:\/\/www.cosmepak.com\/?post_type=product&#038;p=127"},"modified":"2025-09-29T15:13:51","modified_gmt":"2025-09-29T07:13:51","slug":"perfume-bottle-4","status":"publish","type":"product","link":"https:\/\/www.cosmepak.com\/pt\/product\/perfume-bottle-4\/","title":{"rendered":"Flasco de vidro de 30 ml Flasco de perfume\/Jaunce"},"content":{"rendered":"<table style=\"border-collapse: collapse; width: 100%; height: 240px;\">\n<tbody>\n<tr style=\"height: 24px;\">\n<td style=\"width: 24.7995%; height: 24px;\">Marca<\/td>\n<td style=\"width: 75.2005%; height: 24px;\">\u00a0Jaunce<\/td>\n<\/tr>\n<tr style=\"height: 24px;\">\n<td style=\"width: 24.7995%; height: 24px;\">Capacidade<\/td>\n<td style=\"width: 75.2005%; height: 24px;\">30ml\/50ml\/100ml<\/td>\n<\/tr>\n<tr style=\"height: 24px;\">\n<td style=\"width: 24.7995%; height: 24px;\">Forma<\/td>\n<td style=\"width: 75.2005%; height: 24px;\">Redondo<\/td>\n<\/tr>\n<tr style=\"height: 24px;\">\n<td style=\"width: 24.7995%; height: 24px;\">Tamanho<\/td>\n<td style=\"width: 75.2005%; height: 24px;\">41*83mm\/51.6*108mm\/51*95mm<\/td>\n<\/tr>\n<tr style=\"height: 24px;\">\n<td style=\"width: 24.7995%; height: 24px;\">Peso<\/td>\n<td style=\"width: 75.2005%; height: 24px;\">109.3g\/209.1g\/325g<\/td>\n<\/tr>\n<tr style=\"height: 24px;\">\n<td style=\"width: 24.7995%; height: 24px;\">Acess\u00f3rio<\/td>\n<td style=\"width: 75.2005%; height: 24px;\">Spray\/ tampa de n\u00e9voa<\/td>\n<\/tr>\n<tr style=\"height: 24px;\">\n<td style=\"width: 24.7995%; height: 24px;\">Modelo<\/td>\n<td style=\"width: 75.2005%; height: 24px;\">JH-YBXB137<\/td>\n<\/tr>\n<tr style=\"height: 24px;\">\n<td style=\"width: 24.7995%; height: 24px;\">OEM\/ODM<\/td>\n<td style=\"width: 75.2005%; height: 24px;\">Aceitar<\/td>\n<\/tr>\n<tr style=\"height: 24px;\">\n<td style=\"width: 24.7995%; height: 24px;\">Cor<\/td>\n<td style=\"width: 75.2005%; height: 24px;\">Personalizado<\/td>\n<\/tr>\n<tr style=\"height: 24px;\">\n<td style=\"width: 24.7995%; height: 24px;\">MOQ<\/td>\n<td style=\"width: 75.2005%; height: 24px;\">Geral 5000pcs;<\/td>\n<\/tr>\n<\/tbody>\n<\/table>\n<p>&nbsp;<\/p>\n<p><img fetchpriority=\"high\" decoding=\"async\" class=\"wp-image-1345 aligncenter\" src=\"https:\/\/www.cosmepak.com\/wp-content\/uploads\/2024\/12\/10-2.jpg\" alt=\"\" width=\"1367\" height=\"1367\" srcset=\"https:\/\/www.cosmepak.com\/wp-content\/uploads\/2024\/12\/10-2.jpg 1000w, https:\/\/www.cosmepak.com\/wp-content\/uploads\/2024\/12\/10-2-300x300.jpg 300w, https:\/\/www.cosmepak.com\/wp-content\/uploads\/2024\/12\/10-2-150x150.jpg 150w, https:\/\/www.cosmepak.com\/wp-content\/uploads\/2024\/12\/10-2-768x768.jpg 768w, https:\/\/www.cosmepak.com\/wp-content\/uploads\/2024\/12\/10-2-600x600.jpg 600w, https:\/\/www.cosmepak.com\/wp-content\/uploads\/2024\/12\/10-2-100x100.jpg 100w\" sizes=\"(max-width: 1367px) 100vw, 1367px\" \/><img decoding=\"async\" class=\"alignnone wp-image-1340\" src=\"https:\/\/www.cosmepak.com\/wp-content\/uploads\/2024\/12\/3-1-300x300.jpg\" alt=\"\" width=\"449\" height=\"449\" srcset=\"\" sizes=\"(max-width: 449px) 100vw, 449px\" data-srcset=\"\" \/> <img decoding=\"async\" class=\"alignnone wp-image-1341\" src=\"https:\/\/www.cosmepak.com\/wp-content\/uploads\/2024\/12\/6-2-300x300.jpg\" alt=\"\" width=\"448\" height=\"448\" srcset=\"\" sizes=\"(max-width: 448px) 100vw, 448px\" data-srcset=\"\" \/><img loading=\"lazy\" decoding=\"async\" class=\"alignnone wp-image-1342\" src=\"https:\/\/www.cosmepak.com\/wp-content\/uploads\/2024\/12\/7-2-300x300.jpg\" alt=\"\" width=\"444\" height=\"444\" srcset=\"\" sizes=\"(max-width: 444px) 100vw, 444px\" data-srcset=\"\" \/><\/p>\n<p><img loading=\"lazy\" decoding=\"async\" class=\"aligncenter wp-image-1338\" src=\"https:\/\/www.cosmepak.com\/wp-content\/uploads\/2024\/12\/5-1.jpg\" alt=\"\" width=\"1367\" height=\"1367\" srcset=\"https:\/\/www.cosmepak.com\/wp-content\/uploads\/2024\/12\/5-1.jpg 800w, https:\/\/www.cosmepak.com\/wp-content\/uploads\/2024\/12\/5-1-300x300.jpg 300w, https:\/\/www.cosmepak.com\/wp-content\/uploads\/2024\/12\/5-1-150x150.jpg 150w, https:\/\/www.cosmepak.com\/wp-content\/uploads\/2024\/12\/5-1-768x768.jpg 768w, https:\/\/www.cosmepak.com\/wp-content\/uploads\/2024\/12\/5-1-600x600.jpg 600w, https:\/\/www.cosmepak.com\/wp-content\/uploads\/2024\/12\/5-1-100x100.jpg 100w\" sizes=\"(max-width: 1367px) 100vw, 1367px\" \/><\/p>\n<p>Esta elegante garrafa de perfume apresenta um corpo cil\u00edndrico transparente com estrias verticais para apelo elegante e t\u00e1til.<\/p>\n<p><img loading=\"lazy\" decoding=\"async\" class=\"alignnone wp-image-1343 size-full\" src=\"https:\/\/www.cosmepak.com\/wp-content\/uploads\/2024\/12\/\u5fae\u4fe1\u56fe\u7247_20250213141726.jpg\" alt=\"\" width=\"1920\" height=\"919\" srcset=\"https:\/\/www.cosmepak.com\/wp-content\/uploads\/2024\/12\/\u5fae\u4fe1\u56fe\u7247_20250213141726.jpg 1920w, https:\/\/www.cosmepak.com\/wp-content\/uploads\/2024\/12\/\u5fae\u4fe1\u56fe\u7247_20250213141726-300x144.jpg 300w, https:\/\/www.cosmepak.com\/wp-content\/uploads\/2024\/12\/\u5fae\u4fe1\u56fe\u7247_20250213141726-1024x490.jpg 1024w, https:\/\/www.cosmepak.com\/wp-content\/uploads\/2024\/12\/\u5fae\u4fe1\u56fe\u7247_20250213141726-768x368.jpg 768w, https:\/\/www.cosmepak.com\/wp-content\/uploads\/2024\/12\/\u5fae\u4fe1\u56fe\u7247_20250213141726-1536x735.jpg 1536w, https:\/\/www.cosmepak.com\/wp-content\/uploads\/2024\/12\/\u5fae\u4fe1\u56fe\u7247_20250213141726-600x287.jpg 600w\" sizes=\"(max-width: 1920px) 100vw, 1920px\" \/><\/p>\n<h2 id=\"modern-elegance-the-transparent-cylindrical-perfume-bottle\" class=\"ai-center-markdown-h2\">Eleg\u00e2ncia Moderna: A Flasco de Parfumo Cilindrica Transparente<\/h2>\n<p class=\"ai-center-markdown-p\">No mundo dos fragran\u00e7as de luxo, o design da garrafa \u00e9 t\u00e3o crucial quanto o pr\u00f3prio cheiro. Uma garrafa de perfume bem feita pode evocar emo\u00e7\u00f5es, criar impress\u00f5es duradouras e melhorar a experi\u00eancia sensorial global. Uma cria\u00e7\u00e3o t\u00e3o exquisita \u00e9 a elegante garrafa de perfume com um corpo cilindrico transparente com estrias verticais, parejada com um tamp\u00e3o eletropl\u00e1trico de alto brilho.<\/p>\n<h3 id=\"transparent-cylindrical-body-with-vertical-striations\" class=\"ai-center-markdown-h3\">Corpo cilindrico transparente com estrias verticais<\/h3>\n<p class=\"ai-center-markdown-p\">O corpo cilindrico transparente desta garrafa de perfume \u00e9 um testemunho de design moderno e sofistica\u00e7\u00e3o. O vidro claro permite que as cores ricos do perfume brilhem, criando uma atra\u00e7\u00e3o visual tanto captivante quanto elegante. As cordas verticales acrescentam um apelo t\u00e1ctil, convidando voc\u00ea a tocar e sentir a textura delicada. Essas linhas sutis proporcionam uma pegada t\u00e3o funcional quanto estilo, assegurando que a garrafa \u00e9 f\u00e1cil de manejar ao mesmo tempo que mant\u00e9m sua apar\u00eancia suave.<\/p>\n<h3 id=\"minimalist-design\" class=\"ai-center-markdown-h3\">Design Minimalista<\/h3>\n<p class=\"ai-center-markdown-p\">O Minimalismo est\u00e1 no cora\u00e7\u00e3o desta garrafa de perfume. o design. As linhas limpas e a forma simples exudam uma eleg\u00e2ncia subestimada que \u00e9 perfeita para o indiv\u00edduo contempor\u00e2neo. Essa abordagem minimalista assegura que o foco permanece no pr\u00f3prio perfume, permitindo que o cheiro tome o palco central. A aus\u00eancia de encantamentos desnecess\u00e1rios destaca a pureza e qualidade do design, tornando-o uma pe\u00e7a sem tempo que nunca sair\u00e1 do estilo.<\/p>\n<h3 id=\"high-gloss-electroplated-cap\" class=\"ai-center-markdown-h3\">Cap Elektroplatado de alto brilho<\/h3>\n<p class=\"ai-center-markdown-p\">Adicionar um toque de luxo ao design minimalist a \u00e9 a tampa eletropl\u00e1trica de alto brilho. Este final met\u00e1lico n\u00e3o s\u00f3 aumenta a garrafa s apelo est\u00e9tico mas tamb\u00e9m acrescenta um sentido de opul\u00eancia e refinamento. O chap\u00e9u a superf\u00edcie brilhante captura a luz lindamente, criando um contraste impressionante com o corpo transparente. Esse detalhe luxuoso eleva o design geral, tornando a garrafa uma adi\u00e7\u00e3o perfeita a qualquer mesa de vanidade ou vestimentos.<\/p>\n<h3 id=\"modern-sophistication\" class=\"ai-center-markdown-h3\">Sofisica\u00e7\u00e3o moderna<\/h3>\n<p class=\"ai-center-markdown-p\">Juntos, esses elementos criam uma garrafa de perfume que exude sofistica\u00e7\u00e3o modern a. A combina\u00e7\u00e3o do corpo cilindrico transparente, estria\u00e7\u00f5es verticais, design minimalist a e tampa eletropl\u00e1tida de alto brilho resulta em uma pe\u00e7a que \u00e9 funcional e est\u00e9ticamente agrad\u00e1vel. \u00c9 um design que fala ao indiv\u00edduo discernido que aprecia as coisas mais bonitas na vida e valoriza tanto a forma como a fun\u00e7\u00e3o.<\/p>\n<h3 id=\"conclusion\" class=\"ai-center-markdown-h3\">Conclus\u00e3o<\/h3>\n<p class=\"ai-center-markdown-p\">Em conclus\u00e3o, esta elegante garrafa de perfume \u00e9 um exemplo perfeito de como design pensado pode melhorar a experi\u00eancia geral de um produto de luxo. Seu corpo cilindrico transparente com stria\u00e7\u00f5es verticais, design minimalist a e capa eletropl\u00e1trica de alto brilho se juntam para criar uma pe\u00e7a que seja t\u00e3o bonita quanto pr\u00e1tica. Este design moderno e sofisticado tem certeza de fazer uma impress\u00e3o duradoura e se tornar uma parte estimada de qualquer cole\u00e7\u00e3o de perfume.<\/p>\n<p><img loading=\"lazy\" decoding=\"async\" class=\"alignnone size-full wp-image-1347\" src=\"https:\/\/www.cosmepak.com\/wp-content\/uploads\/2024\/12\/\u9996\u987519202_03.jpg\" alt=\"\" width=\"1920\" height=\"885\" srcset=\"https:\/\/www.cosmepak.com\/wp-content\/uploads\/2024\/12\/\u9996\u987519202_03.jpg 1920w, https:\/\/www.cosmepak.com\/wp-content\/uploads\/2024\/12\/\u9996\u987519202_03-300x138.jpg 300w, https:\/\/www.cosmepak.com\/wp-content\/uploads\/2024\/12\/\u9996\u987519202_03-1024x472.jpg 1024w, https:\/\/www.cosmepak.com\/wp-content\/uploads\/2024\/12\/\u9996\u987519202_03-768x354.jpg 768w, https:\/\/www.cosmepak.com\/wp-content\/uploads\/2024\/12\/\u9996\u987519202_03-1536x708.jpg 1536w, https:\/\/www.cosmepak.com\/wp-content\/uploads\/2024\/12\/\u9996\u987519202_03-600x277.jpg 600w\" sizes=\"(max-width: 1920px) 100vw, 1920px\" \/> <img loading=\"lazy\" decoding=\"async\" class=\"alignnone size-full wp-image-1348\" src=\"https:\/\/www.cosmepak.com\/wp-content\/uploads\/2024\/12\/\u9996\u987519202_04.jpg\" alt=\"\" width=\"1920\" height=\"694\" srcset=\"https:\/\/www.cosmepak.com\/wp-content\/uploads\/2024\/12\/\u9996\u987519202_04.jpg 1920w, https:\/\/www.cosmepak.com\/wp-content\/uploads\/2024\/12\/\u9996\u987519202_04-300x108.jpg 300w, https:\/\/www.cosmepak.com\/wp-content\/uploads\/2024\/12\/\u9996\u987519202_04-1024x370.jpg 1024w, https:\/\/www.cosmepak.com\/wp-content\/uploads\/2024\/12\/\u9996\u987519202_04-768x278.jpg 768w, https:\/\/www.cosmepak.com\/wp-content\/uploads\/2024\/12\/\u9996\u987519202_04-1536x555.jpg 1536w, https:\/\/www.cosmepak.com\/wp-content\/uploads\/2024\/12\/\u9996\u987519202_04-600x217.jpg 600w\" sizes=\"(max-width: 1920px) 100vw, 1920px\" \/><\/p>\n<p><img loading=\"lazy\" decoding=\"async\" class=\"alignnone size-full wp-image-1350\" src=\"https:\/\/www.cosmepak.com\/wp-content\/uploads\/2024\/12\/\u9996\u987519202_05-1.jpg\" alt=\"\" width=\"1920\" height=\"970\" srcset=\"https:\/\/www.cosmepak.com\/wp-content\/uploads\/2024\/12\/\u9996\u987519202_05-1.jpg 1920w, https:\/\/www.cosmepak.com\/wp-content\/uploads\/2024\/12\/\u9996\u987519202_05-1-300x152.jpg 300w, https:\/\/www.cosmepak.com\/wp-content\/uploads\/2024\/12\/\u9996\u987519202_05-1-1024x517.jpg 1024w, https:\/\/www.cosmepak.com\/wp-content\/uploads\/2024\/12\/\u9996\u987519202_05-1-768x388.jpg 768w, https:\/\/www.cosmepak.com\/wp-content\/uploads\/2024\/12\/\u9996\u987519202_05-1-1536x776.jpg 1536w, https:\/\/www.cosmepak.com\/wp-content\/uploads\/2024\/12\/\u9996\u987519202_05-1-600x303.jpg 600w\" sizes=\"(max-width: 1920px) 100vw, 1920px\" \/><\/p>\n<p><img loading=\"lazy\" decoding=\"async\" class=\"alignnone wp-image-1351\" src=\"https:\/\/www.cosmepak.com\/wp-content\/uploads\/2024\/12\/\u7269\u6d41\u8fd0\u8f93\u753b\u9762-2.jpg\" alt=\"\" width=\"1424\" height=\"1068\" srcset=\"https:\/\/www.cosmepak.com\/wp-content\/uploads\/2024\/12\/\u7269\u6d41\u8fd0\u8f93\u753b\u9762-2.jpg 800w, https:\/\/www.cosmepak.com\/wp-content\/uploads\/2024\/12\/\u7269\u6d41\u8fd0\u8f93\u753b\u9762-2-300x225.jpg 300w, https:\/\/www.cosmepak.com\/wp-content\/uploads\/2024\/12\/\u7269\u6d41\u8fd0\u8f93\u753b\u9762-2-768x576.jpg 768w, https:\/\/www.cosmepak.com\/wp-content\/uploads\/2024\/12\/\u7269\u6d41\u8fd0\u8f93\u753b\u9762-2-600x450.jpg 600w\" sizes=\"(max-width: 1424px) 100vw, 1424px\" \/><\/p>\n<table style=\"border-collapse: collapse; width: 100%; height: 144px;\">\n<tbody>\n<tr style=\"height: 24px;\">\n<td style=\"width: 33.3333%; text-align: center; height: 24px;\"><span style=\"font-size: 14pt;\"><strong>Expressar<\/strong><\/span><\/td>\n<td style=\"width: 33.3333%; text-align: center; height: 24px;\"><span style=\"font-size: 14pt;\"><strong>Frete a\u00e9reo<\/strong><\/span><\/td>\n<td style=\"width: 33.3333%; text-align: center; height: 24px;\"><span style=\"font-size: 14pt;\"><strong>Transporte mar\u00edtimo<\/strong><\/span><\/td>\n<\/tr>\n<tr style=\"height: 24px;\">\n<td style=\"width: 33.3333%; text-align: center; height: 24px;\">Europa de 4 a 6 dias<\/td>\n<td style=\"width: 33.3333%; text-align: center; height: 24px;\">Europa de 4 a 6 dias<\/td>\n<td style=\"width: 33.3333%; text-align: center; height: 24px;\">Europa de 25 a 35 dias<\/td>\n<\/tr>\n<tr style=\"height: 24px;\">\n<td style=\"width: 33.3333%; text-align: center; height: 24px;\">Morth America de 4 a 6 dias<\/td>\n<td style=\"width: 33.3333%; text-align: center; height: 24px;\">Morth America de 4 a 6 dias<\/td>\n<td style=\"width: 33.3333%; text-align: center; height: 24px;\">Morth America de 25 a 35 dias<\/td>\n<\/tr>\n<tr style=\"height: 24px;\">\n<td style=\"width: 33.3333%; text-align: center; height: 24px;\">Sudeste Asi\u00e1tico de 3 a 5 dias<\/td>\n<td style=\"width: 33.3333%; text-align: center; height: 24px;\">Sudeste Asi\u00e1tico de 3 a 5 dias<\/td>\n<td style=\"width: 33.3333%; text-align: center; height: 24px;\">Sudeste Asi\u00e1tico de 25 a 35 dias<\/td>\n<\/tr>\n<tr style=\"height: 24px;\">\n<td style=\"width: 33.3333%; text-align: center; height: 24px;\">O Oriente M\u00e9dio de 4 a 6 dias<\/td>\n<td style=\"width: 33.3333%; text-align: center; height: 24px;\">O Oriente M\u00e9dio de 4 a 6 dias<\/td>\n<td style=\"width: 33.3333%; text-align: center; height: 24px;\">O Oriente M\u00e9dio de 25 a 35 dias<\/td>\n<\/tr>\n<tr style=\"height: 24px;\">\n<td style=\"width: 33.3333%; text-align: center; height: 24px;\">\u00c1frica do Sul de 5 a 8 dias<\/td>\n<td style=\"width: 33.3333%; text-align: center; height: 24px;\">\u00c1frica do Sul de 5 a 8 dias<\/td>\n<td style=\"width: 33.3333%; text-align: center; height: 24px;\">\u00c1frica do Sul 25-35 dias<\/td>\n<\/tr>\n<\/tbody>\n<\/table>\n<p><span style=\"font-size: 14pt;\"><strong>RFQ:\u00a0<\/strong><\/span><\/p>\n<h3 id=\"why-should-you-buy-from-us\" class=\"ai-center-markdown-h3\" data-spm-anchor-id=\"a2700.micro_cgs_home.0.i6.38613e5f9pxON6\">Por que voc\u00ea deveria comprar de n\u00f3s?<\/h3>\n<ol class=\"ai-center-markdown-ol\" start=\"1\">\n<li class=\"ai-center-markdown-li\"><strong class=\"ai-center-markdown-strong\">Desenhos adaptados em 3 minutos<\/strong>: N\u00f3s fornecemos projetos personalizados adaptados \u00e0s suas necessidades em apenas 3 minutos.<\/li>\n<li class=\"ai-center-markdown-li\"><strong class=\"ai-center-markdown-strong\">Servi\u00e7o Online 24\/7<\/strong>: Nossa equipe dedicada est\u00e1 dispon\u00edvel ao redor do tempo para ajudar voc\u00eas.<\/li>\n<li class=\"ai-center-markdown-li\"><strong class=\"ai-center-markdown-strong\">Rota de amostra r\u00e1pida<\/strong>: Oferecemos amostras em 7 dias e amostras impressas personalizadas em 15 dias.<\/li>\n<li class=\"ai-center-markdown-li\"><strong class=\"ai-center-markdown-strong\">Tempo de lideran\u00e7a eficiente<\/strong>: Nosso tempo de vida \u00e9 apenas 35 dias, assegurando entrega em tempo oportuno.<\/li>\n<li class=\"ai-center-markdown-li\"><strong class=\"ai-center-markdown-strong\">Industrial Expertise<\/strong>: Com mais de 10 anos de experi\u00eancia em embalagens cosm\u00e9ticas, trazemos experi\u00eancia n\u00e3o comparada \u00e0 mesa.<\/li>\n<li class=\"ai-center-markdown-li\"><strong class=\"ai-center-markdown-strong\">Factory Direct<\/strong>: Aproveite os melhores pre\u00e7os e servi\u00e7os diretamente da nossa f\u00e1brica.<\/li>\n<li class=\"ai-center-markdown-li\"><strong class=\"ai-center-markdown-strong\">Solu\u00e7\u00f5es Comprensivas<\/strong>: Oferecemos uma solu\u00e7\u00e3o \u00fanica para todas as suas necessidades de embalagem cosm\u00e9tica.<\/li>\n<\/ol>\n<h3 id=\"who-are-we\" class=\"ai-center-markdown-h3\">Quem somos n\u00f3s?<\/h3>\n<p class=\"ai-center-markdown-p\">Somos uma empresa profissional de embalagens cosm\u00e9ticas com sede em Zhejiang, China, estabelecida em 2014. Nosso alcance de mercado inclui:<\/p>\n<ul class=\"ai-center-markdown-ul\">\n<li class=\"ai-center-markdown-li\">Mercado Interno (70,00%)<\/li>\n<li class=\"ai-center-markdown-li\">Oceania (8,00%)<\/li>\n<li class=\"ai-center-markdown-li\">Oriente M\u00e9dio (7,00%)<\/li>\n<li class=\"ai-center-markdown-li\">\u00c1sia Oriental (2,00%)<\/li>\n<li class=\"ai-center-markdown-li\">Am\u00e9rica do Norte (2,00%)<\/li>\n<li class=\"ai-center-markdown-li\">Europa Ocidental (2,00%)<\/li>\n<li class=\"ai-center-markdown-li\">Sudeste \u00c1sia (2,00%)<\/li>\n<li class=\"ai-center-markdown-li\">\u00c1sia do Sul (1,00%)<\/li>\n<li class=\"ai-center-markdown-li\">Am\u00e9rica do Sul (1,00%)<\/li>\n<li class=\"ai-center-markdown-li\">Europa do Sul (1,00%)<\/li>\n<li class=\"ai-center-markdown-li\">Am\u00e9rica Central (1,00%)<\/li>\n<li class=\"ai-center-markdown-li\">Europa do Norte (1,00%)<\/li>\n<li class=\"ai-center-markdown-li\">\u00c1frica (1,00%)<\/li>\n<li class=\"ai-center-markdown-li\">Europa Oriental (1,00%)<\/li>\n<\/ul>\n<h3 id=\"how-can-we-guarantee-quality\" class=\"ai-center-markdown-h3\">Como podemos garantir a qualidade?<\/h3>\n<ul class=\"ai-center-markdown-ul\">\n<li class=\"ai-center-markdown-li\"><strong class=\"ai-center-markdown-strong\">Mostras de pr\u00e9-produ\u00e7\u00e3o<\/strong>: N\u00f3s sempre fornecemos uma amostra de pr\u00e9-produ\u00e7\u00e3o antes da produ\u00e7\u00e3o em mass a para garantir a precis\u00e3o.<\/li>\n<li class=\"ai-center-markdown-li\"><strong class=\"ai-center-markdown-strong\">Inspec\u00e7\u00e3o Final<\/strong>: N\u00f3s realizamos uma inspec\u00e7\u00e3o final detalhada antes da expedi\u00e7\u00e3o para manter padr\u00f5es de alta qualidade.<\/li>\n<\/ul>\n<h3 id=\"what-can-you-buy-from-us\" class=\"ai-center-markdown-h3\">O que voc\u00ea pode comprar de n\u00f3s?<\/h3>\n<ul class=\"ai-center-markdown-ul\">\n<li class=\"ai-center-markdown-li\"><strong class=\"ai-center-markdown-strong\">Botelas de vidro<\/strong><\/li>\n<li class=\"ai-center-markdown-li\"><strong class=\"ai-center-markdown-strong\">Botelas de pl\u00e1stico\/Jars\/Tubes<\/strong><\/li>\n<li class=\"ai-center-markdown-li\"><strong class=\"ai-center-markdown-strong\">Botelas de alum\u00ednio\/Jars\/Tubes<\/strong><\/li>\n<li class=\"ai-center-markdown-li\"><strong class=\"ai-center-markdown-strong\">Materiales de embalagem Cosm\u00e9tico<\/strong><\/li>\n<\/ul>\n<h3 id=\"what-services-can-we-provide\" class=\"ai-center-markdown-h3\">Que servi\u00e7os podemos fornecer?<\/h3>\n<ul class=\"ai-center-markdown-ul\">\n<li class=\"ai-center-markdown-li\"><strong class=\"ai-center-markdown-strong\">Condi\u00e7\u00f5es de entrega<\/strong>: FOB, CFR, CIF<\/li>\n<li class=\"ai-center-markdown-li\"><strong class=\"ai-center-markdown-strong\">Valores de pagamento<\/strong>: USD, EUR, HKD, CNY<\/li>\n<li class=\"ai-center-markdown-li\"><strong class=\"ai-center-markdown-strong\">Tipos de pagamento<\/strong>: T\/T, L\/C, D\/P, D\/A<\/li>\n<\/ul>\n<p class=\"ai-center-markdown-p\">Com nossa extensa experi\u00eancia, solu\u00e7\u00f5es abrangentes e compromisso com a qualidade, somos seu parceiro ideal para embalagem cosm\u00e9tica.<\/p>","protected":false},"excerpt":{"rendered":"<p>Material: vidro<\/p>\n<p>Capacidade: 30 ml<\/p>\n<p>Tamanho: OD 41mm;<\/p>\n<p>Cor: Aceite personalizado (qualquer cor Pantone dispon\u00edvel)<\/p>\n<p>APLICA\u00c7\u00c3O: Os garrafas de perfume servem a fins funcionais e est\u00e9ticos na ind\u00fastria de fragr\u00e2ncias. Sua aplica\u00e7\u00e3o prim\u00e1ria inculde: armazenamento e preserva\u00e7\u00e3o de fragr\u00e2ncias;<\/p>\n<p>Acabamento de superf\u00edcie: impress\u00e3o de tela, estampagem a quente, gradiente de pulveriza\u00e7\u00e3o, acabamento fosco, etc.<\/p>\n<p>MOQ: 5000pcs<\/p>\n<p>Amostra: amostras gratuitas dispon\u00edveis<\/p>\n<p>&nbsp;<\/p>\n<p>&nbsp;<\/p>","protected":false},"featured_media":1334,"comment_status":"closed","ping_status":"closed","template":"","meta":{"_acf_changed":false},"product_brand":[],"product_cat":[17],"product_tag":[37],"class_list":{"0":"post-127","1":"product","2":"type-product","3":"status-publish","4":"has-post-thumbnail","6":"product_cat-perfume-bottle","7":"product_tag-perfume-bottle","9":"first","10":"outofstock","11":"shipping-taxable","12":"product-type-simple"},"acf":[],"_links":{"self":[{"href":"https:\/\/www.cosmepak.com\/pt\/wp-json\/wp\/v2\/product\/127","targetHints":{"allow":["GET"]}}],"collection":[{"href":"https:\/\/www.cosmepak.com\/pt\/wp-json\/wp\/v2\/product"}],"about":[{"href":"https:\/\/www.cosmepak.com\/pt\/wp-json\/wp\/v2\/types\/product"}],"replies":[{"embeddable":true,"href":"https:\/\/www.cosmepak.com\/pt\/wp-json\/wp\/v2\/comments?post=127"}],"wp:featuredmedia":[{"embeddable":true,"href":"https:\/\/www.cosmepak.com\/pt\/wp-json\/wp\/v2\/media\/1334"}],"wp:attachment":[{"href":"https:\/\/www.cosmepak.com\/pt\/wp-json\/wp\/v2\/media?parent=127"}],"wp:term":[{"taxonomy":"product_brand","embeddable":true,"href":"https:\/\/www.cosmepak.com\/pt\/wp-json\/wp\/v2\/product_brand?post=127"},{"taxonomy":"product_cat","embeddable":true,"href":"https:\/\/www.cosmepak.com\/pt\/wp-json\/wp\/v2\/product_cat?post=127"},{"taxonomy":"product_tag","embeddable":true,"href":"https:\/\/www.cosmepak.com\/pt\/wp-json\/wp\/v2\/product_tag?post=127"}],"curies":[{"name":"wp","href":"https:\/\/api.w.org\/{rel}","templated":true}]}}