{"id":1287,"date":"2025-03-18T13:50:06","date_gmt":"2025-03-18T05:50:06","guid":{"rendered":"https:\/\/www.cosmepak.com\/?post_type=product&#038;p=1287"},"modified":"2025-09-29T17:32:06","modified_gmt":"2025-09-29T09:32:06","slug":"250ml-450ml-pet-lotion-shampoo-bottle","status":"publish","type":"product","link":"https:\/\/www.cosmepak.com\/pt\/product\/250ml-450ml-pet-lotion-shampoo-bottle\/","title":{"rendered":"250 ml de 500 ml de PET Lotion Shampoo Bottle"},"content":{"rendered":"<table style=\"border-collapse: collapse; width: 100.654%; height: 216px;\">\n<tbody>\n<tr style=\"height: 24px;\">\n<td style=\"width: 47.786%; height: 24px; text-align: center;\">Nome do produto<\/td>\n<td style=\"width: 68.6676%; height: 24px; text-align: center;\">250 ml PETG Lotion Shampoo Bottle<\/td>\n<\/tr>\n<tr style=\"height: 24px;\">\n<td style=\"width: 47.786%; height: 24px; text-align: center;\">Material<\/td>\n<td style=\"width: 68.6676%; height: 24px; text-align: center;\">PETG<\/td>\n<\/tr>\n<tr style=\"height: 24px;\">\n<td style=\"width: 47.786%; height: 24px; text-align: center;\">Cor<\/td>\n<td style=\"width: 68.6676%; height: 24px; text-align: center;\">Personalizado<\/td>\n<\/tr>\n<tr style=\"height: 24px;\">\n<td style=\"width: 47.786%; height: 24px; text-align: center;\">Tratamento de obras de arte<\/td>\n<td style=\"width: 68.6676%; height: 24px; text-align: center;\">Impress\u00e3o de tela de seda\/selo quente\/revestimento~<\/td>\n<\/tr>\n<tr style=\"height: 24px;\">\n<td style=\"width: 47.786%; height: 24px; text-align: center;\">Capacidade<\/td>\n<td style=\"width: 68.6676%; height: 24px; text-align: center;\">250ml\/450ml<\/td>\n<\/tr>\n<tr style=\"height: 24px;\">\n<td style=\"width: 47.786%; height: 24px; text-align: center;\">MOQ<\/td>\n<td style=\"width: 68.6676%; height: 24px; text-align: center;\">10000<\/td>\n<\/tr>\n<tr style=\"height: 24px;\">\n<td style=\"width: 47.786%; height: 24px; text-align: center;\">Tempo de espera<\/td>\n<td style=\"width: 68.6676%; height: 24px; text-align: center;\">30 dias depois da recep\u00e7\u00e3o do dep\u00f3sito.<\/td>\n<\/tr>\n<tr style=\"height: 24px;\">\n<td style=\"width: 47.786%; height: 24px; text-align: center;\">Pagamento<\/td>\n<td style=\"width: 68.6676%; height: 24px; text-align: center;\">30% dep\u00f3sito, 70% saldo pago antes de carregar.<\/td>\n<\/tr>\n<tr style=\"height: 24px;\">\n<td style=\"width: 47.786%; height: 24px; text-align: center;\">Embalagem<\/td>\n<td style=\"width: 68.6676%; height: 24px; text-align: center;\">Caixa de papel kraft e palete de madeira<\/td>\n<\/tr>\n<\/tbody>\n<\/table>\n<p><img fetchpriority=\"high\" decoding=\"async\" class=\"size-full wp-image-3046 aligncenter\" src=\"https:\/\/www.cosmepak.com\/wp-content\/uploads\/2025\/03\/\u8be6\u60c5-10.jpg\" alt=\"\" width=\"1000\" height=\"1000\" srcset=\"https:\/\/www.cosmepak.com\/wp-content\/uploads\/2025\/03\/\u8be6\u60c5-10.jpg 1000w, https:\/\/www.cosmepak.com\/wp-content\/uploads\/2025\/03\/\u8be6\u60c5-10-300x300.jpg 300w, https:\/\/www.cosmepak.com\/wp-content\/uploads\/2025\/03\/\u8be6\u60c5-10-150x150.jpg 150w, https:\/\/www.cosmepak.com\/wp-content\/uploads\/2025\/03\/\u8be6\u60c5-10-768x768.jpg 768w, https:\/\/www.cosmepak.com\/wp-content\/uploads\/2025\/03\/\u8be6\u60c5-10-12x12.jpg 12w, https:\/\/www.cosmepak.com\/wp-content\/uploads\/2025\/03\/\u8be6\u60c5-10-600x600.jpg 600w, https:\/\/www.cosmepak.com\/wp-content\/uploads\/2025\/03\/\u8be6\u60c5-10-100x100.jpg 100w\" sizes=\"(max-width: 1000px) 100vw, 1000px\" \/><\/p>\n<table style=\"border-collapse: collapse; width: 100%; height: 48px;\">\n<tbody>\n<tr style=\"height: 24px;\">\n<td style=\"width: 16.3673%; text-align: center; height: 24px;\"><strong>Capacidade<\/strong><\/td>\n<td style=\"width: 18.4214%; text-align: center;\"><strong>Altura total<\/strong><\/td>\n<td style=\"width: 15.8959%; text-align: center; height: 24px;\"><strong>Dia<\/strong><\/td>\n<td style=\"width: 17.5414%; text-align: center; height: 24px;\"><strong>Altura da garrafa<\/strong><\/td>\n<td style=\"width: 17.8994%; text-align: center; height: 24px;\"><strong>Altura imprim\u00edvel<\/strong><\/td>\n<td style=\"width: 13.8746%; text-align: center;\"><strong>Peso<\/strong><\/td>\n<\/tr>\n<tr style=\"height: 24px;\">\n<td style=\"width: 16.3673%; text-align: center; height: 24px;\">250ml<\/td>\n<td style=\"width: 18.4214%; text-align: center;\">150ml<\/td>\n<td style=\"width: 15.8959%; text-align: center; height: 24px;\">67 mm<\/td>\n<td style=\"width: 17.5414%; text-align: center; height: 24px;\">92mm<\/td>\n<td style=\"width: 17.8994%; text-align: center; height: 24px;\">54 mm<\/td>\n<td style=\"width: 13.8746%; text-align: center;\">68.3g<\/td>\n<\/tr>\n<\/tbody>\n<\/table>\n<table style=\"border-collapse: collapse; width: 100%;\">\n<tbody>\n<tr>\n<td style=\"width: 20%; text-align: center;\"><strong>Item\u00a0<\/strong><\/td>\n<td style=\"width: 20%; text-align: center;\"><strong>Pacote Qtd<\/strong><\/td>\n<td style=\"width: 20%; text-align: center;\"><strong>Tamanho da caixa<\/strong><\/td>\n<td style=\"width: 20%; text-align: center;\"><strong>NW<\/strong><\/td>\n<td style=\"width: 20%; text-align: center;\"><strong>Gw<\/strong><\/td>\n<\/tr>\n<tr>\n<td style=\"width: 20%; text-align: center;\">Bombear<\/td>\n<td style=\"width: 20%; text-align: center;\">400pcs<\/td>\n<td style=\"width: 20%; text-align: center;\">57*47*36<\/td>\n<td style=\"width: 20%; text-align: center;\">14.5kg<\/td>\n<td style=\"width: 20%; text-align: center;\">12.8kg<\/td>\n<\/tr>\n<tr>\n<td style=\"width: 20%; text-align: center;\">Garrafa<\/td>\n<td style=\"width: 20%; text-align: center;\">180pcs<\/td>\n<td style=\"width: 20%; text-align: center;\">64*37*39<\/td>\n<td style=\"width: 20%; text-align: center;\">6.5kg<\/td>\n<td style=\"width: 20%; text-align: center;\">8.2kg<\/td>\n<\/tr>\n<\/tbody>\n<\/table>\n<p><img decoding=\"async\" class=\"size-full wp-image-3047 aligncenter\" src=\"https:\/\/www.cosmepak.com\/wp-content\/uploads\/2025\/03\/450ml-2.jpg\" alt=\"\" width=\"1000\" height=\"1000\" srcset=\"https:\/\/www.cosmepak.com\/wp-content\/uploads\/2025\/03\/450ml-2.jpg 1000w, https:\/\/www.cosmepak.com\/wp-content\/uploads\/2025\/03\/450ml-2-300x300.jpg 300w, https:\/\/www.cosmepak.com\/wp-content\/uploads\/2025\/03\/450ml-2-150x150.jpg 150w, https:\/\/www.cosmepak.com\/wp-content\/uploads\/2025\/03\/450ml-2-768x768.jpg 768w, https:\/\/www.cosmepak.com\/wp-content\/uploads\/2025\/03\/450ml-2-12x12.jpg 12w, https:\/\/www.cosmepak.com\/wp-content\/uploads\/2025\/03\/450ml-2-600x600.jpg 600w, https:\/\/www.cosmepak.com\/wp-content\/uploads\/2025\/03\/450ml-2-100x100.jpg 100w\" sizes=\"(max-width: 1000px) 100vw, 1000px\" \/><\/p>\n<table style=\"border-collapse: collapse; width: 100%; height: 120px;\">\n<tbody>\n<tr style=\"height: 24px;\">\n<td style=\"width: 15.6264%; text-align: center; height: 24px;\">Capacidade<\/td>\n<td style=\"width: 18.0726%; text-align: center; height: 24px;\">Altura total<\/td>\n<td style=\"width: 15.9229%; text-align: center; height: 24px;\">Dia<\/td>\n<td style=\"width: 17.0348%; text-align: center; height: 24px;\">Altura da garrafa<\/td>\n<td style=\"width: 16.0786%; text-align: center; height: 24px;\">Altura imprim\u00edvel<\/td>\n<td style=\"width: 17.2647%; text-align: center;\">Peso<\/td>\n<\/tr>\n<tr style=\"height: 24px;\">\n<td style=\"width: 15.6264%; text-align: center; height: 24px;\">450ml<\/td>\n<td style=\"width: 18.0726%; text-align: center; height: 24px;\">168 mm<\/td>\n<td style=\"width: 15.9229%; text-align: center; height: 24px;\">67 mm<\/td>\n<td style=\"width: 17.0348%; text-align: center; height: 24px;\">140 mm<\/td>\n<td style=\"width: 16.0786%; text-align: center; height: 24px;\">105 mm<\/td>\n<td style=\"width: 17.2647%; text-align: center;\">88.8g<\/td>\n<\/tr>\n<\/tbody>\n<\/table>\n<table style=\"border-collapse: collapse; width: 100%;\">\n<tbody>\n<tr>\n<td style=\"width: 20%; text-align: center;\"><strong>Item\u00a0<\/strong><\/td>\n<td style=\"width: 20%; text-align: center;\"><strong>Pacote Qtd<\/strong><\/td>\n<td style=\"width: 20%; text-align: center;\"><strong>Tamanho da caixa<\/strong><\/td>\n<td style=\"width: 20%; text-align: center;\"><strong>NW<\/strong><\/td>\n<td style=\"width: 20%; text-align: center;\"><strong>Gw<\/strong><\/td>\n<\/tr>\n<tr>\n<td style=\"width: 20%; text-align: center;\">450ML<\/td>\n<td style=\"width: 20%; text-align: center;\">120PCS<\/td>\n<td style=\"width: 20%; text-align: center;\">56*35*43<\/td>\n<td style=\"width: 20%; text-align: center;\">6.6KG<\/td>\n<td style=\"width: 20%; text-align: center;\">8.3KG<\/td>\n<\/tr>\n<\/tbody>\n<\/table>\n<p>Esta garrafa Mu Si Foaming tem 250 ml e 450 ml duas capacidades para voc\u00ea escolher. Ele tem um design quadrado, PETG Bottle Body e Screw Neck s\u00e3o simples para operar, permitindo uma simples opera\u00e7\u00e3o sem problemas de vazamento. - ecol\u00f3gico e reutilizable, \u00e9 ideal para refilhamento higi\u00e9nico, enquanto resistente a quebrar e duradoura. Equipado com uma bomba cient\u00edfica, oferece press\u00e3o sem esfor\u00e7o, produzindo espuma fina e rica cada vez que voc\u00ea a usa.<\/p>\n<p>Ela tem muitas cores para voc\u00ea escolher,como cor transparente clara; - Cor branca; - Cor transparente rosa; - cor transparente azul; - cor transparente verde durk; - cor transparente marr\u00e3o; Tamb\u00e9m apoiamos personalizados com a cor de sua pantona.<\/p>\n<p>Tamb\u00e9m apoiamos o servi\u00e7o de impress\u00e3o personalizado do logotipo; o servi\u00e7o de rotulagem, etc.<\/p>\n<p>Se voc\u00ea est\u00e1 interessado nestas garrafas, por favor, sente-se livre de nos contatar.<\/p>\n<table style=\"border-collapse: collapse; width: 100%; height: 989px;\">\n<tbody>\n<tr style=\"height: 965px;\">\n<td style=\"width: 66.6666%; height: 965px;\" colspan=\"2\"><img decoding=\"async\" class=\"size-full wp-image-3048 aligncenter\" src=\"https:\/\/www.cosmepak.com\/wp-content\/uploads\/2025\/03\/450ml-5.jpg\" alt=\"\" width=\"1000\" height=\"1000\" srcset=\"https:\/\/www.cosmepak.com\/wp-content\/uploads\/2025\/03\/450ml-5.jpg 1000w, https:\/\/www.cosmepak.com\/wp-content\/uploads\/2025\/03\/450ml-5-300x300.jpg 300w, https:\/\/www.cosmepak.com\/wp-content\/uploads\/2025\/03\/450ml-5-150x150.jpg 150w, https:\/\/www.cosmepak.com\/wp-content\/uploads\/2025\/03\/450ml-5-768x768.jpg 768w, https:\/\/www.cosmepak.com\/wp-content\/uploads\/2025\/03\/450ml-5-12x12.jpg 12w, https:\/\/www.cosmepak.com\/wp-content\/uploads\/2025\/03\/450ml-5-600x600.jpg 600w, https:\/\/www.cosmepak.com\/wp-content\/uploads\/2025\/03\/450ml-5-100x100.jpg 100w\" sizes=\"(max-width: 1000px) 100vw, 1000px\" \/><\/td>\n<\/tr>\n<tr style=\"height: 24px;\">\n<td style=\"width: 33.3333%; height: 24px;\"><img loading=\"lazy\" decoding=\"async\" class=\"alignnone size-full wp-image-3049\" src=\"https:\/\/www.cosmepak.com\/wp-content\/uploads\/2025\/03\/\u8be6\u60c5-5.jpg\" alt=\"\" width=\"790\" height=\"831\" srcset=\"https:\/\/www.cosmepak.com\/wp-content\/uploads\/2025\/03\/\u8be6\u60c5-5.jpg 790w, https:\/\/www.cosmepak.com\/wp-content\/uploads\/2025\/03\/\u8be6\u60c5-5-285x300.jpg 285w, https:\/\/www.cosmepak.com\/wp-content\/uploads\/2025\/03\/\u8be6\u60c5-5-768x808.jpg 768w, https:\/\/www.cosmepak.com\/wp-content\/uploads\/2025\/03\/\u8be6\u60c5-5-11x12.jpg 11w, https:\/\/www.cosmepak.com\/wp-content\/uploads\/2025\/03\/\u8be6\u60c5-5-600x631.jpg 600w\" sizes=\"(max-width: 790px) 100vw, 790px\" \/><\/td>\n<td style=\"width: 33.3333%; height: 24px;\"><img loading=\"lazy\" decoding=\"async\" class=\"alignnone size-full wp-image-3050\" src=\"https:\/\/www.cosmepak.com\/wp-content\/uploads\/2025\/03\/450ml-4.jpg\" alt=\"\" width=\"790\" height=\"866\" srcset=\"https:\/\/www.cosmepak.com\/wp-content\/uploads\/2025\/03\/450ml-4.jpg 790w, https:\/\/www.cosmepak.com\/wp-content\/uploads\/2025\/03\/450ml-4-274x300.jpg 274w, https:\/\/www.cosmepak.com\/wp-content\/uploads\/2025\/03\/450ml-4-768x842.jpg 768w, https:\/\/www.cosmepak.com\/wp-content\/uploads\/2025\/03\/450ml-4-11x12.jpg 11w, https:\/\/www.cosmepak.com\/wp-content\/uploads\/2025\/03\/450ml-4-600x658.jpg 600w\" sizes=\"(max-width: 790px) 100vw, 790px\" \/><\/td>\n<\/tr>\n<\/tbody>\n<\/table>\n<p style=\"text-align: center;\">SOBRE N\u00d3S<\/p>\n<p>Hangzhou Juance Industrial Co., Ltd fundou no ano de 2014, nosso grupo de equipe tem trabalhado com pacotes cosm\u00e9ticos industriais por mais de 20 anos. N\u00f3s somos profissionais nesses arquivos, n\u00f3s somos de suporte de solu\u00e7\u00e3o de um ponto em embalagens cosm\u00e9ticos.<\/p>\n<p>Uma divis\u00e3o clara do trabalho \u00e9 crucial para o bom funcionamento de qualquer organiza\u00e7\u00e3o. N\u00e3o s\u00f3 aumenta a efici\u00eancia e a responsabilidade, mas tamb\u00e9m assegura que cada est\u00e1gio do processo seja executado aos mais altos padr\u00f5es. Ao controlar estritamente cada fase, as organiza\u00e7\u00f5es podem alcan\u00e7ar melhores resultados e manter uma vantagem competitiva.<\/p>\n<p>Por favor, juntem-nos a n\u00f3s, vamos ganhar juntos.<\/p>\n<p><img loading=\"lazy\" decoding=\"async\" class=\"alignnone size-full wp-image-2556\" src=\"https:\/\/www.cosmepak.com\/wp-content\/uploads\/2025\/06\/packaging.webp\" alt=\"embalagem\" width=\"1920\" height=\"885\" srcset=\"https:\/\/www.cosmepak.com\/wp-content\/uploads\/2025\/06\/packaging.webp 1920w, https:\/\/www.cosmepak.com\/wp-content\/uploads\/2025\/06\/packaging-300x138.webp 300w, https:\/\/www.cosmepak.com\/wp-content\/uploads\/2025\/06\/packaging-1024x472.webp 1024w, https:\/\/www.cosmepak.com\/wp-content\/uploads\/2025\/06\/packaging-768x354.webp 768w, https:\/\/www.cosmepak.com\/wp-content\/uploads\/2025\/06\/packaging-1536x708.webp 1536w, https:\/\/www.cosmepak.com\/wp-content\/uploads\/2025\/06\/packaging-18x8.webp 18w, https:\/\/www.cosmepak.com\/wp-content\/uploads\/2025\/06\/packaging-600x277.webp 600w\" sizes=\"(max-width: 1920px) 100vw, 1920px\" \/><\/p>\n<p>&nbsp;<\/p>","protected":false},"excerpt":{"rendered":"<p>Capacidade: 250ml e 450ml<\/p>\n<p>Material : PETG<\/p>\n<p>Cor: cor personalizada da inje\u00e7\u00e3o<\/p>\n<p>Personaliza\u00e7\u00e3o do processo: Impress\u00e3o de tela de seda, selo quente, rotulagem, congela\u00e7\u00e3o, eletroplatagem, cor, etc.<\/p>\n<p>MOQ: 3000pcs\/ custom 10000pcs<\/p>","protected":false},"featured_media":3051,"comment_status":"closed","ping_status":"closed","template":"","meta":{"_acf_changed":false},"product_brand":[],"product_cat":[47,18],"product_tag":[],"class_list":{"0":"post-1287","1":"product","2":"type-product","3":"status-publish","4":"has-post-thumbnail","6":"product_cat-lotion-bottle","7":"product_cat-plastic-bottle","9":"first","10":"outofstock","11":"shipping-taxable","12":"product-type-simple"},"acf":[],"_links":{"self":[{"href":"https:\/\/www.cosmepak.com\/pt\/wp-json\/wp\/v2\/product\/1287","targetHints":{"allow":["GET"]}}],"collection":[{"href":"https:\/\/www.cosmepak.com\/pt\/wp-json\/wp\/v2\/product"}],"about":[{"href":"https:\/\/www.cosmepak.com\/pt\/wp-json\/wp\/v2\/types\/product"}],"replies":[{"embeddable":true,"href":"https:\/\/www.cosmepak.com\/pt\/wp-json\/wp\/v2\/comments?post=1287"}],"wp:featuredmedia":[{"embeddable":true,"href":"https:\/\/www.cosmepak.com\/pt\/wp-json\/wp\/v2\/media\/3051"}],"wp:attachment":[{"href":"https:\/\/www.cosmepak.com\/pt\/wp-json\/wp\/v2\/media?parent=1287"}],"wp:term":[{"taxonomy":"product_brand","embeddable":true,"href":"https:\/\/www.cosmepak.com\/pt\/wp-json\/wp\/v2\/product_brand?post=1287"},{"taxonomy":"product_cat","embeddable":true,"href":"https:\/\/www.cosmepak.com\/pt\/wp-json\/wp\/v2\/product_cat?post=1287"},{"taxonomy":"product_tag","embeddable":true,"href":"https:\/\/www.cosmepak.com\/pt\/wp-json\/wp\/v2\/product_tag?post=1287"}],"curies":[{"name":"wp","href":"https:\/\/api.w.org\/{rel}","templated":true}]}}