{"id":132,"date":"2024-12-31T09:52:54","date_gmt":"2024-12-31T01:52:54","guid":{"rendered":"http:\/\/www.cosmepak.com\/?post_type=product&#038;p=132"},"modified":"2025-09-10T13:07:52","modified_gmt":"2025-09-10T05:07:52","slug":"glass-bottle","status":"publish","type":"product","link":"https:\/\/www.cosmepak.com\/pt\/product\/glass-bottle\/","title":{"rendered":"Garrafa de vidro"},"content":{"rendered":"<table style=\"border-collapse: collapse; width: 100.146%; height: 216px;\">\n<tbody>\n<tr style=\"height: 24px;\">\n<td style=\"width: 35.4401%; height: 216px;\" rowspan=\"9\"><img fetchpriority=\"high\" decoding=\"async\" class=\"alignnone size-full wp-image-2724\" src=\"https:\/\/www.cosmepak.com\/wp-content\/uploads\/2025\/07\/\u8be6\u60c5-9.jpg\" alt=\"\" width=\"1000\" height=\"1000\" srcset=\"https:\/\/www.cosmepak.com\/wp-content\/uploads\/2025\/07\/\u8be6\u60c5-9.jpg 1000w, https:\/\/www.cosmepak.com\/wp-content\/uploads\/2025\/07\/\u8be6\u60c5-9-300x300.jpg 300w, https:\/\/www.cosmepak.com\/wp-content\/uploads\/2025\/07\/\u8be6\u60c5-9-150x150.jpg 150w, https:\/\/www.cosmepak.com\/wp-content\/uploads\/2025\/07\/\u8be6\u60c5-9-768x768.jpg 768w, https:\/\/www.cosmepak.com\/wp-content\/uploads\/2025\/07\/\u8be6\u60c5-9-12x12.jpg 12w, https:\/\/www.cosmepak.com\/wp-content\/uploads\/2025\/07\/\u8be6\u60c5-9-600x600.jpg 600w, https:\/\/www.cosmepak.com\/wp-content\/uploads\/2025\/07\/\u8be6\u60c5-9-100x100.jpg 100w\" sizes=\"(max-width: 1000px) 100vw, 1000px\" \/><\/td>\n<td style=\"width: 28.3233%; height: 24px; text-align: center;\">Nome do produto<\/td>\n<td style=\"width: 66.401%; height: 24px; text-align: center;\">Garrafa de vidro<\/td>\n<\/tr>\n<tr style=\"height: 24px;\">\n<td style=\"width: 28.3233%; height: 24px; text-align: center;\">Material<\/td>\n<td style=\"width: 66.401%; height: 24px; text-align: center;\">Vidro<\/td>\n<\/tr>\n<tr style=\"height: 24px;\">\n<td style=\"width: 28.3233%; height: 24px; text-align: center;\">Cor<\/td>\n<td style=\"width: 66.401%; height: 24px; text-align: center;\">Personalizado<\/td>\n<\/tr>\n<tr style=\"height: 24px;\">\n<td style=\"width: 28.3233%; height: 24px; text-align: center;\">Tratamento de obras de arte<\/td>\n<td style=\"width: 66.401%; height: 24px; text-align: center;\">Impress\u00e3o de tela de seda\/selo quente\/revestimento~<\/td>\n<\/tr>\n<tr style=\"height: 24px;\">\n<td style=\"width: 28.3233%; height: 24px; text-align: center;\">Capacidade<\/td>\n<td style=\"width: 66.401%; height: 24px; text-align: center;\">30ml\/50ml\/100ml\/120ml\/30g\/50g<\/td>\n<\/tr>\n<tr style=\"height: 24px;\">\n<td style=\"width: 28.3233%; height: 24px; text-align: center;\">MOQ<\/td>\n<td style=\"width: 66.401%; height: 24px; text-align: center;\">5000<\/td>\n<\/tr>\n<tr style=\"height: 24px;\">\n<td style=\"width: 28.3233%; height: 24px; text-align: center;\">Tempo de espera<\/td>\n<td style=\"width: 66.401%; height: 24px; text-align: center;\">45 dias ap\u00f3s o recebimento do dep\u00f3sito<\/td>\n<\/tr>\n<tr style=\"height: 24px;\">\n<td style=\"width: 28.3233%; height: 24px; text-align: center;\">Pagamento<\/td>\n<td style=\"width: 66.401%; height: 24px; text-align: center;\">Dep\u00f3sito de 50%, saldo de 50% pago antes de carregar<\/td>\n<\/tr>\n<tr style=\"height: 24px;\">\n<td style=\"width: 28.3233%; height: 24px; text-align: center;\">Embalagem<\/td>\n<td style=\"width: 66.401%; height: 24px; text-align: center;\">Caixa de papel kraft e palete de madeira<\/td>\n<\/tr>\n<\/tbody>\n<\/table>\n<p>Este conjunto de garrafas de vidro \u00e9 perfeito para dispensar v\u00e1rios produtos de carne de pele, incluindo lot\u00f5es, cremas, s\u00e9reos e toneres. Fazido de vidro de alta qualidade, essas garrafas oferecem uma sensa\u00e7\u00e3o prim\u00e1ria e s\u00e3o ideales para uma por\u00e7\u00e3o precisa. Se voc\u00ea est\u00e1 produzindo lot\u00f5es, cremas, s\u00e9reos ou toneres, essas garrafas asseguram embalagens f\u00e1ceis e eficientes.<\/p>\n<p><img decoding=\"async\" class=\"size-full wp-image-2715 aligncenter\" src=\"https:\/\/www.cosmepak.com\/wp-content\/uploads\/2025\/07\/\u8be6\u60c5-12.jpg\" alt=\"\" width=\"800\" height=\"663\" srcset=\"https:\/\/www.cosmepak.com\/wp-content\/uploads\/2025\/07\/\u8be6\u60c5-12.jpg 800w, https:\/\/www.cosmepak.com\/wp-content\/uploads\/2025\/07\/\u8be6\u60c5-12-300x249.jpg 300w, https:\/\/www.cosmepak.com\/wp-content\/uploads\/2025\/07\/\u8be6\u60c5-12-768x636.jpg 768w, https:\/\/www.cosmepak.com\/wp-content\/uploads\/2025\/07\/\u8be6\u60c5-12-14x12.jpg 14w, https:\/\/www.cosmepak.com\/wp-content\/uploads\/2025\/07\/\u8be6\u60c5-12-600x497.jpg 600w\" sizes=\"(max-width: 800px) 100vw, 800px\" \/> <img decoding=\"async\" class=\"size-full wp-image-2716 aligncenter\" src=\"https:\/\/www.cosmepak.com\/wp-content\/uploads\/2025\/07\/\u8be6\u60c5-13.jpg\" alt=\"\" width=\"800\" height=\"785\" srcset=\"https:\/\/www.cosmepak.com\/wp-content\/uploads\/2025\/07\/\u8be6\u60c5-13.jpg 800w, https:\/\/www.cosmepak.com\/wp-content\/uploads\/2025\/07\/\u8be6\u60c5-13-300x294.jpg 300w, https:\/\/www.cosmepak.com\/wp-content\/uploads\/2025\/07\/\u8be6\u60c5-13-768x754.jpg 768w, https:\/\/www.cosmepak.com\/wp-content\/uploads\/2025\/07\/\u8be6\u60c5-13-12x12.jpg 12w, https:\/\/www.cosmepak.com\/wp-content\/uploads\/2025\/07\/\u8be6\u60c5-13-600x589.jpg 600w\" sizes=\"(max-width: 800px) 100vw, 800px\" \/> <img loading=\"lazy\" decoding=\"async\" class=\"size-full wp-image-2714 aligncenter\" src=\"https:\/\/www.cosmepak.com\/wp-content\/uploads\/2025\/07\/\u8be6\u60c5-11.jpg\" alt=\"\" width=\"1000\" height=\"479\" srcset=\"https:\/\/www.cosmepak.com\/wp-content\/uploads\/2025\/07\/\u8be6\u60c5-11.jpg 1000w, https:\/\/www.cosmepak.com\/wp-content\/uploads\/2025\/07\/\u8be6\u60c5-11-300x144.jpg 300w, https:\/\/www.cosmepak.com\/wp-content\/uploads\/2025\/07\/\u8be6\u60c5-11-768x368.jpg 768w, https:\/\/www.cosmepak.com\/wp-content\/uploads\/2025\/07\/\u8be6\u60c5-11-18x9.jpg 18w, https:\/\/www.cosmepak.com\/wp-content\/uploads\/2025\/07\/\u8be6\u60c5-11-600x287.jpg 600w\" sizes=\"(max-width: 1000px) 100vw, 1000px\" \/><\/p>\n<table style=\"border-collapse: collapse; width: 100%; height: 96px;\">\n<tbody>\n<tr style=\"height: 24px;\">\n<td style=\"width: 25%; height: 24px; text-align: center;\"><strong>Item<\/strong><\/td>\n<td style=\"width: 25%; height: 24px; text-align: center;\"><strong>Diam\u00e1tico inferior<\/strong><\/td>\n<td style=\"width: 25%; height: 24px; text-align: center;\"><strong>\u00a0Altura<\/strong><\/td>\n<\/tr>\n<tr style=\"height: 24px;\">\n<td style=\"width: 25%; height: 24px; text-align: center;\">jarra de 30g<\/td>\n<td style=\"width: 25%; height: 24px; text-align: center;\">50mm<\/td>\n<td style=\"width: 25%; height: 24px; text-align: center;\">43 mm<\/td>\n<\/tr>\n<tr style=\"height: 24px;\">\n<td style=\"width: 25%; height: 24px; text-align: center;\">Via de 50g<\/td>\n<td style=\"width: 25%; height: 24px; text-align: center;\">75mm<\/td>\n<td style=\"width: 25%; height: 24px; text-align: center;\">50mm<\/td>\n<\/tr>\n<tr style=\"height: 24px;\">\n<td style=\"width: 25%; height: 24px; text-align: center;\">Flasco de 30 ml<\/td>\n<td style=\"width: 25%; height: 24px; text-align: center;\">29mm<\/td>\n<td style=\"width: 25%; height: 24px; text-align: center;\">110 mm<\/td>\n<\/tr>\n<tr>\n<td style=\"width: 25%; text-align: center;\">Flasco de 50 ml<\/td>\n<td style=\"width: 25%; text-align: center;\">29mm<\/td>\n<td style=\"width: 25%; text-align: center;\">140 mm<\/td>\n<\/tr>\n<tr>\n<td style=\"width: 25%; text-align: center;\">Flasco de 100 ml<\/td>\n<td style=\"width: 25%; text-align: center;\">33mm<\/td>\n<td style=\"width: 25%; text-align: center;\">162 mm<\/td>\n<\/tr>\n<tr>\n<td style=\"width: 25%; text-align: center;\">Flasco de 120ml<\/td>\n<td style=\"width: 25%; text-align: center;\">35 mm<\/td>\n<td style=\"width: 25%; text-align: center;\">170 mm<\/td>\n<\/tr>\n<\/tbody>\n<\/table>\n<p><img loading=\"lazy\" decoding=\"async\" class=\"wp-image-2720 aligncenter\" src=\"https:\/\/www.cosmepak.com\/wp-content\/uploads\/2025\/07\/\u4e3b\u56fe-3-1.jpg\" alt=\"\" width=\"1434\" height=\"1434\" srcset=\"https:\/\/www.cosmepak.com\/wp-content\/uploads\/2025\/07\/\u4e3b\u56fe-3-1.jpg 1000w, https:\/\/www.cosmepak.com\/wp-content\/uploads\/2025\/07\/\u4e3b\u56fe-3-1-300x300.jpg 300w, https:\/\/www.cosmepak.com\/wp-content\/uploads\/2025\/07\/\u4e3b\u56fe-3-1-150x150.jpg 150w, https:\/\/www.cosmepak.com\/wp-content\/uploads\/2025\/07\/\u4e3b\u56fe-3-1-768x768.jpg 768w, https:\/\/www.cosmepak.com\/wp-content\/uploads\/2025\/07\/\u4e3b\u56fe-3-1-12x12.jpg 12w, https:\/\/www.cosmepak.com\/wp-content\/uploads\/2025\/07\/\u4e3b\u56fe-3-1-600x600.jpg 600w, https:\/\/www.cosmepak.com\/wp-content\/uploads\/2025\/07\/\u4e3b\u56fe-3-1-100x100.jpg 100w\" sizes=\"(max-width: 1434px) 100vw, 1434px\" \/><\/p>\n<table style=\"border-collapse: collapse; width: 100%;\">\n<tbody>\n<tr>\n<td style=\"width: 25%;\"><img loading=\"lazy\" decoding=\"async\" class=\"alignnone size-full wp-image-2723\" src=\"https:\/\/www.cosmepak.com\/wp-content\/uploads\/2025\/07\/\u8be6\u60c5-19-1.jpg\" alt=\"\" width=\"1000\" height=\"1000\" srcset=\"https:\/\/www.cosmepak.com\/wp-content\/uploads\/2025\/07\/\u8be6\u60c5-19-1.jpg 1000w, https:\/\/www.cosmepak.com\/wp-content\/uploads\/2025\/07\/\u8be6\u60c5-19-1-300x300.jpg 300w, https:\/\/www.cosmepak.com\/wp-content\/uploads\/2025\/07\/\u8be6\u60c5-19-1-150x150.jpg 150w, https:\/\/www.cosmepak.com\/wp-content\/uploads\/2025\/07\/\u8be6\u60c5-19-1-768x768.jpg 768w, https:\/\/www.cosmepak.com\/wp-content\/uploads\/2025\/07\/\u8be6\u60c5-19-1-12x12.jpg 12w, https:\/\/www.cosmepak.com\/wp-content\/uploads\/2025\/07\/\u8be6\u60c5-19-1-600x600.jpg 600w, https:\/\/www.cosmepak.com\/wp-content\/uploads\/2025\/07\/\u8be6\u60c5-19-1-100x100.jpg 100w\" sizes=\"(max-width: 1000px) 100vw, 1000px\" \/><\/td>\n<td style=\"width: 25%;\"><img loading=\"lazy\" decoding=\"async\" class=\"alignnone size-full wp-image-2722\" src=\"https:\/\/www.cosmepak.com\/wp-content\/uploads\/2025\/07\/\u4e3b\u56fe-5-1.jpg\" alt=\"\" width=\"1000\" height=\"1000\" srcset=\"https:\/\/www.cosmepak.com\/wp-content\/uploads\/2025\/07\/\u4e3b\u56fe-5-1.jpg 1000w, https:\/\/www.cosmepak.com\/wp-content\/uploads\/2025\/07\/\u4e3b\u56fe-5-1-300x300.jpg 300w, https:\/\/www.cosmepak.com\/wp-content\/uploads\/2025\/07\/\u4e3b\u56fe-5-1-150x150.jpg 150w, https:\/\/www.cosmepak.com\/wp-content\/uploads\/2025\/07\/\u4e3b\u56fe-5-1-768x768.jpg 768w, https:\/\/www.cosmepak.com\/wp-content\/uploads\/2025\/07\/\u4e3b\u56fe-5-1-12x12.jpg 12w, https:\/\/www.cosmepak.com\/wp-content\/uploads\/2025\/07\/\u4e3b\u56fe-5-1-600x600.jpg 600w, https:\/\/www.cosmepak.com\/wp-content\/uploads\/2025\/07\/\u4e3b\u56fe-5-1-100x100.jpg 100w\" sizes=\"(max-width: 1000px) 100vw, 1000px\" \/><\/td>\n<td style=\"width: 25%;\"><img loading=\"lazy\" decoding=\"async\" class=\"alignnone size-full wp-image-2721\" src=\"https:\/\/www.cosmepak.com\/wp-content\/uploads\/2025\/07\/\u4e3b\u56fe-4.jpg\" alt=\"\" width=\"1000\" height=\"1000\" srcset=\"https:\/\/www.cosmepak.com\/wp-content\/uploads\/2025\/07\/\u4e3b\u56fe-4.jpg 1000w, https:\/\/www.cosmepak.com\/wp-content\/uploads\/2025\/07\/\u4e3b\u56fe-4-300x300.jpg 300w, https:\/\/www.cosmepak.com\/wp-content\/uploads\/2025\/07\/\u4e3b\u56fe-4-150x150.jpg 150w, https:\/\/www.cosmepak.com\/wp-content\/uploads\/2025\/07\/\u4e3b\u56fe-4-768x768.jpg 768w, https:\/\/www.cosmepak.com\/wp-content\/uploads\/2025\/07\/\u4e3b\u56fe-4-12x12.jpg 12w, https:\/\/www.cosmepak.com\/wp-content\/uploads\/2025\/07\/\u4e3b\u56fe-4-600x600.jpg 600w, https:\/\/www.cosmepak.com\/wp-content\/uploads\/2025\/07\/\u4e3b\u56fe-4-100x100.jpg 100w\" sizes=\"(max-width: 1000px) 100vw, 1000px\" \/><\/td>\n<td style=\"width: 25%;\"><img loading=\"lazy\" decoding=\"async\" class=\"alignnone size-full wp-image-2717\" src=\"https:\/\/www.cosmepak.com\/wp-content\/uploads\/2025\/07\/\u8be6\u60c5-16.jpg\" alt=\"\" width=\"1000\" height=\"1000\" srcset=\"https:\/\/www.cosmepak.com\/wp-content\/uploads\/2025\/07\/\u8be6\u60c5-16.jpg 1000w, https:\/\/www.cosmepak.com\/wp-content\/uploads\/2025\/07\/\u8be6\u60c5-16-300x300.jpg 300w, https:\/\/www.cosmepak.com\/wp-content\/uploads\/2025\/07\/\u8be6\u60c5-16-150x150.jpg 150w, https:\/\/www.cosmepak.com\/wp-content\/uploads\/2025\/07\/\u8be6\u60c5-16-768x768.jpg 768w, https:\/\/www.cosmepak.com\/wp-content\/uploads\/2025\/07\/\u8be6\u60c5-16-12x12.jpg 12w, https:\/\/www.cosmepak.com\/wp-content\/uploads\/2025\/07\/\u8be6\u60c5-16-600x600.jpg 600w, https:\/\/www.cosmepak.com\/wp-content\/uploads\/2025\/07\/\u8be6\u60c5-16-100x100.jpg 100w\" sizes=\"(max-width: 1000px) 100vw, 1000px\" \/><\/td>\n<\/tr>\n<\/tbody>\n<\/table>\n<p>1. Design Spiral Bottle Neck: Ofere excelente selagem e abertura f\u00e1cil.<br \/>\n2. Bottle Bottom Gordo: Reinforced for durability and uniform material distribution, providing a great visual appeal.<br \/>\n3. PP Outer Cap: Prevente vazamento e press\u00e3o acidental, com fios internos claros para screwing f\u00e1cil.<\/p>\n<p><img loading=\"lazy\" decoding=\"async\" class=\"alignnone wp-image-2725\" src=\"https:\/\/www.cosmepak.com\/wp-content\/uploads\/2025\/07\/\u8be6\u60c5-10.jpg\" alt=\"\" width=\"1385\" height=\"1385\" srcset=\"https:\/\/www.cosmepak.com\/wp-content\/uploads\/2025\/07\/\u8be6\u60c5-10.jpg 1000w, https:\/\/www.cosmepak.com\/wp-content\/uploads\/2025\/07\/\u8be6\u60c5-10-300x300.jpg 300w, https:\/\/www.cosmepak.com\/wp-content\/uploads\/2025\/07\/\u8be6\u60c5-10-150x150.jpg 150w, https:\/\/www.cosmepak.com\/wp-content\/uploads\/2025\/07\/\u8be6\u60c5-10-768x768.jpg 768w, https:\/\/www.cosmepak.com\/wp-content\/uploads\/2025\/07\/\u8be6\u60c5-10-12x12.jpg 12w, https:\/\/www.cosmepak.com\/wp-content\/uploads\/2025\/07\/\u8be6\u60c5-10-600x600.jpg 600w, https:\/\/www.cosmepak.com\/wp-content\/uploads\/2025\/07\/\u8be6\u60c5-10-100x100.jpg 100w\" sizes=\"(max-width: 1385px) 100vw, 1385px\" \/><\/p>\n<p>Design personaliz\u00e1vel: este produto permite impress\u00e3o e cores personalizadas, permitindo que as empresas criem designs exclusivos e personalizados que atendam \u00e0 identidade e \u00e0s necessidades da marca.<\/p>\n<p>Amostras gratuitas inclu\u00eddas: amostras gratuitas s\u00e3o fornecidas com todas as compras, permitindo que os clientes testem os produtos antes de fazer um pedido.<\/p>\n<p>Material de vidro de alta qualidade: feito de vidro de alta qualidade, esta garrafa garante uma apar\u00eancia premium, perfeita para marcas de luxo e produtos de cuidados com a pele sofisticados.<\/p>\n<p>Entrega r\u00e1pida: com um tempo de entrega de 45 dias, as empresas podem armazenar rapidamente garrafas de vidro personalizadas e atender \u00e0s necessidades dos clientes.<\/p>","protected":false},"excerpt":{"rendered":"<ol class=\"ai-center-markdown-ol\" start=\"1\">\n<li class=\"ai-center-markdown-li\">Ficheiro de vidro de alta qualidade para produtos de lot\u00e3o, crema, toner e pele<\/li>\n<li class=\"ai-center-markdown-li\">Premium Glass Dispenser Set para Creams, Lotions e Toners<\/li>\n<li class=\"ai-center-markdown-li\" data-spm-anchor-id=\"a2747.product_manager.0.i7.726371d2Z87E7X\">Elegante Container Glass Set para Skincare: Lotion, Cream, Toner<\/li>\n<\/ol>","protected":false},"featured_media":1283,"comment_status":"closed","ping_status":"closed","template":"","meta":{"_acf_changed":false},"product_brand":[],"product_cat":[19,46],"product_tag":[],"class_list":{"0":"post-132","1":"product","2":"type-product","3":"status-publish","4":"has-post-thumbnail","6":"product_cat-skincare-glass-bottle","7":"product_cat-skincare-product-set-package","9":"first","10":"outofstock","11":"shipping-taxable","12":"product-type-simple"},"acf":[],"_links":{"self":[{"href":"https:\/\/www.cosmepak.com\/pt\/wp-json\/wp\/v2\/product\/132","targetHints":{"allow":["GET"]}}],"collection":[{"href":"https:\/\/www.cosmepak.com\/pt\/wp-json\/wp\/v2\/product"}],"about":[{"href":"https:\/\/www.cosmepak.com\/pt\/wp-json\/wp\/v2\/types\/product"}],"replies":[{"embeddable":true,"href":"https:\/\/www.cosmepak.com\/pt\/wp-json\/wp\/v2\/comments?post=132"}],"wp:featuredmedia":[{"embeddable":true,"href":"https:\/\/www.cosmepak.com\/pt\/wp-json\/wp\/v2\/media\/1283"}],"wp:attachment":[{"href":"https:\/\/www.cosmepak.com\/pt\/wp-json\/wp\/v2\/media?parent=132"}],"wp:term":[{"taxonomy":"product_brand","embeddable":true,"href":"https:\/\/www.cosmepak.com\/pt\/wp-json\/wp\/v2\/product_brand?post=132"},{"taxonomy":"product_cat","embeddable":true,"href":"https:\/\/www.cosmepak.com\/pt\/wp-json\/wp\/v2\/product_cat?post=132"},{"taxonomy":"product_tag","embeddable":true,"href":"https:\/\/www.cosmepak.com\/pt\/wp-json\/wp\/v2\/product_tag?post=132"}],"curies":[{"name":"wp","href":"https:\/\/api.w.org\/{rel}","templated":true}]}}