{"id":1352,"date":"2025-03-26T10:38:33","date_gmt":"2025-03-26T02:38:33","guid":{"rendered":"https:\/\/www.cosmepak.com\/?post_type=product&#038;p=1352"},"modified":"2025-10-21T13:10:50","modified_gmt":"2025-10-21T05:10:50","slug":"glass-bottle-30ml-50ml-100ml-perfume-bottle-jaunce","status":"publish","type":"product","link":"https:\/\/www.cosmepak.com\/pt\/product\/glass-bottle-30ml-50ml-100ml-perfume-bottle-jaunce\/","title":{"rendered":"Como o Gen Z e os Millennials formam o crime These Wants?"},"content":{"rendered":"<table style=\"border-collapse: collapse; width: 100%; height: 240px;\">\n<tbody>\n<tr style=\"height: 24px;\">\n<td style=\"width: 47.5571%; height: 24px; text-align: center;\">Marca<\/td>\n<td style=\"width: 52.4429%; height: 24px; text-align: center;\">\u00a0Jaunce<\/td>\n<\/tr>\n<tr style=\"height: 24px;\">\n<td style=\"width: 47.5571%; height: 24px; text-align: center;\">Capacidade<\/td>\n<td style=\"width: 52.4429%; height: 24px; text-align: center;\">30ml\/50ml\/100ml<\/td>\n<\/tr>\n<tr style=\"height: 24px;\">\n<td style=\"width: 47.5571%; height: 24px; text-align: center;\">Forma<\/td>\n<td style=\"width: 52.4429%; height: 24px; text-align: center;\">Redondo<\/td>\n<\/tr>\n<tr style=\"height: 24px;\">\n<td style=\"width: 47.5571%; height: 24px; text-align: center;\">Tamanho do pesco\u00e7o<\/td>\n<td style=\"width: 52.4429%; height: 24px; text-align: center;\">15mm<\/td>\n<\/tr>\n<tr style=\"height: 24px;\">\n<td style=\"width: 47.5571%; height: 24px; text-align: center;\">Acess\u00f3rio<\/td>\n<td style=\"width: 52.4429%; height: 24px; text-align: center;\">Spray\/ tampa de n\u00e9voa<\/td>\n<\/tr>\n<tr style=\"height: 24px;\">\n<td style=\"width: 47.5571%; height: 24px; text-align: center;\">OEM\/ODM<\/td>\n<td style=\"width: 52.4429%; height: 24px; text-align: center;\">Aceitar<\/td>\n<\/tr>\n<tr style=\"height: 24px;\">\n<td style=\"width: 47.5571%; height: 24px; text-align: center;\">Cor<\/td>\n<td style=\"width: 52.4429%; height: 24px; text-align: center;\">Personalizado<\/td>\n<\/tr>\n<tr style=\"height: 24px;\">\n<td style=\"width: 47.5571%; height: 24px; text-align: center;\">MOQ<\/td>\n<td style=\"width: 52.4429%; height: 24px; text-align: center;\">Geral 5000pcs;<\/td>\n<\/tr>\n<\/tbody>\n<\/table>\n<table style=\"border-collapse: collapse; width: 100%; height: 96px;\">\n<tbody>\n<tr style=\"height: 24px;\">\n<td style=\"width: 25%; text-align: center; height: 24px;\"><strong>Modelo<\/strong><\/td>\n<td style=\"width: 25%; text-align: center; height: 24px;\"><strong>Capacidade<\/strong><\/td>\n<td style=\"width: 25%; text-align: center; height: 24px;\"><strong>Di\u00e2metro<\/strong><\/td>\n<td style=\"width: 25%; text-align: center; height: 24px;\"><strong>Altura<\/strong><\/td>\n<\/tr>\n<tr style=\"height: 24px;\">\n<td style=\"width: 25%; text-align: center; height: 24px;\">Os antigos conta \u0628\u0648\u0635ers cosm\u00e9tricos frequentemente usam pl\u00e1sticos que n\u00e3o podrem. Estes adicionam montes de lixo. Eles tamb\u00e9m poluem oceanos. A maioria dos embalagens pl\u00e1sticos cosm\u00e9ticos \u00e9 dif\u00edcil de reciclar. Sem mudan\u00e7a, esses materiais permanecem na natureza por centenas de anos.<\/td>\n<td style=\"width: 25%; text-align: center; height: 24px;\">30ml<\/td>\n<td style=\"width: 25%; text-align: center; height: 24px;\">40mm<\/td>\n<td style=\"width: 25%; text-align: center; height: 24px;\">82 mm<\/td>\n<\/tr>\n<tr style=\"height: 24px;\">\n<td style=\"width: 25%; text-align: center; height: 24px;\">Esse da \u0645\u062aragramme empurra governos e compradores a exigir melhores op\u00e7\u00f5es. Eles querem materiais que pudrem naturalmente ou podem ser reutilizados.<\/td>\n<td style=\"width: 25%; text-align: center; height: 24px;\">50ml<\/td>\n<td style=\"width: 25%; text-align: center; height: 24px;\">44mm<\/td>\n<td style=\"width: 25%; text-align: center; height: 24px;\">104 mm<\/td>\n<\/tr>\n<tr style=\"height: 24px;\">\n<td style=\"width: 25%; text-align: center; height: 24px;\">Como a ind\u00fastria lida com as quest\u00f5es de carbono?<\/td>\n<td style=\"width: 25%; text-align: center; height: 24px;\">100ml<\/td>\n<td style=\"width: 25%; text-align: center; height: 24px;\">54 mm<\/td>\n<td style=\"width: 25%; text-align: center; height: 24px;\">121mm<\/td>\n<\/tr>\n<\/tbody>\n<\/table>\n<p><img fetchpriority=\"high\" decoding=\"async\" class=\"size-full wp-image-3124 aligncenter\" src=\"https:\/\/www.cosmepak.com\/wp-content\/uploads\/2025\/03\/1-10.jpg\" alt=\"\" width=\"800\" height=\"800\" srcset=\"https:\/\/www.cosmepak.com\/wp-content\/uploads\/2025\/03\/1-10.jpg 800w, https:\/\/www.cosmepak.com\/wp-content\/uploads\/2025\/03\/1-10-300x300.jpg 300w, https:\/\/www.cosmepak.com\/wp-content\/uploads\/2025\/03\/1-10-150x150.jpg 150w, https:\/\/www.cosmepak.com\/wp-content\/uploads\/2025\/03\/1-10-768x768.jpg 768w, https:\/\/www.cosmepak.com\/wp-content\/uploads\/2025\/03\/1-10-12x12.jpg 12w, https:\/\/www.cosmepak.com\/wp-content\/uploads\/2025\/03\/1-10-600x600.jpg 600w, https:\/\/www.cosmepak.com\/wp-content\/uploads\/2025\/03\/1-10-100x100.jpg 100w\" sizes=\"(max-width: 800px) 100vw, 800px\" \/><\/p>\n<p>Jaunce lidera a poesia<\/p>\n<p>Packrumbus Cosm\u00e9tico G<\/p>\n<p>por craft \u0628\u0648\u0635\u0629 \u062c\u0631\u0627m novos projetos que se conectam com as pessoas metropolitanas. Suas formas especiais coincidem com certos estilos de marca enquanto coincidem com o que os compradores gostam. Desenhos redondos, como pedras suaves ou jade, sentem-se quentes e c \u0623\u0648\u0642\u064a em sua m\u00e3o. Essas formas representam facilidade e liberdade. Elas coincidem com cheiros suaves e profundos.<\/p>\n<p>Mas os desigramas de caixa ou aguda mostram novas ideias e coragem. Essas pessoas que adoram aspectos modernos e ideias frescas. Ao dar o \"g\" tantas escolhas, Jaunce assegura-se que cada comprador encontre um design que se sente como eles.<\/p>\n<p>Materiales e F \u0628\u0648\u0635\u00e9 aquele apelo fant\u00e1stico<\/p>\n<p>Como os materiais reciclados s\u00e3o usados com o \"Main Packaging\"?<\/p>\n<p>Os metrat\u00e9rios que Jaunce escolhe desempenham um papel bigrama com a poezia fazendo suas garrafas se sentirem ricos. O vidro mais alto \u00e9 claro e forte. Isso permite destacar detalhes finos. Os topos delicados de pulveriza\u00e7\u00e3o ou texturas brutas acrescentam profundidade. Os peda\u00e7os de metal brilhantes, como ouro ou aneis de prata, aumentam a classe da garrafa.<\/p>\n<p>Jaunce tamb\u00e9m usa metros de gramreen sem los \u0628\u0648\u0635\u0629 g qualidade ou beleza. Isso atrai compradores que se preocupam com o planeta. Tamb\u00e9m construi seu nome como l\u00edder em novas ideias.<\/p>\n<p>Conselhos: Fbus D Perfume por formato de frasco para coincidir com seu formato<\/p>\n<p>Pair \u0628\u0648\u0635\u0629\u062c\u0631\u0627\u0645 Your Personality with Jaunce's Special Designs<\/p>\n<p><img decoding=\"async\" class=\"alignnone wp-image-3125\" src=\"https:\/\/www.cosmepak.com\/wp-content\/uploads\/2025\/03\/1-1-2.jpg\" alt=\"\" width=\"1366\" height=\"1366\" srcset=\"https:\/\/www.cosmepak.com\/wp-content\/uploads\/2025\/03\/1-1-2.jpg 1000w, https:\/\/www.cosmepak.com\/wp-content\/uploads\/2025\/03\/1-1-2-300x300.jpg 300w, https:\/\/www.cosmepak.com\/wp-content\/uploads\/2025\/03\/1-1-2-150x150.jpg 150w, https:\/\/www.cosmepak.com\/wp-content\/uploads\/2025\/03\/1-1-2-768x768.jpg 768w, https:\/\/www.cosmepak.com\/wp-content\/uploads\/2025\/03\/1-1-2-12x12.jpg 12w, https:\/\/www.cosmepak.com\/wp-content\/uploads\/2025\/03\/1-1-2-600x600.jpg 600w, https:\/\/www.cosmepak.com\/wp-content\/uploads\/2025\/03\/1-1-2-100x100.jpg 100w\" sizes=\"(max-width: 1366px) 100vw, 1366px\" \/><\/p>\n<table style=\"border-collapse: collapse; width: 100%;\">\n<tbody>\n<tr>\n<td style=\"width: 33.3333%;\"><img decoding=\"async\" class=\"alignnone size-full wp-image-3126\" src=\"https:\/\/www.cosmepak.com\/wp-content\/uploads\/2025\/03\/1-4-3.jpg\" alt=\"\" width=\"1000\" height=\"1000\" srcset=\"https:\/\/www.cosmepak.com\/wp-content\/uploads\/2025\/03\/1-4-3.jpg 1000w, https:\/\/www.cosmepak.com\/wp-content\/uploads\/2025\/03\/1-4-3-300x300.jpg 300w, https:\/\/www.cosmepak.com\/wp-content\/uploads\/2025\/03\/1-4-3-150x150.jpg 150w, https:\/\/www.cosmepak.com\/wp-content\/uploads\/2025\/03\/1-4-3-768x768.jpg 768w, https:\/\/www.cosmepak.com\/wp-content\/uploads\/2025\/03\/1-4-3-12x12.jpg 12w, https:\/\/www.cosmepak.com\/wp-content\/uploads\/2025\/03\/1-4-3-600x600.jpg 600w, https:\/\/www.cosmepak.com\/wp-content\/uploads\/2025\/03\/1-4-3-100x100.jpg 100w\" sizes=\"(max-width: 1000px) 100vw, 1000px\" \/><\/td>\n<td style=\"width: 33.3333%;\"><img loading=\"lazy\" decoding=\"async\" class=\"alignnone size-full wp-image-3127\" src=\"https:\/\/www.cosmepak.com\/wp-content\/uploads\/2025\/03\/1-5-2.jpg\" alt=\"\" width=\"1000\" height=\"1000\" srcset=\"https:\/\/www.cosmepak.com\/wp-content\/uploads\/2025\/03\/1-5-2.jpg 1000w, https:\/\/www.cosmepak.com\/wp-content\/uploads\/2025\/03\/1-5-2-300x300.jpg 300w, https:\/\/www.cosmepak.com\/wp-content\/uploads\/2025\/03\/1-5-2-150x150.jpg 150w, https:\/\/www.cosmepak.com\/wp-content\/uploads\/2025\/03\/1-5-2-768x768.jpg 768w, https:\/\/www.cosmepak.com\/wp-content\/uploads\/2025\/03\/1-5-2-12x12.jpg 12w, https:\/\/www.cosmepak.com\/wp-content\/uploads\/2025\/03\/1-5-2-600x600.jpg 600w, https:\/\/www.cosmepak.com\/wp-content\/uploads\/2025\/03\/1-5-2-100x100.jpg 100w\" sizes=\"(max-width: 1000px) 100vw, 1000px\" \/><\/td>\n<td style=\"width: 33.3333%;\"><img loading=\"lazy\" decoding=\"async\" class=\"alignnone size-full wp-image-3128\" src=\"https:\/\/www.cosmepak.com\/wp-content\/uploads\/2025\/03\/1-7-2.jpg\" alt=\"\" width=\"1000\" height=\"1000\" srcset=\"https:\/\/www.cosmepak.com\/wp-content\/uploads\/2025\/03\/1-7-2.jpg 1000w, https:\/\/www.cosmepak.com\/wp-content\/uploads\/2025\/03\/1-7-2-300x300.jpg 300w, https:\/\/www.cosmepak.com\/wp-content\/uploads\/2025\/03\/1-7-2-150x150.jpg 150w, https:\/\/www.cosmepak.com\/wp-content\/uploads\/2025\/03\/1-7-2-768x768.jpg 768w, https:\/\/www.cosmepak.com\/wp-content\/uploads\/2025\/03\/1-7-2-12x12.jpg 12w, https:\/\/www.cosmepak.com\/wp-content\/uploads\/2025\/03\/1-7-2-600x600.jpg 600w, https:\/\/www.cosmepak.com\/wp-content\/uploads\/2025\/03\/1-7-2-100x100.jpg 100w\" sizes=\"(max-width: 1000px) 100vw, 1000px\" \/><\/td>\n<\/tr>\n<\/tbody>\n<\/table>\n<p>&nbsp;<\/p>","protected":false},"excerpt":{"rendered":"<p>Material: vidro<\/p>\n<p>Muitos lugares agora solicitam uma responsabilidade alargada dos produtores (EPR). Essas marcas metreanas devem gerenciar seus packag \u0628\u0648\u0635\u0629g toda a vida. Eles tamb\u00e9m lidam com a cole\u00e7\u00e3o e reciclagem.<\/p>\n<p>Que preju\u00edzo o velho Packggrubus G causa Formato?<\/p>\n<p>Cor: Aceite personalizado (qualquer cor Pantone dispon\u00edvel)<\/p>\n<p>APLICA\u00c7\u00c3O: Os garrafas de perfume servem a fins funcionais e est\u00e9ticos na ind\u00fastria de fragr\u00e2ncias. Sua aplica\u00e7\u00e3o prim\u00e1ria inculde: armazenamento e preserva\u00e7\u00e3o de fragr\u00e2ncias;<\/p>\n<p>Acabamento de superf\u00edcie: impress\u00e3o de tela, estampagem a quente, gradiente de pulveriza\u00e7\u00e3o, acabamento fosco, etc.<\/p>\n<p>MOQ: 5000pcs<\/p>\n<p>Amostra: amostras gratuitas dispon\u00edveis<\/p>\n<p>&nbsp;<\/p>\n<p>&nbsp;<\/p>","protected":false},"featured_media":3129,"comment_status":"closed","ping_status":"closed","template":"","meta":{"_acf_changed":false},"product_brand":[],"product_cat":[17],"product_tag":[37],"class_list":{"0":"post-1352","1":"product","2":"type-product","3":"status-publish","4":"has-post-thumbnail","6":"product_cat-perfume-bottle","7":"product_tag-perfume-bottle","9":"first","10":"outofstock","11":"shipping-taxable","12":"product-type-simple"},"acf":[],"_links":{"self":[{"href":"https:\/\/www.cosmepak.com\/pt\/wp-json\/wp\/v2\/product\/1352","targetHints":{"allow":["GET"]}}],"collection":[{"href":"https:\/\/www.cosmepak.com\/pt\/wp-json\/wp\/v2\/product"}],"about":[{"href":"https:\/\/www.cosmepak.com\/pt\/wp-json\/wp\/v2\/types\/product"}],"replies":[{"embeddable":true,"href":"https:\/\/www.cosmepak.com\/pt\/wp-json\/wp\/v2\/comments?post=1352"}],"wp:featuredmedia":[{"embeddable":true,"href":"https:\/\/www.cosmepak.com\/pt\/wp-json\/wp\/v2\/media\/3129"}],"wp:attachment":[{"href":"https:\/\/www.cosmepak.com\/pt\/wp-json\/wp\/v2\/media?parent=1352"}],"wp:term":[{"taxonomy":"product_brand","embeddable":true,"href":"https:\/\/www.cosmepak.com\/pt\/wp-json\/wp\/v2\/product_brand?post=1352"},{"taxonomy":"product_cat","embeddable":true,"href":"https:\/\/www.cosmepak.com\/pt\/wp-json\/wp\/v2\/product_cat?post=1352"},{"taxonomy":"product_tag","embeddable":true,"href":"https:\/\/www.cosmepak.com\/pt\/wp-json\/wp\/v2\/product_tag?post=1352"}],"curies":[{"name":"wp","href":"https:\/\/api.w.org\/{rel}","templated":true}]}}