{"id":136,"date":"2024-12-31T10:51:24","date_gmt":"2024-12-31T02:51:24","guid":{"rendered":"http:\/\/www.cosmepak.com\/?post_type=product&#038;p=136"},"modified":"2025-09-29T13:13:11","modified_gmt":"2025-09-29T05:13:11","slug":"cream-jar","status":"publish","type":"product","link":"https:\/\/www.cosmepak.com\/pt\/product\/cream-jar\/","title":{"rendered":"Jarra creme"},"content":{"rendered":"<table style=\"border-collapse: collapse; width: 100%; height: 96px;\">\n<tbody>\n<tr style=\"height: 24px;\">\n<td style=\"width: 17.689%; text-align: center; height: 24px;\" rowspan=\"4\"><img fetchpriority=\"high\" decoding=\"async\" class=\"alignnone size-full wp-image-3009\" src=\"https:\/\/www.cosmepak.com\/wp-content\/uploads\/2024\/12\/\u4e3b\u56fe-7.jpg\" alt=\"\" width=\"1000\" height=\"1000\" srcset=\"https:\/\/www.cosmepak.com\/wp-content\/uploads\/2024\/12\/\u4e3b\u56fe-7.jpg 1000w, https:\/\/www.cosmepak.com\/wp-content\/uploads\/2024\/12\/\u4e3b\u56fe-7-300x300.jpg 300w, https:\/\/www.cosmepak.com\/wp-content\/uploads\/2024\/12\/\u4e3b\u56fe-7-150x150.jpg 150w, https:\/\/www.cosmepak.com\/wp-content\/uploads\/2024\/12\/\u4e3b\u56fe-7-768x768.jpg 768w, https:\/\/www.cosmepak.com\/wp-content\/uploads\/2024\/12\/\u4e3b\u56fe-7-12x12.jpg 12w, https:\/\/www.cosmepak.com\/wp-content\/uploads\/2024\/12\/\u4e3b\u56fe-7-600x600.jpg 600w, https:\/\/www.cosmepak.com\/wp-content\/uploads\/2024\/12\/\u4e3b\u56fe-7-100x100.jpg 100w\" sizes=\"(max-width: 1000px) 100vw, 1000px\" \/><strong><br \/>\n<\/strong><\/td>\n<td style=\"width: 20.5801%; text-align: center; height: 24px;\"><strong>Capacidade<\/strong><\/td>\n<td style=\"width: 18.8473%; text-align: center; height: 24px;\"><strong>Di\u00e2metro<\/strong><\/td>\n<td style=\"width: 22.8502%; text-align: center; height: 24px;\"><strong>Tamanho do pesco\u00e7o<\/strong><\/td>\n<td style=\"width: 20.0334%; text-align: center; height: 24px;\"><strong>Altura da garrafa<\/strong><\/td>\n<\/tr>\n<tr style=\"height: 24px;\">\n<td style=\"width: 20.5801%; text-align: center; height: 24px;\">80ml<\/td>\n<td style=\"width: 18.8473%; text-align: center; height: 24px;\">60mm<\/td>\n<td style=\"width: 22.8502%; text-align: center; height: 24px;\">56mm<\/td>\n<td style=\"width: 20.0334%; text-align: center; height: 24px;\">46mm<\/td>\n<\/tr>\n<tr style=\"height: 24px;\">\n<td style=\"width: 20.5801%; text-align: center; height: 24px;\">100ml<\/td>\n<td style=\"width: 18.8473%; text-align: center; height: 24px;\">60mm<\/td>\n<td style=\"width: 22.8502%; text-align: center; height: 24px;\">56mm<\/td>\n<td style=\"width: 20.0334%; text-align: center; height: 24px;\">57.6mm<\/td>\n<\/tr>\n<tr style=\"height: 24px;\">\n<td style=\"width: 20.5801%; text-align: center; height: 24px;\">120ml<\/td>\n<td style=\"width: 18.8473%; text-align: center; height: 24px;\">60mm<\/td>\n<td style=\"width: 22.8502%; text-align: center; height: 24px;\">56mm<\/td>\n<td style=\"width: 20.0334%; text-align: center; height: 24px;\">68mm<\/td>\n<\/tr>\n<\/tbody>\n<\/table>\n<p><img decoding=\"async\" class=\"size-full wp-image-3010 aligncenter\" src=\"https:\/\/www.cosmepak.com\/wp-content\/uploads\/2024\/12\/\u8be6\u60c5-5.jpg\" alt=\"\" width=\"1000\" height=\"1000\" srcset=\"https:\/\/www.cosmepak.com\/wp-content\/uploads\/2024\/12\/\u8be6\u60c5-5.jpg 1000w, https:\/\/www.cosmepak.com\/wp-content\/uploads\/2024\/12\/\u8be6\u60c5-5-300x300.jpg 300w, https:\/\/www.cosmepak.com\/wp-content\/uploads\/2024\/12\/\u8be6\u60c5-5-150x150.jpg 150w, https:\/\/www.cosmepak.com\/wp-content\/uploads\/2024\/12\/\u8be6\u60c5-5-768x768.jpg 768w, https:\/\/www.cosmepak.com\/wp-content\/uploads\/2024\/12\/\u8be6\u60c5-5-12x12.jpg 12w, https:\/\/www.cosmepak.com\/wp-content\/uploads\/2024\/12\/\u8be6\u60c5-5-600x600.jpg 600w, https:\/\/www.cosmepak.com\/wp-content\/uploads\/2024\/12\/\u8be6\u60c5-5-100x100.jpg 100w\" sizes=\"(max-width: 1000px) 100vw, 1000px\" \/><\/p>\n<div class=\"ace-line\" dir=\"auto\" data-node=\"true\"><span data-string=\"true\" data-enter=\"true\" data-leaf=\"true\">Nossos vasos de creme pl\u00e1stico n\u00e3o s\u00f3 satisfazem necessidades diversas com especifica\u00e7\u00f5es precisas, mas tamb\u00e9m se destacam como o parceiro ideal de embalagem para seus produtos, \u00e9 que tem uma filosofia ambiental excelente, servi\u00e7os flex\u00edveis de personaliza\u00e7\u00e3o e uma ampla gama de cen\u00e1rios de aplica\u00e7\u00e3o. \u200b<\/span><\/div>\n<div class=\"ace-line heading-h2\" dir=\"auto\" data-node=\"true\"><span data-leaf=\"true\"><span class=\"lb\">1. Tamanhos m\u00faltiplos dispon\u00edveis para atender \u00e0s diferentes necessidades de produtos<\/span><\/span><span data-string=\"true\" data-enter=\"true\" data-leaf=\"true\">\"<\/span><\/div>\n<div class=\"ace-line\" dir=\"auto\" data-node=\"true\"><span data-string=\"true\" data-enter=\"true\" data-leaf=\"true\">Consideramos plenamente os requisitos de design de capacidade de diferentes produtos de creme e introduzimos cuidadosamente tr\u00eas especifica\u00e7\u00f5es principais: 80ml, 100ml e 120ml. Que seja \u00e9 a creme de ess\u00eancia facial port\u00e1til de pequena capacidade, a lavagem de corpo dom\u00e9stico de grande capacidade, ou a m\u00e1scara de cuidado de cabelo de tamanho normal, voc\u00ea pode encontrar a solu\u00e7\u00e3o de embalagem perfeita que se adequa perfeitamente \u00e0 capacidade, sem ter que comprometer a compatibilidade da capacidade. \u200b<\/span><\/div>\n<div class=\"ace-line heading-h2\" dir=\"auto\" data-node=\"true\"><span data-leaf=\"true\"><span class=\"lb\">2. Apoiado por Materiales Amigos do Ambiente, Pratizando o Conceito de Embalagem Sosten\u00edvel<\/span><\/span><span data-string=\"true\" data-enter=\"true\" data-leaf=\"true\">\"<\/span><\/div>\n<div class=\"ace-line\" dir=\"auto\" data-node=\"true\"><span data-leaf=\"true\"><span class=\"lb\">Numa era em que a consci\u00eancia ambiental \u00e9 cada vez mais refor\u00e7ada, sempre consideramos o desenvolvimento sustent\u00e1vel como o princ\u00edpio fundamental da pesquisa e desenvolvimento de produtos. Este vaso de creme pl\u00e1stico \u00e9 feito de <\/span><\/span><span data-leaf=\"true\"><span class=\"lb\">materiais ecol\u00f3gicos de alta qualidade<\/span><\/span><span data-leaf=\"true\"><span class=\"lb\">N\u00e3o s\u00f3 tem excelente desempenho de selagem e durabilidade, protegendo eficazmente os ingredientes do produto da contamina\u00e7\u00e3o externa, mas tamb\u00e9m reduz o peso sobre o ambiente da fonte. Escolhar nossos vasos de creme n\u00e3o s\u00f3 d\u00e1 aos seus produtos um &#8220; atributo verde&#8221; mas tamb\u00e9m transmite a marca a responsabilidade social para os consumidores, ajudando a marca a estabelecer uma boa imagem na onda de prote\u00e7\u00e3o ambiental.<\/span><\/span><span data-string=\"true\" data-enter=\"true\" data-leaf=\"true\">\"<\/span><\/div>\n<div class=\"ace-line heading-h2\" dir=\"auto\" data-node=\"true\"><span data-leaf=\"true\"><span class=\"lb\">3. Servi\u00e7os flex\u00edveis de personaliza\u00e7\u00e3o para criar identidade exclusiva de marca<\/span><\/span><span data-string=\"true\" data-enter=\"true\" data-leaf=\"true\">\"<\/span><\/div>\n<div class=\"ace-line\" dir=\"auto\" data-node=\"true\"><span data-leaf=\"true\"><span class=\"lb\">N\u00f3s compreendemos profundamente que embalagens s\u00e3o uma importante portadora de imagem de marca. Portanto, oferecemos servi\u00e7os de personaliza\u00e7\u00e3o abrangentes para ajudar a criar embalagens de produtos \u00fanicos.<\/span><\/span><span data-string=\"true\" data-enter=\"true\" data-leaf=\"true\">\"<\/span><\/div>\n<div class=\"ace-line list-div\" dir=\"auto\" data-node=\"true\">\n<ul class=\"list-bullet1 r-list r-list-bullet\">\n<li><span data-string=\"true\" data-enter=\"true\" data-leaf=\"true\">Customiza\u00e7\u00e3o das cores: Oferecemos uma ampla gama de op\u00e7\u00f5es de cores. Customiza\u00e7\u00e3o das cores: Oferecemos uma ampla gama de op\u00e7\u00f5es de cores. Que seja \u00e9 uma cor cl\u00e1ssica que se alinha com a marca&#8217; o principal esquema de cores ou uma cor tend\u00eancia que segue a s \u00faltimas tend\u00eancias, podemos precisamente misturar e concordar para fazer o vaso de creme uma extens\u00e3o da marca&#8217; a identidade visual, atraindo rapidamente a aten\u00e7\u00e3o dos consumidores nas prateleiras. \u200b<\/span><\/li>\n<\/ul>\n<\/div>\n<div class=\"ace-line list-div\" dir=\"auto\" data-node=\"true\">\n<ul class=\"list-bullet1 r-list r-list-bullet\">\n<li><span data-leaf=\"true\"><span class=\"lb\">Personaliza\u00e7\u00e3o de artesanato<\/span><\/span><span data-leaf=\"true\"><span class=\"lb\">: Diversas t\u00e9cnicas de processamento s\u00e3o apoiadas, como impress\u00e3o de tela cortada, selo de ouro, selo de prata e impress\u00e3o UV. <\/span><\/span><span data-string=\"true\" data-enter=\"true\" data-leaf=\"true\">\"<\/span><\/li>\n<\/ul>\n<\/div>\n<div class=\"ace-line heading-h2\" dir=\"auto\" data-node=\"true\"><span data-leaf=\"true\"><span class=\"lb\">4. Escen\u00e1rios de aplica\u00e7\u00e3o amplos, Desbloqueando Possibilidades Diversas de Produtos<\/span><\/span><span data-string=\"true\" data-enter=\"true\" data-leaf=\"true\">\"<\/span><\/div>\n<div class=\"ace-line list-div\" dir=\"auto\" data-node=\"true\">\n<p><span data-string=\"true\" data-enter=\"true\" data-leaf=\"true\">Este vaso de creme pl\u00e1stico tem excelente selagem e compatibilidade, e pode ser amplamente aplicado a v\u00e1rios produtos de base de creme, proporcionando mais possibilidades para seu desenvolvimento e expans\u00e3o de produtos. \u200b<br \/>\nProdutos de cuidado facial: como creme umidora, creme anti-arrugado, m\u00e1scara de sono, etc., podem efetivamente bloquear o produto&#8217; a umidade e os ingredientes ativos, assegurando a fresca e efic\u00e1cia do produto durante o per\u00edodo de uso. \u200b<br \/>\nProdutos de cuidado de cabelo: adequados para m\u00e1scaras de cabelo, condicionadores de cabelo, etc. O design de selagem estreita pode impedir que o produto se humide e deteriore, tornando conveniente para os consumidores usar e melhorar a experi\u00eancia de uso. \u200b<br \/>\nProdutos de cuidado corporal: seja s creme corporal, creme exfoliante, ou creme \u00e0 m\u00e3o, este vaso de creme pode segur\u00e1-los perfeitamente, encontrando os consumidores&#8217; - necessidades de embalagem para produtos de cuidado corporal. \u200b<br \/>\nAo escolher nosso vaso de creme pl\u00e1stico, voc\u00ea ir\u00e1 receber n\u00e3o s\u00f3 um recipiente de embalagem de alta qualidade, mas tamb\u00e9m uma solu\u00e7\u00e3o de embalagem completa que integra prote\u00e7\u00e3o ambiental, personaliza\u00e7\u00e3o e pr\u00e1tica. Estamos empenhados em fornecer produtos e servi\u00e7os de alta qualidade para ajudar sua marca a se destacar na fierce concorr\u00eancia do mercado, alcan\u00e7ando uma situa\u00e7\u00e3o de ganho-ganho de valor comercial e responsabilidade ambiental! \u200b<\/span><\/p>\n<\/div>\n<div class=\"ace-line\" dir=\"auto\" data-node=\"true\"><\/div>\n<p data-spm-anchor-id=\"a2700.micro_cgs_home.0.i5.84e63e5fMoXgJB\"><img decoding=\"async\" class=\"size-full wp-image-3011 aligncenter\" src=\"https:\/\/www.cosmepak.com\/wp-content\/uploads\/2024\/12\/7-4.jpg\" alt=\"\" width=\"1000\" height=\"1000\" srcset=\"https:\/\/www.cosmepak.com\/wp-content\/uploads\/2024\/12\/7-4.jpg 1000w, https:\/\/www.cosmepak.com\/wp-content\/uploads\/2024\/12\/7-4-300x300.jpg 300w, https:\/\/www.cosmepak.com\/wp-content\/uploads\/2024\/12\/7-4-150x150.jpg 150w, https:\/\/www.cosmepak.com\/wp-content\/uploads\/2024\/12\/7-4-768x768.jpg 768w, https:\/\/www.cosmepak.com\/wp-content\/uploads\/2024\/12\/7-4-12x12.jpg 12w, https:\/\/www.cosmepak.com\/wp-content\/uploads\/2024\/12\/7-4-600x600.jpg 600w, https:\/\/www.cosmepak.com\/wp-content\/uploads\/2024\/12\/7-4-100x100.jpg 100w\" sizes=\"(max-width: 1000px) 100vw, 1000px\" \/><\/p>\n<p data-spm-anchor-id=\"a2700.micro_cgs_home.0.i5.84e63e5fMoXgJB\"><img loading=\"lazy\" decoding=\"async\" class=\"size-full wp-image-3008 aligncenter\" src=\"https:\/\/www.cosmepak.com\/wp-content\/uploads\/2024\/12\/6-4.jpg\" alt=\"\" width=\"1000\" height=\"1000\" srcset=\"https:\/\/www.cosmepak.com\/wp-content\/uploads\/2024\/12\/6-4.jpg 1000w, https:\/\/www.cosmepak.com\/wp-content\/uploads\/2024\/12\/6-4-300x300.jpg 300w, https:\/\/www.cosmepak.com\/wp-content\/uploads\/2024\/12\/6-4-150x150.jpg 150w, https:\/\/www.cosmepak.com\/wp-content\/uploads\/2024\/12\/6-4-768x768.jpg 768w, https:\/\/www.cosmepak.com\/wp-content\/uploads\/2024\/12\/6-4-12x12.jpg 12w, https:\/\/www.cosmepak.com\/wp-content\/uploads\/2024\/12\/6-4-600x600.jpg 600w, https:\/\/www.cosmepak.com\/wp-content\/uploads\/2024\/12\/6-4-100x100.jpg 100w\" sizes=\"(max-width: 1000px) 100vw, 1000px\" \/><\/p>\n<p style=\"text-align: center;\" data-spm-anchor-id=\"a2700.micro_cgs_home.0.i5.84e63e5fMoXgJB\"><strong>SOBRE N\u00d3S<\/strong><\/p>\n<div class=\"auto-hide-last-sibling-br paragraph-JOTKXA paragraph-element br-paragraph-space\">Hangzhou Jaunce \u00e9 um fabricante profissional e fornecedor especializado em solu\u00e7\u00f5es de embalagem de alta qualidade. Estamos profundamente empenhados em fornecer produtos de embalagem inovadores e sustent\u00e1veis, adaptados para atender \u00e0s necessidades diversas e evoluintes de nossa cliente global.<\/div>\n<div class=\"auto-hide-last-sibling-br paragraph-JOTKXA paragraph-element br-paragraph-space\">Nossa experi\u00eancia abrange um amplo espectro de ofertas de embalagens, abrangendo garrafas de vidro, recipientes de pl\u00e1stico e solu\u00e7\u00f5es de dispens\u00e3o. Estes produtos s\u00e3o amplamente utilizados em ind\u00fastrias chave como cosm\u00e9tica, cuidados pessoais e bens dom\u00e9sticos, fornecendo suporte de embalagem confi\u00e1vel e funcional para v\u00e1rias linhas de produtos.<\/div>\n<p data-spm-anchor-id=\"a2700.micro_cgs_home.0.i5.84e63e5fMoXgJB\"><img loading=\"lazy\" decoding=\"async\" class=\"size-full wp-image-2556 aligncenter\" src=\"https:\/\/www.cosmepak.com\/wp-content\/uploads\/2025\/06\/packaging.webp\" alt=\"embalagem\" width=\"1920\" height=\"885\" srcset=\"https:\/\/www.cosmepak.com\/wp-content\/uploads\/2025\/06\/packaging.webp 1920w, https:\/\/www.cosmepak.com\/wp-content\/uploads\/2025\/06\/packaging-300x138.webp 300w, https:\/\/www.cosmepak.com\/wp-content\/uploads\/2025\/06\/packaging-1024x472.webp 1024w, https:\/\/www.cosmepak.com\/wp-content\/uploads\/2025\/06\/packaging-768x354.webp 768w, https:\/\/www.cosmepak.com\/wp-content\/uploads\/2025\/06\/packaging-1536x708.webp 1536w, https:\/\/www.cosmepak.com\/wp-content\/uploads\/2025\/06\/packaging-18x8.webp 18w, https:\/\/www.cosmepak.com\/wp-content\/uploads\/2025\/06\/packaging-600x277.webp 600w\" sizes=\"(max-width: 1920px) 100vw, 1920px\" \/><\/p>\n<p data-spm-anchor-id=\"a2700.micro_cgs_home.0.i5.84e63e5fMoXgJB\">","protected":false},"excerpt":{"rendered":"<p>Nome do item: Wide Mouth Cream Jar<\/p>\n<p>Capacidade: 80ml\/100ml\/120ml<\/p>\n<p>Forma: boca larga<\/p>\n<p>Material: PET[UNK]PE[UNK]PP[UNK]PCR etc. para escolher<\/p>\n<p>Cor: Aceite a cor personalizada do corpo e do tamp\u00e3o como requisitos<\/p>\n<p>MOQ: 10000pcs<\/p>","protected":false},"featured_media":3013,"comment_status":"closed","ping_status":"closed","template":"","meta":{"_acf_changed":false},"product_brand":[],"product_cat":[52,18],"product_tag":[],"class_list":{"0":"post-136","1":"product","2":"type-product","3":"status-publish","4":"has-post-thumbnail","6":"product_cat-cream-jar-plastic-bottle","7":"product_cat-plastic-bottle","9":"first","10":"outofstock","11":"shipping-taxable","12":"product-type-simple"},"acf":[],"_links":{"self":[{"href":"https:\/\/www.cosmepak.com\/pt\/wp-json\/wp\/v2\/product\/136","targetHints":{"allow":["GET"]}}],"collection":[{"href":"https:\/\/www.cosmepak.com\/pt\/wp-json\/wp\/v2\/product"}],"about":[{"href":"https:\/\/www.cosmepak.com\/pt\/wp-json\/wp\/v2\/types\/product"}],"replies":[{"embeddable":true,"href":"https:\/\/www.cosmepak.com\/pt\/wp-json\/wp\/v2\/comments?post=136"}],"wp:featuredmedia":[{"embeddable":true,"href":"https:\/\/www.cosmepak.com\/pt\/wp-json\/wp\/v2\/media\/3013"}],"wp:attachment":[{"href":"https:\/\/www.cosmepak.com\/pt\/wp-json\/wp\/v2\/media?parent=136"}],"wp:term":[{"taxonomy":"product_brand","embeddable":true,"href":"https:\/\/www.cosmepak.com\/pt\/wp-json\/wp\/v2\/product_brand?post=136"},{"taxonomy":"product_cat","embeddable":true,"href":"https:\/\/www.cosmepak.com\/pt\/wp-json\/wp\/v2\/product_cat?post=136"},{"taxonomy":"product_tag","embeddable":true,"href":"https:\/\/www.cosmepak.com\/pt\/wp-json\/wp\/v2\/product_tag?post=136"}],"curies":[{"name":"wp","href":"https:\/\/api.w.org\/{rel}","templated":true}]}}