{"id":1380,"date":"2025-03-26T14:04:38","date_gmt":"2025-03-26T06:04:38","guid":{"rendered":"https:\/\/www.cosmepak.com\/?post_type=product&#038;p=1380"},"modified":"2026-04-22T15:42:25","modified_gmt":"2026-04-22T07:42:25","slug":"airless-bottle-30ml-50ml-100ml-and-120ml-airless-bottle-with-pump-jaunce","status":"publish","type":"product","link":"https:\/\/www.cosmepak.com\/pt\/product\/airless-bottle-30ml-50ml-100ml-and-120ml-airless-bottle-with-pump-jaunce\/","title":{"rendered":"Flasco sem ar-30ML 50ML 100ML E Flasco sem ar de 120ML com bomba\/jaunce"},"content":{"rendered":"<table style=\"border-collapse: collapse; width: 100%; height: 216px;\">\n<tbody>\n<tr style=\"height: 24px;\">\n<td style=\"width: 50.5964%; height: 24px; text-align: center;\">Marca<\/td>\n<td style=\"width: 49.4036%; height: 24px; text-align: center;\">\u00a0Jaunce<\/td>\n<\/tr>\n<tr style=\"height: 24px;\">\n<td style=\"width: 50.5964%; height: 24px; text-align: center;\">Capacidade<\/td>\n<td style=\"width: 49.4036%; height: 24px; text-align: center;\">30ml\/50ml\/100ml\/120ml<\/td>\n<\/tr>\n<tr style=\"height: 24px;\">\n<td style=\"width: 50.5964%; height: 24px; text-align: center;\">Forma<\/td>\n<td style=\"width: 49.4036%; height: 24px; text-align: center;\">Cilindro<\/td>\n<\/tr>\n<tr style=\"height: 24px;\">\n<td style=\"width: 50.5964%; height: 24px; text-align: center;\">Peso<\/td>\n<td style=\"width: 49.4036%; height: 24px; text-align: center;\">44.3g\/49.3g\/58.6g\/63.4g<\/td>\n<\/tr>\n<tr style=\"height: 24px;\">\n<td style=\"width: 50.5964%; height: 24px; text-align: center;\">Acess\u00f3rio<\/td>\n<td style=\"width: 49.4036%; height: 24px; text-align: center;\">Bombear<\/td>\n<\/tr>\n<tr style=\"height: 24px;\">\n<td style=\"width: 50.5964%; height: 24px; text-align: center;\">Modelo<\/td>\n<td style=\"width: 49.4036%; height: 24px; text-align: center;\">JH-LWA35<\/td>\n<\/tr>\n<tr style=\"height: 24px;\">\n<td style=\"width: 50.5964%; height: 24px; text-align: center;\">OEM\/ODM<\/td>\n<td style=\"width: 49.4036%; height: 24px; text-align: center;\">Aceitar<\/td>\n<\/tr>\n<tr style=\"height: 24px;\">\n<td style=\"width: 50.5964%; height: 24px; text-align: center;\">Cor<\/td>\n<td style=\"width: 49.4036%; height: 24px; text-align: center;\">Personalizado<\/td>\n<\/tr>\n<tr style=\"height: 24px;\">\n<td style=\"width: 50.5964%; height: 24px; text-align: center;\">MOQ<\/td>\n<td style=\"width: 49.4036%; height: 24px; text-align: center;\">10000pcs<\/td>\n<\/tr>\n<\/tbody>\n<\/table>\n<p><img fetchpriority=\"high\" decoding=\"async\" class=\"alignnone wp-image-3095\" src=\"https:\/\/www.cosmepak.com\/wp-content\/uploads\/2025\/03\/12894844628_624076099.jpg\" alt=\"\" width=\"1366\" height=\"1366\" srcset=\"https:\/\/www.cosmepak.com\/wp-content\/uploads\/2025\/03\/12894844628_624076099.jpg 1000w, https:\/\/www.cosmepak.com\/wp-content\/uploads\/2025\/03\/12894844628_624076099-300x300.jpg 300w, https:\/\/www.cosmepak.com\/wp-content\/uploads\/2025\/03\/12894844628_624076099-150x150.jpg 150w, https:\/\/www.cosmepak.com\/wp-content\/uploads\/2025\/03\/12894844628_624076099-768x768.jpg 768w, https:\/\/www.cosmepak.com\/wp-content\/uploads\/2025\/03\/12894844628_624076099-12x12.jpg 12w, https:\/\/www.cosmepak.com\/wp-content\/uploads\/2025\/03\/12894844628_624076099-600x600.jpg 600w, https:\/\/www.cosmepak.com\/wp-content\/uploads\/2025\/03\/12894844628_624076099-100x100.jpg 100w\" sizes=\"(max-width: 1366px) 100vw, 1366px\" \/><\/p>\n<table style=\"border-collapse: collapse; width: 100%; height: 264px;\">\n<tbody>\n<tr style=\"height: 24px;\">\n<td style=\"width: 16.6667%; text-align: center; height: 24px;\"><span style=\"font-size: 18pt;\">Capacidade<\/span><\/td>\n<td style=\"width: 16.6667%; text-align: center; height: 24px;\"><span style=\"font-size: 18pt;\">Altura total<\/span><\/td>\n<td style=\"width: 16.6667%; text-align: center; height: 24px;\"><span style=\"font-size: 18pt;\">Altura da garrafa<\/span><\/td>\n<td style=\"width: 16.6667%; text-align: center; height: 24px;\"><span style=\"font-size: 18pt;\">Altura imprim\u00edvel<\/span><\/td>\n<td style=\"width: 16.6667%; text-align: center; height: 24px;\"><span style=\"font-size: 18pt;\">Dia<\/span><\/td>\n<td style=\"width: 16.6667%; text-align: center; height: 24px;\"><span style=\"font-size: 18pt;\">Peso<\/span><\/td>\n<\/tr>\n<tr style=\"height: 24px;\">\n<td style=\"width: 16.6667%; text-align: center; height: 24px;\"><span style=\"font-size: 18pt;\">30ml<\/span><\/td>\n<td style=\"width: 16.6667%; text-align: center; height: 24px;\"><span style=\"font-size: 18pt;\">80mm<\/span><\/td>\n<td style=\"width: 16.6667%; text-align: center; height: 24px;\"><span style=\"font-size: 18pt;\">42 mm<\/span><\/td>\n<td style=\"width: 16.6667%; text-align: center; height: 24px;\"><span style=\"font-size: 18pt;\">38 mm<\/span><\/td>\n<td style=\"width: 16.6667%; text-align: center; height: 24px;\"><span style=\"font-size: 18pt;\">48mm<\/span><\/td>\n<td style=\"width: 16.6667%; text-align: center; height: 24px;\"><span style=\"font-size: 18pt;\">44.3g<\/span><\/td>\n<\/tr>\n<tr style=\"height: 24px;\">\n<td style=\"width: 16.6667%; text-align: center; height: 24px;\"><span style=\"font-size: 18pt;\">50ml<\/span><\/td>\n<td style=\"width: 16.6667%; text-align: center; height: 24px;\"><span style=\"font-size: 18pt;\">95mm<\/span><\/td>\n<td style=\"width: 16.6667%; text-align: center; height: 24px;\"><span style=\"font-size: 18pt;\">58 mm<\/span><\/td>\n<td style=\"width: 16.6667%; text-align: center; height: 24px;\"><span style=\"font-size: 18pt;\">52 mm<\/span><\/td>\n<td style=\"width: 16.6667%; text-align: center; height: 24px;\"><span style=\"font-size: 18pt;\">48mm<\/span><\/td>\n<td style=\"width: 16.6667%; text-align: center; height: 24px;\"><span style=\"font-size: 18pt;\">49.3g<\/span><\/td>\n<\/tr>\n<tr style=\"height: 24px;\">\n<td style=\"width: 16.6667%; text-align: center; height: 24px;\"><span style=\"font-size: 18pt;\">100ml<\/span><\/td>\n<td style=\"width: 16.6667%; text-align: center; height: 24px;\"><span style=\"font-size: 18pt;\">128mm<\/span><\/td>\n<td style=\"width: 16.6667%; text-align: center; height: 24px;\"><span style=\"font-size: 18pt;\">90mm<\/span><\/td>\n<td style=\"width: 16.6667%; text-align: center; height: 24px;\"><span style=\"font-size: 18pt;\">85 mm<\/span><\/td>\n<td style=\"width: 16.6667%; text-align: center; height: 24px;\"><span style=\"font-size: 18pt;\">48mm<\/span><\/td>\n<td style=\"width: 16.6667%; text-align: center; height: 24px;\"><span style=\"font-size: 18pt;\">58.6g<\/span><\/td>\n<\/tr>\n<tr style=\"height: 24px;\">\n<td style=\"width: 16.6667%; text-align: center; height: 24px;\"><span style=\"font-size: 18pt;\">120ml<\/span><\/td>\n<td style=\"width: 16.6667%; text-align: center; height: 24px;\"><span style=\"font-size: 18pt;\">142mm<\/span><\/td>\n<td style=\"width: 16.6667%; text-align: center; height: 24px;\"><span style=\"font-size: 18pt;\">105 mm<\/span><\/td>\n<td style=\"width: 16.6667%; text-align: center; height: 24px;\"><span style=\"font-size: 18pt;\">100mm<\/span><\/td>\n<td style=\"width: 16.6667%; text-align: center; height: 24px;\"><span style=\"font-size: 18pt;\">48mm<\/span><\/td>\n<td style=\"width: 16.6667%; text-align: center; height: 24px;\"><span style=\"font-size: 18pt;\">63.4g<\/span><\/td>\n<\/tr>\n<tr style=\"height: 24px;\">\n<td style=\"width: 33.3334%; text-align: center; height: 24px;\" colspan=\"2\"><span style=\"font-size: 18pt;\"><strong>Item\u00a0<\/strong><\/span><\/td>\n<td style=\"width: 33.3334%; text-align: center; height: 24px;\" colspan=\"2\"><span style=\"font-size: 18pt;\"><strong>Quantidade<\/strong><\/span><\/td>\n<td style=\"width: 33.3334%; text-align: center; height: 24px;\" colspan=\"2\"><span style=\"font-size: 18pt;\"><strong>Tamanho do pacote<\/strong><\/span><\/td>\n<\/tr>\n<tr style=\"height: 24px;\">\n<td style=\"width: 33.3334%; text-align: center; height: 24px;\" colspan=\"2\"><span style=\"font-size: 18pt;\">30ml<\/span><\/td>\n<td style=\"width: 33.3334%; text-align: center; height: 24px;\" colspan=\"2\"><span style=\"font-size: 18pt;\">693pcs<\/span><\/td>\n<td style=\"width: 33.3334%; text-align: center; height: 24px;\" colspan=\"2\"><span style=\"font-size: 18pt;\">48*38.5*41<\/span><\/td>\n<\/tr>\n<tr style=\"height: 24px;\">\n<td style=\"width: 33.3334%; text-align: center; height: 24px;\" colspan=\"2\"><span style=\"font-size: 18pt;\">50ml<\/span><\/td>\n<td style=\"width: 33.3334%; text-align: center; height: 24px;\" colspan=\"2\"><span style=\"font-size: 18pt;\">518pcs<\/span><\/td>\n<td style=\"width: 33.3334%; text-align: center; height: 24px;\" colspan=\"2\"><span style=\"font-size: 18pt;\">48*38.5*41<\/span><\/td>\n<\/tr>\n<tr style=\"height: 24px;\">\n<td style=\"width: 33.3334%; text-align: center; height: 24px;\" colspan=\"2\"><span style=\"font-size: 18pt;\">100ml<\/span><\/td>\n<td style=\"width: 33.3334%; text-align: center; height: 24px;\" colspan=\"2\"><span style=\"font-size: 18pt;\">308pcs<\/span><\/td>\n<td style=\"width: 33.3334%; text-align: center; height: 24px;\" colspan=\"2\"><span style=\"font-size: 18pt;\">48*37*41<\/span><\/td>\n<\/tr>\n<tr style=\"height: 24px;\">\n<td style=\"width: 33.3334%; text-align: center; height: 24px;\" colspan=\"2\"><span style=\"font-size: 18pt;\">120ml<\/span><\/td>\n<td style=\"width: 33.3334%; text-align: center; height: 24px;\" colspan=\"2\"><span style=\"font-size: 18pt;\">260pcs<\/span><\/td>\n<td style=\"width: 33.3334%; text-align: center; height: 24px;\" colspan=\"2\"><span style=\"font-size: 18pt;\">48*37*41<\/span><\/td>\n<\/tr>\n<tr style=\"height: 24px;\">\n<td style=\"width: 33.3334%; text-align: center; height: 24px;\" colspan=\"2\">Bombear<\/td>\n<td style=\"width: 33.3334%; text-align: center; height: 24px;\" colspan=\"2\">539pcs<\/td>\n<td style=\"width: 33.3334%; text-align: center; height: 24px;\" colspan=\"2\">48*37*41<\/td>\n<\/tr>\n<\/tbody>\n<\/table>\n<p><span style=\"font-size: 14pt;\">Our JH-LWA35 serise Airless Bottle made of PP material. it is comes with a large diameter design, which is convenient for filling.<\/span><\/p>\n<p><span style=\"font-size: 14pt;\">We have designed four capacity sizes for this\u00a0 bottle, namely 30ml, 50ml, 100ml and 120ml,and the liquid output is 0.4 MT\/L.<\/span><\/p>\n<p><span style=\"font-size: 14pt;\">This bottle is composed of the bottle body, the vacuum inner plug, the snap ring and the vacuum pump. The buckle and pump are integrated into one design, making installation convenient. The large head and long mouth design makes it convenient to press and extract the liquid. Once the locking clip is tightened, it will not be possible to open it for a second filling. This significantly ensures the safety of the internal contents and prevents them from being contaminated again. Of course, his drawback is that he cannot be reused in a second instance.<\/span><\/p>\n<p><span style=\"font-size: 14pt;\">The liquid or emulsion is squeezed under vacuum pressure. The vacuum seal rises from the bottom and the liquid is pumped out. This design can ensure the cleanliness of the materials to a greater extent, preventing contamination. At the same time, it can also effectively preserve the activity of the contents. The smooth and round bottle design is simple and practical in shape.<\/span><\/p>\n<p><span style=\"font-size: 14pt;\">Antes de usar este produto novamente (quando est\u00e1 completamente carregado), o plug de v\u00e1cuo est\u00e1 localizado no fundo. Durante o uso, o plug de v\u00e1cuo aumenta lentamente. Ap\u00f3s utiliza\u00e7\u00e3o, o plug de v\u00e1cuo chega \u00e0 boca da garrafa e n\u00e3o h\u00e1 res\u00edduos na parede da garrafa.<\/span><\/p>\n<p><span style=\"font-size: 14pt;\">We can offer various customization options for the bottle body, such as color customization. We can conduct injection molding according to Pantone colors. We can also apply electroplating on the surface of the bottle to make its appearance more luxurious. Of course, it is essential to print logos, company information, and ingredient lists. Most of these customization options are for high-end product series. However, we can also provide label printing and labeling services for budget products. This way, we can fully meet the needs of different market positioning brands.<\/span><\/p>\n<p><span style=\"font-size: 14pt;\">In addition, the bottle body can be customized through various processes. For the vacuum pump, we also offer injection molding color customization services. The middle sleeve can be electroplated to meet different brand positioning requirements.<\/span><\/p>\n<p>&nbsp;<\/p>\n<p><img decoding=\"async\" class=\"alignnone wp-image-3096\" src=\"https:\/\/www.cosmepak.com\/wp-content\/uploads\/2025\/03\/12935261906_624076099.jpg\" alt=\"\" width=\"1359\" height=\"1359\" srcset=\"https:\/\/www.cosmepak.com\/wp-content\/uploads\/2025\/03\/12935261906_624076099.jpg 1000w, https:\/\/www.cosmepak.com\/wp-content\/uploads\/2025\/03\/12935261906_624076099-300x300.jpg 300w, https:\/\/www.cosmepak.com\/wp-content\/uploads\/2025\/03\/12935261906_624076099-150x150.jpg 150w, https:\/\/www.cosmepak.com\/wp-content\/uploads\/2025\/03\/12935261906_624076099-768x768.jpg 768w, https:\/\/www.cosmepak.com\/wp-content\/uploads\/2025\/03\/12935261906_624076099-12x12.jpg 12w, https:\/\/www.cosmepak.com\/wp-content\/uploads\/2025\/03\/12935261906_624076099-600x600.jpg 600w, https:\/\/www.cosmepak.com\/wp-content\/uploads\/2025\/03\/12935261906_624076099-100x100.jpg 100w\" sizes=\"(max-width: 1359px) 100vw, 1359px\" \/><\/p>\n<table style=\"border-collapse: collapse; width: 100%;\">\n<tbody>\n<tr>\n<td style=\"width: 33.3333%;\"><img decoding=\"async\" class=\"alignnone size-full wp-image-3098\" src=\"https:\/\/www.cosmepak.com\/wp-content\/uploads\/2025\/03\/12857091030_624076099.jpg\" alt=\"\" width=\"1000\" height=\"1000\" srcset=\"https:\/\/www.cosmepak.com\/wp-content\/uploads\/2025\/03\/12857091030_624076099.jpg 1000w, https:\/\/www.cosmepak.com\/wp-content\/uploads\/2025\/03\/12857091030_624076099-300x300.jpg 300w, https:\/\/www.cosmepak.com\/wp-content\/uploads\/2025\/03\/12857091030_624076099-150x150.jpg 150w, https:\/\/www.cosmepak.com\/wp-content\/uploads\/2025\/03\/12857091030_624076099-768x768.jpg 768w, https:\/\/www.cosmepak.com\/wp-content\/uploads\/2025\/03\/12857091030_624076099-12x12.jpg 12w, https:\/\/www.cosmepak.com\/wp-content\/uploads\/2025\/03\/12857091030_624076099-600x600.jpg 600w, https:\/\/www.cosmepak.com\/wp-content\/uploads\/2025\/03\/12857091030_624076099-100x100.jpg 100w\" sizes=\"(max-width: 1000px) 100vw, 1000px\" \/><\/td>\n<td style=\"width: 33.3333%;\"><img loading=\"lazy\" decoding=\"async\" class=\"alignnone size-full wp-image-3097\" src=\"https:\/\/www.cosmepak.com\/wp-content\/uploads\/2025\/03\/12935282281_624076099.jpg\" alt=\"\" width=\"1000\" height=\"1000\" srcset=\"https:\/\/www.cosmepak.com\/wp-content\/uploads\/2025\/03\/12935282281_624076099.jpg 1000w, https:\/\/www.cosmepak.com\/wp-content\/uploads\/2025\/03\/12935282281_624076099-300x300.jpg 300w, https:\/\/www.cosmepak.com\/wp-content\/uploads\/2025\/03\/12935282281_624076099-150x150.jpg 150w, https:\/\/www.cosmepak.com\/wp-content\/uploads\/2025\/03\/12935282281_624076099-768x768.jpg 768w, https:\/\/www.cosmepak.com\/wp-content\/uploads\/2025\/03\/12935282281_624076099-12x12.jpg 12w, https:\/\/www.cosmepak.com\/wp-content\/uploads\/2025\/03\/12935282281_624076099-600x600.jpg 600w, https:\/\/www.cosmepak.com\/wp-content\/uploads\/2025\/03\/12935282281_624076099-100x100.jpg 100w\" sizes=\"(max-width: 1000px) 100vw, 1000px\" \/><\/td>\n<td style=\"width: 33.3333%;\"><img loading=\"lazy\" decoding=\"async\" class=\"alignnone size-full wp-image-3099\" src=\"https:\/\/www.cosmepak.com\/wp-content\/uploads\/2025\/03\/12935291107_624076099-1.jpg\" alt=\"\" width=\"1000\" height=\"1000\" srcset=\"https:\/\/www.cosmepak.com\/wp-content\/uploads\/2025\/03\/12935291107_624076099-1.jpg 1000w, https:\/\/www.cosmepak.com\/wp-content\/uploads\/2025\/03\/12935291107_624076099-1-300x300.jpg 300w, https:\/\/www.cosmepak.com\/wp-content\/uploads\/2025\/03\/12935291107_624076099-1-150x150.jpg 150w, https:\/\/www.cosmepak.com\/wp-content\/uploads\/2025\/03\/12935291107_624076099-1-768x768.jpg 768w, https:\/\/www.cosmepak.com\/wp-content\/uploads\/2025\/03\/12935291107_624076099-1-12x12.jpg 12w, https:\/\/www.cosmepak.com\/wp-content\/uploads\/2025\/03\/12935291107_624076099-1-600x600.jpg 600w, https:\/\/www.cosmepak.com\/wp-content\/uploads\/2025\/03\/12935291107_624076099-1-100x100.jpg 100w\" sizes=\"(max-width: 1000px) 100vw, 1000px\" \/><\/td>\n<\/tr>\n<\/tbody>\n<\/table>\n<p><img loading=\"lazy\" decoding=\"async\" class=\"alignnone wp-image-3100\" src=\"https:\/\/www.cosmepak.com\/wp-content\/uploads\/2025\/03\/12857076527_624076099.jpg\" alt=\"\" width=\"1356\" height=\"1356\" srcset=\"https:\/\/www.cosmepak.com\/wp-content\/uploads\/2025\/03\/12857076527_624076099.jpg 1000w, https:\/\/www.cosmepak.com\/wp-content\/uploads\/2025\/03\/12857076527_624076099-300x300.jpg 300w, https:\/\/www.cosmepak.com\/wp-content\/uploads\/2025\/03\/12857076527_624076099-150x150.jpg 150w, https:\/\/www.cosmepak.com\/wp-content\/uploads\/2025\/03\/12857076527_624076099-768x768.jpg 768w, https:\/\/www.cosmepak.com\/wp-content\/uploads\/2025\/03\/12857076527_624076099-12x12.jpg 12w, https:\/\/www.cosmepak.com\/wp-content\/uploads\/2025\/03\/12857076527_624076099-600x600.jpg 600w, https:\/\/www.cosmepak.com\/wp-content\/uploads\/2025\/03\/12857076527_624076099-100x100.jpg 100w\" sizes=\"(max-width: 1356px) 100vw, 1356px\" \/><\/p>\n<p><img loading=\"lazy\" decoding=\"async\" class=\"alignnone size-full wp-image-1347\" src=\"https:\/\/www.cosmepak.com\/wp-content\/uploads\/2024\/12\/\u9996\u987519202_03.jpg\" alt=\"\" width=\"1920\" height=\"885\" srcset=\"https:\/\/www.cosmepak.com\/wp-content\/uploads\/2024\/12\/\u9996\u987519202_03.jpg 1920w, https:\/\/www.cosmepak.com\/wp-content\/uploads\/2024\/12\/\u9996\u987519202_03-300x138.jpg 300w, https:\/\/www.cosmepak.com\/wp-content\/uploads\/2024\/12\/\u9996\u987519202_03-1024x472.jpg 1024w, https:\/\/www.cosmepak.com\/wp-content\/uploads\/2024\/12\/\u9996\u987519202_03-768x354.jpg 768w, https:\/\/www.cosmepak.com\/wp-content\/uploads\/2024\/12\/\u9996\u987519202_03-1536x708.jpg 1536w, https:\/\/www.cosmepak.com\/wp-content\/uploads\/2024\/12\/\u9996\u987519202_03-600x277.jpg 600w\" sizes=\"(max-width: 1920px) 100vw, 1920px\" \/><\/p>\n<table style=\"border-collapse: collapse; width: 100%; height: 144px;\">\n<tbody>\n<tr style=\"height: 24px;\">\n<td style=\"width: 33.3333%; text-align: center; height: 24px;\"><span style=\"font-size: 14pt;\"><strong>Expressar<\/strong><\/span><\/td>\n<td style=\"width: 33.3333%; text-align: center; height: 24px;\"><span style=\"font-size: 14pt;\"><strong>Frete a\u00e9reo<\/strong><\/span><\/td>\n<td style=\"width: 33.3333%; text-align: center; height: 24px;\"><span style=\"font-size: 14pt;\"><strong>Transporte mar\u00edtimo<\/strong><\/span><\/td>\n<\/tr>\n<tr style=\"height: 24px;\">\n<td style=\"width: 33.3333%; text-align: center; height: 24px;\">Europa de 4 a 6 dias<\/td>\n<td style=\"width: 33.3333%; text-align: center; height: 24px;\">Europa de 4 a 6 dias<\/td>\n<td style=\"width: 33.3333%; text-align: center; height: 24px;\">Europa de 25 a 35 dias<\/td>\n<\/tr>\n<tr style=\"height: 24px;\">\n<td style=\"width: 33.3333%; text-align: center; height: 24px;\">Morth America de 4 a 6 dias<\/td>\n<td style=\"width: 33.3333%; text-align: center; height: 24px;\">Morth America de 4 a 6 dias<\/td>\n<td style=\"width: 33.3333%; text-align: center; height: 24px;\">Morth America de 25 a 35 dias<\/td>\n<\/tr>\n<tr style=\"height: 24px;\">\n<td style=\"width: 33.3333%; text-align: center; height: 24px;\">Sudeste Asi\u00e1tico de 3 a 5 dias<\/td>\n<td style=\"width: 33.3333%; text-align: center; height: 24px;\">Sudeste Asi\u00e1tico de 3 a 5 dias<\/td>\n<td style=\"width: 33.3333%; text-align: center; height: 24px;\">Sudeste Asi\u00e1tico de 25 a 35 dias<\/td>\n<\/tr>\n<tr style=\"height: 24px;\">\n<td style=\"width: 33.3333%; text-align: center; height: 24px;\">O Oriente M\u00e9dio de 4 a 6 dias<\/td>\n<td style=\"width: 33.3333%; text-align: center; height: 24px;\">O Oriente M\u00e9dio de 4 a 6 dias<\/td>\n<td style=\"width: 33.3333%; text-align: center; height: 24px;\">O Oriente M\u00e9dio de 25 a 35 dias<\/td>\n<\/tr>\n<tr style=\"height: 24px;\">\n<td style=\"width: 33.3333%; text-align: center; height: 24px;\">\u00c1frica do Sul de 5 a 8 dias<\/td>\n<td style=\"width: 33.3333%; text-align: center; height: 24px;\">\u00c1frica do Sul de 5 a 8 dias<\/td>\n<td style=\"width: 33.3333%; text-align: center; height: 24px;\">\u00c1frica do Sul 25-35 dias<\/td>\n<\/tr>\n<\/tbody>\n<\/table>\n<p><span style=\"font-size: 14pt;\"><strong>RFQ:\u00a0<\/strong><\/span><\/p>\n<p><span data-spm-anchor-id=\"a2700.pc-decorate.0.i3.75883333L8yZVb\">1. Por que voc\u00ea deveria comprar de n\u00f3s n\u00e3o de outros fornecedores?<br \/>\n\u2460 3 minutos projetados para voc\u00ea.<br \/>\n\u2461 Servi\u00e7o on -line de 24 horas.<br \/>\n\u2462 7 dias amostras de estoque\/ amostra de 15 dias com impress\u00e3o personalizada.<br \/>\n\u2463 35 dias no tempo de entrega.<br \/>\n\u2464 Mais de 10 anos de f\u00e1brica profissional de embalagens cosm\u00e9ticas.<br \/>\n\u2465 Pontos de f\u00e1brica, melhor pre\u00e7o e melhor servi\u00e7o.<br \/>\nSolution Uma esta\u00e7\u00e3o de esta\u00e7\u00e3o para embalagens cosm\u00e9ticas.<br \/>\n2. Quem somos n\u00f3s?<br \/>\nEstamos baseados em Zhejiang, China, come\u00e7am a partir de 2014, vendem para o mercado dom\u00e9stico (70,00%), Oceania (8,00%), Oriente M\u00e9dio (7,00%), Leste<br \/>\n\u00c1sia (2,00%), Am\u00e9rica do Norte (2,00%), Europa Ocidental (2,00%), Sudeste Asi\u00e1tico (2,00%), Sul da \u00c1sia (1,00%), Am\u00e9rica do Sul (1,00%), Sul<br \/>\nEuropa (1,00%), Am\u00e9rica Central (1,00%), Norte da Europa (1,00%), \u00c1frica (1,00%), Europa Oriental (1,00%). <\/span><\/p>\n<div>3. Como podemos garantir a qualidade?<br \/>\nSempre uma amostra de pr\u00e9-produ\u00e7\u00e3o antes da produ\u00e7\u00e3o em massa;<br \/>\n4. O que voc\u00ea pode comprar de n\u00f3s?<br \/>\nFlascos de vidro, Flascos de pl\u00e1stico\/vasos\/tubos, Flascos de alum\u00ednio\/Jars\/tubos, etc. material de embalagem cosm\u00e9tico.<br \/>\n5. Quem somos n\u00f3s?<br \/>\nWe are based in Zhejiang, China, start from 2014,sell to Domestic Market(70.00%),Oceania(8.00%),Mid East(7.00%), Eastern Asia(2.00%),North America(2.00%),Western Europe(2.00%),Southeast Asia(2.00%),South Asia(1.00%),South America(1.00%),Southern Europe(1.00%),Central America(1.00%),Northern<br \/>\n6. Que servi\u00e7os podemos prestar?<br \/>\nTermos de entrega aceitos: FOB, CFR, CIF;<\/div>\n<div>Moeda de pagamento aceita: USD, EUR, HKD, CNY;<\/div>\n<div>Tipo de pagamento aceito: T\/T,L\/C,D\/P D\/A;<\/div>","protected":false},"excerpt":{"rendered":"<p>Modelo: JH-LWA35<\/p>\n<p>Material : PP<\/p>\n<p>Capacidade: 30ml\/50ml\/100ml\/120ml<\/p>\n<p>Peso: 44,3g\/49,3g\/58,6g\/63,4g<\/p>\n<p>Cor: Aceite personalizado (qualquer cor Pantone dispon\u00edvel)<\/p>\n<p>Acabamento de superf\u00edcie: impress\u00e3o de tela, estampagem a quente, gradiente de pulveriza\u00e7\u00e3o, acabamento fosco, etc.<\/p>\n<p>MOQ: 10000pcs<\/p>\n<p>Amostra: amostras gratuitas dispon\u00edveis<\/p>\n<p>&nbsp;<\/p>\n<p>&nbsp;<\/p>","protected":false},"featured_media":3100,"comment_status":"closed","ping_status":"closed","template":"","meta":{"_acf_changed":false},"product_brand":[],"product_cat":[35],"product_tag":[38],"class_list":{"0":"post-1380","1":"product","2":"type-product","3":"status-publish","4":"has-post-thumbnail","6":"product_cat-airless-bottle","7":"product_tag-airless-bottle","9":"first","10":"outofstock","11":"shipping-taxable","12":"product-type-simple"},"acf":[],"_links":{"self":[{"href":"https:\/\/www.cosmepak.com\/pt\/wp-json\/wp\/v2\/product\/1380","targetHints":{"allow":["GET"]}}],"collection":[{"href":"https:\/\/www.cosmepak.com\/pt\/wp-json\/wp\/v2\/product"}],"about":[{"href":"https:\/\/www.cosmepak.com\/pt\/wp-json\/wp\/v2\/types\/product"}],"replies":[{"embeddable":true,"href":"https:\/\/www.cosmepak.com\/pt\/wp-json\/wp\/v2\/comments?post=1380"}],"wp:featuredmedia":[{"embeddable":true,"href":"https:\/\/www.cosmepak.com\/pt\/wp-json\/wp\/v2\/media\/3100"}],"wp:attachment":[{"href":"https:\/\/www.cosmepak.com\/pt\/wp-json\/wp\/v2\/media?parent=1380"}],"wp:term":[{"taxonomy":"product_brand","embeddable":true,"href":"https:\/\/www.cosmepak.com\/pt\/wp-json\/wp\/v2\/product_brand?post=1380"},{"taxonomy":"product_cat","embeddable":true,"href":"https:\/\/www.cosmepak.com\/pt\/wp-json\/wp\/v2\/product_cat?post=1380"},{"taxonomy":"product_tag","embeddable":true,"href":"https:\/\/www.cosmepak.com\/pt\/wp-json\/wp\/v2\/product_tag?post=1380"}],"curies":[{"name":"wp","href":"https:\/\/api.w.org\/{rel}","templated":true}]}}