{"id":142,"date":"2024-12-31T10:54:36","date_gmt":"2024-12-31T02:54:36","guid":{"rendered":"http:\/\/www.cosmepak.com\/?post_type=product&#038;p=142"},"modified":"2025-10-21T11:30:12","modified_gmt":"2025-10-21T03:30:12","slug":"lipstick-tube","status":"publish","type":"product","link":"https:\/\/www.cosmepak.com\/pt\/product\/lipstick-tube\/","title":{"rendered":"Tubo de batom"},"content":{"rendered":"<table style=\"border-collapse: collapse; width: 100.799%; height: 216px;\">\n<tbody>\n<tr style=\"height: 24px;\">\n<td style=\"width: 30.4741%; text-align: center; height: 24px;\" rowspan=\"9\"><img fetchpriority=\"high\" decoding=\"async\" class=\"alignnone size-full wp-image-3017\" src=\"https:\/\/www.cosmepak.com\/wp-content\/uploads\/2024\/12\/10939227280_114461948.jpg\" alt=\"\" width=\"800\" height=\"800\" srcset=\"https:\/\/www.cosmepak.com\/wp-content\/uploads\/2024\/12\/10939227280_114461948.jpg 800w, https:\/\/www.cosmepak.com\/wp-content\/uploads\/2024\/12\/10939227280_114461948-300x300.jpg 300w, https:\/\/www.cosmepak.com\/wp-content\/uploads\/2024\/12\/10939227280_114461948-150x150.jpg 150w, https:\/\/www.cosmepak.com\/wp-content\/uploads\/2024\/12\/10939227280_114461948-768x768.jpg 768w, https:\/\/www.cosmepak.com\/wp-content\/uploads\/2024\/12\/10939227280_114461948-12x12.jpg 12w, https:\/\/www.cosmepak.com\/wp-content\/uploads\/2024\/12\/10939227280_114461948-600x600.jpg 600w, https:\/\/www.cosmepak.com\/wp-content\/uploads\/2024\/12\/10939227280_114461948-100x100.jpg 100w\" sizes=\"(max-width: 800px) 100vw, 800px\" \/><\/td>\n<td style=\"width: 31.9117%; height: 24px; text-align: center;\">Nome do produto<\/td>\n<td style=\"width: 49.6832%; height: 24px; text-align: center;\">3,5g Tubo de batom<\/td>\n<\/tr>\n<tr style=\"height: 24px;\">\n<td style=\"width: 31.9117%; height: 24px; text-align: center;\">Material<\/td>\n<td style=\"width: 49.6832%; height: 24px; text-align: center;\">Pl\u00e1stico<\/td>\n<\/tr>\n<tr style=\"height: 24px;\">\n<td style=\"width: 31.9117%; height: 24px; text-align: center;\">Cor<\/td>\n<td style=\"width: 49.6832%; height: 24px; text-align: center;\">Personalizado<\/td>\n<\/tr>\n<tr style=\"height: 24px;\">\n<td style=\"width: 31.9117%; height: 24px; text-align: center;\">Tratamento de obras de arte<\/td>\n<td style=\"width: 49.6832%; height: 24px; text-align: center;\">Eletroplata\u00e7\u00e3o<\/td>\n<\/tr>\n<tr style=\"height: 24px;\">\n<td style=\"width: 31.9117%; height: 24px; text-align: center;\">Capacidade<\/td>\n<td style=\"width: 49.6832%; height: 24px; text-align: center;\">3.5g<\/td>\n<\/tr>\n<tr style=\"height: 24px;\">\n<td style=\"width: 31.9117%; height: 24px; text-align: center;\">MOQ<\/td>\n<td style=\"width: 49.6832%; height: 24px; text-align: center;\">10000<\/td>\n<\/tr>\n<tr style=\"height: 24px;\">\n<td style=\"width: 31.9117%; height: 24px; text-align: center;\">Tempo de espera<\/td>\n<td style=\"width: 49.6832%; height: 24px; text-align: center;\">45 dias ap\u00f3s o recebimento do dep\u00f3sito.<\/td>\n<\/tr>\n<tr style=\"height: 24px;\">\n<td style=\"width: 31.9117%; height: 24px; text-align: center;\">Pagamento<\/td>\n<td style=\"width: 49.6832%; height: 24px; text-align: center;\">Dep\u00f3sito de 50%, saldo de 50% pago antes do carregamento.<\/td>\n<\/tr>\n<tr style=\"height: 24px;\">\n<td style=\"width: 31.9117%; text-align: center; height: 24px;\">Embalagem<\/td>\n<td style=\"width: 49.6832%; text-align: center; height: 24px;\">Caixa de papel Kraft e palete de madeira.<\/td>\n<\/tr>\n<\/tbody>\n<\/table>\n<table style=\"border-collapse: collapse; width: 100%;\">\n<tbody>\n<tr>\n<td style=\"width: 25%; text-align: center;\"><strong>Capacidade<\/strong><\/td>\n<td style=\"width: 25%; text-align: center;\"><strong>Di\u00e2metro Outshell<\/strong><\/td>\n<td style=\"width: 25%; text-align: center;\"><strong>Di\u00e2metro interior do tubo<\/strong><\/td>\n<td style=\"width: 25%; text-align: center;\"><strong>Altura total<\/strong><\/td>\n<\/tr>\n<tr>\n<td style=\"width: 25%; text-align: center;\">3.5g<\/td>\n<td style=\"width: 25%; text-align: center;\">22mm<\/td>\n<td style=\"width: 25%; text-align: center;\">16.5mm<\/td>\n<td style=\"width: 25%; text-align: center;\">56.3mm<\/td>\n<\/tr>\n<\/tbody>\n<\/table>\n<p><img decoding=\"async\" class=\"wp-image-2604 aligncenter\" src=\"https:\/\/www.cosmepak.com\/wp-content\/uploads\/2024\/12\/O1CN01Ywk68z1HU7mWPO0CS_3230470760-0-cib.jpg\" alt=\"\" width=\"1481\" height=\"1481\" srcset=\"https:\/\/www.cosmepak.com\/wp-content\/uploads\/2024\/12\/O1CN01Ywk68z1HU7mWPO0CS_3230470760-0-cib.jpg 800w, https:\/\/www.cosmepak.com\/wp-content\/uploads\/2024\/12\/O1CN01Ywk68z1HU7mWPO0CS_3230470760-0-cib-300x300.jpg 300w, https:\/\/www.cosmepak.com\/wp-content\/uploads\/2024\/12\/O1CN01Ywk68z1HU7mWPO0CS_3230470760-0-cib-150x150.jpg 150w, https:\/\/www.cosmepak.com\/wp-content\/uploads\/2024\/12\/O1CN01Ywk68z1HU7mWPO0CS_3230470760-0-cib-768x768.jpg 768w, https:\/\/www.cosmepak.com\/wp-content\/uploads\/2024\/12\/O1CN01Ywk68z1HU7mWPO0CS_3230470760-0-cib-12x12.jpg 12w, https:\/\/www.cosmepak.com\/wp-content\/uploads\/2024\/12\/O1CN01Ywk68z1HU7mWPO0CS_3230470760-0-cib-600x600.jpg 600w, https:\/\/www.cosmepak.com\/wp-content\/uploads\/2024\/12\/O1CN01Ywk68z1HU7mWPO0CS_3230470760-0-cib-100x100.jpg 100w\" sizes=\"(max-width: 1481px) 100vw, 1481px\" \/><\/p>\n<p>Botellas com f \u0628\u0648\u0635\u0629e detalhes, formas estranhas, ou ricos metrat\u00e9rios fazem o unboxin \u062cram sentir-se como arte. Por exemplo, garrafas redondas com curvas suaves representam facilidade e gra\u00e7a. Designes agudos mostram coragem e novas vibra\u00e7\u00f5es. Esses aspectos se conectam com compradores de forma pessoal. \u00c9 mais prov\u00e1vel que se sintam bem com a marca.<\/p>\n<p>Mostrar Flascos de Perfume como Arte em casa<\/p>\n<p>As garrafas de perfume n\u00e3o s\u00e3o apenas para uso. Eles s\u00e3o muitas vezes vistos como arte que voc\u00ea pode coletar. Eles mostram seu gosto e estilo. A Sra. Chanel disse uma vez: \u201cEssas garrafas mant\u00eam minhas mem\u00f3rias doces. Eles viram meus gigramas e baixos. S\u00e3o meus tesouros.\u201d Essa sensa\u00e7\u00e3o b\u00f4\u0635\u0629g mostra como as garrafas v\u00e3o al\u00e9m de seu trabalho para se tornar sinais de quem voc\u00ea \u00e9.<\/p>\n<p>Putt \u0628\u0648\u0635\u0629 \u062c\u0631\u0627m essas garrafas em hometre acrescenta beleza ao seu espa\u00e7o. Activam um vestidor ou em um caso de vidro, sua arte parece levantar seu quarto. Flascos em forma de explos\u00f5es solares, estrelas ou formas estranhas lan\u00e7am novas ideias e classe. Desenhos simples com linhas limpas encaixam aqueles que gostam da gra\u00e7a moderna. Ao escolher garrafas que correspondam ao seu estilo, voc\u00ea transforma sua cole\u00e7\u00e3o em um espect\u00e1culo de arte.<\/p>\n<p>Jaunce's Way of Perfu \u0645\u062a\u0631e Bottle Desi \u062c\u0631\u0627\u0645n and Brand Identity<\/p>\n<p>sh \u0628\u0648\u0635\u0629es em embalagens cosm\u00e9tricos com designs de frascos de perfume frescos. Eles encaixam em muitos gostos. Elas misturam formas cl\u00e1ssicas, como redondas, naturais para calor ou estilos de caixa para coragem, com materiais ricos como vidro de alto grau e peda\u00e7os de metal brilhantes. Seu foco em pr\u00e1ticas verdes e designs personalizados assegura que cada garrafa mostra o cora\u00e7\u00e3o da marca e o estilo do comprador. Eles oferecem gra\u00e7a sem tempo para gostos cl\u00e1ssicos ou formas corajosas para o ousado.<\/p>\n<p><img decoding=\"async\" class=\"wp-image-2605 aligncenter\" src=\"https:\/\/www.cosmepak.com\/wp-content\/uploads\/2024\/12\/10998032398_114461948.jpg\" alt=\"\" width=\"1385\" height=\"1385\" srcset=\"https:\/\/www.cosmepak.com\/wp-content\/uploads\/2024\/12\/10998032398_114461948.jpg 1000w, https:\/\/www.cosmepak.com\/wp-content\/uploads\/2024\/12\/10998032398_114461948-300x300.jpg 300w, https:\/\/www.cosmepak.com\/wp-content\/uploads\/2024\/12\/10998032398_114461948-150x150.jpg 150w, https:\/\/www.cosmepak.com\/wp-content\/uploads\/2024\/12\/10998032398_114461948-768x768.jpg 768w, https:\/\/www.cosmepak.com\/wp-content\/uploads\/2024\/12\/10998032398_114461948-12x12.jpg 12w, https:\/\/www.cosmepak.com\/wp-content\/uploads\/2024\/12\/10998032398_114461948-600x600.jpg 600w, https:\/\/www.cosmepak.com\/wp-content\/uploads\/2024\/12\/10998032398_114461948-100x100.jpg 100w\" sizes=\"(max-width: 1385px) 100vw, 1385px\" \/><\/p>\n<p><img loading=\"lazy\" decoding=\"async\" class=\"wp-image-3018 alignleft\" src=\"https:\/\/www.cosmepak.com\/wp-content\/uploads\/2024\/12\/2-2.jpg\" alt=\"\" width=\"1370\" height=\"1370\" srcset=\"https:\/\/www.cosmepak.com\/wp-content\/uploads\/2024\/12\/2-2.jpg 1000w, https:\/\/www.cosmepak.com\/wp-content\/uploads\/2024\/12\/2-2-300x300.jpg 300w, https:\/\/www.cosmepak.com\/wp-content\/uploads\/2024\/12\/2-2-150x150.jpg 150w, https:\/\/www.cosmepak.com\/wp-content\/uploads\/2024\/12\/2-2-768x768.jpg 768w, https:\/\/www.cosmepak.com\/wp-content\/uploads\/2024\/12\/2-2-12x12.jpg 12w, https:\/\/www.cosmepak.com\/wp-content\/uploads\/2024\/12\/2-2-600x600.jpg 600w, https:\/\/www.cosmepak.com\/wp-content\/uploads\/2024\/12\/2-2-100x100.jpg 100w\" sizes=\"(max-width: 1370px) 100vw, 1370px\" \/><\/p>\n<p style=\"text-align: center;\"><strong>SOBRE N\u00d3S<\/strong><\/p>\n<p>Si \u062c\u0631\u0627\u0645nature Touches \u0628\u0648\u0635\u0629 Jaunce\u2019s Bottle Designs<\/p>\n<p><img loading=\"lazy\" decoding=\"async\" class=\"alignnone size-full wp-image-2556\" src=\"https:\/\/www.cosmepak.com\/wp-content\/uploads\/2025\/06\/packaging.webp\" alt=\"embalagem\" width=\"1920\" height=\"885\" srcset=\"https:\/\/www.cosmepak.com\/wp-content\/uploads\/2025\/06\/packaging.webp 1920w, https:\/\/www.cosmepak.com\/wp-content\/uploads\/2025\/06\/packaging-300x138.webp 300w, https:\/\/www.cosmepak.com\/wp-content\/uploads\/2025\/06\/packaging-1024x472.webp 1024w, https:\/\/www.cosmepak.com\/wp-content\/uploads\/2025\/06\/packaging-768x354.webp 768w, https:\/\/www.cosmepak.com\/wp-content\/uploads\/2025\/06\/packaging-1536x708.webp 1536w, https:\/\/www.cosmepak.com\/wp-content\/uploads\/2025\/06\/packaging-18x8.webp 18w, https:\/\/www.cosmepak.com\/wp-content\/uploads\/2025\/06\/packaging-600x277.webp 600w\" sizes=\"(max-width: 1920px) 100vw, 1920px\" \/><\/p>","protected":false},"excerpt":{"rendered":"<p>Adicionar estilos criativos, caracter\u00edsticas tecnol\u00f3gicas e matrizes art\u00edsticas. Esses grupos de criminosos querem estilo e cuidado planet \u00e1rio. Ent\u00e3o, marcas fazem projetos corajosos que s\u00e3o k \u0628\u0648\u0635\u0629d para a terra.<\/p>\n<p>Material: ABS\/AS<\/p>\n<p>Por que a Clear Informationrmeteration Construi a Lojalidade da Marca?<\/p>\n<p>Say \u0628\u0648\u0635\u0629 \u062c\u0631\u0627\u0645 uma marca \u00e9 \"verde\" n\u00e3o \u00e9 suficiente. As pessoas querem provas. Eles querem r\u00f3tulos claros e fontes que podem verificar. Eles querem passos reais para cortar res\u00edduos. Tecnologia como a realidade augmentar (AR) ou a realidade virtual (VR) ajuda. As pessoas escaneam c\u00f3digos QR em embalagens. Eles aprendem mais sobre produtos. Essa abertura construi confian\u00e7a. Isso mant\u00e9m os clientes voltando.<\/p>\n<p>Tamanho: 77,5*22mm<\/p>\n<p>As regras Mak \u0628\u0648\u0635\u0629Crime Brands Go Green?<\/p>\n<p>Como as leis globais impulsionam a Susta \u0628\u0648\u0635\u00e9 capaz de fazer pacotes?<\/p>\n<p>&nbsp;<\/p>","protected":false},"featured_media":2606,"comment_status":"closed","ping_status":"closed","template":"","meta":{"_acf_changed":false},"product_brand":[],"product_cat":[53,36],"product_tag":[],"class_list":{"0":"post-142","1":"product","2":"type-product","3":"status-publish","4":"has-post-thumbnail","6":"product_cat-lipstick-tube","7":"product_cat-makeup","9":"first","10":"outofstock","11":"shipping-taxable","12":"product-type-simple"},"acf":[],"_links":{"self":[{"href":"https:\/\/www.cosmepak.com\/pt\/wp-json\/wp\/v2\/product\/142","targetHints":{"allow":["GET"]}}],"collection":[{"href":"https:\/\/www.cosmepak.com\/pt\/wp-json\/wp\/v2\/product"}],"about":[{"href":"https:\/\/www.cosmepak.com\/pt\/wp-json\/wp\/v2\/types\/product"}],"replies":[{"embeddable":true,"href":"https:\/\/www.cosmepak.com\/pt\/wp-json\/wp\/v2\/comments?post=142"}],"wp:featuredmedia":[{"embeddable":true,"href":"https:\/\/www.cosmepak.com\/pt\/wp-json\/wp\/v2\/media\/2606"}],"wp:attachment":[{"href":"https:\/\/www.cosmepak.com\/pt\/wp-json\/wp\/v2\/media?parent=142"}],"wp:term":[{"taxonomy":"product_brand","embeddable":true,"href":"https:\/\/www.cosmepak.com\/pt\/wp-json\/wp\/v2\/product_brand?post=142"},{"taxonomy":"product_cat","embeddable":true,"href":"https:\/\/www.cosmepak.com\/pt\/wp-json\/wp\/v2\/product_cat?post=142"},{"taxonomy":"product_tag","embeddable":true,"href":"https:\/\/www.cosmepak.com\/pt\/wp-json\/wp\/v2\/product_tag?post=142"}],"curies":[{"name":"wp","href":"https:\/\/api.w.org\/{rel}","templated":true}]}}