{"id":1428,"date":"2025-03-27T14:06:07","date_gmt":"2025-03-27T06:06:07","guid":{"rendered":"https:\/\/www.cosmepak.com\/?post_type=product&#038;p=1428"},"modified":"2026-01-16T14:56:42","modified_gmt":"2026-01-16T06:56:42","slug":"perfume-bottle-30ml-transparent-perfume-bottle-jaunce","status":"publish","type":"product","link":"https:\/\/www.cosmepak.com\/pt\/product\/perfume-bottle-30ml-transparent-perfume-bottle-jaunce\/","title":{"rendered":"Garrafa de perfume -30ml Transparent Perfume Bottle\/ Jaunce"},"content":{"rendered":"<table style=\"border-collapse: collapse; width: 100%; height: 216px;\">\n<tbody>\n<tr style=\"height: 24px;\">\n<td style=\"width: 44.5017%; height: 24px; text-align: center;\">Capacidade<\/td>\n<td style=\"width: 55.4983%; height: 24px; text-align: center;\">\u00a030ml<\/td>\n<\/tr>\n<tr style=\"height: 24px;\">\n<td style=\"width: 44.5017%; height: 24px; text-align: center;\">Modelo<\/td>\n<td style=\"width: 55.4983%; height: 24px; text-align: center;\">JH-MS30<\/td>\n<\/tr>\n<tr style=\"height: 24px;\">\n<td style=\"width: 44.5017%; height: 24px; text-align: center;\">Material de garrafa<\/td>\n<td style=\"width: 55.4983%; height: 24px; text-align: center;\">Vidro<\/td>\n<\/tr>\n<tr style=\"height: 24px;\">\n<td style=\"width: 44.5017%; height: 24px; text-align: center;\">Material de capital<\/td>\n<td style=\"width: 55.4983%; height: 24px; text-align: center;\">Beech\/Walnut\/Plastic<\/td>\n<\/tr>\n<tr style=\"height: 24px;\">\n<td style=\"width: 44.5017%; height: 24px; text-align: center;\">Tamanho<\/td>\n<td style=\"width: 55.4983%; height: 24px; text-align: center;\">38*92mm<\/td>\n<\/tr>\n<tr style=\"height: 24px;\">\n<td style=\"width: 44.5017%; height: 24px; text-align: center;\">Peso<\/td>\n<td style=\"width: 55.4983%; height: 24px; text-align: center;\">89.4g<\/td>\n<\/tr>\n<tr style=\"height: 24px;\">\n<td style=\"width: 44.5017%; height: 24px; text-align: center;\">Personaliza\u00e7\u00e3o<\/td>\n<td style=\"width: 55.4983%; height: 24px; text-align: center;\">Aceitar<\/td>\n<\/tr>\n<tr style=\"height: 24px;\">\n<td style=\"width: 44.5017%; height: 24px; text-align: center;\">Cor<\/td>\n<td style=\"width: 55.4983%; height: 24px; text-align: center;\">Personalizado<\/td>\n<\/tr>\n<tr style=\"height: 24px;\">\n<td style=\"width: 44.5017%; height: 24px; text-align: center;\">OEM\/ODM<\/td>\n<td style=\"width: 55.4983%; height: 24px; text-align: center;\">Aceitar<\/td>\n<\/tr>\n<\/tbody>\n<\/table>\n<p>O &#8220; Top Hot Sale&#8221; - garrafas de perfume de vidro em forma redonda est\u00e3o dispon\u00edveis exclusivamente em capacidades de 30 ml, 50 ml e 100 ml. Desenvolvidos para uma audi\u00eancia universalmente inclusiva, essas exquisitas garrafas de luxo e vidro de alto alcance, feitas com tecnologia moderna e equipamento importado, asseguram qualidade de alto alcance para atender \u00e0s diversas necessidades de nossos clientes. Essas garrafas destacam-se com colar \u00fanico e \u00f3ptica. Esse design inovador e distintivo equilibra harmoniamente a est\u00e9tica e a funcionalidade, mantendo o luxo refinado desses exquisitos recipientes de vidro. Essas garrafas de qualidade prim\u00e1ria s\u00e3o amig\u00e1veis para o usu\u00e1rio, produzindo ru\u00eddo m\u00ednimo, e descobriram-se sem dificuldades para usar. Utilizada para a armazenagem e preserva\u00e7\u00e3o de uma vasta gama de subst\u00e2ncias l\u00edquidas como ess\u00eancias de petr\u00f3leo, perfumes, col\u00f4nias, \u00f3leos de fragran\u00e7a, e mais, a versatilidade dessas garrafas \u00e9 altamente louvada e procurada. Al\u00e9m disso, elas podem ser usadas pr\u00e1ticamente em v\u00e1rias outras aplica\u00e7\u00f5es, tornando-as uma op\u00e7\u00e3o vers\u00e1til para os consumidores. O Top Hot Sale&#8217; - garrafas de perfume de vidro em forma redonda fornecem um ambiente seguro e resistente ao vazamento que salvaguarda a frag\u00e2ncia e a col\u00f4nia da polui\u00e7\u00e3o do ar externo, possibilitando a preserva\u00e7\u00e3o do cheiro original por um per\u00edodo prolongado de tempo. - Hoje em dia&#8217; o mundo r\u00e1pido, esses Top Hot Sale&#8217; - garrafas de perfume de vidro em forma redonda n\u00e3o s\u00f3 oferecem um n\u00edvel de luxo e eleg\u00e2ncia n\u00e3o comparado, mas tamb\u00e9m atendem a uma s\u00e9rie de aplica\u00e7\u00f5es pr\u00e1ticas, tornando-as uma escolha excepcional para clientes discernidos que apreciam o melhor que a vida tem a oferecer.<br \/>\n<img fetchpriority=\"high\" decoding=\"async\" class=\"wp-image-1429 aligncenter\" src=\"https:\/\/www.cosmepak.com\/wp-content\/uploads\/2025\/03\/O1CN01esdBey25jRq6Z9Nfl_2778787562-0-cib.jpg\" alt=\"Flasco de perfume de 30 ml\" width=\"1373\" height=\"1373\" srcset=\"https:\/\/www.cosmepak.com\/wp-content\/uploads\/2025\/03\/O1CN01esdBey25jRq6Z9Nfl_2778787562-0-cib.jpg 1000w, https:\/\/www.cosmepak.com\/wp-content\/uploads\/2025\/03\/O1CN01esdBey25jRq6Z9Nfl_2778787562-0-cib-300x300.jpg 300w, https:\/\/www.cosmepak.com\/wp-content\/uploads\/2025\/03\/O1CN01esdBey25jRq6Z9Nfl_2778787562-0-cib-150x150.jpg 150w, https:\/\/www.cosmepak.com\/wp-content\/uploads\/2025\/03\/O1CN01esdBey25jRq6Z9Nfl_2778787562-0-cib-768x768.jpg 768w, https:\/\/www.cosmepak.com\/wp-content\/uploads\/2025\/03\/O1CN01esdBey25jRq6Z9Nfl_2778787562-0-cib-600x600.jpg 600w, https:\/\/www.cosmepak.com\/wp-content\/uploads\/2025\/03\/O1CN01esdBey25jRq6Z9Nfl_2778787562-0-cib-100x100.jpg 100w\" sizes=\"(max-width: 1373px) 100vw, 1373px\" \/><\/p>\n<p><img decoding=\"async\" class=\"alignnone wp-image-1432\" src=\"https:\/\/www.cosmepak.com\/wp-content\/uploads\/2025\/03\/O1CN01JfNHRQ2LIun2iD2BA_2210292069670-0-cib.jpg\" alt=\"frasco de perfume1\" width=\"672\" height=\"672\" srcset=\"https:\/\/www.cosmepak.com\/wp-content\/uploads\/2025\/03\/O1CN01JfNHRQ2LIun2iD2BA_2210292069670-0-cib.jpg 800w, https:\/\/www.cosmepak.com\/wp-content\/uploads\/2025\/03\/O1CN01JfNHRQ2LIun2iD2BA_2210292069670-0-cib-300x300.jpg 300w, https:\/\/www.cosmepak.com\/wp-content\/uploads\/2025\/03\/O1CN01JfNHRQ2LIun2iD2BA_2210292069670-0-cib-150x150.jpg 150w, https:\/\/www.cosmepak.com\/wp-content\/uploads\/2025\/03\/O1CN01JfNHRQ2LIun2iD2BA_2210292069670-0-cib-768x768.jpg 768w, https:\/\/www.cosmepak.com\/wp-content\/uploads\/2025\/03\/O1CN01JfNHRQ2LIun2iD2BA_2210292069670-0-cib-600x600.jpg 600w, https:\/\/www.cosmepak.com\/wp-content\/uploads\/2025\/03\/O1CN01JfNHRQ2LIun2iD2BA_2210292069670-0-cib-100x100.jpg 100w\" sizes=\"(max-width: 672px) 100vw, 672px\" \/><img decoding=\"async\" class=\"alignnone wp-image-1434\" src=\"https:\/\/www.cosmepak.com\/wp-content\/uploads\/2025\/03\/O1CN016BGajl25jRq33cGtw_2778787562-0-cib.jpg\" alt=\"frasco de perfume3\" width=\"672\" height=\"672\" srcset=\"https:\/\/www.cosmepak.com\/wp-content\/uploads\/2025\/03\/O1CN016BGajl25jRq33cGtw_2778787562-0-cib.jpg 1000w, https:\/\/www.cosmepak.com\/wp-content\/uploads\/2025\/03\/O1CN016BGajl25jRq33cGtw_2778787562-0-cib-300x300.jpg 300w, https:\/\/www.cosmepak.com\/wp-content\/uploads\/2025\/03\/O1CN016BGajl25jRq33cGtw_2778787562-0-cib-150x150.jpg 150w, https:\/\/www.cosmepak.com\/wp-content\/uploads\/2025\/03\/O1CN016BGajl25jRq33cGtw_2778787562-0-cib-768x768.jpg 768w, https:\/\/www.cosmepak.com\/wp-content\/uploads\/2025\/03\/O1CN016BGajl25jRq33cGtw_2778787562-0-cib-600x600.jpg 600w, https:\/\/www.cosmepak.com\/wp-content\/uploads\/2025\/03\/O1CN016BGajl25jRq33cGtw_2778787562-0-cib-100x100.jpg 100w\" sizes=\"(max-width: 672px) 100vw, 672px\" \/><\/p>\n<table style=\"border-collapse: collapse; width: 100%;\">\n<tbody>\n<tr>\n<td style=\"width: 40.1818%;\"><img loading=\"lazy\" decoding=\"async\" class=\"alignnone size-full wp-image-1346\" src=\"https:\/\/www.cosmepak.com\/wp-content\/uploads\/2024\/12\/company_\u526f\u672c.jpg\" alt=\"\" width=\"1060\" height=\"764\" srcset=\"https:\/\/www.cosmepak.com\/wp-content\/uploads\/2024\/12\/company_\u526f\u672c.jpg 1060w, https:\/\/www.cosmepak.com\/wp-content\/uploads\/2024\/12\/company_\u526f\u672c-300x216.jpg 300w, https:\/\/www.cosmepak.com\/wp-content\/uploads\/2024\/12\/company_\u526f\u672c-1024x738.jpg 1024w, https:\/\/www.cosmepak.com\/wp-content\/uploads\/2024\/12\/company_\u526f\u672c-768x554.jpg 768w, https:\/\/www.cosmepak.com\/wp-content\/uploads\/2024\/12\/company_\u526f\u672c-600x432.jpg 600w\" sizes=\"(max-width: 1060px) 100vw, 1060px\" \/><\/td>\n<td style=\"width: 59.8182%;\">Nossa f\u00e1brica foi fundada no ano de 2014, e nossa f\u00e1brica se especializou na fabrica\u00e7\u00e3o de embalagens cosm\u00e9ticas h\u00e1 mais de 10 anos;<\/p>\n<p>\u2611  Agora temos uma f\u00e1brica para garrafas de vidro, a capacidade pode ser de 400.000 pcs por dia.<br \/>\n\u2611  1Fabrica para garrafas pl\u00e1sticas, a capacidade pode ser de 50.000 pcs\/dia.<br \/>\n\u2611  1 f\u00e1brica para garrafas de aluno, a capacidade pode ser de 100.000 pcs por dia.<br \/>\nN\u00f3s t\u00ednhamos aprovado a certifica\u00e7\u00e3o ISO9000\/14000, podemos fornecer SGS e MSDS tamb\u00e9m.<br \/>\nEstamos aderindo ao princ\u00edpio de neg\u00f3cios honestos a todos os clientes.<br \/>\nBem -vindo para cooperar!<\/td>\n<\/tr>\n<\/tbody>\n<\/table>\n<p><img loading=\"lazy\" decoding=\"async\" class=\"alignnone size-full wp-image-1347\" src=\"https:\/\/www.cosmepak.com\/wp-content\/uploads\/2024\/12\/\u9996\u987519202_03.jpg\" alt=\"espet\u00e1culo de f\u00e1brica\" width=\"1920\" height=\"885\" srcset=\"https:\/\/www.cosmepak.com\/wp-content\/uploads\/2024\/12\/\u9996\u987519202_03.jpg 1920w, https:\/\/www.cosmepak.com\/wp-content\/uploads\/2024\/12\/\u9996\u987519202_03-300x138.jpg 300w, https:\/\/www.cosmepak.com\/wp-content\/uploads\/2024\/12\/\u9996\u987519202_03-1024x472.jpg 1024w, https:\/\/www.cosmepak.com\/wp-content\/uploads\/2024\/12\/\u9996\u987519202_03-768x354.jpg 768w, https:\/\/www.cosmepak.com\/wp-content\/uploads\/2024\/12\/\u9996\u987519202_03-1536x708.jpg 1536w, https:\/\/www.cosmepak.com\/wp-content\/uploads\/2024\/12\/\u9996\u987519202_03-600x277.jpg 600w\" sizes=\"(max-width: 1920px) 100vw, 1920px\" \/><\/p>","protected":false},"excerpt":{"rendered":"<p>Material de garrafa: vidro<\/p>\n<p>Capabilidade: 30ml<\/p>\n<p>Tamanho: OD: 38mm;<\/p>\n<p>Single Weight: 89.4g<\/p>\n<p>Cor: Qualquer cor Pantone dispon\u00edvel<\/p>\n<p>Acabamento de superf\u00edcie: impress\u00e3o de tela, estampagem a quente, gradiente de pulveriza\u00e7\u00e3o, acabamento fosco, etc.<\/p>\n<p>MOQ: 5000pcs;<\/p>\n<p>&nbsp;<\/p>","protected":false},"featured_media":1431,"comment_status":"closed","ping_status":"closed","template":"","meta":{"_acf_changed":false},"product_brand":[],"product_cat":[17],"product_tag":[],"class_list":{"0":"post-1428","1":"product","2":"type-product","3":"status-publish","4":"has-post-thumbnail","6":"product_cat-perfume-bottle","8":"first","9":"outofstock","10":"shipping-taxable","11":"product-type-simple"},"acf":[],"_links":{"self":[{"href":"https:\/\/www.cosmepak.com\/pt\/wp-json\/wp\/v2\/product\/1428","targetHints":{"allow":["GET"]}}],"collection":[{"href":"https:\/\/www.cosmepak.com\/pt\/wp-json\/wp\/v2\/product"}],"about":[{"href":"https:\/\/www.cosmepak.com\/pt\/wp-json\/wp\/v2\/types\/product"}],"replies":[{"embeddable":true,"href":"https:\/\/www.cosmepak.com\/pt\/wp-json\/wp\/v2\/comments?post=1428"}],"wp:featuredmedia":[{"embeddable":true,"href":"https:\/\/www.cosmepak.com\/pt\/wp-json\/wp\/v2\/media\/1431"}],"wp:attachment":[{"href":"https:\/\/www.cosmepak.com\/pt\/wp-json\/wp\/v2\/media?parent=1428"}],"wp:term":[{"taxonomy":"product_brand","embeddable":true,"href":"https:\/\/www.cosmepak.com\/pt\/wp-json\/wp\/v2\/product_brand?post=1428"},{"taxonomy":"product_cat","embeddable":true,"href":"https:\/\/www.cosmepak.com\/pt\/wp-json\/wp\/v2\/product_cat?post=1428"},{"taxonomy":"product_tag","embeddable":true,"href":"https:\/\/www.cosmepak.com\/pt\/wp-json\/wp\/v2\/product_tag?post=1428"}],"curies":[{"name":"wp","href":"https:\/\/api.w.org\/{rel}","templated":true}]}}