{"id":1435,"date":"2025-03-27T13:56:11","date_gmt":"2025-03-27T05:56:11","guid":{"rendered":"https:\/\/www.cosmepak.com\/?post_type=product&#038;p=1435"},"modified":"2025-09-09T16:05:38","modified_gmt":"2025-09-09T08:05:38","slug":"lipglosstube-3-2","status":"publish","type":"product","link":"https:\/\/www.cosmepak.com\/pt\/product\/lipglosstube-3-2\/","title":{"rendered":"Lip Gloss Gloss-High-High Metal Round Batom \/Jaunce"},"content":{"rendered":"<table style=\"border-collapse: collapse; width: 100%; height: 240px;\">\n<tbody>\n<tr style=\"height: 24px;\">\n<td style=\"width: 24.7995%; height: 24px;\">Marca<\/td>\n<td style=\"width: 75.2005%; height: 24px;\">\u00a0Jaunce<\/td>\n<\/tr>\n<tr style=\"height: 24px;\">\n<td style=\"width: 24.7995%; height: 24px;\">Capacidade<\/td>\n<td style=\"width: 75.2005%; height: 24px;\">3.5g<\/td>\n<\/tr>\n<tr style=\"height: 24px;\">\n<td style=\"width: 24.7995%; height: 24px;\">Forma<\/td>\n<td style=\"width: 75.2005%; height: 24px;\">Redondo<\/td>\n<\/tr>\n<tr style=\"height: 24px;\">\n<td style=\"width: 24.7995%; height: 24px;\">Tamanho<\/td>\n<td style=\"width: 75.2005%; height: 24px;\">18,5*85mm<\/td>\n<\/tr>\n<tr style=\"height: 24px;\">\n<td style=\"width: 24.7995%; height: 24px;\">Acess\u00f3rio<\/td>\n<td style=\"width: 75.2005%; height: 24px;\">\u00a0Cap<\/td>\n<\/tr>\n<tr style=\"height: 24px;\">\n<td style=\"width: 24.7995%; height: 24px;\">Modelo<\/td>\n<td style=\"width: 75.2005%; height: 24px;\">JH-JZ-3634<\/td>\n<\/tr>\n<tr style=\"height: 24px;\">\n<td style=\"width: 24.7995%; height: 24px;\">OEM\/ODM<\/td>\n<td style=\"width: 75.2005%; height: 24px;\">Aceitar<\/td>\n<\/tr>\n<tr style=\"height: 24px;\">\n<td style=\"width: 24.7995%; height: 24px;\">Cor<\/td>\n<td style=\"width: 75.2005%; height: 24px;\">Personalizado<\/td>\n<\/tr>\n<tr style=\"height: 24px;\">\n<td style=\"width: 24.7995%; height: 24px;\">MOQ<\/td>\n<td style=\"width: 75.2005%; height: 24px;\">10000pcs<\/td>\n<\/tr>\n<\/tbody>\n<\/table>\n<p>&nbsp;<\/p>\n<p><img fetchpriority=\"high\" decoding=\"async\" class=\"alignnone wp-image-1438\" src=\"https:\/\/www.cosmepak.com\/wp-content\/uploads\/2025\/03\/photobank-2-2.jpg\" alt=\"tubo de labirinto\" width=\"1394\" height=\"1394\" srcset=\"https:\/\/www.cosmepak.com\/wp-content\/uploads\/2025\/03\/photobank-2-2.jpg 1000w, https:\/\/www.cosmepak.com\/wp-content\/uploads\/2025\/03\/photobank-2-2-300x300.jpg 300w, https:\/\/www.cosmepak.com\/wp-content\/uploads\/2025\/03\/photobank-2-2-150x150.jpg 150w, https:\/\/www.cosmepak.com\/wp-content\/uploads\/2025\/03\/photobank-2-2-768x768.jpg 768w, https:\/\/www.cosmepak.com\/wp-content\/uploads\/2025\/03\/photobank-2-2-600x600.jpg 600w, https:\/\/www.cosmepak.com\/wp-content\/uploads\/2025\/03\/photobank-2-2-100x100.jpg 100w\" sizes=\"(max-width: 1394px) 100vw, 1394px\" \/><img decoding=\"async\" class=\"alignnone wp-image-1439\" src=\"https:\/\/www.cosmepak.com\/wp-content\/uploads\/2025\/03\/photobank-3-1.jpg\" alt=\"\" width=\"1396\" height=\"1396\" srcset=\"https:\/\/www.cosmepak.com\/wp-content\/uploads\/2025\/03\/photobank-3-1.jpg 1000w, https:\/\/www.cosmepak.com\/wp-content\/uploads\/2025\/03\/photobank-3-1-300x300.jpg 300w, https:\/\/www.cosmepak.com\/wp-content\/uploads\/2025\/03\/photobank-3-1-150x150.jpg 150w, https:\/\/www.cosmepak.com\/wp-content\/uploads\/2025\/03\/photobank-3-1-768x768.jpg 768w, https:\/\/www.cosmepak.com\/wp-content\/uploads\/2025\/03\/photobank-3-1-600x600.jpg 600w, https:\/\/www.cosmepak.com\/wp-content\/uploads\/2025\/03\/photobank-3-1-100x100.jpg 100w\" sizes=\"(max-width: 1396px) 100vw, 1396px\" \/><img decoding=\"async\" class=\"alignnone wp-image-1440\" src=\"https:\/\/www.cosmepak.com\/wp-content\/uploads\/2025\/03\/photobank-5-1.jpg\" alt=\"\" width=\"1391\" height=\"1391\" srcset=\"https:\/\/www.cosmepak.com\/wp-content\/uploads\/2025\/03\/photobank-5-1.jpg 1000w, https:\/\/www.cosmepak.com\/wp-content\/uploads\/2025\/03\/photobank-5-1-300x300.jpg 300w, https:\/\/www.cosmepak.com\/wp-content\/uploads\/2025\/03\/photobank-5-1-150x150.jpg 150w, https:\/\/www.cosmepak.com\/wp-content\/uploads\/2025\/03\/photobank-5-1-768x768.jpg 768w, https:\/\/www.cosmepak.com\/wp-content\/uploads\/2025\/03\/photobank-5-1-600x600.jpg 600w, https:\/\/www.cosmepak.com\/wp-content\/uploads\/2025\/03\/photobank-5-1-100x100.jpg 100w\" sizes=\"(max-width: 1391px) 100vw, 1391px\" \/><img loading=\"lazy\" decoding=\"async\" class=\"alignnone wp-image-1441\" src=\"https:\/\/www.cosmepak.com\/wp-content\/uploads\/2025\/03\/photobank-4-1.jpg\" alt=\"\" width=\"1386\" height=\"1386\" srcset=\"https:\/\/www.cosmepak.com\/wp-content\/uploads\/2025\/03\/photobank-4-1.jpg 1000w, https:\/\/www.cosmepak.com\/wp-content\/uploads\/2025\/03\/photobank-4-1-300x300.jpg 300w, https:\/\/www.cosmepak.com\/wp-content\/uploads\/2025\/03\/photobank-4-1-150x150.jpg 150w, https:\/\/www.cosmepak.com\/wp-content\/uploads\/2025\/03\/photobank-4-1-768x768.jpg 768w, https:\/\/www.cosmepak.com\/wp-content\/uploads\/2025\/03\/photobank-4-1-600x600.jpg 600w, https:\/\/www.cosmepak.com\/wp-content\/uploads\/2025\/03\/photobank-4-1-100x100.jpg 100w\" sizes=\"(max-width: 1386px) 100vw, 1386px\" \/><\/p>\n<p>&nbsp;<\/p>\n<p class=\"ai-center-markdown-p\"><strong class=\"ai-center-markdown-strong\" data-spm-anchor-id=\"a2700.micro_cgs_home.0.i19.6e743e5ftETPZu\">T\u00edtulo: A eleg\u00e2ncia e pr\u00e1tica dos tubos de Lipstick de Matte Platinum Round com embalagem de pl\u00e1stico de 11,1 mm<\/strong><\/p>\n<p class=\"ai-center-markdown-p\">No mundo competitivo dos cosm\u00e9ticos, embalagens desempenham um papel crucial em atrair clientes e melhorar a experi\u00eancia geral do usu\u00e1rio. Uma das op\u00e7\u00f5es de destaque no mercado hoje \u00e9 o tubo de labirinto redondo de platina de mat\u00e9 com uma embalagem pl\u00e1stica de 11,1 mm. Este artigo explora a eleg\u00e2ncia, a pr\u00e1tica e os benef\u00edcios dessa solu\u00e7\u00e3o inovadora de embalagem.<\/p>\n<h3 id=\"elegance-in-design\" class=\"ai-center-markdown-h3\">Eleg\u00eancia no Design<\/h3>\n<p class=\"ai-center-markdown-p\">A finaliza\u00e7\u00e3o de mat\u00e9 platino desses tubos de labirintos exude um senso de luxo e sofistica\u00e7\u00e3o. A forma bonita e redonda se encaixa confortavelmente na m\u00e3o, tornando-a uma adi\u00e7\u00e3o atraente a qualquer cole\u00e7\u00e3o de maquilhagem. O design esquisito na abertura adiciona um giro moderno, tornando-o n\u00e3o s\u00f3 estilo, mas tamb\u00e9m funcional para aplica\u00e7\u00e3o precisa.<\/p>\n<h3 id=\"practicality-and-durability\" class=\"ai-center-markdown-h3\">Practicalidade e Durabilidade<\/h3>\n<p class=\"ai-center-markdown-p\">Embalagem pl\u00e1stica oferece v\u00e1rias vantagens, incluindo durabilidade e propriedades ligeiras. O tamanho de 11,1 mm \u00e9 perfeito para balas de labirinto padr\u00e3o, assegurando uma aplica\u00e7\u00e3o r\u00e1pida e f\u00e1cil. O final de mat\u00e9 n\u00e3o s\u00f3 parece elegante, mas tamb\u00e9m proporciona uma agarra sem deslizar, reduzindo o risco de gotas acidentais.<\/p>\n<h3 id=\"benefits-for-manufacturers-and-consumers\" class=\"ai-center-markdown-h3\">Benef\u00edcios para Fabricantes e Consumidores<\/h3>\n<p class=\"ai-center-markdown-p\">Para os fabricantes, esses tubos de labirintos s\u00e3o custo-eficazes e f\u00e1ceis de produzir em grandes quantidades. O material pl\u00e1stico permite uma ampla gama de op\u00e7\u00f5es de personaliza\u00e7\u00e3o, desde varia\u00e7\u00f5es de cores at\u00e9 oportunidades de marca. Para os consumidores, o tubo de labirinto redondo de platina de mat\u00e9 oferece uma sensa\u00e7\u00e3o prim\u00e1ria sem a marca de pre\u00e7o elevada associada \u00e0 embalagem de metal.<\/p>\n<h3 id=\"environmental-considerations\" class=\"ai-center-markdown-h3\">Considera\u00e7\u00f5es ambientais<\/h3>\n<p class=\"ai-center-markdown-p\">Enquanto o pl\u00e1stico \u00e9 muitas vezes criticado pelo seu impacto ambiental, avan\u00e7os em materiais ecol\u00f3gicos e tecnologias de reciclagem possibilitaram produzir embalagens pl\u00e1sticas mais sustent\u00e1veis. Os fabricantes podem optar por pl\u00e1sticos reciclables ou biodegrad\u00e1veis, reduzindo a impress\u00e3o ambiental de seus produtos.<\/p>\n<h3 id=\"conclusion\" class=\"ai-center-markdown-h3\">Conclus\u00e3o<\/h3>\n<p class=\"ai-center-markdown-p\">O tubo de labirinto redondo de platina de mat\u00e9 com embalagem pl\u00e1stica de 11,1 mm de corte \u00e9 uma mistura perfeita de eleg\u00e2ncia e pr\u00e1tica. Sua apar\u00eancia luxuosa, combinada com seu design funcional e custo-efic\u00e1cia, faz com que seja uma escolha ideal tanto para fabricantes como para consumidores. \u00c0 medida que a ind\u00fastria cosm\u00e9tica continua a evoluir, solu\u00e7\u00f5es inovadoras de embalagem como esta seguramente ir\u00e3o desempenhar um papel fundamental na forma\u00e7\u00e3o do futuro dos produtos de beleza.<\/p>\n<p><img loading=\"lazy\" decoding=\"async\" class=\"alignnone size-full wp-image-1347\" src=\"https:\/\/www.cosmepak.com\/wp-content\/uploads\/2024\/12\/\u9996\u987519202_03.jpg\" alt=\"\" width=\"1920\" height=\"885\" srcset=\"https:\/\/www.cosmepak.com\/wp-content\/uploads\/2024\/12\/\u9996\u987519202_03.jpg 1920w, https:\/\/www.cosmepak.com\/wp-content\/uploads\/2024\/12\/\u9996\u987519202_03-300x138.jpg 300w, https:\/\/www.cosmepak.com\/wp-content\/uploads\/2024\/12\/\u9996\u987519202_03-1024x472.jpg 1024w, https:\/\/www.cosmepak.com\/wp-content\/uploads\/2024\/12\/\u9996\u987519202_03-768x354.jpg 768w, https:\/\/www.cosmepak.com\/wp-content\/uploads\/2024\/12\/\u9996\u987519202_03-1536x708.jpg 1536w, https:\/\/www.cosmepak.com\/wp-content\/uploads\/2024\/12\/\u9996\u987519202_03-600x277.jpg 600w\" sizes=\"(max-width: 1920px) 100vw, 1920px\" \/> <img loading=\"lazy\" decoding=\"async\" class=\"alignnone size-full wp-image-1348\" src=\"https:\/\/www.cosmepak.com\/wp-content\/uploads\/2024\/12\/\u9996\u987519202_04.jpg\" alt=\"\" width=\"1920\" height=\"694\" srcset=\"https:\/\/www.cosmepak.com\/wp-content\/uploads\/2024\/12\/\u9996\u987519202_04.jpg 1920w, https:\/\/www.cosmepak.com\/wp-content\/uploads\/2024\/12\/\u9996\u987519202_04-300x108.jpg 300w, https:\/\/www.cosmepak.com\/wp-content\/uploads\/2024\/12\/\u9996\u987519202_04-1024x370.jpg 1024w, https:\/\/www.cosmepak.com\/wp-content\/uploads\/2024\/12\/\u9996\u987519202_04-768x278.jpg 768w, https:\/\/www.cosmepak.com\/wp-content\/uploads\/2024\/12\/\u9996\u987519202_04-1536x555.jpg 1536w, https:\/\/www.cosmepak.com\/wp-content\/uploads\/2024\/12\/\u9996\u987519202_04-600x217.jpg 600w\" sizes=\"(max-width: 1920px) 100vw, 1920px\" \/><\/p>\n<p><img loading=\"lazy\" decoding=\"async\" class=\"alignnone size-full wp-image-1350\" src=\"https:\/\/www.cosmepak.com\/wp-content\/uploads\/2024\/12\/\u9996\u987519202_05-1.jpg\" alt=\"\" width=\"1920\" height=\"970\" srcset=\"https:\/\/www.cosmepak.com\/wp-content\/uploads\/2024\/12\/\u9996\u987519202_05-1.jpg 1920w, https:\/\/www.cosmepak.com\/wp-content\/uploads\/2024\/12\/\u9996\u987519202_05-1-300x152.jpg 300w, https:\/\/www.cosmepak.com\/wp-content\/uploads\/2024\/12\/\u9996\u987519202_05-1-1024x517.jpg 1024w, https:\/\/www.cosmepak.com\/wp-content\/uploads\/2024\/12\/\u9996\u987519202_05-1-768x388.jpg 768w, https:\/\/www.cosmepak.com\/wp-content\/uploads\/2024\/12\/\u9996\u987519202_05-1-1536x776.jpg 1536w, https:\/\/www.cosmepak.com\/wp-content\/uploads\/2024\/12\/\u9996\u987519202_05-1-600x303.jpg 600w\" sizes=\"(max-width: 1920px) 100vw, 1920px\" \/><\/p>\n<p><img loading=\"lazy\" decoding=\"async\" class=\"alignnone wp-image-1351\" src=\"https:\/\/www.cosmepak.com\/wp-content\/uploads\/2024\/12\/\u7269\u6d41\u8fd0\u8f93\u753b\u9762-2.jpg\" alt=\"\" width=\"1424\" height=\"1068\" srcset=\"https:\/\/www.cosmepak.com\/wp-content\/uploads\/2024\/12\/\u7269\u6d41\u8fd0\u8f93\u753b\u9762-2.jpg 800w, https:\/\/www.cosmepak.com\/wp-content\/uploads\/2024\/12\/\u7269\u6d41\u8fd0\u8f93\u753b\u9762-2-300x225.jpg 300w, https:\/\/www.cosmepak.com\/wp-content\/uploads\/2024\/12\/\u7269\u6d41\u8fd0\u8f93\u753b\u9762-2-768x576.jpg 768w, https:\/\/www.cosmepak.com\/wp-content\/uploads\/2024\/12\/\u7269\u6d41\u8fd0\u8f93\u753b\u9762-2-600x450.jpg 600w\" sizes=\"(max-width: 1424px) 100vw, 1424px\" \/><\/p>\n<table style=\"border-collapse: collapse; width: 100%; height: 144px;\">\n<tbody>\n<tr style=\"height: 24px;\">\n<td style=\"width: 33.3333%; text-align: center; height: 24px;\"><span style=\"font-size: 14pt;\"><strong>Expressar<\/strong><\/span><\/td>\n<td style=\"width: 33.3333%; text-align: center; height: 24px;\"><span style=\"font-size: 14pt;\"><strong>Frete a\u00e9reo<\/strong><\/span><\/td>\n<td style=\"width: 33.3333%; text-align: center; height: 24px;\"><span style=\"font-size: 14pt;\"><strong>Transporte mar\u00edtimo<\/strong><\/span><\/td>\n<\/tr>\n<tr style=\"height: 24px;\">\n<td style=\"width: 33.3333%; text-align: center; height: 24px;\">Europa de 4 a 6 dias<\/td>\n<td style=\"width: 33.3333%; text-align: center; height: 24px;\">Europa de 4 a 6 dias<\/td>\n<td style=\"width: 33.3333%; text-align: center; height: 24px;\">Europa de 25 a 35 dias<\/td>\n<\/tr>\n<tr style=\"height: 24px;\">\n<td style=\"width: 33.3333%; text-align: center; height: 24px;\">Morth America de 4 a 6 dias<\/td>\n<td style=\"width: 33.3333%; text-align: center; height: 24px;\">Morth America de 4 a 6 dias<\/td>\n<td style=\"width: 33.3333%; text-align: center; height: 24px;\">Morth America de 25 a 35 dias<\/td>\n<\/tr>\n<tr style=\"height: 24px;\">\n<td style=\"width: 33.3333%; text-align: center; height: 24px;\">Sudeste Asi\u00e1tico de 3 a 5 dias<\/td>\n<td style=\"width: 33.3333%; text-align: center; height: 24px;\">Sudeste Asi\u00e1tico de 3 a 5 dias<\/td>\n<td style=\"width: 33.3333%; text-align: center; height: 24px;\">Sudeste Asi\u00e1tico de 25 a 35 dias<\/td>\n<\/tr>\n<tr style=\"height: 24px;\">\n<td style=\"width: 33.3333%; text-align: center; height: 24px;\">O Oriente M\u00e9dio de 4 a 6 dias<\/td>\n<td style=\"width: 33.3333%; text-align: center; height: 24px;\">O Oriente M\u00e9dio de 4 a 6 dias<\/td>\n<td style=\"width: 33.3333%; text-align: center; height: 24px;\">O Oriente M\u00e9dio de 25 a 35 dias<\/td>\n<\/tr>\n<tr style=\"height: 24px;\">\n<td style=\"width: 33.3333%; text-align: center; height: 24px;\">\u00c1frica do Sul de 5 a 8 dias<\/td>\n<td style=\"width: 33.3333%; text-align: center; height: 24px;\">\u00c1frica do Sul de 5 a 8 dias<\/td>\n<td style=\"width: 33.3333%; text-align: center; height: 24px;\">\u00c1frica do Sul 25-35 dias<\/td>\n<\/tr>\n<\/tbody>\n<\/table>\n<p><span style=\"font-size: 14pt;\"><strong>PERGUNTAS FREQUENTES:\u00a0<\/strong><\/span><\/p>\n<h3 id=\"why-should-you-buy-from-us-instead-of-other-suppliers\" class=\"ai-center-markdown-h3\" data-spm-anchor-id=\"a2700.micro_cgs_home.0.i14.6e743e5ftETPZu\">Por que voc\u00ea deveria comprar de n\u00f3s em vez de outros fornecedores?<\/h3>\n<p class=\"ai-center-markdown-p\"><strong class=\"ai-center-markdown-strong\">Desenhos Personalizados em apenas 3 minutos:<\/strong>\u00a0Servi\u00e7os de design r\u00e1pido e eficientes adaptados \u00e0s suas necessidades.<\/p>\n<p class=\"ai-center-markdown-p\"><strong class=\"ai-center-markdown-strong\">Servi\u00e7o Online 24\/7:<\/strong>\u00a0Sempre dispon\u00edvel para ajudar voc\u00ea, independentemente do tempo.<\/p>\n<p class=\"ai-center-markdown-p\"><strong class=\"ai-center-markdown-strong\">Fast Sample Turnaround:<\/strong>\u00a0Mostras de a\u00e7\u00f5es dispon\u00edveis em 7 dias, amostras impressas personalizadas em 15 dias.<\/p>\n<p class=\"ai-center-markdown-p\"><strong class=\"ai-center-markdown-strong\">Reliable Lead Time:<\/strong>\u00a0Tempo consistente de 35 dias para as suas ordens.<\/p>\n<p class=\"ai-center-markdown-p\"><strong class=\"ai-center-markdown-strong\">Expertiza Provada:<\/strong>\u00a0Mais de 10 anos de experi\u00eancia na ind\u00fastria de embalagens de cosm\u00e9ticos.<\/p>\n<p class=\"ai-center-markdown-p\"><strong class=\"ai-center-markdown-strong\">Factory Direct:<\/strong>\u00a0Os melhores pre\u00e7os e servi\u00e7os diretamente da nossa f\u00e1brica.<\/p>\n<p class=\"ai-center-markdown-p\"><strong class=\"ai-center-markdown-strong\">Solu\u00e7\u00f5es Comprensivas:<\/strong>\u00a0Solu\u00e7\u00e3o de um ponto para todas as necessidades de embalagem de cosm\u00e9ticos.<\/p>\n<h3 id=\"who-are-we\" class=\"ai-center-markdown-h3\">Quem somos n\u00f3s?<\/h3>\n<p class=\"ai-center-markdown-p\">Somos uma empresa de embalagens de cosm\u00e9ticos com sede em Zhejiang, China, estabelecida em 2014. Nossos mercados prim\u00e1rios incluem:<\/p>\n<div class=\"ai-center-markdown-table-scroll-container\">\n<table class=\"ai-center-markdown-table\">\n<thead class=\"ai-center-markdown-thead\">\n<tr class=\"ai-center-markdown-tr\">\n<th class=\"ai-center-markdown-th\" width=\"fit-content\">Regi\u00e3o<\/th>\n<th class=\"ai-center-markdown-th\" width=\"fit-content\">Parte de mercado<\/th>\n<\/tr>\n<\/thead>\n<tbody class=\"ai-center-markdown-tbody\">\n<tr class=\"ai-center-markdown-tr\">\n<td class=\"ai-center-markdown-td\" width=\"fit-content\">Mercado Interno<\/td>\n<td class=\"ai-center-markdown-td\" width=\"fit-content\">70%<\/td>\n<\/tr>\n<tr class=\"ai-center-markdown-tr\">\n<td class=\"ai-center-markdown-td\" width=\"fit-content\">Oceania<\/td>\n<td class=\"ai-center-markdown-td\" width=\"fit-content\">8%<\/td>\n<\/tr>\n<tr class=\"ai-center-markdown-tr\">\n<td class=\"ai-center-markdown-td\" width=\"fit-content\">Oriente M\u00e9dio<\/td>\n<td class=\"ai-center-markdown-td\" width=\"fit-content\">7%<\/td>\n<\/tr>\n<tr class=\"ai-center-markdown-tr\">\n<td class=\"ai-center-markdown-td\" width=\"fit-content\">\u00c1sia Oriental<\/td>\n<td class=\"ai-center-markdown-td\" width=\"fit-content\">2%<\/td>\n<\/tr>\n<tr class=\"ai-center-markdown-tr\">\n<td class=\"ai-center-markdown-td\" width=\"fit-content\">Am\u00e9rica do Norte<\/td>\n<td class=\"ai-center-markdown-td\" width=\"fit-content\">2%<\/td>\n<\/tr>\n<tr class=\"ai-center-markdown-tr\">\n<td class=\"ai-center-markdown-td\" width=\"fit-content\">Europa Ocidental<\/td>\n<td class=\"ai-center-markdown-td\" width=\"fit-content\">2%<\/td>\n<\/tr>\n<tr class=\"ai-center-markdown-tr\">\n<td class=\"ai-center-markdown-td\" width=\"fit-content\">\u00c1sia do Sudeste<\/td>\n<td class=\"ai-center-markdown-td\" width=\"fit-content\">2%<\/td>\n<\/tr>\n<tr class=\"ai-center-markdown-tr\">\n<td class=\"ai-center-markdown-td\" width=\"fit-content\">\u00c1sia do Sul<\/td>\n<td class=\"ai-center-markdown-td\" width=\"fit-content\">1%<\/td>\n<\/tr>\n<tr class=\"ai-center-markdown-tr\">\n<td class=\"ai-center-markdown-td\" width=\"fit-content\">Am\u00e9rica do Sul<\/td>\n<td class=\"ai-center-markdown-td\" width=\"fit-content\">1%<\/td>\n<\/tr>\n<tr class=\"ai-center-markdown-tr\">\n<td class=\"ai-center-markdown-td\" width=\"fit-content\">Europa do Sul<\/td>\n<td class=\"ai-center-markdown-td\" width=\"fit-content\">1%<\/td>\n<\/tr>\n<tr class=\"ai-center-markdown-tr\">\n<td class=\"ai-center-markdown-td\" width=\"fit-content\">Am\u00e9rica Central<\/td>\n<td class=\"ai-center-markdown-td\" width=\"fit-content\">1%<\/td>\n<\/tr>\n<tr class=\"ai-center-markdown-tr\">\n<td class=\"ai-center-markdown-td\" width=\"fit-content\">Europa do Norte<\/td>\n<td class=\"ai-center-markdown-td\" width=\"fit-content\">1%<\/td>\n<\/tr>\n<tr class=\"ai-center-markdown-tr\">\n<td class=\"ai-center-markdown-td\" width=\"fit-content\">\u00c1frica<\/td>\n<td class=\"ai-center-markdown-td\" width=\"fit-content\">1%<\/td>\n<\/tr>\n<tr class=\"ai-center-markdown-tr\">\n<td class=\"ai-center-markdown-td\" width=\"fit-content\">Europa Oriental<\/td>\n<td class=\"ai-center-markdown-td\" width=\"fit-content\">1%<\/td>\n<\/tr>\n<\/tbody>\n<\/table>\n<\/div>\n<h3 id=\"how-can-we-guarantee-quality\" class=\"ai-center-markdown-h3\">Como podemos garantir a qualidade?<\/h3>\n<ul class=\"ai-center-markdown-ul\">\n<li class=\"ai-center-markdown-li\"><strong class=\"ai-center-markdown-strong\">Mostras de pr\u00e9-produ\u00e7\u00e3o:<\/strong>\u00a0Sempre fornecido antes da produ\u00e7\u00e3o em massa.<\/li>\n<li class=\"ai-center-markdown-li\"><strong class=\"ai-center-markdown-strong\">Inspec\u00e7\u00e3o Final:<\/strong>\u00a0Inspec\u00e7\u00e3o completa antes da expedi\u00e7\u00e3o.<\/li>\n<\/ul>\n<h3 id=\"what-can-you-buy-from-us\" class=\"ai-center-markdown-h3\">O que voc\u00ea pode comprar de n\u00f3s?<\/h3>\n<ul class=\"ai-center-markdown-ul\">\n<li class=\"ai-center-markdown-li\">Botelas de vidro<\/li>\n<li class=\"ai-center-markdown-li\">Botelas de pl\u00e1stico\/Jars\/Tubes<\/li>\n<li class=\"ai-center-markdown-li\">Botelas de alum\u00ednio\/Jars\/Tubes<\/li>\n<li class=\"ai-center-markdown-li\">Diversos materiais de embalagem de cosm\u00e9ticos<\/li>\n<\/ul>\n<h3 id=\"what-services-can-we-provide\" class=\"ai-center-markdown-h3\">Que servi\u00e7os podemos fornecer?<\/h3>\n<ul class=\"ai-center-markdown-ul\">\n<li class=\"ai-center-markdown-li\"><strong class=\"ai-center-markdown-strong\">Condi\u00e7\u00f5es de entrega:<\/strong>\u00a0FOB, CFR, CIF<\/li>\n<li class=\"ai-center-markdown-li\"><strong class=\"ai-center-markdown-strong\">Valores de pagamento:<\/strong>\u00a0USD, EUR, HKD, CNY<\/li>\n<li class=\"ai-center-markdown-li\"><strong class=\"ai-center-markdown-strong\">Tipos de pagamento:<\/strong>\u00a0T\/T, L\/C, D\/P, D\/A<\/li>\n<\/ul>","protected":false},"excerpt":{"rendered":"<p>Material: ABS<\/p>\n<p>Capacity: 3.5g<\/p>\n<p>Size: 85*18.5mm<\/p>\n<p>Cor: Aceite personalizado (qualquer cor Pantone dispon\u00edvel)<\/p>\n<p>Acabamento de superf\u00edcie: Impress\u00e3o de tela, estampagem a quente, acabamento fosco, etc.<\/p>\n<p>MOQ: 10000pcs<\/p>\n<p>Amostra: amostras gratuitas dispon\u00edveis<\/p>\n<p>&nbsp;<\/p>\n<p>&nbsp;<\/p>","protected":false},"featured_media":1437,"comment_status":"closed","ping_status":"closed","template":"","meta":{"_acf_changed":false},"product_brand":[],"product_cat":[53,36],"product_tag":[39],"class_list":{"0":"post-1435","1":"product","2":"type-product","3":"status-publish","4":"has-post-thumbnail","6":"product_cat-lipstick-tube","7":"product_cat-makeup","8":"product_tag-makeup","10":"first","11":"outofstock","12":"shipping-taxable","13":"product-type-simple"},"acf":[],"_links":{"self":[{"href":"https:\/\/www.cosmepak.com\/pt\/wp-json\/wp\/v2\/product\/1435","targetHints":{"allow":["GET"]}}],"collection":[{"href":"https:\/\/www.cosmepak.com\/pt\/wp-json\/wp\/v2\/product"}],"about":[{"href":"https:\/\/www.cosmepak.com\/pt\/wp-json\/wp\/v2\/types\/product"}],"replies":[{"embeddable":true,"href":"https:\/\/www.cosmepak.com\/pt\/wp-json\/wp\/v2\/comments?post=1435"}],"wp:featuredmedia":[{"embeddable":true,"href":"https:\/\/www.cosmepak.com\/pt\/wp-json\/wp\/v2\/media\/1437"}],"wp:attachment":[{"href":"https:\/\/www.cosmepak.com\/pt\/wp-json\/wp\/v2\/media?parent=1435"}],"wp:term":[{"taxonomy":"product_brand","embeddable":true,"href":"https:\/\/www.cosmepak.com\/pt\/wp-json\/wp\/v2\/product_brand?post=1435"},{"taxonomy":"product_cat","embeddable":true,"href":"https:\/\/www.cosmepak.com\/pt\/wp-json\/wp\/v2\/product_cat?post=1435"},{"taxonomy":"product_tag","embeddable":true,"href":"https:\/\/www.cosmepak.com\/pt\/wp-json\/wp\/v2\/product_tag?post=1435"}],"curies":[{"name":"wp","href":"https:\/\/api.w.org\/{rel}","templated":true}]}}