{"id":1449,"date":"2025-03-27T14:57:05","date_gmt":"2025-03-27T06:57:05","guid":{"rendered":"https:\/\/www.cosmepak.com\/?post_type=product&#038;p=1449"},"modified":"2025-09-30T16:57:41","modified_gmt":"2025-09-30T08:57:41","slug":"perfume-bottle-30ml-colorful-perfume-bottle","status":"publish","type":"product","link":"https:\/\/www.cosmepak.com\/pt\/product\/perfume-bottle-30ml-colorful-perfume-bottle\/","title":{"rendered":"Garrafa de perfume -30ml de perfume colorido de perfume\/ jaunce"},"content":{"rendered":"<table style=\"border-collapse: collapse; width: 100%; height: 216px;\">\n<tbody>\n<tr style=\"height: 24px;\">\n<td style=\"width: 44.5017%; height: 24px; text-align: center;\">Capacidade<\/td>\n<td style=\"width: 55.4983%; height: 24px; text-align: center;\">\u00a030ml<\/td>\n<\/tr>\n<tr style=\"height: 24px;\">\n<td style=\"width: 44.5017%; height: 24px; text-align: center;\">Modelo<\/td>\n<td style=\"width: 55.4983%; height: 24px; text-align: center;\">JH-JS30<\/td>\n<\/tr>\n<tr style=\"height: 24px;\">\n<td style=\"width: 44.5017%; height: 24px; text-align: center;\">Material de garrafa<\/td>\n<td style=\"width: 55.4983%; height: 24px; text-align: center;\">Vidro<\/td>\n<\/tr>\n<tr style=\"height: 24px;\">\n<td style=\"width: 44.5017%; height: 24px; text-align: center;\">Material de capital<\/td>\n<td style=\"width: 55.4983%; height: 24px; text-align: center;\">Pl\u00e1stico<\/td>\n<\/tr>\n<tr style=\"height: 24px;\">\n<td style=\"width: 44.5017%; height: 24px; text-align: center;\">Tamanho<\/td>\n<td style=\"width: 55.4983%; height: 24px; text-align: center;\">37*97mm<\/td>\n<\/tr>\n<tr style=\"height: 24px;\">\n<td style=\"width: 44.5017%; height: 24px; text-align: center;\">Peso<\/td>\n<td style=\"width: 55.4983%; height: 24px; text-align: center;\">90.9g<\/td>\n<\/tr>\n<tr style=\"height: 24px;\">\n<td style=\"width: 44.5017%; height: 24px; text-align: center;\">Personaliza\u00e7\u00e3o<\/td>\n<td style=\"width: 55.4983%; height: 24px; text-align: center;\">Aceitar<\/td>\n<\/tr>\n<tr style=\"height: 24px;\">\n<td style=\"width: 44.5017%; height: 24px; text-align: center;\">Cor<\/td>\n<td style=\"width: 55.4983%; height: 24px; text-align: center;\">Personalizado<\/td>\n<\/tr>\n<tr style=\"height: 24px;\">\n<td style=\"width: 44.5017%; height: 24px; text-align: center;\">OEM\/ODM<\/td>\n<td style=\"width: 55.4983%; height: 24px; text-align: center;\">Aceitar<\/td>\n<\/tr>\n<\/tbody>\n<\/table>\n<p>Esta garrafa de perfume de vidro de 30 ml \u00e9 um acompanhante conveniente para entusiastas de perfume no in\u00edcio. Sua vantagem fundamental reside em &#8220; portabilidade &#8211; Com uma capacidade de 30 ml, n\u00e3o \u00e9 nem muito grande nem muito pequeno, e ganhou e tomar muito espa\u00e7o quando colocado em um saco de m\u00e3o, saco de maquilhagem, ou bagagem durante viagens, permitindo que voc\u00ea aumente seu perfume em qualquer momento e mant\u00e9m uma frag\u00e2ncia encantadora.<\/p>\n<p>Em termos de design, adota o esquema popular de cores de macarone, apresentando um estilo global refrescante, simples e elegante, proporcionando uma experi\u00eancia visual confort\u00e1vel e agrad\u00e1vel. As op\u00e7\u00f5es de cores s\u00e3o muito diversas, cobrindo verde transparente, rosa transparente e roxa transparente com suas texturas transl\u00facidas, bem como tr\u00eas cores ricas e completas de rosa, roxa e verde, atendendo \u00e0s prefer\u00eancias est\u00e9ticas de pessoas diferentes. O que? mais, tamb\u00e9m oferecemos um servi\u00e7o de personaliza\u00e7\u00e3o de cores, permitindo criar uma garrafa personalizada de perfume de cores de acordo com suas necessidades individuais.<\/p>\n<p>Al\u00e9m do esquema de cores de captura ocular, o produto&#8217; os detalhes tamb\u00e9m apresentam projetos engenhosos. Ela est\u00e1 equipada com uma cobertura externa de forma \u00fanica, com duas cores cl\u00e1ssicas de ouro e prata dispon\u00edveis para sele\u00e7\u00e3o. Quando parejado com a garrafa de perfume, ela pode aumentar a eleg\u00e2ncia geral; A parte do pulverizador tamb\u00e9m oferece duas op\u00e7\u00f5es de ouro e prata, n\u00e3o apenas com uma apar\u00eancia bonita, mas tamb\u00e9m fornecendo um pulverizador fino e at\u00e9 mesmo que permita o perfume aderir melhor \u00e0 pele, oferecendo uma experi\u00eancia de uso superior.<\/p>\n<p><img fetchpriority=\"high\" decoding=\"async\" class=\"alignnone wp-image-1454\" src=\"https:\/\/www.cosmepak.com\/wp-content\/uploads\/2025\/03\/O1CN01stNk7j25jS0i1osnY_2778787562-0-cib.jpg\" alt=\"Flasco de perfume de 30 ml 1\" width=\"1384\" height=\"1384\" srcset=\"https:\/\/www.cosmepak.com\/wp-content\/uploads\/2025\/03\/O1CN01stNk7j25jS0i1osnY_2778787562-0-cib.jpg 1000w, https:\/\/www.cosmepak.com\/wp-content\/uploads\/2025\/03\/O1CN01stNk7j25jS0i1osnY_2778787562-0-cib-300x300.jpg 300w, https:\/\/www.cosmepak.com\/wp-content\/uploads\/2025\/03\/O1CN01stNk7j25jS0i1osnY_2778787562-0-cib-150x150.jpg 150w, https:\/\/www.cosmepak.com\/wp-content\/uploads\/2025\/03\/O1CN01stNk7j25jS0i1osnY_2778787562-0-cib-768x768.jpg 768w, https:\/\/www.cosmepak.com\/wp-content\/uploads\/2025\/03\/O1CN01stNk7j25jS0i1osnY_2778787562-0-cib-600x600.jpg 600w, https:\/\/www.cosmepak.com\/wp-content\/uploads\/2025\/03\/O1CN01stNk7j25jS0i1osnY_2778787562-0-cib-100x100.jpg 100w\" sizes=\"(max-width: 1384px) 100vw, 1384px\" \/> <img decoding=\"async\" class=\"alignnone wp-image-1457\" src=\"https:\/\/www.cosmepak.com\/wp-content\/uploads\/2025\/03\/O1CN01nMqkxZ25jS0mWyniK_2778787562-0-cib.jpg\" alt=\"\" width=\"669\" height=\"669\" srcset=\"https:\/\/www.cosmepak.com\/wp-content\/uploads\/2025\/03\/O1CN01nMqkxZ25jS0mWyniK_2778787562-0-cib.jpg 1000w, https:\/\/www.cosmepak.com\/wp-content\/uploads\/2025\/03\/O1CN01nMqkxZ25jS0mWyniK_2778787562-0-cib-300x300.jpg 300w, https:\/\/www.cosmepak.com\/wp-content\/uploads\/2025\/03\/O1CN01nMqkxZ25jS0mWyniK_2778787562-0-cib-150x150.jpg 150w, https:\/\/www.cosmepak.com\/wp-content\/uploads\/2025\/03\/O1CN01nMqkxZ25jS0mWyniK_2778787562-0-cib-768x768.jpg 768w, https:\/\/www.cosmepak.com\/wp-content\/uploads\/2025\/03\/O1CN01nMqkxZ25jS0mWyniK_2778787562-0-cib-600x600.jpg 600w, https:\/\/www.cosmepak.com\/wp-content\/uploads\/2025\/03\/O1CN01nMqkxZ25jS0mWyniK_2778787562-0-cib-100x100.jpg 100w\" sizes=\"(max-width: 669px) 100vw, 669px\" \/> <img decoding=\"async\" class=\"alignnone wp-image-1458\" src=\"https:\/\/www.cosmepak.com\/wp-content\/uploads\/2025\/03\/O1CN01o1My8g25jS0i1B0WT_2778787562-0-cib.jpg\" alt=\"\" width=\"667\" height=\"667\" srcset=\"https:\/\/www.cosmepak.com\/wp-content\/uploads\/2025\/03\/O1CN01o1My8g25jS0i1B0WT_2778787562-0-cib.jpg 1000w, https:\/\/www.cosmepak.com\/wp-content\/uploads\/2025\/03\/O1CN01o1My8g25jS0i1B0WT_2778787562-0-cib-300x300.jpg 300w, https:\/\/www.cosmepak.com\/wp-content\/uploads\/2025\/03\/O1CN01o1My8g25jS0i1B0WT_2778787562-0-cib-150x150.jpg 150w, https:\/\/www.cosmepak.com\/wp-content\/uploads\/2025\/03\/O1CN01o1My8g25jS0i1B0WT_2778787562-0-cib-768x768.jpg 768w, https:\/\/www.cosmepak.com\/wp-content\/uploads\/2025\/03\/O1CN01o1My8g25jS0i1B0WT_2778787562-0-cib-600x600.jpg 600w, https:\/\/www.cosmepak.com\/wp-content\/uploads\/2025\/03\/O1CN01o1My8g25jS0i1B0WT_2778787562-0-cib-100x100.jpg 100w\" sizes=\"(max-width: 667px) 100vw, 667px\" \/><\/p>\n<p>&nbsp;<\/p>\n<table style=\"border-collapse: collapse; width: 100%;\">\n<tbody>\n<tr>\n<td style=\"width: 40.1818%;\"><img loading=\"lazy\" decoding=\"async\" class=\"alignnone size-full wp-image-1346\" src=\"https:\/\/www.cosmepak.com\/wp-content\/uploads\/2024\/12\/company_\u526f\u672c.jpg\" alt=\"\" width=\"1060\" height=\"764\" srcset=\"https:\/\/www.cosmepak.com\/wp-content\/uploads\/2024\/12\/company_\u526f\u672c.jpg 1060w, https:\/\/www.cosmepak.com\/wp-content\/uploads\/2024\/12\/company_\u526f\u672c-300x216.jpg 300w, https:\/\/www.cosmepak.com\/wp-content\/uploads\/2024\/12\/company_\u526f\u672c-1024x738.jpg 1024w, https:\/\/www.cosmepak.com\/wp-content\/uploads\/2024\/12\/company_\u526f\u672c-768x554.jpg 768w, https:\/\/www.cosmepak.com\/wp-content\/uploads\/2024\/12\/company_\u526f\u672c-600x432.jpg 600w\" sizes=\"(max-width: 1060px) 100vw, 1060px\" \/><\/td>\n<td style=\"width: 59.8182%;\">Nossa f\u00e1brica se especializou em fabrica\u00e7\u00e3o de embalagens de cosm\u00e9ticos mais de 10 anos;<\/p>\n<p>Nossa f\u00e1brica localizada em Hangzhou Fuyang uma cidade linda,<\/p>\n<p>\u2611  Agora temos uma f\u00e1brica para garrafas de vidro, a capacidade pode ser de 400.000 pcs por dia.<br \/>\n\u2611  1Fabrica para garrafas pl\u00e1sticas, a capacidade pode ser de 50.000 pcs\/dia.<br \/>\n\u2611  1 f\u00e1brica para garrafas de aluno, a capacidade pode ser de 100.000 pcs por dia.<br \/>\nN\u00f3s t\u00ednhamos aprovado a certifica\u00e7\u00e3o ISO9000\/14000, podemos fornecer SGS e MSDS tamb\u00e9m.<br \/>\nEstamos aderindo ao princ\u00edpio de neg\u00f3cios honestos a todos os clientes.<br \/>\nBem -vindo para cooperar!<\/td>\n<\/tr>\n<\/tbody>\n<\/table>\n<p><img loading=\"lazy\" decoding=\"async\" class=\"alignnone size-full wp-image-1347\" src=\"https:\/\/www.cosmepak.com\/wp-content\/uploads\/2024\/12\/\u9996\u987519202_03.jpg\" alt=\"espet\u00e1culo de f\u00e1brica\" width=\"1920\" height=\"885\" srcset=\"https:\/\/www.cosmepak.com\/wp-content\/uploads\/2024\/12\/\u9996\u987519202_03.jpg 1920w, https:\/\/www.cosmepak.com\/wp-content\/uploads\/2024\/12\/\u9996\u987519202_03-300x138.jpg 300w, https:\/\/www.cosmepak.com\/wp-content\/uploads\/2024\/12\/\u9996\u987519202_03-1024x472.jpg 1024w, https:\/\/www.cosmepak.com\/wp-content\/uploads\/2024\/12\/\u9996\u987519202_03-768x354.jpg 768w, https:\/\/www.cosmepak.com\/wp-content\/uploads\/2024\/12\/\u9996\u987519202_03-1536x708.jpg 1536w, https:\/\/www.cosmepak.com\/wp-content\/uploads\/2024\/12\/\u9996\u987519202_03-600x277.jpg 600w\" sizes=\"(max-width: 1920px) 100vw, 1920px\" \/><\/p>","protected":false},"excerpt":{"rendered":"<p>Material de garrafa: vidro<\/p>\n<p>Capabilidade: 30ml<\/p>\n<p>Tamanho: OD: 37mm;<\/p>\n<p>Package Size: 55.3*25.7*20.8cm<\/p>\n<p>Paquete Qty: 156pcs\/Cart\u00e3o<\/p>\n<p>Pacote GW: 16kgs<\/p>\n<p>Single Weight: 90.9g<\/p>\n<p>Cor: 6 cor<\/p>\n<p>Acabamento de superf\u00edcie: impress\u00e3o de tela, estampagem a quente, gradiente de pulveriza\u00e7\u00e3o, acabamento fosco, etc.<\/p>\n<p>MOQ: 5000pcs;<\/p>\n<p>&nbsp;<\/p>","protected":false},"featured_media":1455,"comment_status":"closed","ping_status":"closed","template":"","meta":{"_acf_changed":false},"product_brand":[],"product_cat":[17],"product_tag":[],"class_list":{"0":"post-1449","1":"product","2":"type-product","3":"status-publish","4":"has-post-thumbnail","6":"product_cat-perfume-bottle","8":"first","9":"outofstock","10":"shipping-taxable","11":"product-type-simple"},"acf":[],"_links":{"self":[{"href":"https:\/\/www.cosmepak.com\/pt\/wp-json\/wp\/v2\/product\/1449","targetHints":{"allow":["GET"]}}],"collection":[{"href":"https:\/\/www.cosmepak.com\/pt\/wp-json\/wp\/v2\/product"}],"about":[{"href":"https:\/\/www.cosmepak.com\/pt\/wp-json\/wp\/v2\/types\/product"}],"replies":[{"embeddable":true,"href":"https:\/\/www.cosmepak.com\/pt\/wp-json\/wp\/v2\/comments?post=1449"}],"wp:featuredmedia":[{"embeddable":true,"href":"https:\/\/www.cosmepak.com\/pt\/wp-json\/wp\/v2\/media\/1455"}],"wp:attachment":[{"href":"https:\/\/www.cosmepak.com\/pt\/wp-json\/wp\/v2\/media?parent=1449"}],"wp:term":[{"taxonomy":"product_brand","embeddable":true,"href":"https:\/\/www.cosmepak.com\/pt\/wp-json\/wp\/v2\/product_brand?post=1449"},{"taxonomy":"product_cat","embeddable":true,"href":"https:\/\/www.cosmepak.com\/pt\/wp-json\/wp\/v2\/product_cat?post=1449"},{"taxonomy":"product_tag","embeddable":true,"href":"https:\/\/www.cosmepak.com\/pt\/wp-json\/wp\/v2\/product_tag?post=1449"}],"curies":[{"name":"wp","href":"https:\/\/api.w.org\/{rel}","templated":true}]}}