{"id":1460,"date":"2025-03-27T15:03:00","date_gmt":"2025-03-27T07:03:00","guid":{"rendered":"https:\/\/www.cosmepak.com\/?post_type=product&#038;p=1460"},"modified":"2026-02-06T14:51:21","modified_gmt":"2026-02-06T06:51:21","slug":"frasco-de-perfume-30ml-frasco-de-perfume-vazio-colorido","status":"publish","type":"product","link":"https:\/\/www.cosmepak.com\/pt\/product\/perfume-bottle-30ml-colorful-empty-perfume-bottle\/","title":{"rendered":"Garrafa de perfume -30ml colorido em garrafa de perfume vazio\/ jaunce"},"content":{"rendered":"<table style=\"border-collapse: collapse; width: 100%; height: 216px;\">\n<tbody>\n<tr style=\"height: 24px;\">\n<td style=\"width: 44.5017%; height: 24px; text-align: center;\">Capacidade<\/td>\n<td style=\"width: 55.4983%; height: 24px; text-align: center;\">\u00a030ml<\/td>\n<\/tr>\n<tr style=\"height: 24px;\">\n<td style=\"width: 44.5017%; height: 24px; text-align: center;\">Modelo<\/td>\n<td style=\"width: 55.4983%; height: 24px; text-align: center;\">JH-JS30<\/td>\n<\/tr>\n<tr style=\"height: 24px;\">\n<td style=\"width: 44.5017%; height: 24px; text-align: center;\">Material de garrafa<\/td>\n<td style=\"width: 55.4983%; height: 24px; text-align: center;\">Vidro<\/td>\n<\/tr>\n<tr style=\"height: 24px;\">\n<td style=\"width: 44.5017%; height: 24px; text-align: center;\">Material de capital<\/td>\n<td style=\"width: 55.4983%; height: 24px; text-align: center;\">Pl\u00e1stico<\/td>\n<\/tr>\n<tr style=\"height: 24px;\">\n<td style=\"width: 44.5017%; height: 24px; text-align: center;\">Tamanho<\/td>\n<td style=\"width: 55.4983%; height: 24px; text-align: center;\">37*97mm<\/td>\n<\/tr>\n<tr style=\"height: 24px;\">\n<td style=\"width: 44.5017%; height: 24px; text-align: center;\">Peso<\/td>\n<td style=\"width: 55.4983%; height: 24px; text-align: center;\">90.9g<\/td>\n<\/tr>\n<tr style=\"height: 24px;\">\n<td style=\"width: 44.5017%; height: 24px; text-align: center;\">Personaliza\u00e7\u00e3o<\/td>\n<td style=\"width: 55.4983%; height: 24px; text-align: center;\">Aceitar<\/td>\n<\/tr>\n<tr style=\"height: 24px;\">\n<td style=\"width: 44.5017%; height: 24px; text-align: center;\">Cor<\/td>\n<td style=\"width: 55.4983%; height: 24px; text-align: center;\">Personalizado<\/td>\n<\/tr>\n<tr style=\"height: 24px;\">\n<td style=\"width: 44.5017%; height: 24px; text-align: center;\">OEM\/ODM<\/td>\n<td style=\"width: 55.4983%; height: 24px; text-align: center;\">Aceitar<\/td>\n<\/tr>\n<\/tbody>\n<\/table>\n<p>Esta \u00e9 uma garrafa de perfume de 30 ml. A garrafa a capacidade pode ser colocada convenientemente em seu saco para preenchimento de perfume. \u00c9 altamente adequado para uso di\u00e1rio. Al\u00e9m disso, essa capacidade \u00e9 adequada para o transporte a \u00e9reo e \u00e9 uma necessidade para viajar.<\/p>\n<p>Nossa s\u00e9rie de garrafas de perfume oferece uma ampla gama de op\u00e7\u00f5es, atendendo a v\u00e1rias prefer\u00eancias de estilo.<\/p>\n<p>A garrafa de vidro de alta transpar\u00eancia \u00e9 t\u00e3o clara como cristal, permitindo que voc\u00ea veja claramente a linha de perfume. A tampa de metal ouro\/prata acrescenta um tom frio luxuoso e brilha. pode personalizar qualquer cor transparente de pantona.<\/p>\n<p>O matte e matte acaba de cor roxa clara, flor de cereja rosa, e verde menta na garrafa cria um efeito suave e tranquilizante, com uma atmosfera sonhada. \u00c9 adequado para v\u00e1rias qualidades de frag\u00e2ncia. A textura brilhante d\u00e1 uma impress\u00e3o brilhante e viva. Se matte ou fini\u00e7\u00e3o brilhante deve ter um fato seu perfil.<\/p>\n<p>O produto \u00e9 feito usando uma t\u00e9cnica de grava\u00e7\u00e3o em forma de ombra de mel, com seus padr\u00f5es finos e regulares apresentando uma grada\u00e7\u00e3o de luz e sombra. A cabe\u00e7a de cima esf\u00e9rica no topo tem uma superf\u00edcie suave e redondada. O metal frio contrasta fortemente com a textura quente da garrafa, servindo n\u00e3o s\u00f3 como um tamp\u00e3o de selagem, mas tamb\u00e9m se tornando um ponto focal visual excepcional. A tampa est\u00e1 dispon\u00edvel em cores de ouro e prata para sele\u00e7\u00e3o, e o pulverizador correspondente da mesma cor tem uma fina descarga l\u00edquida. O design de abertura com fios facilita o preenchimento, e o material de vidro \u00e9 ecol\u00f3gico e reutilizado.<\/p>\n<p>O fundo de vidro espesso aumenta a garrafa. a durabilidade, tornando-a menos propensa a quebrar.<\/p>\n<p>Esta garrafa de perfume pode ser personalizada com cores Pantone de acordo com os pedidos do cliente. Existem duas op\u00e7\u00f5es dispon\u00edveis: cor s\u00f3lida e cor transparente. Se voc\u00ea prefere cor s\u00f3lida ou cor transl\u00facida, \u00e9 uma boa escolha. Voc\u00ea tamb\u00e9m pode personalizar desenhos de logotipo, etiquetas de conte\u00fado de texto, etc. na garrafa para aumentar a consci\u00eancia das marcas.<\/p>\n<p><img fetchpriority=\"high\" decoding=\"async\" class=\"alignnone wp-image-1455\" src=\"https:\/\/www.cosmepak.com\/wp-content\/uploads\/2025\/03\/O1CN01VVeLQn25jS0nkfZC8_2778787562-0-cib.jpg\" alt=\"frasco de perfume colorido\" width=\"1371\" height=\"1371\" srcset=\"https:\/\/www.cosmepak.com\/wp-content\/uploads\/2025\/03\/O1CN01VVeLQn25jS0nkfZC8_2778787562-0-cib.jpg 1000w, https:\/\/www.cosmepak.com\/wp-content\/uploads\/2025\/03\/O1CN01VVeLQn25jS0nkfZC8_2778787562-0-cib-300x300.jpg 300w, https:\/\/www.cosmepak.com\/wp-content\/uploads\/2025\/03\/O1CN01VVeLQn25jS0nkfZC8_2778787562-0-cib-150x150.jpg 150w, https:\/\/www.cosmepak.com\/wp-content\/uploads\/2025\/03\/O1CN01VVeLQn25jS0nkfZC8_2778787562-0-cib-768x768.jpg 768w, https:\/\/www.cosmepak.com\/wp-content\/uploads\/2025\/03\/O1CN01VVeLQn25jS0nkfZC8_2778787562-0-cib-600x600.jpg 600w, https:\/\/www.cosmepak.com\/wp-content\/uploads\/2025\/03\/O1CN01VVeLQn25jS0nkfZC8_2778787562-0-cib-100x100.jpg 100w\" sizes=\"(max-width: 1371px) 100vw, 1371px\" \/><\/p>\n<table style=\"border-collapse: collapse; width: 100%;\">\n<tbody>\n<tr>\n<td style=\"width: 50%;\"><img decoding=\"async\" class=\"alignnone size-full wp-image-3975\" src=\"https:\/\/www.cosmepak.com\/wp-content\/uploads\/2025\/03\/O1CN01pL4UQ425jS0rEUgbA_2778787562-0-cib.jpg\" alt=\"\" width=\"1000\" height=\"1000\" srcset=\"https:\/\/www.cosmepak.com\/wp-content\/uploads\/2025\/03\/O1CN01pL4UQ425jS0rEUgbA_2778787562-0-cib.jpg 1000w, https:\/\/www.cosmepak.com\/wp-content\/uploads\/2025\/03\/O1CN01pL4UQ425jS0rEUgbA_2778787562-0-cib-300x300.jpg 300w, https:\/\/www.cosmepak.com\/wp-content\/uploads\/2025\/03\/O1CN01pL4UQ425jS0rEUgbA_2778787562-0-cib-150x150.jpg 150w, https:\/\/www.cosmepak.com\/wp-content\/uploads\/2025\/03\/O1CN01pL4UQ425jS0rEUgbA_2778787562-0-cib-768x768.jpg 768w, https:\/\/www.cosmepak.com\/wp-content\/uploads\/2025\/03\/O1CN01pL4UQ425jS0rEUgbA_2778787562-0-cib-12x12.jpg 12w, https:\/\/www.cosmepak.com\/wp-content\/uploads\/2025\/03\/O1CN01pL4UQ425jS0rEUgbA_2778787562-0-cib-600x600.jpg 600w, https:\/\/www.cosmepak.com\/wp-content\/uploads\/2025\/03\/O1CN01pL4UQ425jS0rEUgbA_2778787562-0-cib-100x100.jpg 100w\" sizes=\"(max-width: 1000px) 100vw, 1000px\" \/><\/td>\n<td style=\"width: 50%;\"><img decoding=\"async\" class=\"alignnone size-full wp-image-3976\" src=\"https:\/\/www.cosmepak.com\/wp-content\/uploads\/2025\/03\/O1CN01stNk7j25jS0i1osnY_2778787562-0-cib-1.jpg\" alt=\"\" width=\"1000\" height=\"1000\" srcset=\"https:\/\/www.cosmepak.com\/wp-content\/uploads\/2025\/03\/O1CN01stNk7j25jS0i1osnY_2778787562-0-cib-1.jpg 1000w, https:\/\/www.cosmepak.com\/wp-content\/uploads\/2025\/03\/O1CN01stNk7j25jS0i1osnY_2778787562-0-cib-1-300x300.jpg 300w, https:\/\/www.cosmepak.com\/wp-content\/uploads\/2025\/03\/O1CN01stNk7j25jS0i1osnY_2778787562-0-cib-1-150x150.jpg 150w, https:\/\/www.cosmepak.com\/wp-content\/uploads\/2025\/03\/O1CN01stNk7j25jS0i1osnY_2778787562-0-cib-1-768x768.jpg 768w, https:\/\/www.cosmepak.com\/wp-content\/uploads\/2025\/03\/O1CN01stNk7j25jS0i1osnY_2778787562-0-cib-1-12x12.jpg 12w, https:\/\/www.cosmepak.com\/wp-content\/uploads\/2025\/03\/O1CN01stNk7j25jS0i1osnY_2778787562-0-cib-1-600x600.jpg 600w, https:\/\/www.cosmepak.com\/wp-content\/uploads\/2025\/03\/O1CN01stNk7j25jS0i1osnY_2778787562-0-cib-1-100x100.jpg 100w\" sizes=\"(max-width: 1000px) 100vw, 1000px\" \/><\/td>\n<\/tr>\n<\/tbody>\n<\/table>\n<p>&nbsp;<\/p>","protected":false},"excerpt":{"rendered":"<p>Material de garrafa: vidro<\/p>\n<p>Capabilidade: 30ml<\/p>\n<p>Tamanho: OD: 37mm;<\/p>\n<p>Package Size: 55.3*25.7*20.8cm<\/p>\n<p>Paquete Qty: 156pcs\/Cart\u00e3o<\/p>\n<p>Pacote GW: 16kgs<\/p>\n<p>Single Weight: 90.9g<\/p>\n<p>Cor: 6 cor<\/p>\n<p>Acabamento de superf\u00edcie: impress\u00e3o de tela, estampagem a quente, gradiente de pulveriza\u00e7\u00e3o, acabamento fosco, etc.<\/p>\n<p>MOQ: 5000pcs;<\/p>\n<p>&nbsp;<\/p>","protected":false},"featured_media":1457,"comment_status":"closed","ping_status":"closed","template":"","meta":{"_acf_changed":false},"product_brand":[],"product_cat":[17],"product_tag":[],"class_list":{"0":"post-1460","1":"product","2":"type-product","3":"status-publish","4":"has-post-thumbnail","6":"product_cat-perfume-bottle","8":"first","9":"outofstock","10":"shipping-taxable","11":"product-type-simple"},"acf":[],"_links":{"self":[{"href":"https:\/\/www.cosmepak.com\/pt\/wp-json\/wp\/v2\/product\/1460","targetHints":{"allow":["GET"]}}],"collection":[{"href":"https:\/\/www.cosmepak.com\/pt\/wp-json\/wp\/v2\/product"}],"about":[{"href":"https:\/\/www.cosmepak.com\/pt\/wp-json\/wp\/v2\/types\/product"}],"replies":[{"embeddable":true,"href":"https:\/\/www.cosmepak.com\/pt\/wp-json\/wp\/v2\/comments?post=1460"}],"wp:featuredmedia":[{"embeddable":true,"href":"https:\/\/www.cosmepak.com\/pt\/wp-json\/wp\/v2\/media\/1457"}],"wp:attachment":[{"href":"https:\/\/www.cosmepak.com\/pt\/wp-json\/wp\/v2\/media?parent=1460"}],"wp:term":[{"taxonomy":"product_brand","embeddable":true,"href":"https:\/\/www.cosmepak.com\/pt\/wp-json\/wp\/v2\/product_brand?post=1460"},{"taxonomy":"product_cat","embeddable":true,"href":"https:\/\/www.cosmepak.com\/pt\/wp-json\/wp\/v2\/product_cat?post=1460"},{"taxonomy":"product_tag","embeddable":true,"href":"https:\/\/www.cosmepak.com\/pt\/wp-json\/wp\/v2\/product_tag?post=1460"}],"curies":[{"name":"wp","href":"https:\/\/api.w.org\/{rel}","templated":true}]}}