{"id":1461,"date":"2025-03-27T15:31:09","date_gmt":"2025-03-27T07:31:09","guid":{"rendered":"https:\/\/www.cosmepak.com\/?post_type=product&#038;p=1461"},"modified":"2026-01-14T14:00:49","modified_gmt":"2026-01-14T06:00:49","slug":"perfume-bottle-30ml-mist-perfume-bottle-jaunce","status":"publish","type":"product","link":"https:\/\/www.cosmepak.com\/pt\/product\/perfume-bottle-30ml-mist-perfume-bottle-jaunce\/","title":{"rendered":"Garrafa de perfume -30ml Botthe\/ Jaunce de perfume de n\u00e9voa"},"content":{"rendered":"<table style=\"border-collapse: collapse; width: 100%; height: 216px;\">\n<tbody>\n<tr style=\"height: 24px;\">\n<td style=\"width: 44.5017%; height: 24px; text-align: center;\">Capacidade<\/td>\n<td style=\"width: 55.4983%; height: 24px; text-align: center;\">\u00a030ml<\/td>\n<\/tr>\n<tr style=\"height: 24px;\">\n<td style=\"width: 44.5017%; height: 24px; text-align: center;\">Modelo<\/td>\n<td style=\"width: 55.4983%; height: 24px; text-align: center;\">JH-30<\/td>\n<\/tr>\n<tr style=\"height: 24px;\">\n<td style=\"width: 44.5017%; height: 24px; text-align: center;\">Material de garrafa<\/td>\n<td style=\"width: 55.4983%; height: 24px; text-align: center;\">Vidro<\/td>\n<\/tr>\n<tr style=\"height: 24px;\">\n<td style=\"width: 44.5017%; height: 24px; text-align: center;\">Material de capital<\/td>\n<td style=\"width: 55.4983%; height: 24px; text-align: center;\">Dourado<\/td>\n<\/tr>\n<tr style=\"height: 24px;\">\n<td style=\"width: 44.5017%; height: 24px; text-align: center;\">Tamanho<\/td>\n<td style=\"width: 55.4983%; height: 24px; text-align: center;\">53*22*78mm<\/td>\n<\/tr>\n<tr style=\"height: 24px;\">\n<td style=\"width: 44.5017%; height: 24px; text-align: center;\">Peso<\/td>\n<td style=\"width: 55.4983%; height: 24px; text-align: center;\">97.2g<\/td>\n<\/tr>\n<tr style=\"height: 24px;\">\n<td style=\"width: 44.5017%; height: 24px; text-align: center;\">Personaliza\u00e7\u00e3o<\/td>\n<td style=\"width: 55.4983%; height: 24px; text-align: center;\">Aceitar<\/td>\n<\/tr>\n<tr style=\"height: 24px;\">\n<td style=\"width: 44.5017%; height: 24px; text-align: center;\">Cor<\/td>\n<td style=\"width: 55.4983%; height: 24px; text-align: center;\">Personalizado<\/td>\n<\/tr>\n<tr style=\"height: 24px;\">\n<td style=\"width: 44.5017%; height: 24px; text-align: center;\">OEM\/ODM<\/td>\n<td style=\"width: 55.4983%; height: 24px; text-align: center;\">Aceitar<\/td>\n<\/tr>\n<\/tbody>\n<\/table>\n<p>Esta garrafa de perfume de vidro \u00e9 uma escolha pr\u00e1tica para entusiastas de perfume. Suas vantagens essenciais est\u00e3o em &#8220; portabilidade e &#8220; pr\u00e1tica Em termos de capacidade, oferece tr\u00eas op\u00e7\u00f5es: 30ml, 50ml e 80ml. A vers\u00e3o de 30 ml \u00e9 adequada para viagens cotidianas e curtas, enquanto as vers\u00f5es de 50 ml e 80 ml satisfazem as necessidades de armazenamento domiciliar ou uso a longo prazo. Seja colocado em um saco de m\u00e3o, maquilhagem, ou maleta de viagem, pode ser flex\u00edvel adaptado \u00e0s suas necessidades, permitindo que voc\u00ea aumente seu perfume em qualquer momento e mant\u00e9m uma aroma encantadora.<\/p>\n<p>Em termos de apar\u00eancia e design material, ele usa material de vidro transparente combinado com uma forma quadrada, apresentando uma textura clara e transparente que permite ver visualmente o resto do perfume. Tamb\u00e9m usa material de vidro espessado, que n\u00e3o s\u00f3 \u00e9 duradouro e longo, mas tamb\u00e9m d\u00e1 ao produto um sentimento est\u00e1vel e elegante. O design detalhado \u00e9 muito cuidadoso: a boca e a tampa de garrafa com fios se encaixam suavemente, fornecendo excelente desempenho de selagem, o que pode efetivamente impedir o perfume de evaporar ou vazar. O desenho de fundo plano espessado aumenta a estabilidade e n\u00e3o \u00e9 propenso a picar, tornando-o conveniente e sem preocupa\u00e7\u00e3o para coloca\u00e7\u00e3o di\u00e1ria ou uso.<\/p>\n<p>A cabe\u00e7a de pulveriza\u00e7\u00e3o \u00e9 o componente central e usa uma cabe\u00e7a de pulveriza\u00e7\u00e3o de alum\u00ednio tipo de imprensa. A neblina \u00e9 fina e uniforme, sem colunas de \u00e1gua, que pode atomizar completamente o perfume, assegurando uma experi\u00eancia confort\u00e1vel durante o uso e evitando desperd\u00edcios de perfume, eficazmente economizando a quantidade utilizada. Al\u00e9m disso, o produto \u00e9 adequado para uma ampla gama de cen\u00e1rios, seja para viagens, viagens de neg\u00f3cios, ou uso di\u00e1rio de casa e armazenamento de divis\u00f5es de perfume, ele pode perfeitamente adaptar e satisfazer v\u00e1rias necessidades.<\/p>\n<p><img fetchpriority=\"high\" decoding=\"async\" class=\"alignnone wp-image-1467\" src=\"https:\/\/www.cosmepak.com\/wp-content\/uploads\/2025\/03\/O1CN01cps3Ub25jRmdZwnY0_2778787562-0-cib.jpg\" alt=\"Flasco de perfume de 30 ml 3\" width=\"1375\" height=\"1375\" srcset=\"https:\/\/www.cosmepak.com\/wp-content\/uploads\/2025\/03\/O1CN01cps3Ub25jRmdZwnY0_2778787562-0-cib.jpg 1000w, https:\/\/www.cosmepak.com\/wp-content\/uploads\/2025\/03\/O1CN01cps3Ub25jRmdZwnY0_2778787562-0-cib-300x300.jpg 300w, https:\/\/www.cosmepak.com\/wp-content\/uploads\/2025\/03\/O1CN01cps3Ub25jRmdZwnY0_2778787562-0-cib-150x150.jpg 150w, https:\/\/www.cosmepak.com\/wp-content\/uploads\/2025\/03\/O1CN01cps3Ub25jRmdZwnY0_2778787562-0-cib-768x768.jpg 768w, https:\/\/www.cosmepak.com\/wp-content\/uploads\/2025\/03\/O1CN01cps3Ub25jRmdZwnY0_2778787562-0-cib-600x600.jpg 600w, https:\/\/www.cosmepak.com\/wp-content\/uploads\/2025\/03\/O1CN01cps3Ub25jRmdZwnY0_2778787562-0-cib-100x100.jpg 100w\" sizes=\"(max-width: 1375px) 100vw, 1375px\" \/><\/p>\n<p><img decoding=\"async\" class=\"alignnone wp-image-1462\" src=\"https:\/\/www.cosmepak.com\/wp-content\/uploads\/2025\/03\/O1CN01MRjPRi21fXwQf7HcR_2211038467012-0-cib.jpg\" alt=\"Flasco de perfume de 30 ml 2\" width=\"446\" height=\"446\" srcset=\"https:\/\/www.cosmepak.com\/wp-content\/uploads\/2025\/03\/O1CN01MRjPRi21fXwQf7HcR_2211038467012-0-cib.jpg 1000w, https:\/\/www.cosmepak.com\/wp-content\/uploads\/2025\/03\/O1CN01MRjPRi21fXwQf7HcR_2211038467012-0-cib-300x300.jpg 300w, https:\/\/www.cosmepak.com\/wp-content\/uploads\/2025\/03\/O1CN01MRjPRi21fXwQf7HcR_2211038467012-0-cib-150x150.jpg 150w, https:\/\/www.cosmepak.com\/wp-content\/uploads\/2025\/03\/O1CN01MRjPRi21fXwQf7HcR_2211038467012-0-cib-768x768.jpg 768w, https:\/\/www.cosmepak.com\/wp-content\/uploads\/2025\/03\/O1CN01MRjPRi21fXwQf7HcR_2211038467012-0-cib-600x600.jpg 600w, https:\/\/www.cosmepak.com\/wp-content\/uploads\/2025\/03\/O1CN01MRjPRi21fXwQf7HcR_2211038467012-0-cib-100x100.jpg 100w\" sizes=\"(max-width: 446px) 100vw, 446px\" \/> <img decoding=\"async\" class=\"alignnone wp-image-1463\" src=\"https:\/\/www.cosmepak.com\/wp-content\/uploads\/2025\/03\/O1CN01mvTq3121fXwUuK3gy_2211038467012-0-cib.jpg\" alt=\"\" width=\"441\" height=\"441\" srcset=\"https:\/\/www.cosmepak.com\/wp-content\/uploads\/2025\/03\/O1CN01mvTq3121fXwUuK3gy_2211038467012-0-cib.jpg 1000w, https:\/\/www.cosmepak.com\/wp-content\/uploads\/2025\/03\/O1CN01mvTq3121fXwUuK3gy_2211038467012-0-cib-300x300.jpg 300w, https:\/\/www.cosmepak.com\/wp-content\/uploads\/2025\/03\/O1CN01mvTq3121fXwUuK3gy_2211038467012-0-cib-150x150.jpg 150w, https:\/\/www.cosmepak.com\/wp-content\/uploads\/2025\/03\/O1CN01mvTq3121fXwUuK3gy_2211038467012-0-cib-768x768.jpg 768w, https:\/\/www.cosmepak.com\/wp-content\/uploads\/2025\/03\/O1CN01mvTq3121fXwUuK3gy_2211038467012-0-cib-600x600.jpg 600w, https:\/\/www.cosmepak.com\/wp-content\/uploads\/2025\/03\/O1CN01mvTq3121fXwUuK3gy_2211038467012-0-cib-100x100.jpg 100w\" sizes=\"(max-width: 441px) 100vw, 441px\" \/> <img loading=\"lazy\" decoding=\"async\" class=\"alignnone wp-image-1464\" src=\"https:\/\/www.cosmepak.com\/wp-content\/uploads\/2025\/03\/O1CN01N0ixbt21fXwShmTbf_2211038467012-0-cib.jpg\" alt=\"\" width=\"436\" height=\"436\" srcset=\"https:\/\/www.cosmepak.com\/wp-content\/uploads\/2025\/03\/O1CN01N0ixbt21fXwShmTbf_2211038467012-0-cib.jpg 1000w, https:\/\/www.cosmepak.com\/wp-content\/uploads\/2025\/03\/O1CN01N0ixbt21fXwShmTbf_2211038467012-0-cib-300x300.jpg 300w, https:\/\/www.cosmepak.com\/wp-content\/uploads\/2025\/03\/O1CN01N0ixbt21fXwShmTbf_2211038467012-0-cib-150x150.jpg 150w, https:\/\/www.cosmepak.com\/wp-content\/uploads\/2025\/03\/O1CN01N0ixbt21fXwShmTbf_2211038467012-0-cib-768x768.jpg 768w, https:\/\/www.cosmepak.com\/wp-content\/uploads\/2025\/03\/O1CN01N0ixbt21fXwShmTbf_2211038467012-0-cib-600x600.jpg 600w, https:\/\/www.cosmepak.com\/wp-content\/uploads\/2025\/03\/O1CN01N0ixbt21fXwShmTbf_2211038467012-0-cib-100x100.jpg 100w\" sizes=\"(max-width: 436px) 100vw, 436px\" \/><\/p>\n<table style=\"border-collapse: collapse; width: 100%;\">\n<tbody>\n<tr>\n<td style=\"width: 40.1818%;\"><img loading=\"lazy\" decoding=\"async\" class=\"alignnone size-full wp-image-1346\" src=\"https:\/\/www.cosmepak.com\/wp-content\/uploads\/2024\/12\/company_\u526f\u672c.jpg\" alt=\"\" width=\"1060\" height=\"764\" srcset=\"https:\/\/www.cosmepak.com\/wp-content\/uploads\/2024\/12\/company_\u526f\u672c.jpg 1060w, https:\/\/www.cosmepak.com\/wp-content\/uploads\/2024\/12\/company_\u526f\u672c-300x216.jpg 300w, https:\/\/www.cosmepak.com\/wp-content\/uploads\/2024\/12\/company_\u526f\u672c-1024x738.jpg 1024w, https:\/\/www.cosmepak.com\/wp-content\/uploads\/2024\/12\/company_\u526f\u672c-768x554.jpg 768w, https:\/\/www.cosmepak.com\/wp-content\/uploads\/2024\/12\/company_\u526f\u672c-600x432.jpg 600w\" sizes=\"(max-width: 1060px) 100vw, 1060px\" \/><\/td>\n<td style=\"width: 59.8182%;\">Nossa f\u00e1brica se especializou em fabrica\u00e7\u00e3o de embalagens de cosm\u00e9ticos mais de 10 anos;<\/p>\n<p>\u2611  Agora temos uma f\u00e1brica para garrafas de vidro, a capacidade pode ser de 400.000 pcs por dia.<br \/>\n\u2611  1Fabrica para garrafas pl\u00e1sticas, a capacidade pode ser de 50.000 pcs\/dia.<br \/>\n\u2611  1 f\u00e1brica para garrafas de aluno, a capacidade pode ser de 100.000 pcs por dia.<br \/>\nN\u00f3s t\u00ednhamos aprovado a certifica\u00e7\u00e3o ISO9000\/14000, podemos fornecer SGS e MSDS tamb\u00e9m.<br \/>\nEstamos aderindo ao princ\u00edpio de neg\u00f3cios honestos a todos os clientes.<br \/>\nBem -vindo para cooperar!<\/td>\n<\/tr>\n<\/tbody>\n<\/table>\n<p><img loading=\"lazy\" decoding=\"async\" class=\"alignnone size-full wp-image-1347\" src=\"https:\/\/www.cosmepak.com\/wp-content\/uploads\/2024\/12\/\u9996\u987519202_03.jpg\" alt=\"espet\u00e1culo de f\u00e1brica\" width=\"1920\" height=\"885\" srcset=\"https:\/\/www.cosmepak.com\/wp-content\/uploads\/2024\/12\/\u9996\u987519202_03.jpg 1920w, https:\/\/www.cosmepak.com\/wp-content\/uploads\/2024\/12\/\u9996\u987519202_03-300x138.jpg 300w, https:\/\/www.cosmepak.com\/wp-content\/uploads\/2024\/12\/\u9996\u987519202_03-1024x472.jpg 1024w, https:\/\/www.cosmepak.com\/wp-content\/uploads\/2024\/12\/\u9996\u987519202_03-768x354.jpg 768w, https:\/\/www.cosmepak.com\/wp-content\/uploads\/2024\/12\/\u9996\u987519202_03-1536x708.jpg 1536w, https:\/\/www.cosmepak.com\/wp-content\/uploads\/2024\/12\/\u9996\u987519202_03-600x277.jpg 600w\" sizes=\"(max-width: 1920px) 100vw, 1920px\" \/><\/p>","protected":false},"excerpt":{"rendered":"<p>Material de garrafa: vidro<\/p>\n<p>Capabilidade: 30ml<\/p>\n<p>Tamanho: Comprimento: 53 mm;<\/p>\n<p>Single Weight: 97.2g<\/p>\n<p>Cor: personalizado<\/p>\n<p>Acabamento de superf\u00edcie: impress\u00e3o de tela, cobertura, estampagem a quente, gradiente de spray, acabamento fosco, etc.<\/p>\n<p>MOQ: 5000pcs;<\/p>\n<p>&nbsp;<\/p>","protected":false},"featured_media":1465,"comment_status":"closed","ping_status":"closed","template":"","meta":{"_acf_changed":false},"product_brand":[],"product_cat":[17],"product_tag":[],"class_list":{"0":"post-1461","1":"product","2":"type-product","3":"status-publish","4":"has-post-thumbnail","6":"product_cat-perfume-bottle","8":"first","9":"outofstock","10":"shipping-taxable","11":"product-type-simple"},"acf":[],"_links":{"self":[{"href":"https:\/\/www.cosmepak.com\/pt\/wp-json\/wp\/v2\/product\/1461","targetHints":{"allow":["GET"]}}],"collection":[{"href":"https:\/\/www.cosmepak.com\/pt\/wp-json\/wp\/v2\/product"}],"about":[{"href":"https:\/\/www.cosmepak.com\/pt\/wp-json\/wp\/v2\/types\/product"}],"replies":[{"embeddable":true,"href":"https:\/\/www.cosmepak.com\/pt\/wp-json\/wp\/v2\/comments?post=1461"}],"wp:featuredmedia":[{"embeddable":true,"href":"https:\/\/www.cosmepak.com\/pt\/wp-json\/wp\/v2\/media\/1465"}],"wp:attachment":[{"href":"https:\/\/www.cosmepak.com\/pt\/wp-json\/wp\/v2\/media?parent=1461"}],"wp:term":[{"taxonomy":"product_brand","embeddable":true,"href":"https:\/\/www.cosmepak.com\/pt\/wp-json\/wp\/v2\/product_brand?post=1461"},{"taxonomy":"product_cat","embeddable":true,"href":"https:\/\/www.cosmepak.com\/pt\/wp-json\/wp\/v2\/product_cat?post=1461"},{"taxonomy":"product_tag","embeddable":true,"href":"https:\/\/www.cosmepak.com\/pt\/wp-json\/wp\/v2\/product_tag?post=1461"}],"curies":[{"name":"wp","href":"https:\/\/api.w.org\/{rel}","templated":true}]}}