{"id":1468,"date":"2025-03-27T15:34:36","date_gmt":"2025-03-27T07:34:36","guid":{"rendered":"https:\/\/www.cosmepak.com\/?post_type=product&#038;p=1468"},"modified":"2026-02-06T13:33:30","modified_gmt":"2026-02-06T05:33:30","slug":"perfume-bottle-30ml-high-quality-mist-perfume-bottle-jaunce","status":"publish","type":"product","link":"https:\/\/www.cosmepak.com\/pt\/product\/perfume-bottle-30ml-high-quality-mist-perfume-bottle-jaunce\/","title":{"rendered":"Flasco de perfume - 30 ml Flasco de perfume de alta qualidade"},"content":{"rendered":"<table style=\"border-collapse: collapse; width: 100%; height: 216px;\">\n<tbody>\n<tr style=\"height: 24px;\">\n<td style=\"width: 44.5017%; height: 24px; text-align: center;\">Capacidade<\/td>\n<td style=\"width: 55.4983%; height: 24px; text-align: center;\">\u00a030ml<\/td>\n<\/tr>\n<tr style=\"height: 24px;\">\n<td style=\"width: 44.5017%; height: 24px; text-align: center;\">Modelo<\/td>\n<td style=\"width: 55.4983%; height: 24px; text-align: center;\">JH-30<\/td>\n<\/tr>\n<tr style=\"height: 24px;\">\n<td style=\"width: 44.5017%; height: 24px; text-align: center;\">Material de garrafa<\/td>\n<td style=\"width: 55.4983%; height: 24px; text-align: center;\">Vidro<\/td>\n<\/tr>\n<tr style=\"height: 24px;\">\n<td style=\"width: 44.5017%; height: 24px; text-align: center;\">Material de capital<\/td>\n<td style=\"width: 55.4983%; height: 24px; text-align: center;\">Dourado<\/td>\n<\/tr>\n<tr style=\"height: 24px;\">\n<td style=\"width: 44.5017%; height: 24px; text-align: center;\">Tamanho<\/td>\n<td style=\"width: 55.4983%; height: 24px; text-align: center;\">53*22*78mm<\/td>\n<\/tr>\n<tr style=\"height: 24px;\">\n<td style=\"width: 44.5017%; height: 24px; text-align: center;\">Peso<\/td>\n<td style=\"width: 55.4983%; height: 24px; text-align: center;\">97.2g<\/td>\n<\/tr>\n<tr style=\"height: 24px;\">\n<td style=\"width: 44.5017%; height: 24px; text-align: center;\">Personaliza\u00e7\u00e3o<\/td>\n<td style=\"width: 55.4983%; height: 24px; text-align: center;\">Aceitar<\/td>\n<\/tr>\n<tr style=\"height: 24px;\">\n<td style=\"width: 44.5017%; height: 24px; text-align: center;\">Cor<\/td>\n<td style=\"width: 55.4983%; height: 24px; text-align: center;\">Personalizado<\/td>\n<\/tr>\n<tr style=\"height: 24px;\">\n<td style=\"width: 44.5017%; height: 24px; text-align: center;\">OEM\/ODM<\/td>\n<td style=\"width: 55.4983%; height: 24px; text-align: center;\">Aceitar<\/td>\n<\/tr>\n<\/tbody>\n<\/table>\n<p>Esta \u00e9 uma garrafa de forma quadrada com uma capacidade de 30 ml\/50 ml de ombro plano. \u00c9 feito de vidro transparente de alta qualidade.<\/p>\n<p>O design de fundo espesso \u00e9 geralmente aplicado a s\u00e9ries de garrafas de perfume de alto n\u00edvel, fazendo os produtos parecerem mais luxuosos e prestigiosos, aumentando sua classicidade.<\/p>\n<p>Diferentes capacidades de design podem satisfazer diferentes cen\u00e1rios de uso. O pesco\u00e7o da garrafa faz com que seja conveniente preencher perfume. O pulverizador de screw tem uma fina descarga l\u00edquida e pode ser reutilizado. O material de vidro \u00e9 ecol\u00f3gico.<\/p>\n<p>A base de vidro espesso aumenta o peso e textura gerais da garrafa, dando-lhe uma caracter\u00edstica de alta qualidade que pode atrair consumidores que valorizam a qualidade. Essa caracter\u00edstica tamb\u00e9m garante a garrafa s durabilidade e reduz a possibilidade de quebra.<\/p>\n<p>Com uma capacidade de 30 ml, esta garrafa \u00e9 perfeita para viajar e usar em marcha. Seu tamanho compacto se encaixa facilmente em sacos de m\u00e3o ou kit de viagem, tornando conveniente para usu\u00e1rios que desejam carregar sua frag\u00e2ncia favorita onde quer que v\u00e1. Tamb\u00e9m est\u00e1 equipado com uma bomba de pulveriza\u00e7\u00e3o de alta qualidade, que pode alcan\u00e7ar um efeito de pulveriza\u00e7\u00e3o fino.<\/p>\n<p>O pulverizador com som met\u00e1lico n\u00e3o s\u00f3 parece bonito e \u00e9 pr\u00e1tico, mas tamb\u00e9m melhora a qualidade do produto. A cobertura quadrada, de tono ouro em forma de T exude um sentido de luxo em seu estilo subestimado.<\/p>\n<p class=\"ai-center-markdown-p\">A garrafa quadrada de 30 ml pode ser personalizada com diferentes cores, finais e etiquetas para corresponder \u00e0s marcas e prefer\u00eancias est\u00e9ticas de v\u00e1rias linhas de perfume. Que seja \u00e9 um design minimalist a ou um olhar mais elaborado, essa garrafa pode ser adaptada para satisfazer requisitos espec\u00edficos de marca.<\/p>\n<p class=\"ai-center-markdown-p\">Enquanto principalmente projetada para fragran\u00e7as, essa garrafa tamb\u00e9m pode ser usada para outros produtos l\u00edquidos como \u00f3leos essenciais, misturas faciais e outras solu\u00e7\u00f5es cosm\u00e9ticas. Seu design vers\u00e1til faz com que seja uma adi\u00e7\u00e3o valiosa a qualquer linha de produtos.<\/p>\n<p>N\u00f3s fornecemos um excelente servi\u00e7o a cada um de nossos clientes e controlamos estritamente todos os aspectos de qualidade de nossos produtos. Sua satisfa\u00e7\u00e3o \u00e9 nossa maior motiva\u00e7\u00e3o, e juntos podemos alcan\u00e7ar sucesso m\u00fatuo.<\/p>\n<p><img fetchpriority=\"high\" decoding=\"async\" class=\"alignnone wp-image-1467\" src=\"https:\/\/www.cosmepak.com\/wp-content\/uploads\/2025\/03\/O1CN01cps3Ub25jRmdZwnY0_2778787562-0-cib.jpg\" alt=\"Flasco de perfume de 30 ml 3\" width=\"1375\" height=\"1375\" srcset=\"https:\/\/www.cosmepak.com\/wp-content\/uploads\/2025\/03\/O1CN01cps3Ub25jRmdZwnY0_2778787562-0-cib.jpg 1000w, https:\/\/www.cosmepak.com\/wp-content\/uploads\/2025\/03\/O1CN01cps3Ub25jRmdZwnY0_2778787562-0-cib-300x300.jpg 300w, https:\/\/www.cosmepak.com\/wp-content\/uploads\/2025\/03\/O1CN01cps3Ub25jRmdZwnY0_2778787562-0-cib-150x150.jpg 150w, https:\/\/www.cosmepak.com\/wp-content\/uploads\/2025\/03\/O1CN01cps3Ub25jRmdZwnY0_2778787562-0-cib-768x768.jpg 768w, https:\/\/www.cosmepak.com\/wp-content\/uploads\/2025\/03\/O1CN01cps3Ub25jRmdZwnY0_2778787562-0-cib-600x600.jpg 600w, https:\/\/www.cosmepak.com\/wp-content\/uploads\/2025\/03\/O1CN01cps3Ub25jRmdZwnY0_2778787562-0-cib-100x100.jpg 100w\" sizes=\"(max-width: 1375px) 100vw, 1375px\" \/><\/p>\n<table style=\"border-collapse: collapse; width: 100%;\">\n<tbody>\n<tr>\n<td style=\"width: 33.3333%;\"><img decoding=\"async\" class=\"alignnone size-full wp-image-3958\" src=\"https:\/\/www.cosmepak.com\/wp-content\/uploads\/2025\/03\/11-9.jpg\" alt=\"\" width=\"1000\" height=\"1000\" srcset=\"https:\/\/www.cosmepak.com\/wp-content\/uploads\/2025\/03\/11-9.jpg 1000w, https:\/\/www.cosmepak.com\/wp-content\/uploads\/2025\/03\/11-9-300x300.jpg 300w, https:\/\/www.cosmepak.com\/wp-content\/uploads\/2025\/03\/11-9-150x150.jpg 150w, https:\/\/www.cosmepak.com\/wp-content\/uploads\/2025\/03\/11-9-768x768.jpg 768w, https:\/\/www.cosmepak.com\/wp-content\/uploads\/2025\/03\/11-9-12x12.jpg 12w, https:\/\/www.cosmepak.com\/wp-content\/uploads\/2025\/03\/11-9-600x600.jpg 600w, https:\/\/www.cosmepak.com\/wp-content\/uploads\/2025\/03\/11-9-100x100.jpg 100w\" sizes=\"(max-width: 1000px) 100vw, 1000px\" \/><\/td>\n<td style=\"width: 33.3333%;\"><img decoding=\"async\" class=\"alignnone size-full wp-image-3959\" src=\"https:\/\/www.cosmepak.com\/wp-content\/uploads\/2025\/03\/2-11.jpg\" alt=\"\" width=\"1000\" height=\"1000\" srcset=\"https:\/\/www.cosmepak.com\/wp-content\/uploads\/2025\/03\/2-11.jpg 1000w, https:\/\/www.cosmepak.com\/wp-content\/uploads\/2025\/03\/2-11-300x300.jpg 300w, https:\/\/www.cosmepak.com\/wp-content\/uploads\/2025\/03\/2-11-150x150.jpg 150w, https:\/\/www.cosmepak.com\/wp-content\/uploads\/2025\/03\/2-11-768x768.jpg 768w, https:\/\/www.cosmepak.com\/wp-content\/uploads\/2025\/03\/2-11-12x12.jpg 12w, https:\/\/www.cosmepak.com\/wp-content\/uploads\/2025\/03\/2-11-600x600.jpg 600w, https:\/\/www.cosmepak.com\/wp-content\/uploads\/2025\/03\/2-11-100x100.jpg 100w\" sizes=\"(max-width: 1000px) 100vw, 1000px\" \/><\/td>\n<td style=\"width: 33.3333%;\"><img loading=\"lazy\" decoding=\"async\" class=\"alignnone size-full wp-image-3960\" src=\"https:\/\/www.cosmepak.com\/wp-content\/uploads\/2025\/03\/3-14.jpg\" alt=\"\" width=\"1000\" height=\"1000\" srcset=\"https:\/\/www.cosmepak.com\/wp-content\/uploads\/2025\/03\/3-14.jpg 1000w, https:\/\/www.cosmepak.com\/wp-content\/uploads\/2025\/03\/3-14-300x300.jpg 300w, https:\/\/www.cosmepak.com\/wp-content\/uploads\/2025\/03\/3-14-150x150.jpg 150w, https:\/\/www.cosmepak.com\/wp-content\/uploads\/2025\/03\/3-14-768x768.jpg 768w, https:\/\/www.cosmepak.com\/wp-content\/uploads\/2025\/03\/3-14-12x12.jpg 12w, https:\/\/www.cosmepak.com\/wp-content\/uploads\/2025\/03\/3-14-600x600.jpg 600w, https:\/\/www.cosmepak.com\/wp-content\/uploads\/2025\/03\/3-14-100x100.jpg 100w\" sizes=\"(max-width: 1000px) 100vw, 1000px\" \/><\/td>\n<\/tr>\n<\/tbody>\n<\/table>\n<table style=\"border-collapse: collapse; width: 100%;\">\n<tbody>\n<tr>\n<td style=\"width: 50%;\"><img loading=\"lazy\" decoding=\"async\" class=\"alignnone size-full wp-image-3961\" src=\"https:\/\/www.cosmepak.com\/wp-content\/uploads\/2025\/03\/6-14.jpg\" alt=\"\" width=\"1000\" height=\"1000\" srcset=\"https:\/\/www.cosmepak.com\/wp-content\/uploads\/2025\/03\/6-14.jpg 1000w, https:\/\/www.cosmepak.com\/wp-content\/uploads\/2025\/03\/6-14-300x300.jpg 300w, https:\/\/www.cosmepak.com\/wp-content\/uploads\/2025\/03\/6-14-150x150.jpg 150w, https:\/\/www.cosmepak.com\/wp-content\/uploads\/2025\/03\/6-14-768x768.jpg 768w, https:\/\/www.cosmepak.com\/wp-content\/uploads\/2025\/03\/6-14-12x12.jpg 12w, https:\/\/www.cosmepak.com\/wp-content\/uploads\/2025\/03\/6-14-600x600.jpg 600w, https:\/\/www.cosmepak.com\/wp-content\/uploads\/2025\/03\/6-14-100x100.jpg 100w\" sizes=\"(max-width: 1000px) 100vw, 1000px\" \/><\/td>\n<td style=\"width: 50%;\"><img loading=\"lazy\" decoding=\"async\" class=\"alignnone size-full wp-image-3962\" src=\"https:\/\/www.cosmepak.com\/wp-content\/uploads\/2025\/03\/7-11.jpg\" alt=\"\" width=\"1000\" height=\"1000\" srcset=\"https:\/\/www.cosmepak.com\/wp-content\/uploads\/2025\/03\/7-11.jpg 1000w, https:\/\/www.cosmepak.com\/wp-content\/uploads\/2025\/03\/7-11-300x300.jpg 300w, https:\/\/www.cosmepak.com\/wp-content\/uploads\/2025\/03\/7-11-150x150.jpg 150w, https:\/\/www.cosmepak.com\/wp-content\/uploads\/2025\/03\/7-11-768x768.jpg 768w, https:\/\/www.cosmepak.com\/wp-content\/uploads\/2025\/03\/7-11-12x12.jpg 12w, https:\/\/www.cosmepak.com\/wp-content\/uploads\/2025\/03\/7-11-600x600.jpg 600w, https:\/\/www.cosmepak.com\/wp-content\/uploads\/2025\/03\/7-11-100x100.jpg 100w\" sizes=\"(max-width: 1000px) 100vw, 1000px\" \/><\/td>\n<\/tr>\n<\/tbody>\n<\/table>\n<p class=\"ai-center-markdown-p\">","protected":false},"excerpt":{"rendered":"<p>Material de garrafa: vidro<\/p>\n<p>Capabilidade: 30ml<\/p>\n<p>Tamanho: Comprimento: 53 mm;<\/p>\n<p>Single Weight: 97.2g<\/p>\n<p>Cor: personalizado<\/p>\n<p>Acabamento de superf\u00edcie: impress\u00e3o de tela, cobertura, estampagem a quente, gradiente de spray, acabamento fosco, etc.<\/p>\n<p>MOQ: 5000pcs;<\/p>\n<p>&nbsp;<\/p>","protected":false},"featured_media":1463,"comment_status":"closed","ping_status":"closed","template":"","meta":{"_acf_changed":false},"product_brand":[],"product_cat":[17],"product_tag":[],"class_list":{"0":"post-1468","1":"product","2":"type-product","3":"status-publish","4":"has-post-thumbnail","6":"product_cat-perfume-bottle","8":"first","9":"outofstock","10":"shipping-taxable","11":"product-type-simple"},"acf":[],"_links":{"self":[{"href":"https:\/\/www.cosmepak.com\/pt\/wp-json\/wp\/v2\/product\/1468","targetHints":{"allow":["GET"]}}],"collection":[{"href":"https:\/\/www.cosmepak.com\/pt\/wp-json\/wp\/v2\/product"}],"about":[{"href":"https:\/\/www.cosmepak.com\/pt\/wp-json\/wp\/v2\/types\/product"}],"replies":[{"embeddable":true,"href":"https:\/\/www.cosmepak.com\/pt\/wp-json\/wp\/v2\/comments?post=1468"}],"wp:featuredmedia":[{"embeddable":true,"href":"https:\/\/www.cosmepak.com\/pt\/wp-json\/wp\/v2\/media\/1463"}],"wp:attachment":[{"href":"https:\/\/www.cosmepak.com\/pt\/wp-json\/wp\/v2\/media?parent=1468"}],"wp:term":[{"taxonomy":"product_brand","embeddable":true,"href":"https:\/\/www.cosmepak.com\/pt\/wp-json\/wp\/v2\/product_brand?post=1468"},{"taxonomy":"product_cat","embeddable":true,"href":"https:\/\/www.cosmepak.com\/pt\/wp-json\/wp\/v2\/product_cat?post=1468"},{"taxonomy":"product_tag","embeddable":true,"href":"https:\/\/www.cosmepak.com\/pt\/wp-json\/wp\/v2\/product_tag?post=1468"}],"curies":[{"name":"wp","href":"https:\/\/api.w.org\/{rel}","templated":true}]}}