{"id":1474,"date":"2025-03-27T15:55:01","date_gmt":"2025-03-27T07:55:01","guid":{"rendered":"https:\/\/www.cosmepak.com\/?post_type=product&#038;p=1474"},"modified":"2026-04-29T13:22:38","modified_gmt":"2026-04-29T05:22:38","slug":"lip-gloss-tube-square-lip-gloss-tube-jaunce","status":"publish","type":"product","link":"https:\/\/www.cosmepak.com\/pt\/product\/lip-gloss-tube-square-lip-gloss-tube-jaunce\/","title":{"rendered":"Lip Gloss Tube-Square Lip Gloss Tube\/Jaunce"},"content":{"rendered":"<table style=\"border-collapse: collapse; width: 100%; height: 240px;\">\n<tbody>\n<tr style=\"height: 24px;\">\n<td style=\"width: 52.1531%; height: 24px; text-align: center;\">Marca<\/td>\n<td style=\"width: 47.8469%; height: 24px; text-align: center;\">\u00a0Jaunce<\/td>\n<\/tr>\n<tr style=\"height: 24px;\">\n<td style=\"width: 52.1531%; height: 24px; text-align: center;\">Capacidade<\/td>\n<td style=\"width: 47.8469%; height: 24px; text-align: center;\">6ml<\/td>\n<\/tr>\n<tr style=\"height: 24px;\">\n<td style=\"width: 52.1531%; height: 24px; text-align: center;\">Forma<\/td>\n<td style=\"width: 47.8469%; height: 24px; text-align: center;\">Quadrado<\/td>\n<\/tr>\n<tr style=\"height: 24px;\">\n<td style=\"width: 52.1531%; height: 24px; text-align: center;\">Tamanho<\/td>\n<td style=\"width: 47.8469%; height: 24px; text-align: center;\">20.5*90.5mm<\/td>\n<\/tr>\n<tr style=\"height: 24px;\">\n<td style=\"width: 52.1531%; height: 24px; text-align: center;\">Peso<\/td>\n<td style=\"width: 47.8469%; height: 24px; text-align: center;\">22.8g<\/td>\n<\/tr>\n<tr style=\"height: 24px;\">\n<td style=\"width: 52.1531%; height: 24px; text-align: center;\">Acess\u00f3rio<\/td>\n<td style=\"width: 47.8469%; height: 24px; text-align: center;\">\u00a0Cap<\/td>\n<\/tr>\n<tr style=\"height: 24px;\">\n<td style=\"width: 52.1531%; height: 24px; text-align: center;\">Modelo<\/td>\n<td style=\"width: 47.8469%; height: 24px; text-align: center;\">JH-JZ-6621#<\/td>\n<\/tr>\n<tr style=\"height: 24px;\">\n<td style=\"width: 52.1531%; height: 24px; text-align: center;\">OEM\/ODM<\/td>\n<td style=\"width: 47.8469%; height: 24px; text-align: center;\">Aceitar<\/td>\n<\/tr>\n<tr style=\"height: 24px;\">\n<td style=\"width: 52.1531%; height: 24px; text-align: center;\">Cor<\/td>\n<td style=\"width: 47.8469%; height: 24px; text-align: center;\">Personalizado<\/td>\n<\/tr>\n<tr style=\"height: 24px;\">\n<td style=\"width: 52.1531%; height: 24px; text-align: center;\">MOQ<\/td>\n<td style=\"width: 47.8469%; height: 24px; text-align: center;\">10000pcs<\/td>\n<\/tr>\n<\/tbody>\n<\/table>\n<p>&nbsp;<\/p>\n<p><img fetchpriority=\"high\" decoding=\"async\" class=\"size-full wp-image-1478 aligncenter\" src=\"https:\/\/www.cosmepak.com\/wp-content\/uploads\/2025\/03\/\u5fae\u4fe1\u56fe\u7247_20250327155108.jpg\" alt=\"\" width=\"1000\" height=\"1000\" srcset=\"https:\/\/www.cosmepak.com\/wp-content\/uploads\/2025\/03\/\u5fae\u4fe1\u56fe\u7247_20250327155108.jpg 1000w, https:\/\/www.cosmepak.com\/wp-content\/uploads\/2025\/03\/\u5fae\u4fe1\u56fe\u7247_20250327155108-300x300.jpg 300w, https:\/\/www.cosmepak.com\/wp-content\/uploads\/2025\/03\/\u5fae\u4fe1\u56fe\u7247_20250327155108-150x150.jpg 150w, https:\/\/www.cosmepak.com\/wp-content\/uploads\/2025\/03\/\u5fae\u4fe1\u56fe\u7247_20250327155108-768x768.jpg 768w, https:\/\/www.cosmepak.com\/wp-content\/uploads\/2025\/03\/\u5fae\u4fe1\u56fe\u7247_20250327155108-600x600.jpg 600w, https:\/\/www.cosmepak.com\/wp-content\/uploads\/2025\/03\/\u5fae\u4fe1\u56fe\u7247_20250327155108-100x100.jpg 100w\" sizes=\"(max-width: 1000px) 100vw, 1000px\" \/><\/p>\n<div class=\"auto-hide-last-sibling-br paragraph-pP9ZLC paragraph-element br-paragraph-space\">This rectangular lip gloss tube is crafted with full-body injection molding and integrated color technology, available in transparent or opaque color finishes to meet diverse visual needs.The appearance can be divided into two types of processing options: glossy finish and matte finish.<\/div>\n<div><\/div>\n<div>Dimens\u00f5es: Altura global 90,5 mm, altura corporal do tubo 37,5 mm, di\u00e2metro 20,5 mm. O tamanho ergon\u00f4mico assegura agarramento e portabilidade sem esfor\u00e7o, perfeito para os toques de beleza em curso. e tamb\u00e9m pode colocar um saco,f\u00e1cil de usar.<\/div>\n<div><\/div>\n<div>O pesco\u00e7o de merda \u00e9 f\u00e1cil para preencher, tubo feito de material ABS, ABS \u00e9 uma alta for \u00e7a, boa rigidez, superf\u00edcie brilhante, excelente resist\u00eancia qu\u00edmica, tamb\u00e9m uso reciclado. o que significa ambientalmente amig\u00e1vel e duradouro.<\/div>\n<div><\/div>\n<div>Sua silueta linda, simples e elegante boa de forte versatilidade, perfeitamente combinando uma ampla gama de estilos visuais de marca e conceitos de design de marca.<\/div>\n<div><\/div>\n<div>Fitted with a screw-on cap paired with a brush applicator (a staple for lip gloss application). The cap supports full customization: any Pantone color can be matched per your brand requirements, and electroplated finishes are also available to create a premium metallic texture\u2014elevating the product\u2019s tactile and visual quality, and exuding understated luxury. The cap we also can provide with inject color, spraying process.<\/div>\n<div><\/div>\n<div>O que \u00e9 New \u0628\u0648\u0635\u0629 Airless Pumeterps?<\/div>\n<div class=\"auto-hide-last-sibling-br paragraph-pP9ZLC paragraph-element br-paragraph-space\">Os pumetros sem ar s\u00e3o um bi \u062c\u0631\u0627m w \u0628\u0648\u0635\u0629. Eles mant\u00eam o ar longe do seu produto. Isso \u00e9 \u00f3timo para coisas como s\u00e9reos ou cremas que arruinam r\u00e1pido. Isso os ajuda a ficar frescos e limpos. Materiales como AS s\u00e3o usados para garrafas cosm\u00e9ticas sem ar. Eles s\u00e3o claros e funcionam bem com cosm\u00e9ticos, como uma caixa clara para seus refei\u00e7\u00f5es favoritos.<\/div>\n<div><\/div>\n<div>De qualquer maneira, este tubo de brilho l\u00e1bio projetado para dura\u00e7\u00e3o longa e funcionalidade pr\u00e1tica, este tubo de brilho l\u00e1bio \u00e9 a solu\u00e7\u00e3o ideal de embalagem para marcas de beleza buscando combinar design elegante minimalista com personaliza\u00e7\u00e3o completa da marca. Ela equilibra perfeitamente a utilizabilidade, est\u00e9tica e personaliza\u00e7\u00e3o das marcas, atendendo \u00e0s diversas necessidades de embalagem das marcas cosm\u00e9ticas atrav\u00e9s de linhas de corte e maquilhagem de cores.<\/div>\n<div>\n<table style=\"border-collapse: collapse; width: 100%;\">\n<tbody>\n<tr>\n<td style=\"width: 33.3333%;\"><img decoding=\"async\" class=\"alignnone size-full wp-image-3161\" src=\"https:\/\/www.cosmepak.com\/wp-content\/uploads\/2025\/03\/O1CN01mPiP361HU7uig9g0m_3230470760-0-cib.jpg\" alt=\"\" width=\"1000\" height=\"1000\" srcset=\"https:\/\/www.cosmepak.com\/wp-content\/uploads\/2025\/03\/O1CN01mPiP361HU7uig9g0m_3230470760-0-cib.jpg 1000w, https:\/\/www.cosmepak.com\/wp-content\/uploads\/2025\/03\/O1CN01mPiP361HU7uig9g0m_3230470760-0-cib-300x300.jpg 300w, https:\/\/www.cosmepak.com\/wp-content\/uploads\/2025\/03\/O1CN01mPiP361HU7uig9g0m_3230470760-0-cib-150x150.jpg 150w, https:\/\/www.cosmepak.com\/wp-content\/uploads\/2025\/03\/O1CN01mPiP361HU7uig9g0m_3230470760-0-cib-768x768.jpg 768w, https:\/\/www.cosmepak.com\/wp-content\/uploads\/2025\/03\/O1CN01mPiP361HU7uig9g0m_3230470760-0-cib-12x12.jpg 12w, https:\/\/www.cosmepak.com\/wp-content\/uploads\/2025\/03\/O1CN01mPiP361HU7uig9g0m_3230470760-0-cib-600x600.jpg 600w, https:\/\/www.cosmepak.com\/wp-content\/uploads\/2025\/03\/O1CN01mPiP361HU7uig9g0m_3230470760-0-cib-100x100.jpg 100w\" sizes=\"(max-width: 1000px) 100vw, 1000px\" \/><\/td>\n<td style=\"width: 33.3333%;\"><img decoding=\"async\" class=\"alignnone size-full wp-image-3162\" src=\"https:\/\/www.cosmepak.com\/wp-content\/uploads\/2025\/03\/O1CN01QoOf501HU7urmSure_3230470760-0-cib.jpg\" alt=\"\" width=\"1000\" height=\"1000\" srcset=\"https:\/\/www.cosmepak.com\/wp-content\/uploads\/2025\/03\/O1CN01QoOf501HU7urmSure_3230470760-0-cib.jpg 1000w, https:\/\/www.cosmepak.com\/wp-content\/uploads\/2025\/03\/O1CN01QoOf501HU7urmSure_3230470760-0-cib-300x300.jpg 300w, https:\/\/www.cosmepak.com\/wp-content\/uploads\/2025\/03\/O1CN01QoOf501HU7urmSure_3230470760-0-cib-150x150.jpg 150w, https:\/\/www.cosmepak.com\/wp-content\/uploads\/2025\/03\/O1CN01QoOf501HU7urmSure_3230470760-0-cib-768x768.jpg 768w, https:\/\/www.cosmepak.com\/wp-content\/uploads\/2025\/03\/O1CN01QoOf501HU7urmSure_3230470760-0-cib-12x12.jpg 12w, https:\/\/www.cosmepak.com\/wp-content\/uploads\/2025\/03\/O1CN01QoOf501HU7urmSure_3230470760-0-cib-600x600.jpg 600w, https:\/\/www.cosmepak.com\/wp-content\/uploads\/2025\/03\/O1CN01QoOf501HU7urmSure_3230470760-0-cib-100x100.jpg 100w\" sizes=\"(max-width: 1000px) 100vw, 1000px\" \/><\/td>\n<td style=\"width: 33.3333%;\"><img loading=\"lazy\" decoding=\"async\" class=\"alignnone size-full wp-image-3163\" src=\"https:\/\/www.cosmepak.com\/wp-content\/uploads\/2025\/03\/O1CN01neDiaI1HU7uqn26i0_3230470760-0-cib-1.jpg\" alt=\"\" width=\"1000\" height=\"1000\" srcset=\"https:\/\/www.cosmepak.com\/wp-content\/uploads\/2025\/03\/O1CN01neDiaI1HU7uqn26i0_3230470760-0-cib-1.jpg 1000w, https:\/\/www.cosmepak.com\/wp-content\/uploads\/2025\/03\/O1CN01neDiaI1HU7uqn26i0_3230470760-0-cib-1-300x300.jpg 300w, https:\/\/www.cosmepak.com\/wp-content\/uploads\/2025\/03\/O1CN01neDiaI1HU7uqn26i0_3230470760-0-cib-1-150x150.jpg 150w, https:\/\/www.cosmepak.com\/wp-content\/uploads\/2025\/03\/O1CN01neDiaI1HU7uqn26i0_3230470760-0-cib-1-768x768.jpg 768w, https:\/\/www.cosmepak.com\/wp-content\/uploads\/2025\/03\/O1CN01neDiaI1HU7uqn26i0_3230470760-0-cib-1-12x12.jpg 12w, https:\/\/www.cosmepak.com\/wp-content\/uploads\/2025\/03\/O1CN01neDiaI1HU7uqn26i0_3230470760-0-cib-1-600x600.jpg 600w, https:\/\/www.cosmepak.com\/wp-content\/uploads\/2025\/03\/O1CN01neDiaI1HU7uqn26i0_3230470760-0-cib-1-100x100.jpg 100w\" sizes=\"(max-width: 1000px) 100vw, 1000px\" \/><\/td>\n<\/tr>\n<\/tbody>\n<\/table>\n<table style=\"border-collapse: collapse; width: 100%;\">\n<tbody>\n<tr>\n<td style=\"width: 50%;\"><img loading=\"lazy\" decoding=\"async\" class=\"alignnone size-full wp-image-3166\" src=\"https:\/\/www.cosmepak.com\/wp-content\/uploads\/2025\/03\/\u8be6\u60c5-7.jpg\" alt=\"\" width=\"1200\" height=\"1200\" srcset=\"https:\/\/www.cosmepak.com\/wp-content\/uploads\/2025\/03\/\u8be6\u60c5-7.jpg 1200w, https:\/\/www.cosmepak.com\/wp-content\/uploads\/2025\/03\/\u8be6\u60c5-7-300x300.jpg 300w, https:\/\/www.cosmepak.com\/wp-content\/uploads\/2025\/03\/\u8be6\u60c5-7-1024x1024.jpg 1024w, https:\/\/www.cosmepak.com\/wp-content\/uploads\/2025\/03\/\u8be6\u60c5-7-150x150.jpg 150w, https:\/\/www.cosmepak.com\/wp-content\/uploads\/2025\/03\/\u8be6\u60c5-7-768x768.jpg 768w, https:\/\/www.cosmepak.com\/wp-content\/uploads\/2025\/03\/\u8be6\u60c5-7-12x12.jpg 12w, https:\/\/www.cosmepak.com\/wp-content\/uploads\/2025\/03\/\u8be6\u60c5-7-600x600.jpg 600w, https:\/\/www.cosmepak.com\/wp-content\/uploads\/2025\/03\/\u8be6\u60c5-7-100x100.jpg 100w\" sizes=\"(max-width: 1200px) 100vw, 1200px\" \/><\/td>\n<td style=\"width: 50%;\"><img loading=\"lazy\" decoding=\"async\" class=\"alignnone size-full wp-image-3165\" src=\"https:\/\/www.cosmepak.com\/wp-content\/uploads\/2025\/03\/O1CN01MymVxm1HU80VL7GQX_3230470760-0-cib-1.jpg\" alt=\"\" width=\"1000\" height=\"1000\" srcset=\"https:\/\/www.cosmepak.com\/wp-content\/uploads\/2025\/03\/O1CN01MymVxm1HU80VL7GQX_3230470760-0-cib-1.jpg 1000w, https:\/\/www.cosmepak.com\/wp-content\/uploads\/2025\/03\/O1CN01MymVxm1HU80VL7GQX_3230470760-0-cib-1-300x300.jpg 300w, https:\/\/www.cosmepak.com\/wp-content\/uploads\/2025\/03\/O1CN01MymVxm1HU80VL7GQX_3230470760-0-cib-1-150x150.jpg 150w, https:\/\/www.cosmepak.com\/wp-content\/uploads\/2025\/03\/O1CN01MymVxm1HU80VL7GQX_3230470760-0-cib-1-768x768.jpg 768w, https:\/\/www.cosmepak.com\/wp-content\/uploads\/2025\/03\/O1CN01MymVxm1HU80VL7GQX_3230470760-0-cib-1-12x12.jpg 12w, https:\/\/www.cosmepak.com\/wp-content\/uploads\/2025\/03\/O1CN01MymVxm1HU80VL7GQX_3230470760-0-cib-1-600x600.jpg 600w, https:\/\/www.cosmepak.com\/wp-content\/uploads\/2025\/03\/O1CN01MymVxm1HU80VL7GQX_3230470760-0-cib-1-100x100.jpg 100w\" sizes=\"(max-width: 1000px) 100vw, 1000px\" \/><\/td>\n<\/tr>\n<\/tbody>\n<\/table>\n<table style=\"border-collapse: collapse; width: 100%;\">\n<tbody>\n<tr>\n<td style=\"width: 100%;\"><img loading=\"lazy\" decoding=\"async\" class=\"alignnone wp-image-3167\" src=\"https:\/\/www.cosmepak.com\/wp-content\/uploads\/2025\/03\/\u8be6\u60c5-13.jpg\" alt=\"\" width=\"1348\" height=\"1348\" srcset=\"https:\/\/www.cosmepak.com\/wp-content\/uploads\/2025\/03\/\u8be6\u60c5-13.jpg 1000w, https:\/\/www.cosmepak.com\/wp-content\/uploads\/2025\/03\/\u8be6\u60c5-13-300x300.jpg 300w, https:\/\/www.cosmepak.com\/wp-content\/uploads\/2025\/03\/\u8be6\u60c5-13-150x150.jpg 150w, https:\/\/www.cosmepak.com\/wp-content\/uploads\/2025\/03\/\u8be6\u60c5-13-768x768.jpg 768w, https:\/\/www.cosmepak.com\/wp-content\/uploads\/2025\/03\/\u8be6\u60c5-13-12x12.jpg 12w, https:\/\/www.cosmepak.com\/wp-content\/uploads\/2025\/03\/\u8be6\u60c5-13-600x600.jpg 600w, https:\/\/www.cosmepak.com\/wp-content\/uploads\/2025\/03\/\u8be6\u60c5-13-100x100.jpg 100w\" sizes=\"(max-width: 1348px) 100vw, 1348px\" \/><\/td>\n<\/tr>\n<\/tbody>\n<\/table>\n<\/div>","protected":false},"excerpt":{"rendered":"<p>Material : ABS\/AS<\/p>\n<p>Capacidade: 6ml<\/p>\n<p>Size: 90.5*20.5mm<\/p>\n<p>Cor: Aceite personalizado (qualquer cor Pantone dispon\u00edvel)<\/p>\n<p>Acabamento de superf\u00edcie: Impress\u00e3o de tela, estampagem a quente, acabamento fosco, etc.<\/p>\n<p>MOQ: 10000pcs<\/p>\n<p>Amostra: amostras gratuitas dispon\u00edveis<\/p>\n<p>&nbsp;<\/p>\n<p>&nbsp;<\/p>","protected":false},"featured_media":1477,"comment_status":"closed","ping_status":"closed","template":"","meta":{"_acf_changed":false},"product_brand":[],"product_cat":[54,36],"product_tag":[39],"class_list":{"0":"post-1474","1":"product","2":"type-product","3":"status-publish","4":"has-post-thumbnail","6":"product_cat-lip-gloss-tube","7":"product_cat-makeup","8":"product_tag-makeup","10":"first","11":"outofstock","12":"shipping-taxable","13":"product-type-simple"},"acf":[],"_links":{"self":[{"href":"https:\/\/www.cosmepak.com\/pt\/wp-json\/wp\/v2\/product\/1474","targetHints":{"allow":["GET"]}}],"collection":[{"href":"https:\/\/www.cosmepak.com\/pt\/wp-json\/wp\/v2\/product"}],"about":[{"href":"https:\/\/www.cosmepak.com\/pt\/wp-json\/wp\/v2\/types\/product"}],"replies":[{"embeddable":true,"href":"https:\/\/www.cosmepak.com\/pt\/wp-json\/wp\/v2\/comments?post=1474"}],"wp:featuredmedia":[{"embeddable":true,"href":"https:\/\/www.cosmepak.com\/pt\/wp-json\/wp\/v2\/media\/1477"}],"wp:attachment":[{"href":"https:\/\/www.cosmepak.com\/pt\/wp-json\/wp\/v2\/media?parent=1474"}],"wp:term":[{"taxonomy":"product_brand","embeddable":true,"href":"https:\/\/www.cosmepak.com\/pt\/wp-json\/wp\/v2\/product_brand?post=1474"},{"taxonomy":"product_cat","embeddable":true,"href":"https:\/\/www.cosmepak.com\/pt\/wp-json\/wp\/v2\/product_cat?post=1474"},{"taxonomy":"product_tag","embeddable":true,"href":"https:\/\/www.cosmepak.com\/pt\/wp-json\/wp\/v2\/product_tag?post=1474"}],"curies":[{"name":"wp","href":"https:\/\/api.w.org\/{rel}","templated":true}]}}