{"id":1476,"date":"2025-03-27T15:59:57","date_gmt":"2025-03-27T07:59:57","guid":{"rendered":"https:\/\/www.cosmepak.com\/?post_type=product&#038;p=1476"},"modified":"2026-01-30T16:19:39","modified_gmt":"2026-01-30T08:19:39","slug":"perfume-bottle-15ml-small-capcity-perfume-bottle-jaunce","status":"publish","type":"product","link":"https:\/\/www.cosmepak.com\/pt\/product\/perfume-bottle-15ml-small-capcity-perfume-bottle-jaunce\/","title":{"rendered":"Garrafa de perfume -15ml Pequeno garrafa de perfume\/ jaunce"},"content":{"rendered":"<table style=\"border-collapse: collapse; width: 100%; height: 216px;\">\n<tbody>\n<tr style=\"height: 24px;\">\n<td style=\"width: 44.5017%; height: 24px; text-align: center;\">Capacidade<\/td>\n<td style=\"width: 55.4983%; height: 24px; text-align: center;\">\u00a015ml<\/td>\n<\/tr>\n<tr style=\"height: 24px;\">\n<td style=\"width: 44.5017%; height: 24px; text-align: center;\">Modelo<\/td>\n<td style=\"width: 55.4983%; height: 24px; text-align: center;\">JH-15<\/td>\n<\/tr>\n<tr style=\"height: 24px;\">\n<td style=\"width: 44.5017%; height: 24px; text-align: center;\">Material de garrafa<\/td>\n<td style=\"width: 55.4983%; height: 24px; text-align: center;\">Vidro<\/td>\n<\/tr>\n<tr style=\"height: 24px;\">\n<td style=\"width: 44.5017%; height: 24px; text-align: center;\">Cap<\/td>\n<td style=\"width: 55.4983%; height: 24px; text-align: center;\">Cor oura\/preto\/prata<\/td>\n<\/tr>\n<tr style=\"height: 24px;\">\n<td style=\"width: 44.5017%; height: 24px; text-align: center;\">Tamanho<\/td>\n<td style=\"width: 55.4983%; height: 24px; text-align: center;\">23*126mm<\/td>\n<\/tr>\n<tr style=\"height: 24px;\">\n<td style=\"width: 44.5017%; height: 24px; text-align: center;\">Peso<\/td>\n<td style=\"width: 55.4983%; height: 24px; text-align: center;\">60g<\/td>\n<\/tr>\n<tr style=\"height: 24px;\">\n<td style=\"width: 44.5017%; height: 24px; text-align: center;\">Personaliza\u00e7\u00e3o<\/td>\n<td style=\"width: 55.4983%; height: 24px; text-align: center;\">Aceitar<\/td>\n<\/tr>\n<tr style=\"height: 24px;\">\n<td style=\"width: 44.5017%; height: 24px; text-align: center;\">Cor<\/td>\n<td style=\"width: 55.4983%; height: 24px; text-align: center;\">Personalizado<\/td>\n<\/tr>\n<tr style=\"height: 24px;\">\n<td style=\"width: 44.5017%; height: 24px; text-align: center;\">OEM\/ODM<\/td>\n<td style=\"width: 55.4983%; height: 24px; text-align: center;\">Aceitar<\/td>\n<\/tr>\n<\/tbody>\n<\/table>\n<p>Em uma \u00e9poca em que o minimalismo encontra luxo intencional, esses frascos port\u00e1tiis de perfume s\u00e3o pequenos testamentos para design pensado e refinamento cotidiano.<\/p>\n<p>Esta \u00e9 uma garrafa de perfume de 15 ml de pequeno tamanho, com di\u00e2metro de 23 mm e altura de 126mm. Pode ser colocado em qualquer saco e \u00e9 conveniente carregar. Esta garrafa vem em dois estilos: cilindrico e rectangular. O desenho de fundo espessado faz a garrafa parecer mais texturada. A abertura da garrafa com fios \u00e9 conveniente para preencher e pode ser reutilizada.<\/p>\n<p>O corpo transparente da garrafa de vidro permite ver claramente o estado de uso. O pulverizador com fios tem op\u00e7\u00f5es de cor de moldagem de inje\u00e7\u00e3o e revestimento eletroalum\u00ednio. Quando parejado com uma cobertura externa da mesma cor, a apar\u00eancia global \u00e9 harmoniosa e coordenada.<\/p>\n<p>Os capos naturais de garrafa de madeira v\u00eam com cor de carv\u00e3o leve quente e cor rica de nariz para voc\u00ea escolher. Cada cor tem seu pr\u00f3prio padr\u00e3o de textura \u00fanico, adicionando um toque de beleza natural. A pequena garrafa coberta com metal oferece uma experi\u00eancia de luxo minimalist a e moderna. Seu corpo de vidro curvo e suave sente-se extremamente leve na m\u00e3o, enquanto os capos de metal de alta qualidade &#8211; - madeira negra, prata polida e ouro quente &#8211; adicionar um peso satisfat\u00f3rio, destacando a alta qualidade do produto.<\/p>\n<p class=\"ai-center-markdown-p\">Por que escolher nossa garrafa de perfume?<\/p>\n<p>1. Fogos anti-vazamento e apertados para viagens sem confus\u00e3o<\/p>\n<p>2.Reusable &amp; - refil\u00edveis para reduzir res\u00edduos<\/p>\n<p>3.Op\u00e7\u00f5es de design duplo para corresponder ao seu estilo pessoal<\/p>\n<p>4.Tamanho compacto de 10 ml, aprovado para bagagem de carregamento<\/p>\n<p>Tamb\u00e9m apoiamos solu\u00e7\u00f5es de embalagem cosm\u00e9tica de um ponto. para as garrafas que podemos fornecer com cores personalizadas (podemos produzir de acordo com qualquer cor de pantona), impress\u00e3o de tela de seda de acordo com seu desenho de arte-desgin ou servi\u00e7o de rotulagem. Se tamb\u00e9m pode ajud\u00e1-lo a fornecer caixa de pacotes, etc. quaisquer requisitos por favor nos envie e-mail, podemos dar uma refer\u00eancia para voc\u00ea.<\/p>\n<p>Eleva sua rotina de fragran\u00e7a com nossa cole\u00e7\u00e3o curada de frascos port\u00e1tiis de perfume - onde o design minimalista encontra luxo cotidiano, perfeito para carregar seu cheiro favorito de sala de conselhos para o almo\u00e7o.<\/p>\n<p>&nbsp;<\/p>\n<p><img fetchpriority=\"high\" decoding=\"async\" class=\"alignnone wp-image-1483\" src=\"https:\/\/www.cosmepak.com\/wp-content\/uploads\/2025\/03\/O1CN01bOJLYM25jRr6vrORN_2778787562-0-cib.jpg\" alt=\"\" width=\"1378\" height=\"1378\" srcset=\"https:\/\/www.cosmepak.com\/wp-content\/uploads\/2025\/03\/O1CN01bOJLYM25jRr6vrORN_2778787562-0-cib.jpg 1000w, https:\/\/www.cosmepak.com\/wp-content\/uploads\/2025\/03\/O1CN01bOJLYM25jRr6vrORN_2778787562-0-cib-300x300.jpg 300w, https:\/\/www.cosmepak.com\/wp-content\/uploads\/2025\/03\/O1CN01bOJLYM25jRr6vrORN_2778787562-0-cib-150x150.jpg 150w, https:\/\/www.cosmepak.com\/wp-content\/uploads\/2025\/03\/O1CN01bOJLYM25jRr6vrORN_2778787562-0-cib-768x768.jpg 768w, https:\/\/www.cosmepak.com\/wp-content\/uploads\/2025\/03\/O1CN01bOJLYM25jRr6vrORN_2778787562-0-cib-600x600.jpg 600w, https:\/\/www.cosmepak.com\/wp-content\/uploads\/2025\/03\/O1CN01bOJLYM25jRr6vrORN_2778787562-0-cib-100x100.jpg 100w\" sizes=\"(max-width: 1378px) 100vw, 1378px\" \/><\/p>\n<table style=\"border-collapse: collapse; width: 100%;\">\n<tbody>\n<tr>\n<td style=\"width: 33.3333%;\"><img decoding=\"async\" class=\"alignnone size-full wp-image-3954\" src=\"https:\/\/www.cosmepak.com\/wp-content\/uploads\/2025\/03\/31-1.jpg\" alt=\"\" width=\"1000\" height=\"1000\" srcset=\"https:\/\/www.cosmepak.com\/wp-content\/uploads\/2025\/03\/31-1.jpg 1000w, https:\/\/www.cosmepak.com\/wp-content\/uploads\/2025\/03\/31-1-300x300.jpg 300w, https:\/\/www.cosmepak.com\/wp-content\/uploads\/2025\/03\/31-1-150x150.jpg 150w, https:\/\/www.cosmepak.com\/wp-content\/uploads\/2025\/03\/31-1-768x768.jpg 768w, https:\/\/www.cosmepak.com\/wp-content\/uploads\/2025\/03\/31-1-12x12.jpg 12w, https:\/\/www.cosmepak.com\/wp-content\/uploads\/2025\/03\/31-1-600x600.jpg 600w, https:\/\/www.cosmepak.com\/wp-content\/uploads\/2025\/03\/31-1-100x100.jpg 100w\" sizes=\"(max-width: 1000px) 100vw, 1000px\" \/><\/td>\n<td style=\"width: 33.3333%;\"><img decoding=\"async\" class=\"alignnone size-full wp-image-3953\" src=\"https:\/\/www.cosmepak.com\/wp-content\/uploads\/2025\/03\/21-1.jpg\" alt=\"\" width=\"1000\" height=\"1000\" srcset=\"https:\/\/www.cosmepak.com\/wp-content\/uploads\/2025\/03\/21-1.jpg 1000w, https:\/\/www.cosmepak.com\/wp-content\/uploads\/2025\/03\/21-1-300x300.jpg 300w, https:\/\/www.cosmepak.com\/wp-content\/uploads\/2025\/03\/21-1-150x150.jpg 150w, https:\/\/www.cosmepak.com\/wp-content\/uploads\/2025\/03\/21-1-768x768.jpg 768w, https:\/\/www.cosmepak.com\/wp-content\/uploads\/2025\/03\/21-1-12x12.jpg 12w, https:\/\/www.cosmepak.com\/wp-content\/uploads\/2025\/03\/21-1-600x600.jpg 600w, https:\/\/www.cosmepak.com\/wp-content\/uploads\/2025\/03\/21-1-100x100.jpg 100w\" sizes=\"(max-width: 1000px) 100vw, 1000px\" \/><\/td>\n<td style=\"width: 33.3333%;\"><img loading=\"lazy\" decoding=\"async\" class=\"alignnone size-full wp-image-3955\" src=\"https:\/\/www.cosmepak.com\/wp-content\/uploads\/2025\/03\/41-1.jpg\" alt=\"\" width=\"1000\" height=\"1000\" srcset=\"https:\/\/www.cosmepak.com\/wp-content\/uploads\/2025\/03\/41-1.jpg 1000w, https:\/\/www.cosmepak.com\/wp-content\/uploads\/2025\/03\/41-1-300x300.jpg 300w, https:\/\/www.cosmepak.com\/wp-content\/uploads\/2025\/03\/41-1-150x150.jpg 150w, https:\/\/www.cosmepak.com\/wp-content\/uploads\/2025\/03\/41-1-768x768.jpg 768w, https:\/\/www.cosmepak.com\/wp-content\/uploads\/2025\/03\/41-1-12x12.jpg 12w, https:\/\/www.cosmepak.com\/wp-content\/uploads\/2025\/03\/41-1-600x600.jpg 600w, https:\/\/www.cosmepak.com\/wp-content\/uploads\/2025\/03\/41-1-100x100.jpg 100w\" sizes=\"(max-width: 1000px) 100vw, 1000px\" \/><\/td>\n<\/tr>\n<\/tbody>\n<\/table>\n<p class=\"ai-center-markdown-p\">Para mais informa\u00e7\u00f5es ou comprar, por favor visite nosso site ou contacte nossa equipe de servi\u00e7o cliente.<\/p>\n<p>&nbsp;<\/p>\n<p class=\"ai-center-markdown-p\">","protected":false},"excerpt":{"rendered":"<p>Material de garrafa: vidro<\/p>\n<p>Capabilidade: 15ml<\/p>\n<p>Tamanho: Comprimento: OD: 23,1mm;<\/p>\n<p>Peso \u00fanico: 60g<\/p>\n<p>Cor: personalizado<\/p>\n<p>Acabamento de superf\u00edcie: impress\u00e3o de tela, cobertura, estampagem a quente, gradiente de spray, acabamento fosco, etc.<\/p>\n<p>MOQ: 5000pcs;<\/p>\n<p>&nbsp;<\/p>","protected":false},"featured_media":1482,"comment_status":"closed","ping_status":"closed","template":"","meta":{"_acf_changed":false},"product_brand":[],"product_cat":[17],"product_tag":[],"class_list":{"0":"post-1476","1":"product","2":"type-product","3":"status-publish","4":"has-post-thumbnail","6":"product_cat-perfume-bottle","8":"first","9":"outofstock","10":"shipping-taxable","11":"product-type-simple"},"acf":[],"_links":{"self":[{"href":"https:\/\/www.cosmepak.com\/pt\/wp-json\/wp\/v2\/product\/1476","targetHints":{"allow":["GET"]}}],"collection":[{"href":"https:\/\/www.cosmepak.com\/pt\/wp-json\/wp\/v2\/product"}],"about":[{"href":"https:\/\/www.cosmepak.com\/pt\/wp-json\/wp\/v2\/types\/product"}],"replies":[{"embeddable":true,"href":"https:\/\/www.cosmepak.com\/pt\/wp-json\/wp\/v2\/comments?post=1476"}],"wp:featuredmedia":[{"embeddable":true,"href":"https:\/\/www.cosmepak.com\/pt\/wp-json\/wp\/v2\/media\/1482"}],"wp:attachment":[{"href":"https:\/\/www.cosmepak.com\/pt\/wp-json\/wp\/v2\/media?parent=1476"}],"wp:term":[{"taxonomy":"product_brand","embeddable":true,"href":"https:\/\/www.cosmepak.com\/pt\/wp-json\/wp\/v2\/product_brand?post=1476"},{"taxonomy":"product_cat","embeddable":true,"href":"https:\/\/www.cosmepak.com\/pt\/wp-json\/wp\/v2\/product_cat?post=1476"},{"taxonomy":"product_tag","embeddable":true,"href":"https:\/\/www.cosmepak.com\/pt\/wp-json\/wp\/v2\/product_tag?post=1476"}],"curies":[{"name":"wp","href":"https:\/\/api.w.org\/{rel}","templated":true}]}}