{"id":1488,"date":"2025-03-27T16:21:52","date_gmt":"2025-03-27T08:21:52","guid":{"rendered":"https:\/\/www.cosmepak.com\/?post_type=product&#038;p=1488"},"modified":"2025-09-09T13:59:09","modified_gmt":"2025-09-09T05:59:09","slug":"lipglosstube-9","status":"publish","type":"product","link":"https:\/\/www.cosmepak.com\/pt\/product\/lipglosstube-9\/","title":{"rendered":"Lip Gloss Tube-INS estilo cristal tubo quadrado\/Jaunce transparente"},"content":{"rendered":"<table style=\"border-collapse: collapse; width: 100%; height: 240px;\">\n<tbody>\n<tr style=\"height: 24px;\">\n<td style=\"width: 24.7995%; height: 24px;\">Marca<\/td>\n<td style=\"width: 75.2005%; height: 24px;\">\u00a0Jaunce<\/td>\n<\/tr>\n<tr style=\"height: 24px;\">\n<td style=\"width: 24.7995%; height: 24px;\">Capacidade<\/td>\n<td style=\"width: 75.2005%; height: 24px;\">3.5g<\/td>\n<\/tr>\n<tr style=\"height: 24px;\">\n<td style=\"width: 24.7995%; height: 24px;\">Forma<\/td>\n<td style=\"width: 75.2005%; height: 24px;\">Redondo<\/td>\n<\/tr>\n<tr style=\"height: 24px;\">\n<td style=\"width: 24.7995%; height: 24px;\">Tamanho<\/td>\n<td style=\"width: 75.2005%; height: 24px;\">22*67.5mm<\/td>\n<\/tr>\n<tr style=\"height: 24px;\">\n<td style=\"width: 24.7995%; height: 24px;\">Peso<\/td>\n<td style=\"width: 75.2005%; height: 24px;\">22G<\/td>\n<\/tr>\n<tr style=\"height: 24px;\">\n<td style=\"width: 24.7995%; height: 24px;\">Acess\u00f3rio<\/td>\n<td style=\"width: 75.2005%; height: 24px;\">\u00a0Cap<\/td>\n<\/tr>\n<tr style=\"height: 24px;\">\n<td style=\"width: 24.7995%; height: 24px;\">Modelo<\/td>\n<td style=\"width: 75.2005%; height: 24px;\">JH-JZ-3384<\/td>\n<\/tr>\n<tr style=\"height: 24px;\">\n<td style=\"width: 24.7995%; height: 24px;\">OEM\/ODM<\/td>\n<td style=\"width: 75.2005%; height: 24px;\">Aceitar<\/td>\n<\/tr>\n<tr style=\"height: 24px;\">\n<td style=\"width: 24.7995%; height: 24px;\">Cor<\/td>\n<td style=\"width: 75.2005%; height: 24px;\">Personalizado<\/td>\n<\/tr>\n<tr style=\"height: 24px;\">\n<td style=\"width: 24.7995%; height: 24px;\">MOQ<\/td>\n<td style=\"width: 75.2005%; height: 24px;\">10000pcs<\/td>\n<\/tr>\n<\/tbody>\n<\/table>\n<p>&nbsp;<\/p>\n<p><img fetchpriority=\"high\" decoding=\"async\" class=\"alignnone wp-image-1495\" src=\"https:\/\/www.cosmepak.com\/wp-content\/uploads\/2025\/03\/\u5fae\u4fe1\u56fe\u7247_20250327155843.jpg\" alt=\"\" width=\"1470\" height=\"1470\" srcset=\"https:\/\/www.cosmepak.com\/wp-content\/uploads\/2025\/03\/\u5fae\u4fe1\u56fe\u7247_20250327155843.jpg 800w, https:\/\/www.cosmepak.com\/wp-content\/uploads\/2025\/03\/\u5fae\u4fe1\u56fe\u7247_20250327155843-300x300.jpg 300w, https:\/\/www.cosmepak.com\/wp-content\/uploads\/2025\/03\/\u5fae\u4fe1\u56fe\u7247_20250327155843-150x150.jpg 150w, https:\/\/www.cosmepak.com\/wp-content\/uploads\/2025\/03\/\u5fae\u4fe1\u56fe\u7247_20250327155843-768x768.jpg 768w, https:\/\/www.cosmepak.com\/wp-content\/uploads\/2025\/03\/\u5fae\u4fe1\u56fe\u7247_20250327155843-600x600.jpg 600w, https:\/\/www.cosmepak.com\/wp-content\/uploads\/2025\/03\/\u5fae\u4fe1\u56fe\u7247_20250327155843-100x100.jpg 100w\" sizes=\"(max-width: 1470px) 100vw, 1470px\" \/><img decoding=\"async\" class=\"alignnone wp-image-1497\" src=\"https:\/\/www.cosmepak.com\/wp-content\/uploads\/2025\/03\/\u5fae\u4fe1\u56fe\u7247_20250327155846.jpg\" alt=\"\" width=\"1388\" height=\"1388\" srcset=\"https:\/\/www.cosmepak.com\/wp-content\/uploads\/2025\/03\/\u5fae\u4fe1\u56fe\u7247_20250327155846.jpg 1000w, https:\/\/www.cosmepak.com\/wp-content\/uploads\/2025\/03\/\u5fae\u4fe1\u56fe\u7247_20250327155846-300x300.jpg 300w, https:\/\/www.cosmepak.com\/wp-content\/uploads\/2025\/03\/\u5fae\u4fe1\u56fe\u7247_20250327155846-150x150.jpg 150w, https:\/\/www.cosmepak.com\/wp-content\/uploads\/2025\/03\/\u5fae\u4fe1\u56fe\u7247_20250327155846-768x768.jpg 768w, https:\/\/www.cosmepak.com\/wp-content\/uploads\/2025\/03\/\u5fae\u4fe1\u56fe\u7247_20250327155846-600x600.jpg 600w, https:\/\/www.cosmepak.com\/wp-content\/uploads\/2025\/03\/\u5fae\u4fe1\u56fe\u7247_20250327155846-100x100.jpg 100w\" sizes=\"(max-width: 1388px) 100vw, 1388px\" \/><img decoding=\"async\" class=\"alignnone wp-image-1498\" src=\"https:\/\/www.cosmepak.com\/wp-content\/uploads\/2025\/03\/\u5fae\u4fe1\u56fe\u7247_20250327155848.jpg\" alt=\"\" width=\"1387\" height=\"1387\" srcset=\"https:\/\/www.cosmepak.com\/wp-content\/uploads\/2025\/03\/\u5fae\u4fe1\u56fe\u7247_20250327155848.jpg 1000w, https:\/\/www.cosmepak.com\/wp-content\/uploads\/2025\/03\/\u5fae\u4fe1\u56fe\u7247_20250327155848-300x300.jpg 300w, https:\/\/www.cosmepak.com\/wp-content\/uploads\/2025\/03\/\u5fae\u4fe1\u56fe\u7247_20250327155848-150x150.jpg 150w, https:\/\/www.cosmepak.com\/wp-content\/uploads\/2025\/03\/\u5fae\u4fe1\u56fe\u7247_20250327155848-768x768.jpg 768w, https:\/\/www.cosmepak.com\/wp-content\/uploads\/2025\/03\/\u5fae\u4fe1\u56fe\u7247_20250327155848-600x600.jpg 600w, https:\/\/www.cosmepak.com\/wp-content\/uploads\/2025\/03\/\u5fae\u4fe1\u56fe\u7247_20250327155848-100x100.jpg 100w\" sizes=\"(max-width: 1387px) 100vw, 1387px\" \/><\/p>\n<p><img loading=\"lazy\" decoding=\"async\" class=\"alignnone wp-image-1343 size-full\" src=\"https:\/\/www.cosmepak.com\/wp-content\/uploads\/2024\/12\/\u5fae\u4fe1\u56fe\u7247_20250213141726.jpg\" alt=\"\" width=\"1920\" height=\"919\" srcset=\"https:\/\/www.cosmepak.com\/wp-content\/uploads\/2024\/12\/\u5fae\u4fe1\u56fe\u7247_20250213141726.jpg 1920w, https:\/\/www.cosmepak.com\/wp-content\/uploads\/2024\/12\/\u5fae\u4fe1\u56fe\u7247_20250213141726-300x144.jpg 300w, https:\/\/www.cosmepak.com\/wp-content\/uploads\/2024\/12\/\u5fae\u4fe1\u56fe\u7247_20250213141726-1024x490.jpg 1024w, https:\/\/www.cosmepak.com\/wp-content\/uploads\/2024\/12\/\u5fae\u4fe1\u56fe\u7247_20250213141726-768x368.jpg 768w, https:\/\/www.cosmepak.com\/wp-content\/uploads\/2024\/12\/\u5fae\u4fe1\u56fe\u7247_20250213141726-1536x735.jpg 1536w, https:\/\/www.cosmepak.com\/wp-content\/uploads\/2024\/12\/\u5fae\u4fe1\u56fe\u7247_20250213141726-600x287.jpg 600w\" sizes=\"(max-width: 1920px) 100vw, 1920px\" \/><\/p>\n<h3 id=\"crystal-clear-transparent-pink-square-lipstick-tube-packaging\" class=\"ai-center-markdown-h3\">Empaquetamento de tubos de Lipstick Pink Square Transparente Crystal Clear<\/h3>\n<p class=\"ai-center-markdown-p\">No mundo de beleza e cosm\u00e9tica em constante evolu\u00e7\u00e3o, embalagens desempenham um papel crucial em atrair os consumidores e aumentar o apelo geral de um produto. Uma das \u00faltimas tend\u00eancias que fazem ondas na ind\u00fastria \u00e9 a\u00a0<strong class=\"ai-center-markdown-strong\">embalagem de tubo de labirinto quadrado rosa transparente cristal<\/strong>Este design inovador de embalagens n\u00e3o s\u00f3 exude eleg\u00e2ncia e sofistica\u00e7\u00e3o, mas tamb\u00e9m oferece benef\u00edcios pr\u00e1ticos tanto para marcas como para consumidores.<\/p>\n<h4 id=\"elegant-and-modern-design\" class=\"ai-center-markdown-h4\">Design elegante e moderno<\/h4>\n<p class=\"ai-center-markdown-p\">O tubo de labirinto quadrado rosa transparente cristal \u00e9 uma mistura perfeita de est\u00e9tica modern a e funcionalidade. O design transparente permite que os consumidores vejam a cor e textura real do labirinto ou balma do l\u00e1bio dentro, eliminando qualquer adivinhamento e tornando o processo de sele\u00e7\u00e3o mais f\u00e1cil. A cor rosa suave acrescenta um toque de femininidade e eleg\u00e2ncia, tornando-a uma escolha atraente para entusiastas de beleza.<\/p>\n<h4 id=\"versatility-and-customization\" class=\"ai-center-markdown-h4\">Versatilidade e personaliza\u00e7\u00e3o<\/h4>\n<p class=\"ai-center-markdown-p\">Uma das caracter\u00edsticas destacadas desta embalagem \u00e9 sua versatilidade. Pode ser usado para v\u00e1rios tipos de produtos l\u00e1bios, incluindo labirintos, balmas l\u00e1bios e brilhas l\u00e1bios. As marcas podem personalizar a embalagem com seus logos, cores de marca e outros elementos de design para criar um olhar \u00fanico e coerente que se alinha com sua identidade de marca. A forma quadrada tamb\u00e9m proporciona amplo espa\u00e7o para marcar e rotular, assegurando que informa\u00e7\u00f5es importantes sobre produtos sejam f\u00e1cilmente acess\u00edveis aos consumidores.<\/p>\n<h4 id=\"durability-and-protection\" class=\"ai-center-markdown-h4\">Durabilidade e Prote\u00e7\u00e3o<\/h4>\n<p class=\"ai-center-markdown-p\">Al\u00e9m de seu apelo est\u00e9tico, o tubo de labirinto quadrado rosa transparente cristal \u00e9 projetado para ser duradouro e protetor. Os materiais de alta qualidade utilizados em sua constru\u00e7\u00e3o asseguram que o labirinto ou o balmo dos l\u00e1bios permanecem intactos e protegidos de fatores externos como calor, umidade e danos f\u00edsicos. Essa durabilidade \u00e9 essencial para manter o produto \u00e9 qualidade e extens\u00e3o de sua vida de plataforma.<\/p>\n<h4 id=\"eco-friendly-option\" class=\"ai-center-markdown-h4\">Op\u00e7\u00e3o ecol\u00f3gica<\/h4>\n<p class=\"ai-center-markdown-p\">Hoje em dia s mercado ambientalmente consciente, sustentabilidade \u00e9 uma considera\u00e7\u00e3o fundamental tanto para marcas como para consumidores. O tubo de labirinto quadrado rosa transparente cristal pode ser feito de materiais ecol\u00f3gicos, tornando-o uma op\u00e7\u00e3o de embalagem sustent\u00e1vel. As marcas podem optar por materiais reciclables ou biodegrad\u00e1veis, reduzindo sua pegada ambiental e atraindo consumidores ecoconscientes.<\/p>\n<h4 id=\"conclusion\" class=\"ai-center-markdown-h4\">Conclus\u00e3o<\/h4>\n<p class=\"ai-center-markdown-p\">A embalagem de tubos de labirinto quadrado rosa transparente cristal \u00e9 uma escolha estilista, pr\u00e1tica e sustent\u00e1vel para marcas modernas de beleza. Seu design elegante, versatilidade, durabilidade e op\u00e7\u00f5es ecol\u00f3gicas fazem com que seja uma solu\u00e7\u00e3o de embalagem destacada no mercado competitivo dos cosm\u00e9ticos. Ao adotar esta embalagem inovadora, as marcas podem refor\u00e7ar seu apelo ao produto, atrair mais consumidores e contribuir para um futuro mais sustent\u00e1vel.<\/p>\n<p><img loading=\"lazy\" decoding=\"async\" class=\"alignnone size-full wp-image-1347\" src=\"https:\/\/www.cosmepak.com\/wp-content\/uploads\/2024\/12\/\u9996\u987519202_03.jpg\" alt=\"\" width=\"1920\" height=\"885\" srcset=\"https:\/\/www.cosmepak.com\/wp-content\/uploads\/2024\/12\/\u9996\u987519202_03.jpg 1920w, https:\/\/www.cosmepak.com\/wp-content\/uploads\/2024\/12\/\u9996\u987519202_03-300x138.jpg 300w, https:\/\/www.cosmepak.com\/wp-content\/uploads\/2024\/12\/\u9996\u987519202_03-1024x472.jpg 1024w, https:\/\/www.cosmepak.com\/wp-content\/uploads\/2024\/12\/\u9996\u987519202_03-768x354.jpg 768w, https:\/\/www.cosmepak.com\/wp-content\/uploads\/2024\/12\/\u9996\u987519202_03-1536x708.jpg 1536w, https:\/\/www.cosmepak.com\/wp-content\/uploads\/2024\/12\/\u9996\u987519202_03-600x277.jpg 600w\" sizes=\"(max-width: 1920px) 100vw, 1920px\" \/> <img loading=\"lazy\" decoding=\"async\" class=\"alignnone size-full wp-image-1348\" src=\"https:\/\/www.cosmepak.com\/wp-content\/uploads\/2024\/12\/\u9996\u987519202_04.jpg\" alt=\"\" width=\"1920\" height=\"694\" srcset=\"https:\/\/www.cosmepak.com\/wp-content\/uploads\/2024\/12\/\u9996\u987519202_04.jpg 1920w, https:\/\/www.cosmepak.com\/wp-content\/uploads\/2024\/12\/\u9996\u987519202_04-300x108.jpg 300w, https:\/\/www.cosmepak.com\/wp-content\/uploads\/2024\/12\/\u9996\u987519202_04-1024x370.jpg 1024w, https:\/\/www.cosmepak.com\/wp-content\/uploads\/2024\/12\/\u9996\u987519202_04-768x278.jpg 768w, https:\/\/www.cosmepak.com\/wp-content\/uploads\/2024\/12\/\u9996\u987519202_04-1536x555.jpg 1536w, https:\/\/www.cosmepak.com\/wp-content\/uploads\/2024\/12\/\u9996\u987519202_04-600x217.jpg 600w\" sizes=\"(max-width: 1920px) 100vw, 1920px\" \/><\/p>\n<p><img loading=\"lazy\" decoding=\"async\" class=\"alignnone size-full wp-image-1350\" src=\"https:\/\/www.cosmepak.com\/wp-content\/uploads\/2024\/12\/\u9996\u987519202_05-1.jpg\" alt=\"\" width=\"1920\" height=\"970\" srcset=\"https:\/\/www.cosmepak.com\/wp-content\/uploads\/2024\/12\/\u9996\u987519202_05-1.jpg 1920w, https:\/\/www.cosmepak.com\/wp-content\/uploads\/2024\/12\/\u9996\u987519202_05-1-300x152.jpg 300w, https:\/\/www.cosmepak.com\/wp-content\/uploads\/2024\/12\/\u9996\u987519202_05-1-1024x517.jpg 1024w, https:\/\/www.cosmepak.com\/wp-content\/uploads\/2024\/12\/\u9996\u987519202_05-1-768x388.jpg 768w, https:\/\/www.cosmepak.com\/wp-content\/uploads\/2024\/12\/\u9996\u987519202_05-1-1536x776.jpg 1536w, https:\/\/www.cosmepak.com\/wp-content\/uploads\/2024\/12\/\u9996\u987519202_05-1-600x303.jpg 600w\" sizes=\"(max-width: 1920px) 100vw, 1920px\" \/><\/p>\n<p><img loading=\"lazy\" decoding=\"async\" class=\"alignnone wp-image-1351\" src=\"https:\/\/www.cosmepak.com\/wp-content\/uploads\/2024\/12\/\u7269\u6d41\u8fd0\u8f93\u753b\u9762-2.jpg\" alt=\"\" width=\"1424\" height=\"1068\" srcset=\"https:\/\/www.cosmepak.com\/wp-content\/uploads\/2024\/12\/\u7269\u6d41\u8fd0\u8f93\u753b\u9762-2.jpg 800w, https:\/\/www.cosmepak.com\/wp-content\/uploads\/2024\/12\/\u7269\u6d41\u8fd0\u8f93\u753b\u9762-2-300x225.jpg 300w, https:\/\/www.cosmepak.com\/wp-content\/uploads\/2024\/12\/\u7269\u6d41\u8fd0\u8f93\u753b\u9762-2-768x576.jpg 768w, https:\/\/www.cosmepak.com\/wp-content\/uploads\/2024\/12\/\u7269\u6d41\u8fd0\u8f93\u753b\u9762-2-600x450.jpg 600w\" sizes=\"(max-width: 1424px) 100vw, 1424px\" \/><\/p>\n<table style=\"border-collapse: collapse; width: 100%; height: 144px;\">\n<tbody>\n<tr style=\"height: 24px;\">\n<td style=\"width: 33.3333%; text-align: center; height: 24px;\"><span style=\"font-size: 14pt;\"><strong>Expressar<\/strong><\/span><\/td>\n<td style=\"width: 33.3333%; text-align: center; height: 24px;\"><span style=\"font-size: 14pt;\"><strong>Frete a\u00e9reo<\/strong><\/span><\/td>\n<td style=\"width: 33.3333%; text-align: center; height: 24px;\"><span style=\"font-size: 14pt;\"><strong>Transporte mar\u00edtimo<\/strong><\/span><\/td>\n<\/tr>\n<tr style=\"height: 24px;\">\n<td style=\"width: 33.3333%; text-align: center; height: 24px;\">Europa de 4 a 6 dias<\/td>\n<td style=\"width: 33.3333%; text-align: center; height: 24px;\">Europa de 4 a 6 dias<\/td>\n<td style=\"width: 33.3333%; text-align: center; height: 24px;\">Europa de 25 a 35 dias<\/td>\n<\/tr>\n<tr style=\"height: 24px;\">\n<td style=\"width: 33.3333%; text-align: center; height: 24px;\">Morth America de 4 a 6 dias<\/td>\n<td style=\"width: 33.3333%; text-align: center; height: 24px;\">Morth America de 4 a 6 dias<\/td>\n<td style=\"width: 33.3333%; text-align: center; height: 24px;\">Morth America de 25 a 35 dias<\/td>\n<\/tr>\n<tr style=\"height: 24px;\">\n<td style=\"width: 33.3333%; text-align: center; height: 24px;\">Sudeste Asi\u00e1tico de 3 a 5 dias<\/td>\n<td style=\"width: 33.3333%; text-align: center; height: 24px;\">Sudeste Asi\u00e1tico de 3 a 5 dias<\/td>\n<td style=\"width: 33.3333%; text-align: center; height: 24px;\">Sudeste Asi\u00e1tico de 25 a 35 dias<\/td>\n<\/tr>\n<tr style=\"height: 24px;\">\n<td style=\"width: 33.3333%; text-align: center; height: 24px;\">O Oriente M\u00e9dio de 4 a 6 dias<\/td>\n<td style=\"width: 33.3333%; text-align: center; height: 24px;\">O Oriente M\u00e9dio de 4 a 6 dias<\/td>\n<td style=\"width: 33.3333%; text-align: center; height: 24px;\">O Oriente M\u00e9dio de 25 a 35 dias<\/td>\n<\/tr>\n<tr style=\"height: 24px;\">\n<td style=\"width: 33.3333%; text-align: center; height: 24px;\">\u00c1frica do Sul de 5 a 8 dias<\/td>\n<td style=\"width: 33.3333%; text-align: center; height: 24px;\">\u00c1frica do Sul de 5 a 8 dias<\/td>\n<td style=\"width: 33.3333%; text-align: center; height: 24px;\">\u00c1frica do Sul 25-35 dias<\/td>\n<\/tr>\n<\/tbody>\n<\/table>\n<p><span style=\"font-size: 14pt;\"><strong>RFQ:\u00a0<\/strong><\/span><\/p>\n<h3 id=\"why-should-you-buy-from-us-instead-of-other-suppliers\" class=\"ai-center-markdown-h3\" data-spm-anchor-id=\"a2700.micro_cgs_home.0.i9.6e743e5ftETPZu\">Por que voc\u00ea deveria comprar de n\u00f3s em vez de outros fornecedores?<\/h3>\n<ol class=\"ai-center-markdown-ol\" start=\"1\">\n<li class=\"ai-center-markdown-li\"><strong class=\"ai-center-markdown-strong\">Desenhos Personalizados em apenas 3 minutos<\/strong>: Servi\u00e7os de design r\u00e1pido e eficientes adaptados \u00e0s suas necessidades.<\/li>\n<li class=\"ai-center-markdown-li\"><strong class=\"ai-center-markdown-strong\">Servi\u00e7o Online 24\/7<\/strong>: Sempre dispon\u00edvel para ajudar voc\u00ea, independentemente do tempo.<\/li>\n<li class=\"ai-center-markdown-li\"><strong class=\"ai-center-markdown-strong\">Fast Sample Turnaround<\/strong>: Mostras de a\u00e7\u00f5es dispon\u00edveis em 7 dias, amostras impressas personalizadas em 15 dias.<\/li>\n<li class=\"ai-center-markdown-li\"><strong class=\"ai-center-markdown-strong\">Reliable Lead Time<\/strong>: Tempo consistente de 35 dias para suas ordens.<\/li>\n<li class=\"ai-center-markdown-li\"><strong class=\"ai-center-markdown-strong\">Expertiza Provada<\/strong>: Mais de 10 anos de experi\u00eancia na ind\u00fastria de embalagens cosm\u00e9ticas.<\/li>\n<li class=\"ai-center-markdown-li\"><strong class=\"ai-center-markdown-strong\">Factory Direct<\/strong>: Os melhores pre\u00e7os e servi\u00e7os diretamente da nossa f\u00e1brica.<\/li>\n<li class=\"ai-center-markdown-li\"><strong class=\"ai-center-markdown-strong\">Solu\u00e7\u00f5es Comprensivas<\/strong>: Solu\u00e7\u00e3o de um ponto para todas as suas necessidades de embalagem cosm\u00e9tica.<\/li>\n<\/ol>\n<h3 id=\"who-are-we\" class=\"ai-center-markdown-h3\">Quem somos n\u00f3s?<\/h3>\n<p class=\"ai-center-markdown-p\">Somos uma empresa de embalagens cosm\u00e9ticas com sede em Zhejiang, China, estabelecida em 2014. Nossos mercados prim\u00e1rios incluem:<\/p>\n<ul class=\"ai-center-markdown-ul\">\n<li class=\"ai-center-markdown-li\">Mercado Interno: 70%<\/li>\n<li class=\"ai-center-markdown-li\">Oceania: 8%<\/li>\n<li class=\"ai-center-markdown-li\">Oriente M\u00e9dio: 7%<\/li>\n<li class=\"ai-center-markdown-li\">\u00c1sia Oriental: 2%<\/li>\n<li class=\"ai-center-markdown-li\">Am\u00e9rica do Norte: 2%<\/li>\n<li class=\"ai-center-markdown-li\">Europa Ocidental: 2%<\/li>\n<li class=\"ai-center-markdown-li\">Sudeste \u00c1sia: 2%<\/li>\n<li class=\"ai-center-markdown-li\">\u00c1sia do Sul: 1%<\/li>\n<li class=\"ai-center-markdown-li\">Am\u00e9rica do Sul: 1%<\/li>\n<li class=\"ai-center-markdown-li\">Europa do Sul: 1%<\/li>\n<li class=\"ai-center-markdown-li\">Am\u00e9rica Central: 1%<\/li>\n<li class=\"ai-center-markdown-li\">Europa do Norte: 1%<\/li>\n<li class=\"ai-center-markdown-li\">\u00c1frica: 1%<\/li>\n<li class=\"ai-center-markdown-li\">Europa Oriental: 1%<\/li>\n<\/ul>\n<h3 id=\"how-can-we-guarantee-quality\" class=\"ai-center-markdown-h3\">Como podemos garantir a qualidade?<\/h3>\n<ul class=\"ai-center-markdown-ul\">\n<li class=\"ai-center-markdown-li\"><strong class=\"ai-center-markdown-strong\">Mostras de pr\u00e9-produ\u00e7\u00e3o<\/strong>: Sempre fornecido antes da produ\u00e7\u00e3o em massa.<\/li>\n<li class=\"ai-center-markdown-li\"><strong class=\"ai-center-markdown-strong\">Inspec\u00e7\u00e3o Final<\/strong>: Inspec\u00e7\u00e3o completa antes da expedi\u00e7\u00e3o.<\/li>\n<\/ul>\n<h3 id=\"what-can-you-buy-from-us\" class=\"ai-center-markdown-h3\">O que voc\u00ea pode comprar de n\u00f3s?<\/h3>\n<ul class=\"ai-center-markdown-ul\">\n<li class=\"ai-center-markdown-li\">Botelas de vidro<\/li>\n<li class=\"ai-center-markdown-li\">Botelas de pl\u00e1stico\/Jars\/Tubes<\/li>\n<li class=\"ai-center-markdown-li\">Botelas de alum\u00ednio\/Jars\/Tubes<\/li>\n<li class=\"ai-center-markdown-li\">Diversos materiais de embalagem cosm\u00e9tica<\/li>\n<\/ul>\n<h3 id=\"what-services-can-we-provide\" class=\"ai-center-markdown-h3\">Que servi\u00e7os podemos fornecer?<\/h3>\n<ul class=\"ai-center-markdown-ul\">\n<li class=\"ai-center-markdown-li\"><strong class=\"ai-center-markdown-strong\">Condi\u00e7\u00f5es de entrega<\/strong>: FOB, CFR, CIF<\/li>\n<li class=\"ai-center-markdown-li\"><strong class=\"ai-center-markdown-strong\">Valores de pagamento<\/strong>: USD, EUR, HKD, CNY<\/li>\n<li class=\"ai-center-markdown-li\"><strong class=\"ai-center-markdown-strong\">Tipos de pagamento<\/strong>: T\/T, L\/C, D\/P, D\/A<\/li>\n<\/ul>","protected":false},"excerpt":{"rendered":"<p>Material: ABS<\/p>\n<p>Capacity: 3.5g<\/p>\n<p>Tamanho: 67,5*22mm<\/p>\n<p>Cor: Aceite personalizado (qualquer cor Pantone dispon\u00edvel)<\/p>\n<p>Acabamento de superf\u00edcie: Impress\u00e3o de tela, estampagem a quente, acabamento fosco, etc.<\/p>\n<p>MOQ: 10000pcs<\/p>\n<p>Amostra: amostras gratuitas dispon\u00edveis<\/p>\n<p>&nbsp;<\/p>\n<p>&nbsp;<\/p>","protected":false},"featured_media":1493,"comment_status":"closed","ping_status":"closed","template":"","meta":{"_acf_changed":false},"product_brand":[],"product_cat":[53,36],"product_tag":[39],"class_list":{"0":"post-1488","1":"product","2":"type-product","3":"status-publish","4":"has-post-thumbnail","6":"product_cat-lipstick-tube","7":"product_cat-makeup","8":"product_tag-makeup","10":"first","11":"outofstock","12":"shipping-taxable","13":"product-type-simple"},"acf":[],"_links":{"self":[{"href":"https:\/\/www.cosmepak.com\/pt\/wp-json\/wp\/v2\/product\/1488","targetHints":{"allow":["GET"]}}],"collection":[{"href":"https:\/\/www.cosmepak.com\/pt\/wp-json\/wp\/v2\/product"}],"about":[{"href":"https:\/\/www.cosmepak.com\/pt\/wp-json\/wp\/v2\/types\/product"}],"replies":[{"embeddable":true,"href":"https:\/\/www.cosmepak.com\/pt\/wp-json\/wp\/v2\/comments?post=1488"}],"wp:featuredmedia":[{"embeddable":true,"href":"https:\/\/www.cosmepak.com\/pt\/wp-json\/wp\/v2\/media\/1493"}],"wp:attachment":[{"href":"https:\/\/www.cosmepak.com\/pt\/wp-json\/wp\/v2\/media?parent=1488"}],"wp:term":[{"taxonomy":"product_brand","embeddable":true,"href":"https:\/\/www.cosmepak.com\/pt\/wp-json\/wp\/v2\/product_brand?post=1488"},{"taxonomy":"product_cat","embeddable":true,"href":"https:\/\/www.cosmepak.com\/pt\/wp-json\/wp\/v2\/product_cat?post=1488"},{"taxonomy":"product_tag","embeddable":true,"href":"https:\/\/www.cosmepak.com\/pt\/wp-json\/wp\/v2\/product_tag?post=1488"}],"curies":[{"name":"wp","href":"https:\/\/api.w.org\/{rel}","templated":true}]}}